{"id":58852,"date":"2026-04-16T19:08:46","date_gmt":"2026-04-16T17:08:46","guid":{"rendered":"https:\/\/dev6.erresse-shop.it\/shop\/non%20class\u00e9\/staub-cocotte-ronde-24-cm-truffe-blanche\/"},"modified":"2025-09-14T04:18:19","modified_gmt":"2025-09-14T02:18:19","slug":"staub-cocotte-ronde-24-cm-truffe-blanche","status":"publish","type":"product","link":"https:\/\/dev6.erresse-shop.it\/fr\/shop\/poeles-pots\/marmites-et-cocottes-poeles-pots\/staub-cocotte-ronde-24-cm-truffe-blanche\/","title":{"rendered":"STAUB Cocotte Ronde 24 cm Truffe blanche"},"content":{"rendered":"<p>La cocotte Staub reste in\u00e9gal\u00e9e pour la cuisson lente de la viande et des l\u00e9gumes jusqu\u2019\u00e0 la perfection et pour la pr\u00e9paration de rago\u00fbts et de soupes consistants. La fonte poss\u00e8de d\u2019excellentes propri\u00e9t\u00e9s de r\u00e9tention de la chaleur. Cela signifie que la po\u00eale chauffe de mani\u00e8re uniforme. Le couvercle innovant est dot\u00e9 de petits picots \u00e0 l\u2019int\u00e9rieur qui versent continuellement le liquide condens\u00e9 sur les aliments, ce qui donne des r\u00e9sultats juteux et savoureux. L\u2019int\u00e9rieur et le couvercle en \u00e9mail noir mat sp\u00e9cial de Staub, avec des pointes de saupoudrage continu, assurent un brunissement et un braisage parfaits, pour des aliments aux saveurs exceptionnelles. Avec leur belle finition \u00e9maill\u00e9e, chaque pi\u00e8ce passe magnifiquement de la cuisine \u00e0 la table. Des plats r\u00e9confortants aux d\u00eeners somptueux, chaque plat est sp\u00e9cial lorsqu\u2019il est servi dans un produit Staub. Les ustensiles de cuisson en fonte \u00e9maill\u00e9e de Staub sont le choix des meilleurs chefs du monde. D\u2019une durabilit\u00e9 exceptionnelle, il est parfait pour une utilisation quotidienne, tant dans les cuisines domestiques gastronomiques que dans les restaurants prestigieux du monde entier. Construits pour durer toute une vie, ces objets peuvent \u00eatre transmis de g\u00e9n\u00e9ration en g\u00e9n\u00e9ration.<\/p>\n<p>Id\u00e9al pour sceller et cuire lentement la viande, le poisson ou les l\u00e9gumes.<br \/>\nPour un r\u00e9sultat de cuisson juteux et tendre gr\u00e2ce au couvercle<br \/>\nL\u2019\u00e9maillage int\u00e9rieur noir mat est id\u00e9al pour un brunissement particuli\u00e8rement croustillant et est tr\u00e8s durable.<br \/>\nConvient \u00e0 tous les types de plaques de cuisson, y compris l\u2019induction, et peut \u00e9galement \u00eatre plac\u00e9 dans le four\/gril.<br \/>\nPeut aller au four jusqu\u2019\u00e0 900F\/482C sans bouton, les boutons du couvercle peuvent aller jusqu\u2019\u00e0 500F\/260C.<\/p>\n<p>Caract\u00e9ristiques<br \/>\n\u2013 R\u00e9sistance \u00e0 la chaleur (\u00b0C) : 240.00 \u00baC<br \/>\n\u2013 R\u00e9sistance au froid : -20.00 \u00baC<br \/>\n\u2013 Mat\u00e9riau : fonte<br \/>\n\u2013 Couvercle existant : Oui<br \/>\n\u2013 Induction : Oui<br \/>\n\u2013 Passe au four : Oui<br \/>\n\u2013 Convient pour le cong\u00e9lateur : Oui<br \/>\n\u2013 Peut \u00eatre utilis\u00e9 sur la cuisini\u00e8re : oui<br \/>\n\u2013 Lavable au lave-vaisselle : oui<\/p>\n<p>Taille<br \/>\n\u2013 Poids net : 4,60 kg<br \/>\n\u2013 Capacit\u00e9 : 3,80 l<br \/>\n\u2013 Longueur du produit : 30,30 cm<br \/>\n\u2013 Largeur du produit : 24,00 cm<br \/>\n\u2013 Hauteur du produit : 15,30 cm<br \/>\n\u2013 Hauteur sans couvercle : 10,50 cm<br \/>\n\u2013 Diam\u00e8tre du sommet : 24,00 cm<br \/>\n\u2013 Diam\u00e8tre du fond : 19,20 cm<br \/>\n\u2013 Longueur du manche : 2,00 cm<\/p>\n","protected":false},"excerpt":{"rendered":"<p>La cocotte Staub reste in\u00e9gal\u00e9e pour la cuisson lente de la viande et des l\u00e9gumes jusqu\u2019\u00e0 la perfection et pour la pr\u00e9paration de rago\u00fbts et de soupes consistants. La fonte poss\u00e8de d\u2019excellentes propri\u00e9t\u00e9s de r\u00e9tention de la chaleur. Cela signifie que la po\u00eale chauffe de mani\u00e8re uniforme. Le couvercle innovant est dot\u00e9 de petits picots [&hellip;]<\/p>\n","protected":false},"featured_media":6489731,"template":"","meta":{"_acf_changed":false},"product_cat":[12000,11667,11991],"product_tag":[],"class_list":{"0":"post-58852","1":"product","2":"type-product","3":"status-publish","4":"has-post-thumbnail","6":"product_cat-marmites-et-cocottes-poeles-pots","7":"product_cat-padelle-pentole","8":"product_cat-poeles-pots","10":"first","11":"outofstock","12":"sale","13":"taxable","14":"shipping-taxable","15":"purchasable","16":"product-type-simple","swatches":"rey-swatches","show_selected":"","stretch_labels":"rey-swatches--stretch-labels"},"acf":[],"yoast_head":"<!-- This site is optimized with the Yoast SEO plugin v25.4 - https:\/\/yoast.com\/wordpress\/plugins\/seo\/ -->\n<title>STAUB Cocotte Ronde 24 cm Truffe blanche - dev6 Erresse<\/title>\n<meta name=\"description\" content=\"La cocotte Staub reste in\u00e9gal\u00e9e pour la cuisson lente de la viande et des l\u00e9gumes jusqu\u2019\u00e0 la perfection et pour la pr\u00e9paration de rago\u00fbts et de soupes\" \/>\n<meta name=\"robots\" content=\"noindex, follow, max-snippet:-1, max-image-preview:large, max-video-preview:-1\" \/>\n<meta property=\"og:locale\" content=\"fr_FR\" \/>\n<meta property=\"og:type\" content=\"article\" \/>\n<meta property=\"og:title\" content=\"STAUB Cocotte Ronde 24 cm Truffe blanche - dev6 Erresse\" \/>\n<meta property=\"og:description\" content=\"La cocotte Staub reste in\u00e9gal\u00e9e pour la cuisson lente de la viande et des l\u00e9gumes jusqu\u2019\u00e0 la perfection et pour la pr\u00e9paration de rago\u00fbts et de soupes\" \/>\n<meta property=\"og:url\" content=\"https:\/\/dev6.erresse-shop.it\/fr\/shop\/poeles-pots\/marmites-et-cocottes-poeles-pots\/staub-cocotte-ronde-24-cm-truffe-blanche\/\" \/>\n<meta property=\"og:site_name\" content=\"dev6 Erresse\" \/>\n<meta property=\"og:image\" content=\"https:\/\/interpim.erresse-shop.it\/img-catalogo\/staub\/staub-cocotte-24-cm-tartufo.jpg\" \/><meta property=\"og:image\" content=\"https:\/\/interpim.erresse-shop.it\/img-catalogo\/staub\/staub-cocotte-24-cm-tartufo.jpg\" \/>\n\t<meta property=\"og:image:width\" content=\"1024\" \/>\n\t<meta property=\"og:image:height\" content=\"1024\" \/>\n\t<meta property=\"og:image:type\" content=\"image\/jpeg\" \/>\n<meta name=\"twitter:card\" content=\"summary_large_image\" \/>\n<meta name=\"twitter:image\" content=\"https:\/\/interpim.erresse-shop.it\/img-catalogo\/staub\/staub-cocotte-24-cm-tartufo.jpg\" \/>\n<script type=\"application\/ld+json\" class=\"yoast-schema-graph\">{\"@context\":\"https:\/\/schema.org\",\"@graph\":[{\"@type\":\"WebPage\",\"@id\":\"https:\/\/dev6.erresse-shop.it\/fr\/shop\/poeles-pots\/marmites-et-cocottes-poeles-pots\/staub-cocotte-ronde-24-cm-truffe-blanche\/\",\"url\":\"https:\/\/dev6.erresse-shop.it\/fr\/shop\/poeles-pots\/marmites-et-cocottes-poeles-pots\/staub-cocotte-ronde-24-cm-truffe-blanche\/\",\"name\":\"STAUB Cocotte Ronde 24 cm Truffe blanche - dev6 Erresse\",\"isPartOf\":{\"@id\":\"https:\/\/dev6.erresse-shop.it\/#website\"},\"primaryImageOfPage\":{\"@id\":\"https:\/\/dev6.erresse-shop.it\/fr\/shop\/poeles-pots\/marmites-et-cocottes-poeles-pots\/staub-cocotte-ronde-24-cm-truffe-blanche\/#primaryimage\"},\"image\":{\"@id\":\"https:\/\/dev6.erresse-shop.it\/fr\/shop\/poeles-pots\/marmites-et-cocottes-poeles-pots\/staub-cocotte-ronde-24-cm-truffe-blanche\/#primaryimage\"},\"thumbnailUrl\":\"https:\/\/i3.wp.com\/interpim.erresse-shop.it\/img-catalogo\/staub\/staub-cocotte-24-cm-tartufo.jpg?ssl=1\",\"datePublished\":\"2026-04-16T17:08:46+00:00\",\"description\":\"La cocotte Staub reste in\u00e9gal\u00e9e pour la cuisson lente de la viande et des l\u00e9gumes jusqu\u2019\u00e0 la perfection et pour la pr\u00e9paration de rago\u00fbts et de soupes\",\"breadcrumb\":{\"@id\":\"https:\/\/dev6.erresse-shop.it\/fr\/shop\/poeles-pots\/marmites-et-cocottes-poeles-pots\/staub-cocotte-ronde-24-cm-truffe-blanche\/#breadcrumb\"},\"inLanguage\":\"fr-FR\",\"potentialAction\":[{\"@type\":\"ReadAction\",\"target\":[\"https:\/\/dev6.erresse-shop.it\/fr\/shop\/poeles-pots\/marmites-et-cocottes-poeles-pots\/staub-cocotte-ronde-24-cm-truffe-blanche\/\"]}]},{\"@type\":\"ImageObject\",\"inLanguage\":\"fr-FR\",\"@id\":\"https:\/\/dev6.erresse-shop.it\/fr\/shop\/poeles-pots\/marmites-et-cocottes-poeles-pots\/staub-cocotte-ronde-24-cm-truffe-blanche\/#primaryimage\",\"url\":\"https:\/\/i3.wp.com\/interpim.erresse-shop.it\/img-catalogo\/staub\/staub-cocotte-24-cm-tartufo.jpg?ssl=1\",\"contentUrl\":\"https:\/\/i3.wp.com\/interpim.erresse-shop.it\/img-catalogo\/staub\/staub-cocotte-24-cm-tartufo.jpg?ssl=1\"},{\"@type\":\"BreadcrumbList\",\"@id\":\"https:\/\/dev6.erresse-shop.it\/fr\/shop\/poeles-pots\/marmites-et-cocottes-poeles-pots\/staub-cocotte-ronde-24-cm-truffe-blanche\/#breadcrumb\",\"itemListElement\":[{\"@type\":\"ListItem\",\"position\":1,\"name\":\"Home\",\"item\":\"https:\/\/dev6.erresse-shop.it\/\"},{\"@type\":\"ListItem\",\"position\":2,\"name\":\"Boutique\",\"item\":\"https:\/\/dev6.erresse-shop.it\/shop\/\"},{\"@type\":\"ListItem\",\"position\":3,\"name\":\"STAUB Cocotte Ronde 24 cm Truffe blanche\"}]},{\"@type\":\"WebSite\",\"@id\":\"https:\/\/dev6.erresse-shop.it\/#website\",\"url\":\"https:\/\/dev6.erresse-shop.it\/\",\"name\":\"Erresse Shop\",\"description\":\"\",\"publisher\":{\"@id\":\"https:\/\/dev6.erresse-shop.it\/#organization\"},\"potentialAction\":[{\"@type\":\"SearchAction\",\"target\":{\"@type\":\"EntryPoint\",\"urlTemplate\":\"https:\/\/dev6.erresse-shop.it\/?s={search_term_string}\"},\"query-input\":{\"@type\":\"PropertyValueSpecification\",\"valueRequired\":true,\"valueName\":\"search_term_string\"}}],\"inLanguage\":\"fr-FR\"},{\"@type\":\"Organization\",\"@id\":\"https:\/\/dev6.erresse-shop.it\/#organization\",\"name\":\"Erresse Shop\",\"url\":\"https:\/\/dev6.erresse-shop.it\/\",\"logo\":{\"@type\":\"ImageObject\",\"inLanguage\":\"fr-FR\",\"@id\":\"https:\/\/dev6.erresse-shop.it\/#\/schema\/logo\/image\/\",\"url\":\"https:\/\/dev6.erresse-shop.it\/wp-content\/uploads\/2025\/01\/LOGO-ERRESSE-CLASSICO.svg\",\"contentUrl\":\"https:\/\/dev6.erresse-shop.it\/wp-content\/uploads\/2025\/01\/LOGO-ERRESSE-CLASSICO.svg\",\"caption\":\"Erresse Shop\"},\"image\":{\"@id\":\"https:\/\/dev6.erresse-shop.it\/#\/schema\/logo\/image\/\"}}]}<\/script>\n<!-- \/ Yoast SEO plugin. -->","yoast_head_json":{"title":"STAUB Cocotte Ronde 24 cm Truffe blanche - dev6 Erresse","description":"La cocotte Staub reste in\u00e9gal\u00e9e pour la cuisson lente de la viande et des l\u00e9gumes jusqu\u2019\u00e0 la perfection et pour la pr\u00e9paration de rago\u00fbts et de soupes","robots":{"index":"noindex","follow":"follow","max-snippet":"max-snippet:-1","max-image-preview":"max-image-preview:large","max-video-preview":"max-video-preview:-1"},"og_locale":"fr_FR","og_type":"article","og_title":"STAUB Cocotte Ronde 24 cm Truffe blanche - dev6 Erresse","og_description":"La cocotte Staub reste in\u00e9gal\u00e9e pour la cuisson lente de la viande et des l\u00e9gumes jusqu\u2019\u00e0 la perfection et pour la pr\u00e9paration de rago\u00fbts et de soupes","og_url":"https:\/\/dev6.erresse-shop.it\/fr\/shop\/poeles-pots\/marmites-et-cocottes-poeles-pots\/staub-cocotte-ronde-24-cm-truffe-blanche\/","og_site_name":"dev6 Erresse","og_image":[{"url":"https:\/\/interpim.erresse-shop.it\/img-catalogo\/staub\/staub-cocotte-24-cm-tartufo.jpg","type":"","width":"","height":""},{"url":"https:\/\/interpim.erresse-shop.it\/img-catalogo\/staub\/staub-cocotte-24-cm-tartufo.jpg","width":1024,"height":1024,"type":"image\/jpeg"}],"twitter_card":"summary_large_image","twitter_image":"https:\/\/interpim.erresse-shop.it\/img-catalogo\/staub\/staub-cocotte-24-cm-tartufo.jpg","schema":{"@context":"https:\/\/schema.org","@graph":[{"@type":"WebPage","@id":"https:\/\/dev6.erresse-shop.it\/fr\/shop\/poeles-pots\/marmites-et-cocottes-poeles-pots\/staub-cocotte-ronde-24-cm-truffe-blanche\/","url":"https:\/\/dev6.erresse-shop.it\/fr\/shop\/poeles-pots\/marmites-et-cocottes-poeles-pots\/staub-cocotte-ronde-24-cm-truffe-blanche\/","name":"STAUB Cocotte Ronde 24 cm Truffe blanche - dev6 Erresse","isPartOf":{"@id":"https:\/\/dev6.erresse-shop.it\/#website"},"primaryImageOfPage":{"@id":"https:\/\/dev6.erresse-shop.it\/fr\/shop\/poeles-pots\/marmites-et-cocottes-poeles-pots\/staub-cocotte-ronde-24-cm-truffe-blanche\/#primaryimage"},"image":{"@id":"https:\/\/dev6.erresse-shop.it\/fr\/shop\/poeles-pots\/marmites-et-cocottes-poeles-pots\/staub-cocotte-ronde-24-cm-truffe-blanche\/#primaryimage"},"thumbnailUrl":"https:\/\/i3.wp.com\/interpim.erresse-shop.it\/img-catalogo\/staub\/staub-cocotte-24-cm-tartufo.jpg?ssl=1","datePublished":"2026-04-16T17:08:46+00:00","description":"La cocotte Staub reste in\u00e9gal\u00e9e pour la cuisson lente de la viande et des l\u00e9gumes jusqu\u2019\u00e0 la perfection et pour la pr\u00e9paration de rago\u00fbts et de soupes","breadcrumb":{"@id":"https:\/\/dev6.erresse-shop.it\/fr\/shop\/poeles-pots\/marmites-et-cocottes-poeles-pots\/staub-cocotte-ronde-24-cm-truffe-blanche\/#breadcrumb"},"inLanguage":"fr-FR","potentialAction":[{"@type":"ReadAction","target":["https:\/\/dev6.erresse-shop.it\/fr\/shop\/poeles-pots\/marmites-et-cocottes-poeles-pots\/staub-cocotte-ronde-24-cm-truffe-blanche\/"]}]},{"@type":"ImageObject","inLanguage":"fr-FR","@id":"https:\/\/dev6.erresse-shop.it\/fr\/shop\/poeles-pots\/marmites-et-cocottes-poeles-pots\/staub-cocotte-ronde-24-cm-truffe-blanche\/#primaryimage","url":"https:\/\/i3.wp.com\/interpim.erresse-shop.it\/img-catalogo\/staub\/staub-cocotte-24-cm-tartufo.jpg?ssl=1","contentUrl":"https:\/\/i3.wp.com\/interpim.erresse-shop.it\/img-catalogo\/staub\/staub-cocotte-24-cm-tartufo.jpg?ssl=1"},{"@type":"BreadcrumbList","@id":"https:\/\/dev6.erresse-shop.it\/fr\/shop\/poeles-pots\/marmites-et-cocottes-poeles-pots\/staub-cocotte-ronde-24-cm-truffe-blanche\/#breadcrumb","itemListElement":[{"@type":"ListItem","position":1,"name":"Home","item":"https:\/\/dev6.erresse-shop.it\/"},{"@type":"ListItem","position":2,"name":"Boutique","item":"https:\/\/dev6.erresse-shop.it\/shop\/"},{"@type":"ListItem","position":3,"name":"STAUB Cocotte Ronde 24 cm Truffe blanche"}]},{"@type":"WebSite","@id":"https:\/\/dev6.erresse-shop.it\/#website","url":"https:\/\/dev6.erresse-shop.it\/","name":"Erresse Shop","description":"","publisher":{"@id":"https:\/\/dev6.erresse-shop.it\/#organization"},"potentialAction":[{"@type":"SearchAction","target":{"@type":"EntryPoint","urlTemplate":"https:\/\/dev6.erresse-shop.it\/?s={search_term_string}"},"query-input":{"@type":"PropertyValueSpecification","valueRequired":true,"valueName":"search_term_string"}}],"inLanguage":"fr-FR"},{"@type":"Organization","@id":"https:\/\/dev6.erresse-shop.it\/#organization","name":"Erresse Shop","url":"https:\/\/dev6.erresse-shop.it\/","logo":{"@type":"ImageObject","inLanguage":"fr-FR","@id":"https:\/\/dev6.erresse-shop.it\/#\/schema\/logo\/image\/","url":"https:\/\/dev6.erresse-shop.it\/wp-content\/uploads\/2025\/01\/LOGO-ERRESSE-CLASSICO.svg","contentUrl":"https:\/\/dev6.erresse-shop.it\/wp-content\/uploads\/2025\/01\/LOGO-ERRESSE-CLASSICO.svg","caption":"Erresse Shop"},"image":{"@id":"https:\/\/dev6.erresse-shop.it\/#\/schema\/logo\/image\/"}}]}},"df_price":179.95,"df_sale_price":179.95,"df_regular_price":279,"df_image_link":"https:\/\/i3.wp.com\/interpim.erresse-shop.it\/img-catalogo\/staub\/staub-cocotte-24-cm-tartufo.jpg?resize=300,300&ssl=1","fifu_image_url":"https:\/\/interpim.erresse-shop.it\/img-catalogo\/staub\/staub-cocotte-24-cm-tartufo.jpg","_links":{"self":[{"href":"https:\/\/dev6.erresse-shop.it\/fr\/wp-json\/wp\/v2\/product\/58852","targetHints":{"allow":["GET"]}}],"collection":[{"href":"https:\/\/dev6.erresse-shop.it\/fr\/wp-json\/wp\/v2\/product"}],"about":[{"href":"https:\/\/dev6.erresse-shop.it\/fr\/wp-json\/wp\/v2\/types\/product"}],"wp:featuredmedia":[{"embeddable":true,"href":"https:\/\/dev6.erresse-shop.it\/fr\/wp-json\/wp\/v2\/media\/6489731"}],"wp:attachment":[{"href":"https:\/\/dev6.erresse-shop.it\/fr\/wp-json\/wp\/v2\/media?parent=58852"}],"wp:term":[{"taxonomy":"product_cat","embeddable":true,"href":"https:\/\/dev6.erresse-shop.it\/fr\/wp-json\/wp\/v2\/product_cat?post=58852"},{"taxonomy":"product_tag","embeddable":true,"href":"https:\/\/dev6.erresse-shop.it\/fr\/wp-json\/wp\/v2\/product_tag?post=58852"}],"curies":[{"name":"wp","href":"https:\/\/api.w.org\/{rel}","templated":true}]}}