{"id":58846,"date":"2026-04-10T09:11:39","date_gmt":"2026-04-10T07:11:39","guid":{"rendered":"https:\/\/dev6.erresse-shop.it\/shop\/non%20class\u00e9\/sage-the-bambino\/"},"modified":"2025-07-04T16:04:41","modified_gmt":"2025-07-04T14:04:41","slug":"sage-the-bambino","status":"publish","type":"product","link":"https:\/\/dev6.erresse-shop.it\/fr\/shop\/petits-electromenagers\/machines-cafe\/manuels\/sage-the-bambino\/","title":{"rendered":"SAGE The Bambino"},"content":{"rendered":"<p>UN EXPRESSO AUTHENTIQUE. DES RESULTATS RAPIDES ET PROFESSIONNELS CHEZ VOUS\n<\/p>\n<p>Lorsqu\u2019il s\u2019agit de caf\u00e9 de qualit\u00e9, The Bambino ne fait aucun compromis. Gr\u00e2ce au porte-filtre de 54 mm d\u2019une capacit\u00e9 de 18 grammes et au moussage du lait par une puissante buse \u00e0 vapeur Thermojet, elle pr\u00e9pare un excellent caf\u00e9 \u00e0 l\u2019ar\u00f4me cors\u00e9, comme les machines professionnelles. Avec un temps de chauffe de seulement 3 secondes et une extraction pr\u00e9cise, vous passez du grain \u00e0 la tasse plus rapidement que jamais. Comme dans votre caf\u00e9 pr\u00e9f\u00e9r\u00e9.<\/p>\n<p>CHAUFFAGE RAPIDE<br \/>\nLe syst\u00e8me de chauffage innovant ThermoJet\u00ae vous permet d\u2019atteindre la temp\u00e9rature d\u2019extraction id\u00e9ale en seulement 3 secondes. Plus besoin d\u2019attendre pour d\u00e9guster une bonne tasse de caf\u00e9.<\/p>\n<p>18 GRAMMES DE CAF\u00c9 POUR UN AR\u00d4ME CORS\u00c9<br \/>\nLa bonne quantit\u00e9 de poudre de caf\u00e9 est la base d\u2019un espresso \u00e9quilibr\u00e9. Le porte-filtre de 54 mm avec sa capacit\u00e9 de 18 grammes est la cl\u00e9 d\u2019un caf\u00e9 de troisi\u00e8me g\u00e9n\u00e9ration savoureux et \u00e9quilibr\u00e9.<\/p>\n<p>UN BON ESPRESSO CORS\u00c9<br \/>\nLe syst\u00e8me de chauffage \u00e9tant automatiquement rinc\u00e9 apr\u00e8s la distribution de la vapeur, l\u2019espresso est toujours distribu\u00e9 \u00e0 la bonne temp\u00e9rature.<\/p>\n<p>Garantie : 2 ans<br \/>\nMat\u00e9riaux de construction : acier inoxydable<br \/>\nCapacit\u00e9 du r\u00e9servoir d\u2019eau : 1,4 l<br \/>\nR\u00e9glages Panneau de commande : boutons 1 tasse, 2 tasses, eau chaude et steam (vapeur)<br \/>\nTemp\u00e9rature et niveau de mousse du lait r\u00e9glables<\/p>\n<p>Accessoires inclus :<\/p>\n<p>Filtres \u00e0 paroi simple 1 et 2 tasses<br \/>\nFiltres \u00e0 double paroi pour 1 et 2 tasses<br \/>\nPichet \u00e0 lait en acier inoxydable 480 ml<br \/>\nPorte-filtre en aluminium<br \/>\nPresse \u00e0 plastique<br \/>\nAccessoire pour le nettoyage de l\u2019embout de la buse \u00e0 vapeur<br \/>\nSupport pour le filtre ClaroSwiss<br \/>\nFiltre \u00e0 eau ClaroSwiss<br \/>\nPoudre \u00e0 d\u00e9tartrer<br \/>\nKit de nettoyageccessoire de nettoyage<br \/>\nDisque de nettoyage<\/p>\n<p>Quelques vid\u00e9os de d\u00e9monstration :<\/p>\n<p>https:\/\/www.youtube.com\/watch?v&#61;2WcUu8vH5R4<br \/>\nhttps:\/\/www.youtube.com\/watch?v&#61;CmNGoS-B8gg<\/p>\n<p>Non disponible en dehors de l\u2019Europe<\/p>\n","protected":false},"excerpt":{"rendered":"<p>UN EXPRESSO AUTHENTIQUE. DES RESULTATS RAPIDES ET PROFESSIONNELS CHEZ VOUS Lorsqu\u2019il s\u2019agit de caf\u00e9 de qualit\u00e9, The Bambino ne fait aucun compromis. Gr\u00e2ce au porte-filtre de 54 mm d\u2019une capacit\u00e9 de 18 grammes et au moussage du lait par une puissante buse \u00e0 vapeur Thermojet, elle pr\u00e9pare un excellent caf\u00e9 \u00e0 l\u2019ar\u00f4me cors\u00e9, comme les [&hellip;]<\/p>\n","protected":false},"featured_media":6309027,"template":"","meta":{"_acf_changed":false},"product_cat":[12063,11766,12090,12055],"product_tag":[],"class_list":{"0":"post-58846","1":"product","2":"type-product","3":"status-publish","4":"has-post-thumbnail","6":"product_cat-machines-cafe","7":"product_cat-manuali","8":"product_cat-manuels","9":"product_cat-petits-electromenagers","11":"first","12":"outofstock","13":"sale","14":"taxable","15":"shipping-taxable","16":"purchasable","17":"product-type-simple","swatches":"rey-swatches","show_selected":"","stretch_labels":"rey-swatches--stretch-labels"},"acf":[],"yoast_head":"<!-- This site is optimized with the Yoast SEO plugin v25.4 - https:\/\/yoast.com\/wordpress\/plugins\/seo\/ -->\n<title>SAGE The Bambino - dev6 Erresse<\/title>\n<meta name=\"description\" content=\"UN EXPRESSO AUTHENTIQUE. DES RESULTATS RAPIDES ET PROFESSIONNELS CHEZ VOUS Lorsqu\u2019il s\u2019agit de caf\u00e9 de qualit\u00e9, The Bambino ne fait aucun compromis. Gr\u00e2ce\" \/>\n<meta name=\"robots\" content=\"noindex, follow, max-snippet:-1, max-image-preview:large, max-video-preview:-1\" \/>\n<meta property=\"og:locale\" content=\"fr_FR\" \/>\n<meta property=\"og:type\" content=\"article\" \/>\n<meta property=\"og:title\" content=\"SAGE The Bambino - dev6 Erresse\" \/>\n<meta property=\"og:description\" content=\"UN EXPRESSO AUTHENTIQUE. DES RESULTATS RAPIDES ET PROFESSIONNELS CHEZ VOUS Lorsqu\u2019il s\u2019agit de caf\u00e9 de qualit\u00e9, The Bambino ne fait aucun compromis. Gr\u00e2ce\" \/>\n<meta property=\"og:url\" content=\"https:\/\/dev6.erresse-shop.it\/fr\/shop\/petits-electromenagers\/machines-cafe\/manuels\/sage-the-bambino\/\" \/>\n<meta property=\"og:site_name\" content=\"dev6 Erresse\" \/>\n<meta property=\"og:image\" content=\"https:\/\/interpim.erresse-shop.it\/img-catalogo\/sage\/sage-the-bambino-1.jpg\" \/><meta property=\"og:image\" content=\"https:\/\/interpim.erresse-shop.it\/img-catalogo\/sage\/sage-the-bambino-1.jpg\" \/>\n\t<meta property=\"og:image:width\" content=\"1024\" \/>\n\t<meta property=\"og:image:height\" content=\"1024\" \/>\n\t<meta property=\"og:image:type\" content=\"image\/jpeg\" \/>\n<meta name=\"twitter:card\" content=\"summary_large_image\" \/>\n<meta name=\"twitter:image\" content=\"https:\/\/interpim.erresse-shop.it\/img-catalogo\/sage\/sage-the-bambino-1.jpg\" \/>\n<script type=\"application\/ld+json\" class=\"yoast-schema-graph\">{\"@context\":\"https:\/\/schema.org\",\"@graph\":[{\"@type\":\"WebPage\",\"@id\":\"https:\/\/dev6.erresse-shop.it\/fr\/shop\/petits-electromenagers\/machines-cafe\/manuels\/sage-the-bambino\/\",\"url\":\"https:\/\/dev6.erresse-shop.it\/fr\/shop\/petits-electromenagers\/machines-cafe\/manuels\/sage-the-bambino\/\",\"name\":\"SAGE The Bambino - dev6 Erresse\",\"isPartOf\":{\"@id\":\"https:\/\/dev6.erresse-shop.it\/#website\"},\"primaryImageOfPage\":{\"@id\":\"https:\/\/dev6.erresse-shop.it\/fr\/shop\/petits-electromenagers\/machines-cafe\/manuels\/sage-the-bambino\/#primaryimage\"},\"image\":{\"@id\":\"https:\/\/dev6.erresse-shop.it\/fr\/shop\/petits-electromenagers\/machines-cafe\/manuels\/sage-the-bambino\/#primaryimage\"},\"thumbnailUrl\":\"https:\/\/i3.wp.com\/interpim.erresse-shop.it\/img-catalogo\/sage\/sage-the-bambino-1.jpg?ssl=1\",\"datePublished\":\"2026-04-10T07:11:39+00:00\",\"description\":\"UN EXPRESSO AUTHENTIQUE. DES RESULTATS RAPIDES ET PROFESSIONNELS CHEZ VOUS Lorsqu\u2019il s\u2019agit de caf\u00e9 de qualit\u00e9, The Bambino ne fait aucun compromis. Gr\u00e2ce\",\"breadcrumb\":{\"@id\":\"https:\/\/dev6.erresse-shop.it\/fr\/shop\/petits-electromenagers\/machines-cafe\/manuels\/sage-the-bambino\/#breadcrumb\"},\"inLanguage\":\"fr-FR\",\"potentialAction\":[{\"@type\":\"ReadAction\",\"target\":[\"https:\/\/dev6.erresse-shop.it\/fr\/shop\/petits-electromenagers\/machines-cafe\/manuels\/sage-the-bambino\/\"]}]},{\"@type\":\"ImageObject\",\"inLanguage\":\"fr-FR\",\"@id\":\"https:\/\/dev6.erresse-shop.it\/fr\/shop\/petits-electromenagers\/machines-cafe\/manuels\/sage-the-bambino\/#primaryimage\",\"url\":\"https:\/\/i3.wp.com\/interpim.erresse-shop.it\/img-catalogo\/sage\/sage-the-bambino-1.jpg?ssl=1\",\"contentUrl\":\"https:\/\/i3.wp.com\/interpim.erresse-shop.it\/img-catalogo\/sage\/sage-the-bambino-1.jpg?ssl=1\"},{\"@type\":\"BreadcrumbList\",\"@id\":\"https:\/\/dev6.erresse-shop.it\/fr\/shop\/petits-electromenagers\/machines-cafe\/manuels\/sage-the-bambino\/#breadcrumb\",\"itemListElement\":[{\"@type\":\"ListItem\",\"position\":1,\"name\":\"Home\",\"item\":\"https:\/\/dev6.erresse-shop.it\/\"},{\"@type\":\"ListItem\",\"position\":2,\"name\":\"Boutique\",\"item\":\"https:\/\/dev6.erresse-shop.it\/shop\/\"},{\"@type\":\"ListItem\",\"position\":3,\"name\":\"SAGE The Bambino\"}]},{\"@type\":\"WebSite\",\"@id\":\"https:\/\/dev6.erresse-shop.it\/#website\",\"url\":\"https:\/\/dev6.erresse-shop.it\/\",\"name\":\"Erresse Shop\",\"description\":\"\",\"publisher\":{\"@id\":\"https:\/\/dev6.erresse-shop.it\/#organization\"},\"potentialAction\":[{\"@type\":\"SearchAction\",\"target\":{\"@type\":\"EntryPoint\",\"urlTemplate\":\"https:\/\/dev6.erresse-shop.it\/?s={search_term_string}\"},\"query-input\":{\"@type\":\"PropertyValueSpecification\",\"valueRequired\":true,\"valueName\":\"search_term_string\"}}],\"inLanguage\":\"fr-FR\"},{\"@type\":\"Organization\",\"@id\":\"https:\/\/dev6.erresse-shop.it\/#organization\",\"name\":\"Erresse Shop\",\"url\":\"https:\/\/dev6.erresse-shop.it\/\",\"logo\":{\"@type\":\"ImageObject\",\"inLanguage\":\"fr-FR\",\"@id\":\"https:\/\/dev6.erresse-shop.it\/#\/schema\/logo\/image\/\",\"url\":\"https:\/\/dev6.erresse-shop.it\/wp-content\/uploads\/2025\/01\/LOGO-ERRESSE-CLASSICO.svg\",\"contentUrl\":\"https:\/\/dev6.erresse-shop.it\/wp-content\/uploads\/2025\/01\/LOGO-ERRESSE-CLASSICO.svg\",\"caption\":\"Erresse Shop\"},\"image\":{\"@id\":\"https:\/\/dev6.erresse-shop.it\/#\/schema\/logo\/image\/\"}}]}<\/script>\n<!-- \/ Yoast SEO plugin. -->","yoast_head_json":{"title":"SAGE The Bambino - dev6 Erresse","description":"UN EXPRESSO AUTHENTIQUE. DES RESULTATS RAPIDES ET PROFESSIONNELS CHEZ VOUS Lorsqu\u2019il s\u2019agit de caf\u00e9 de qualit\u00e9, The Bambino ne fait aucun compromis. Gr\u00e2ce","robots":{"index":"noindex","follow":"follow","max-snippet":"max-snippet:-1","max-image-preview":"max-image-preview:large","max-video-preview":"max-video-preview:-1"},"og_locale":"fr_FR","og_type":"article","og_title":"SAGE The Bambino - dev6 Erresse","og_description":"UN EXPRESSO AUTHENTIQUE. DES RESULTATS RAPIDES ET PROFESSIONNELS CHEZ VOUS Lorsqu\u2019il s\u2019agit de caf\u00e9 de qualit\u00e9, The Bambino ne fait aucun compromis. Gr\u00e2ce","og_url":"https:\/\/dev6.erresse-shop.it\/fr\/shop\/petits-electromenagers\/machines-cafe\/manuels\/sage-the-bambino\/","og_site_name":"dev6 Erresse","og_image":[{"url":"https:\/\/interpim.erresse-shop.it\/img-catalogo\/sage\/sage-the-bambino-1.jpg","type":"","width":"","height":""},{"url":"https:\/\/interpim.erresse-shop.it\/img-catalogo\/sage\/sage-the-bambino-1.jpg","width":1024,"height":1024,"type":"image\/jpeg"}],"twitter_card":"summary_large_image","twitter_image":"https:\/\/interpim.erresse-shop.it\/img-catalogo\/sage\/sage-the-bambino-1.jpg","schema":{"@context":"https:\/\/schema.org","@graph":[{"@type":"WebPage","@id":"https:\/\/dev6.erresse-shop.it\/fr\/shop\/petits-electromenagers\/machines-cafe\/manuels\/sage-the-bambino\/","url":"https:\/\/dev6.erresse-shop.it\/fr\/shop\/petits-electromenagers\/machines-cafe\/manuels\/sage-the-bambino\/","name":"SAGE The Bambino - dev6 Erresse","isPartOf":{"@id":"https:\/\/dev6.erresse-shop.it\/#website"},"primaryImageOfPage":{"@id":"https:\/\/dev6.erresse-shop.it\/fr\/shop\/petits-electromenagers\/machines-cafe\/manuels\/sage-the-bambino\/#primaryimage"},"image":{"@id":"https:\/\/dev6.erresse-shop.it\/fr\/shop\/petits-electromenagers\/machines-cafe\/manuels\/sage-the-bambino\/#primaryimage"},"thumbnailUrl":"https:\/\/i3.wp.com\/interpim.erresse-shop.it\/img-catalogo\/sage\/sage-the-bambino-1.jpg?ssl=1","datePublished":"2026-04-10T07:11:39+00:00","description":"UN EXPRESSO AUTHENTIQUE. DES RESULTATS RAPIDES ET PROFESSIONNELS CHEZ VOUS Lorsqu\u2019il s\u2019agit de caf\u00e9 de qualit\u00e9, The Bambino ne fait aucun compromis. Gr\u00e2ce","breadcrumb":{"@id":"https:\/\/dev6.erresse-shop.it\/fr\/shop\/petits-electromenagers\/machines-cafe\/manuels\/sage-the-bambino\/#breadcrumb"},"inLanguage":"fr-FR","potentialAction":[{"@type":"ReadAction","target":["https:\/\/dev6.erresse-shop.it\/fr\/shop\/petits-electromenagers\/machines-cafe\/manuels\/sage-the-bambino\/"]}]},{"@type":"ImageObject","inLanguage":"fr-FR","@id":"https:\/\/dev6.erresse-shop.it\/fr\/shop\/petits-electromenagers\/machines-cafe\/manuels\/sage-the-bambino\/#primaryimage","url":"https:\/\/i3.wp.com\/interpim.erresse-shop.it\/img-catalogo\/sage\/sage-the-bambino-1.jpg?ssl=1","contentUrl":"https:\/\/i3.wp.com\/interpim.erresse-shop.it\/img-catalogo\/sage\/sage-the-bambino-1.jpg?ssl=1"},{"@type":"BreadcrumbList","@id":"https:\/\/dev6.erresse-shop.it\/fr\/shop\/petits-electromenagers\/machines-cafe\/manuels\/sage-the-bambino\/#breadcrumb","itemListElement":[{"@type":"ListItem","position":1,"name":"Home","item":"https:\/\/dev6.erresse-shop.it\/"},{"@type":"ListItem","position":2,"name":"Boutique","item":"https:\/\/dev6.erresse-shop.it\/shop\/"},{"@type":"ListItem","position":3,"name":"SAGE The Bambino"}]},{"@type":"WebSite","@id":"https:\/\/dev6.erresse-shop.it\/#website","url":"https:\/\/dev6.erresse-shop.it\/","name":"Erresse Shop","description":"","publisher":{"@id":"https:\/\/dev6.erresse-shop.it\/#organization"},"potentialAction":[{"@type":"SearchAction","target":{"@type":"EntryPoint","urlTemplate":"https:\/\/dev6.erresse-shop.it\/?s={search_term_string}"},"query-input":{"@type":"PropertyValueSpecification","valueRequired":true,"valueName":"search_term_string"}}],"inLanguage":"fr-FR"},{"@type":"Organization","@id":"https:\/\/dev6.erresse-shop.it\/#organization","name":"Erresse Shop","url":"https:\/\/dev6.erresse-shop.it\/","logo":{"@type":"ImageObject","inLanguage":"fr-FR","@id":"https:\/\/dev6.erresse-shop.it\/#\/schema\/logo\/image\/","url":"https:\/\/dev6.erresse-shop.it\/wp-content\/uploads\/2025\/01\/LOGO-ERRESSE-CLASSICO.svg","contentUrl":"https:\/\/dev6.erresse-shop.it\/wp-content\/uploads\/2025\/01\/LOGO-ERRESSE-CLASSICO.svg","caption":"Erresse Shop"},"image":{"@id":"https:\/\/dev6.erresse-shop.it\/#\/schema\/logo\/image\/"}}]}},"df_price":299.95,"df_sale_price":299.95,"df_regular_price":364.9,"df_image_link":"https:\/\/i3.wp.com\/interpim.erresse-shop.it\/img-catalogo\/sage\/sage-the-bambino-1.jpg?resize=300,300&ssl=1","fifu_image_url":"https:\/\/interpim.erresse-shop.it\/img-catalogo\/sage\/sage-the-bambino-1.jpg","_links":{"self":[{"href":"https:\/\/dev6.erresse-shop.it\/fr\/wp-json\/wp\/v2\/product\/58846","targetHints":{"allow":["GET"]}}],"collection":[{"href":"https:\/\/dev6.erresse-shop.it\/fr\/wp-json\/wp\/v2\/product"}],"about":[{"href":"https:\/\/dev6.erresse-shop.it\/fr\/wp-json\/wp\/v2\/types\/product"}],"wp:featuredmedia":[{"embeddable":true,"href":"https:\/\/dev6.erresse-shop.it\/fr\/wp-json\/wp\/v2\/media\/6309027"}],"wp:attachment":[{"href":"https:\/\/dev6.erresse-shop.it\/fr\/wp-json\/wp\/v2\/media?parent=58846"}],"wp:term":[{"taxonomy":"product_cat","embeddable":true,"href":"https:\/\/dev6.erresse-shop.it\/fr\/wp-json\/wp\/v2\/product_cat?post=58846"},{"taxonomy":"product_tag","embeddable":true,"href":"https:\/\/dev6.erresse-shop.it\/fr\/wp-json\/wp\/v2\/product_tag?post=58846"}],"curies":[{"name":"wp","href":"https:\/\/api.w.org\/{rel}","templated":true}]}}