{"id":58830,"date":"2026-04-16T19:08:46","date_gmt":"2026-04-16T17:08:46","guid":{"rendered":"https:\/\/dev6.erresse-shop.it\/shop\/non%20class\u00e9\/sage-the-smart-oven-air-fryer\/"},"modified":"2025-07-04T16:04:25","modified_gmt":"2025-07-04T14:04:25","slug":"sage-the-smart-oven-air-fryer","status":"publish","type":"product","link":"https:\/\/dev6.erresse-shop.it\/fr\/shop\/petits-electromenagers\/fours\/sage-the-smart-oven-air-fryer\/","title":{"rendered":"SAGE The Smart Oven Air Fryer"},"content":{"rendered":"<p>10 FONCTIONS DE CUISSON INTELLIGENTES DONT LA FRITURE \u00c0 L\u2019AIR CHAUD<br \/>\nThe Smart Oven Air Fryer \u00e9quip\u00e9 de notre syst\u00e8me Element iQ\u2122 offre des performances et une polyvalence optimales. Des algorithmes intelligents reproduisent l\u2019environnement de cuisson id\u00e9al pour la friture \u00e0 l\u2019air chaud ainsi que neuf techniques de cuisson suppl\u00e9mentaires. Les temp\u00e9ratures \u00e9lev\u00e9es et la super convection acc\u00e9l\u00e8rent le temps de cuisson tout en garantissant un croustillant parfait.<\/p>\n<p>R\u00c9GLAGE FRITURE \u00c0 L\u2019AIR CHAUD D\u00c9DI\u00c9<br \/>\nPourquoi acheter une friteuse sans huile quand vous pouvez cuire frites, poulet et plus encore sans culpabiliser avec the Smart Oven\u2122 Air Fryer ? Les temp\u00e9ratures \u00e9lev\u00e9es combin\u00e9es \u00e0 une super convection (d\u00e9bit d\u2019air maximis\u00e9) garantissent une friture dor\u00e9e, croustillante et savoureuse.<\/p>\n<p>SYST\u00c8ME ELEMENT iQ\u2122<br \/>\nDes algorithmes intelligents permettent de diriger la chaleur vers l\u2019endroit et au moment requis pour un environnement de cuisson id\u00e9al et diff\u00e9rentes techniques de cuisson. Gr\u00e2ce aux capteurs et au contr\u00f4le de la temp\u00e9rature par PID, l\u2019appareil \u00e9limine les zones froides pour une cuisson pr\u00e9cise et homog\u00e8ne. Les \u00e9l\u00e9ments chauffants ind\u00e9pendants et le positionnement des grilles id\u00e9al garantissent des r\u00e9sultats pr\u00e9cis.<\/p>\n<p>ULTRA-POLYVALENT<br \/>\n10 fonctions de cuisson pour vous guider vers la perfection : Toast 6 slices, Crumpet, Grill, Bake, Roast, Warm, Pizza, Air Fry, Reheat et Slow Cook, pour les cuissons longues \u00e0 basse temp\u00e9rature.<\/p>\n<p>CONVECTION DOUBLE VITESSE<br \/>\nLa convection permet de r\u00e9duire le temps de cuisson jusqu\u2019\u00e0 30 %. Elle acc\u00e9l\u00e8re le processus de cuisson en augmentant la quantit\u00e9 d\u2019air chaud et en diminuant l\u2019air froid moins dense, pour une cuisson plus rapide. La super convection maximise le d\u00e9bit d\u2019air et est id\u00e9ale pour la friture \u00e0 l\u2019air chaud.<\/p>\n<p>\u00c9CRAN LCD<br \/>\nL\u2019\u00e9cran LCD permet d\u2019acc\u00e9der facilement \u00e0 la fonction intelligente int\u00e9gr\u00e9e de s\u00e9lection parmi 10 fonctions de cuisson. Il indique \u00e9galement lorsque le pr\u00e9chauffage est termin\u00e9 et lance automatiquement le compte \u00e0 rebours de la cuisson, pour des r\u00e9sultats parfaits.<\/p>\n<p>\u00c9CLAIRAGE INT\u00c9RIEUR DU FOUR<br \/>\nL\u2019\u00e9clairage int\u00e9rieur du four s\u2019active automatiquement \u00e0 la fin du cycle de cuisson pour une meilleure visibilit\u00e9. Il peut \u00eatre allum\u00e9 \u00e0 tout moment pour surveiller la cuisson. Comme pour un four classique, les composants peuvent \u00eatre remplac\u00e9s.<\/p>\n<p>SP\u00c9CIFICATION DE PRODUIT<br \/>\n\u2013 Dimensions internes (IxPxH): 47 x 37 x 28 cm<br \/>\n\u2013 Garantie: Garantie remplacement ou r\u00e9paration de 2 ans<br \/>\n\u2013 Mat\u00e9riaux: Acier inoxydable bross\u00e9<br \/>\n\u2013 Capacit\u00e9: 22 L; 6 toasts, pizza de 30 cm, poulet entier, moule pour 9 muffins<br \/>\n\u2013 Param\u00e8tres: 10 fonctions pr\u00e9r\u00e9gl\u00e9es : Toast, Crumpet, Bake, Roast, Grill, Pizza, Air Fry, Reheat, Warm et Slow Cook<\/p>\n","protected":false},"excerpt":{"rendered":"<p>10 FONCTIONS DE CUISSON INTELLIGENTES DONT LA FRITURE \u00c0 L\u2019AIR CHAUD The Smart Oven Air Fryer \u00e9quip\u00e9 de notre syst\u00e8me Element iQ\u2122 offre des performances et une polyvalence optimales. Des algorithmes intelligents reproduisent l\u2019environnement de cuisson id\u00e9al pour la friture \u00e0 l\u2019air chaud ainsi que neuf techniques de cuisson suppl\u00e9mentaires. Les temp\u00e9ratures \u00e9lev\u00e9es et la [&hellip;]<\/p>\n","protected":false},"featured_media":6489575,"template":"","meta":{"_acf_changed":false},"product_cat":[11761,12085,12055],"product_tag":[],"class_list":{"0":"post-58830","1":"product","2":"type-product","3":"status-publish","4":"has-post-thumbnail","6":"product_cat-forni","7":"product_cat-fours","8":"product_cat-petits-electromenagers","10":"first","11":"instock","12":"sale","13":"taxable","14":"shipping-taxable","15":"purchasable","16":"product-type-simple","swatches":"rey-swatches","show_selected":"","stretch_labels":"rey-swatches--stretch-labels"},"acf":[],"yoast_head":"<!-- This site is optimized with the Yoast SEO plugin v25.4 - https:\/\/yoast.com\/wordpress\/plugins\/seo\/ -->\n<title>SAGE The Smart Oven Air Fryer - dev6 Erresse<\/title>\n<meta name=\"description\" content=\"10 FONCTIONS DE CUISSON INTELLIGENTES DONT LA FRITURE \u00c0 L\u2019AIR CHAUD The Smart Oven Air Fryer \u00e9quip\u00e9 de notre syst\u00e8me Element iQ\u2122 offre des performances et\" \/>\n<meta name=\"robots\" content=\"noindex, follow, max-snippet:-1, max-image-preview:large, max-video-preview:-1\" \/>\n<meta property=\"og:locale\" content=\"fr_FR\" \/>\n<meta property=\"og:type\" content=\"article\" \/>\n<meta property=\"og:title\" content=\"SAGE The Smart Oven Air Fryer - dev6 Erresse\" \/>\n<meta property=\"og:description\" content=\"10 FONCTIONS DE CUISSON INTELLIGENTES DONT LA FRITURE \u00c0 L\u2019AIR CHAUD The Smart Oven Air Fryer \u00e9quip\u00e9 de notre syst\u00e8me Element iQ\u2122 offre des performances et\" \/>\n<meta property=\"og:url\" content=\"https:\/\/dev6.erresse-shop.it\/fr\/shop\/petits-electromenagers\/fours\/sage-the-smart-oven-air-fryer\/\" \/>\n<meta property=\"og:site_name\" content=\"dev6 Erresse\" \/>\n<meta property=\"og:image\" content=\"https:\/\/interpim.erresse-shop.it\/Import\/Prodotti\/sov860bss.jpg\" \/><meta property=\"og:image\" content=\"https:\/\/interpim.erresse-shop.it\/Import\/Prodotti\/sov860bss.jpg\" \/>\n\t<meta property=\"og:image:width\" content=\"1024\" \/>\n\t<meta property=\"og:image:height\" content=\"1024\" \/>\n\t<meta property=\"og:image:type\" content=\"image\/jpeg\" \/>\n<meta name=\"twitter:card\" content=\"summary_large_image\" \/>\n<meta name=\"twitter:image\" content=\"https:\/\/interpim.erresse-shop.it\/Import\/Prodotti\/sov860bss.jpg\" \/>\n<script type=\"application\/ld+json\" class=\"yoast-schema-graph\">{\"@context\":\"https:\/\/schema.org\",\"@graph\":[{\"@type\":\"WebPage\",\"@id\":\"https:\/\/dev6.erresse-shop.it\/fr\/shop\/petits-electromenagers\/fours\/sage-the-smart-oven-air-fryer\/\",\"url\":\"https:\/\/dev6.erresse-shop.it\/fr\/shop\/petits-electromenagers\/fours\/sage-the-smart-oven-air-fryer\/\",\"name\":\"SAGE The Smart Oven Air Fryer - dev6 Erresse\",\"isPartOf\":{\"@id\":\"https:\/\/dev6.erresse-shop.it\/#website\"},\"primaryImageOfPage\":{\"@id\":\"https:\/\/dev6.erresse-shop.it\/fr\/shop\/petits-electromenagers\/fours\/sage-the-smart-oven-air-fryer\/#primaryimage\"},\"image\":{\"@id\":\"https:\/\/dev6.erresse-shop.it\/fr\/shop\/petits-electromenagers\/fours\/sage-the-smart-oven-air-fryer\/#primaryimage\"},\"thumbnailUrl\":\"https:\/\/i3.wp.com\/interpim.erresse-shop.it\/Import\/Prodotti\/sov860bss.jpg?ssl=1\",\"datePublished\":\"2026-04-16T17:08:46+00:00\",\"description\":\"10 FONCTIONS DE CUISSON INTELLIGENTES DONT LA FRITURE \u00c0 L\u2019AIR CHAUD The Smart Oven Air Fryer \u00e9quip\u00e9 de notre syst\u00e8me Element iQ\u2122 offre des performances et\",\"breadcrumb\":{\"@id\":\"https:\/\/dev6.erresse-shop.it\/fr\/shop\/petits-electromenagers\/fours\/sage-the-smart-oven-air-fryer\/#breadcrumb\"},\"inLanguage\":\"fr-FR\",\"potentialAction\":[{\"@type\":\"ReadAction\",\"target\":[\"https:\/\/dev6.erresse-shop.it\/fr\/shop\/petits-electromenagers\/fours\/sage-the-smart-oven-air-fryer\/\"]}]},{\"@type\":\"ImageObject\",\"inLanguage\":\"fr-FR\",\"@id\":\"https:\/\/dev6.erresse-shop.it\/fr\/shop\/petits-electromenagers\/fours\/sage-the-smart-oven-air-fryer\/#primaryimage\",\"url\":\"https:\/\/i3.wp.com\/interpim.erresse-shop.it\/Import\/Prodotti\/sov860bss.jpg?ssl=1\",\"contentUrl\":\"https:\/\/i3.wp.com\/interpim.erresse-shop.it\/Import\/Prodotti\/sov860bss.jpg?ssl=1\"},{\"@type\":\"BreadcrumbList\",\"@id\":\"https:\/\/dev6.erresse-shop.it\/fr\/shop\/petits-electromenagers\/fours\/sage-the-smart-oven-air-fryer\/#breadcrumb\",\"itemListElement\":[{\"@type\":\"ListItem\",\"position\":1,\"name\":\"Home\",\"item\":\"https:\/\/dev6.erresse-shop.it\/\"},{\"@type\":\"ListItem\",\"position\":2,\"name\":\"Boutique\",\"item\":\"https:\/\/dev6.erresse-shop.it\/shop\/\"},{\"@type\":\"ListItem\",\"position\":3,\"name\":\"SAGE The Smart Oven Air Fryer\"}]},{\"@type\":\"WebSite\",\"@id\":\"https:\/\/dev6.erresse-shop.it\/#website\",\"url\":\"https:\/\/dev6.erresse-shop.it\/\",\"name\":\"Erresse Shop\",\"description\":\"\",\"publisher\":{\"@id\":\"https:\/\/dev6.erresse-shop.it\/#organization\"},\"potentialAction\":[{\"@type\":\"SearchAction\",\"target\":{\"@type\":\"EntryPoint\",\"urlTemplate\":\"https:\/\/dev6.erresse-shop.it\/?s={search_term_string}\"},\"query-input\":{\"@type\":\"PropertyValueSpecification\",\"valueRequired\":true,\"valueName\":\"search_term_string\"}}],\"inLanguage\":\"fr-FR\"},{\"@type\":\"Organization\",\"@id\":\"https:\/\/dev6.erresse-shop.it\/#organization\",\"name\":\"Erresse Shop\",\"url\":\"https:\/\/dev6.erresse-shop.it\/\",\"logo\":{\"@type\":\"ImageObject\",\"inLanguage\":\"fr-FR\",\"@id\":\"https:\/\/dev6.erresse-shop.it\/#\/schema\/logo\/image\/\",\"url\":\"https:\/\/dev6.erresse-shop.it\/wp-content\/uploads\/2025\/01\/LOGO-ERRESSE-CLASSICO.svg\",\"contentUrl\":\"https:\/\/dev6.erresse-shop.it\/wp-content\/uploads\/2025\/01\/LOGO-ERRESSE-CLASSICO.svg\",\"caption\":\"Erresse Shop\"},\"image\":{\"@id\":\"https:\/\/dev6.erresse-shop.it\/#\/schema\/logo\/image\/\"}}]}<\/script>\n<!-- \/ Yoast SEO plugin. -->","yoast_head_json":{"title":"SAGE The Smart Oven Air Fryer - dev6 Erresse","description":"10 FONCTIONS DE CUISSON INTELLIGENTES DONT LA FRITURE \u00c0 L\u2019AIR CHAUD The Smart Oven Air Fryer \u00e9quip\u00e9 de notre syst\u00e8me Element iQ\u2122 offre des performances et","robots":{"index":"noindex","follow":"follow","max-snippet":"max-snippet:-1","max-image-preview":"max-image-preview:large","max-video-preview":"max-video-preview:-1"},"og_locale":"fr_FR","og_type":"article","og_title":"SAGE The Smart Oven Air Fryer - dev6 Erresse","og_description":"10 FONCTIONS DE CUISSON INTELLIGENTES DONT LA FRITURE \u00c0 L\u2019AIR CHAUD The Smart Oven Air Fryer \u00e9quip\u00e9 de notre syst\u00e8me Element iQ\u2122 offre des performances et","og_url":"https:\/\/dev6.erresse-shop.it\/fr\/shop\/petits-electromenagers\/fours\/sage-the-smart-oven-air-fryer\/","og_site_name":"dev6 Erresse","og_image":[{"url":"https:\/\/interpim.erresse-shop.it\/Import\/Prodotti\/sov860bss.jpg","type":"","width":"","height":""},{"url":"https:\/\/interpim.erresse-shop.it\/Import\/Prodotti\/sov860bss.jpg","width":1024,"height":1024,"type":"image\/jpeg"}],"twitter_card":"summary_large_image","twitter_image":"https:\/\/interpim.erresse-shop.it\/Import\/Prodotti\/sov860bss.jpg","schema":{"@context":"https:\/\/schema.org","@graph":[{"@type":"WebPage","@id":"https:\/\/dev6.erresse-shop.it\/fr\/shop\/petits-electromenagers\/fours\/sage-the-smart-oven-air-fryer\/","url":"https:\/\/dev6.erresse-shop.it\/fr\/shop\/petits-electromenagers\/fours\/sage-the-smart-oven-air-fryer\/","name":"SAGE The Smart Oven Air Fryer - dev6 Erresse","isPartOf":{"@id":"https:\/\/dev6.erresse-shop.it\/#website"},"primaryImageOfPage":{"@id":"https:\/\/dev6.erresse-shop.it\/fr\/shop\/petits-electromenagers\/fours\/sage-the-smart-oven-air-fryer\/#primaryimage"},"image":{"@id":"https:\/\/dev6.erresse-shop.it\/fr\/shop\/petits-electromenagers\/fours\/sage-the-smart-oven-air-fryer\/#primaryimage"},"thumbnailUrl":"https:\/\/i3.wp.com\/interpim.erresse-shop.it\/Import\/Prodotti\/sov860bss.jpg?ssl=1","datePublished":"2026-04-16T17:08:46+00:00","description":"10 FONCTIONS DE CUISSON INTELLIGENTES DONT LA FRITURE \u00c0 L\u2019AIR CHAUD The Smart Oven Air Fryer \u00e9quip\u00e9 de notre syst\u00e8me Element iQ\u2122 offre des performances et","breadcrumb":{"@id":"https:\/\/dev6.erresse-shop.it\/fr\/shop\/petits-electromenagers\/fours\/sage-the-smart-oven-air-fryer\/#breadcrumb"},"inLanguage":"fr-FR","potentialAction":[{"@type":"ReadAction","target":["https:\/\/dev6.erresse-shop.it\/fr\/shop\/petits-electromenagers\/fours\/sage-the-smart-oven-air-fryer\/"]}]},{"@type":"ImageObject","inLanguage":"fr-FR","@id":"https:\/\/dev6.erresse-shop.it\/fr\/shop\/petits-electromenagers\/fours\/sage-the-smart-oven-air-fryer\/#primaryimage","url":"https:\/\/i3.wp.com\/interpim.erresse-shop.it\/Import\/Prodotti\/sov860bss.jpg?ssl=1","contentUrl":"https:\/\/i3.wp.com\/interpim.erresse-shop.it\/Import\/Prodotti\/sov860bss.jpg?ssl=1"},{"@type":"BreadcrumbList","@id":"https:\/\/dev6.erresse-shop.it\/fr\/shop\/petits-electromenagers\/fours\/sage-the-smart-oven-air-fryer\/#breadcrumb","itemListElement":[{"@type":"ListItem","position":1,"name":"Home","item":"https:\/\/dev6.erresse-shop.it\/"},{"@type":"ListItem","position":2,"name":"Boutique","item":"https:\/\/dev6.erresse-shop.it\/shop\/"},{"@type":"ListItem","position":3,"name":"SAGE The Smart Oven Air Fryer"}]},{"@type":"WebSite","@id":"https:\/\/dev6.erresse-shop.it\/#website","url":"https:\/\/dev6.erresse-shop.it\/","name":"Erresse Shop","description":"","publisher":{"@id":"https:\/\/dev6.erresse-shop.it\/#organization"},"potentialAction":[{"@type":"SearchAction","target":{"@type":"EntryPoint","urlTemplate":"https:\/\/dev6.erresse-shop.it\/?s={search_term_string}"},"query-input":{"@type":"PropertyValueSpecification","valueRequired":true,"valueName":"search_term_string"}}],"inLanguage":"fr-FR"},{"@type":"Organization","@id":"https:\/\/dev6.erresse-shop.it\/#organization","name":"Erresse Shop","url":"https:\/\/dev6.erresse-shop.it\/","logo":{"@type":"ImageObject","inLanguage":"fr-FR","@id":"https:\/\/dev6.erresse-shop.it\/#\/schema\/logo\/image\/","url":"https:\/\/dev6.erresse-shop.it\/wp-content\/uploads\/2025\/01\/LOGO-ERRESSE-CLASSICO.svg","contentUrl":"https:\/\/dev6.erresse-shop.it\/wp-content\/uploads\/2025\/01\/LOGO-ERRESSE-CLASSICO.svg","caption":"Erresse Shop"},"image":{"@id":"https:\/\/dev6.erresse-shop.it\/#\/schema\/logo\/image\/"}}]}},"df_price":379.95,"df_sale_price":379.95,"df_regular_price":429.9,"df_image_link":"https:\/\/i3.wp.com\/interpim.erresse-shop.it\/Import\/Prodotti\/sov860bss.jpg?resize=300,300&ssl=1","fifu_image_url":"https:\/\/interpim.erresse-shop.it\/Import\/Prodotti\/sov860bss.jpg","_links":{"self":[{"href":"https:\/\/dev6.erresse-shop.it\/fr\/wp-json\/wp\/v2\/product\/58830","targetHints":{"allow":["GET"]}}],"collection":[{"href":"https:\/\/dev6.erresse-shop.it\/fr\/wp-json\/wp\/v2\/product"}],"about":[{"href":"https:\/\/dev6.erresse-shop.it\/fr\/wp-json\/wp\/v2\/types\/product"}],"wp:featuredmedia":[{"embeddable":true,"href":"https:\/\/dev6.erresse-shop.it\/fr\/wp-json\/wp\/v2\/media\/6489575"}],"wp:attachment":[{"href":"https:\/\/dev6.erresse-shop.it\/fr\/wp-json\/wp\/v2\/media?parent=58830"}],"wp:term":[{"taxonomy":"product_cat","embeddable":true,"href":"https:\/\/dev6.erresse-shop.it\/fr\/wp-json\/wp\/v2\/product_cat?post=58830"},{"taxonomy":"product_tag","embeddable":true,"href":"https:\/\/dev6.erresse-shop.it\/fr\/wp-json\/wp\/v2\/product_tag?post=58830"}],"curies":[{"name":"wp","href":"https:\/\/api.w.org\/{rel}","templated":true}]}}