{"id":58814,"date":"2026-04-16T19:07:55","date_gmt":"2026-04-16T17:07:55","guid":{"rendered":"https:\/\/dev6.erresse-shop.it\/shop\/non%20class\u00e9\/staub-cuiseur-de-poulet-24-cm-noir\/"},"modified":"2025-09-14T04:17:56","modified_gmt":"2025-09-14T02:17:56","slug":"staub-cuiseur-de-poulet-24-cm-noir","status":"publish","type":"product","link":"https:\/\/dev6.erresse-shop.it\/fr\/shop\/poeles-pots\/plats-et-casseroles-a-four\/staub-cuiseur-de-poulet-24-cm-noir\/","title":{"rendered":"STAUB Cuiseur de poulet 24 cm Noir"},"content":{"rendered":"<p>La r\u00f4tissoire ronde Staub vous permet de pr\u00e9parer un poulet croustillant avec une saveur \u201cfra\u00eechement sortie du gril\u201d. Il suffit de placer le poulet dans la r\u00f4tissoire et de l\u2019enfourner pour qu\u2019il soit cuit uniform\u00e9ment de tous les c\u00f4t\u00e9s et que sa peau soit croustillante. La r\u00f4tissoire Staub est dot\u00e9e d\u2019une broche en fonte conductrice de chaleur, qui garantit la cuisson compl\u00e8te du poulet. Le reste de la casserole est \u00e9galement en fonte recouverte d\u2019un \u00e9mail noir mat. La l\u00e8chefrite de 24 cm de large recueille l\u2019exc\u00e8s de graisse, ce qui permet d\u2019obtenir une viande tendre et peu grasse. La grande r\u00f4tissoire ronde permet \u00e9galement de garder le four propre, ce qui signifie que vous n\u2019avez pas besoin de penser \u00e0 autre chose qu\u2019au plat que vous pr\u00e9parez. La r\u00f4tissoire Staub peut \u00eatre utilis\u00e9e dans n\u2019importe quel four pour cuire le poulet et la volaille en g\u00e9n\u00e9ral. Le poids de cette po\u00eale la rend extr\u00eamement stable, m\u00eame pour la cuisson de grands oiseaux. Il peut \u00e9galement \u00eatre facilement ins\u00e9r\u00e9 et retir\u00e9 du four gr\u00e2ce aux poign\u00e9es lat\u00e9rales. La r\u00f4tissoire Staub offre une option saine et pauvre en graisses pour la cuisson du canard, des petites dindes ou des perdrix.<\/p>\n<p>Pour pr\u00e9parer les poulets entiers<br \/>\nUn poulet, une pintade ou un petit canard assaisonn\u00e9 ou marin\u00e9 est simplement plac\u00e9 \u00e0 la verticale.<br \/>\nLes plats d\u2019accompagnement peuvent \u00eatre plac\u00e9s dans le bol<br \/>\nLa fonte \u00e9maill\u00e9e<br \/>\nDeux becs lat\u00e9raux facilitent l\u2019\u00e9vacuation de l\u2019exc\u00e8s de graisse ou de liquide.<\/p>\n<p>TAILLE<br \/>\nPoids net : 2,67 kg<br \/>\nCapacit\u00e9 : 1,00 l<br \/>\nLongueur du produit : 26,20 cm<br \/>\nLargeur du produit : 22,20 cm<br \/>\nHauteur du produit : 11,50 cm<br \/>\nDiam\u00e8tre sup\u00e9rieur : 24,00 cm<\/p>\n","protected":false},"excerpt":{"rendered":"<p>La r\u00f4tissoire ronde Staub vous permet de pr\u00e9parer un poulet croustillant avec une saveur \u201cfra\u00eechement sortie du gril\u201d. Il suffit de placer le poulet dans la r\u00f4tissoire et de l\u2019enfourner pour qu\u2019il soit cuit uniform\u00e9ment de tous les c\u00f4t\u00e9s et que sa peau soit croustillante. La r\u00f4tissoire Staub est dot\u00e9e d\u2019une broche en fonte conductrice [&hellip;]<\/p>\n","protected":false},"featured_media":6489482,"template":"","meta":{"_acf_changed":false},"product_cat":[11667,12050,11991],"product_tag":[],"class_list":{"0":"post-58814","1":"product","2":"type-product","3":"status-publish","4":"has-post-thumbnail","6":"product_cat-padelle-pentole","7":"product_cat-plats-et-casseroles-a-four","8":"product_cat-poeles-pots","10":"first","11":"instock","12":"sale","13":"taxable","14":"shipping-taxable","15":"purchasable","16":"product-type-simple","swatches":"rey-swatches","show_selected":"","stretch_labels":"rey-swatches--stretch-labels"},"acf":[],"yoast_head":"<!-- This site is optimized with the Yoast SEO plugin v25.4 - https:\/\/yoast.com\/wordpress\/plugins\/seo\/ -->\n<title>STAUB Cuiseur de poulet 24 cm Noir - dev6 Erresse<\/title>\n<meta name=\"description\" content=\"La r\u00f4tissoire ronde Staub vous permet de pr\u00e9parer un poulet croustillant avec une saveur \u201cfra\u00eechement sortie du gril\u201d. Il suffit de placer le poulet dans\" \/>\n<meta name=\"robots\" content=\"noindex, follow, max-snippet:-1, max-image-preview:large, max-video-preview:-1\" \/>\n<meta property=\"og:locale\" content=\"fr_FR\" \/>\n<meta property=\"og:type\" content=\"article\" \/>\n<meta property=\"og:title\" content=\"STAUB Cuiseur de poulet 24 cm Noir - dev6 Erresse\" \/>\n<meta property=\"og:description\" content=\"La r\u00f4tissoire ronde Staub vous permet de pr\u00e9parer un poulet croustillant avec une saveur \u201cfra\u00eechement sortie du gril\u201d. Il suffit de placer le poulet dans\" \/>\n<meta property=\"og:url\" content=\"https:\/\/dev6.erresse-shop.it\/fr\/shop\/poeles-pots\/plats-et-casseroles-a-four\/staub-cuiseur-de-poulet-24-cm-noir\/\" \/>\n<meta property=\"og:site_name\" content=\"dev6 Erresse\" \/>\n<meta property=\"og:image\" content=\"https:\/\/interpim.erresse-shop.it\/Import\/Prodotti\/40509-339.jpg\" \/><meta property=\"og:image\" content=\"https:\/\/interpim.erresse-shop.it\/Import\/Prodotti\/40509-339.jpg\" \/>\n\t<meta property=\"og:image:width\" content=\"1024\" \/>\n\t<meta property=\"og:image:height\" content=\"1024\" \/>\n\t<meta property=\"og:image:type\" content=\"image\/jpeg\" \/>\n<meta name=\"twitter:card\" content=\"summary_large_image\" \/>\n<meta name=\"twitter:image\" content=\"https:\/\/interpim.erresse-shop.it\/Import\/Prodotti\/40509-339.jpg\" \/>\n<script type=\"application\/ld+json\" class=\"yoast-schema-graph\">{\"@context\":\"https:\/\/schema.org\",\"@graph\":[{\"@type\":\"WebPage\",\"@id\":\"https:\/\/dev6.erresse-shop.it\/fr\/shop\/poeles-pots\/plats-et-casseroles-a-four\/staub-cuiseur-de-poulet-24-cm-noir\/\",\"url\":\"https:\/\/dev6.erresse-shop.it\/fr\/shop\/poeles-pots\/plats-et-casseroles-a-four\/staub-cuiseur-de-poulet-24-cm-noir\/\",\"name\":\"STAUB Cuiseur de poulet 24 cm Noir - dev6 Erresse\",\"isPartOf\":{\"@id\":\"https:\/\/dev6.erresse-shop.it\/#website\"},\"primaryImageOfPage\":{\"@id\":\"https:\/\/dev6.erresse-shop.it\/fr\/shop\/poeles-pots\/plats-et-casseroles-a-four\/staub-cuiseur-de-poulet-24-cm-noir\/#primaryimage\"},\"image\":{\"@id\":\"https:\/\/dev6.erresse-shop.it\/fr\/shop\/poeles-pots\/plats-et-casseroles-a-four\/staub-cuiseur-de-poulet-24-cm-noir\/#primaryimage\"},\"thumbnailUrl\":\"https:\/\/i3.wp.com\/interpim.erresse-shop.it\/Import\/Prodotti\/40509-339.jpg?ssl=1\",\"datePublished\":\"2026-04-16T17:07:55+00:00\",\"description\":\"La r\u00f4tissoire ronde Staub vous permet de pr\u00e9parer un poulet croustillant avec une saveur \u201cfra\u00eechement sortie du gril\u201d. Il suffit de placer le poulet dans\",\"breadcrumb\":{\"@id\":\"https:\/\/dev6.erresse-shop.it\/fr\/shop\/poeles-pots\/plats-et-casseroles-a-four\/staub-cuiseur-de-poulet-24-cm-noir\/#breadcrumb\"},\"inLanguage\":\"fr-FR\",\"potentialAction\":[{\"@type\":\"ReadAction\",\"target\":[\"https:\/\/dev6.erresse-shop.it\/fr\/shop\/poeles-pots\/plats-et-casseroles-a-four\/staub-cuiseur-de-poulet-24-cm-noir\/\"]}]},{\"@type\":\"ImageObject\",\"inLanguage\":\"fr-FR\",\"@id\":\"https:\/\/dev6.erresse-shop.it\/fr\/shop\/poeles-pots\/plats-et-casseroles-a-four\/staub-cuiseur-de-poulet-24-cm-noir\/#primaryimage\",\"url\":\"https:\/\/i3.wp.com\/interpim.erresse-shop.it\/Import\/Prodotti\/40509-339.jpg?ssl=1\",\"contentUrl\":\"https:\/\/i3.wp.com\/interpim.erresse-shop.it\/Import\/Prodotti\/40509-339.jpg?ssl=1\"},{\"@type\":\"BreadcrumbList\",\"@id\":\"https:\/\/dev6.erresse-shop.it\/fr\/shop\/poeles-pots\/plats-et-casseroles-a-four\/staub-cuiseur-de-poulet-24-cm-noir\/#breadcrumb\",\"itemListElement\":[{\"@type\":\"ListItem\",\"position\":1,\"name\":\"Home\",\"item\":\"https:\/\/dev6.erresse-shop.it\/\"},{\"@type\":\"ListItem\",\"position\":2,\"name\":\"Boutique\",\"item\":\"https:\/\/dev6.erresse-shop.it\/shop\/\"},{\"@type\":\"ListItem\",\"position\":3,\"name\":\"STAUB Cuiseur de poulet 24 cm Noir\"}]},{\"@type\":\"WebSite\",\"@id\":\"https:\/\/dev6.erresse-shop.it\/#website\",\"url\":\"https:\/\/dev6.erresse-shop.it\/\",\"name\":\"Erresse Shop\",\"description\":\"\",\"publisher\":{\"@id\":\"https:\/\/dev6.erresse-shop.it\/#organization\"},\"potentialAction\":[{\"@type\":\"SearchAction\",\"target\":{\"@type\":\"EntryPoint\",\"urlTemplate\":\"https:\/\/dev6.erresse-shop.it\/?s={search_term_string}\"},\"query-input\":{\"@type\":\"PropertyValueSpecification\",\"valueRequired\":true,\"valueName\":\"search_term_string\"}}],\"inLanguage\":\"fr-FR\"},{\"@type\":\"Organization\",\"@id\":\"https:\/\/dev6.erresse-shop.it\/#organization\",\"name\":\"Erresse Shop\",\"url\":\"https:\/\/dev6.erresse-shop.it\/\",\"logo\":{\"@type\":\"ImageObject\",\"inLanguage\":\"fr-FR\",\"@id\":\"https:\/\/dev6.erresse-shop.it\/#\/schema\/logo\/image\/\",\"url\":\"https:\/\/dev6.erresse-shop.it\/wp-content\/uploads\/2025\/01\/LOGO-ERRESSE-CLASSICO.svg\",\"contentUrl\":\"https:\/\/dev6.erresse-shop.it\/wp-content\/uploads\/2025\/01\/LOGO-ERRESSE-CLASSICO.svg\",\"caption\":\"Erresse Shop\"},\"image\":{\"@id\":\"https:\/\/dev6.erresse-shop.it\/#\/schema\/logo\/image\/\"}}]}<\/script>\n<!-- \/ Yoast SEO plugin. -->","yoast_head_json":{"title":"STAUB Cuiseur de poulet 24 cm Noir - dev6 Erresse","description":"La r\u00f4tissoire ronde Staub vous permet de pr\u00e9parer un poulet croustillant avec une saveur \u201cfra\u00eechement sortie du gril\u201d. Il suffit de placer le poulet dans","robots":{"index":"noindex","follow":"follow","max-snippet":"max-snippet:-1","max-image-preview":"max-image-preview:large","max-video-preview":"max-video-preview:-1"},"og_locale":"fr_FR","og_type":"article","og_title":"STAUB Cuiseur de poulet 24 cm Noir - dev6 Erresse","og_description":"La r\u00f4tissoire ronde Staub vous permet de pr\u00e9parer un poulet croustillant avec une saveur \u201cfra\u00eechement sortie du gril\u201d. Il suffit de placer le poulet dans","og_url":"https:\/\/dev6.erresse-shop.it\/fr\/shop\/poeles-pots\/plats-et-casseroles-a-four\/staub-cuiseur-de-poulet-24-cm-noir\/","og_site_name":"dev6 Erresse","og_image":[{"url":"https:\/\/interpim.erresse-shop.it\/Import\/Prodotti\/40509-339.jpg","type":"","width":"","height":""},{"url":"https:\/\/interpim.erresse-shop.it\/Import\/Prodotti\/40509-339.jpg","width":1024,"height":1024,"type":"image\/jpeg"}],"twitter_card":"summary_large_image","twitter_image":"https:\/\/interpim.erresse-shop.it\/Import\/Prodotti\/40509-339.jpg","schema":{"@context":"https:\/\/schema.org","@graph":[{"@type":"WebPage","@id":"https:\/\/dev6.erresse-shop.it\/fr\/shop\/poeles-pots\/plats-et-casseroles-a-four\/staub-cuiseur-de-poulet-24-cm-noir\/","url":"https:\/\/dev6.erresse-shop.it\/fr\/shop\/poeles-pots\/plats-et-casseroles-a-four\/staub-cuiseur-de-poulet-24-cm-noir\/","name":"STAUB Cuiseur de poulet 24 cm Noir - dev6 Erresse","isPartOf":{"@id":"https:\/\/dev6.erresse-shop.it\/#website"},"primaryImageOfPage":{"@id":"https:\/\/dev6.erresse-shop.it\/fr\/shop\/poeles-pots\/plats-et-casseroles-a-four\/staub-cuiseur-de-poulet-24-cm-noir\/#primaryimage"},"image":{"@id":"https:\/\/dev6.erresse-shop.it\/fr\/shop\/poeles-pots\/plats-et-casseroles-a-four\/staub-cuiseur-de-poulet-24-cm-noir\/#primaryimage"},"thumbnailUrl":"https:\/\/i3.wp.com\/interpim.erresse-shop.it\/Import\/Prodotti\/40509-339.jpg?ssl=1","datePublished":"2026-04-16T17:07:55+00:00","description":"La r\u00f4tissoire ronde Staub vous permet de pr\u00e9parer un poulet croustillant avec une saveur \u201cfra\u00eechement sortie du gril\u201d. Il suffit de placer le poulet dans","breadcrumb":{"@id":"https:\/\/dev6.erresse-shop.it\/fr\/shop\/poeles-pots\/plats-et-casseroles-a-four\/staub-cuiseur-de-poulet-24-cm-noir\/#breadcrumb"},"inLanguage":"fr-FR","potentialAction":[{"@type":"ReadAction","target":["https:\/\/dev6.erresse-shop.it\/fr\/shop\/poeles-pots\/plats-et-casseroles-a-four\/staub-cuiseur-de-poulet-24-cm-noir\/"]}]},{"@type":"ImageObject","inLanguage":"fr-FR","@id":"https:\/\/dev6.erresse-shop.it\/fr\/shop\/poeles-pots\/plats-et-casseroles-a-four\/staub-cuiseur-de-poulet-24-cm-noir\/#primaryimage","url":"https:\/\/i3.wp.com\/interpim.erresse-shop.it\/Import\/Prodotti\/40509-339.jpg?ssl=1","contentUrl":"https:\/\/i3.wp.com\/interpim.erresse-shop.it\/Import\/Prodotti\/40509-339.jpg?ssl=1"},{"@type":"BreadcrumbList","@id":"https:\/\/dev6.erresse-shop.it\/fr\/shop\/poeles-pots\/plats-et-casseroles-a-four\/staub-cuiseur-de-poulet-24-cm-noir\/#breadcrumb","itemListElement":[{"@type":"ListItem","position":1,"name":"Home","item":"https:\/\/dev6.erresse-shop.it\/"},{"@type":"ListItem","position":2,"name":"Boutique","item":"https:\/\/dev6.erresse-shop.it\/shop\/"},{"@type":"ListItem","position":3,"name":"STAUB Cuiseur de poulet 24 cm Noir"}]},{"@type":"WebSite","@id":"https:\/\/dev6.erresse-shop.it\/#website","url":"https:\/\/dev6.erresse-shop.it\/","name":"Erresse Shop","description":"","publisher":{"@id":"https:\/\/dev6.erresse-shop.it\/#organization"},"potentialAction":[{"@type":"SearchAction","target":{"@type":"EntryPoint","urlTemplate":"https:\/\/dev6.erresse-shop.it\/?s={search_term_string}"},"query-input":{"@type":"PropertyValueSpecification","valueRequired":true,"valueName":"search_term_string"}}],"inLanguage":"fr-FR"},{"@type":"Organization","@id":"https:\/\/dev6.erresse-shop.it\/#organization","name":"Erresse Shop","url":"https:\/\/dev6.erresse-shop.it\/","logo":{"@type":"ImageObject","inLanguage":"fr-FR","@id":"https:\/\/dev6.erresse-shop.it\/#\/schema\/logo\/image\/","url":"https:\/\/dev6.erresse-shop.it\/wp-content\/uploads\/2025\/01\/LOGO-ERRESSE-CLASSICO.svg","contentUrl":"https:\/\/dev6.erresse-shop.it\/wp-content\/uploads\/2025\/01\/LOGO-ERRESSE-CLASSICO.svg","caption":"Erresse Shop"},"image":{"@id":"https:\/\/dev6.erresse-shop.it\/#\/schema\/logo\/image\/"}}]}},"df_price":112,"df_sale_price":112,"df_regular_price":159,"df_image_link":"https:\/\/i3.wp.com\/interpim.erresse-shop.it\/Import\/Prodotti\/40509-339.jpg?resize=300,300&ssl=1","fifu_image_url":"https:\/\/interpim.erresse-shop.it\/Import\/Prodotti\/40509-339.jpg","_links":{"self":[{"href":"https:\/\/dev6.erresse-shop.it\/fr\/wp-json\/wp\/v2\/product\/58814","targetHints":{"allow":["GET"]}}],"collection":[{"href":"https:\/\/dev6.erresse-shop.it\/fr\/wp-json\/wp\/v2\/product"}],"about":[{"href":"https:\/\/dev6.erresse-shop.it\/fr\/wp-json\/wp\/v2\/types\/product"}],"wp:featuredmedia":[{"embeddable":true,"href":"https:\/\/dev6.erresse-shop.it\/fr\/wp-json\/wp\/v2\/media\/6489482"}],"wp:attachment":[{"href":"https:\/\/dev6.erresse-shop.it\/fr\/wp-json\/wp\/v2\/media?parent=58814"}],"wp:term":[{"taxonomy":"product_cat","embeddable":true,"href":"https:\/\/dev6.erresse-shop.it\/fr\/wp-json\/wp\/v2\/product_cat?post=58814"},{"taxonomy":"product_tag","embeddable":true,"href":"https:\/\/dev6.erresse-shop.it\/fr\/wp-json\/wp\/v2\/product_tag?post=58814"}],"curies":[{"name":"wp","href":"https:\/\/api.w.org\/{rel}","templated":true}]}}