{"id":58810,"date":"2026-04-16T19:07:55","date_gmt":"2026-04-16T17:07:55","guid":{"rendered":"https:\/\/dev6.erresse-shop.it\/shop\/non%20class\u00e9\/sage-the-soft-top-pure\/"},"modified":"2025-09-14T04:17:52","modified_gmt":"2025-09-14T02:17:52","slug":"sage-the-soft-top-pure","status":"publish","type":"product","link":"https:\/\/dev6.erresse-shop.it\/fr\/shop\/petits-electromenagers\/bouilloires-electriques\/sage-the-soft-top-pure\/","title":{"rendered":"SAGE The Soft Top Pure"},"content":{"rendered":"<p>JAUGE SANS BPA ET FILTRE M\u00c9TALLIQUE<br \/>\nAvec l\u2019association de la poign\u00e9e antid\u00e9rapante douce et du couvercle \u00e0 ouverture facile, il est aussi facile de faire une boisson que de la boire. Le bouton-poussoir et le couvercle \u00e0 ouverture facile emp\u00eachent les \u00e9claboussures d\u2019eau chaude et permettent d\u2019\u00e9vacuer la vapeur.<\/p>\n<p>DOUBLE JAUGE<br \/>\nFabriqu\u00e9e \u00e0 partir de mat\u00e9riaux sans BPA.<\/p>\n<p>COUVERCLE SOFT TOP\u2122<br \/>\nUne boisson bouillonnante pr\u00e9sente quelques risques entre la bouilloire et la tasse. Ce couvercle sp\u00e9cial lib\u00e8re doucement la vapeur et \u00e9vite les \u00e9claboussures.<\/p>\n<p>POIGN\u00c9E ERGONOMIQUE<br \/>\nAvec bouton d\u2019ouverture du couvercle et \u00e9clairage du bouton d\u2019alimentation.<\/p>\n<p>GRANDE CAPACIT\u00c9<br \/>\nCapacit\u00e9 du r\u00e9servoir de 1,7 L.<\/p>\n<p>LE CONFORT SANS FIL<br \/>\nBouilloire sans fil avec base multidirectionnelle \u00e0 360 degr\u00e9s \u00e9quip\u00e9e d\u2019un espace de rangement pour le cordon.<\/p>\n<p>SP\u00c9CIFICATION DE PRODUIT<br \/>\n\u2013 Dimensions (IxPxH): 22,9 x 21,6 x 24,1 cm<br \/>\n\u2013 Garantie: Garantie r\u00e9paration, remplacement ou remboursement de 2 ans (\u00e0 la seule discr\u00e9tion de Sage Appliances)<br \/>\n\u2013 Mat\u00e9riaux: Acier inoxydable<br \/>\n\u2013 Capacit\u00e9: 1,7 L \u2013 7 tasses<br \/>\n\u2013 Param\u00e8tres: \u00c9clairage de l\u2019alimentation (Marche et arr\u00eat)<\/p>\n","protected":false},"excerpt":{"rendered":"<p>JAUGE SANS BPA ET FILTRE M\u00c9TALLIQUE Avec l\u2019association de la poign\u00e9e antid\u00e9rapante douce et du couvercle \u00e0 ouverture facile, il est aussi facile de faire une boisson que de la boire. Le bouton-poussoir et le couvercle \u00e0 ouverture facile emp\u00eachent les \u00e9claboussures d\u2019eau chaude et permettent d\u2019\u00e9vacuer la vapeur. DOUBLE JAUGE Fabriqu\u00e9e \u00e0 partir de [&hellip;]<\/p>\n","protected":false},"featured_media":6489460,"template":"","meta":{"_acf_changed":false},"product_cat":[11734,12058,12055],"product_tag":[],"class_list":{"0":"post-58810","1":"product","2":"type-product","3":"status-publish","4":"has-post-thumbnail","6":"product_cat-bollitori-elettrici","7":"product_cat-bouilloires-electriques","8":"product_cat-petits-electromenagers","10":"first","11":"outofstock","12":"sale","13":"taxable","14":"shipping-taxable","15":"purchasable","16":"product-type-simple","swatches":"rey-swatches","show_selected":"","stretch_labels":"rey-swatches--stretch-labels"},"acf":[],"yoast_head":"<!-- This site is optimized with the Yoast SEO plugin v25.4 - https:\/\/yoast.com\/wordpress\/plugins\/seo\/ -->\n<title>SAGE The Soft Top Pure - dev6 Erresse<\/title>\n<meta name=\"description\" content=\"JAUGE SANS BPA ET FILTRE M\u00c9TALLIQUE Avec l\u2019association de la poign\u00e9e antid\u00e9rapante douce et du couvercle \u00e0 ouverture facile, il est aussi facile de faire\" \/>\n<meta name=\"robots\" content=\"noindex, follow, max-snippet:-1, max-image-preview:large, max-video-preview:-1\" \/>\n<meta property=\"og:locale\" content=\"fr_FR\" \/>\n<meta property=\"og:type\" content=\"article\" \/>\n<meta property=\"og:title\" content=\"SAGE The Soft Top Pure - dev6 Erresse\" \/>\n<meta property=\"og:description\" content=\"JAUGE SANS BPA ET FILTRE M\u00c9TALLIQUE Avec l\u2019association de la poign\u00e9e antid\u00e9rapante douce et du couvercle \u00e0 ouverture facile, il est aussi facile de faire\" \/>\n<meta property=\"og:url\" content=\"https:\/\/dev6.erresse-shop.it\/fr\/shop\/petits-electromenagers\/bouilloires-electriques\/sage-the-soft-top-pure\/\" \/>\n<meta property=\"og:site_name\" content=\"dev6 Erresse\" \/>\n<meta property=\"og:image\" content=\"https:\/\/interpim.erresse-shop.it\/Import\/Prodotti\/ske700bss.jpg\" \/><meta property=\"og:image\" content=\"https:\/\/interpim.erresse-shop.it\/Import\/Prodotti\/ske700bss.jpg\" \/>\n\t<meta property=\"og:image:width\" content=\"1024\" \/>\n\t<meta property=\"og:image:height\" content=\"1024\" \/>\n\t<meta property=\"og:image:type\" content=\"image\/jpeg\" \/>\n<meta name=\"twitter:card\" content=\"summary_large_image\" \/>\n<meta name=\"twitter:image\" content=\"https:\/\/interpim.erresse-shop.it\/Import\/Prodotti\/ske700bss.jpg\" \/>\n<script type=\"application\/ld+json\" class=\"yoast-schema-graph\">{\"@context\":\"https:\/\/schema.org\",\"@graph\":[{\"@type\":\"WebPage\",\"@id\":\"https:\/\/dev6.erresse-shop.it\/fr\/shop\/petits-electromenagers\/bouilloires-electriques\/sage-the-soft-top-pure\/\",\"url\":\"https:\/\/dev6.erresse-shop.it\/fr\/shop\/petits-electromenagers\/bouilloires-electriques\/sage-the-soft-top-pure\/\",\"name\":\"SAGE The Soft Top Pure - dev6 Erresse\",\"isPartOf\":{\"@id\":\"https:\/\/dev6.erresse-shop.it\/#website\"},\"primaryImageOfPage\":{\"@id\":\"https:\/\/dev6.erresse-shop.it\/fr\/shop\/petits-electromenagers\/bouilloires-electriques\/sage-the-soft-top-pure\/#primaryimage\"},\"image\":{\"@id\":\"https:\/\/dev6.erresse-shop.it\/fr\/shop\/petits-electromenagers\/bouilloires-electriques\/sage-the-soft-top-pure\/#primaryimage\"},\"thumbnailUrl\":\"https:\/\/i1.wp.com\/interpim.erresse-shop.it\/Import\/Prodotti\/ske700bss.jpg?ssl=1\",\"datePublished\":\"2026-04-16T17:07:55+00:00\",\"description\":\"JAUGE SANS BPA ET FILTRE M\u00c9TALLIQUE Avec l\u2019association de la poign\u00e9e antid\u00e9rapante douce et du couvercle \u00e0 ouverture facile, il est aussi facile de faire\",\"breadcrumb\":{\"@id\":\"https:\/\/dev6.erresse-shop.it\/fr\/shop\/petits-electromenagers\/bouilloires-electriques\/sage-the-soft-top-pure\/#breadcrumb\"},\"inLanguage\":\"fr-FR\",\"potentialAction\":[{\"@type\":\"ReadAction\",\"target\":[\"https:\/\/dev6.erresse-shop.it\/fr\/shop\/petits-electromenagers\/bouilloires-electriques\/sage-the-soft-top-pure\/\"]}]},{\"@type\":\"ImageObject\",\"inLanguage\":\"fr-FR\",\"@id\":\"https:\/\/dev6.erresse-shop.it\/fr\/shop\/petits-electromenagers\/bouilloires-electriques\/sage-the-soft-top-pure\/#primaryimage\",\"url\":\"https:\/\/i1.wp.com\/interpim.erresse-shop.it\/Import\/Prodotti\/ske700bss.jpg?ssl=1\",\"contentUrl\":\"https:\/\/i1.wp.com\/interpim.erresse-shop.it\/Import\/Prodotti\/ske700bss.jpg?ssl=1\"},{\"@type\":\"BreadcrumbList\",\"@id\":\"https:\/\/dev6.erresse-shop.it\/fr\/shop\/petits-electromenagers\/bouilloires-electriques\/sage-the-soft-top-pure\/#breadcrumb\",\"itemListElement\":[{\"@type\":\"ListItem\",\"position\":1,\"name\":\"Home\",\"item\":\"https:\/\/dev6.erresse-shop.it\/\"},{\"@type\":\"ListItem\",\"position\":2,\"name\":\"Boutique\",\"item\":\"https:\/\/dev6.erresse-shop.it\/shop\/\"},{\"@type\":\"ListItem\",\"position\":3,\"name\":\"SAGE The Soft Top Pure\"}]},{\"@type\":\"WebSite\",\"@id\":\"https:\/\/dev6.erresse-shop.it\/#website\",\"url\":\"https:\/\/dev6.erresse-shop.it\/\",\"name\":\"Erresse Shop\",\"description\":\"\",\"publisher\":{\"@id\":\"https:\/\/dev6.erresse-shop.it\/#organization\"},\"potentialAction\":[{\"@type\":\"SearchAction\",\"target\":{\"@type\":\"EntryPoint\",\"urlTemplate\":\"https:\/\/dev6.erresse-shop.it\/?s={search_term_string}\"},\"query-input\":{\"@type\":\"PropertyValueSpecification\",\"valueRequired\":true,\"valueName\":\"search_term_string\"}}],\"inLanguage\":\"fr-FR\"},{\"@type\":\"Organization\",\"@id\":\"https:\/\/dev6.erresse-shop.it\/#organization\",\"name\":\"Erresse Shop\",\"url\":\"https:\/\/dev6.erresse-shop.it\/\",\"logo\":{\"@type\":\"ImageObject\",\"inLanguage\":\"fr-FR\",\"@id\":\"https:\/\/dev6.erresse-shop.it\/#\/schema\/logo\/image\/\",\"url\":\"https:\/\/dev6.erresse-shop.it\/wp-content\/uploads\/2025\/01\/LOGO-ERRESSE-CLASSICO.svg\",\"contentUrl\":\"https:\/\/dev6.erresse-shop.it\/wp-content\/uploads\/2025\/01\/LOGO-ERRESSE-CLASSICO.svg\",\"caption\":\"Erresse Shop\"},\"image\":{\"@id\":\"https:\/\/dev6.erresse-shop.it\/#\/schema\/logo\/image\/\"}}]}<\/script>\n<!-- \/ Yoast SEO plugin. -->","yoast_head_json":{"title":"SAGE The Soft Top Pure - dev6 Erresse","description":"JAUGE SANS BPA ET FILTRE M\u00c9TALLIQUE Avec l\u2019association de la poign\u00e9e antid\u00e9rapante douce et du couvercle \u00e0 ouverture facile, il est aussi facile de faire","robots":{"index":"noindex","follow":"follow","max-snippet":"max-snippet:-1","max-image-preview":"max-image-preview:large","max-video-preview":"max-video-preview:-1"},"og_locale":"fr_FR","og_type":"article","og_title":"SAGE The Soft Top Pure - dev6 Erresse","og_description":"JAUGE SANS BPA ET FILTRE M\u00c9TALLIQUE Avec l\u2019association de la poign\u00e9e antid\u00e9rapante douce et du couvercle \u00e0 ouverture facile, il est aussi facile de faire","og_url":"https:\/\/dev6.erresse-shop.it\/fr\/shop\/petits-electromenagers\/bouilloires-electriques\/sage-the-soft-top-pure\/","og_site_name":"dev6 Erresse","og_image":[{"url":"https:\/\/interpim.erresse-shop.it\/Import\/Prodotti\/ske700bss.jpg","type":"","width":"","height":""},{"url":"https:\/\/interpim.erresse-shop.it\/Import\/Prodotti\/ske700bss.jpg","width":1024,"height":1024,"type":"image\/jpeg"}],"twitter_card":"summary_large_image","twitter_image":"https:\/\/interpim.erresse-shop.it\/Import\/Prodotti\/ske700bss.jpg","schema":{"@context":"https:\/\/schema.org","@graph":[{"@type":"WebPage","@id":"https:\/\/dev6.erresse-shop.it\/fr\/shop\/petits-electromenagers\/bouilloires-electriques\/sage-the-soft-top-pure\/","url":"https:\/\/dev6.erresse-shop.it\/fr\/shop\/petits-electromenagers\/bouilloires-electriques\/sage-the-soft-top-pure\/","name":"SAGE The Soft Top Pure - dev6 Erresse","isPartOf":{"@id":"https:\/\/dev6.erresse-shop.it\/#website"},"primaryImageOfPage":{"@id":"https:\/\/dev6.erresse-shop.it\/fr\/shop\/petits-electromenagers\/bouilloires-electriques\/sage-the-soft-top-pure\/#primaryimage"},"image":{"@id":"https:\/\/dev6.erresse-shop.it\/fr\/shop\/petits-electromenagers\/bouilloires-electriques\/sage-the-soft-top-pure\/#primaryimage"},"thumbnailUrl":"https:\/\/i1.wp.com\/interpim.erresse-shop.it\/Import\/Prodotti\/ske700bss.jpg?ssl=1","datePublished":"2026-04-16T17:07:55+00:00","description":"JAUGE SANS BPA ET FILTRE M\u00c9TALLIQUE Avec l\u2019association de la poign\u00e9e antid\u00e9rapante douce et du couvercle \u00e0 ouverture facile, il est aussi facile de faire","breadcrumb":{"@id":"https:\/\/dev6.erresse-shop.it\/fr\/shop\/petits-electromenagers\/bouilloires-electriques\/sage-the-soft-top-pure\/#breadcrumb"},"inLanguage":"fr-FR","potentialAction":[{"@type":"ReadAction","target":["https:\/\/dev6.erresse-shop.it\/fr\/shop\/petits-electromenagers\/bouilloires-electriques\/sage-the-soft-top-pure\/"]}]},{"@type":"ImageObject","inLanguage":"fr-FR","@id":"https:\/\/dev6.erresse-shop.it\/fr\/shop\/petits-electromenagers\/bouilloires-electriques\/sage-the-soft-top-pure\/#primaryimage","url":"https:\/\/i1.wp.com\/interpim.erresse-shop.it\/Import\/Prodotti\/ske700bss.jpg?ssl=1","contentUrl":"https:\/\/i1.wp.com\/interpim.erresse-shop.it\/Import\/Prodotti\/ske700bss.jpg?ssl=1"},{"@type":"BreadcrumbList","@id":"https:\/\/dev6.erresse-shop.it\/fr\/shop\/petits-electromenagers\/bouilloires-electriques\/sage-the-soft-top-pure\/#breadcrumb","itemListElement":[{"@type":"ListItem","position":1,"name":"Home","item":"https:\/\/dev6.erresse-shop.it\/"},{"@type":"ListItem","position":2,"name":"Boutique","item":"https:\/\/dev6.erresse-shop.it\/shop\/"},{"@type":"ListItem","position":3,"name":"SAGE The Soft Top Pure"}]},{"@type":"WebSite","@id":"https:\/\/dev6.erresse-shop.it\/#website","url":"https:\/\/dev6.erresse-shop.it\/","name":"Erresse Shop","description":"","publisher":{"@id":"https:\/\/dev6.erresse-shop.it\/#organization"},"potentialAction":[{"@type":"SearchAction","target":{"@type":"EntryPoint","urlTemplate":"https:\/\/dev6.erresse-shop.it\/?s={search_term_string}"},"query-input":{"@type":"PropertyValueSpecification","valueRequired":true,"valueName":"search_term_string"}}],"inLanguage":"fr-FR"},{"@type":"Organization","@id":"https:\/\/dev6.erresse-shop.it\/#organization","name":"Erresse Shop","url":"https:\/\/dev6.erresse-shop.it\/","logo":{"@type":"ImageObject","inLanguage":"fr-FR","@id":"https:\/\/dev6.erresse-shop.it\/#\/schema\/logo\/image\/","url":"https:\/\/dev6.erresse-shop.it\/wp-content\/uploads\/2025\/01\/LOGO-ERRESSE-CLASSICO.svg","contentUrl":"https:\/\/dev6.erresse-shop.it\/wp-content\/uploads\/2025\/01\/LOGO-ERRESSE-CLASSICO.svg","caption":"Erresse Shop"},"image":{"@id":"https:\/\/dev6.erresse-shop.it\/#\/schema\/logo\/image\/"}}]}},"df_price":99.95,"df_sale_price":99.95,"df_regular_price":109.9,"df_image_link":"https:\/\/i1.wp.com\/interpim.erresse-shop.it\/Import\/Prodotti\/ske700bss.jpg?resize=300,300&ssl=1","fifu_image_url":"https:\/\/interpim.erresse-shop.it\/Import\/Prodotti\/ske700bss.jpg","_links":{"self":[{"href":"https:\/\/dev6.erresse-shop.it\/fr\/wp-json\/wp\/v2\/product\/58810","targetHints":{"allow":["GET"]}}],"collection":[{"href":"https:\/\/dev6.erresse-shop.it\/fr\/wp-json\/wp\/v2\/product"}],"about":[{"href":"https:\/\/dev6.erresse-shop.it\/fr\/wp-json\/wp\/v2\/types\/product"}],"wp:featuredmedia":[{"embeddable":true,"href":"https:\/\/dev6.erresse-shop.it\/fr\/wp-json\/wp\/v2\/media\/6489460"}],"wp:attachment":[{"href":"https:\/\/dev6.erresse-shop.it\/fr\/wp-json\/wp\/v2\/media?parent=58810"}],"wp:term":[{"taxonomy":"product_cat","embeddable":true,"href":"https:\/\/dev6.erresse-shop.it\/fr\/wp-json\/wp\/v2\/product_cat?post=58810"},{"taxonomy":"product_tag","embeddable":true,"href":"https:\/\/dev6.erresse-shop.it\/fr\/wp-json\/wp\/v2\/product_tag?post=58810"}],"curies":[{"name":"wp","href":"https:\/\/api.w.org\/{rel}","templated":true}]}}