{"id":58808,"date":"2026-04-16T19:07:55","date_gmt":"2026-04-16T17:07:55","guid":{"rendered":"https:\/\/dev6.erresse-shop.it\/shop\/non%20class\u00e9\/sage-the-milk-cafe\/"},"modified":"2025-09-14T04:17:50","modified_gmt":"2025-09-14T02:17:50","slug":"sage-the-milk-cafe","status":"publish","type":"product","link":"https:\/\/dev6.erresse-shop.it\/fr\/shop\/petits-electromenagers\/mousseurs-a-lait\/sage-the-milk-cafe\/","title":{"rendered":"SAGE The Milk Caf\u00e9"},"content":{"rendered":"<p>PR\u00c9PAREZ DES BOISSONS AU LAIT CHAUD SAVOUREUSES ET CR\u00c9MEUSES<br \/>\nLe temps o\u00f9 boire du lait chaud revenait \u00e0 plonger ses papilles gustatives dans un bain moussant est r\u00e9volu. Choisissez le disque mousseur appropri\u00e9, ajoutez du lait, s\u00e9lectionnez la temp\u00e9rature souhait\u00e9e, appuyez sur Start et obtenez une boisson r\u00e9alis\u00e9e \u00e0 la perfection.<\/p>\n<p>CHAUFFAGE PAR INDUCTION<br \/>\nLa distribution douce et uniforme de la chaleur obtenue gr\u00e2ce \u00e0 ce proc\u00e9d\u00e9 progressif cr\u00e9e de minuscules bulles, parfaites pour obtenir les meilleures boissons au lait chaud.<\/p>\n<p>ARR\u00caT AUTOMATIQUE<br \/>\nUne fois que le Milk Caf\u00e9 a atteint la temp\u00e9rature souhait\u00e9e, l\u2019appareil se met en veille.<\/p>\n<p>NETTOYAGE FACILE<br \/>\nLe chauffage par induction permet de placer le pichet au lave-vaisselle et de d\u00e9guster votre boisson au lait chaud.<\/p>\n<p>BOUCHON DOSEUR<br \/>\nLe bouchon doseur permet de doser et d\u2019ajouter des ingr\u00e9dients une fois le m\u00e9lange commenc\u00e9 pour pr\u00e9parer un chocolat chaud, de la poudre de cacao ou un chai tea.<\/p>\n<p>PICHET GRANDE CAPACIT\u00c9<br \/>\nPermet d\u2019obtenir trois tasses de mousse de lait. Facile \u00e0 nettoyer et adapt\u00e9 au lave-vaisselle.<\/p>\n<p>SP\u00c9CIFICATION DE PRODUIT<br \/>\n\u2013 Dimensions (IxPxH): 15,5 x 16,3 x 26,2 cm<br \/>\n\u2013 Garantie: Garantie r\u00e9paration, remplacement ou remboursement de 2 ans (\u00e0 la seule discr\u00e9tion de Sage Appliances)<br \/>\n\u2013 Mat\u00e9riaux: Acier inoxydable<br \/>\n\u2013 Capacit\u00e9: 740 ml\/3 tasses<br \/>\n\u2013 Param\u00e8tres: Cold Stir, Warm, Optimum Temp. et Hot<\/p>\n","protected":false},"excerpt":{"rendered":"<p>PR\u00c9PAREZ DES BOISSONS AU LAIT CHAUD SAVOUREUSES ET CR\u00c9MEUSES Le temps o\u00f9 boire du lait chaud revenait \u00e0 plonger ses papilles gustatives dans un bain moussant est r\u00e9volu. Choisissez le disque mousseur appropri\u00e9, ajoutez du lait, s\u00e9lectionnez la temp\u00e9rature souhait\u00e9e, appuyez sur Start et obtenez une boisson r\u00e9alis\u00e9e \u00e0 la perfection. CHAUFFAGE PAR INDUCTION La [&hellip;]<\/p>\n","protected":false},"featured_media":6489447,"template":"","meta":{"_acf_changed":false},"product_cat":[11767,12091,12055],"product_tag":[],"class_list":{"0":"post-58808","1":"product","2":"type-product","3":"status-publish","4":"has-post-thumbnail","6":"product_cat-montalatte","7":"product_cat-mousseurs-a-lait","8":"product_cat-petits-electromenagers","10":"first","11":"outofstock","12":"sale","13":"taxable","14":"shipping-taxable","15":"purchasable","16":"product-type-simple","swatches":"rey-swatches","show_selected":"","stretch_labels":"rey-swatches--stretch-labels"},"acf":[],"yoast_head":"<!-- This site is optimized with the Yoast SEO plugin v25.4 - https:\/\/yoast.com\/wordpress\/plugins\/seo\/ -->\n<title>SAGE The Milk Caf\u00e9 - dev6 Erresse<\/title>\n<meta name=\"description\" content=\"PR\u00c9PAREZ DES BOISSONS AU LAIT CHAUD SAVOUREUSES ET CR\u00c9MEUSES Le temps o\u00f9 boire du lait chaud revenait \u00e0 plonger ses papilles gustatives dans un bain\" \/>\n<meta name=\"robots\" content=\"noindex, follow, max-snippet:-1, max-image-preview:large, max-video-preview:-1\" \/>\n<meta property=\"og:locale\" content=\"fr_FR\" \/>\n<meta property=\"og:type\" content=\"article\" \/>\n<meta property=\"og:title\" content=\"SAGE The Milk Caf\u00e9 - dev6 Erresse\" \/>\n<meta property=\"og:description\" content=\"PR\u00c9PAREZ DES BOISSONS AU LAIT CHAUD SAVOUREUSES ET CR\u00c9MEUSES Le temps o\u00f9 boire du lait chaud revenait \u00e0 plonger ses papilles gustatives dans un bain\" \/>\n<meta property=\"og:url\" content=\"https:\/\/dev6.erresse-shop.it\/fr\/shop\/petits-electromenagers\/mousseurs-a-lait\/sage-the-milk-cafe\/\" \/>\n<meta property=\"og:site_name\" content=\"dev6 Erresse\" \/>\n<meta property=\"og:image\" content=\"https:\/\/interpim.erresse-shop.it\/img-catalogo\/sage\/smf6000bss.jpg\" \/><meta property=\"og:image\" content=\"https:\/\/interpim.erresse-shop.it\/img-catalogo\/sage\/smf6000bss.jpg\" \/>\n\t<meta property=\"og:image:width\" content=\"1024\" \/>\n\t<meta property=\"og:image:height\" content=\"1024\" \/>\n\t<meta property=\"og:image:type\" content=\"image\/jpeg\" \/>\n<meta name=\"twitter:card\" content=\"summary_large_image\" \/>\n<meta name=\"twitter:image\" content=\"https:\/\/interpim.erresse-shop.it\/img-catalogo\/sage\/smf6000bss.jpg\" \/>\n<script type=\"application\/ld+json\" class=\"yoast-schema-graph\">{\"@context\":\"https:\/\/schema.org\",\"@graph\":[{\"@type\":\"WebPage\",\"@id\":\"https:\/\/dev6.erresse-shop.it\/fr\/shop\/petits-electromenagers\/mousseurs-a-lait\/sage-the-milk-cafe\/\",\"url\":\"https:\/\/dev6.erresse-shop.it\/fr\/shop\/petits-electromenagers\/mousseurs-a-lait\/sage-the-milk-cafe\/\",\"name\":\"SAGE The Milk Caf\u00e9 - dev6 Erresse\",\"isPartOf\":{\"@id\":\"https:\/\/dev6.erresse-shop.it\/#website\"},\"primaryImageOfPage\":{\"@id\":\"https:\/\/dev6.erresse-shop.it\/fr\/shop\/petits-electromenagers\/mousseurs-a-lait\/sage-the-milk-cafe\/#primaryimage\"},\"image\":{\"@id\":\"https:\/\/dev6.erresse-shop.it\/fr\/shop\/petits-electromenagers\/mousseurs-a-lait\/sage-the-milk-cafe\/#primaryimage\"},\"thumbnailUrl\":\"https:\/\/i3.wp.com\/interpim.erresse-shop.it\/img-catalogo\/sage\/smf6000bss.jpg?ssl=1\",\"datePublished\":\"2026-04-16T17:07:55+00:00\",\"description\":\"PR\u00c9PAREZ DES BOISSONS AU LAIT CHAUD SAVOUREUSES ET CR\u00c9MEUSES Le temps o\u00f9 boire du lait chaud revenait \u00e0 plonger ses papilles gustatives dans un bain\",\"breadcrumb\":{\"@id\":\"https:\/\/dev6.erresse-shop.it\/fr\/shop\/petits-electromenagers\/mousseurs-a-lait\/sage-the-milk-cafe\/#breadcrumb\"},\"inLanguage\":\"fr-FR\",\"potentialAction\":[{\"@type\":\"ReadAction\",\"target\":[\"https:\/\/dev6.erresse-shop.it\/fr\/shop\/petits-electromenagers\/mousseurs-a-lait\/sage-the-milk-cafe\/\"]}]},{\"@type\":\"ImageObject\",\"inLanguage\":\"fr-FR\",\"@id\":\"https:\/\/dev6.erresse-shop.it\/fr\/shop\/petits-electromenagers\/mousseurs-a-lait\/sage-the-milk-cafe\/#primaryimage\",\"url\":\"https:\/\/i3.wp.com\/interpim.erresse-shop.it\/img-catalogo\/sage\/smf6000bss.jpg?ssl=1\",\"contentUrl\":\"https:\/\/i3.wp.com\/interpim.erresse-shop.it\/img-catalogo\/sage\/smf6000bss.jpg?ssl=1\"},{\"@type\":\"BreadcrumbList\",\"@id\":\"https:\/\/dev6.erresse-shop.it\/fr\/shop\/petits-electromenagers\/mousseurs-a-lait\/sage-the-milk-cafe\/#breadcrumb\",\"itemListElement\":[{\"@type\":\"ListItem\",\"position\":1,\"name\":\"Home\",\"item\":\"https:\/\/dev6.erresse-shop.it\/\"},{\"@type\":\"ListItem\",\"position\":2,\"name\":\"Boutique\",\"item\":\"https:\/\/dev6.erresse-shop.it\/shop\/\"},{\"@type\":\"ListItem\",\"position\":3,\"name\":\"SAGE The Milk Caf\u00e9\"}]},{\"@type\":\"WebSite\",\"@id\":\"https:\/\/dev6.erresse-shop.it\/#website\",\"url\":\"https:\/\/dev6.erresse-shop.it\/\",\"name\":\"Erresse Shop\",\"description\":\"\",\"publisher\":{\"@id\":\"https:\/\/dev6.erresse-shop.it\/#organization\"},\"potentialAction\":[{\"@type\":\"SearchAction\",\"target\":{\"@type\":\"EntryPoint\",\"urlTemplate\":\"https:\/\/dev6.erresse-shop.it\/?s={search_term_string}\"},\"query-input\":{\"@type\":\"PropertyValueSpecification\",\"valueRequired\":true,\"valueName\":\"search_term_string\"}}],\"inLanguage\":\"fr-FR\"},{\"@type\":\"Organization\",\"@id\":\"https:\/\/dev6.erresse-shop.it\/#organization\",\"name\":\"Erresse Shop\",\"url\":\"https:\/\/dev6.erresse-shop.it\/\",\"logo\":{\"@type\":\"ImageObject\",\"inLanguage\":\"fr-FR\",\"@id\":\"https:\/\/dev6.erresse-shop.it\/#\/schema\/logo\/image\/\",\"url\":\"https:\/\/dev6.erresse-shop.it\/wp-content\/uploads\/2025\/01\/LOGO-ERRESSE-CLASSICO.svg\",\"contentUrl\":\"https:\/\/dev6.erresse-shop.it\/wp-content\/uploads\/2025\/01\/LOGO-ERRESSE-CLASSICO.svg\",\"caption\":\"Erresse Shop\"},\"image\":{\"@id\":\"https:\/\/dev6.erresse-shop.it\/#\/schema\/logo\/image\/\"}}]}<\/script>\n<!-- \/ Yoast SEO plugin. -->","yoast_head_json":{"title":"SAGE The Milk Caf\u00e9 - dev6 Erresse","description":"PR\u00c9PAREZ DES BOISSONS AU LAIT CHAUD SAVOUREUSES ET CR\u00c9MEUSES Le temps o\u00f9 boire du lait chaud revenait \u00e0 plonger ses papilles gustatives dans un bain","robots":{"index":"noindex","follow":"follow","max-snippet":"max-snippet:-1","max-image-preview":"max-image-preview:large","max-video-preview":"max-video-preview:-1"},"og_locale":"fr_FR","og_type":"article","og_title":"SAGE The Milk Caf\u00e9 - dev6 Erresse","og_description":"PR\u00c9PAREZ DES BOISSONS AU LAIT CHAUD SAVOUREUSES ET CR\u00c9MEUSES Le temps o\u00f9 boire du lait chaud revenait \u00e0 plonger ses papilles gustatives dans un bain","og_url":"https:\/\/dev6.erresse-shop.it\/fr\/shop\/petits-electromenagers\/mousseurs-a-lait\/sage-the-milk-cafe\/","og_site_name":"dev6 Erresse","og_image":[{"url":"https:\/\/interpim.erresse-shop.it\/img-catalogo\/sage\/smf6000bss.jpg","type":"","width":"","height":""},{"url":"https:\/\/interpim.erresse-shop.it\/img-catalogo\/sage\/smf6000bss.jpg","width":1024,"height":1024,"type":"image\/jpeg"}],"twitter_card":"summary_large_image","twitter_image":"https:\/\/interpim.erresse-shop.it\/img-catalogo\/sage\/smf6000bss.jpg","schema":{"@context":"https:\/\/schema.org","@graph":[{"@type":"WebPage","@id":"https:\/\/dev6.erresse-shop.it\/fr\/shop\/petits-electromenagers\/mousseurs-a-lait\/sage-the-milk-cafe\/","url":"https:\/\/dev6.erresse-shop.it\/fr\/shop\/petits-electromenagers\/mousseurs-a-lait\/sage-the-milk-cafe\/","name":"SAGE The Milk Caf\u00e9 - dev6 Erresse","isPartOf":{"@id":"https:\/\/dev6.erresse-shop.it\/#website"},"primaryImageOfPage":{"@id":"https:\/\/dev6.erresse-shop.it\/fr\/shop\/petits-electromenagers\/mousseurs-a-lait\/sage-the-milk-cafe\/#primaryimage"},"image":{"@id":"https:\/\/dev6.erresse-shop.it\/fr\/shop\/petits-electromenagers\/mousseurs-a-lait\/sage-the-milk-cafe\/#primaryimage"},"thumbnailUrl":"https:\/\/i3.wp.com\/interpim.erresse-shop.it\/img-catalogo\/sage\/smf6000bss.jpg?ssl=1","datePublished":"2026-04-16T17:07:55+00:00","description":"PR\u00c9PAREZ DES BOISSONS AU LAIT CHAUD SAVOUREUSES ET CR\u00c9MEUSES Le temps o\u00f9 boire du lait chaud revenait \u00e0 plonger ses papilles gustatives dans un bain","breadcrumb":{"@id":"https:\/\/dev6.erresse-shop.it\/fr\/shop\/petits-electromenagers\/mousseurs-a-lait\/sage-the-milk-cafe\/#breadcrumb"},"inLanguage":"fr-FR","potentialAction":[{"@type":"ReadAction","target":["https:\/\/dev6.erresse-shop.it\/fr\/shop\/petits-electromenagers\/mousseurs-a-lait\/sage-the-milk-cafe\/"]}]},{"@type":"ImageObject","inLanguage":"fr-FR","@id":"https:\/\/dev6.erresse-shop.it\/fr\/shop\/petits-electromenagers\/mousseurs-a-lait\/sage-the-milk-cafe\/#primaryimage","url":"https:\/\/i3.wp.com\/interpim.erresse-shop.it\/img-catalogo\/sage\/smf6000bss.jpg?ssl=1","contentUrl":"https:\/\/i3.wp.com\/interpim.erresse-shop.it\/img-catalogo\/sage\/smf6000bss.jpg?ssl=1"},{"@type":"BreadcrumbList","@id":"https:\/\/dev6.erresse-shop.it\/fr\/shop\/petits-electromenagers\/mousseurs-a-lait\/sage-the-milk-cafe\/#breadcrumb","itemListElement":[{"@type":"ListItem","position":1,"name":"Home","item":"https:\/\/dev6.erresse-shop.it\/"},{"@type":"ListItem","position":2,"name":"Boutique","item":"https:\/\/dev6.erresse-shop.it\/shop\/"},{"@type":"ListItem","position":3,"name":"SAGE The Milk Caf\u00e9"}]},{"@type":"WebSite","@id":"https:\/\/dev6.erresse-shop.it\/#website","url":"https:\/\/dev6.erresse-shop.it\/","name":"Erresse Shop","description":"","publisher":{"@id":"https:\/\/dev6.erresse-shop.it\/#organization"},"potentialAction":[{"@type":"SearchAction","target":{"@type":"EntryPoint","urlTemplate":"https:\/\/dev6.erresse-shop.it\/?s={search_term_string}"},"query-input":{"@type":"PropertyValueSpecification","valueRequired":true,"valueName":"search_term_string"}}],"inLanguage":"fr-FR"},{"@type":"Organization","@id":"https:\/\/dev6.erresse-shop.it\/#organization","name":"Erresse Shop","url":"https:\/\/dev6.erresse-shop.it\/","logo":{"@type":"ImageObject","inLanguage":"fr-FR","@id":"https:\/\/dev6.erresse-shop.it\/#\/schema\/logo\/image\/","url":"https:\/\/dev6.erresse-shop.it\/wp-content\/uploads\/2025\/01\/LOGO-ERRESSE-CLASSICO.svg","contentUrl":"https:\/\/dev6.erresse-shop.it\/wp-content\/uploads\/2025\/01\/LOGO-ERRESSE-CLASSICO.svg","caption":"Erresse Shop"},"image":{"@id":"https:\/\/dev6.erresse-shop.it\/#\/schema\/logo\/image\/"}}]}},"df_price":149.95,"df_sale_price":149.95,"df_regular_price":169.9,"df_image_link":"https:\/\/i3.wp.com\/interpim.erresse-shop.it\/img-catalogo\/sage\/smf6000bss.jpg?resize=300,300&ssl=1","fifu_image_url":"https:\/\/interpim.erresse-shop.it\/img-catalogo\/sage\/smf6000bss.jpg","_links":{"self":[{"href":"https:\/\/dev6.erresse-shop.it\/fr\/wp-json\/wp\/v2\/product\/58808","targetHints":{"allow":["GET"]}}],"collection":[{"href":"https:\/\/dev6.erresse-shop.it\/fr\/wp-json\/wp\/v2\/product"}],"about":[{"href":"https:\/\/dev6.erresse-shop.it\/fr\/wp-json\/wp\/v2\/types\/product"}],"wp:featuredmedia":[{"embeddable":true,"href":"https:\/\/dev6.erresse-shop.it\/fr\/wp-json\/wp\/v2\/media\/6489447"}],"wp:attachment":[{"href":"https:\/\/dev6.erresse-shop.it\/fr\/wp-json\/wp\/v2\/media?parent=58808"}],"wp:term":[{"taxonomy":"product_cat","embeddable":true,"href":"https:\/\/dev6.erresse-shop.it\/fr\/wp-json\/wp\/v2\/product_cat?post=58808"},{"taxonomy":"product_tag","embeddable":true,"href":"https:\/\/dev6.erresse-shop.it\/fr\/wp-json\/wp\/v2\/product_tag?post=58808"}],"curies":[{"name":"wp","href":"https:\/\/api.w.org\/{rel}","templated":true}]}}