{"id":58766,"date":"2026-04-16T19:06:46","date_gmt":"2026-04-16T17:06:46","guid":{"rendered":"https:\/\/dev6.erresse-shop.it\/shop\/non%20class\u00e9\/magimix-robot-multifonction-compact-3200xl-chrome-2021\/"},"modified":"2025-07-19T03:58:45","modified_gmt":"2025-07-19T01:58:45","slug":"magimix-robot-multifonction-compact-3200xl-chrome-2021","status":"publish","type":"product","link":"https:\/\/dev6.erresse-shop.it\/fr\/shop\/petits-electromenagers\/robots-de-cuisine\/magimix-robot-multifonction-compact-3200xl-chrome-2021\/","title":{"rendered":"MAGIMIX Robot multifonction Compact 3200XL Chrome 2021"},"content":{"rendered":"<p>Compatible avec tous les accessoires 4200 et 5200<\/p>\n<p>MAGIMIX.<\/p>\n<p>C\u2019est en France, au c\u0153ur de la Bourgogne, r\u00e9put\u00e9e pour sa gastronomie, que Magimix a invent\u00e9, il y a plus de quarante ans, le robot culinaire.Aujourd\u2019hui, les appareils Magimix sont la version domestique des appareils destin\u00e9s aux professionnels. Les plus grands restaurants du monde utilisent la version professionnelle de nos produits.Au sein de la gamme Magimix, vous trouverez la gamme compl\u00e8te du petit \u00e9lectrom\u00e9nager.Toujours \u00e0 la pointe de l\u2019innovation dans la cuisine, Magimix est fi\u00e8re de pr\u00e9senter sa derni\u00e8re collection pour le plaisir de cuisiner comme un grand cuisinier.<\/p>\n<p>COMPACT 3200XL.\u00a0Avec ses 3 bols, le Compact 3200 XL vous permet de cuisiner pour 4-5 personnes.<\/p>\n<p>Bol grand 2,6 litres<br \/>\nBol en moyenne 2,2 litres<br \/>\nMini bol 1,2 litre<br \/>\nspatule 1<br \/>\nCapacit\u00e9: Brioche 500 g P\u00e2tes Pain 600 g P\u00e2tes bris\u00e9es 1 kg Cr\u00e8me 1 litre B\u0153uf hach\u00e9 750 g Carottes 800 g 5 blancs d\u2019\u0153ufs<br \/>\nMat\u00e9riau 0% BPA<br \/>\nPuissance du moteur 650W<br \/>\nGarantie 3 ans<br \/>\nGarantie moteur 30 ans<br \/>\nDimensions H395 x L190 x P225 mm<br \/>\nPoids 9,3 kg<br \/>\nFabriqu\u00e9 en France<br \/>\nRemarque: la prise d\u2019alimentation est europ\u00e9enne Schuko<\/p>\n<p>Pas \u00e0 vendre en dehors de l\u2019Europe<\/p>\n","protected":false},"excerpt":{"rendered":"<p>Compatible avec tous les accessoires 4200 et 5200 MAGIMIX. C\u2019est en France, au c\u0153ur de la Bourgogne, r\u00e9put\u00e9e pour sa gastronomie, que Magimix a invent\u00e9, il y a plus de quarante ans, le robot culinaire.Aujourd\u2019hui, les appareils Magimix sont la version domestique des appareils destin\u00e9s aux professionnels. Les plus grands restaurants du monde utilisent la [&hellip;]<\/p>\n","protected":false},"featured_media":6489348,"template":"","meta":{"_acf_changed":false},"product_cat":[12055,11742,12066],"product_tag":[],"class_list":{"0":"post-58766","1":"product","2":"type-product","3":"status-publish","4":"has-post-thumbnail","6":"product_cat-petits-electromenagers","7":"product_cat-robot-da-cucina-impastatrici","8":"product_cat-robots-de-cuisine","10":"first","11":"instock","12":"sale","13":"taxable","14":"shipping-taxable","15":"purchasable","16":"product-type-simple","swatches":"rey-swatches","show_selected":"","stretch_labels":"rey-swatches--stretch-labels"},"acf":[],"yoast_head":"<!-- This site is optimized with the Yoast SEO plugin v25.4 - https:\/\/yoast.com\/wordpress\/plugins\/seo\/ -->\n<title>MAGIMIX Robot multifonction Compact 3200XL Chrome 2021 - dev6 Erresse<\/title>\n<meta name=\"description\" content=\"Compatible avec tous les accessoires 4200 et 5200 MAGIMIX. C\u2019est en France, au c\u0153ur de la Bourgogne, r\u00e9put\u00e9e pour sa gastronomie, que Magimix a invent\u00e9,\" \/>\n<meta name=\"robots\" content=\"noindex, follow, max-snippet:-1, max-image-preview:large, max-video-preview:-1\" \/>\n<meta property=\"og:locale\" content=\"fr_FR\" \/>\n<meta property=\"og:type\" content=\"article\" \/>\n<meta property=\"og:title\" content=\"MAGIMIX Robot multifonction Compact 3200XL Chrome 2021 - dev6 Erresse\" \/>\n<meta property=\"og:description\" content=\"Compatible avec tous les accessoires 4200 et 5200 MAGIMIX. C\u2019est en France, au c\u0153ur de la Bourgogne, r\u00e9put\u00e9e pour sa gastronomie, que Magimix a invent\u00e9,\" \/>\n<meta property=\"og:url\" content=\"https:\/\/dev6.erresse-shop.it\/fr\/shop\/petits-electromenagers\/robots-de-cuisine\/magimix-robot-multifonction-compact-3200xl-chrome-2021\/\" \/>\n<meta property=\"og:site_name\" content=\"dev6 Erresse\" \/>\n<meta property=\"og:image\" content=\"https:\/\/interpim.erresse-shop.it\/Import\/Prodotti\/magimix-robot-da-cucina-compact-3200xl-cromo-2021.jpg\" \/><meta property=\"og:image\" content=\"https:\/\/interpim.erresse-shop.it\/Import\/Prodotti\/magimix-robot-da-cucina-compact-3200xl-cromo-2021.jpg\" \/>\n\t<meta property=\"og:image:width\" content=\"1024\" \/>\n\t<meta property=\"og:image:height\" content=\"1024\" \/>\n\t<meta property=\"og:image:type\" content=\"image\/jpeg\" \/>\n<meta name=\"twitter:card\" content=\"summary_large_image\" \/>\n<meta name=\"twitter:image\" content=\"https:\/\/interpim.erresse-shop.it\/Import\/Prodotti\/magimix-robot-da-cucina-compact-3200xl-cromo-2021.jpg\" \/>\n<script type=\"application\/ld+json\" class=\"yoast-schema-graph\">{\"@context\":\"https:\/\/schema.org\",\"@graph\":[{\"@type\":\"WebPage\",\"@id\":\"https:\/\/dev6.erresse-shop.it\/fr\/shop\/petits-electromenagers\/robots-de-cuisine\/magimix-robot-multifonction-compact-3200xl-chrome-2021\/\",\"url\":\"https:\/\/dev6.erresse-shop.it\/fr\/shop\/petits-electromenagers\/robots-de-cuisine\/magimix-robot-multifonction-compact-3200xl-chrome-2021\/\",\"name\":\"MAGIMIX Robot multifonction Compact 3200XL Chrome 2021 - dev6 Erresse\",\"isPartOf\":{\"@id\":\"https:\/\/dev6.erresse-shop.it\/#website\"},\"primaryImageOfPage\":{\"@id\":\"https:\/\/dev6.erresse-shop.it\/fr\/shop\/petits-electromenagers\/robots-de-cuisine\/magimix-robot-multifonction-compact-3200xl-chrome-2021\/#primaryimage\"},\"image\":{\"@id\":\"https:\/\/dev6.erresse-shop.it\/fr\/shop\/petits-electromenagers\/robots-de-cuisine\/magimix-robot-multifonction-compact-3200xl-chrome-2021\/#primaryimage\"},\"thumbnailUrl\":\"https:\/\/i2.wp.com\/interpim.erresse-shop.it\/Import\/Prodotti\/magimix-robot-da-cucina-compact-3200xl-cromo-2021.jpg?ssl=1\",\"datePublished\":\"2026-04-16T17:06:46+00:00\",\"description\":\"Compatible avec tous les accessoires 4200 et 5200 MAGIMIX. C\u2019est en France, au c\u0153ur de la Bourgogne, r\u00e9put\u00e9e pour sa gastronomie, que Magimix a invent\u00e9,\",\"breadcrumb\":{\"@id\":\"https:\/\/dev6.erresse-shop.it\/fr\/shop\/petits-electromenagers\/robots-de-cuisine\/magimix-robot-multifonction-compact-3200xl-chrome-2021\/#breadcrumb\"},\"inLanguage\":\"fr-FR\",\"potentialAction\":[{\"@type\":\"ReadAction\",\"target\":[\"https:\/\/dev6.erresse-shop.it\/fr\/shop\/petits-electromenagers\/robots-de-cuisine\/magimix-robot-multifonction-compact-3200xl-chrome-2021\/\"]}]},{\"@type\":\"ImageObject\",\"inLanguage\":\"fr-FR\",\"@id\":\"https:\/\/dev6.erresse-shop.it\/fr\/shop\/petits-electromenagers\/robots-de-cuisine\/magimix-robot-multifonction-compact-3200xl-chrome-2021\/#primaryimage\",\"url\":\"https:\/\/i2.wp.com\/interpim.erresse-shop.it\/Import\/Prodotti\/magimix-robot-da-cucina-compact-3200xl-cromo-2021.jpg?ssl=1\",\"contentUrl\":\"https:\/\/i2.wp.com\/interpim.erresse-shop.it\/Import\/Prodotti\/magimix-robot-da-cucina-compact-3200xl-cromo-2021.jpg?ssl=1\"},{\"@type\":\"BreadcrumbList\",\"@id\":\"https:\/\/dev6.erresse-shop.it\/fr\/shop\/petits-electromenagers\/robots-de-cuisine\/magimix-robot-multifonction-compact-3200xl-chrome-2021\/#breadcrumb\",\"itemListElement\":[{\"@type\":\"ListItem\",\"position\":1,\"name\":\"Home\",\"item\":\"https:\/\/dev6.erresse-shop.it\/\"},{\"@type\":\"ListItem\",\"position\":2,\"name\":\"Boutique\",\"item\":\"https:\/\/dev6.erresse-shop.it\/shop\/\"},{\"@type\":\"ListItem\",\"position\":3,\"name\":\"MAGIMIX Robot multifonction Compact 3200XL Chrome 2021\"}]},{\"@type\":\"WebSite\",\"@id\":\"https:\/\/dev6.erresse-shop.it\/#website\",\"url\":\"https:\/\/dev6.erresse-shop.it\/\",\"name\":\"Erresse Shop\",\"description\":\"\",\"publisher\":{\"@id\":\"https:\/\/dev6.erresse-shop.it\/#organization\"},\"potentialAction\":[{\"@type\":\"SearchAction\",\"target\":{\"@type\":\"EntryPoint\",\"urlTemplate\":\"https:\/\/dev6.erresse-shop.it\/?s={search_term_string}\"},\"query-input\":{\"@type\":\"PropertyValueSpecification\",\"valueRequired\":true,\"valueName\":\"search_term_string\"}}],\"inLanguage\":\"fr-FR\"},{\"@type\":\"Organization\",\"@id\":\"https:\/\/dev6.erresse-shop.it\/#organization\",\"name\":\"Erresse Shop\",\"url\":\"https:\/\/dev6.erresse-shop.it\/\",\"logo\":{\"@type\":\"ImageObject\",\"inLanguage\":\"fr-FR\",\"@id\":\"https:\/\/dev6.erresse-shop.it\/#\/schema\/logo\/image\/\",\"url\":\"https:\/\/dev6.erresse-shop.it\/wp-content\/uploads\/2025\/01\/LOGO-ERRESSE-CLASSICO.svg\",\"contentUrl\":\"https:\/\/dev6.erresse-shop.it\/wp-content\/uploads\/2025\/01\/LOGO-ERRESSE-CLASSICO.svg\",\"caption\":\"Erresse Shop\"},\"image\":{\"@id\":\"https:\/\/dev6.erresse-shop.it\/#\/schema\/logo\/image\/\"}}]}<\/script>\n<!-- \/ Yoast SEO plugin. -->","yoast_head_json":{"title":"MAGIMIX Robot multifonction Compact 3200XL Chrome 2021 - dev6 Erresse","description":"Compatible avec tous les accessoires 4200 et 5200 MAGIMIX. C\u2019est en France, au c\u0153ur de la Bourgogne, r\u00e9put\u00e9e pour sa gastronomie, que Magimix a invent\u00e9,","robots":{"index":"noindex","follow":"follow","max-snippet":"max-snippet:-1","max-image-preview":"max-image-preview:large","max-video-preview":"max-video-preview:-1"},"og_locale":"fr_FR","og_type":"article","og_title":"MAGIMIX Robot multifonction Compact 3200XL Chrome 2021 - dev6 Erresse","og_description":"Compatible avec tous les accessoires 4200 et 5200 MAGIMIX. C\u2019est en France, au c\u0153ur de la Bourgogne, r\u00e9put\u00e9e pour sa gastronomie, que Magimix a invent\u00e9,","og_url":"https:\/\/dev6.erresse-shop.it\/fr\/shop\/petits-electromenagers\/robots-de-cuisine\/magimix-robot-multifonction-compact-3200xl-chrome-2021\/","og_site_name":"dev6 Erresse","og_image":[{"url":"https:\/\/interpim.erresse-shop.it\/Import\/Prodotti\/magimix-robot-da-cucina-compact-3200xl-cromo-2021.jpg","type":"","width":"","height":""},{"url":"https:\/\/interpim.erresse-shop.it\/Import\/Prodotti\/magimix-robot-da-cucina-compact-3200xl-cromo-2021.jpg","width":1024,"height":1024,"type":"image\/jpeg"}],"twitter_card":"summary_large_image","twitter_image":"https:\/\/interpim.erresse-shop.it\/Import\/Prodotti\/magimix-robot-da-cucina-compact-3200xl-cromo-2021.jpg","schema":{"@context":"https:\/\/schema.org","@graph":[{"@type":"WebPage","@id":"https:\/\/dev6.erresse-shop.it\/fr\/shop\/petits-electromenagers\/robots-de-cuisine\/magimix-robot-multifonction-compact-3200xl-chrome-2021\/","url":"https:\/\/dev6.erresse-shop.it\/fr\/shop\/petits-electromenagers\/robots-de-cuisine\/magimix-robot-multifonction-compact-3200xl-chrome-2021\/","name":"MAGIMIX Robot multifonction Compact 3200XL Chrome 2021 - dev6 Erresse","isPartOf":{"@id":"https:\/\/dev6.erresse-shop.it\/#website"},"primaryImageOfPage":{"@id":"https:\/\/dev6.erresse-shop.it\/fr\/shop\/petits-electromenagers\/robots-de-cuisine\/magimix-robot-multifonction-compact-3200xl-chrome-2021\/#primaryimage"},"image":{"@id":"https:\/\/dev6.erresse-shop.it\/fr\/shop\/petits-electromenagers\/robots-de-cuisine\/magimix-robot-multifonction-compact-3200xl-chrome-2021\/#primaryimage"},"thumbnailUrl":"https:\/\/i2.wp.com\/interpim.erresse-shop.it\/Import\/Prodotti\/magimix-robot-da-cucina-compact-3200xl-cromo-2021.jpg?ssl=1","datePublished":"2026-04-16T17:06:46+00:00","description":"Compatible avec tous les accessoires 4200 et 5200 MAGIMIX. C\u2019est en France, au c\u0153ur de la Bourgogne, r\u00e9put\u00e9e pour sa gastronomie, que Magimix a invent\u00e9,","breadcrumb":{"@id":"https:\/\/dev6.erresse-shop.it\/fr\/shop\/petits-electromenagers\/robots-de-cuisine\/magimix-robot-multifonction-compact-3200xl-chrome-2021\/#breadcrumb"},"inLanguage":"fr-FR","potentialAction":[{"@type":"ReadAction","target":["https:\/\/dev6.erresse-shop.it\/fr\/shop\/petits-electromenagers\/robots-de-cuisine\/magimix-robot-multifonction-compact-3200xl-chrome-2021\/"]}]},{"@type":"ImageObject","inLanguage":"fr-FR","@id":"https:\/\/dev6.erresse-shop.it\/fr\/shop\/petits-electromenagers\/robots-de-cuisine\/magimix-robot-multifonction-compact-3200xl-chrome-2021\/#primaryimage","url":"https:\/\/i2.wp.com\/interpim.erresse-shop.it\/Import\/Prodotti\/magimix-robot-da-cucina-compact-3200xl-cromo-2021.jpg?ssl=1","contentUrl":"https:\/\/i2.wp.com\/interpim.erresse-shop.it\/Import\/Prodotti\/magimix-robot-da-cucina-compact-3200xl-cromo-2021.jpg?ssl=1"},{"@type":"BreadcrumbList","@id":"https:\/\/dev6.erresse-shop.it\/fr\/shop\/petits-electromenagers\/robots-de-cuisine\/magimix-robot-multifonction-compact-3200xl-chrome-2021\/#breadcrumb","itemListElement":[{"@type":"ListItem","position":1,"name":"Home","item":"https:\/\/dev6.erresse-shop.it\/"},{"@type":"ListItem","position":2,"name":"Boutique","item":"https:\/\/dev6.erresse-shop.it\/shop\/"},{"@type":"ListItem","position":3,"name":"MAGIMIX Robot multifonction Compact 3200XL Chrome 2021"}]},{"@type":"WebSite","@id":"https:\/\/dev6.erresse-shop.it\/#website","url":"https:\/\/dev6.erresse-shop.it\/","name":"Erresse Shop","description":"","publisher":{"@id":"https:\/\/dev6.erresse-shop.it\/#organization"},"potentialAction":[{"@type":"SearchAction","target":{"@type":"EntryPoint","urlTemplate":"https:\/\/dev6.erresse-shop.it\/?s={search_term_string}"},"query-input":{"@type":"PropertyValueSpecification","valueRequired":true,"valueName":"search_term_string"}}],"inLanguage":"fr-FR"},{"@type":"Organization","@id":"https:\/\/dev6.erresse-shop.it\/#organization","name":"Erresse Shop","url":"https:\/\/dev6.erresse-shop.it\/","logo":{"@type":"ImageObject","inLanguage":"fr-FR","@id":"https:\/\/dev6.erresse-shop.it\/#\/schema\/logo\/image\/","url":"https:\/\/dev6.erresse-shop.it\/wp-content\/uploads\/2025\/01\/LOGO-ERRESSE-CLASSICO.svg","contentUrl":"https:\/\/dev6.erresse-shop.it\/wp-content\/uploads\/2025\/01\/LOGO-ERRESSE-CLASSICO.svg","caption":"Erresse Shop"},"image":{"@id":"https:\/\/dev6.erresse-shop.it\/#\/schema\/logo\/image\/"}}]}},"df_price":339.95,"df_sale_price":339.95,"df_regular_price":400,"df_image_link":"https:\/\/i2.wp.com\/interpim.erresse-shop.it\/Import\/Prodotti\/magimix-robot-da-cucina-compact-3200xl-cromo-2021.jpg?resize=300,300&ssl=1","fifu_image_url":"https:\/\/interpim.erresse-shop.it\/Import\/Prodotti\/magimix-robot-da-cucina-compact-3200xl-cromo-2021.jpg","_links":{"self":[{"href":"https:\/\/dev6.erresse-shop.it\/fr\/wp-json\/wp\/v2\/product\/58766","targetHints":{"allow":["GET"]}}],"collection":[{"href":"https:\/\/dev6.erresse-shop.it\/fr\/wp-json\/wp\/v2\/product"}],"about":[{"href":"https:\/\/dev6.erresse-shop.it\/fr\/wp-json\/wp\/v2\/types\/product"}],"wp:featuredmedia":[{"embeddable":true,"href":"https:\/\/dev6.erresse-shop.it\/fr\/wp-json\/wp\/v2\/media\/6489348"}],"wp:attachment":[{"href":"https:\/\/dev6.erresse-shop.it\/fr\/wp-json\/wp\/v2\/media?parent=58766"}],"wp:term":[{"taxonomy":"product_cat","embeddable":true,"href":"https:\/\/dev6.erresse-shop.it\/fr\/wp-json\/wp\/v2\/product_cat?post=58766"},{"taxonomy":"product_tag","embeddable":true,"href":"https:\/\/dev6.erresse-shop.it\/fr\/wp-json\/wp\/v2\/product_tag?post=58766"}],"curies":[{"name":"wp","href":"https:\/\/api.w.org\/{rel}","templated":true}]}}