{"id":58666,"date":"2026-04-04T08:28:46","date_gmt":"2026-04-04T06:28:46","guid":{"rendered":"https:\/\/dev6.erresse-shop.it\/shop\/non%20class\u00e9\/carlo-moretti-verre-bora-cristal-de-murano-24\/"},"modified":"2025-09-14T04:15:05","modified_gmt":"2025-09-14T02:15:05","slug":"carlo-moretti-verre-bora-cristal-de-murano-24","status":"publish","type":"product","link":"https:\/\/dev6.erresse-shop.it\/fr\/shop\/table-fr-2\/verres\/carlo-moretti-verre-bora-cristal-de-murano-24\/","title":{"rendered":"CARLO MORETTI Verre Bora Cristal de Murano"},"content":{"rendered":"<p>Verres \u00e0 section ovale irr\u00e9guli\u00e8re, inclin\u00e9e, en cristal de Murano, souffl\u00e9s \u00e0 la bouche et finis \u00e0 la main dans diff\u00e9rents motifs d\u00e9coratifs appliqu\u00e9s \u00e0 chaud : festons, taches, bandes, anneaux et spirales color\u00e9s, feuilles d\u2019or et d\u2019argent, couleurs transparentes et en p\u00e2te. Ils sont sign\u00e9s et dat\u00e9s.<\/p>\n<p>Les verres Bora sont produits en utilisant uniquement du cristal de Murano transparent et travaill\u00e9s de mani\u00e8re irr\u00e9guli\u00e8re et de fa\u00e7on \u00e0 cr\u00e9er un plan inclin\u00e9 reproduisant l\u2019effet de la bora, le vent typique des r\u00e9gions du nord-est de l\u2019Italie. Tous les verres sont faits \u00e0 la main, souffl\u00e9s \u00e0 la bouche et finis avec des motifs d\u00e9coratifs appliqu\u00e9s \u00e0 chaud de bandes, murrines, taches et anneaux.<\/p>\n<p>Verre et cristal de Murano : des \u00e9l\u00e9ments de valeur enti\u00e8rement italiens qui trouvent leur expression maximale dans les pr\u00e9cieuses collections sign\u00e9es par Carlo Moretti, une entreprise bas\u00e9e parmi les petites \u00eeles qui composent Murano. Le prestige de cette entreprise de Murano est d\u00fb \u00e0 la grande ma\u00eetrise de l\u2019utilisation du verre et du cristal, ce dernier ayant une plus grande r\u00e9sistance gr\u00e2ce \u00e0 l\u2019ajout de plomb dans le m\u00e9lange.<\/p>\n<p>Verre de Murano travaill\u00e9 et peint enti\u00e8rement \u00e0 la main. Chaque pi\u00e8ce est donc unique et inimitable. Commandez d\u2019autres verres Carlo Moretti pour une collection unique.Quantit\u00e9 : 1 verre<\/p>\n","protected":false},"excerpt":{"rendered":"<p>Verres \u00e0 section ovale irr\u00e9guli\u00e8re, inclin\u00e9e, en cristal de Murano, souffl\u00e9s \u00e0 la bouche et finis \u00e0 la main dans diff\u00e9rents motifs d\u00e9coratifs appliqu\u00e9s \u00e0 chaud : festons, taches, bandes, anneaux et spirales color\u00e9s, feuilles d\u2019or et d\u2019argent, couleurs transparentes et en p\u00e2te. Ils sont sign\u00e9s et dat\u00e9s. Les verres Bora sont produits en utilisant [&hellip;]<\/p>\n","protected":false},"featured_media":6266675,"template":"","meta":{"_acf_changed":false},"product_cat":[11995,11671,12009],"product_tag":[],"class_list":{"0":"post-58666","1":"product","2":"type-product","3":"status-publish","4":"has-post-thumbnail","6":"product_cat-table-fr-2","7":"product_cat-tavola","8":"product_cat-verres","10":"first","11":"outofstock","12":"sale","13":"taxable","14":"shipping-taxable","15":"purchasable","16":"product-type-simple","swatches":"rey-swatches","show_selected":"","stretch_labels":"rey-swatches--stretch-labels"},"acf":[],"yoast_head":"<!-- This site is optimized with the Yoast SEO plugin v25.4 - https:\/\/yoast.com\/wordpress\/plugins\/seo\/ -->\n<title>CARLO MORETTI Verre Bora Cristal de Murano - dev6 Erresse<\/title>\n<meta name=\"description\" content=\"Verres \u00e0 section ovale irr\u00e9guli\u00e8re, inclin\u00e9e, en cristal de Murano, souffl\u00e9s \u00e0 la bouche et finis \u00e0 la main dans diff\u00e9rents motifs d\u00e9coratifs appliqu\u00e9s \u00e0\" \/>\n<meta name=\"robots\" content=\"noindex, follow, max-snippet:-1, max-image-preview:large, max-video-preview:-1\" \/>\n<meta property=\"og:locale\" content=\"fr_FR\" \/>\n<meta property=\"og:type\" content=\"article\" \/>\n<meta property=\"og:title\" content=\"CARLO MORETTI Verre Bora Cristal de Murano - dev6 Erresse\" \/>\n<meta property=\"og:description\" content=\"Verres \u00e0 section ovale irr\u00e9guli\u00e8re, inclin\u00e9e, en cristal de Murano, souffl\u00e9s \u00e0 la bouche et finis \u00e0 la main dans diff\u00e9rents motifs d\u00e9coratifs appliqu\u00e9s \u00e0\" \/>\n<meta property=\"og:url\" content=\"https:\/\/dev6.erresse-shop.it\/fr\/shop\/table-fr-2\/verres\/carlo-moretti-verre-bora-cristal-de-murano-24\/\" \/>\n<meta property=\"og:site_name\" content=\"dev6 Erresse\" \/>\n<meta property=\"og:image\" content=\"https:\/\/interpim.erresse-shop.it\/Import\/Prodotti\/carlo-moretti-bicchiere-bora-997.49.jpg\" \/><meta property=\"og:image\" content=\"https:\/\/interpim.erresse-shop.it\/Import\/Prodotti\/carlo-moretti-bicchiere-bora-997.49.jpg\" \/>\n\t<meta property=\"og:image:width\" content=\"1024\" \/>\n\t<meta property=\"og:image:height\" content=\"1024\" \/>\n\t<meta property=\"og:image:type\" content=\"image\/jpeg\" \/>\n<meta name=\"twitter:card\" content=\"summary_large_image\" \/>\n<meta name=\"twitter:image\" content=\"https:\/\/interpim.erresse-shop.it\/Import\/Prodotti\/carlo-moretti-bicchiere-bora-997.49.jpg\" \/>\n<script type=\"application\/ld+json\" class=\"yoast-schema-graph\">{\"@context\":\"https:\/\/schema.org\",\"@graph\":[{\"@type\":\"WebPage\",\"@id\":\"https:\/\/dev6.erresse-shop.it\/fr\/shop\/table-fr-2\/verres\/carlo-moretti-verre-bora-cristal-de-murano-24\/\",\"url\":\"https:\/\/dev6.erresse-shop.it\/fr\/shop\/table-fr-2\/verres\/carlo-moretti-verre-bora-cristal-de-murano-24\/\",\"name\":\"CARLO MORETTI Verre Bora Cristal de Murano - dev6 Erresse\",\"isPartOf\":{\"@id\":\"https:\/\/dev6.erresse-shop.it\/#website\"},\"primaryImageOfPage\":{\"@id\":\"https:\/\/dev6.erresse-shop.it\/fr\/shop\/table-fr-2\/verres\/carlo-moretti-verre-bora-cristal-de-murano-24\/#primaryimage\"},\"image\":{\"@id\":\"https:\/\/dev6.erresse-shop.it\/fr\/shop\/table-fr-2\/verres\/carlo-moretti-verre-bora-cristal-de-murano-24\/#primaryimage\"},\"thumbnailUrl\":\"https:\/\/i0.wp.com\/interpim.erresse-shop.it\/Import\/Prodotti\/carlo-moretti-bicchiere-bora-997.49.jpg?ssl=1\",\"datePublished\":\"2026-04-04T06:28:46+00:00\",\"description\":\"Verres \u00e0 section ovale irr\u00e9guli\u00e8re, inclin\u00e9e, en cristal de Murano, souffl\u00e9s \u00e0 la bouche et finis \u00e0 la main dans diff\u00e9rents motifs d\u00e9coratifs appliqu\u00e9s \u00e0\",\"breadcrumb\":{\"@id\":\"https:\/\/dev6.erresse-shop.it\/fr\/shop\/table-fr-2\/verres\/carlo-moretti-verre-bora-cristal-de-murano-24\/#breadcrumb\"},\"inLanguage\":\"fr-FR\",\"potentialAction\":[{\"@type\":\"ReadAction\",\"target\":[\"https:\/\/dev6.erresse-shop.it\/fr\/shop\/table-fr-2\/verres\/carlo-moretti-verre-bora-cristal-de-murano-24\/\"]}]},{\"@type\":\"ImageObject\",\"inLanguage\":\"fr-FR\",\"@id\":\"https:\/\/dev6.erresse-shop.it\/fr\/shop\/table-fr-2\/verres\/carlo-moretti-verre-bora-cristal-de-murano-24\/#primaryimage\",\"url\":\"https:\/\/i0.wp.com\/interpim.erresse-shop.it\/Import\/Prodotti\/carlo-moretti-bicchiere-bora-997.49.jpg?ssl=1\",\"contentUrl\":\"https:\/\/i0.wp.com\/interpim.erresse-shop.it\/Import\/Prodotti\/carlo-moretti-bicchiere-bora-997.49.jpg?ssl=1\"},{\"@type\":\"BreadcrumbList\",\"@id\":\"https:\/\/dev6.erresse-shop.it\/fr\/shop\/table-fr-2\/verres\/carlo-moretti-verre-bora-cristal-de-murano-24\/#breadcrumb\",\"itemListElement\":[{\"@type\":\"ListItem\",\"position\":1,\"name\":\"Home\",\"item\":\"https:\/\/dev6.erresse-shop.it\/\"},{\"@type\":\"ListItem\",\"position\":2,\"name\":\"Boutique\",\"item\":\"https:\/\/dev6.erresse-shop.it\/shop\/\"},{\"@type\":\"ListItem\",\"position\":3,\"name\":\"CARLO MORETTI Verre Bora Cristal de Murano\"}]},{\"@type\":\"WebSite\",\"@id\":\"https:\/\/dev6.erresse-shop.it\/#website\",\"url\":\"https:\/\/dev6.erresse-shop.it\/\",\"name\":\"Erresse Shop\",\"description\":\"\",\"publisher\":{\"@id\":\"https:\/\/dev6.erresse-shop.it\/#organization\"},\"potentialAction\":[{\"@type\":\"SearchAction\",\"target\":{\"@type\":\"EntryPoint\",\"urlTemplate\":\"https:\/\/dev6.erresse-shop.it\/?s={search_term_string}\"},\"query-input\":{\"@type\":\"PropertyValueSpecification\",\"valueRequired\":true,\"valueName\":\"search_term_string\"}}],\"inLanguage\":\"fr-FR\"},{\"@type\":\"Organization\",\"@id\":\"https:\/\/dev6.erresse-shop.it\/#organization\",\"name\":\"Erresse Shop\",\"url\":\"https:\/\/dev6.erresse-shop.it\/\",\"logo\":{\"@type\":\"ImageObject\",\"inLanguage\":\"fr-FR\",\"@id\":\"https:\/\/dev6.erresse-shop.it\/#\/schema\/logo\/image\/\",\"url\":\"https:\/\/dev6.erresse-shop.it\/wp-content\/uploads\/2025\/01\/LOGO-ERRESSE-CLASSICO.svg\",\"contentUrl\":\"https:\/\/dev6.erresse-shop.it\/wp-content\/uploads\/2025\/01\/LOGO-ERRESSE-CLASSICO.svg\",\"caption\":\"Erresse Shop\"},\"image\":{\"@id\":\"https:\/\/dev6.erresse-shop.it\/#\/schema\/logo\/image\/\"}}]}<\/script>\n<!-- \/ Yoast SEO plugin. -->","yoast_head_json":{"title":"CARLO MORETTI Verre Bora Cristal de Murano - dev6 Erresse","description":"Verres \u00e0 section ovale irr\u00e9guli\u00e8re, inclin\u00e9e, en cristal de Murano, souffl\u00e9s \u00e0 la bouche et finis \u00e0 la main dans diff\u00e9rents motifs d\u00e9coratifs appliqu\u00e9s \u00e0","robots":{"index":"noindex","follow":"follow","max-snippet":"max-snippet:-1","max-image-preview":"max-image-preview:large","max-video-preview":"max-video-preview:-1"},"og_locale":"fr_FR","og_type":"article","og_title":"CARLO MORETTI Verre Bora Cristal de Murano - dev6 Erresse","og_description":"Verres \u00e0 section ovale irr\u00e9guli\u00e8re, inclin\u00e9e, en cristal de Murano, souffl\u00e9s \u00e0 la bouche et finis \u00e0 la main dans diff\u00e9rents motifs d\u00e9coratifs appliqu\u00e9s \u00e0","og_url":"https:\/\/dev6.erresse-shop.it\/fr\/shop\/table-fr-2\/verres\/carlo-moretti-verre-bora-cristal-de-murano-24\/","og_site_name":"dev6 Erresse","og_image":[{"url":"https:\/\/interpim.erresse-shop.it\/Import\/Prodotti\/carlo-moretti-bicchiere-bora-997.49.jpg","type":"","width":"","height":""},{"url":"https:\/\/interpim.erresse-shop.it\/Import\/Prodotti\/carlo-moretti-bicchiere-bora-997.49.jpg","width":1024,"height":1024,"type":"image\/jpeg"}],"twitter_card":"summary_large_image","twitter_image":"https:\/\/interpim.erresse-shop.it\/Import\/Prodotti\/carlo-moretti-bicchiere-bora-997.49.jpg","schema":{"@context":"https:\/\/schema.org","@graph":[{"@type":"WebPage","@id":"https:\/\/dev6.erresse-shop.it\/fr\/shop\/table-fr-2\/verres\/carlo-moretti-verre-bora-cristal-de-murano-24\/","url":"https:\/\/dev6.erresse-shop.it\/fr\/shop\/table-fr-2\/verres\/carlo-moretti-verre-bora-cristal-de-murano-24\/","name":"CARLO MORETTI Verre Bora Cristal de Murano - dev6 Erresse","isPartOf":{"@id":"https:\/\/dev6.erresse-shop.it\/#website"},"primaryImageOfPage":{"@id":"https:\/\/dev6.erresse-shop.it\/fr\/shop\/table-fr-2\/verres\/carlo-moretti-verre-bora-cristal-de-murano-24\/#primaryimage"},"image":{"@id":"https:\/\/dev6.erresse-shop.it\/fr\/shop\/table-fr-2\/verres\/carlo-moretti-verre-bora-cristal-de-murano-24\/#primaryimage"},"thumbnailUrl":"https:\/\/i0.wp.com\/interpim.erresse-shop.it\/Import\/Prodotti\/carlo-moretti-bicchiere-bora-997.49.jpg?ssl=1","datePublished":"2026-04-04T06:28:46+00:00","description":"Verres \u00e0 section ovale irr\u00e9guli\u00e8re, inclin\u00e9e, en cristal de Murano, souffl\u00e9s \u00e0 la bouche et finis \u00e0 la main dans diff\u00e9rents motifs d\u00e9coratifs appliqu\u00e9s \u00e0","breadcrumb":{"@id":"https:\/\/dev6.erresse-shop.it\/fr\/shop\/table-fr-2\/verres\/carlo-moretti-verre-bora-cristal-de-murano-24\/#breadcrumb"},"inLanguage":"fr-FR","potentialAction":[{"@type":"ReadAction","target":["https:\/\/dev6.erresse-shop.it\/fr\/shop\/table-fr-2\/verres\/carlo-moretti-verre-bora-cristal-de-murano-24\/"]}]},{"@type":"ImageObject","inLanguage":"fr-FR","@id":"https:\/\/dev6.erresse-shop.it\/fr\/shop\/table-fr-2\/verres\/carlo-moretti-verre-bora-cristal-de-murano-24\/#primaryimage","url":"https:\/\/i0.wp.com\/interpim.erresse-shop.it\/Import\/Prodotti\/carlo-moretti-bicchiere-bora-997.49.jpg?ssl=1","contentUrl":"https:\/\/i0.wp.com\/interpim.erresse-shop.it\/Import\/Prodotti\/carlo-moretti-bicchiere-bora-997.49.jpg?ssl=1"},{"@type":"BreadcrumbList","@id":"https:\/\/dev6.erresse-shop.it\/fr\/shop\/table-fr-2\/verres\/carlo-moretti-verre-bora-cristal-de-murano-24\/#breadcrumb","itemListElement":[{"@type":"ListItem","position":1,"name":"Home","item":"https:\/\/dev6.erresse-shop.it\/"},{"@type":"ListItem","position":2,"name":"Boutique","item":"https:\/\/dev6.erresse-shop.it\/shop\/"},{"@type":"ListItem","position":3,"name":"CARLO MORETTI Verre Bora Cristal de Murano"}]},{"@type":"WebSite","@id":"https:\/\/dev6.erresse-shop.it\/#website","url":"https:\/\/dev6.erresse-shop.it\/","name":"Erresse Shop","description":"","publisher":{"@id":"https:\/\/dev6.erresse-shop.it\/#organization"},"potentialAction":[{"@type":"SearchAction","target":{"@type":"EntryPoint","urlTemplate":"https:\/\/dev6.erresse-shop.it\/?s={search_term_string}"},"query-input":{"@type":"PropertyValueSpecification","valueRequired":true,"valueName":"search_term_string"}}],"inLanguage":"fr-FR"},{"@type":"Organization","@id":"https:\/\/dev6.erresse-shop.it\/#organization","name":"Erresse Shop","url":"https:\/\/dev6.erresse-shop.it\/","logo":{"@type":"ImageObject","inLanguage":"fr-FR","@id":"https:\/\/dev6.erresse-shop.it\/#\/schema\/logo\/image\/","url":"https:\/\/dev6.erresse-shop.it\/wp-content\/uploads\/2025\/01\/LOGO-ERRESSE-CLASSICO.svg","contentUrl":"https:\/\/dev6.erresse-shop.it\/wp-content\/uploads\/2025\/01\/LOGO-ERRESSE-CLASSICO.svg","caption":"Erresse Shop"},"image":{"@id":"https:\/\/dev6.erresse-shop.it\/#\/schema\/logo\/image\/"}}]}},"df_price":116.1,"df_sale_price":116.1,"df_regular_price":129,"df_image_link":"https:\/\/i0.wp.com\/interpim.erresse-shop.it\/Import\/Prodotti\/carlo-moretti-bicchiere-bora-997.49.jpg?resize=300,300&ssl=1","fifu_image_url":"https:\/\/interpim.erresse-shop.it\/Import\/Prodotti\/carlo-moretti-bicchiere-bora-997.49.jpg","_links":{"self":[{"href":"https:\/\/dev6.erresse-shop.it\/fr\/wp-json\/wp\/v2\/product\/58666","targetHints":{"allow":["GET"]}}],"collection":[{"href":"https:\/\/dev6.erresse-shop.it\/fr\/wp-json\/wp\/v2\/product"}],"about":[{"href":"https:\/\/dev6.erresse-shop.it\/fr\/wp-json\/wp\/v2\/types\/product"}],"wp:featuredmedia":[{"embeddable":true,"href":"https:\/\/dev6.erresse-shop.it\/fr\/wp-json\/wp\/v2\/media\/6266675"}],"wp:attachment":[{"href":"https:\/\/dev6.erresse-shop.it\/fr\/wp-json\/wp\/v2\/media?parent=58666"}],"wp:term":[{"taxonomy":"product_cat","embeddable":true,"href":"https:\/\/dev6.erresse-shop.it\/fr\/wp-json\/wp\/v2\/product_cat?post=58666"},{"taxonomy":"product_tag","embeddable":true,"href":"https:\/\/dev6.erresse-shop.it\/fr\/wp-json\/wp\/v2\/product_tag?post=58666"}],"curies":[{"name":"wp","href":"https:\/\/api.w.org\/{rel}","templated":true}]}}