{"id":58656,"date":"2026-04-12T08:29:46","date_gmt":"2026-04-12T06:29:46","guid":{"rendered":"https:\/\/dev6.erresse-shop.it\/shop\/non%20class\u00e9\/sage-the-smart-kettle\/"},"modified":"2025-09-14T04:14:51","modified_gmt":"2025-09-14T02:14:51","slug":"sage-the-smart-kettle","status":"publish","type":"product","link":"https:\/\/dev6.erresse-shop.it\/fr\/shop\/petits-electromenagers\/bouilloires-electriques\/sage-the-smart-kettle\/","title":{"rendered":"SAGE The Smart Kettle"},"content":{"rendered":"<p>PREPAREZ INTELLIGEMMENT VOTRE THE GRACE A 5 REGLAGES DIFFERENTS<br \/>\nCette bouilloire d\u2019une capacit\u00e9 de 1,7 L conna\u00eet la temp\u00e9rature id\u00e9ale pour le th\u00e9 ou le caf\u00e9. 5 r\u00e9glages diff\u00e9rents permettent une infusion \u00e0 la bonne temp\u00e9rature pour le th\u00e9 noir, vert, blanc ou Oolong, et le caf\u00e9 \u00e0 piston.<\/p>\n<p>UNE TEMP\u00c9RATURE PARFAITE \u00c0 CHAQUE BOISSON<br \/>\nThe Smart Kettle maintient l\u2019eau \u00e0 la temp\u00e9rature id\u00e9ale suffisamment longtemps pour optimiser les saveurs et la qualit\u00e9 de votre th\u00e9 ou caf\u00e9 pr\u00e9f\u00e9r\u00e9.<\/p>\n<p>5 R\u00c9GLAGES DIFF\u00c9RENTS<br \/>\nLes fonctions pr\u00e9programm\u00e9es et personnalisables une touche cr\u00e9ent des conditions de pr\u00e9paration id\u00e9ales pour les th\u00e9s noirs, verts, blancs ou Oolong, et les caf\u00e9s \u00e0 piston.<\/p>\n<p>BOUTON KEEP WARM (MAINTIEN AU CHAUD)<br \/>\nLa fonction maintient votre boisson pr\u00e9f\u00e9r\u00e9e \u00e0 la temp\u00e9rature id\u00e9ale pendant 20 minutes et peut \u00eatre activ\u00e9e avant, pendant ou apr\u00e8s le cycle de chauffe de l\u2019eau.<\/p>\n<p>COUVERCLE SOFT TOP\u2122<br \/>\nUne boisson bouillonnante pr\u00e9sente quelques risques entre la bouilloire et la tasse. Ce couvercle sp\u00e9cial lib\u00e8re doucement la vapeur et \u00e9vite les \u00e9claboussures.<\/p>\n<p>LE CONFORT SANS FIL<br \/>\nBouilloire sans fil avec base multidirectionnelle \u00e0 360 degr\u00e9s \u00e9quip\u00e9e d\u2019un espace de rangement pour le cordon.<\/p>\n<p>SPECIFICATION DE PRODUIT<br \/>\n\u2013 Dimensions (IxPxH): 18,5 x 18,3 x 24,6 cm<br \/>\n\u2013 Garantie: Garantie r\u00e9paration, remplacement ou remboursement de 2 ans (\u00e0 la seule discr\u00e9tion de Sage Appliances)<br \/>\n\u2013 Mat\u00e9riaux: Acier inoxydable bross\u00e9<br \/>\n\u2013 Capacit\u00e9: 1,7 L.<br \/>\n\u2013 Param\u00e8tres: 5 r\u00e9glages pr\u00e9programm\u00e9s. Arr\u00eat automatique et protection contre l\u2019\u00e9bullition sans eau<\/p>\n","protected":false},"excerpt":{"rendered":"<p>PREPAREZ INTELLIGEMMENT VOTRE THE GRACE A 5 REGLAGES DIFFERENTS Cette bouilloire d\u2019une capacit\u00e9 de 1,7 L conna\u00eet la temp\u00e9rature id\u00e9ale pour le th\u00e9 ou le caf\u00e9. 5 r\u00e9glages diff\u00e9rents permettent une infusion \u00e0 la bonne temp\u00e9rature pour le th\u00e9 noir, vert, blanc ou Oolong, et le caf\u00e9 \u00e0 piston. UNE TEMP\u00c9RATURE PARFAITE \u00c0 CHAQUE BOISSON [&hellip;]<\/p>\n","protected":false},"featured_media":6349982,"template":"","meta":{"_acf_changed":false},"product_cat":[11734,12058,12055],"product_tag":[],"class_list":{"0":"post-58656","1":"product","2":"type-product","3":"status-publish","4":"has-post-thumbnail","6":"product_cat-bollitori-elettrici","7":"product_cat-bouilloires-electriques","8":"product_cat-petits-electromenagers","10":"first","11":"outofstock","12":"sale","13":"taxable","14":"shipping-taxable","15":"purchasable","16":"product-type-simple","swatches":"rey-swatches","show_selected":"","stretch_labels":"rey-swatches--stretch-labels"},"acf":[],"yoast_head":"<!-- This site is optimized with the Yoast SEO plugin v25.4 - https:\/\/yoast.com\/wordpress\/plugins\/seo\/ -->\n<title>SAGE The Smart Kettle - dev6 Erresse<\/title>\n<meta name=\"description\" content=\"PREPAREZ INTELLIGEMMENT VOTRE THE GRACE A 5 REGLAGES DIFFERENTS Cette bouilloire d\u2019une capacit\u00e9 de 1,7 L conna\u00eet la temp\u00e9rature id\u00e9ale pour le th\u00e9 ou le\" \/>\n<meta name=\"robots\" content=\"noindex, follow, max-snippet:-1, max-image-preview:large, max-video-preview:-1\" \/>\n<meta property=\"og:locale\" content=\"fr_FR\" \/>\n<meta property=\"og:type\" content=\"article\" \/>\n<meta property=\"og:title\" content=\"SAGE The Smart Kettle - dev6 Erresse\" \/>\n<meta property=\"og:description\" content=\"PREPAREZ INTELLIGEMMENT VOTRE THE GRACE A 5 REGLAGES DIFFERENTS Cette bouilloire d\u2019une capacit\u00e9 de 1,7 L conna\u00eet la temp\u00e9rature id\u00e9ale pour le th\u00e9 ou le\" \/>\n<meta property=\"og:url\" content=\"https:\/\/dev6.erresse-shop.it\/fr\/shop\/petits-electromenagers\/bouilloires-electriques\/sage-the-smart-kettle\/\" \/>\n<meta property=\"og:site_name\" content=\"dev6 Erresse\" \/>\n<meta property=\"og:image\" content=\"https:\/\/interpim.erresse-shop.it\/img-catalogo\/sage\/sage-the-smart-kettle-bollitore-4.jpg\" \/><meta property=\"og:image\" content=\"https:\/\/interpim.erresse-shop.it\/img-catalogo\/sage\/sage-the-smart-kettle-bollitore-4.jpg\" \/>\n\t<meta property=\"og:image:width\" content=\"1024\" \/>\n\t<meta property=\"og:image:height\" content=\"1024\" \/>\n\t<meta property=\"og:image:type\" content=\"image\/jpeg\" \/>\n<meta name=\"twitter:card\" content=\"summary_large_image\" \/>\n<meta name=\"twitter:image\" content=\"https:\/\/interpim.erresse-shop.it\/img-catalogo\/sage\/sage-the-smart-kettle-bollitore-4.jpg\" \/>\n<script type=\"application\/ld+json\" class=\"yoast-schema-graph\">{\"@context\":\"https:\/\/schema.org\",\"@graph\":[{\"@type\":\"WebPage\",\"@id\":\"https:\/\/dev6.erresse-shop.it\/fr\/shop\/petits-electromenagers\/bouilloires-electriques\/sage-the-smart-kettle\/\",\"url\":\"https:\/\/dev6.erresse-shop.it\/fr\/shop\/petits-electromenagers\/bouilloires-electriques\/sage-the-smart-kettle\/\",\"name\":\"SAGE The Smart Kettle - dev6 Erresse\",\"isPartOf\":{\"@id\":\"https:\/\/dev6.erresse-shop.it\/#website\"},\"primaryImageOfPage\":{\"@id\":\"https:\/\/dev6.erresse-shop.it\/fr\/shop\/petits-electromenagers\/bouilloires-electriques\/sage-the-smart-kettle\/#primaryimage\"},\"image\":{\"@id\":\"https:\/\/dev6.erresse-shop.it\/fr\/shop\/petits-electromenagers\/bouilloires-electriques\/sage-the-smart-kettle\/#primaryimage\"},\"thumbnailUrl\":\"https:\/\/i2.wp.com\/interpim.erresse-shop.it\/img-catalogo\/sage\/sage-the-smart-kettle-bollitore-4.jpg?ssl=1\",\"datePublished\":\"2026-04-12T06:29:46+00:00\",\"description\":\"PREPAREZ INTELLIGEMMENT VOTRE THE GRACE A 5 REGLAGES DIFFERENTS Cette bouilloire d\u2019une capacit\u00e9 de 1,7 L conna\u00eet la temp\u00e9rature id\u00e9ale pour le th\u00e9 ou le\",\"breadcrumb\":{\"@id\":\"https:\/\/dev6.erresse-shop.it\/fr\/shop\/petits-electromenagers\/bouilloires-electriques\/sage-the-smart-kettle\/#breadcrumb\"},\"inLanguage\":\"fr-FR\",\"potentialAction\":[{\"@type\":\"ReadAction\",\"target\":[\"https:\/\/dev6.erresse-shop.it\/fr\/shop\/petits-electromenagers\/bouilloires-electriques\/sage-the-smart-kettle\/\"]}]},{\"@type\":\"ImageObject\",\"inLanguage\":\"fr-FR\",\"@id\":\"https:\/\/dev6.erresse-shop.it\/fr\/shop\/petits-electromenagers\/bouilloires-electriques\/sage-the-smart-kettle\/#primaryimage\",\"url\":\"https:\/\/i2.wp.com\/interpim.erresse-shop.it\/img-catalogo\/sage\/sage-the-smart-kettle-bollitore-4.jpg?ssl=1\",\"contentUrl\":\"https:\/\/i2.wp.com\/interpim.erresse-shop.it\/img-catalogo\/sage\/sage-the-smart-kettle-bollitore-4.jpg?ssl=1\"},{\"@type\":\"BreadcrumbList\",\"@id\":\"https:\/\/dev6.erresse-shop.it\/fr\/shop\/petits-electromenagers\/bouilloires-electriques\/sage-the-smart-kettle\/#breadcrumb\",\"itemListElement\":[{\"@type\":\"ListItem\",\"position\":1,\"name\":\"Home\",\"item\":\"https:\/\/dev6.erresse-shop.it\/\"},{\"@type\":\"ListItem\",\"position\":2,\"name\":\"Boutique\",\"item\":\"https:\/\/dev6.erresse-shop.it\/shop\/\"},{\"@type\":\"ListItem\",\"position\":3,\"name\":\"SAGE The Smart Kettle\"}]},{\"@type\":\"WebSite\",\"@id\":\"https:\/\/dev6.erresse-shop.it\/#website\",\"url\":\"https:\/\/dev6.erresse-shop.it\/\",\"name\":\"Erresse Shop\",\"description\":\"\",\"publisher\":{\"@id\":\"https:\/\/dev6.erresse-shop.it\/#organization\"},\"potentialAction\":[{\"@type\":\"SearchAction\",\"target\":{\"@type\":\"EntryPoint\",\"urlTemplate\":\"https:\/\/dev6.erresse-shop.it\/?s={search_term_string}\"},\"query-input\":{\"@type\":\"PropertyValueSpecification\",\"valueRequired\":true,\"valueName\":\"search_term_string\"}}],\"inLanguage\":\"fr-FR\"},{\"@type\":\"Organization\",\"@id\":\"https:\/\/dev6.erresse-shop.it\/#organization\",\"name\":\"Erresse Shop\",\"url\":\"https:\/\/dev6.erresse-shop.it\/\",\"logo\":{\"@type\":\"ImageObject\",\"inLanguage\":\"fr-FR\",\"@id\":\"https:\/\/dev6.erresse-shop.it\/#\/schema\/logo\/image\/\",\"url\":\"https:\/\/dev6.erresse-shop.it\/wp-content\/uploads\/2025\/01\/LOGO-ERRESSE-CLASSICO.svg\",\"contentUrl\":\"https:\/\/dev6.erresse-shop.it\/wp-content\/uploads\/2025\/01\/LOGO-ERRESSE-CLASSICO.svg\",\"caption\":\"Erresse Shop\"},\"image\":{\"@id\":\"https:\/\/dev6.erresse-shop.it\/#\/schema\/logo\/image\/\"}}]}<\/script>\n<!-- \/ Yoast SEO plugin. -->","yoast_head_json":{"title":"SAGE The Smart Kettle - dev6 Erresse","description":"PREPAREZ INTELLIGEMMENT VOTRE THE GRACE A 5 REGLAGES DIFFERENTS Cette bouilloire d\u2019une capacit\u00e9 de 1,7 L conna\u00eet la temp\u00e9rature id\u00e9ale pour le th\u00e9 ou le","robots":{"index":"noindex","follow":"follow","max-snippet":"max-snippet:-1","max-image-preview":"max-image-preview:large","max-video-preview":"max-video-preview:-1"},"og_locale":"fr_FR","og_type":"article","og_title":"SAGE The Smart Kettle - dev6 Erresse","og_description":"PREPAREZ INTELLIGEMMENT VOTRE THE GRACE A 5 REGLAGES DIFFERENTS Cette bouilloire d\u2019une capacit\u00e9 de 1,7 L conna\u00eet la temp\u00e9rature id\u00e9ale pour le th\u00e9 ou le","og_url":"https:\/\/dev6.erresse-shop.it\/fr\/shop\/petits-electromenagers\/bouilloires-electriques\/sage-the-smart-kettle\/","og_site_name":"dev6 Erresse","og_image":[{"url":"https:\/\/interpim.erresse-shop.it\/img-catalogo\/sage\/sage-the-smart-kettle-bollitore-4.jpg","type":"","width":"","height":""},{"url":"https:\/\/interpim.erresse-shop.it\/img-catalogo\/sage\/sage-the-smart-kettle-bollitore-4.jpg","width":1024,"height":1024,"type":"image\/jpeg"}],"twitter_card":"summary_large_image","twitter_image":"https:\/\/interpim.erresse-shop.it\/img-catalogo\/sage\/sage-the-smart-kettle-bollitore-4.jpg","schema":{"@context":"https:\/\/schema.org","@graph":[{"@type":"WebPage","@id":"https:\/\/dev6.erresse-shop.it\/fr\/shop\/petits-electromenagers\/bouilloires-electriques\/sage-the-smart-kettle\/","url":"https:\/\/dev6.erresse-shop.it\/fr\/shop\/petits-electromenagers\/bouilloires-electriques\/sage-the-smart-kettle\/","name":"SAGE The Smart Kettle - dev6 Erresse","isPartOf":{"@id":"https:\/\/dev6.erresse-shop.it\/#website"},"primaryImageOfPage":{"@id":"https:\/\/dev6.erresse-shop.it\/fr\/shop\/petits-electromenagers\/bouilloires-electriques\/sage-the-smart-kettle\/#primaryimage"},"image":{"@id":"https:\/\/dev6.erresse-shop.it\/fr\/shop\/petits-electromenagers\/bouilloires-electriques\/sage-the-smart-kettle\/#primaryimage"},"thumbnailUrl":"https:\/\/i2.wp.com\/interpim.erresse-shop.it\/img-catalogo\/sage\/sage-the-smart-kettle-bollitore-4.jpg?ssl=1","datePublished":"2026-04-12T06:29:46+00:00","description":"PREPAREZ INTELLIGEMMENT VOTRE THE GRACE A 5 REGLAGES DIFFERENTS Cette bouilloire d\u2019une capacit\u00e9 de 1,7 L conna\u00eet la temp\u00e9rature id\u00e9ale pour le th\u00e9 ou le","breadcrumb":{"@id":"https:\/\/dev6.erresse-shop.it\/fr\/shop\/petits-electromenagers\/bouilloires-electriques\/sage-the-smart-kettle\/#breadcrumb"},"inLanguage":"fr-FR","potentialAction":[{"@type":"ReadAction","target":["https:\/\/dev6.erresse-shop.it\/fr\/shop\/petits-electromenagers\/bouilloires-electriques\/sage-the-smart-kettle\/"]}]},{"@type":"ImageObject","inLanguage":"fr-FR","@id":"https:\/\/dev6.erresse-shop.it\/fr\/shop\/petits-electromenagers\/bouilloires-electriques\/sage-the-smart-kettle\/#primaryimage","url":"https:\/\/i2.wp.com\/interpim.erresse-shop.it\/img-catalogo\/sage\/sage-the-smart-kettle-bollitore-4.jpg?ssl=1","contentUrl":"https:\/\/i2.wp.com\/interpim.erresse-shop.it\/img-catalogo\/sage\/sage-the-smart-kettle-bollitore-4.jpg?ssl=1"},{"@type":"BreadcrumbList","@id":"https:\/\/dev6.erresse-shop.it\/fr\/shop\/petits-electromenagers\/bouilloires-electriques\/sage-the-smart-kettle\/#breadcrumb","itemListElement":[{"@type":"ListItem","position":1,"name":"Home","item":"https:\/\/dev6.erresse-shop.it\/"},{"@type":"ListItem","position":2,"name":"Boutique","item":"https:\/\/dev6.erresse-shop.it\/shop\/"},{"@type":"ListItem","position":3,"name":"SAGE The Smart Kettle"}]},{"@type":"WebSite","@id":"https:\/\/dev6.erresse-shop.it\/#website","url":"https:\/\/dev6.erresse-shop.it\/","name":"Erresse Shop","description":"","publisher":{"@id":"https:\/\/dev6.erresse-shop.it\/#organization"},"potentialAction":[{"@type":"SearchAction","target":{"@type":"EntryPoint","urlTemplate":"https:\/\/dev6.erresse-shop.it\/?s={search_term_string}"},"query-input":{"@type":"PropertyValueSpecification","valueRequired":true,"valueName":"search_term_string"}}],"inLanguage":"fr-FR"},{"@type":"Organization","@id":"https:\/\/dev6.erresse-shop.it\/#organization","name":"Erresse Shop","url":"https:\/\/dev6.erresse-shop.it\/","logo":{"@type":"ImageObject","inLanguage":"fr-FR","@id":"https:\/\/dev6.erresse-shop.it\/#\/schema\/logo\/image\/","url":"https:\/\/dev6.erresse-shop.it\/wp-content\/uploads\/2025\/01\/LOGO-ERRESSE-CLASSICO.svg","contentUrl":"https:\/\/dev6.erresse-shop.it\/wp-content\/uploads\/2025\/01\/LOGO-ERRESSE-CLASSICO.svg","caption":"Erresse Shop"},"image":{"@id":"https:\/\/dev6.erresse-shop.it\/#\/schema\/logo\/image\/"}}]}},"df_price":139.95,"df_sale_price":139.95,"df_regular_price":159.9,"df_image_link":"https:\/\/i2.wp.com\/interpim.erresse-shop.it\/img-catalogo\/sage\/sage-the-smart-kettle-bollitore-4.jpg?resize=300,300&ssl=1","fifu_image_url":"https:\/\/interpim.erresse-shop.it\/img-catalogo\/sage\/sage-the-smart-kettle-bollitore-4.jpg","_links":{"self":[{"href":"https:\/\/dev6.erresse-shop.it\/fr\/wp-json\/wp\/v2\/product\/58656","targetHints":{"allow":["GET"]}}],"collection":[{"href":"https:\/\/dev6.erresse-shop.it\/fr\/wp-json\/wp\/v2\/product"}],"about":[{"href":"https:\/\/dev6.erresse-shop.it\/fr\/wp-json\/wp\/v2\/types\/product"}],"wp:featuredmedia":[{"embeddable":true,"href":"https:\/\/dev6.erresse-shop.it\/fr\/wp-json\/wp\/v2\/media\/6349982"}],"wp:attachment":[{"href":"https:\/\/dev6.erresse-shop.it\/fr\/wp-json\/wp\/v2\/media?parent=58656"}],"wp:term":[{"taxonomy":"product_cat","embeddable":true,"href":"https:\/\/dev6.erresse-shop.it\/fr\/wp-json\/wp\/v2\/product_cat?post=58656"},{"taxonomy":"product_tag","embeddable":true,"href":"https:\/\/dev6.erresse-shop.it\/fr\/wp-json\/wp\/v2\/product_tag?post=58656"}],"curies":[{"name":"wp","href":"https:\/\/api.w.org\/{rel}","templated":true}]}}