{"id":58654,"date":"2026-04-04T08:27:57","date_gmt":"2026-04-04T06:27:57","guid":{"rendered":"https:\/\/dev6.erresse-shop.it\/shop\/non%20class\u00e9\/sage-the-bambino-plus\/"},"modified":"2025-07-04T16:00:57","modified_gmt":"2025-07-04T14:00:57","slug":"sage-the-bambino-plus","status":"publish","type":"product","link":"https:\/\/dev6.erresse-shop.it\/fr\/shop\/petits-electromenagers\/machines-cafe\/manuels\/sage-the-bambino-plus\/","title":{"rendered":"SAGE The Bambino Plus"},"content":{"rendered":"<p>UN EXPRESSO AUTHENTIQUE. DES RESULTATS RAPIDES ET PROFESSIONNELS CHEZ VOUS<br \/>\nIdentique \u00e0 une machine professionnelle, the Bambino Plus vous offre un Caf\u00e9 de Sp\u00e9cialit\u00e9 de Troisi\u00e8me G\u00e9n\u00e9ration chez vous gr\u00e2ce \u00e0 sa formule bas\u00e9e sur 4 \u00e9l\u00e9ments cl\u00e9s. Offrez-vous des performances de barista gr\u00e2ce au porte-filtre 54 mm contenant 18 g de caf\u00e9 pour une saveur intense, et \u00e0 la buse vapeur mains-libres cr\u00e9ant la micro-mousse essentielle \u00e0 l\u2019art du latte. Dot\u00e9e d\u2019un syst\u00e8me de chauffe ThermoJet, la machine est op\u00e9rationnelle en 3 secondes.<\/p>\n<p>MOUSSE DE LAIT AUTOMATIQUE<br \/>\nLa buse \u00e0 vapeur automatique permet de personnaliser la mousse et la temp\u00e9rature du lait pour obtenir une mousse \u00e0 micro-bulles comme au bar, ce qui rehausse l\u2019ar\u00f4me du caf\u00e9 et est essentiel pour le latte art.<\/p>\n<p>CHAUFFAGE RAPIDE<br \/>\nLe syst\u00e8me de chauffage innovant ThermoJet\u00ae vous permet d\u2019atteindre la temp\u00e9rature d\u2019extraction id\u00e9ale en seulement 3 secondes. Plus besoin d\u2019attendre pour d\u00e9guster une bonne tasse de caf\u00e9.<\/p>\n<p>18 GRAMMES DE CAF\u00c9 POUR UN AR\u00d4ME CORS\u00c9<br \/>\nLa bonne quantit\u00e9 de poudre de caf\u00e9 est la base d\u2019un espresso \u00e9quilibr\u00e9. Le porte-filtre de 54 mm avec sa capacit\u00e9 de 18 grammes est la cl\u00e9 d\u2019un caf\u00e9 de troisi\u00e8me g\u00e9n\u00e9ration savoureux et \u00e9quilibr\u00e9.<\/p>\n<p>LAVAGE AUTOMATIQUE<br \/>\nLe syst\u00e8me de chauffage \u00e9tant automatiquement rinc\u00e9 apr\u00e8s la distribution de la vapeur, l\u2019espresso est toujours distribu\u00e9 \u00e0 la bonne temp\u00e9rature.<\/p>\n<p>Garantie : 2 ans pour r\u00e9paration, remplacement ou remboursement (\u00e0 la seule discr\u00e9tion de Sage Appliances).<br \/>\nMat\u00e9riaux de construction : acier inoxydable<br \/>\nCapacit\u00e9 du r\u00e9servoir d\u2019eau : 1,9 l<br \/>\nR\u00e9glages Panneau de commande : boutons 1 CUP, 2 CUP et STEAM<br \/>\nTemp\u00e9rature et niveau de mousse du lait r\u00e9glables<\/p>\n<p>Accessoires inclus :<\/p>\n<p>Porte-filtre de 54 mm<br \/>\nPresseur de 54 mm<br \/>\nL\u2019outil de dosage de pr\u00e9cision Razor\u2122<br \/>\nFiltre \u00e0 eau Claro Swiss<br \/>\nPot \u00e0 lait en acier inoxydable de 480 ml<br \/>\nFiltre \u00e0 double paroi pour 1 et 2 tasses<br \/>\nAccessoire de nettoyage<br \/>\nDisque de nettoyage<\/p>\n<p>Quelques vid\u00e9os de d\u00e9monstration :<\/p>\n<p>https:\/\/www.youtube.com\/watch?v&#61;wATqZLsyqq0<br \/>\nhttps:\/\/www.youtube.com\/watch?v&#61;RNgXOg-Gr2E<br \/>\nhttps:\/\/www.youtube.com\/watch?v&#61;CmNGoS-B8gg<\/p>\n<p>Ne peut \u00eatre vendu en dehors de l\u2019Europe<\/p>\n","protected":false},"excerpt":{"rendered":"<p>UN EXPRESSO AUTHENTIQUE. DES RESULTATS RAPIDES ET PROFESSIONNELS CHEZ VOUS Identique \u00e0 une machine professionnelle, the Bambino Plus vous offre un Caf\u00e9 de Sp\u00e9cialit\u00e9 de Troisi\u00e8me G\u00e9n\u00e9ration chez vous gr\u00e2ce \u00e0 sa formule bas\u00e9e sur 4 \u00e9l\u00e9ments cl\u00e9s. Offrez-vous des performances de barista gr\u00e2ce au porte-filtre 54 mm contenant 18 g de caf\u00e9 pour une [&hellip;]<\/p>\n","protected":false},"featured_media":6266659,"template":"","meta":{"_acf_changed":false},"product_cat":[12063,11766,12090,12055],"product_tag":[],"class_list":{"0":"post-58654","1":"product","2":"type-product","3":"status-publish","4":"has-post-thumbnail","6":"product_cat-machines-cafe","7":"product_cat-manuali","8":"product_cat-manuels","9":"product_cat-petits-electromenagers","11":"first","12":"outofstock","13":"sale","14":"taxable","15":"shipping-taxable","16":"purchasable","17":"product-type-simple","swatches":"rey-swatches","show_selected":"","stretch_labels":"rey-swatches--stretch-labels"},"acf":[],"yoast_head":"<!-- This site is optimized with the Yoast SEO plugin v25.4 - https:\/\/yoast.com\/wordpress\/plugins\/seo\/ -->\n<title>SAGE The Bambino Plus - dev6 Erresse<\/title>\n<meta name=\"description\" content=\"UN EXPRESSO AUTHENTIQUE. DES RESULTATS RAPIDES ET PROFESSIONNELS CHEZ VOUS Identique \u00e0 une machine professionnelle, the Bambino Plus vous offre un Caf\u00e9 de\" \/>\n<meta name=\"robots\" content=\"noindex, follow, max-snippet:-1, max-image-preview:large, max-video-preview:-1\" \/>\n<meta property=\"og:locale\" content=\"fr_FR\" \/>\n<meta property=\"og:type\" content=\"article\" \/>\n<meta property=\"og:title\" content=\"SAGE The Bambino Plus - dev6 Erresse\" \/>\n<meta property=\"og:description\" content=\"UN EXPRESSO AUTHENTIQUE. DES RESULTATS RAPIDES ET PROFESSIONNELS CHEZ VOUS Identique \u00e0 une machine professionnelle, the Bambino Plus vous offre un Caf\u00e9 de\" \/>\n<meta property=\"og:url\" content=\"https:\/\/dev6.erresse-shop.it\/fr\/shop\/petits-electromenagers\/machines-cafe\/manuels\/sage-the-bambino-plus\/\" \/>\n<meta property=\"og:site_name\" content=\"dev6 Erresse\" \/>\n<meta property=\"og:image\" content=\"https:\/\/interpim.erresse-shop.it\/img-catalogo\/sage\/sage-the-bambino-plus.jpg\" \/><meta property=\"og:image\" content=\"https:\/\/interpim.erresse-shop.it\/img-catalogo\/sage\/sage-the-bambino-plus.jpg\" \/>\n\t<meta property=\"og:image:width\" content=\"1024\" \/>\n\t<meta property=\"og:image:height\" content=\"1024\" \/>\n\t<meta property=\"og:image:type\" content=\"image\/jpeg\" \/>\n<meta name=\"twitter:card\" content=\"summary_large_image\" \/>\n<meta name=\"twitter:image\" content=\"https:\/\/interpim.erresse-shop.it\/img-catalogo\/sage\/sage-the-bambino-plus.jpg\" \/>\n<script type=\"application\/ld+json\" class=\"yoast-schema-graph\">{\"@context\":\"https:\/\/schema.org\",\"@graph\":[{\"@type\":\"WebPage\",\"@id\":\"https:\/\/dev6.erresse-shop.it\/fr\/shop\/petits-electromenagers\/machines-cafe\/manuels\/sage-the-bambino-plus\/\",\"url\":\"https:\/\/dev6.erresse-shop.it\/fr\/shop\/petits-electromenagers\/machines-cafe\/manuels\/sage-the-bambino-plus\/\",\"name\":\"SAGE The Bambino Plus - dev6 Erresse\",\"isPartOf\":{\"@id\":\"https:\/\/dev6.erresse-shop.it\/#website\"},\"primaryImageOfPage\":{\"@id\":\"https:\/\/dev6.erresse-shop.it\/fr\/shop\/petits-electromenagers\/machines-cafe\/manuels\/sage-the-bambino-plus\/#primaryimage\"},\"image\":{\"@id\":\"https:\/\/dev6.erresse-shop.it\/fr\/shop\/petits-electromenagers\/machines-cafe\/manuels\/sage-the-bambino-plus\/#primaryimage\"},\"thumbnailUrl\":\"https:\/\/i0.wp.com\/interpim.erresse-shop.it\/img-catalogo\/sage\/sage-the-bambino-plus.jpg?ssl=1\",\"datePublished\":\"2026-04-04T06:27:57+00:00\",\"description\":\"UN EXPRESSO AUTHENTIQUE. DES RESULTATS RAPIDES ET PROFESSIONNELS CHEZ VOUS Identique \u00e0 une machine professionnelle, the Bambino Plus vous offre un Caf\u00e9 de\",\"breadcrumb\":{\"@id\":\"https:\/\/dev6.erresse-shop.it\/fr\/shop\/petits-electromenagers\/machines-cafe\/manuels\/sage-the-bambino-plus\/#breadcrumb\"},\"inLanguage\":\"fr-FR\",\"potentialAction\":[{\"@type\":\"ReadAction\",\"target\":[\"https:\/\/dev6.erresse-shop.it\/fr\/shop\/petits-electromenagers\/machines-cafe\/manuels\/sage-the-bambino-plus\/\"]}]},{\"@type\":\"ImageObject\",\"inLanguage\":\"fr-FR\",\"@id\":\"https:\/\/dev6.erresse-shop.it\/fr\/shop\/petits-electromenagers\/machines-cafe\/manuels\/sage-the-bambino-plus\/#primaryimage\",\"url\":\"https:\/\/i0.wp.com\/interpim.erresse-shop.it\/img-catalogo\/sage\/sage-the-bambino-plus.jpg?ssl=1\",\"contentUrl\":\"https:\/\/i0.wp.com\/interpim.erresse-shop.it\/img-catalogo\/sage\/sage-the-bambino-plus.jpg?ssl=1\"},{\"@type\":\"BreadcrumbList\",\"@id\":\"https:\/\/dev6.erresse-shop.it\/fr\/shop\/petits-electromenagers\/machines-cafe\/manuels\/sage-the-bambino-plus\/#breadcrumb\",\"itemListElement\":[{\"@type\":\"ListItem\",\"position\":1,\"name\":\"Home\",\"item\":\"https:\/\/dev6.erresse-shop.it\/\"},{\"@type\":\"ListItem\",\"position\":2,\"name\":\"Boutique\",\"item\":\"https:\/\/dev6.erresse-shop.it\/shop\/\"},{\"@type\":\"ListItem\",\"position\":3,\"name\":\"SAGE The Bambino Plus\"}]},{\"@type\":\"WebSite\",\"@id\":\"https:\/\/dev6.erresse-shop.it\/#website\",\"url\":\"https:\/\/dev6.erresse-shop.it\/\",\"name\":\"Erresse Shop\",\"description\":\"\",\"publisher\":{\"@id\":\"https:\/\/dev6.erresse-shop.it\/#organization\"},\"potentialAction\":[{\"@type\":\"SearchAction\",\"target\":{\"@type\":\"EntryPoint\",\"urlTemplate\":\"https:\/\/dev6.erresse-shop.it\/?s={search_term_string}\"},\"query-input\":{\"@type\":\"PropertyValueSpecification\",\"valueRequired\":true,\"valueName\":\"search_term_string\"}}],\"inLanguage\":\"fr-FR\"},{\"@type\":\"Organization\",\"@id\":\"https:\/\/dev6.erresse-shop.it\/#organization\",\"name\":\"Erresse Shop\",\"url\":\"https:\/\/dev6.erresse-shop.it\/\",\"logo\":{\"@type\":\"ImageObject\",\"inLanguage\":\"fr-FR\",\"@id\":\"https:\/\/dev6.erresse-shop.it\/#\/schema\/logo\/image\/\",\"url\":\"https:\/\/dev6.erresse-shop.it\/wp-content\/uploads\/2025\/01\/LOGO-ERRESSE-CLASSICO.svg\",\"contentUrl\":\"https:\/\/dev6.erresse-shop.it\/wp-content\/uploads\/2025\/01\/LOGO-ERRESSE-CLASSICO.svg\",\"caption\":\"Erresse Shop\"},\"image\":{\"@id\":\"https:\/\/dev6.erresse-shop.it\/#\/schema\/logo\/image\/\"}}]}<\/script>\n<!-- \/ Yoast SEO plugin. -->","yoast_head_json":{"title":"SAGE The Bambino Plus - dev6 Erresse","description":"UN EXPRESSO AUTHENTIQUE. DES RESULTATS RAPIDES ET PROFESSIONNELS CHEZ VOUS Identique \u00e0 une machine professionnelle, the Bambino Plus vous offre un Caf\u00e9 de","robots":{"index":"noindex","follow":"follow","max-snippet":"max-snippet:-1","max-image-preview":"max-image-preview:large","max-video-preview":"max-video-preview:-1"},"og_locale":"fr_FR","og_type":"article","og_title":"SAGE The Bambino Plus - dev6 Erresse","og_description":"UN EXPRESSO AUTHENTIQUE. DES RESULTATS RAPIDES ET PROFESSIONNELS CHEZ VOUS Identique \u00e0 une machine professionnelle, the Bambino Plus vous offre un Caf\u00e9 de","og_url":"https:\/\/dev6.erresse-shop.it\/fr\/shop\/petits-electromenagers\/machines-cafe\/manuels\/sage-the-bambino-plus\/","og_site_name":"dev6 Erresse","og_image":[{"url":"https:\/\/interpim.erresse-shop.it\/img-catalogo\/sage\/sage-the-bambino-plus.jpg","type":"","width":"","height":""},{"url":"https:\/\/interpim.erresse-shop.it\/img-catalogo\/sage\/sage-the-bambino-plus.jpg","width":1024,"height":1024,"type":"image\/jpeg"}],"twitter_card":"summary_large_image","twitter_image":"https:\/\/interpim.erresse-shop.it\/img-catalogo\/sage\/sage-the-bambino-plus.jpg","schema":{"@context":"https:\/\/schema.org","@graph":[{"@type":"WebPage","@id":"https:\/\/dev6.erresse-shop.it\/fr\/shop\/petits-electromenagers\/machines-cafe\/manuels\/sage-the-bambino-plus\/","url":"https:\/\/dev6.erresse-shop.it\/fr\/shop\/petits-electromenagers\/machines-cafe\/manuels\/sage-the-bambino-plus\/","name":"SAGE The Bambino Plus - dev6 Erresse","isPartOf":{"@id":"https:\/\/dev6.erresse-shop.it\/#website"},"primaryImageOfPage":{"@id":"https:\/\/dev6.erresse-shop.it\/fr\/shop\/petits-electromenagers\/machines-cafe\/manuels\/sage-the-bambino-plus\/#primaryimage"},"image":{"@id":"https:\/\/dev6.erresse-shop.it\/fr\/shop\/petits-electromenagers\/machines-cafe\/manuels\/sage-the-bambino-plus\/#primaryimage"},"thumbnailUrl":"https:\/\/i0.wp.com\/interpim.erresse-shop.it\/img-catalogo\/sage\/sage-the-bambino-plus.jpg?ssl=1","datePublished":"2026-04-04T06:27:57+00:00","description":"UN EXPRESSO AUTHENTIQUE. DES RESULTATS RAPIDES ET PROFESSIONNELS CHEZ VOUS Identique \u00e0 une machine professionnelle, the Bambino Plus vous offre un Caf\u00e9 de","breadcrumb":{"@id":"https:\/\/dev6.erresse-shop.it\/fr\/shop\/petits-electromenagers\/machines-cafe\/manuels\/sage-the-bambino-plus\/#breadcrumb"},"inLanguage":"fr-FR","potentialAction":[{"@type":"ReadAction","target":["https:\/\/dev6.erresse-shop.it\/fr\/shop\/petits-electromenagers\/machines-cafe\/manuels\/sage-the-bambino-plus\/"]}]},{"@type":"ImageObject","inLanguage":"fr-FR","@id":"https:\/\/dev6.erresse-shop.it\/fr\/shop\/petits-electromenagers\/machines-cafe\/manuels\/sage-the-bambino-plus\/#primaryimage","url":"https:\/\/i0.wp.com\/interpim.erresse-shop.it\/img-catalogo\/sage\/sage-the-bambino-plus.jpg?ssl=1","contentUrl":"https:\/\/i0.wp.com\/interpim.erresse-shop.it\/img-catalogo\/sage\/sage-the-bambino-plus.jpg?ssl=1"},{"@type":"BreadcrumbList","@id":"https:\/\/dev6.erresse-shop.it\/fr\/shop\/petits-electromenagers\/machines-cafe\/manuels\/sage-the-bambino-plus\/#breadcrumb","itemListElement":[{"@type":"ListItem","position":1,"name":"Home","item":"https:\/\/dev6.erresse-shop.it\/"},{"@type":"ListItem","position":2,"name":"Boutique","item":"https:\/\/dev6.erresse-shop.it\/shop\/"},{"@type":"ListItem","position":3,"name":"SAGE The Bambino Plus"}]},{"@type":"WebSite","@id":"https:\/\/dev6.erresse-shop.it\/#website","url":"https:\/\/dev6.erresse-shop.it\/","name":"Erresse Shop","description":"","publisher":{"@id":"https:\/\/dev6.erresse-shop.it\/#organization"},"potentialAction":[{"@type":"SearchAction","target":{"@type":"EntryPoint","urlTemplate":"https:\/\/dev6.erresse-shop.it\/?s={search_term_string}"},"query-input":{"@type":"PropertyValueSpecification","valueRequired":true,"valueName":"search_term_string"}}],"inLanguage":"fr-FR"},{"@type":"Organization","@id":"https:\/\/dev6.erresse-shop.it\/#organization","name":"Erresse Shop","url":"https:\/\/dev6.erresse-shop.it\/","logo":{"@type":"ImageObject","inLanguage":"fr-FR","@id":"https:\/\/dev6.erresse-shop.it\/#\/schema\/logo\/image\/","url":"https:\/\/dev6.erresse-shop.it\/wp-content\/uploads\/2025\/01\/LOGO-ERRESSE-CLASSICO.svg","contentUrl":"https:\/\/dev6.erresse-shop.it\/wp-content\/uploads\/2025\/01\/LOGO-ERRESSE-CLASSICO.svg","caption":"Erresse Shop"},"image":{"@id":"https:\/\/dev6.erresse-shop.it\/#\/schema\/logo\/image\/"}}]}},"df_price":499.95,"df_sale_price":499.95,"df_regular_price":529.9,"df_image_link":"https:\/\/i0.wp.com\/interpim.erresse-shop.it\/img-catalogo\/sage\/sage-the-bambino-plus.jpg?resize=300,300&ssl=1","fifu_image_url":"https:\/\/interpim.erresse-shop.it\/img-catalogo\/sage\/sage-the-bambino-plus.jpg","_links":{"self":[{"href":"https:\/\/dev6.erresse-shop.it\/fr\/wp-json\/wp\/v2\/product\/58654","targetHints":{"allow":["GET"]}}],"collection":[{"href":"https:\/\/dev6.erresse-shop.it\/fr\/wp-json\/wp\/v2\/product"}],"about":[{"href":"https:\/\/dev6.erresse-shop.it\/fr\/wp-json\/wp\/v2\/types\/product"}],"wp:featuredmedia":[{"embeddable":true,"href":"https:\/\/dev6.erresse-shop.it\/fr\/wp-json\/wp\/v2\/media\/6266659"}],"wp:attachment":[{"href":"https:\/\/dev6.erresse-shop.it\/fr\/wp-json\/wp\/v2\/media?parent=58654"}],"wp:term":[{"taxonomy":"product_cat","embeddable":true,"href":"https:\/\/dev6.erresse-shop.it\/fr\/wp-json\/wp\/v2\/product_cat?post=58654"},{"taxonomy":"product_tag","embeddable":true,"href":"https:\/\/dev6.erresse-shop.it\/fr\/wp-json\/wp\/v2\/product_tag?post=58654"}],"curies":[{"name":"wp","href":"https:\/\/api.w.org\/{rel}","templated":true}]}}