{"id":58650,"date":"2026-04-12T08:28:52","date_gmt":"2026-04-12T06:28:52","guid":{"rendered":"https:\/\/dev6.erresse-shop.it\/shop\/non%20class\u00e9\/marcato-machine-a-biscuit-rouge\/"},"modified":"2025-09-14T04:14:48","modified_gmt":"2025-09-14T02:14:48","slug":"marcato-machine-a-biscuit-rouge","status":"publish","type":"product","link":"https:\/\/dev6.erresse-shop.it\/fr\/shop\/cuisine\/machines-a-biscuits\/marcato-machine-a-biscuit-rouge\/","title":{"rendered":"MARCATO Machine \u00e0 Biscuit Rouge"},"content":{"rendered":"<p>Color\u00e9, pour votre cuisine<\/p>\n<p>Biscuits n\u2019est pas une simple machine \u00e0 biscuits : nous avons imagin\u00e9 un design attrayant et agr\u00e9able \u00e0 utiliser. Il est fabriqu\u00e9 en aluminium anodis\u00e9 de qualit\u00e9 alimentaire, en 7 couleurs diff\u00e9rentes, avec des anneaux en acier et des composants en ABS. Biscuits est une machine solide \u00e0 utiliser et sans danger pour votre sant\u00e9.<\/p>\n<p>Biscuits, au go\u00fbt classique<\/p>\n<p>La version Classic de la machine \u00e0 biscuits conserve les m\u00eames qualit\u00e9s de construction, avec des lignes plus simples et un design adapt\u00e9 \u00e0 toutes les cuisines.<\/p>\n","protected":false},"excerpt":{"rendered":"<p>Color\u00e9, pour votre cuisine Biscuits n\u2019est pas une simple machine \u00e0 biscuits : nous avons imagin\u00e9 un design attrayant et agr\u00e9able \u00e0 utiliser. Il est fabriqu\u00e9 en aluminium anodis\u00e9 de qualit\u00e9 alimentaire, en 7 couleurs diff\u00e9rentes, avec des anneaux en acier et des composants en ABS. Biscuits est une machine solide \u00e0 utiliser et sans [&hellip;]<\/p>\n","protected":false},"featured_media":6349948,"template":"","meta":{"_acf_changed":false},"product_cat":[11992,11709,12033,12052],"product_tag":[],"class_list":{"0":"post-58650","1":"product","2":"type-product","3":"status-publish","4":"has-post-thumbnail","6":"product_cat-cuisine","7":"product_cat-macchine-per-biscotti","8":"product_cat-machines-a-biscuits","9":"product_cat-machines-pour-pates","11":"first","12":"outofstock","13":"sale","14":"taxable","15":"shipping-taxable","16":"purchasable","17":"product-type-simple","swatches":"rey-swatches","show_selected":"","stretch_labels":"rey-swatches--stretch-labels"},"acf":[],"yoast_head":"<!-- This site is optimized with the Yoast SEO plugin v25.4 - https:\/\/yoast.com\/wordpress\/plugins\/seo\/ -->\n<title>MARCATO Machine \u00e0 Biscuit Rouge - dev6 Erresse<\/title>\n<meta name=\"description\" content=\"Color\u00e9, pour votre cuisine Biscuits n\u2019est pas une simple machine \u00e0 biscuits : nous avons imagin\u00e9 un design attrayant et agr\u00e9able \u00e0 utiliser. Il est\" \/>\n<meta name=\"robots\" content=\"noindex, follow, max-snippet:-1, max-image-preview:large, max-video-preview:-1\" \/>\n<meta property=\"og:locale\" content=\"fr_FR\" \/>\n<meta property=\"og:type\" content=\"article\" \/>\n<meta property=\"og:title\" content=\"MARCATO Machine \u00e0 Biscuit Rouge - dev6 Erresse\" \/>\n<meta property=\"og:description\" content=\"Color\u00e9, pour votre cuisine Biscuits n\u2019est pas une simple machine \u00e0 biscuits : nous avons imagin\u00e9 un design attrayant et agr\u00e9able \u00e0 utiliser. Il est\" \/>\n<meta property=\"og:url\" content=\"https:\/\/dev6.erresse-shop.it\/fr\/shop\/cuisine\/machines-a-biscuits\/marcato-machine-a-biscuit-rouge\/\" \/>\n<meta property=\"og:site_name\" content=\"dev6 Erresse\" \/>\n<meta property=\"og:image\" content=\"https:\/\/interpim.erresse-shop.it\/Import\/Prodotti\/marcato-stampo-biscotti.jpg\" \/><meta property=\"og:image\" content=\"https:\/\/interpim.erresse-shop.it\/Import\/Prodotti\/marcato-stampo-biscotti.jpg\" \/>\n\t<meta property=\"og:image:width\" content=\"1024\" \/>\n\t<meta property=\"og:image:height\" content=\"1024\" \/>\n\t<meta property=\"og:image:type\" content=\"image\/jpeg\" \/>\n<meta name=\"twitter:card\" content=\"summary_large_image\" \/>\n<meta name=\"twitter:image\" content=\"https:\/\/interpim.erresse-shop.it\/Import\/Prodotti\/marcato-stampo-biscotti.jpg\" \/>\n<script type=\"application\/ld+json\" class=\"yoast-schema-graph\">{\"@context\":\"https:\/\/schema.org\",\"@graph\":[{\"@type\":\"WebPage\",\"@id\":\"https:\/\/dev6.erresse-shop.it\/fr\/shop\/cuisine\/machines-a-biscuits\/marcato-machine-a-biscuit-rouge\/\",\"url\":\"https:\/\/dev6.erresse-shop.it\/fr\/shop\/cuisine\/machines-a-biscuits\/marcato-machine-a-biscuit-rouge\/\",\"name\":\"MARCATO Machine \u00e0 Biscuit Rouge - dev6 Erresse\",\"isPartOf\":{\"@id\":\"https:\/\/dev6.erresse-shop.it\/#website\"},\"primaryImageOfPage\":{\"@id\":\"https:\/\/dev6.erresse-shop.it\/fr\/shop\/cuisine\/machines-a-biscuits\/marcato-machine-a-biscuit-rouge\/#primaryimage\"},\"image\":{\"@id\":\"https:\/\/dev6.erresse-shop.it\/fr\/shop\/cuisine\/machines-a-biscuits\/marcato-machine-a-biscuit-rouge\/#primaryimage\"},\"thumbnailUrl\":\"https:\/\/i1.wp.com\/interpim.erresse-shop.it\/Import\/Prodotti\/marcato-stampo-biscotti.jpg?ssl=1\",\"datePublished\":\"2026-04-12T06:28:52+00:00\",\"description\":\"Color\u00e9, pour votre cuisine Biscuits n\u2019est pas une simple machine \u00e0 biscuits : nous avons imagin\u00e9 un design attrayant et agr\u00e9able \u00e0 utiliser. Il est\",\"breadcrumb\":{\"@id\":\"https:\/\/dev6.erresse-shop.it\/fr\/shop\/cuisine\/machines-a-biscuits\/marcato-machine-a-biscuit-rouge\/#breadcrumb\"},\"inLanguage\":\"fr-FR\",\"potentialAction\":[{\"@type\":\"ReadAction\",\"target\":[\"https:\/\/dev6.erresse-shop.it\/fr\/shop\/cuisine\/machines-a-biscuits\/marcato-machine-a-biscuit-rouge\/\"]}]},{\"@type\":\"ImageObject\",\"inLanguage\":\"fr-FR\",\"@id\":\"https:\/\/dev6.erresse-shop.it\/fr\/shop\/cuisine\/machines-a-biscuits\/marcato-machine-a-biscuit-rouge\/#primaryimage\",\"url\":\"https:\/\/i1.wp.com\/interpim.erresse-shop.it\/Import\/Prodotti\/marcato-stampo-biscotti.jpg?ssl=1\",\"contentUrl\":\"https:\/\/i1.wp.com\/interpim.erresse-shop.it\/Import\/Prodotti\/marcato-stampo-biscotti.jpg?ssl=1\"},{\"@type\":\"BreadcrumbList\",\"@id\":\"https:\/\/dev6.erresse-shop.it\/fr\/shop\/cuisine\/machines-a-biscuits\/marcato-machine-a-biscuit-rouge\/#breadcrumb\",\"itemListElement\":[{\"@type\":\"ListItem\",\"position\":1,\"name\":\"Home\",\"item\":\"https:\/\/dev6.erresse-shop.it\/\"},{\"@type\":\"ListItem\",\"position\":2,\"name\":\"Boutique\",\"item\":\"https:\/\/dev6.erresse-shop.it\/shop\/\"},{\"@type\":\"ListItem\",\"position\":3,\"name\":\"MARCATO Machine \u00e0 Biscuit Rouge\"}]},{\"@type\":\"WebSite\",\"@id\":\"https:\/\/dev6.erresse-shop.it\/#website\",\"url\":\"https:\/\/dev6.erresse-shop.it\/\",\"name\":\"Erresse Shop\",\"description\":\"\",\"publisher\":{\"@id\":\"https:\/\/dev6.erresse-shop.it\/#organization\"},\"potentialAction\":[{\"@type\":\"SearchAction\",\"target\":{\"@type\":\"EntryPoint\",\"urlTemplate\":\"https:\/\/dev6.erresse-shop.it\/?s={search_term_string}\"},\"query-input\":{\"@type\":\"PropertyValueSpecification\",\"valueRequired\":true,\"valueName\":\"search_term_string\"}}],\"inLanguage\":\"fr-FR\"},{\"@type\":\"Organization\",\"@id\":\"https:\/\/dev6.erresse-shop.it\/#organization\",\"name\":\"Erresse Shop\",\"url\":\"https:\/\/dev6.erresse-shop.it\/\",\"logo\":{\"@type\":\"ImageObject\",\"inLanguage\":\"fr-FR\",\"@id\":\"https:\/\/dev6.erresse-shop.it\/#\/schema\/logo\/image\/\",\"url\":\"https:\/\/dev6.erresse-shop.it\/wp-content\/uploads\/2025\/01\/LOGO-ERRESSE-CLASSICO.svg\",\"contentUrl\":\"https:\/\/dev6.erresse-shop.it\/wp-content\/uploads\/2025\/01\/LOGO-ERRESSE-CLASSICO.svg\",\"caption\":\"Erresse Shop\"},\"image\":{\"@id\":\"https:\/\/dev6.erresse-shop.it\/#\/schema\/logo\/image\/\"}}]}<\/script>\n<!-- \/ Yoast SEO plugin. -->","yoast_head_json":{"title":"MARCATO Machine \u00e0 Biscuit Rouge - dev6 Erresse","description":"Color\u00e9, pour votre cuisine Biscuits n\u2019est pas une simple machine \u00e0 biscuits : nous avons imagin\u00e9 un design attrayant et agr\u00e9able \u00e0 utiliser. Il est","robots":{"index":"noindex","follow":"follow","max-snippet":"max-snippet:-1","max-image-preview":"max-image-preview:large","max-video-preview":"max-video-preview:-1"},"og_locale":"fr_FR","og_type":"article","og_title":"MARCATO Machine \u00e0 Biscuit Rouge - dev6 Erresse","og_description":"Color\u00e9, pour votre cuisine Biscuits n\u2019est pas une simple machine \u00e0 biscuits : nous avons imagin\u00e9 un design attrayant et agr\u00e9able \u00e0 utiliser. Il est","og_url":"https:\/\/dev6.erresse-shop.it\/fr\/shop\/cuisine\/machines-a-biscuits\/marcato-machine-a-biscuit-rouge\/","og_site_name":"dev6 Erresse","og_image":[{"url":"https:\/\/interpim.erresse-shop.it\/Import\/Prodotti\/marcato-stampo-biscotti.jpg","type":"","width":"","height":""},{"url":"https:\/\/interpim.erresse-shop.it\/Import\/Prodotti\/marcato-stampo-biscotti.jpg","width":1024,"height":1024,"type":"image\/jpeg"}],"twitter_card":"summary_large_image","twitter_image":"https:\/\/interpim.erresse-shop.it\/Import\/Prodotti\/marcato-stampo-biscotti.jpg","schema":{"@context":"https:\/\/schema.org","@graph":[{"@type":"WebPage","@id":"https:\/\/dev6.erresse-shop.it\/fr\/shop\/cuisine\/machines-a-biscuits\/marcato-machine-a-biscuit-rouge\/","url":"https:\/\/dev6.erresse-shop.it\/fr\/shop\/cuisine\/machines-a-biscuits\/marcato-machine-a-biscuit-rouge\/","name":"MARCATO Machine \u00e0 Biscuit Rouge - dev6 Erresse","isPartOf":{"@id":"https:\/\/dev6.erresse-shop.it\/#website"},"primaryImageOfPage":{"@id":"https:\/\/dev6.erresse-shop.it\/fr\/shop\/cuisine\/machines-a-biscuits\/marcato-machine-a-biscuit-rouge\/#primaryimage"},"image":{"@id":"https:\/\/dev6.erresse-shop.it\/fr\/shop\/cuisine\/machines-a-biscuits\/marcato-machine-a-biscuit-rouge\/#primaryimage"},"thumbnailUrl":"https:\/\/i1.wp.com\/interpim.erresse-shop.it\/Import\/Prodotti\/marcato-stampo-biscotti.jpg?ssl=1","datePublished":"2026-04-12T06:28:52+00:00","description":"Color\u00e9, pour votre cuisine Biscuits n\u2019est pas une simple machine \u00e0 biscuits : nous avons imagin\u00e9 un design attrayant et agr\u00e9able \u00e0 utiliser. Il est","breadcrumb":{"@id":"https:\/\/dev6.erresse-shop.it\/fr\/shop\/cuisine\/machines-a-biscuits\/marcato-machine-a-biscuit-rouge\/#breadcrumb"},"inLanguage":"fr-FR","potentialAction":[{"@type":"ReadAction","target":["https:\/\/dev6.erresse-shop.it\/fr\/shop\/cuisine\/machines-a-biscuits\/marcato-machine-a-biscuit-rouge\/"]}]},{"@type":"ImageObject","inLanguage":"fr-FR","@id":"https:\/\/dev6.erresse-shop.it\/fr\/shop\/cuisine\/machines-a-biscuits\/marcato-machine-a-biscuit-rouge\/#primaryimage","url":"https:\/\/i1.wp.com\/interpim.erresse-shop.it\/Import\/Prodotti\/marcato-stampo-biscotti.jpg?ssl=1","contentUrl":"https:\/\/i1.wp.com\/interpim.erresse-shop.it\/Import\/Prodotti\/marcato-stampo-biscotti.jpg?ssl=1"},{"@type":"BreadcrumbList","@id":"https:\/\/dev6.erresse-shop.it\/fr\/shop\/cuisine\/machines-a-biscuits\/marcato-machine-a-biscuit-rouge\/#breadcrumb","itemListElement":[{"@type":"ListItem","position":1,"name":"Home","item":"https:\/\/dev6.erresse-shop.it\/"},{"@type":"ListItem","position":2,"name":"Boutique","item":"https:\/\/dev6.erresse-shop.it\/shop\/"},{"@type":"ListItem","position":3,"name":"MARCATO Machine \u00e0 Biscuit Rouge"}]},{"@type":"WebSite","@id":"https:\/\/dev6.erresse-shop.it\/#website","url":"https:\/\/dev6.erresse-shop.it\/","name":"Erresse Shop","description":"","publisher":{"@id":"https:\/\/dev6.erresse-shop.it\/#organization"},"potentialAction":[{"@type":"SearchAction","target":{"@type":"EntryPoint","urlTemplate":"https:\/\/dev6.erresse-shop.it\/?s={search_term_string}"},"query-input":{"@type":"PropertyValueSpecification","valueRequired":true,"valueName":"search_term_string"}}],"inLanguage":"fr-FR"},{"@type":"Organization","@id":"https:\/\/dev6.erresse-shop.it\/#organization","name":"Erresse Shop","url":"https:\/\/dev6.erresse-shop.it\/","logo":{"@type":"ImageObject","inLanguage":"fr-FR","@id":"https:\/\/dev6.erresse-shop.it\/#\/schema\/logo\/image\/","url":"https:\/\/dev6.erresse-shop.it\/wp-content\/uploads\/2025\/01\/LOGO-ERRESSE-CLASSICO.svg","contentUrl":"https:\/\/dev6.erresse-shop.it\/wp-content\/uploads\/2025\/01\/LOGO-ERRESSE-CLASSICO.svg","caption":"Erresse Shop"},"image":{"@id":"https:\/\/dev6.erresse-shop.it\/#\/schema\/logo\/image\/"}}]}},"df_price":62,"df_sale_price":62,"df_regular_price":77.9,"df_image_link":"https:\/\/i1.wp.com\/interpim.erresse-shop.it\/Import\/Prodotti\/marcato-stampo-biscotti.jpg?resize=300,300&ssl=1","fifu_image_url":"https:\/\/interpim.erresse-shop.it\/Import\/Prodotti\/marcato-stampo-biscotti.jpg","_links":{"self":[{"href":"https:\/\/dev6.erresse-shop.it\/fr\/wp-json\/wp\/v2\/product\/58650","targetHints":{"allow":["GET"]}}],"collection":[{"href":"https:\/\/dev6.erresse-shop.it\/fr\/wp-json\/wp\/v2\/product"}],"about":[{"href":"https:\/\/dev6.erresse-shop.it\/fr\/wp-json\/wp\/v2\/types\/product"}],"wp:featuredmedia":[{"embeddable":true,"href":"https:\/\/dev6.erresse-shop.it\/fr\/wp-json\/wp\/v2\/media\/6349948"}],"wp:attachment":[{"href":"https:\/\/dev6.erresse-shop.it\/fr\/wp-json\/wp\/v2\/media?parent=58650"}],"wp:term":[{"taxonomy":"product_cat","embeddable":true,"href":"https:\/\/dev6.erresse-shop.it\/fr\/wp-json\/wp\/v2\/product_cat?post=58650"},{"taxonomy":"product_tag","embeddable":true,"href":"https:\/\/dev6.erresse-shop.it\/fr\/wp-json\/wp\/v2\/product_tag?post=58650"}],"curies":[{"name":"wp","href":"https:\/\/api.w.org\/{rel}","templated":true}]}}