{"id":58615,"date":"2026-04-16T19:03:46","date_gmt":"2026-04-16T17:03:46","guid":{"rendered":"https:\/\/dev6.erresse-shop.it\/shop\/non%20class\u00e9\/taitu-mare-bol-multifonction-petit\/"},"modified":"2025-09-14T04:14:21","modified_gmt":"2025-09-14T02:14:21","slug":"taitu-mare-bol-multifonction-petit","status":"publish","type":"product","link":"https:\/\/dev6.erresse-shop.it\/fr\/shop\/table-fr-2\/recipients-et-bols\/taitu-mare-bol-multifonction-petit\/","title":{"rendered":"TAIT\u00d9 Mare Bol Multifonction Petit"},"content":{"rendered":"<p>Peint \u00e0 la main<br \/>\nMat\u00e9rial: Fine Bone China<\/p>\n<p>La mer avec vous, o\u00f9 que vous soyez !<br \/>\nNous voulons la mer (MARE) de plus en plus ! Pour l\u2019\u00e9t\u00e9 2021, TAIT\u00d9 \u00e9largit sa collection, un Best Seller mondial, avec 3 accessoires de table inspir\u00e9s par l\u2019irr\u00e9sistible envie d\u2019avoir la mer chez soi. Des objets de grand impact et sc\u00e9niques, \u00e0 vivre et \u00e0 partager, pour apporter la mer o\u00f9 que vous soyez. La collection MARE devient ainsi encore plus pr\u00e9cieuse et luxueuse, pour la maison en ville ou au bord de la mer, \u00e0 vivre toute l\u2019ann\u00e9e. Pour r\u00eaver et se sentir libre dans un monde sous-marin plein de charme et de joie de vivre.<\/p>\n","protected":false},"excerpt":{"rendered":"<p>Peint \u00e0 la main Mat\u00e9rial: Fine Bone China La mer avec vous, o\u00f9 que vous soyez ! Nous voulons la mer (MARE) de plus en plus ! Pour l\u2019\u00e9t\u00e9 2021, TAIT\u00d9 \u00e9largit sa collection, un Best Seller mondial, avec 3 accessoires de table inspir\u00e9s par l\u2019irr\u00e9sistible envie d\u2019avoir la mer chez soi. Des objets de [&hellip;]<\/p>\n","protected":false},"featured_media":6488805,"template":"","meta":{"_acf_changed":false},"product_cat":[12015,11995,11671],"product_tag":[],"class_list":{"0":"post-58615","1":"product","2":"type-product","3":"status-publish","4":"has-post-thumbnail","6":"product_cat-recipients-et-bols","7":"product_cat-table-fr-2","8":"product_cat-tavola","10":"first","11":"outofstock","12":"taxable","13":"shipping-taxable","14":"purchasable","15":"product-type-simple","swatches":"rey-swatches","show_selected":"","stretch_labels":"rey-swatches--stretch-labels"},"acf":[],"yoast_head":"<!-- This site is optimized with the Yoast SEO plugin v25.4 - https:\/\/yoast.com\/wordpress\/plugins\/seo\/ -->\n<title>TAIT\u00d9 Mare Bol Multifonction Petit - dev6 Erresse<\/title>\n<meta name=\"description\" content=\"Peint \u00e0 la main Mat\u00e9rial: Fine Bone China La mer avec vous, o\u00f9 que vous soyez ! Nous voulons la mer (MARE) de plus en plus ! Pour l\u2019\u00e9t\u00e9 2021, TAIT\u00d9\" \/>\n<meta name=\"robots\" content=\"noindex, follow, max-snippet:-1, max-image-preview:large, max-video-preview:-1\" \/>\n<meta property=\"og:locale\" content=\"fr_FR\" \/>\n<meta property=\"og:type\" content=\"article\" \/>\n<meta property=\"og:title\" content=\"TAIT\u00d9 Mare Bol Multifonction Petit - dev6 Erresse\" \/>\n<meta property=\"og:description\" content=\"Peint \u00e0 la main Mat\u00e9rial: Fine Bone China La mer avec vous, o\u00f9 que vous soyez ! Nous voulons la mer (MARE) de plus en plus ! Pour l\u2019\u00e9t\u00e9 2021, TAIT\u00d9\" \/>\n<meta property=\"og:url\" content=\"https:\/\/dev6.erresse-shop.it\/fr\/shop\/table-fr-2\/recipients-et-bols\/taitu-mare-bol-multifonction-petit\/\" \/>\n<meta property=\"og:site_name\" content=\"dev6 Erresse\" \/>\n<meta property=\"og:image\" content=\"https:\/\/interpim.erresse-shop.it\/img-catalogo\/taitu\/taitu-mare-ciotola-milleusi-quadrata-piccola.jpg\" \/><meta property=\"og:image\" content=\"https:\/\/interpim.erresse-shop.it\/img-catalogo\/taitu\/taitu-mare-ciotola-milleusi-quadrata-piccola.jpg\" \/>\n\t<meta property=\"og:image:width\" content=\"1024\" \/>\n\t<meta property=\"og:image:height\" content=\"1024\" \/>\n\t<meta property=\"og:image:type\" content=\"image\/jpeg\" \/>\n<meta name=\"twitter:card\" content=\"summary_large_image\" \/>\n<meta name=\"twitter:image\" content=\"https:\/\/interpim.erresse-shop.it\/img-catalogo\/taitu\/taitu-mare-ciotola-milleusi-quadrata-piccola.jpg\" \/>\n<script type=\"application\/ld+json\" class=\"yoast-schema-graph\">{\"@context\":\"https:\/\/schema.org\",\"@graph\":[{\"@type\":\"WebPage\",\"@id\":\"https:\/\/dev6.erresse-shop.it\/fr\/shop\/table-fr-2\/recipients-et-bols\/taitu-mare-bol-multifonction-petit\/\",\"url\":\"https:\/\/dev6.erresse-shop.it\/fr\/shop\/table-fr-2\/recipients-et-bols\/taitu-mare-bol-multifonction-petit\/\",\"name\":\"TAIT\u00d9 Mare Bol Multifonction Petit - dev6 Erresse\",\"isPartOf\":{\"@id\":\"https:\/\/dev6.erresse-shop.it\/#website\"},\"primaryImageOfPage\":{\"@id\":\"https:\/\/dev6.erresse-shop.it\/fr\/shop\/table-fr-2\/recipients-et-bols\/taitu-mare-bol-multifonction-petit\/#primaryimage\"},\"image\":{\"@id\":\"https:\/\/dev6.erresse-shop.it\/fr\/shop\/table-fr-2\/recipients-et-bols\/taitu-mare-bol-multifonction-petit\/#primaryimage\"},\"thumbnailUrl\":\"https:\/\/i3.wp.com\/interpim.erresse-shop.it\/img-catalogo\/taitu\/taitu-mare-ciotola-milleusi-quadrata-piccola.jpg?ssl=1\",\"datePublished\":\"2026-04-16T17:03:46+00:00\",\"description\":\"Peint \u00e0 la main Mat\u00e9rial: Fine Bone China La mer avec vous, o\u00f9 que vous soyez ! Nous voulons la mer (MARE) de plus en plus ! Pour l\u2019\u00e9t\u00e9 2021, TAIT\u00d9\",\"breadcrumb\":{\"@id\":\"https:\/\/dev6.erresse-shop.it\/fr\/shop\/table-fr-2\/recipients-et-bols\/taitu-mare-bol-multifonction-petit\/#breadcrumb\"},\"inLanguage\":\"fr-FR\",\"potentialAction\":[{\"@type\":\"ReadAction\",\"target\":[\"https:\/\/dev6.erresse-shop.it\/fr\/shop\/table-fr-2\/recipients-et-bols\/taitu-mare-bol-multifonction-petit\/\"]}]},{\"@type\":\"ImageObject\",\"inLanguage\":\"fr-FR\",\"@id\":\"https:\/\/dev6.erresse-shop.it\/fr\/shop\/table-fr-2\/recipients-et-bols\/taitu-mare-bol-multifonction-petit\/#primaryimage\",\"url\":\"https:\/\/i3.wp.com\/interpim.erresse-shop.it\/img-catalogo\/taitu\/taitu-mare-ciotola-milleusi-quadrata-piccola.jpg?ssl=1\",\"contentUrl\":\"https:\/\/i3.wp.com\/interpim.erresse-shop.it\/img-catalogo\/taitu\/taitu-mare-ciotola-milleusi-quadrata-piccola.jpg?ssl=1\"},{\"@type\":\"BreadcrumbList\",\"@id\":\"https:\/\/dev6.erresse-shop.it\/fr\/shop\/table-fr-2\/recipients-et-bols\/taitu-mare-bol-multifonction-petit\/#breadcrumb\",\"itemListElement\":[{\"@type\":\"ListItem\",\"position\":1,\"name\":\"Home\",\"item\":\"https:\/\/dev6.erresse-shop.it\/\"},{\"@type\":\"ListItem\",\"position\":2,\"name\":\"Boutique\",\"item\":\"https:\/\/dev6.erresse-shop.it\/shop\/\"},{\"@type\":\"ListItem\",\"position\":3,\"name\":\"TAIT\u00d9 Mare Bol Multifonction Petit\"}]},{\"@type\":\"WebSite\",\"@id\":\"https:\/\/dev6.erresse-shop.it\/#website\",\"url\":\"https:\/\/dev6.erresse-shop.it\/\",\"name\":\"Erresse Shop\",\"description\":\"\",\"publisher\":{\"@id\":\"https:\/\/dev6.erresse-shop.it\/#organization\"},\"potentialAction\":[{\"@type\":\"SearchAction\",\"target\":{\"@type\":\"EntryPoint\",\"urlTemplate\":\"https:\/\/dev6.erresse-shop.it\/?s={search_term_string}\"},\"query-input\":{\"@type\":\"PropertyValueSpecification\",\"valueRequired\":true,\"valueName\":\"search_term_string\"}}],\"inLanguage\":\"fr-FR\"},{\"@type\":\"Organization\",\"@id\":\"https:\/\/dev6.erresse-shop.it\/#organization\",\"name\":\"Erresse Shop\",\"url\":\"https:\/\/dev6.erresse-shop.it\/\",\"logo\":{\"@type\":\"ImageObject\",\"inLanguage\":\"fr-FR\",\"@id\":\"https:\/\/dev6.erresse-shop.it\/#\/schema\/logo\/image\/\",\"url\":\"https:\/\/dev6.erresse-shop.it\/wp-content\/uploads\/2025\/01\/LOGO-ERRESSE-CLASSICO.svg\",\"contentUrl\":\"https:\/\/dev6.erresse-shop.it\/wp-content\/uploads\/2025\/01\/LOGO-ERRESSE-CLASSICO.svg\",\"caption\":\"Erresse Shop\"},\"image\":{\"@id\":\"https:\/\/dev6.erresse-shop.it\/#\/schema\/logo\/image\/\"}}]}<\/script>\n<!-- \/ Yoast SEO plugin. -->","yoast_head_json":{"title":"TAIT\u00d9 Mare Bol Multifonction Petit - dev6 Erresse","description":"Peint \u00e0 la main Mat\u00e9rial: Fine Bone China La mer avec vous, o\u00f9 que vous soyez ! Nous voulons la mer (MARE) de plus en plus ! Pour l\u2019\u00e9t\u00e9 2021, TAIT\u00d9","robots":{"index":"noindex","follow":"follow","max-snippet":"max-snippet:-1","max-image-preview":"max-image-preview:large","max-video-preview":"max-video-preview:-1"},"og_locale":"fr_FR","og_type":"article","og_title":"TAIT\u00d9 Mare Bol Multifonction Petit - dev6 Erresse","og_description":"Peint \u00e0 la main Mat\u00e9rial: Fine Bone China La mer avec vous, o\u00f9 que vous soyez ! Nous voulons la mer (MARE) de plus en plus ! Pour l\u2019\u00e9t\u00e9 2021, TAIT\u00d9","og_url":"https:\/\/dev6.erresse-shop.it\/fr\/shop\/table-fr-2\/recipients-et-bols\/taitu-mare-bol-multifonction-petit\/","og_site_name":"dev6 Erresse","og_image":[{"url":"https:\/\/interpim.erresse-shop.it\/img-catalogo\/taitu\/taitu-mare-ciotola-milleusi-quadrata-piccola.jpg","type":"","width":"","height":""},{"url":"https:\/\/interpim.erresse-shop.it\/img-catalogo\/taitu\/taitu-mare-ciotola-milleusi-quadrata-piccola.jpg","width":1024,"height":1024,"type":"image\/jpeg"}],"twitter_card":"summary_large_image","twitter_image":"https:\/\/interpim.erresse-shop.it\/img-catalogo\/taitu\/taitu-mare-ciotola-milleusi-quadrata-piccola.jpg","schema":{"@context":"https:\/\/schema.org","@graph":[{"@type":"WebPage","@id":"https:\/\/dev6.erresse-shop.it\/fr\/shop\/table-fr-2\/recipients-et-bols\/taitu-mare-bol-multifonction-petit\/","url":"https:\/\/dev6.erresse-shop.it\/fr\/shop\/table-fr-2\/recipients-et-bols\/taitu-mare-bol-multifonction-petit\/","name":"TAIT\u00d9 Mare Bol Multifonction Petit - dev6 Erresse","isPartOf":{"@id":"https:\/\/dev6.erresse-shop.it\/#website"},"primaryImageOfPage":{"@id":"https:\/\/dev6.erresse-shop.it\/fr\/shop\/table-fr-2\/recipients-et-bols\/taitu-mare-bol-multifonction-petit\/#primaryimage"},"image":{"@id":"https:\/\/dev6.erresse-shop.it\/fr\/shop\/table-fr-2\/recipients-et-bols\/taitu-mare-bol-multifonction-petit\/#primaryimage"},"thumbnailUrl":"https:\/\/i3.wp.com\/interpim.erresse-shop.it\/img-catalogo\/taitu\/taitu-mare-ciotola-milleusi-quadrata-piccola.jpg?ssl=1","datePublished":"2026-04-16T17:03:46+00:00","description":"Peint \u00e0 la main Mat\u00e9rial: Fine Bone China La mer avec vous, o\u00f9 que vous soyez ! Nous voulons la mer (MARE) de plus en plus ! Pour l\u2019\u00e9t\u00e9 2021, TAIT\u00d9","breadcrumb":{"@id":"https:\/\/dev6.erresse-shop.it\/fr\/shop\/table-fr-2\/recipients-et-bols\/taitu-mare-bol-multifonction-petit\/#breadcrumb"},"inLanguage":"fr-FR","potentialAction":[{"@type":"ReadAction","target":["https:\/\/dev6.erresse-shop.it\/fr\/shop\/table-fr-2\/recipients-et-bols\/taitu-mare-bol-multifonction-petit\/"]}]},{"@type":"ImageObject","inLanguage":"fr-FR","@id":"https:\/\/dev6.erresse-shop.it\/fr\/shop\/table-fr-2\/recipients-et-bols\/taitu-mare-bol-multifonction-petit\/#primaryimage","url":"https:\/\/i3.wp.com\/interpim.erresse-shop.it\/img-catalogo\/taitu\/taitu-mare-ciotola-milleusi-quadrata-piccola.jpg?ssl=1","contentUrl":"https:\/\/i3.wp.com\/interpim.erresse-shop.it\/img-catalogo\/taitu\/taitu-mare-ciotola-milleusi-quadrata-piccola.jpg?ssl=1"},{"@type":"BreadcrumbList","@id":"https:\/\/dev6.erresse-shop.it\/fr\/shop\/table-fr-2\/recipients-et-bols\/taitu-mare-bol-multifonction-petit\/#breadcrumb","itemListElement":[{"@type":"ListItem","position":1,"name":"Home","item":"https:\/\/dev6.erresse-shop.it\/"},{"@type":"ListItem","position":2,"name":"Boutique","item":"https:\/\/dev6.erresse-shop.it\/shop\/"},{"@type":"ListItem","position":3,"name":"TAIT\u00d9 Mare Bol Multifonction Petit"}]},{"@type":"WebSite","@id":"https:\/\/dev6.erresse-shop.it\/#website","url":"https:\/\/dev6.erresse-shop.it\/","name":"Erresse Shop","description":"","publisher":{"@id":"https:\/\/dev6.erresse-shop.it\/#organization"},"potentialAction":[{"@type":"SearchAction","target":{"@type":"EntryPoint","urlTemplate":"https:\/\/dev6.erresse-shop.it\/?s={search_term_string}"},"query-input":{"@type":"PropertyValueSpecification","valueRequired":true,"valueName":"search_term_string"}}],"inLanguage":"fr-FR"},{"@type":"Organization","@id":"https:\/\/dev6.erresse-shop.it\/#organization","name":"Erresse Shop","url":"https:\/\/dev6.erresse-shop.it\/","logo":{"@type":"ImageObject","inLanguage":"fr-FR","@id":"https:\/\/dev6.erresse-shop.it\/#\/schema\/logo\/image\/","url":"https:\/\/dev6.erresse-shop.it\/wp-content\/uploads\/2025\/01\/LOGO-ERRESSE-CLASSICO.svg","contentUrl":"https:\/\/dev6.erresse-shop.it\/wp-content\/uploads\/2025\/01\/LOGO-ERRESSE-CLASSICO.svg","caption":"Erresse Shop"},"image":{"@id":"https:\/\/dev6.erresse-shop.it\/#\/schema\/logo\/image\/"}}]}},"df_price":24,"df_sale_price":"","df_regular_price":24,"df_image_link":"https:\/\/i3.wp.com\/interpim.erresse-shop.it\/img-catalogo\/taitu\/taitu-mare-ciotola-milleusi-quadrata-piccola.jpg?resize=300,300&ssl=1","fifu_image_url":"https:\/\/interpim.erresse-shop.it\/img-catalogo\/taitu\/taitu-mare-ciotola-milleusi-quadrata-piccola.jpg","_links":{"self":[{"href":"https:\/\/dev6.erresse-shop.it\/fr\/wp-json\/wp\/v2\/product\/58615","targetHints":{"allow":["GET"]}}],"collection":[{"href":"https:\/\/dev6.erresse-shop.it\/fr\/wp-json\/wp\/v2\/product"}],"about":[{"href":"https:\/\/dev6.erresse-shop.it\/fr\/wp-json\/wp\/v2\/types\/product"}],"wp:featuredmedia":[{"embeddable":true,"href":"https:\/\/dev6.erresse-shop.it\/fr\/wp-json\/wp\/v2\/media\/6488805"}],"wp:attachment":[{"href":"https:\/\/dev6.erresse-shop.it\/fr\/wp-json\/wp\/v2\/media?parent=58615"}],"wp:term":[{"taxonomy":"product_cat","embeddable":true,"href":"https:\/\/dev6.erresse-shop.it\/fr\/wp-json\/wp\/v2\/product_cat?post=58615"},{"taxonomy":"product_tag","embeddable":true,"href":"https:\/\/dev6.erresse-shop.it\/fr\/wp-json\/wp\/v2\/product_tag?post=58615"}],"curies":[{"name":"wp","href":"https:\/\/api.w.org\/{rel}","templated":true}]}}