{"id":58589,"date":"2026-04-16T19:02:45","date_gmt":"2026-04-16T17:02:45","guid":{"rendered":"https:\/\/dev6.erresse-shop.it\/shop\/non%20class\u00e9\/le-creuset-casserole-manche-en-bois-18-cm-meringue\/"},"modified":"2025-09-14T04:14:03","modified_gmt":"2025-09-14T02:14:03","slug":"le-creuset-casserole-manche-en-bois-18-cm-meringue","status":"publish","type":"product","link":"https:\/\/dev6.erresse-shop.it\/fr\/shop\/poeles-pots\/casseroles\/le-creuset-casserole-manche-en-bois-18-cm-meringue\/","title":{"rendered":"LE CREUSET Casserole Manche en Bois 18 cm Meringue"},"content":{"rendered":"<p>Laissez mijoter et servez<br \/>\nCette casserole sera tr\u00e8s pratique pour cr\u00e9er un plat n\u00e9cessitant un peu plus d\u2019attention. Que vous fassiez mijoter une sauce relev\u00e9e ou r\u00e9alisiez une cr\u00e8me d\u00e9licate, votre pr\u00e9paration chauffe de mani\u00e8re uniforme gr\u00e2ce \u00e0 la fonte \u00e9maill\u00e9e. Le couvercle dispose d\u2019un syst\u00e8me de ventilation pour emp\u00eacher les jets d\u2019eau bouillante lors de l\u2019\u00e9bullition. Sans oublier les deux becs verseurs pr\u00e9cis pour un service impeccable.<\/p>\n<p>Caract\u00e9ristiques:<\/p>\n<p>Un nettoyage express : l\u2019int\u00e9rieur en fonte \u00e9maill\u00e9e rend le nettoyage plus facile.<br \/>\nDes plats savoureux : la conception en fonte \u00e9maill\u00e9e retient la chaleur pour une cuisson uniforme et dor\u00e9e. Vos plats gourmands resteront \u00e9galement plus longtemps au chaud \u00e0 table.<br \/>\nUne cuisson en vase clos : notre couvercle herm\u00e9tique amplifie la condensation des vapeurs de cuisson qui \u00e0 leur tour rehaussent les saveurs de vos pr\u00e9parations, pour un r\u00e9sultat sensationnel.<br \/>\nSur le dessus : le couvercle dispose d\u2019un syst\u00e8me de ventilation sp\u00e9cial pour \u00e9viter tout d\u00e9bordement.<br \/>\nUn style traditionnel : l\u2019\u00e9l\u00e9gante poign\u00e9e en bois ne chauffe pas pour faciliter la manipulation.<br \/>\nUne aide pr\u00e9cieuse : la poign\u00e9e d\u2019assistance est parfaite pour soulever et d\u00e9placer votre ustensile entre la plaque de cuisson, le four et la table.<br \/>\nContr\u00f4le de la temp\u00e9rature : cuisinez \u00e0 feu doux ou mod\u00e9r\u00e9 pour prendre soin de votre fonte \u00e9maill\u00e9e et obtenir des r\u00e9sultats sensationnels.<\/p>\n<p>Mat\u00e9riau: fonte \u00e9maill\u00e9e<br \/>\nFabriqu\u00e9 en France<br \/>\nGarantie: \u00e0 vie<\/p>\n<p>Sources de chaleur permises:<\/p>\n<p>Plaque \u00e9lectrique<br \/>\nPlaque de cuisson en vitroc\u00e9ramique<br \/>\nGaz<br \/>\nInduction<\/p>\n<p>Nettoyage:<\/p>\n<p>Laissez refroidir votre produit avant de le nettoyer.<br \/>\nEssuyez tout \u00e9coulement qui serait sur la base et les parois du produit. Si votre pr\u00e9paration a attach\u00e9, remplissez le produit d\u2019eau chaude avec du liquide vaisselle et laissez tremper 15 \u00e0 20 minutes avant de le laver comme d\u2019habitude.<br \/>\nN\u2019utilisez pas de d\u00e9tergent d\u00e9capant, d\u2019\u00e9ponge avec rev\u00eatement abrasif ou en m\u00e9tal ou encore de brosse \u00e0 r\u00e9curer \u00e0 poils durs sur toutes les surfaces de votre produit.<br \/>\nS\u00e9chez-le bien ensuite et rangez-le dans un endroit sec.<\/p>\n","protected":false},"excerpt":{"rendered":"<p>Laissez mijoter et servez Cette casserole sera tr\u00e8s pratique pour cr\u00e9er un plat n\u00e9cessitant un peu plus d\u2019attention. Que vous fassiez mijoter une sauce relev\u00e9e ou r\u00e9alisiez une cr\u00e8me d\u00e9licate, votre pr\u00e9paration chauffe de mani\u00e8re uniforme gr\u00e2ce \u00e0 la fonte \u00e9maill\u00e9e. Le couvercle dispose d\u2019un syst\u00e8me de ventilation pour emp\u00eacher les jets d\u2019eau bouillante lors [&hellip;]<\/p>\n","protected":false},"featured_media":6488695,"template":"","meta":{"_acf_changed":false},"product_cat":[12001,11667,11991],"product_tag":[],"class_list":{"0":"post-58589","1":"product","2":"type-product","3":"status-publish","4":"has-post-thumbnail","6":"product_cat-casseroles","7":"product_cat-padelle-pentole","8":"product_cat-poeles-pots","10":"first","11":"outofstock","12":"sale","13":"taxable","14":"shipping-taxable","15":"purchasable","16":"product-type-simple","swatches":"rey-swatches","show_selected":"","stretch_labels":"rey-swatches--stretch-labels"},"acf":[],"yoast_head":"<!-- This site is optimized with the Yoast SEO plugin v25.4 - https:\/\/yoast.com\/wordpress\/plugins\/seo\/ -->\n<title>LE CREUSET Casserole Manche en Bois 18 cm Meringue - dev6 Erresse<\/title>\n<meta name=\"description\" content=\"Laissez mijoter et servez Cette casserole sera tr\u00e8s pratique pour cr\u00e9er un plat n\u00e9cessitant un peu plus d\u2019attention. Que vous fassiez mijoter une sauce\" \/>\n<meta name=\"robots\" content=\"noindex, follow, max-snippet:-1, max-image-preview:large, max-video-preview:-1\" \/>\n<meta property=\"og:locale\" content=\"fr_FR\" \/>\n<meta property=\"og:type\" content=\"article\" \/>\n<meta property=\"og:title\" content=\"LE CREUSET Casserole Manche en Bois 18 cm Meringue - dev6 Erresse\" \/>\n<meta property=\"og:description\" content=\"Laissez mijoter et servez Cette casserole sera tr\u00e8s pratique pour cr\u00e9er un plat n\u00e9cessitant un peu plus d\u2019attention. Que vous fassiez mijoter une sauce\" \/>\n<meta property=\"og:url\" content=\"https:\/\/dev6.erresse-shop.it\/fr\/shop\/poeles-pots\/casseroles\/le-creuset-casserole-manche-en-bois-18-cm-meringue\/\" \/>\n<meta property=\"og:site_name\" content=\"dev6 Erresse\" \/>\n<meta property=\"og:image\" content=\"https:\/\/interpim.erresse-shop.it\/Import\/Prodotti\/le-creuset-casseruola-in-ghisa-manico-in-legno-18-cm-meringa.png\" \/><meta property=\"og:image\" content=\"https:\/\/interpim.erresse-shop.it\/Import\/Prodotti\/le-creuset-casseruola-in-ghisa-manico-in-legno-18-cm-meringa.png\" \/>\n\t<meta property=\"og:image:width\" content=\"1024\" \/>\n\t<meta property=\"og:image:height\" content=\"1024\" \/>\n\t<meta property=\"og:image:type\" content=\"image\/jpeg\" \/>\n<meta name=\"twitter:card\" content=\"summary_large_image\" \/>\n<meta name=\"twitter:image\" content=\"https:\/\/interpim.erresse-shop.it\/Import\/Prodotti\/le-creuset-casseruola-in-ghisa-manico-in-legno-18-cm-meringa.png\" \/>\n<script type=\"application\/ld+json\" class=\"yoast-schema-graph\">{\"@context\":\"https:\/\/schema.org\",\"@graph\":[{\"@type\":\"WebPage\",\"@id\":\"https:\/\/dev6.erresse-shop.it\/fr\/shop\/poeles-pots\/casseroles\/le-creuset-casserole-manche-en-bois-18-cm-meringue\/\",\"url\":\"https:\/\/dev6.erresse-shop.it\/fr\/shop\/poeles-pots\/casseroles\/le-creuset-casserole-manche-en-bois-18-cm-meringue\/\",\"name\":\"LE CREUSET Casserole Manche en Bois 18 cm Meringue - dev6 Erresse\",\"isPartOf\":{\"@id\":\"https:\/\/dev6.erresse-shop.it\/#website\"},\"primaryImageOfPage\":{\"@id\":\"https:\/\/dev6.erresse-shop.it\/fr\/shop\/poeles-pots\/casseroles\/le-creuset-casserole-manche-en-bois-18-cm-meringue\/#primaryimage\"},\"image\":{\"@id\":\"https:\/\/dev6.erresse-shop.it\/fr\/shop\/poeles-pots\/casseroles\/le-creuset-casserole-manche-en-bois-18-cm-meringue\/#primaryimage\"},\"thumbnailUrl\":\"https:\/\/i1.wp.com\/interpim.erresse-shop.it\/Import\/Prodotti\/le-creuset-casseruola-in-ghisa-manico-in-legno-18-cm-meringa.png?ssl=1\",\"datePublished\":\"2026-04-16T17:02:45+00:00\",\"description\":\"Laissez mijoter et servez Cette casserole sera tr\u00e8s pratique pour cr\u00e9er un plat n\u00e9cessitant un peu plus d\u2019attention. Que vous fassiez mijoter une sauce\",\"breadcrumb\":{\"@id\":\"https:\/\/dev6.erresse-shop.it\/fr\/shop\/poeles-pots\/casseroles\/le-creuset-casserole-manche-en-bois-18-cm-meringue\/#breadcrumb\"},\"inLanguage\":\"fr-FR\",\"potentialAction\":[{\"@type\":\"ReadAction\",\"target\":[\"https:\/\/dev6.erresse-shop.it\/fr\/shop\/poeles-pots\/casseroles\/le-creuset-casserole-manche-en-bois-18-cm-meringue\/\"]}]},{\"@type\":\"ImageObject\",\"inLanguage\":\"fr-FR\",\"@id\":\"https:\/\/dev6.erresse-shop.it\/fr\/shop\/poeles-pots\/casseroles\/le-creuset-casserole-manche-en-bois-18-cm-meringue\/#primaryimage\",\"url\":\"https:\/\/i1.wp.com\/interpim.erresse-shop.it\/Import\/Prodotti\/le-creuset-casseruola-in-ghisa-manico-in-legno-18-cm-meringa.png?ssl=1\",\"contentUrl\":\"https:\/\/i1.wp.com\/interpim.erresse-shop.it\/Import\/Prodotti\/le-creuset-casseruola-in-ghisa-manico-in-legno-18-cm-meringa.png?ssl=1\"},{\"@type\":\"BreadcrumbList\",\"@id\":\"https:\/\/dev6.erresse-shop.it\/fr\/shop\/poeles-pots\/casseroles\/le-creuset-casserole-manche-en-bois-18-cm-meringue\/#breadcrumb\",\"itemListElement\":[{\"@type\":\"ListItem\",\"position\":1,\"name\":\"Home\",\"item\":\"https:\/\/dev6.erresse-shop.it\/\"},{\"@type\":\"ListItem\",\"position\":2,\"name\":\"Boutique\",\"item\":\"https:\/\/dev6.erresse-shop.it\/shop\/\"},{\"@type\":\"ListItem\",\"position\":3,\"name\":\"LE CREUSET Casserole Manche en Bois 18 cm Meringue\"}]},{\"@type\":\"WebSite\",\"@id\":\"https:\/\/dev6.erresse-shop.it\/#website\",\"url\":\"https:\/\/dev6.erresse-shop.it\/\",\"name\":\"Erresse Shop\",\"description\":\"\",\"publisher\":{\"@id\":\"https:\/\/dev6.erresse-shop.it\/#organization\"},\"potentialAction\":[{\"@type\":\"SearchAction\",\"target\":{\"@type\":\"EntryPoint\",\"urlTemplate\":\"https:\/\/dev6.erresse-shop.it\/?s={search_term_string}\"},\"query-input\":{\"@type\":\"PropertyValueSpecification\",\"valueRequired\":true,\"valueName\":\"search_term_string\"}}],\"inLanguage\":\"fr-FR\"},{\"@type\":\"Organization\",\"@id\":\"https:\/\/dev6.erresse-shop.it\/#organization\",\"name\":\"Erresse Shop\",\"url\":\"https:\/\/dev6.erresse-shop.it\/\",\"logo\":{\"@type\":\"ImageObject\",\"inLanguage\":\"fr-FR\",\"@id\":\"https:\/\/dev6.erresse-shop.it\/#\/schema\/logo\/image\/\",\"url\":\"https:\/\/dev6.erresse-shop.it\/wp-content\/uploads\/2025\/01\/LOGO-ERRESSE-CLASSICO.svg\",\"contentUrl\":\"https:\/\/dev6.erresse-shop.it\/wp-content\/uploads\/2025\/01\/LOGO-ERRESSE-CLASSICO.svg\",\"caption\":\"Erresse Shop\"},\"image\":{\"@id\":\"https:\/\/dev6.erresse-shop.it\/#\/schema\/logo\/image\/\"}}]}<\/script>\n<!-- \/ Yoast SEO plugin. -->","yoast_head_json":{"title":"LE CREUSET Casserole Manche en Bois 18 cm Meringue - dev6 Erresse","description":"Laissez mijoter et servez Cette casserole sera tr\u00e8s pratique pour cr\u00e9er un plat n\u00e9cessitant un peu plus d\u2019attention. Que vous fassiez mijoter une sauce","robots":{"index":"noindex","follow":"follow","max-snippet":"max-snippet:-1","max-image-preview":"max-image-preview:large","max-video-preview":"max-video-preview:-1"},"og_locale":"fr_FR","og_type":"article","og_title":"LE CREUSET Casserole Manche en Bois 18 cm Meringue - dev6 Erresse","og_description":"Laissez mijoter et servez Cette casserole sera tr\u00e8s pratique pour cr\u00e9er un plat n\u00e9cessitant un peu plus d\u2019attention. Que vous fassiez mijoter une sauce","og_url":"https:\/\/dev6.erresse-shop.it\/fr\/shop\/poeles-pots\/casseroles\/le-creuset-casserole-manche-en-bois-18-cm-meringue\/","og_site_name":"dev6 Erresse","og_image":[{"url":"https:\/\/interpim.erresse-shop.it\/Import\/Prodotti\/le-creuset-casseruola-in-ghisa-manico-in-legno-18-cm-meringa.png","type":"","width":"","height":""},{"url":"https:\/\/interpim.erresse-shop.it\/Import\/Prodotti\/le-creuset-casseruola-in-ghisa-manico-in-legno-18-cm-meringa.png","width":1024,"height":1024,"type":"image\/jpeg"}],"twitter_card":"summary_large_image","twitter_image":"https:\/\/interpim.erresse-shop.it\/Import\/Prodotti\/le-creuset-casseruola-in-ghisa-manico-in-legno-18-cm-meringa.png","schema":{"@context":"https:\/\/schema.org","@graph":[{"@type":"WebPage","@id":"https:\/\/dev6.erresse-shop.it\/fr\/shop\/poeles-pots\/casseroles\/le-creuset-casserole-manche-en-bois-18-cm-meringue\/","url":"https:\/\/dev6.erresse-shop.it\/fr\/shop\/poeles-pots\/casseroles\/le-creuset-casserole-manche-en-bois-18-cm-meringue\/","name":"LE CREUSET Casserole Manche en Bois 18 cm Meringue - dev6 Erresse","isPartOf":{"@id":"https:\/\/dev6.erresse-shop.it\/#website"},"primaryImageOfPage":{"@id":"https:\/\/dev6.erresse-shop.it\/fr\/shop\/poeles-pots\/casseroles\/le-creuset-casserole-manche-en-bois-18-cm-meringue\/#primaryimage"},"image":{"@id":"https:\/\/dev6.erresse-shop.it\/fr\/shop\/poeles-pots\/casseroles\/le-creuset-casserole-manche-en-bois-18-cm-meringue\/#primaryimage"},"thumbnailUrl":"https:\/\/i1.wp.com\/interpim.erresse-shop.it\/Import\/Prodotti\/le-creuset-casseruola-in-ghisa-manico-in-legno-18-cm-meringa.png?ssl=1","datePublished":"2026-04-16T17:02:45+00:00","description":"Laissez mijoter et servez Cette casserole sera tr\u00e8s pratique pour cr\u00e9er un plat n\u00e9cessitant un peu plus d\u2019attention. Que vous fassiez mijoter une sauce","breadcrumb":{"@id":"https:\/\/dev6.erresse-shop.it\/fr\/shop\/poeles-pots\/casseroles\/le-creuset-casserole-manche-en-bois-18-cm-meringue\/#breadcrumb"},"inLanguage":"fr-FR","potentialAction":[{"@type":"ReadAction","target":["https:\/\/dev6.erresse-shop.it\/fr\/shop\/poeles-pots\/casseroles\/le-creuset-casserole-manche-en-bois-18-cm-meringue\/"]}]},{"@type":"ImageObject","inLanguage":"fr-FR","@id":"https:\/\/dev6.erresse-shop.it\/fr\/shop\/poeles-pots\/casseroles\/le-creuset-casserole-manche-en-bois-18-cm-meringue\/#primaryimage","url":"https:\/\/i1.wp.com\/interpim.erresse-shop.it\/Import\/Prodotti\/le-creuset-casseruola-in-ghisa-manico-in-legno-18-cm-meringa.png?ssl=1","contentUrl":"https:\/\/i1.wp.com\/interpim.erresse-shop.it\/Import\/Prodotti\/le-creuset-casseruola-in-ghisa-manico-in-legno-18-cm-meringa.png?ssl=1"},{"@type":"BreadcrumbList","@id":"https:\/\/dev6.erresse-shop.it\/fr\/shop\/poeles-pots\/casseroles\/le-creuset-casserole-manche-en-bois-18-cm-meringue\/#breadcrumb","itemListElement":[{"@type":"ListItem","position":1,"name":"Home","item":"https:\/\/dev6.erresse-shop.it\/"},{"@type":"ListItem","position":2,"name":"Boutique","item":"https:\/\/dev6.erresse-shop.it\/shop\/"},{"@type":"ListItem","position":3,"name":"LE CREUSET Casserole Manche en Bois 18 cm Meringue"}]},{"@type":"WebSite","@id":"https:\/\/dev6.erresse-shop.it\/#website","url":"https:\/\/dev6.erresse-shop.it\/","name":"Erresse Shop","description":"","publisher":{"@id":"https:\/\/dev6.erresse-shop.it\/#organization"},"potentialAction":[{"@type":"SearchAction","target":{"@type":"EntryPoint","urlTemplate":"https:\/\/dev6.erresse-shop.it\/?s={search_term_string}"},"query-input":{"@type":"PropertyValueSpecification","valueRequired":true,"valueName":"search_term_string"}}],"inLanguage":"fr-FR"},{"@type":"Organization","@id":"https:\/\/dev6.erresse-shop.it\/#organization","name":"Erresse Shop","url":"https:\/\/dev6.erresse-shop.it\/","logo":{"@type":"ImageObject","inLanguage":"fr-FR","@id":"https:\/\/dev6.erresse-shop.it\/#\/schema\/logo\/image\/","url":"https:\/\/dev6.erresse-shop.it\/wp-content\/uploads\/2025\/01\/LOGO-ERRESSE-CLASSICO.svg","contentUrl":"https:\/\/dev6.erresse-shop.it\/wp-content\/uploads\/2025\/01\/LOGO-ERRESSE-CLASSICO.svg","caption":"Erresse Shop"},"image":{"@id":"https:\/\/dev6.erresse-shop.it\/#\/schema\/logo\/image\/"}}]}},"df_price":149.95,"df_sale_price":149.95,"df_regular_price":205,"df_image_link":"https:\/\/i1.wp.com\/interpim.erresse-shop.it\/Import\/Prodotti\/le-creuset-casseruola-in-ghisa-manico-in-legno-18-cm-meringa.png?resize=300,300&ssl=1","fifu_image_url":"https:\/\/interpim.erresse-shop.it\/Import\/Prodotti\/le-creuset-casseruola-in-ghisa-manico-in-legno-18-cm-meringa.png","_links":{"self":[{"href":"https:\/\/dev6.erresse-shop.it\/fr\/wp-json\/wp\/v2\/product\/58589","targetHints":{"allow":["GET"]}}],"collection":[{"href":"https:\/\/dev6.erresse-shop.it\/fr\/wp-json\/wp\/v2\/product"}],"about":[{"href":"https:\/\/dev6.erresse-shop.it\/fr\/wp-json\/wp\/v2\/types\/product"}],"wp:featuredmedia":[{"embeddable":true,"href":"https:\/\/dev6.erresse-shop.it\/fr\/wp-json\/wp\/v2\/media\/6488695"}],"wp:attachment":[{"href":"https:\/\/dev6.erresse-shop.it\/fr\/wp-json\/wp\/v2\/media?parent=58589"}],"wp:term":[{"taxonomy":"product_cat","embeddable":true,"href":"https:\/\/dev6.erresse-shop.it\/fr\/wp-json\/wp\/v2\/product_cat?post=58589"},{"taxonomy":"product_tag","embeddable":true,"href":"https:\/\/dev6.erresse-shop.it\/fr\/wp-json\/wp\/v2\/product_tag?post=58589"}],"curies":[{"name":"wp","href":"https:\/\/api.w.org\/{rel}","templated":true}]}}