{"id":58587,"date":"2026-04-16T19:02:45","date_gmt":"2026-04-16T17:02:45","guid":{"rendered":"https:\/\/dev6.erresse-shop.it\/shop\/non%20class\u00e9\/portmeirion-pomona-saladier-25-cm\/"},"modified":"2026-01-09T02:06:56","modified_gmt":"2026-01-09T01:06:56","slug":"portmeirion-pomona-saladier-25-cm","status":"publish","type":"product","link":"https:\/\/dev6.erresse-shop.it\/fr\/shop\/table-fr-2\/saladiers-et-soupieres\/portmeirion-pomona-saladier-25-cm\/","title":{"rendered":"PORTMEIRION Pomona Saladier 25 cm"},"content":{"rendered":"<p>Avec ses repr\u00e9sentations de fruits, Pomona est une gamme de vaisselle de style classique qui am\u00e8ne la nature au c\u0153ur de la maison. Nomm\u00e9e d\u2019apr\u00e8s l\u2019ancienne d\u00e9esse romaine des fruits, chaque pi\u00e8ce de Pomona est orn\u00e9e d\u2019un des six fruits succulents tir\u00e9s de livres color\u00e9s \u00e0 la main des ann\u00e9es 1830. Ce produit est con\u00e7u dans nos studios de Stoke on Trent, en Angleterre.<\/p>\n<p>Portmeirion a \u00e9t\u00e9 fond\u00e9 en 1960 par la l\u00e9gendaire cr\u00e9atrice de poteries Susan Williams-Ellis et son mari Euan Cooper-Willis.<br \/>\nAvec pr\u00e8s de cinquante ans de cr\u00e9ativit\u00e9, la contribution de Susan Williams-Ellis au style de design britannique, aux poteries Portmeirion et \u00e0 l\u2019industrie c\u00e9ramique britannique est incommensurable et la place fermement en compagnie d\u2019un petit groupe de grands et c\u00e9l\u00e8bres designers c\u00e9ramiques du 20e si\u00e8cle. Sa philosophie selon laquelle la vaisselle doit \u00eatre \u00e0 la fois belle et pratique continuera d\u2019impr\u00e9gner les valeurs du design de Portmeirion et de d\u00e9terminer le succ\u00e8s de l\u2019entreprise qu\u2019elle a cr\u00e9\u00e9e.<\/p>\n<p>Peut aller au lave-vaisselle, au cong\u00e9lateur, au micro-ondes et au four jusqu\u2019\u00e0 170\u00b0C.<\/p>\n<p>Regardez la vid\u00e9o de Portmeirion<\/p>\n","protected":false},"excerpt":{"rendered":"<p>Avec ses repr\u00e9sentations de fruits, Pomona est une gamme de vaisselle de style classique qui am\u00e8ne la nature au c\u0153ur de la maison. Nomm\u00e9e d\u2019apr\u00e8s l\u2019ancienne d\u00e9esse romaine des fruits, chaque pi\u00e8ce de Pomona est orn\u00e9e d\u2019un des six fruits succulents tir\u00e9s de livres color\u00e9s \u00e0 la main des ann\u00e9es 1830. Ce produit est con\u00e7u [&hellip;]<\/p>\n","protected":false},"featured_media":6488689,"template":"","meta":{"_acf_changed":false},"product_cat":[12016,11995,11671],"product_tag":[],"class_list":{"0":"post-58587","1":"product","2":"type-product","3":"status-publish","4":"has-post-thumbnail","6":"product_cat-saladiers-et-soupieres","7":"product_cat-table-fr-2","8":"product_cat-tavola","10":"first","11":"outofstock","12":"sale","13":"taxable","14":"shipping-taxable","15":"purchasable","16":"product-type-simple","swatches":"rey-swatches","show_selected":"","stretch_labels":"rey-swatches--stretch-labels"},"acf":[],"yoast_head":"<!-- This site is optimized with the Yoast SEO plugin v25.4 - https:\/\/yoast.com\/wordpress\/plugins\/seo\/ -->\n<title>PORTMEIRION Pomona Saladier 25 cm - dev6 Erresse<\/title>\n<meta name=\"description\" content=\"Avec ses repr\u00e9sentations de fruits, Pomona est une gamme de vaisselle de style classique qui am\u00e8ne la nature au c\u0153ur de la maison. Nomm\u00e9e d\u2019apr\u00e8s\" \/>\n<meta name=\"robots\" content=\"noindex, follow, max-snippet:-1, max-image-preview:large, max-video-preview:-1\" \/>\n<meta property=\"og:locale\" content=\"fr_FR\" \/>\n<meta property=\"og:type\" content=\"article\" \/>\n<meta property=\"og:title\" content=\"PORTMEIRION Pomona Saladier 25 cm - dev6 Erresse\" \/>\n<meta property=\"og:description\" content=\"Avec ses repr\u00e9sentations de fruits, Pomona est une gamme de vaisselle de style classique qui am\u00e8ne la nature au c\u0153ur de la maison. Nomm\u00e9e d\u2019apr\u00e8s\" \/>\n<meta property=\"og:url\" content=\"https:\/\/dev6.erresse-shop.it\/fr\/shop\/table-fr-2\/saladiers-et-soupieres\/portmeirion-pomona-saladier-25-cm\/\" \/>\n<meta property=\"og:site_name\" content=\"dev6 Erresse\" \/>\n<meta property=\"og:image\" content=\"https:\/\/interpim.erresse-shop.it\/img-catalogo\/portmeirion\/portmeirion-pomona-insalatiera-25-cm.jpg\" \/><meta property=\"og:image\" content=\"https:\/\/interpim.erresse-shop.it\/img-catalogo\/portmeirion\/portmeirion-pomona-insalatiera-25-cm.jpg\" \/>\n\t<meta property=\"og:image:width\" content=\"1024\" \/>\n\t<meta property=\"og:image:height\" content=\"1024\" \/>\n\t<meta property=\"og:image:type\" content=\"image\/jpeg\" \/>\n<meta name=\"twitter:card\" content=\"summary_large_image\" \/>\n<meta name=\"twitter:image\" content=\"https:\/\/interpim.erresse-shop.it\/img-catalogo\/portmeirion\/portmeirion-pomona-insalatiera-25-cm.jpg\" \/>\n<script type=\"application\/ld+json\" class=\"yoast-schema-graph\">{\"@context\":\"https:\/\/schema.org\",\"@graph\":[{\"@type\":\"WebPage\",\"@id\":\"https:\/\/dev6.erresse-shop.it\/fr\/shop\/table-fr-2\/saladiers-et-soupieres\/portmeirion-pomona-saladier-25-cm\/\",\"url\":\"https:\/\/dev6.erresse-shop.it\/fr\/shop\/table-fr-2\/saladiers-et-soupieres\/portmeirion-pomona-saladier-25-cm\/\",\"name\":\"PORTMEIRION Pomona Saladier 25 cm - dev6 Erresse\",\"isPartOf\":{\"@id\":\"https:\/\/dev6.erresse-shop.it\/#website\"},\"primaryImageOfPage\":{\"@id\":\"https:\/\/dev6.erresse-shop.it\/fr\/shop\/table-fr-2\/saladiers-et-soupieres\/portmeirion-pomona-saladier-25-cm\/#primaryimage\"},\"image\":{\"@id\":\"https:\/\/dev6.erresse-shop.it\/fr\/shop\/table-fr-2\/saladiers-et-soupieres\/portmeirion-pomona-saladier-25-cm\/#primaryimage\"},\"thumbnailUrl\":\"https:\/\/i1.wp.com\/interpim.erresse-shop.it\/img-catalogo\/portmeirion\/portmeirion-pomona-insalatiera-25-cm.jpg?ssl=1\",\"datePublished\":\"2026-04-16T17:02:45+00:00\",\"description\":\"Avec ses repr\u00e9sentations de fruits, Pomona est une gamme de vaisselle de style classique qui am\u00e8ne la nature au c\u0153ur de la maison. Nomm\u00e9e d\u2019apr\u00e8s\",\"breadcrumb\":{\"@id\":\"https:\/\/dev6.erresse-shop.it\/fr\/shop\/table-fr-2\/saladiers-et-soupieres\/portmeirion-pomona-saladier-25-cm\/#breadcrumb\"},\"inLanguage\":\"fr-FR\",\"potentialAction\":[{\"@type\":\"ReadAction\",\"target\":[\"https:\/\/dev6.erresse-shop.it\/fr\/shop\/table-fr-2\/saladiers-et-soupieres\/portmeirion-pomona-saladier-25-cm\/\"]}]},{\"@type\":\"ImageObject\",\"inLanguage\":\"fr-FR\",\"@id\":\"https:\/\/dev6.erresse-shop.it\/fr\/shop\/table-fr-2\/saladiers-et-soupieres\/portmeirion-pomona-saladier-25-cm\/#primaryimage\",\"url\":\"https:\/\/i1.wp.com\/interpim.erresse-shop.it\/img-catalogo\/portmeirion\/portmeirion-pomona-insalatiera-25-cm.jpg?ssl=1\",\"contentUrl\":\"https:\/\/i1.wp.com\/interpim.erresse-shop.it\/img-catalogo\/portmeirion\/portmeirion-pomona-insalatiera-25-cm.jpg?ssl=1\"},{\"@type\":\"BreadcrumbList\",\"@id\":\"https:\/\/dev6.erresse-shop.it\/fr\/shop\/table-fr-2\/saladiers-et-soupieres\/portmeirion-pomona-saladier-25-cm\/#breadcrumb\",\"itemListElement\":[{\"@type\":\"ListItem\",\"position\":1,\"name\":\"Home\",\"item\":\"https:\/\/dev6.erresse-shop.it\/\"},{\"@type\":\"ListItem\",\"position\":2,\"name\":\"Boutique\",\"item\":\"https:\/\/dev6.erresse-shop.it\/shop\/\"},{\"@type\":\"ListItem\",\"position\":3,\"name\":\"PORTMEIRION Pomona Saladier 25 cm\"}]},{\"@type\":\"WebSite\",\"@id\":\"https:\/\/dev6.erresse-shop.it\/#website\",\"url\":\"https:\/\/dev6.erresse-shop.it\/\",\"name\":\"Erresse Shop\",\"description\":\"\",\"publisher\":{\"@id\":\"https:\/\/dev6.erresse-shop.it\/#organization\"},\"potentialAction\":[{\"@type\":\"SearchAction\",\"target\":{\"@type\":\"EntryPoint\",\"urlTemplate\":\"https:\/\/dev6.erresse-shop.it\/?s={search_term_string}\"},\"query-input\":{\"@type\":\"PropertyValueSpecification\",\"valueRequired\":true,\"valueName\":\"search_term_string\"}}],\"inLanguage\":\"fr-FR\"},{\"@type\":\"Organization\",\"@id\":\"https:\/\/dev6.erresse-shop.it\/#organization\",\"name\":\"Erresse Shop\",\"url\":\"https:\/\/dev6.erresse-shop.it\/\",\"logo\":{\"@type\":\"ImageObject\",\"inLanguage\":\"fr-FR\",\"@id\":\"https:\/\/dev6.erresse-shop.it\/#\/schema\/logo\/image\/\",\"url\":\"https:\/\/dev6.erresse-shop.it\/wp-content\/uploads\/2025\/01\/LOGO-ERRESSE-CLASSICO.svg\",\"contentUrl\":\"https:\/\/dev6.erresse-shop.it\/wp-content\/uploads\/2025\/01\/LOGO-ERRESSE-CLASSICO.svg\",\"caption\":\"Erresse Shop\"},\"image\":{\"@id\":\"https:\/\/dev6.erresse-shop.it\/#\/schema\/logo\/image\/\"}}]}<\/script>\n<!-- \/ Yoast SEO plugin. -->","yoast_head_json":{"title":"PORTMEIRION Pomona Saladier 25 cm - dev6 Erresse","description":"Avec ses repr\u00e9sentations de fruits, Pomona est une gamme de vaisselle de style classique qui am\u00e8ne la nature au c\u0153ur de la maison. Nomm\u00e9e d\u2019apr\u00e8s","robots":{"index":"noindex","follow":"follow","max-snippet":"max-snippet:-1","max-image-preview":"max-image-preview:large","max-video-preview":"max-video-preview:-1"},"og_locale":"fr_FR","og_type":"article","og_title":"PORTMEIRION Pomona Saladier 25 cm - dev6 Erresse","og_description":"Avec ses repr\u00e9sentations de fruits, Pomona est une gamme de vaisselle de style classique qui am\u00e8ne la nature au c\u0153ur de la maison. Nomm\u00e9e d\u2019apr\u00e8s","og_url":"https:\/\/dev6.erresse-shop.it\/fr\/shop\/table-fr-2\/saladiers-et-soupieres\/portmeirion-pomona-saladier-25-cm\/","og_site_name":"dev6 Erresse","og_image":[{"url":"https:\/\/interpim.erresse-shop.it\/img-catalogo\/portmeirion\/portmeirion-pomona-insalatiera-25-cm.jpg","type":"","width":"","height":""},{"url":"https:\/\/interpim.erresse-shop.it\/img-catalogo\/portmeirion\/portmeirion-pomona-insalatiera-25-cm.jpg","width":1024,"height":1024,"type":"image\/jpeg"}],"twitter_card":"summary_large_image","twitter_image":"https:\/\/interpim.erresse-shop.it\/img-catalogo\/portmeirion\/portmeirion-pomona-insalatiera-25-cm.jpg","schema":{"@context":"https:\/\/schema.org","@graph":[{"@type":"WebPage","@id":"https:\/\/dev6.erresse-shop.it\/fr\/shop\/table-fr-2\/saladiers-et-soupieres\/portmeirion-pomona-saladier-25-cm\/","url":"https:\/\/dev6.erresse-shop.it\/fr\/shop\/table-fr-2\/saladiers-et-soupieres\/portmeirion-pomona-saladier-25-cm\/","name":"PORTMEIRION Pomona Saladier 25 cm - dev6 Erresse","isPartOf":{"@id":"https:\/\/dev6.erresse-shop.it\/#website"},"primaryImageOfPage":{"@id":"https:\/\/dev6.erresse-shop.it\/fr\/shop\/table-fr-2\/saladiers-et-soupieres\/portmeirion-pomona-saladier-25-cm\/#primaryimage"},"image":{"@id":"https:\/\/dev6.erresse-shop.it\/fr\/shop\/table-fr-2\/saladiers-et-soupieres\/portmeirion-pomona-saladier-25-cm\/#primaryimage"},"thumbnailUrl":"https:\/\/i1.wp.com\/interpim.erresse-shop.it\/img-catalogo\/portmeirion\/portmeirion-pomona-insalatiera-25-cm.jpg?ssl=1","datePublished":"2026-04-16T17:02:45+00:00","description":"Avec ses repr\u00e9sentations de fruits, Pomona est une gamme de vaisselle de style classique qui am\u00e8ne la nature au c\u0153ur de la maison. Nomm\u00e9e d\u2019apr\u00e8s","breadcrumb":{"@id":"https:\/\/dev6.erresse-shop.it\/fr\/shop\/table-fr-2\/saladiers-et-soupieres\/portmeirion-pomona-saladier-25-cm\/#breadcrumb"},"inLanguage":"fr-FR","potentialAction":[{"@type":"ReadAction","target":["https:\/\/dev6.erresse-shop.it\/fr\/shop\/table-fr-2\/saladiers-et-soupieres\/portmeirion-pomona-saladier-25-cm\/"]}]},{"@type":"ImageObject","inLanguage":"fr-FR","@id":"https:\/\/dev6.erresse-shop.it\/fr\/shop\/table-fr-2\/saladiers-et-soupieres\/portmeirion-pomona-saladier-25-cm\/#primaryimage","url":"https:\/\/i1.wp.com\/interpim.erresse-shop.it\/img-catalogo\/portmeirion\/portmeirion-pomona-insalatiera-25-cm.jpg?ssl=1","contentUrl":"https:\/\/i1.wp.com\/interpim.erresse-shop.it\/img-catalogo\/portmeirion\/portmeirion-pomona-insalatiera-25-cm.jpg?ssl=1"},{"@type":"BreadcrumbList","@id":"https:\/\/dev6.erresse-shop.it\/fr\/shop\/table-fr-2\/saladiers-et-soupieres\/portmeirion-pomona-saladier-25-cm\/#breadcrumb","itemListElement":[{"@type":"ListItem","position":1,"name":"Home","item":"https:\/\/dev6.erresse-shop.it\/"},{"@type":"ListItem","position":2,"name":"Boutique","item":"https:\/\/dev6.erresse-shop.it\/shop\/"},{"@type":"ListItem","position":3,"name":"PORTMEIRION Pomona Saladier 25 cm"}]},{"@type":"WebSite","@id":"https:\/\/dev6.erresse-shop.it\/#website","url":"https:\/\/dev6.erresse-shop.it\/","name":"Erresse Shop","description":"","publisher":{"@id":"https:\/\/dev6.erresse-shop.it\/#organization"},"potentialAction":[{"@type":"SearchAction","target":{"@type":"EntryPoint","urlTemplate":"https:\/\/dev6.erresse-shop.it\/?s={search_term_string}"},"query-input":{"@type":"PropertyValueSpecification","valueRequired":true,"valueName":"search_term_string"}}],"inLanguage":"fr-FR"},{"@type":"Organization","@id":"https:\/\/dev6.erresse-shop.it\/#organization","name":"Erresse Shop","url":"https:\/\/dev6.erresse-shop.it\/","logo":{"@type":"ImageObject","inLanguage":"fr-FR","@id":"https:\/\/dev6.erresse-shop.it\/#\/schema\/logo\/image\/","url":"https:\/\/dev6.erresse-shop.it\/wp-content\/uploads\/2025\/01\/LOGO-ERRESSE-CLASSICO.svg","contentUrl":"https:\/\/dev6.erresse-shop.it\/wp-content\/uploads\/2025\/01\/LOGO-ERRESSE-CLASSICO.svg","caption":"Erresse Shop"},"image":{"@id":"https:\/\/dev6.erresse-shop.it\/#\/schema\/logo\/image\/"}}]}},"df_price":76.9,"df_sale_price":76.9,"df_regular_price":111.78,"df_image_link":"https:\/\/i1.wp.com\/interpim.erresse-shop.it\/img-catalogo\/portmeirion\/portmeirion-pomona-insalatiera-25-cm.jpg?resize=300,300&ssl=1","fifu_image_url":"https:\/\/interpim.erresse-shop.it\/img-catalogo\/portmeirion\/portmeirion-pomona-insalatiera-25-cm.jpg","_links":{"self":[{"href":"https:\/\/dev6.erresse-shop.it\/fr\/wp-json\/wp\/v2\/product\/58587","targetHints":{"allow":["GET"]}}],"collection":[{"href":"https:\/\/dev6.erresse-shop.it\/fr\/wp-json\/wp\/v2\/product"}],"about":[{"href":"https:\/\/dev6.erresse-shop.it\/fr\/wp-json\/wp\/v2\/types\/product"}],"wp:featuredmedia":[{"embeddable":true,"href":"https:\/\/dev6.erresse-shop.it\/fr\/wp-json\/wp\/v2\/media\/6488689"}],"wp:attachment":[{"href":"https:\/\/dev6.erresse-shop.it\/fr\/wp-json\/wp\/v2\/media?parent=58587"}],"wp:term":[{"taxonomy":"product_cat","embeddable":true,"href":"https:\/\/dev6.erresse-shop.it\/fr\/wp-json\/wp\/v2\/product_cat?post=58587"},{"taxonomy":"product_tag","embeddable":true,"href":"https:\/\/dev6.erresse-shop.it\/fr\/wp-json\/wp\/v2\/product_tag?post=58587"}],"curies":[{"name":"wp","href":"https:\/\/api.w.org\/{rel}","templated":true}]}}