{"id":58573,"date":"2026-04-12T08:28:01","date_gmt":"2026-04-12T06:28:01","guid":{"rendered":"https:\/\/dev6.erresse-shop.it\/shop\/non%20class\u00e9\/vulcanus-butcher\/"},"modified":"2025-07-04T15:59:37","modified_gmt":"2025-07-04T13:59:37","slug":"vulcanus-butcher","status":"publish","type":"product","link":"https:\/\/dev6.erresse-shop.it\/fr\/shop\/petits-electromenagers\/grilles-et-barbecues\/vulcanus-butcher\/","title":{"rendered":"VULCANUS Butcher"},"content":{"rendered":"<p>LE PRIX COMPREND L\u2019EXP\u00c9DITION SUR PALETTE.<br \/>\nLE PRODUIT EST VENDU UNIQUEMENT EN ITALIE (pour tous les autres pays, contactez info&#64;erresse-shop.it).<\/p>\n<p>Un r\u00e9sultat de qualit\u00e9 r\u00e9clame un \u00e9quipement de professionnel. Vous d\u00e9couperez facilement les aliments sur une plaque massive en bois et pr\u00e9parerez tout confortablement. Vous trouverez dans le pied un endroit pour le bois et un tiroir pour d\u00e9poser la vaisselle ou ingr\u00e9dients. Vous ne pourrez bient\u00f4t plus vous en passer !<\/p>\n<p>Design, fonctionnalit\u00e9 et qualit\u00e9<br \/>\nDevenez le roi du gril<br \/>\nProduction du gril Vulcanus<br \/>\nTechnologie du gril Vulcanus<\/p>\n<p>\u00a0<\/p>\n<p>Dur\u00e9e de garantie: pied 5 ans, plaque en bois 2 ans<br \/>\nMat\u00e9riau: Cor-Ten, H\u00eatre<br \/>\nTraitement de surface: patine, huile<\/p>\n","protected":false},"excerpt":{"rendered":"<p>LE PRIX COMPREND L\u2019EXP\u00c9DITION SUR PALETTE. LE PRODUIT EST VENDU UNIQUEMENT EN ITALIE (pour tous les autres pays, contactez info&#64;erresse-shop.it). Un r\u00e9sultat de qualit\u00e9 r\u00e9clame un \u00e9quipement de professionnel. Vous d\u00e9couperez facilement les aliments sur une plaque massive en bois et pr\u00e9parerez tout confortablement. Vous trouverez dans le pied un endroit pour le bois et [&hellip;]<\/p>\n","protected":false},"featured_media":6349460,"template":"","meta":{"_acf_changed":false},"product_cat":[11763,12087,12055],"product_tag":[],"class_list":{"0":"post-58573","1":"product","2":"type-product","3":"status-publish","4":"has-post-thumbnail","6":"product_cat-grill-barbecue","7":"product_cat-grilles-et-barbecues","8":"product_cat-petits-electromenagers","10":"first","11":"outofstock","12":"taxable","13":"shipping-taxable","14":"product-type-simple","swatches":"rey-swatches","show_selected":"","stretch_labels":"rey-swatches--stretch-labels"},"acf":[],"yoast_head":"<!-- This site is optimized with the Yoast SEO plugin v25.4 - https:\/\/yoast.com\/wordpress\/plugins\/seo\/ -->\n<title>VULCANUS Butcher - dev6 Erresse<\/title>\n<meta name=\"description\" content=\"LE PRIX COMPREND L\u2019EXP\u00c9DITION SUR PALETTE. LE PRODUIT EST VENDU UNIQUEMENT EN ITALIE (pour tous les autres pays, contactez info&#064;erresse-shop.it). Un\" \/>\n<meta name=\"robots\" content=\"noindex, follow, max-snippet:-1, max-image-preview:large, max-video-preview:-1\" \/>\n<meta property=\"og:locale\" content=\"fr_FR\" \/>\n<meta property=\"og:type\" content=\"article\" \/>\n<meta property=\"og:title\" content=\"VULCANUS Butcher - dev6 Erresse\" \/>\n<meta property=\"og:description\" content=\"LE PRIX COMPREND L\u2019EXP\u00c9DITION SUR PALETTE. LE PRODUIT EST VENDU UNIQUEMENT EN ITALIE (pour tous les autres pays, contactez info&#064;erresse-shop.it). Un\" \/>\n<meta property=\"og:url\" content=\"https:\/\/dev6.erresse-shop.it\/fr\/shop\/petits-electromenagers\/grilles-et-barbecues\/vulcanus-butcher\/\" \/>\n<meta property=\"og:site_name\" content=\"dev6 Erresse\" \/>\n<meta property=\"og:image\" content=\"https:\/\/interpim.erresse-shop.it\/img-catalogo\/vulcanus\/vulcanus-tavolo-da-lavoro-1.jpg\" \/><meta property=\"og:image\" content=\"https:\/\/interpim.erresse-shop.it\/img-catalogo\/vulcanus\/vulcanus-tavolo-da-lavoro-1.jpg\" \/>\n\t<meta property=\"og:image:width\" content=\"1024\" \/>\n\t<meta property=\"og:image:height\" content=\"1024\" \/>\n\t<meta property=\"og:image:type\" content=\"image\/jpeg\" \/>\n<meta name=\"twitter:card\" content=\"summary_large_image\" \/>\n<meta name=\"twitter:image\" content=\"https:\/\/interpim.erresse-shop.it\/img-catalogo\/vulcanus\/vulcanus-tavolo-da-lavoro-1.jpg\" \/>\n<script type=\"application\/ld+json\" class=\"yoast-schema-graph\">{\"@context\":\"https:\/\/schema.org\",\"@graph\":[{\"@type\":\"WebPage\",\"@id\":\"https:\/\/dev6.erresse-shop.it\/fr\/shop\/petits-electromenagers\/grilles-et-barbecues\/vulcanus-butcher\/\",\"url\":\"https:\/\/dev6.erresse-shop.it\/fr\/shop\/petits-electromenagers\/grilles-et-barbecues\/vulcanus-butcher\/\",\"name\":\"VULCANUS Butcher - dev6 Erresse\",\"isPartOf\":{\"@id\":\"https:\/\/dev6.erresse-shop.it\/#website\"},\"primaryImageOfPage\":{\"@id\":\"https:\/\/dev6.erresse-shop.it\/fr\/shop\/petits-electromenagers\/grilles-et-barbecues\/vulcanus-butcher\/#primaryimage\"},\"image\":{\"@id\":\"https:\/\/dev6.erresse-shop.it\/fr\/shop\/petits-electromenagers\/grilles-et-barbecues\/vulcanus-butcher\/#primaryimage\"},\"thumbnailUrl\":\"https:\/\/i3.wp.com\/interpim.erresse-shop.it\/img-catalogo\/vulcanus\/vulcanus-tavolo-da-lavoro-1.jpg?ssl=1\",\"datePublished\":\"2026-04-12T06:28:01+00:00\",\"description\":\"LE PRIX COMPREND L\u2019EXP\u00c9DITION SUR PALETTE. LE PRODUIT EST VENDU UNIQUEMENT EN ITALIE (pour tous les autres pays, contactez info&#64;erresse-shop.it). Un\",\"breadcrumb\":{\"@id\":\"https:\/\/dev6.erresse-shop.it\/fr\/shop\/petits-electromenagers\/grilles-et-barbecues\/vulcanus-butcher\/#breadcrumb\"},\"inLanguage\":\"fr-FR\",\"potentialAction\":[{\"@type\":\"ReadAction\",\"target\":[\"https:\/\/dev6.erresse-shop.it\/fr\/shop\/petits-electromenagers\/grilles-et-barbecues\/vulcanus-butcher\/\"]}]},{\"@type\":\"ImageObject\",\"inLanguage\":\"fr-FR\",\"@id\":\"https:\/\/dev6.erresse-shop.it\/fr\/shop\/petits-electromenagers\/grilles-et-barbecues\/vulcanus-butcher\/#primaryimage\",\"url\":\"https:\/\/i3.wp.com\/interpim.erresse-shop.it\/img-catalogo\/vulcanus\/vulcanus-tavolo-da-lavoro-1.jpg?ssl=1\",\"contentUrl\":\"https:\/\/i3.wp.com\/interpim.erresse-shop.it\/img-catalogo\/vulcanus\/vulcanus-tavolo-da-lavoro-1.jpg?ssl=1\"},{\"@type\":\"BreadcrumbList\",\"@id\":\"https:\/\/dev6.erresse-shop.it\/fr\/shop\/petits-electromenagers\/grilles-et-barbecues\/vulcanus-butcher\/#breadcrumb\",\"itemListElement\":[{\"@type\":\"ListItem\",\"position\":1,\"name\":\"Home\",\"item\":\"https:\/\/dev6.erresse-shop.it\/\"},{\"@type\":\"ListItem\",\"position\":2,\"name\":\"Boutique\",\"item\":\"https:\/\/dev6.erresse-shop.it\/shop\/\"},{\"@type\":\"ListItem\",\"position\":3,\"name\":\"VULCANUS Butcher\"}]},{\"@type\":\"WebSite\",\"@id\":\"https:\/\/dev6.erresse-shop.it\/#website\",\"url\":\"https:\/\/dev6.erresse-shop.it\/\",\"name\":\"Erresse Shop\",\"description\":\"\",\"publisher\":{\"@id\":\"https:\/\/dev6.erresse-shop.it\/#organization\"},\"potentialAction\":[{\"@type\":\"SearchAction\",\"target\":{\"@type\":\"EntryPoint\",\"urlTemplate\":\"https:\/\/dev6.erresse-shop.it\/?s={search_term_string}\"},\"query-input\":{\"@type\":\"PropertyValueSpecification\",\"valueRequired\":true,\"valueName\":\"search_term_string\"}}],\"inLanguage\":\"fr-FR\"},{\"@type\":\"Organization\",\"@id\":\"https:\/\/dev6.erresse-shop.it\/#organization\",\"name\":\"Erresse Shop\",\"url\":\"https:\/\/dev6.erresse-shop.it\/\",\"logo\":{\"@type\":\"ImageObject\",\"inLanguage\":\"fr-FR\",\"@id\":\"https:\/\/dev6.erresse-shop.it\/#\/schema\/logo\/image\/\",\"url\":\"https:\/\/dev6.erresse-shop.it\/wp-content\/uploads\/2025\/01\/LOGO-ERRESSE-CLASSICO.svg\",\"contentUrl\":\"https:\/\/dev6.erresse-shop.it\/wp-content\/uploads\/2025\/01\/LOGO-ERRESSE-CLASSICO.svg\",\"caption\":\"Erresse Shop\"},\"image\":{\"@id\":\"https:\/\/dev6.erresse-shop.it\/#\/schema\/logo\/image\/\"}}]}<\/script>\n<!-- \/ Yoast SEO plugin. -->","yoast_head_json":{"title":"VULCANUS Butcher - dev6 Erresse","description":"LE PRIX COMPREND L\u2019EXP\u00c9DITION SUR PALETTE. LE PRODUIT EST VENDU UNIQUEMENT EN ITALIE (pour tous les autres pays, contactez info&#64;erresse-shop.it). Un","robots":{"index":"noindex","follow":"follow","max-snippet":"max-snippet:-1","max-image-preview":"max-image-preview:large","max-video-preview":"max-video-preview:-1"},"og_locale":"fr_FR","og_type":"article","og_title":"VULCANUS Butcher - dev6 Erresse","og_description":"LE PRIX COMPREND L\u2019EXP\u00c9DITION SUR PALETTE. LE PRODUIT EST VENDU UNIQUEMENT EN ITALIE (pour tous les autres pays, contactez info&#64;erresse-shop.it). Un","og_url":"https:\/\/dev6.erresse-shop.it\/fr\/shop\/petits-electromenagers\/grilles-et-barbecues\/vulcanus-butcher\/","og_site_name":"dev6 Erresse","og_image":[{"url":"https:\/\/interpim.erresse-shop.it\/img-catalogo\/vulcanus\/vulcanus-tavolo-da-lavoro-1.jpg","type":"","width":"","height":""},{"url":"https:\/\/interpim.erresse-shop.it\/img-catalogo\/vulcanus\/vulcanus-tavolo-da-lavoro-1.jpg","width":1024,"height":1024,"type":"image\/jpeg"}],"twitter_card":"summary_large_image","twitter_image":"https:\/\/interpim.erresse-shop.it\/img-catalogo\/vulcanus\/vulcanus-tavolo-da-lavoro-1.jpg","schema":{"@context":"https:\/\/schema.org","@graph":[{"@type":"WebPage","@id":"https:\/\/dev6.erresse-shop.it\/fr\/shop\/petits-electromenagers\/grilles-et-barbecues\/vulcanus-butcher\/","url":"https:\/\/dev6.erresse-shop.it\/fr\/shop\/petits-electromenagers\/grilles-et-barbecues\/vulcanus-butcher\/","name":"VULCANUS Butcher - dev6 Erresse","isPartOf":{"@id":"https:\/\/dev6.erresse-shop.it\/#website"},"primaryImageOfPage":{"@id":"https:\/\/dev6.erresse-shop.it\/fr\/shop\/petits-electromenagers\/grilles-et-barbecues\/vulcanus-butcher\/#primaryimage"},"image":{"@id":"https:\/\/dev6.erresse-shop.it\/fr\/shop\/petits-electromenagers\/grilles-et-barbecues\/vulcanus-butcher\/#primaryimage"},"thumbnailUrl":"https:\/\/i3.wp.com\/interpim.erresse-shop.it\/img-catalogo\/vulcanus\/vulcanus-tavolo-da-lavoro-1.jpg?ssl=1","datePublished":"2026-04-12T06:28:01+00:00","description":"LE PRIX COMPREND L\u2019EXP\u00c9DITION SUR PALETTE. LE PRODUIT EST VENDU UNIQUEMENT EN ITALIE (pour tous les autres pays, contactez info&#64;erresse-shop.it). Un","breadcrumb":{"@id":"https:\/\/dev6.erresse-shop.it\/fr\/shop\/petits-electromenagers\/grilles-et-barbecues\/vulcanus-butcher\/#breadcrumb"},"inLanguage":"fr-FR","potentialAction":[{"@type":"ReadAction","target":["https:\/\/dev6.erresse-shop.it\/fr\/shop\/petits-electromenagers\/grilles-et-barbecues\/vulcanus-butcher\/"]}]},{"@type":"ImageObject","inLanguage":"fr-FR","@id":"https:\/\/dev6.erresse-shop.it\/fr\/shop\/petits-electromenagers\/grilles-et-barbecues\/vulcanus-butcher\/#primaryimage","url":"https:\/\/i3.wp.com\/interpim.erresse-shop.it\/img-catalogo\/vulcanus\/vulcanus-tavolo-da-lavoro-1.jpg?ssl=1","contentUrl":"https:\/\/i3.wp.com\/interpim.erresse-shop.it\/img-catalogo\/vulcanus\/vulcanus-tavolo-da-lavoro-1.jpg?ssl=1"},{"@type":"BreadcrumbList","@id":"https:\/\/dev6.erresse-shop.it\/fr\/shop\/petits-electromenagers\/grilles-et-barbecues\/vulcanus-butcher\/#breadcrumb","itemListElement":[{"@type":"ListItem","position":1,"name":"Home","item":"https:\/\/dev6.erresse-shop.it\/"},{"@type":"ListItem","position":2,"name":"Boutique","item":"https:\/\/dev6.erresse-shop.it\/shop\/"},{"@type":"ListItem","position":3,"name":"VULCANUS Butcher"}]},{"@type":"WebSite","@id":"https:\/\/dev6.erresse-shop.it\/#website","url":"https:\/\/dev6.erresse-shop.it\/","name":"Erresse Shop","description":"","publisher":{"@id":"https:\/\/dev6.erresse-shop.it\/#organization"},"potentialAction":[{"@type":"SearchAction","target":{"@type":"EntryPoint","urlTemplate":"https:\/\/dev6.erresse-shop.it\/?s={search_term_string}"},"query-input":{"@type":"PropertyValueSpecification","valueRequired":true,"valueName":"search_term_string"}}],"inLanguage":"fr-FR"},{"@type":"Organization","@id":"https:\/\/dev6.erresse-shop.it\/#organization","name":"Erresse Shop","url":"https:\/\/dev6.erresse-shop.it\/","logo":{"@type":"ImageObject","inLanguage":"fr-FR","@id":"https:\/\/dev6.erresse-shop.it\/#\/schema\/logo\/image\/","url":"https:\/\/dev6.erresse-shop.it\/wp-content\/uploads\/2025\/01\/LOGO-ERRESSE-CLASSICO.svg","contentUrl":"https:\/\/dev6.erresse-shop.it\/wp-content\/uploads\/2025\/01\/LOGO-ERRESSE-CLASSICO.svg","caption":"Erresse Shop"},"image":{"@id":"https:\/\/dev6.erresse-shop.it\/#\/schema\/logo\/image\/"}}]}},"df_price":"","df_sale_price":"","df_regular_price":"","df_image_link":"https:\/\/i3.wp.com\/interpim.erresse-shop.it\/img-catalogo\/vulcanus\/vulcanus-tavolo-da-lavoro-1.jpg?resize=300,300&ssl=1","fifu_image_url":"https:\/\/interpim.erresse-shop.it\/img-catalogo\/vulcanus\/vulcanus-tavolo-da-lavoro-1.jpg","_links":{"self":[{"href":"https:\/\/dev6.erresse-shop.it\/fr\/wp-json\/wp\/v2\/product\/58573","targetHints":{"allow":["GET"]}}],"collection":[{"href":"https:\/\/dev6.erresse-shop.it\/fr\/wp-json\/wp\/v2\/product"}],"about":[{"href":"https:\/\/dev6.erresse-shop.it\/fr\/wp-json\/wp\/v2\/types\/product"}],"wp:featuredmedia":[{"embeddable":true,"href":"https:\/\/dev6.erresse-shop.it\/fr\/wp-json\/wp\/v2\/media\/6349460"}],"wp:attachment":[{"href":"https:\/\/dev6.erresse-shop.it\/fr\/wp-json\/wp\/v2\/media?parent=58573"}],"wp:term":[{"taxonomy":"product_cat","embeddable":true,"href":"https:\/\/dev6.erresse-shop.it\/fr\/wp-json\/wp\/v2\/product_cat?post=58573"},{"taxonomy":"product_tag","embeddable":true,"href":"https:\/\/dev6.erresse-shop.it\/fr\/wp-json\/wp\/v2\/product_tag?post=58573"}],"curies":[{"name":"wp","href":"https:\/\/api.w.org\/{rel}","templated":true}]}}