{"id":58571,"date":"2026-04-04T08:27:06","date_gmt":"2026-04-04T06:27:06","guid":{"rendered":"https:\/\/dev6.erresse-shop.it\/shop\/non%20class\u00e9\/vulcanus-grill-pro730-masterchef\/"},"modified":"2025-07-04T15:59:35","modified_gmt":"2025-07-04T13:59:35","slug":"vulcanus-grill-pro730-masterchef","status":"publish","type":"product","link":"https:\/\/dev6.erresse-shop.it\/fr\/shop\/petits-electromenagers\/grilles-et-barbecues\/vulcanus-grill-pro730-masterchef\/","title":{"rendered":"VULCANUS Grill Pro730 Masterchef"},"content":{"rendered":"<p>LE PRIX COMPREND L\u2019EXP\u00c9DITION SUR PALETTE.<br \/>\nLE PRODUIT EST VENDU UNIQUEMENT EN ITALIE (pour tous les autres pays, contactez info&#64;erresse-shop.it).<\/p>\n<p>Faites griller vos aliments en vous tenant debout et en prenant exemple sur les plus grands ma\u00eetres et d\u00e9coupez les aliments directement sur la plaque en bois massif faisant partie du socle. Vulcanus Pro730 Masterchef (plaque de grillage 73 x 73 cm) avec un socle \u00e9lev\u00e9 et rallong\u00e9 offre plus de place pour les aliments, la vaisselle et le bois. <\/p>\n<p>Les grils Vulcanus ont un design brevet\u00e9 luxueux. Leur corps est fabriqu\u00e9 en acier patin\u00e9 COR-TEN et muni d\u2019une garniture \u00e0 accumulation. Celle-ci assure une meilleure circulation de l\u2019air chaud \u00e0 l\u2019int\u00e9rieur du gril. Elle garantit aussi une stabilit\u00e9 thermique et une baisse de la consommation de bois lorsque le gril est utilis\u00e9.<br \/>\nLa forme carr\u00e9e de la plaque a une surface plus grande d\u20191\/3 par rapport aux grils ronds classiques. La plaque elle-m\u00eame est divis\u00e9e en deux zones thermiques. Vous pouvez donc faire des grillades et r\u00e9chauffer en m\u00eame temps des l\u00e9gumes ou autres aliments.<\/p>\n<p>Le pied haut et sp\u00e9cialement allong\u00e9 offre un plus grand compartiment de bois, un endroit pour d\u00e9poser la vaisselle et un billot de boucher professionnel. Pr\u00e9parez et servez des plats confortablement \u00e0 proximit\u00e9 du gril.<\/p>\n<p>Plaque avec certification UE pour le contact avec les aliments.<br \/>\nSyst\u00e8me d\u2019\u00e9vacuation de la graisse pour des grillades saines sans substances canc\u00e9rig\u00e8nes.<br \/>\nSyst\u00e8me de d\u00e9versement simple de la cendre dans la partie basse du gril.<\/p>\n<p>Quel bois utiliser avec le Vulcanus ?<br \/>\nPratiquement tous les types de bois dur sont adapt\u00e9s, si leur humidit\u00e9 r\u00e9siduelle est inf\u00e9rieure \u00e0 20 %. Le bois devrait donc \u00eatre suffisamment sec. Le bois humide lib\u00e8re lors de la combustion de la fum\u00e9e et du goudron, il y a ainsi plus de fum\u00e9e, une plus grande consommation de bois et une baisse de la puissance thermique. Nous recommandons des b\u00fbches s\u00e8ches d\u2019une longueur d\u2019environ 33 cm. Vous pouvez aussi utiliser du charbon de bois.<\/p>\n<p>Design, fonctionnalit\u00e9 et qualit\u00e9<br \/>\nDevenez le roi du gril<br \/>\nProduction du gril Vulcanus<br \/>\nTechnologie du gril Vulcanus<\/p>\n<p>\u00a0<\/p>\n<p>Dur\u00e9e de garantie: 5 ans<br \/>\nMat\u00e9riau: Italy Cor-Ten steel (Body) and Boiler steel (Plate)<br \/>\nTraitement de surface: patine, huile<br \/>\nMode d\u2019emploi: Mode d\u2019emploi<\/p>\n","protected":false},"excerpt":{"rendered":"<p>LE PRIX COMPREND L\u2019EXP\u00c9DITION SUR PALETTE. LE PRODUIT EST VENDU UNIQUEMENT EN ITALIE (pour tous les autres pays, contactez info&#64;erresse-shop.it). Faites griller vos aliments en vous tenant debout et en prenant exemple sur les plus grands ma\u00eetres et d\u00e9coupez les aliments directement sur la plaque en bois massif faisant partie du socle. Vulcanus Pro730 Masterchef [&hellip;]<\/p>\n","protected":false},"featured_media":6266101,"template":"","meta":{"_acf_changed":false},"product_cat":[11763,12087,12055],"product_tag":[],"class_list":{"0":"post-58571","1":"product","2":"type-product","3":"status-publish","4":"has-post-thumbnail","6":"product_cat-grill-barbecue","7":"product_cat-grilles-et-barbecues","8":"product_cat-petits-electromenagers","10":"first","11":"outofstock","12":"taxable","13":"shipping-taxable","14":"product-type-simple","swatches":"rey-swatches","show_selected":"","stretch_labels":"rey-swatches--stretch-labels"},"acf":[],"yoast_head":"<!-- This site is optimized with the Yoast SEO plugin v25.4 - https:\/\/yoast.com\/wordpress\/plugins\/seo\/ -->\n<title>VULCANUS Grill Pro730 Masterchef - dev6 Erresse<\/title>\n<meta name=\"description\" content=\"LE PRIX COMPREND L\u2019EXP\u00c9DITION SUR PALETTE. LE PRODUIT EST VENDU UNIQUEMENT EN ITALIE (pour tous les autres pays, contactez info&#064;erresse-shop.it).\" \/>\n<meta name=\"robots\" content=\"noindex, follow, max-snippet:-1, max-image-preview:large, max-video-preview:-1\" \/>\n<meta property=\"og:locale\" content=\"fr_FR\" \/>\n<meta property=\"og:type\" content=\"article\" \/>\n<meta property=\"og:title\" content=\"VULCANUS Grill Pro730 Masterchef - dev6 Erresse\" \/>\n<meta property=\"og:description\" content=\"LE PRIX COMPREND L\u2019EXP\u00c9DITION SUR PALETTE. LE PRODUIT EST VENDU UNIQUEMENT EN ITALIE (pour tous les autres pays, contactez info&#064;erresse-shop.it).\" \/>\n<meta property=\"og:url\" content=\"https:\/\/dev6.erresse-shop.it\/fr\/shop\/petits-electromenagers\/grilles-et-barbecues\/vulcanus-grill-pro730-masterchef\/\" \/>\n<meta property=\"og:site_name\" content=\"dev6 Erresse\" \/>\n<meta property=\"og:image\" content=\"https:\/\/interpim.erresse-shop.it\/img-catalogo\/vulcanus\/vulcanus-grill-pro-730-masterchef-1.jpg\" \/><meta property=\"og:image\" content=\"https:\/\/interpim.erresse-shop.it\/img-catalogo\/vulcanus\/vulcanus-grill-pro-730-masterchef-1.jpg\" \/>\n\t<meta property=\"og:image:width\" content=\"1024\" \/>\n\t<meta property=\"og:image:height\" content=\"1024\" \/>\n\t<meta property=\"og:image:type\" content=\"image\/jpeg\" \/>\n<meta name=\"twitter:card\" content=\"summary_large_image\" \/>\n<meta name=\"twitter:image\" content=\"https:\/\/interpim.erresse-shop.it\/img-catalogo\/vulcanus\/vulcanus-grill-pro-730-masterchef-1.jpg\" \/>\n<script type=\"application\/ld+json\" class=\"yoast-schema-graph\">{\"@context\":\"https:\/\/schema.org\",\"@graph\":[{\"@type\":\"WebPage\",\"@id\":\"https:\/\/dev6.erresse-shop.it\/fr\/shop\/petits-electromenagers\/grilles-et-barbecues\/vulcanus-grill-pro730-masterchef\/\",\"url\":\"https:\/\/dev6.erresse-shop.it\/fr\/shop\/petits-electromenagers\/grilles-et-barbecues\/vulcanus-grill-pro730-masterchef\/\",\"name\":\"VULCANUS Grill Pro730 Masterchef - dev6 Erresse\",\"isPartOf\":{\"@id\":\"https:\/\/dev6.erresse-shop.it\/#website\"},\"primaryImageOfPage\":{\"@id\":\"https:\/\/dev6.erresse-shop.it\/fr\/shop\/petits-electromenagers\/grilles-et-barbecues\/vulcanus-grill-pro730-masterchef\/#primaryimage\"},\"image\":{\"@id\":\"https:\/\/dev6.erresse-shop.it\/fr\/shop\/petits-electromenagers\/grilles-et-barbecues\/vulcanus-grill-pro730-masterchef\/#primaryimage\"},\"thumbnailUrl\":\"https:\/\/i1.wp.com\/interpim.erresse-shop.it\/img-catalogo\/vulcanus\/vulcanus-grill-pro-730-masterchef-1.jpg?ssl=1\",\"datePublished\":\"2026-04-04T06:27:06+00:00\",\"description\":\"LE PRIX COMPREND L\u2019EXP\u00c9DITION SUR PALETTE. LE PRODUIT EST VENDU UNIQUEMENT EN ITALIE (pour tous les autres pays, contactez info&#64;erresse-shop.it).\",\"breadcrumb\":{\"@id\":\"https:\/\/dev6.erresse-shop.it\/fr\/shop\/petits-electromenagers\/grilles-et-barbecues\/vulcanus-grill-pro730-masterchef\/#breadcrumb\"},\"inLanguage\":\"fr-FR\",\"potentialAction\":[{\"@type\":\"ReadAction\",\"target\":[\"https:\/\/dev6.erresse-shop.it\/fr\/shop\/petits-electromenagers\/grilles-et-barbecues\/vulcanus-grill-pro730-masterchef\/\"]}]},{\"@type\":\"ImageObject\",\"inLanguage\":\"fr-FR\",\"@id\":\"https:\/\/dev6.erresse-shop.it\/fr\/shop\/petits-electromenagers\/grilles-et-barbecues\/vulcanus-grill-pro730-masterchef\/#primaryimage\",\"url\":\"https:\/\/i1.wp.com\/interpim.erresse-shop.it\/img-catalogo\/vulcanus\/vulcanus-grill-pro-730-masterchef-1.jpg?ssl=1\",\"contentUrl\":\"https:\/\/i1.wp.com\/interpim.erresse-shop.it\/img-catalogo\/vulcanus\/vulcanus-grill-pro-730-masterchef-1.jpg?ssl=1\"},{\"@type\":\"BreadcrumbList\",\"@id\":\"https:\/\/dev6.erresse-shop.it\/fr\/shop\/petits-electromenagers\/grilles-et-barbecues\/vulcanus-grill-pro730-masterchef\/#breadcrumb\",\"itemListElement\":[{\"@type\":\"ListItem\",\"position\":1,\"name\":\"Home\",\"item\":\"https:\/\/dev6.erresse-shop.it\/\"},{\"@type\":\"ListItem\",\"position\":2,\"name\":\"Boutique\",\"item\":\"https:\/\/dev6.erresse-shop.it\/shop\/\"},{\"@type\":\"ListItem\",\"position\":3,\"name\":\"VULCANUS Grill Pro730 Masterchef\"}]},{\"@type\":\"WebSite\",\"@id\":\"https:\/\/dev6.erresse-shop.it\/#website\",\"url\":\"https:\/\/dev6.erresse-shop.it\/\",\"name\":\"Erresse Shop\",\"description\":\"\",\"publisher\":{\"@id\":\"https:\/\/dev6.erresse-shop.it\/#organization\"},\"potentialAction\":[{\"@type\":\"SearchAction\",\"target\":{\"@type\":\"EntryPoint\",\"urlTemplate\":\"https:\/\/dev6.erresse-shop.it\/?s={search_term_string}\"},\"query-input\":{\"@type\":\"PropertyValueSpecification\",\"valueRequired\":true,\"valueName\":\"search_term_string\"}}],\"inLanguage\":\"fr-FR\"},{\"@type\":\"Organization\",\"@id\":\"https:\/\/dev6.erresse-shop.it\/#organization\",\"name\":\"Erresse Shop\",\"url\":\"https:\/\/dev6.erresse-shop.it\/\",\"logo\":{\"@type\":\"ImageObject\",\"inLanguage\":\"fr-FR\",\"@id\":\"https:\/\/dev6.erresse-shop.it\/#\/schema\/logo\/image\/\",\"url\":\"https:\/\/dev6.erresse-shop.it\/wp-content\/uploads\/2025\/01\/LOGO-ERRESSE-CLASSICO.svg\",\"contentUrl\":\"https:\/\/dev6.erresse-shop.it\/wp-content\/uploads\/2025\/01\/LOGO-ERRESSE-CLASSICO.svg\",\"caption\":\"Erresse Shop\"},\"image\":{\"@id\":\"https:\/\/dev6.erresse-shop.it\/#\/schema\/logo\/image\/\"}}]}<\/script>\n<!-- \/ Yoast SEO plugin. -->","yoast_head_json":{"title":"VULCANUS Grill Pro730 Masterchef - dev6 Erresse","description":"LE PRIX COMPREND L\u2019EXP\u00c9DITION SUR PALETTE. LE PRODUIT EST VENDU UNIQUEMENT EN ITALIE (pour tous les autres pays, contactez info&#64;erresse-shop.it).","robots":{"index":"noindex","follow":"follow","max-snippet":"max-snippet:-1","max-image-preview":"max-image-preview:large","max-video-preview":"max-video-preview:-1"},"og_locale":"fr_FR","og_type":"article","og_title":"VULCANUS Grill Pro730 Masterchef - dev6 Erresse","og_description":"LE PRIX COMPREND L\u2019EXP\u00c9DITION SUR PALETTE. LE PRODUIT EST VENDU UNIQUEMENT EN ITALIE (pour tous les autres pays, contactez info&#64;erresse-shop.it).","og_url":"https:\/\/dev6.erresse-shop.it\/fr\/shop\/petits-electromenagers\/grilles-et-barbecues\/vulcanus-grill-pro730-masterchef\/","og_site_name":"dev6 Erresse","og_image":[{"url":"https:\/\/interpim.erresse-shop.it\/img-catalogo\/vulcanus\/vulcanus-grill-pro-730-masterchef-1.jpg","type":"","width":"","height":""},{"url":"https:\/\/interpim.erresse-shop.it\/img-catalogo\/vulcanus\/vulcanus-grill-pro-730-masterchef-1.jpg","width":1024,"height":1024,"type":"image\/jpeg"}],"twitter_card":"summary_large_image","twitter_image":"https:\/\/interpim.erresse-shop.it\/img-catalogo\/vulcanus\/vulcanus-grill-pro-730-masterchef-1.jpg","schema":{"@context":"https:\/\/schema.org","@graph":[{"@type":"WebPage","@id":"https:\/\/dev6.erresse-shop.it\/fr\/shop\/petits-electromenagers\/grilles-et-barbecues\/vulcanus-grill-pro730-masterchef\/","url":"https:\/\/dev6.erresse-shop.it\/fr\/shop\/petits-electromenagers\/grilles-et-barbecues\/vulcanus-grill-pro730-masterchef\/","name":"VULCANUS Grill Pro730 Masterchef - dev6 Erresse","isPartOf":{"@id":"https:\/\/dev6.erresse-shop.it\/#website"},"primaryImageOfPage":{"@id":"https:\/\/dev6.erresse-shop.it\/fr\/shop\/petits-electromenagers\/grilles-et-barbecues\/vulcanus-grill-pro730-masterchef\/#primaryimage"},"image":{"@id":"https:\/\/dev6.erresse-shop.it\/fr\/shop\/petits-electromenagers\/grilles-et-barbecues\/vulcanus-grill-pro730-masterchef\/#primaryimage"},"thumbnailUrl":"https:\/\/i1.wp.com\/interpim.erresse-shop.it\/img-catalogo\/vulcanus\/vulcanus-grill-pro-730-masterchef-1.jpg?ssl=1","datePublished":"2026-04-04T06:27:06+00:00","description":"LE PRIX COMPREND L\u2019EXP\u00c9DITION SUR PALETTE. LE PRODUIT EST VENDU UNIQUEMENT EN ITALIE (pour tous les autres pays, contactez info&#64;erresse-shop.it).","breadcrumb":{"@id":"https:\/\/dev6.erresse-shop.it\/fr\/shop\/petits-electromenagers\/grilles-et-barbecues\/vulcanus-grill-pro730-masterchef\/#breadcrumb"},"inLanguage":"fr-FR","potentialAction":[{"@type":"ReadAction","target":["https:\/\/dev6.erresse-shop.it\/fr\/shop\/petits-electromenagers\/grilles-et-barbecues\/vulcanus-grill-pro730-masterchef\/"]}]},{"@type":"ImageObject","inLanguage":"fr-FR","@id":"https:\/\/dev6.erresse-shop.it\/fr\/shop\/petits-electromenagers\/grilles-et-barbecues\/vulcanus-grill-pro730-masterchef\/#primaryimage","url":"https:\/\/i1.wp.com\/interpim.erresse-shop.it\/img-catalogo\/vulcanus\/vulcanus-grill-pro-730-masterchef-1.jpg?ssl=1","contentUrl":"https:\/\/i1.wp.com\/interpim.erresse-shop.it\/img-catalogo\/vulcanus\/vulcanus-grill-pro-730-masterchef-1.jpg?ssl=1"},{"@type":"BreadcrumbList","@id":"https:\/\/dev6.erresse-shop.it\/fr\/shop\/petits-electromenagers\/grilles-et-barbecues\/vulcanus-grill-pro730-masterchef\/#breadcrumb","itemListElement":[{"@type":"ListItem","position":1,"name":"Home","item":"https:\/\/dev6.erresse-shop.it\/"},{"@type":"ListItem","position":2,"name":"Boutique","item":"https:\/\/dev6.erresse-shop.it\/shop\/"},{"@type":"ListItem","position":3,"name":"VULCANUS Grill Pro730 Masterchef"}]},{"@type":"WebSite","@id":"https:\/\/dev6.erresse-shop.it\/#website","url":"https:\/\/dev6.erresse-shop.it\/","name":"Erresse Shop","description":"","publisher":{"@id":"https:\/\/dev6.erresse-shop.it\/#organization"},"potentialAction":[{"@type":"SearchAction","target":{"@type":"EntryPoint","urlTemplate":"https:\/\/dev6.erresse-shop.it\/?s={search_term_string}"},"query-input":{"@type":"PropertyValueSpecification","valueRequired":true,"valueName":"search_term_string"}}],"inLanguage":"fr-FR"},{"@type":"Organization","@id":"https:\/\/dev6.erresse-shop.it\/#organization","name":"Erresse Shop","url":"https:\/\/dev6.erresse-shop.it\/","logo":{"@type":"ImageObject","inLanguage":"fr-FR","@id":"https:\/\/dev6.erresse-shop.it\/#\/schema\/logo\/image\/","url":"https:\/\/dev6.erresse-shop.it\/wp-content\/uploads\/2025\/01\/LOGO-ERRESSE-CLASSICO.svg","contentUrl":"https:\/\/dev6.erresse-shop.it\/wp-content\/uploads\/2025\/01\/LOGO-ERRESSE-CLASSICO.svg","caption":"Erresse Shop"},"image":{"@id":"https:\/\/dev6.erresse-shop.it\/#\/schema\/logo\/image\/"}}]}},"df_price":"","df_sale_price":"","df_regular_price":"","df_image_link":"https:\/\/i1.wp.com\/interpim.erresse-shop.it\/img-catalogo\/vulcanus\/vulcanus-grill-pro-730-masterchef-1.jpg?resize=300,300&ssl=1","fifu_image_url":"https:\/\/interpim.erresse-shop.it\/img-catalogo\/vulcanus\/vulcanus-grill-pro-730-masterchef-1.jpg","_links":{"self":[{"href":"https:\/\/dev6.erresse-shop.it\/fr\/wp-json\/wp\/v2\/product\/58571","targetHints":{"allow":["GET"]}}],"collection":[{"href":"https:\/\/dev6.erresse-shop.it\/fr\/wp-json\/wp\/v2\/product"}],"about":[{"href":"https:\/\/dev6.erresse-shop.it\/fr\/wp-json\/wp\/v2\/types\/product"}],"wp:featuredmedia":[{"embeddable":true,"href":"https:\/\/dev6.erresse-shop.it\/fr\/wp-json\/wp\/v2\/media\/6266101"}],"wp:attachment":[{"href":"https:\/\/dev6.erresse-shop.it\/fr\/wp-json\/wp\/v2\/media?parent=58571"}],"wp:term":[{"taxonomy":"product_cat","embeddable":true,"href":"https:\/\/dev6.erresse-shop.it\/fr\/wp-json\/wp\/v2\/product_cat?post=58571"},{"taxonomy":"product_tag","embeddable":true,"href":"https:\/\/dev6.erresse-shop.it\/fr\/wp-json\/wp\/v2\/product_tag?post=58571"}],"curies":[{"name":"wp","href":"https:\/\/api.w.org\/{rel}","templated":true}]}}