{"id":58561,"date":"2026-04-04T08:26:16","date_gmt":"2026-04-04T06:26:16","guid":{"rendered":"https:\/\/dev6.erresse-shop.it\/shop\/non%20class\u00e9\/le-creuset-cocotte-ronde-en-fonte-emaillee-20-cm-bleu-caraibes\/"},"modified":"2025-09-14T04:13:49","modified_gmt":"2025-09-14T02:13:49","slug":"le-creuset-cocotte-ronde-en-fonte-emaillee-20-cm-bleu-caraibes","status":"publish","type":"product","link":"https:\/\/dev6.erresse-shop.it\/fr\/shop\/cuisine\/le-creuset-cocotte-ronde-en-fonte-emaillee-20-cm-bleu-caraibes\/","title":{"rendered":"LE CREUSET Cocotte Ronde en Fonte \u00c9maill\u00e9e 20 cm Bleu Cara\u00efbes"},"content":{"rendered":"<p style=\"text-align: justify;\">LA REINE DE LA CUISINE<br \/>\nIndispensable dans une cuisine, la cocotte Le Creuset est appr\u00e9ci\u00e9e des cuisiniers du monde entier depuis pr\u00e8s d\u2019un si\u00e8cle. Parfaitement con\u00e7u pour les rago\u00fbts, les r\u00f4tis, les soupes, la cuisson mijot\u00e9e ou au four, cet ustensile embl\u00e9matique est votre outil \u00e0 tout faire pour des repas exceptionnels avec une profondeur intense et des saveurs all\u00e9chantes.<\/p>\n<p style=\"text-align: justify;\">La cocotte ronde Le Creuset Evolution est indispensable dans toutes les cuisines pour pr\u00e9parer des plats savoureux et sains ! Gr\u00e2ce \u00e0 sa polyvalence, la cocotte ronde Le Creuset deviendra votre alli\u00e9e de tous les jours pour cuisiner des l\u00e9gumes, des risottos, des sauces, du pain et mille autres recettes pour surprendre tous vos invit\u00e9s.<br \/>\nLa fonte \u00e9maill\u00e9e, \u00e9tant un excellent conducteur de chaleur, est l\u2019un des meilleurs mat\u00e9riaux \u00e0 utiliser dans la cuisine. En outre, la base, les parois et le couvercle ont la m\u00eame \u00e9paisseur, ce qui garantit une absorption et une distribution uniformes de la chaleur, sans cr\u00e9er de zones surchauff\u00e9es. Par cons\u00e9quent, les aliments ne br\u00fblent pas et ne restent pas crus \u00e0 l\u2019int\u00e9rieur. De plus, ils ne perdent pas leur liquide \u00e0 la cuisson, ce qui signifie que leurs nutriments et leurs vitamines sont pr\u00e9serv\u00e9s.<\/p>\n<p style=\"text-align: justify;\">G\u00e9n\u00e9ration apr\u00e8s g\u00e9n\u00e9ration, la cocotte en fonte \u00e9maill\u00e9e Le Creuset est devenue synonyme de bonne nourriture et de grande qualit\u00e9, apportant une cuisine saine sur les tables et dans les cuisines du monde entier, \u00e0 la hauteur des meilleures recettes.<\/p>\n<p style=\"text-align: justify;\">Propri\u00e9t\u00e9s de la cocotte en fonte \u00e9maill\u00e9e :<\/p>\n<p style=\"text-align: justify;\">\u2013 Distribution uniforme de la chaleur sans zones de surchauffe.<br \/>\n\u2013 Excellente r\u00e9tention de la chaleur.<br \/>\n\u2013 Bouton en acier inoxydable r\u00e9sistant \u00e0 toutes les temp\u00e9ratures.<br \/>\n\u2013 Poign\u00e9es con\u00e7ues pour une excellente prise en main.<br \/>\n\u2013 Surfaces int\u00e9rieure et ext\u00e9rieure vitrifi\u00e9es. N\u2019absorbe pas l\u2019humidit\u00e9, le go\u00fbt ou l\u2019odeur des aliments.<br \/>\n\u2013 Compatible avec toutes les sources de chaleur : four, gaz, \u00e9lectrique, induction.<br \/>\n\u2013 Recommand\u00e9 par les grands chefs et les blogueurs pour la cuisson du pain au four.<br \/>\n\u2013 Facile \u00e0 nettoyer.<br \/>\n\u2013 Durabilit\u00e9 exceptionnelle.<br \/>\n\u2013 Garantie \u00e0 vie.<\/p>\n<p style=\"text-align: justify;\">Notre c\u00e9l\u00e8bre gamme en fonte vitrifi\u00e9e est le mat\u00e9riau le plus durable et le plus hygi\u00e9nique du march\u00e9. Essayez-le et les r\u00e9sultats vous surprendront.<\/p>\n<p style=\"text-align: justify;\">Voir le film 1<br \/>\nVoir le film 2<\/p>\n","protected":false},"excerpt":{"rendered":"<p>LA REINE DE LA CUISINE Indispensable dans une cuisine, la cocotte Le Creuset est appr\u00e9ci\u00e9e des cuisiniers du monde entier depuis pr\u00e8s d\u2019un si\u00e8cle. Parfaitement con\u00e7u pour les rago\u00fbts, les r\u00f4tis, les soupes, la cuisson mijot\u00e9e ou au four, cet ustensile embl\u00e9matique est votre outil \u00e0 tout faire pour des repas exceptionnels avec une profondeur [&hellip;]<\/p>\n","protected":false},"featured_media":6265921,"template":"","meta":{"_acf_changed":false},"product_cat":[11992],"product_tag":[],"class_list":{"0":"post-58561","1":"product","2":"type-product","3":"status-publish","4":"has-post-thumbnail","6":"product_cat-cuisine","8":"first","9":"outofstock","10":"sale","11":"taxable","12":"shipping-taxable","13":"purchasable","14":"product-type-simple","swatches":"rey-swatches","show_selected":"","stretch_labels":"rey-swatches--stretch-labels"},"acf":[],"yoast_head":"<!-- This site is optimized with the Yoast SEO plugin v25.4 - https:\/\/yoast.com\/wordpress\/plugins\/seo\/ -->\n<title>LE CREUSET Cocotte Ronde en Fonte \u00c9maill\u00e9e 20 cm Bleu Cara\u00efbes - dev6 Erresse<\/title>\n<meta name=\"description\" content=\"LA REINE DE LA CUISINE Indispensable dans une cuisine, la cocotte Le Creuset est appr\u00e9ci\u00e9e des cuisiniers du monde entier depuis pr\u00e8s d\u2019un si\u00e8cle.\" \/>\n<meta name=\"robots\" content=\"noindex, follow, max-snippet:-1, max-image-preview:large, max-video-preview:-1\" \/>\n<meta property=\"og:locale\" content=\"fr_FR\" \/>\n<meta property=\"og:type\" content=\"article\" \/>\n<meta property=\"og:title\" content=\"LE CREUSET Cocotte Ronde en Fonte \u00c9maill\u00e9e 20 cm Bleu Cara\u00efbes - dev6 Erresse\" \/>\n<meta property=\"og:description\" content=\"LA REINE DE LA CUISINE Indispensable dans une cuisine, la cocotte Le Creuset est appr\u00e9ci\u00e9e des cuisiniers du monde entier depuis pr\u00e8s d\u2019un si\u00e8cle.\" \/>\n<meta property=\"og:url\" content=\"https:\/\/dev6.erresse-shop.it\/fr\/shop\/cuisine\/le-creuset-cocotte-ronde-en-fonte-emaillee-20-cm-bleu-caraibes\/\" \/>\n<meta property=\"og:site_name\" content=\"dev6 Erresse\" \/>\n<meta property=\"og:image\" content=\"https:\/\/interpim.erresse-shop.it\/Import\/Prodotti\/le-creuset-cocotte-evolution-in-ghisa-20-cm-blu-caribe.jpg\" \/><meta property=\"og:image\" content=\"https:\/\/interpim.erresse-shop.it\/Import\/Prodotti\/le-creuset-cocotte-evolution-in-ghisa-20-cm-blu-caribe.jpg\" \/>\n\t<meta property=\"og:image:width\" content=\"1024\" \/>\n\t<meta property=\"og:image:height\" content=\"1024\" \/>\n\t<meta property=\"og:image:type\" content=\"image\/jpeg\" \/>\n<meta name=\"twitter:card\" content=\"summary_large_image\" \/>\n<meta name=\"twitter:image\" content=\"https:\/\/interpim.erresse-shop.it\/Import\/Prodotti\/le-creuset-cocotte-evolution-in-ghisa-20-cm-blu-caribe.jpg\" \/>\n<script type=\"application\/ld+json\" class=\"yoast-schema-graph\">{\"@context\":\"https:\/\/schema.org\",\"@graph\":[{\"@type\":\"WebPage\",\"@id\":\"https:\/\/dev6.erresse-shop.it\/fr\/shop\/cuisine\/le-creuset-cocotte-ronde-en-fonte-emaillee-20-cm-bleu-caraibes\/\",\"url\":\"https:\/\/dev6.erresse-shop.it\/fr\/shop\/cuisine\/le-creuset-cocotte-ronde-en-fonte-emaillee-20-cm-bleu-caraibes\/\",\"name\":\"LE CREUSET Cocotte Ronde en Fonte \u00c9maill\u00e9e 20 cm Bleu Cara\u00efbes - dev6 Erresse\",\"isPartOf\":{\"@id\":\"https:\/\/dev6.erresse-shop.it\/#website\"},\"primaryImageOfPage\":{\"@id\":\"https:\/\/dev6.erresse-shop.it\/fr\/shop\/cuisine\/le-creuset-cocotte-ronde-en-fonte-emaillee-20-cm-bleu-caraibes\/#primaryimage\"},\"image\":{\"@id\":\"https:\/\/dev6.erresse-shop.it\/fr\/shop\/cuisine\/le-creuset-cocotte-ronde-en-fonte-emaillee-20-cm-bleu-caraibes\/#primaryimage\"},\"thumbnailUrl\":\"https:\/\/i2.wp.com\/interpim.erresse-shop.it\/Import\/Prodotti\/le-creuset-cocotte-evolution-in-ghisa-20-cm-blu-caribe.jpg?ssl=1\",\"datePublished\":\"2026-04-04T06:26:16+00:00\",\"description\":\"LA REINE DE LA CUISINE Indispensable dans une cuisine, la cocotte Le Creuset est appr\u00e9ci\u00e9e des cuisiniers du monde entier depuis pr\u00e8s d\u2019un si\u00e8cle.\",\"breadcrumb\":{\"@id\":\"https:\/\/dev6.erresse-shop.it\/fr\/shop\/cuisine\/le-creuset-cocotte-ronde-en-fonte-emaillee-20-cm-bleu-caraibes\/#breadcrumb\"},\"inLanguage\":\"fr-FR\",\"potentialAction\":[{\"@type\":\"ReadAction\",\"target\":[\"https:\/\/dev6.erresse-shop.it\/fr\/shop\/cuisine\/le-creuset-cocotte-ronde-en-fonte-emaillee-20-cm-bleu-caraibes\/\"]}]},{\"@type\":\"ImageObject\",\"inLanguage\":\"fr-FR\",\"@id\":\"https:\/\/dev6.erresse-shop.it\/fr\/shop\/cuisine\/le-creuset-cocotte-ronde-en-fonte-emaillee-20-cm-bleu-caraibes\/#primaryimage\",\"url\":\"https:\/\/i2.wp.com\/interpim.erresse-shop.it\/Import\/Prodotti\/le-creuset-cocotte-evolution-in-ghisa-20-cm-blu-caribe.jpg?ssl=1\",\"contentUrl\":\"https:\/\/i2.wp.com\/interpim.erresse-shop.it\/Import\/Prodotti\/le-creuset-cocotte-evolution-in-ghisa-20-cm-blu-caribe.jpg?ssl=1\"},{\"@type\":\"BreadcrumbList\",\"@id\":\"https:\/\/dev6.erresse-shop.it\/fr\/shop\/cuisine\/le-creuset-cocotte-ronde-en-fonte-emaillee-20-cm-bleu-caraibes\/#breadcrumb\",\"itemListElement\":[{\"@type\":\"ListItem\",\"position\":1,\"name\":\"Home\",\"item\":\"https:\/\/dev6.erresse-shop.it\/\"},{\"@type\":\"ListItem\",\"position\":2,\"name\":\"Boutique\",\"item\":\"https:\/\/dev6.erresse-shop.it\/shop\/\"},{\"@type\":\"ListItem\",\"position\":3,\"name\":\"LE CREUSET Cocotte Ronde en Fonte \u00c9maill\u00e9e 20 cm Bleu Cara\u00efbes\"}]},{\"@type\":\"WebSite\",\"@id\":\"https:\/\/dev6.erresse-shop.it\/#website\",\"url\":\"https:\/\/dev6.erresse-shop.it\/\",\"name\":\"Erresse Shop\",\"description\":\"\",\"publisher\":{\"@id\":\"https:\/\/dev6.erresse-shop.it\/#organization\"},\"potentialAction\":[{\"@type\":\"SearchAction\",\"target\":{\"@type\":\"EntryPoint\",\"urlTemplate\":\"https:\/\/dev6.erresse-shop.it\/?s={search_term_string}\"},\"query-input\":{\"@type\":\"PropertyValueSpecification\",\"valueRequired\":true,\"valueName\":\"search_term_string\"}}],\"inLanguage\":\"fr-FR\"},{\"@type\":\"Organization\",\"@id\":\"https:\/\/dev6.erresse-shop.it\/#organization\",\"name\":\"Erresse Shop\",\"url\":\"https:\/\/dev6.erresse-shop.it\/\",\"logo\":{\"@type\":\"ImageObject\",\"inLanguage\":\"fr-FR\",\"@id\":\"https:\/\/dev6.erresse-shop.it\/#\/schema\/logo\/image\/\",\"url\":\"https:\/\/dev6.erresse-shop.it\/wp-content\/uploads\/2025\/01\/LOGO-ERRESSE-CLASSICO.svg\",\"contentUrl\":\"https:\/\/dev6.erresse-shop.it\/wp-content\/uploads\/2025\/01\/LOGO-ERRESSE-CLASSICO.svg\",\"caption\":\"Erresse Shop\"},\"image\":{\"@id\":\"https:\/\/dev6.erresse-shop.it\/#\/schema\/logo\/image\/\"}}]}<\/script>\n<!-- \/ Yoast SEO plugin. -->","yoast_head_json":{"title":"LE CREUSET Cocotte Ronde en Fonte \u00c9maill\u00e9e 20 cm Bleu Cara\u00efbes - dev6 Erresse","description":"LA REINE DE LA CUISINE Indispensable dans une cuisine, la cocotte Le Creuset est appr\u00e9ci\u00e9e des cuisiniers du monde entier depuis pr\u00e8s d\u2019un si\u00e8cle.","robots":{"index":"noindex","follow":"follow","max-snippet":"max-snippet:-1","max-image-preview":"max-image-preview:large","max-video-preview":"max-video-preview:-1"},"og_locale":"fr_FR","og_type":"article","og_title":"LE CREUSET Cocotte Ronde en Fonte \u00c9maill\u00e9e 20 cm Bleu Cara\u00efbes - dev6 Erresse","og_description":"LA REINE DE LA CUISINE Indispensable dans une cuisine, la cocotte Le Creuset est appr\u00e9ci\u00e9e des cuisiniers du monde entier depuis pr\u00e8s d\u2019un si\u00e8cle.","og_url":"https:\/\/dev6.erresse-shop.it\/fr\/shop\/cuisine\/le-creuset-cocotte-ronde-en-fonte-emaillee-20-cm-bleu-caraibes\/","og_site_name":"dev6 Erresse","og_image":[{"url":"https:\/\/interpim.erresse-shop.it\/Import\/Prodotti\/le-creuset-cocotte-evolution-in-ghisa-20-cm-blu-caribe.jpg","type":"","width":"","height":""},{"url":"https:\/\/interpim.erresse-shop.it\/Import\/Prodotti\/le-creuset-cocotte-evolution-in-ghisa-20-cm-blu-caribe.jpg","width":1024,"height":1024,"type":"image\/jpeg"}],"twitter_card":"summary_large_image","twitter_image":"https:\/\/interpim.erresse-shop.it\/Import\/Prodotti\/le-creuset-cocotte-evolution-in-ghisa-20-cm-blu-caribe.jpg","schema":{"@context":"https:\/\/schema.org","@graph":[{"@type":"WebPage","@id":"https:\/\/dev6.erresse-shop.it\/fr\/shop\/cuisine\/le-creuset-cocotte-ronde-en-fonte-emaillee-20-cm-bleu-caraibes\/","url":"https:\/\/dev6.erresse-shop.it\/fr\/shop\/cuisine\/le-creuset-cocotte-ronde-en-fonte-emaillee-20-cm-bleu-caraibes\/","name":"LE CREUSET Cocotte Ronde en Fonte \u00c9maill\u00e9e 20 cm Bleu Cara\u00efbes - dev6 Erresse","isPartOf":{"@id":"https:\/\/dev6.erresse-shop.it\/#website"},"primaryImageOfPage":{"@id":"https:\/\/dev6.erresse-shop.it\/fr\/shop\/cuisine\/le-creuset-cocotte-ronde-en-fonte-emaillee-20-cm-bleu-caraibes\/#primaryimage"},"image":{"@id":"https:\/\/dev6.erresse-shop.it\/fr\/shop\/cuisine\/le-creuset-cocotte-ronde-en-fonte-emaillee-20-cm-bleu-caraibes\/#primaryimage"},"thumbnailUrl":"https:\/\/i2.wp.com\/interpim.erresse-shop.it\/Import\/Prodotti\/le-creuset-cocotte-evolution-in-ghisa-20-cm-blu-caribe.jpg?ssl=1","datePublished":"2026-04-04T06:26:16+00:00","description":"LA REINE DE LA CUISINE Indispensable dans une cuisine, la cocotte Le Creuset est appr\u00e9ci\u00e9e des cuisiniers du monde entier depuis pr\u00e8s d\u2019un si\u00e8cle.","breadcrumb":{"@id":"https:\/\/dev6.erresse-shop.it\/fr\/shop\/cuisine\/le-creuset-cocotte-ronde-en-fonte-emaillee-20-cm-bleu-caraibes\/#breadcrumb"},"inLanguage":"fr-FR","potentialAction":[{"@type":"ReadAction","target":["https:\/\/dev6.erresse-shop.it\/fr\/shop\/cuisine\/le-creuset-cocotte-ronde-en-fonte-emaillee-20-cm-bleu-caraibes\/"]}]},{"@type":"ImageObject","inLanguage":"fr-FR","@id":"https:\/\/dev6.erresse-shop.it\/fr\/shop\/cuisine\/le-creuset-cocotte-ronde-en-fonte-emaillee-20-cm-bleu-caraibes\/#primaryimage","url":"https:\/\/i2.wp.com\/interpim.erresse-shop.it\/Import\/Prodotti\/le-creuset-cocotte-evolution-in-ghisa-20-cm-blu-caribe.jpg?ssl=1","contentUrl":"https:\/\/i2.wp.com\/interpim.erresse-shop.it\/Import\/Prodotti\/le-creuset-cocotte-evolution-in-ghisa-20-cm-blu-caribe.jpg?ssl=1"},{"@type":"BreadcrumbList","@id":"https:\/\/dev6.erresse-shop.it\/fr\/shop\/cuisine\/le-creuset-cocotte-ronde-en-fonte-emaillee-20-cm-bleu-caraibes\/#breadcrumb","itemListElement":[{"@type":"ListItem","position":1,"name":"Home","item":"https:\/\/dev6.erresse-shop.it\/"},{"@type":"ListItem","position":2,"name":"Boutique","item":"https:\/\/dev6.erresse-shop.it\/shop\/"},{"@type":"ListItem","position":3,"name":"LE CREUSET Cocotte Ronde en Fonte \u00c9maill\u00e9e 20 cm Bleu Cara\u00efbes"}]},{"@type":"WebSite","@id":"https:\/\/dev6.erresse-shop.it\/#website","url":"https:\/\/dev6.erresse-shop.it\/","name":"Erresse Shop","description":"","publisher":{"@id":"https:\/\/dev6.erresse-shop.it\/#organization"},"potentialAction":[{"@type":"SearchAction","target":{"@type":"EntryPoint","urlTemplate":"https:\/\/dev6.erresse-shop.it\/?s={search_term_string}"},"query-input":{"@type":"PropertyValueSpecification","valueRequired":true,"valueName":"search_term_string"}}],"inLanguage":"fr-FR"},{"@type":"Organization","@id":"https:\/\/dev6.erresse-shop.it\/#organization","name":"Erresse Shop","url":"https:\/\/dev6.erresse-shop.it\/","logo":{"@type":"ImageObject","inLanguage":"fr-FR","@id":"https:\/\/dev6.erresse-shop.it\/#\/schema\/logo\/image\/","url":"https:\/\/dev6.erresse-shop.it\/wp-content\/uploads\/2025\/01\/LOGO-ERRESSE-CLASSICO.svg","contentUrl":"https:\/\/dev6.erresse-shop.it\/wp-content\/uploads\/2025\/01\/LOGO-ERRESSE-CLASSICO.svg","caption":"Erresse Shop"},"image":{"@id":"https:\/\/dev6.erresse-shop.it\/#\/schema\/logo\/image\/"}}]}},"df_price":179.95,"df_sale_price":179.95,"df_regular_price":249,"df_image_link":"https:\/\/i2.wp.com\/interpim.erresse-shop.it\/Import\/Prodotti\/le-creuset-cocotte-evolution-in-ghisa-20-cm-blu-caribe.jpg?resize=300,300&ssl=1","fifu_image_url":"https:\/\/interpim.erresse-shop.it\/Import\/Prodotti\/le-creuset-cocotte-evolution-in-ghisa-20-cm-blu-caribe.jpg","_links":{"self":[{"href":"https:\/\/dev6.erresse-shop.it\/fr\/wp-json\/wp\/v2\/product\/58561","targetHints":{"allow":["GET"]}}],"collection":[{"href":"https:\/\/dev6.erresse-shop.it\/fr\/wp-json\/wp\/v2\/product"}],"about":[{"href":"https:\/\/dev6.erresse-shop.it\/fr\/wp-json\/wp\/v2\/types\/product"}],"wp:featuredmedia":[{"embeddable":true,"href":"https:\/\/dev6.erresse-shop.it\/fr\/wp-json\/wp\/v2\/media\/6265921"}],"wp:attachment":[{"href":"https:\/\/dev6.erresse-shop.it\/fr\/wp-json\/wp\/v2\/media?parent=58561"}],"wp:term":[{"taxonomy":"product_cat","embeddable":true,"href":"https:\/\/dev6.erresse-shop.it\/fr\/wp-json\/wp\/v2\/product_cat?post=58561"},{"taxonomy":"product_tag","embeddable":true,"href":"https:\/\/dev6.erresse-shop.it\/fr\/wp-json\/wp\/v2\/product_tag?post=58561"}],"curies":[{"name":"wp","href":"https:\/\/api.w.org\/{rel}","templated":true}]}}