{"id":58547,"date":"2026-04-04T08:26:16","date_gmt":"2026-04-04T06:26:16","guid":{"rendered":"https:\/\/dev6.erresse-shop.it\/shop\/non%20class\u00e9\/le-creuset-cocotte-en-fonte-emaillee-35-cm-noir-mat\/"},"modified":"2025-11-30T17:51:04","modified_gmt":"2025-11-30T16:51:04","slug":"le-creuset-cocotte-en-fonte-emaillee-35-cm-noir-mat","status":"publish","type":"product","link":"https:\/\/dev6.erresse-shop.it\/fr\/shop\/poeles-pots\/marmites-et-cocottes-poeles-pots\/le-creuset-cocotte-en-fonte-emaillee-35-cm-noir-mat\/","title":{"rendered":"LE CREUSET Cocotte en Fonte \u00c9maill\u00e9e 35 cm Noir Mat"},"content":{"rendered":"<p>L\u2019indispensable cocotte Le Creuset est incontournable pour r\u00e9aliser vos plats mijot\u00e9s! Multi-usage, c\u2019est votre compagne culinaire de tous les jours.<\/p>\n<p>\u2013 Fonte Emaill\u00e9e<br \/>\n\u2013 R\u00e9partition uniforme de la chaleur du fond de la cocotte jusqu\u2019au couvercle<br \/>\n\u2013 Couvercle herm\u00e9tique pour conserver uniform\u00e9ment la chaleur.<br \/>\n\u2013 Couleurs int\u00e9rieures : noir mat (cocottes 10 cm, cocottes noir mat), cr\u00e8me (cocottes cotton) et sable (pour toutes les autres couleurs)<br \/>\n\u2013 Bouton en acier inoxydable r\u00e9sistant \u00e0 la chaleur sans limite de temp\u00e9rature au four<br \/>\n\u2013 Poign\u00e9es \u00e9tudi\u00e9es pour une bonne prise en main.<br \/>\n\u2013 Fond ultra-lisse pour un entretien facile<br \/>\n\u2013 Compatible avec toutes les sources de chaleur y compris l\u2019induction.<br \/>\n\u2013 Durabilit\u00e9 exceptionnelle<br \/>\n\u2013 Garantie \u00e0 vie<\/p>\n","protected":false},"excerpt":{"rendered":"<p>L\u2019indispensable cocotte Le Creuset est incontournable pour r\u00e9aliser vos plats mijot\u00e9s! Multi-usage, c\u2019est votre compagne culinaire de tous les jours. \u2013 Fonte Emaill\u00e9e \u2013 R\u00e9partition uniforme de la chaleur du fond de la cocotte jusqu\u2019au couvercle \u2013 Couvercle herm\u00e9tique pour conserver uniform\u00e9ment la chaleur. \u2013 Couleurs int\u00e9rieures : noir mat (cocottes 10 cm, cocottes noir [&hellip;]<\/p>\n","protected":false},"featured_media":6265780,"template":"","meta":{"_acf_changed":false},"product_cat":[12000,11667,11991],"product_tag":[],"class_list":{"0":"post-58547","1":"product","2":"type-product","3":"status-publish","4":"has-post-thumbnail","6":"product_cat-marmites-et-cocottes-poeles-pots","7":"product_cat-padelle-pentole","8":"product_cat-poeles-pots","10":"first","11":"outofstock","12":"sale","13":"taxable","14":"shipping-taxable","15":"purchasable","16":"product-type-simple","swatches":"rey-swatches","show_selected":"","stretch_labels":"rey-swatches--stretch-labels"},"acf":[],"yoast_head":"<!-- This site is optimized with the Yoast SEO plugin v25.4 - https:\/\/yoast.com\/wordpress\/plugins\/seo\/ -->\n<title>LE CREUSET Cocotte en Fonte \u00c9maill\u00e9e 35 cm Noir Mat - dev6 Erresse<\/title>\n<meta name=\"description\" content=\"L\u2019indispensable cocotte Le Creuset est incontournable pour r\u00e9aliser vos plats mijot\u00e9s! Multi-usage, c\u2019est votre compagne culinaire de tous les jours. \u2013\" \/>\n<meta name=\"robots\" content=\"noindex, follow, max-snippet:-1, max-image-preview:large, max-video-preview:-1\" \/>\n<meta property=\"og:locale\" content=\"fr_FR\" \/>\n<meta property=\"og:type\" content=\"article\" \/>\n<meta property=\"og:title\" content=\"LE CREUSET Cocotte en Fonte \u00c9maill\u00e9e 35 cm Noir Mat - dev6 Erresse\" \/>\n<meta property=\"og:description\" content=\"L\u2019indispensable cocotte Le Creuset est incontournable pour r\u00e9aliser vos plats mijot\u00e9s! Multi-usage, c\u2019est votre compagne culinaire de tous les jours. \u2013\" \/>\n<meta property=\"og:url\" content=\"https:\/\/dev6.erresse-shop.it\/fr\/shop\/poeles-pots\/marmites-et-cocottes-poeles-pots\/le-creuset-cocotte-en-fonte-emaillee-35-cm-noir-mat\/\" \/>\n<meta property=\"og:site_name\" content=\"dev6 Erresse\" \/>\n<meta property=\"og:image\" content=\"https:\/\/interpim.erresse-shop.it\/Import\/Prodotti\/le-creuset-cocotte-evolution-in-ghisa-35-cm-nero.png\" \/><meta property=\"og:image\" content=\"https:\/\/interpim.erresse-shop.it\/Import\/Prodotti\/le-creuset-cocotte-evolution-in-ghisa-35-cm-nero.png\" \/>\n\t<meta property=\"og:image:width\" content=\"1024\" \/>\n\t<meta property=\"og:image:height\" content=\"1024\" \/>\n\t<meta property=\"og:image:type\" content=\"image\/jpeg\" \/>\n<meta name=\"twitter:card\" content=\"summary_large_image\" \/>\n<meta name=\"twitter:image\" content=\"https:\/\/interpim.erresse-shop.it\/Import\/Prodotti\/le-creuset-cocotte-evolution-in-ghisa-35-cm-nero.png\" \/>\n<script type=\"application\/ld+json\" class=\"yoast-schema-graph\">{\"@context\":\"https:\/\/schema.org\",\"@graph\":[{\"@type\":\"WebPage\",\"@id\":\"https:\/\/dev6.erresse-shop.it\/fr\/shop\/poeles-pots\/marmites-et-cocottes-poeles-pots\/le-creuset-cocotte-en-fonte-emaillee-35-cm-noir-mat\/\",\"url\":\"https:\/\/dev6.erresse-shop.it\/fr\/shop\/poeles-pots\/marmites-et-cocottes-poeles-pots\/le-creuset-cocotte-en-fonte-emaillee-35-cm-noir-mat\/\",\"name\":\"LE CREUSET Cocotte en Fonte \u00c9maill\u00e9e 35 cm Noir Mat - dev6 Erresse\",\"isPartOf\":{\"@id\":\"https:\/\/dev6.erresse-shop.it\/#website\"},\"primaryImageOfPage\":{\"@id\":\"https:\/\/dev6.erresse-shop.it\/fr\/shop\/poeles-pots\/marmites-et-cocottes-poeles-pots\/le-creuset-cocotte-en-fonte-emaillee-35-cm-noir-mat\/#primaryimage\"},\"image\":{\"@id\":\"https:\/\/dev6.erresse-shop.it\/fr\/shop\/poeles-pots\/marmites-et-cocottes-poeles-pots\/le-creuset-cocotte-en-fonte-emaillee-35-cm-noir-mat\/#primaryimage\"},\"thumbnailUrl\":\"https:\/\/i1.wp.com\/interpim.erresse-shop.it\/Import\/Prodotti\/le-creuset-cocotte-evolution-in-ghisa-35-cm-nero.png?ssl=1\",\"datePublished\":\"2026-04-04T06:26:16+00:00\",\"description\":\"L\u2019indispensable cocotte Le Creuset est incontournable pour r\u00e9aliser vos plats mijot\u00e9s! Multi-usage, c\u2019est votre compagne culinaire de tous les jours. \u2013\",\"breadcrumb\":{\"@id\":\"https:\/\/dev6.erresse-shop.it\/fr\/shop\/poeles-pots\/marmites-et-cocottes-poeles-pots\/le-creuset-cocotte-en-fonte-emaillee-35-cm-noir-mat\/#breadcrumb\"},\"inLanguage\":\"fr-FR\",\"potentialAction\":[{\"@type\":\"ReadAction\",\"target\":[\"https:\/\/dev6.erresse-shop.it\/fr\/shop\/poeles-pots\/marmites-et-cocottes-poeles-pots\/le-creuset-cocotte-en-fonte-emaillee-35-cm-noir-mat\/\"]}]},{\"@type\":\"ImageObject\",\"inLanguage\":\"fr-FR\",\"@id\":\"https:\/\/dev6.erresse-shop.it\/fr\/shop\/poeles-pots\/marmites-et-cocottes-poeles-pots\/le-creuset-cocotte-en-fonte-emaillee-35-cm-noir-mat\/#primaryimage\",\"url\":\"https:\/\/i1.wp.com\/interpim.erresse-shop.it\/Import\/Prodotti\/le-creuset-cocotte-evolution-in-ghisa-35-cm-nero.png?ssl=1\",\"contentUrl\":\"https:\/\/i1.wp.com\/interpim.erresse-shop.it\/Import\/Prodotti\/le-creuset-cocotte-evolution-in-ghisa-35-cm-nero.png?ssl=1\"},{\"@type\":\"BreadcrumbList\",\"@id\":\"https:\/\/dev6.erresse-shop.it\/fr\/shop\/poeles-pots\/marmites-et-cocottes-poeles-pots\/le-creuset-cocotte-en-fonte-emaillee-35-cm-noir-mat\/#breadcrumb\",\"itemListElement\":[{\"@type\":\"ListItem\",\"position\":1,\"name\":\"Home\",\"item\":\"https:\/\/dev6.erresse-shop.it\/\"},{\"@type\":\"ListItem\",\"position\":2,\"name\":\"Boutique\",\"item\":\"https:\/\/dev6.erresse-shop.it\/shop\/\"},{\"@type\":\"ListItem\",\"position\":3,\"name\":\"LE CREUSET Cocotte en Fonte \u00c9maill\u00e9e 35 cm Noir Mat\"}]},{\"@type\":\"WebSite\",\"@id\":\"https:\/\/dev6.erresse-shop.it\/#website\",\"url\":\"https:\/\/dev6.erresse-shop.it\/\",\"name\":\"Erresse Shop\",\"description\":\"\",\"publisher\":{\"@id\":\"https:\/\/dev6.erresse-shop.it\/#organization\"},\"potentialAction\":[{\"@type\":\"SearchAction\",\"target\":{\"@type\":\"EntryPoint\",\"urlTemplate\":\"https:\/\/dev6.erresse-shop.it\/?s={search_term_string}\"},\"query-input\":{\"@type\":\"PropertyValueSpecification\",\"valueRequired\":true,\"valueName\":\"search_term_string\"}}],\"inLanguage\":\"fr-FR\"},{\"@type\":\"Organization\",\"@id\":\"https:\/\/dev6.erresse-shop.it\/#organization\",\"name\":\"Erresse Shop\",\"url\":\"https:\/\/dev6.erresse-shop.it\/\",\"logo\":{\"@type\":\"ImageObject\",\"inLanguage\":\"fr-FR\",\"@id\":\"https:\/\/dev6.erresse-shop.it\/#\/schema\/logo\/image\/\",\"url\":\"https:\/\/dev6.erresse-shop.it\/wp-content\/uploads\/2025\/01\/LOGO-ERRESSE-CLASSICO.svg\",\"contentUrl\":\"https:\/\/dev6.erresse-shop.it\/wp-content\/uploads\/2025\/01\/LOGO-ERRESSE-CLASSICO.svg\",\"caption\":\"Erresse Shop\"},\"image\":{\"@id\":\"https:\/\/dev6.erresse-shop.it\/#\/schema\/logo\/image\/\"}}]}<\/script>\n<!-- \/ Yoast SEO plugin. -->","yoast_head_json":{"title":"LE CREUSET Cocotte en Fonte \u00c9maill\u00e9e 35 cm Noir Mat - dev6 Erresse","description":"L\u2019indispensable cocotte Le Creuset est incontournable pour r\u00e9aliser vos plats mijot\u00e9s! Multi-usage, c\u2019est votre compagne culinaire de tous les jours. \u2013","robots":{"index":"noindex","follow":"follow","max-snippet":"max-snippet:-1","max-image-preview":"max-image-preview:large","max-video-preview":"max-video-preview:-1"},"og_locale":"fr_FR","og_type":"article","og_title":"LE CREUSET Cocotte en Fonte \u00c9maill\u00e9e 35 cm Noir Mat - dev6 Erresse","og_description":"L\u2019indispensable cocotte Le Creuset est incontournable pour r\u00e9aliser vos plats mijot\u00e9s! Multi-usage, c\u2019est votre compagne culinaire de tous les jours. \u2013","og_url":"https:\/\/dev6.erresse-shop.it\/fr\/shop\/poeles-pots\/marmites-et-cocottes-poeles-pots\/le-creuset-cocotte-en-fonte-emaillee-35-cm-noir-mat\/","og_site_name":"dev6 Erresse","og_image":[{"url":"https:\/\/interpim.erresse-shop.it\/Import\/Prodotti\/le-creuset-cocotte-evolution-in-ghisa-35-cm-nero.png","type":"","width":"","height":""},{"url":"https:\/\/interpim.erresse-shop.it\/Import\/Prodotti\/le-creuset-cocotte-evolution-in-ghisa-35-cm-nero.png","width":1024,"height":1024,"type":"image\/jpeg"}],"twitter_card":"summary_large_image","twitter_image":"https:\/\/interpim.erresse-shop.it\/Import\/Prodotti\/le-creuset-cocotte-evolution-in-ghisa-35-cm-nero.png","schema":{"@context":"https:\/\/schema.org","@graph":[{"@type":"WebPage","@id":"https:\/\/dev6.erresse-shop.it\/fr\/shop\/poeles-pots\/marmites-et-cocottes-poeles-pots\/le-creuset-cocotte-en-fonte-emaillee-35-cm-noir-mat\/","url":"https:\/\/dev6.erresse-shop.it\/fr\/shop\/poeles-pots\/marmites-et-cocottes-poeles-pots\/le-creuset-cocotte-en-fonte-emaillee-35-cm-noir-mat\/","name":"LE CREUSET Cocotte en Fonte \u00c9maill\u00e9e 35 cm Noir Mat - dev6 Erresse","isPartOf":{"@id":"https:\/\/dev6.erresse-shop.it\/#website"},"primaryImageOfPage":{"@id":"https:\/\/dev6.erresse-shop.it\/fr\/shop\/poeles-pots\/marmites-et-cocottes-poeles-pots\/le-creuset-cocotte-en-fonte-emaillee-35-cm-noir-mat\/#primaryimage"},"image":{"@id":"https:\/\/dev6.erresse-shop.it\/fr\/shop\/poeles-pots\/marmites-et-cocottes-poeles-pots\/le-creuset-cocotte-en-fonte-emaillee-35-cm-noir-mat\/#primaryimage"},"thumbnailUrl":"https:\/\/i1.wp.com\/interpim.erresse-shop.it\/Import\/Prodotti\/le-creuset-cocotte-evolution-in-ghisa-35-cm-nero.png?ssl=1","datePublished":"2026-04-04T06:26:16+00:00","description":"L\u2019indispensable cocotte Le Creuset est incontournable pour r\u00e9aliser vos plats mijot\u00e9s! Multi-usage, c\u2019est votre compagne culinaire de tous les jours. \u2013","breadcrumb":{"@id":"https:\/\/dev6.erresse-shop.it\/fr\/shop\/poeles-pots\/marmites-et-cocottes-poeles-pots\/le-creuset-cocotte-en-fonte-emaillee-35-cm-noir-mat\/#breadcrumb"},"inLanguage":"fr-FR","potentialAction":[{"@type":"ReadAction","target":["https:\/\/dev6.erresse-shop.it\/fr\/shop\/poeles-pots\/marmites-et-cocottes-poeles-pots\/le-creuset-cocotte-en-fonte-emaillee-35-cm-noir-mat\/"]}]},{"@type":"ImageObject","inLanguage":"fr-FR","@id":"https:\/\/dev6.erresse-shop.it\/fr\/shop\/poeles-pots\/marmites-et-cocottes-poeles-pots\/le-creuset-cocotte-en-fonte-emaillee-35-cm-noir-mat\/#primaryimage","url":"https:\/\/i1.wp.com\/interpim.erresse-shop.it\/Import\/Prodotti\/le-creuset-cocotte-evolution-in-ghisa-35-cm-nero.png?ssl=1","contentUrl":"https:\/\/i1.wp.com\/interpim.erresse-shop.it\/Import\/Prodotti\/le-creuset-cocotte-evolution-in-ghisa-35-cm-nero.png?ssl=1"},{"@type":"BreadcrumbList","@id":"https:\/\/dev6.erresse-shop.it\/fr\/shop\/poeles-pots\/marmites-et-cocottes-poeles-pots\/le-creuset-cocotte-en-fonte-emaillee-35-cm-noir-mat\/#breadcrumb","itemListElement":[{"@type":"ListItem","position":1,"name":"Home","item":"https:\/\/dev6.erresse-shop.it\/"},{"@type":"ListItem","position":2,"name":"Boutique","item":"https:\/\/dev6.erresse-shop.it\/shop\/"},{"@type":"ListItem","position":3,"name":"LE CREUSET Cocotte en Fonte \u00c9maill\u00e9e 35 cm Noir Mat"}]},{"@type":"WebSite","@id":"https:\/\/dev6.erresse-shop.it\/#website","url":"https:\/\/dev6.erresse-shop.it\/","name":"Erresse Shop","description":"","publisher":{"@id":"https:\/\/dev6.erresse-shop.it\/#organization"},"potentialAction":[{"@type":"SearchAction","target":{"@type":"EntryPoint","urlTemplate":"https:\/\/dev6.erresse-shop.it\/?s={search_term_string}"},"query-input":{"@type":"PropertyValueSpecification","valueRequired":true,"valueName":"search_term_string"}}],"inLanguage":"fr-FR"},{"@type":"Organization","@id":"https:\/\/dev6.erresse-shop.it\/#organization","name":"Erresse Shop","url":"https:\/\/dev6.erresse-shop.it\/","logo":{"@type":"ImageObject","inLanguage":"fr-FR","@id":"https:\/\/dev6.erresse-shop.it\/#\/schema\/logo\/image\/","url":"https:\/\/dev6.erresse-shop.it\/wp-content\/uploads\/2025\/01\/LOGO-ERRESSE-CLASSICO.svg","contentUrl":"https:\/\/dev6.erresse-shop.it\/wp-content\/uploads\/2025\/01\/LOGO-ERRESSE-CLASSICO.svg","caption":"Erresse Shop"},"image":{"@id":"https:\/\/dev6.erresse-shop.it\/#\/schema\/logo\/image\/"}}]}},"df_price":329,"df_sale_price":329,"df_regular_price":499,"df_image_link":"https:\/\/i1.wp.com\/interpim.erresse-shop.it\/Import\/Prodotti\/le-creuset-cocotte-evolution-in-ghisa-35-cm-nero.png?resize=300,300&ssl=1","fifu_image_url":"https:\/\/interpim.erresse-shop.it\/Import\/Prodotti\/le-creuset-cocotte-evolution-in-ghisa-35-cm-nero.png","_links":{"self":[{"href":"https:\/\/dev6.erresse-shop.it\/fr\/wp-json\/wp\/v2\/product\/58547","targetHints":{"allow":["GET"]}}],"collection":[{"href":"https:\/\/dev6.erresse-shop.it\/fr\/wp-json\/wp\/v2\/product"}],"about":[{"href":"https:\/\/dev6.erresse-shop.it\/fr\/wp-json\/wp\/v2\/types\/product"}],"wp:featuredmedia":[{"embeddable":true,"href":"https:\/\/dev6.erresse-shop.it\/fr\/wp-json\/wp\/v2\/media\/6265780"}],"wp:attachment":[{"href":"https:\/\/dev6.erresse-shop.it\/fr\/wp-json\/wp\/v2\/media?parent=58547"}],"wp:term":[{"taxonomy":"product_cat","embeddable":true,"href":"https:\/\/dev6.erresse-shop.it\/fr\/wp-json\/wp\/v2\/product_cat?post=58547"},{"taxonomy":"product_tag","embeddable":true,"href":"https:\/\/dev6.erresse-shop.it\/fr\/wp-json\/wp\/v2\/product_tag?post=58547"}],"curies":[{"name":"wp","href":"https:\/\/api.w.org\/{rel}","templated":true}]}}