{"id":58535,"date":"2026-04-04T08:26:16","date_gmt":"2026-04-04T06:26:16","guid":{"rendered":"https:\/\/dev6.erresse-shop.it\/shop\/non%20class\u00e9\/le-creuset-cocotte-en-fonte-emaillee-40-cm-cerise\/"},"modified":"2025-09-14T04:13:16","modified_gmt":"2025-09-14T02:13:16","slug":"le-creuset-cocotte-en-fonte-emaillee-40-cm-cerise","status":"publish","type":"product","link":"https:\/\/dev6.erresse-shop.it\/fr\/shop\/poeles-pots\/marmites-et-cocottes-poeles-pots\/le-creuset-cocotte-en-fonte-emaillee-40-cm-cerise\/","title":{"rendered":"LE CREUSET Cocotte en fonte \u00e9maill\u00e9e 40 cm Cerise"},"content":{"rendered":"<p>La cocotte Le Creuset Evolution est id\u00e9ale pour pr\u00e9parer des plats de viande savoureux et\/ou des l\u00e9gumes qui enivreront votre cuisine de leurs parfums irr\u00e9sistibles !<br \/>\nDepuis des g\u00e9n\u00e9rations, les familles ont appr\u00e9ci\u00e9 la cocotte classique en fonte qui r\u00e9partit uniform\u00e9ment la chaleur. La fonte, \u00e9tant un excellent conducteur de chaleur, est l\u2019un des meilleurs mat\u00e9riaux \u00e0 utiliser dans la cuisine. En outre, le fond, les murs et le couvercle ont la m\u00eame \u00e9paisseur, assurant une absorption uniforme et la distribution de la chaleur, sans cr\u00e9er de zones surchauff\u00e9es. Le r\u00e9sultat est que la nourriture ne br\u00fble pas, ni reste crue \u00e0 l\u2019int\u00e9rieur. En outre, ils ne perdent pas leurs liquides pendant la cuisson, ce qui leur permet de pr\u00e9server leurs nutriments et vitamines.<\/p>\n<p>\u00c9mail fondu moul\u00e9:<br \/>\n\u2013 R\u00e9partition uniforme de la chaleur sans zones de surchauffe.Excellente r\u00e9tention de chaleur.<br \/>\n\u2013 Bouton en acier inoxydable r\u00e9sistant \u00e0 toute temp\u00e9rature et\/ou potard ph\u00e9nolique r\u00e9sistant jusqu\u2019\u00e0 180 degr\u00e9s Celsius.<br \/>\n\u2013 Poign\u00e9es con\u00e7ues pour une grande adh\u00e9rence.Superficie interna ed esterna vetrificata. Il n\u2019absorbe pas l\u2019humidit\u00e9, le go\u00fbt ou l\u2019odeur des aliments.<br \/>\n\u2013 Compatible avec toutes les sources de chaleur, y compris l\u2019induction.Facilit\u00e9 de nettoyage.Dur\u00e9e exceptionnelle.<br \/>\n\u2013 Garantie \u00e0 vie.<\/p>\n<p>Voir le film 1<br \/>\nVoir le film 2<\/p>\n","protected":false},"excerpt":{"rendered":"<p>La cocotte Le Creuset Evolution est id\u00e9ale pour pr\u00e9parer des plats de viande savoureux et\/ou des l\u00e9gumes qui enivreront votre cuisine de leurs parfums irr\u00e9sistibles ! Depuis des g\u00e9n\u00e9rations, les familles ont appr\u00e9ci\u00e9 la cocotte classique en fonte qui r\u00e9partit uniform\u00e9ment la chaleur. La fonte, \u00e9tant un excellent conducteur de chaleur, est l\u2019un des meilleurs [&hellip;]<\/p>\n","protected":false},"featured_media":6265700,"template":"","meta":{"_acf_changed":false},"product_cat":[12000,11667,11991],"product_tag":[],"class_list":{"0":"post-58535","1":"product","2":"type-product","3":"status-publish","4":"has-post-thumbnail","6":"product_cat-marmites-et-cocottes-poeles-pots","7":"product_cat-padelle-pentole","8":"product_cat-poeles-pots","10":"first","11":"outofstock","12":"sale","13":"taxable","14":"shipping-taxable","15":"purchasable","16":"product-type-simple","swatches":"rey-swatches","show_selected":"","stretch_labels":"rey-swatches--stretch-labels"},"acf":[],"yoast_head":"<!-- This site is optimized with the Yoast SEO plugin v25.4 - https:\/\/yoast.com\/wordpress\/plugins\/seo\/ -->\n<title>LE CREUSET Cocotte en fonte \u00e9maill\u00e9e 40 cm Cerise - dev6 Erresse<\/title>\n<meta name=\"description\" content=\"La cocotte Le Creuset Evolution est id\u00e9ale pour pr\u00e9parer des plats de viande savoureux et\/ou des l\u00e9gumes qui enivreront votre cuisine de leurs parfums\" \/>\n<meta name=\"robots\" content=\"noindex, follow, max-snippet:-1, max-image-preview:large, max-video-preview:-1\" \/>\n<meta property=\"og:locale\" content=\"fr_FR\" \/>\n<meta property=\"og:type\" content=\"article\" \/>\n<meta property=\"og:title\" content=\"LE CREUSET Cocotte en fonte \u00e9maill\u00e9e 40 cm Cerise - dev6 Erresse\" \/>\n<meta property=\"og:description\" content=\"La cocotte Le Creuset Evolution est id\u00e9ale pour pr\u00e9parer des plats de viande savoureux et\/ou des l\u00e9gumes qui enivreront votre cuisine de leurs parfums\" \/>\n<meta property=\"og:url\" content=\"https:\/\/dev6.erresse-shop.it\/fr\/shop\/poeles-pots\/marmites-et-cocottes-poeles-pots\/le-creuset-cocotte-en-fonte-emaillee-40-cm-cerise\/\" \/>\n<meta property=\"og:site_name\" content=\"dev6 Erresse\" \/>\n<meta property=\"og:image\" content=\"https:\/\/interpim.erresse-shop.it\/Import\/Prodotti\/le-creuset-cocotte-evolution-in-ghisa-40-cm-ciliegia.jpg\" \/><meta property=\"og:image\" content=\"https:\/\/interpim.erresse-shop.it\/Import\/Prodotti\/le-creuset-cocotte-evolution-in-ghisa-40-cm-ciliegia.jpg\" \/>\n\t<meta property=\"og:image:width\" content=\"1024\" \/>\n\t<meta property=\"og:image:height\" content=\"1024\" \/>\n\t<meta property=\"og:image:type\" content=\"image\/jpeg\" \/>\n<meta name=\"twitter:card\" content=\"summary_large_image\" \/>\n<meta name=\"twitter:image\" content=\"https:\/\/interpim.erresse-shop.it\/Import\/Prodotti\/le-creuset-cocotte-evolution-in-ghisa-40-cm-ciliegia.jpg\" \/>\n<script type=\"application\/ld+json\" class=\"yoast-schema-graph\">{\"@context\":\"https:\/\/schema.org\",\"@graph\":[{\"@type\":\"WebPage\",\"@id\":\"https:\/\/dev6.erresse-shop.it\/fr\/shop\/poeles-pots\/marmites-et-cocottes-poeles-pots\/le-creuset-cocotte-en-fonte-emaillee-40-cm-cerise\/\",\"url\":\"https:\/\/dev6.erresse-shop.it\/fr\/shop\/poeles-pots\/marmites-et-cocottes-poeles-pots\/le-creuset-cocotte-en-fonte-emaillee-40-cm-cerise\/\",\"name\":\"LE CREUSET Cocotte en fonte \u00e9maill\u00e9e 40 cm Cerise - dev6 Erresse\",\"isPartOf\":{\"@id\":\"https:\/\/dev6.erresse-shop.it\/#website\"},\"primaryImageOfPage\":{\"@id\":\"https:\/\/dev6.erresse-shop.it\/fr\/shop\/poeles-pots\/marmites-et-cocottes-poeles-pots\/le-creuset-cocotte-en-fonte-emaillee-40-cm-cerise\/#primaryimage\"},\"image\":{\"@id\":\"https:\/\/dev6.erresse-shop.it\/fr\/shop\/poeles-pots\/marmites-et-cocottes-poeles-pots\/le-creuset-cocotte-en-fonte-emaillee-40-cm-cerise\/#primaryimage\"},\"thumbnailUrl\":\"https:\/\/i1.wp.com\/interpim.erresse-shop.it\/Import\/Prodotti\/le-creuset-cocotte-evolution-in-ghisa-40-cm-ciliegia.jpg?ssl=1\",\"datePublished\":\"2026-04-04T06:26:16+00:00\",\"description\":\"La cocotte Le Creuset Evolution est id\u00e9ale pour pr\u00e9parer des plats de viande savoureux et\/ou des l\u00e9gumes qui enivreront votre cuisine de leurs parfums\",\"breadcrumb\":{\"@id\":\"https:\/\/dev6.erresse-shop.it\/fr\/shop\/poeles-pots\/marmites-et-cocottes-poeles-pots\/le-creuset-cocotte-en-fonte-emaillee-40-cm-cerise\/#breadcrumb\"},\"inLanguage\":\"fr-FR\",\"potentialAction\":[{\"@type\":\"ReadAction\",\"target\":[\"https:\/\/dev6.erresse-shop.it\/fr\/shop\/poeles-pots\/marmites-et-cocottes-poeles-pots\/le-creuset-cocotte-en-fonte-emaillee-40-cm-cerise\/\"]}]},{\"@type\":\"ImageObject\",\"inLanguage\":\"fr-FR\",\"@id\":\"https:\/\/dev6.erresse-shop.it\/fr\/shop\/poeles-pots\/marmites-et-cocottes-poeles-pots\/le-creuset-cocotte-en-fonte-emaillee-40-cm-cerise\/#primaryimage\",\"url\":\"https:\/\/i1.wp.com\/interpim.erresse-shop.it\/Import\/Prodotti\/le-creuset-cocotte-evolution-in-ghisa-40-cm-ciliegia.jpg?ssl=1\",\"contentUrl\":\"https:\/\/i1.wp.com\/interpim.erresse-shop.it\/Import\/Prodotti\/le-creuset-cocotte-evolution-in-ghisa-40-cm-ciliegia.jpg?ssl=1\"},{\"@type\":\"BreadcrumbList\",\"@id\":\"https:\/\/dev6.erresse-shop.it\/fr\/shop\/poeles-pots\/marmites-et-cocottes-poeles-pots\/le-creuset-cocotte-en-fonte-emaillee-40-cm-cerise\/#breadcrumb\",\"itemListElement\":[{\"@type\":\"ListItem\",\"position\":1,\"name\":\"Home\",\"item\":\"https:\/\/dev6.erresse-shop.it\/\"},{\"@type\":\"ListItem\",\"position\":2,\"name\":\"Boutique\",\"item\":\"https:\/\/dev6.erresse-shop.it\/shop\/\"},{\"@type\":\"ListItem\",\"position\":3,\"name\":\"LE CREUSET Cocotte en fonte \u00e9maill\u00e9e 40 cm Cerise\"}]},{\"@type\":\"WebSite\",\"@id\":\"https:\/\/dev6.erresse-shop.it\/#website\",\"url\":\"https:\/\/dev6.erresse-shop.it\/\",\"name\":\"Erresse Shop\",\"description\":\"\",\"publisher\":{\"@id\":\"https:\/\/dev6.erresse-shop.it\/#organization\"},\"potentialAction\":[{\"@type\":\"SearchAction\",\"target\":{\"@type\":\"EntryPoint\",\"urlTemplate\":\"https:\/\/dev6.erresse-shop.it\/?s={search_term_string}\"},\"query-input\":{\"@type\":\"PropertyValueSpecification\",\"valueRequired\":true,\"valueName\":\"search_term_string\"}}],\"inLanguage\":\"fr-FR\"},{\"@type\":\"Organization\",\"@id\":\"https:\/\/dev6.erresse-shop.it\/#organization\",\"name\":\"Erresse Shop\",\"url\":\"https:\/\/dev6.erresse-shop.it\/\",\"logo\":{\"@type\":\"ImageObject\",\"inLanguage\":\"fr-FR\",\"@id\":\"https:\/\/dev6.erresse-shop.it\/#\/schema\/logo\/image\/\",\"url\":\"https:\/\/dev6.erresse-shop.it\/wp-content\/uploads\/2025\/01\/LOGO-ERRESSE-CLASSICO.svg\",\"contentUrl\":\"https:\/\/dev6.erresse-shop.it\/wp-content\/uploads\/2025\/01\/LOGO-ERRESSE-CLASSICO.svg\",\"caption\":\"Erresse Shop\"},\"image\":{\"@id\":\"https:\/\/dev6.erresse-shop.it\/#\/schema\/logo\/image\/\"}}]}<\/script>\n<!-- \/ Yoast SEO plugin. -->","yoast_head_json":{"title":"LE CREUSET Cocotte en fonte \u00e9maill\u00e9e 40 cm Cerise - dev6 Erresse","description":"La cocotte Le Creuset Evolution est id\u00e9ale pour pr\u00e9parer des plats de viande savoureux et\/ou des l\u00e9gumes qui enivreront votre cuisine de leurs parfums","robots":{"index":"noindex","follow":"follow","max-snippet":"max-snippet:-1","max-image-preview":"max-image-preview:large","max-video-preview":"max-video-preview:-1"},"og_locale":"fr_FR","og_type":"article","og_title":"LE CREUSET Cocotte en fonte \u00e9maill\u00e9e 40 cm Cerise - dev6 Erresse","og_description":"La cocotte Le Creuset Evolution est id\u00e9ale pour pr\u00e9parer des plats de viande savoureux et\/ou des l\u00e9gumes qui enivreront votre cuisine de leurs parfums","og_url":"https:\/\/dev6.erresse-shop.it\/fr\/shop\/poeles-pots\/marmites-et-cocottes-poeles-pots\/le-creuset-cocotte-en-fonte-emaillee-40-cm-cerise\/","og_site_name":"dev6 Erresse","og_image":[{"url":"https:\/\/interpim.erresse-shop.it\/Import\/Prodotti\/le-creuset-cocotte-evolution-in-ghisa-40-cm-ciliegia.jpg","type":"","width":"","height":""},{"url":"https:\/\/interpim.erresse-shop.it\/Import\/Prodotti\/le-creuset-cocotte-evolution-in-ghisa-40-cm-ciliegia.jpg","width":1024,"height":1024,"type":"image\/jpeg"}],"twitter_card":"summary_large_image","twitter_image":"https:\/\/interpim.erresse-shop.it\/Import\/Prodotti\/le-creuset-cocotte-evolution-in-ghisa-40-cm-ciliegia.jpg","schema":{"@context":"https:\/\/schema.org","@graph":[{"@type":"WebPage","@id":"https:\/\/dev6.erresse-shop.it\/fr\/shop\/poeles-pots\/marmites-et-cocottes-poeles-pots\/le-creuset-cocotte-en-fonte-emaillee-40-cm-cerise\/","url":"https:\/\/dev6.erresse-shop.it\/fr\/shop\/poeles-pots\/marmites-et-cocottes-poeles-pots\/le-creuset-cocotte-en-fonte-emaillee-40-cm-cerise\/","name":"LE CREUSET Cocotte en fonte \u00e9maill\u00e9e 40 cm Cerise - dev6 Erresse","isPartOf":{"@id":"https:\/\/dev6.erresse-shop.it\/#website"},"primaryImageOfPage":{"@id":"https:\/\/dev6.erresse-shop.it\/fr\/shop\/poeles-pots\/marmites-et-cocottes-poeles-pots\/le-creuset-cocotte-en-fonte-emaillee-40-cm-cerise\/#primaryimage"},"image":{"@id":"https:\/\/dev6.erresse-shop.it\/fr\/shop\/poeles-pots\/marmites-et-cocottes-poeles-pots\/le-creuset-cocotte-en-fonte-emaillee-40-cm-cerise\/#primaryimage"},"thumbnailUrl":"https:\/\/i1.wp.com\/interpim.erresse-shop.it\/Import\/Prodotti\/le-creuset-cocotte-evolution-in-ghisa-40-cm-ciliegia.jpg?ssl=1","datePublished":"2026-04-04T06:26:16+00:00","description":"La cocotte Le Creuset Evolution est id\u00e9ale pour pr\u00e9parer des plats de viande savoureux et\/ou des l\u00e9gumes qui enivreront votre cuisine de leurs parfums","breadcrumb":{"@id":"https:\/\/dev6.erresse-shop.it\/fr\/shop\/poeles-pots\/marmites-et-cocottes-poeles-pots\/le-creuset-cocotte-en-fonte-emaillee-40-cm-cerise\/#breadcrumb"},"inLanguage":"fr-FR","potentialAction":[{"@type":"ReadAction","target":["https:\/\/dev6.erresse-shop.it\/fr\/shop\/poeles-pots\/marmites-et-cocottes-poeles-pots\/le-creuset-cocotte-en-fonte-emaillee-40-cm-cerise\/"]}]},{"@type":"ImageObject","inLanguage":"fr-FR","@id":"https:\/\/dev6.erresse-shop.it\/fr\/shop\/poeles-pots\/marmites-et-cocottes-poeles-pots\/le-creuset-cocotte-en-fonte-emaillee-40-cm-cerise\/#primaryimage","url":"https:\/\/i1.wp.com\/interpim.erresse-shop.it\/Import\/Prodotti\/le-creuset-cocotte-evolution-in-ghisa-40-cm-ciliegia.jpg?ssl=1","contentUrl":"https:\/\/i1.wp.com\/interpim.erresse-shop.it\/Import\/Prodotti\/le-creuset-cocotte-evolution-in-ghisa-40-cm-ciliegia.jpg?ssl=1"},{"@type":"BreadcrumbList","@id":"https:\/\/dev6.erresse-shop.it\/fr\/shop\/poeles-pots\/marmites-et-cocottes-poeles-pots\/le-creuset-cocotte-en-fonte-emaillee-40-cm-cerise\/#breadcrumb","itemListElement":[{"@type":"ListItem","position":1,"name":"Home","item":"https:\/\/dev6.erresse-shop.it\/"},{"@type":"ListItem","position":2,"name":"Boutique","item":"https:\/\/dev6.erresse-shop.it\/shop\/"},{"@type":"ListItem","position":3,"name":"LE CREUSET Cocotte en fonte \u00e9maill\u00e9e 40 cm Cerise"}]},{"@type":"WebSite","@id":"https:\/\/dev6.erresse-shop.it\/#website","url":"https:\/\/dev6.erresse-shop.it\/","name":"Erresse Shop","description":"","publisher":{"@id":"https:\/\/dev6.erresse-shop.it\/#organization"},"potentialAction":[{"@type":"SearchAction","target":{"@type":"EntryPoint","urlTemplate":"https:\/\/dev6.erresse-shop.it\/?s={search_term_string}"},"query-input":{"@type":"PropertyValueSpecification","valueRequired":true,"valueName":"search_term_string"}}],"inLanguage":"fr-FR"},{"@type":"Organization","@id":"https:\/\/dev6.erresse-shop.it\/#organization","name":"Erresse Shop","url":"https:\/\/dev6.erresse-shop.it\/","logo":{"@type":"ImageObject","inLanguage":"fr-FR","@id":"https:\/\/dev6.erresse-shop.it\/#\/schema\/logo\/image\/","url":"https:\/\/dev6.erresse-shop.it\/wp-content\/uploads\/2025\/01\/LOGO-ERRESSE-CLASSICO.svg","contentUrl":"https:\/\/dev6.erresse-shop.it\/wp-content\/uploads\/2025\/01\/LOGO-ERRESSE-CLASSICO.svg","caption":"Erresse Shop"},"image":{"@id":"https:\/\/dev6.erresse-shop.it\/#\/schema\/logo\/image\/"}}]}},"df_price":419.95,"df_sale_price":419.95,"df_regular_price":599,"df_image_link":"https:\/\/i1.wp.com\/interpim.erresse-shop.it\/Import\/Prodotti\/le-creuset-cocotte-evolution-in-ghisa-40-cm-ciliegia.jpg?resize=300,300&ssl=1","fifu_image_url":"https:\/\/interpim.erresse-shop.it\/Import\/Prodotti\/le-creuset-cocotte-evolution-in-ghisa-40-cm-ciliegia.jpg","_links":{"self":[{"href":"https:\/\/dev6.erresse-shop.it\/fr\/wp-json\/wp\/v2\/product\/58535","targetHints":{"allow":["GET"]}}],"collection":[{"href":"https:\/\/dev6.erresse-shop.it\/fr\/wp-json\/wp\/v2\/product"}],"about":[{"href":"https:\/\/dev6.erresse-shop.it\/fr\/wp-json\/wp\/v2\/types\/product"}],"wp:featuredmedia":[{"embeddable":true,"href":"https:\/\/dev6.erresse-shop.it\/fr\/wp-json\/wp\/v2\/media\/6265700"}],"wp:attachment":[{"href":"https:\/\/dev6.erresse-shop.it\/fr\/wp-json\/wp\/v2\/media?parent=58535"}],"wp:term":[{"taxonomy":"product_cat","embeddable":true,"href":"https:\/\/dev6.erresse-shop.it\/fr\/wp-json\/wp\/v2\/product_cat?post=58535"},{"taxonomy":"product_tag","embeddable":true,"href":"https:\/\/dev6.erresse-shop.it\/fr\/wp-json\/wp\/v2\/product_tag?post=58535"}],"curies":[{"name":"wp","href":"https:\/\/api.w.org\/{rel}","templated":true}]}}