{"id":58389,"date":"2026-04-16T18:58:17","date_gmt":"2026-04-16T16:58:17","guid":{"rendered":"https:\/\/dev6.erresse-shop.it\/shop\/non%20class\u00e9\/taitu-dieta-mediterranea-plat-de-service-fines-herbes\/"},"modified":"2025-09-14T04:10:24","modified_gmt":"2025-09-14T02:10:24","slug":"taitu-dieta-mediterranea-plat-de-service-fines-herbes","status":"publish","type":"product","link":"https:\/\/dev6.erresse-shop.it\/fr\/shop\/table-fr-2\/plateaux\/taitu-dieta-mediterranea-plat-de-service-fines-herbes\/","title":{"rendered":"TAIT\u00d9 Dieta Mediterranea Plat de Service Fines Herbes"},"content":{"rendered":"<p>Peint \u00e0 la main<br \/>\nMat\u00e9rial: Fine Porcelain<\/p>\n<p>CONCEPTS NOVATEURS<br \/>\nLe concept TAIT\u00d9 exprime un sentiment de libert\u00e9 de composition et d\u2019utilisation dans un arrangement kal\u00e9idoscopique de formes, de sujets et de couleurs. La libert\u00e9 de combiner les collections de 1000 fa\u00e7ons diff\u00e9rentes, en apportant chaque jour de nouvelles \u00e9motions. La polyvalence et l\u2019audace animent l\u2019UNCONVENTIONAL TABLE, une approche innovante pour cr\u00e9er une table personnalis\u00e9e et non conventionnelle.<br \/>\nARTISANIT\u00c9<br \/>\nComme toujours, TAIT\u00d9 continue de se distinguer par son haut niveau d\u2019artisanat, tant dans ses d\u00e9corations que dans sa production. De la conception \u00e0 l\u2019\u00e9bauche, les d\u00e9corations continuent d\u2019\u00eatre r\u00e9alis\u00e9es enti\u00e8rement \u00e0 la main dans les moindres d\u00e9tails : chaque feuille, par exemple, est le r\u00e9sultat de 7 nuances de vert et plus. Une perfection atteinte par des ma\u00eetres artisans capables de mettre en valeur au maximum les couleurs, les d\u00e9corations et les formes sur les mat\u00e9riaux les plus pr\u00e9cieux.<br \/>\nSTYLE ITALIEN<br \/>\nEt la qualit\u00e9 est toujours le meilleur choix : le design italien pur et les concepts cr\u00e9atifs de TAIT\u00d9 ne passent pas inaper\u00e7us face \u00e0 la curiosit\u00e9 exigeante des plus grands chefs italiens et internationaux. Le grand chef Alain Ducasse, v\u00e9ritable connaisseur de l\u2019espresso, a choisi de servir son caf\u00e9 dans des tasses TAIT\u00d9 dans ses auberges toscanes.<\/p>\n","protected":false},"excerpt":{"rendered":"<p>Peint \u00e0 la main Mat\u00e9rial: Fine Porcelain CONCEPTS NOVATEURS Le concept TAIT\u00d9 exprime un sentiment de libert\u00e9 de composition et d\u2019utilisation dans un arrangement kal\u00e9idoscopique de formes, de sujets et de couleurs. La libert\u00e9 de combiner les collections de 1000 fa\u00e7ons diff\u00e9rentes, en apportant chaque jour de nouvelles \u00e9motions. La polyvalence et l\u2019audace animent l\u2019UNCONVENTIONAL [&hellip;]<\/p>\n","protected":false},"featured_media":6487281,"template":"","meta":{"_acf_changed":false},"product_cat":[12004,11995,11671],"product_tag":[],"class_list":{"0":"post-58389","1":"product","2":"type-product","3":"status-publish","4":"has-post-thumbnail","6":"product_cat-plateaux","7":"product_cat-table-fr-2","8":"product_cat-tavola","10":"first","11":"outofstock","12":"sale","13":"taxable","14":"shipping-taxable","15":"purchasable","16":"product-type-simple","swatches":"rey-swatches","show_selected":"","stretch_labels":"rey-swatches--stretch-labels"},"acf":[],"yoast_head":"<!-- This site is optimized with the Yoast SEO plugin v25.4 - https:\/\/yoast.com\/wordpress\/plugins\/seo\/ -->\n<title>TAIT\u00d9 Dieta Mediterranea Plat de Service Fines Herbes - dev6 Erresse<\/title>\n<meta name=\"description\" content=\"Peint \u00e0 la main Mat\u00e9rial: Fine Porcelain CONCEPTS NOVATEURS Le concept TAIT\u00d9 exprime un sentiment de libert\u00e9 de composition et d\u2019utilisation dans un\" \/>\n<meta name=\"robots\" content=\"noindex, follow, max-snippet:-1, max-image-preview:large, max-video-preview:-1\" \/>\n<meta property=\"og:locale\" content=\"fr_FR\" \/>\n<meta property=\"og:type\" content=\"article\" \/>\n<meta property=\"og:title\" content=\"TAIT\u00d9 Dieta Mediterranea Plat de Service Fines Herbes - dev6 Erresse\" \/>\n<meta property=\"og:description\" content=\"Peint \u00e0 la main Mat\u00e9rial: Fine Porcelain CONCEPTS NOVATEURS Le concept TAIT\u00d9 exprime un sentiment de libert\u00e9 de composition et d\u2019utilisation dans un\" \/>\n<meta property=\"og:url\" content=\"https:\/\/dev6.erresse-shop.it\/fr\/shop\/table-fr-2\/plateaux\/taitu-dieta-mediterranea-plat-de-service-fines-herbes\/\" \/>\n<meta property=\"og:site_name\" content=\"dev6 Erresse\" \/>\n<meta property=\"og:image\" content=\"https:\/\/interpim.erresse-shop.it\/img-catalogo\/taitu\/taitu-dieta-mediterranea-piatto-rettangolare-erbette-1.jpg\" \/><meta property=\"og:image\" content=\"https:\/\/interpim.erresse-shop.it\/img-catalogo\/taitu\/taitu-dieta-mediterranea-piatto-rettangolare-erbette-1.jpg\" \/>\n\t<meta property=\"og:image:width\" content=\"1024\" \/>\n\t<meta property=\"og:image:height\" content=\"1024\" \/>\n\t<meta property=\"og:image:type\" content=\"image\/jpeg\" \/>\n<meta name=\"twitter:card\" content=\"summary_large_image\" \/>\n<meta name=\"twitter:image\" content=\"https:\/\/interpim.erresse-shop.it\/img-catalogo\/taitu\/taitu-dieta-mediterranea-piatto-rettangolare-erbette-1.jpg\" \/>\n<script type=\"application\/ld+json\" class=\"yoast-schema-graph\">{\"@context\":\"https:\/\/schema.org\",\"@graph\":[{\"@type\":\"WebPage\",\"@id\":\"https:\/\/dev6.erresse-shop.it\/fr\/shop\/table-fr-2\/plateaux\/taitu-dieta-mediterranea-plat-de-service-fines-herbes\/\",\"url\":\"https:\/\/dev6.erresse-shop.it\/fr\/shop\/table-fr-2\/plateaux\/taitu-dieta-mediterranea-plat-de-service-fines-herbes\/\",\"name\":\"TAIT\u00d9 Dieta Mediterranea Plat de Service Fines Herbes - dev6 Erresse\",\"isPartOf\":{\"@id\":\"https:\/\/dev6.erresse-shop.it\/#website\"},\"primaryImageOfPage\":{\"@id\":\"https:\/\/dev6.erresse-shop.it\/fr\/shop\/table-fr-2\/plateaux\/taitu-dieta-mediterranea-plat-de-service-fines-herbes\/#primaryimage\"},\"image\":{\"@id\":\"https:\/\/dev6.erresse-shop.it\/fr\/shop\/table-fr-2\/plateaux\/taitu-dieta-mediterranea-plat-de-service-fines-herbes\/#primaryimage\"},\"thumbnailUrl\":\"https:\/\/i1.wp.com\/interpim.erresse-shop.it\/img-catalogo\/taitu\/taitu-dieta-mediterranea-piatto-rettangolare-erbette-1.jpg?ssl=1\",\"datePublished\":\"2026-04-16T16:58:17+00:00\",\"description\":\"Peint \u00e0 la main Mat\u00e9rial: Fine Porcelain CONCEPTS NOVATEURS Le concept TAIT\u00d9 exprime un sentiment de libert\u00e9 de composition et d\u2019utilisation dans un\",\"breadcrumb\":{\"@id\":\"https:\/\/dev6.erresse-shop.it\/fr\/shop\/table-fr-2\/plateaux\/taitu-dieta-mediterranea-plat-de-service-fines-herbes\/#breadcrumb\"},\"inLanguage\":\"fr-FR\",\"potentialAction\":[{\"@type\":\"ReadAction\",\"target\":[\"https:\/\/dev6.erresse-shop.it\/fr\/shop\/table-fr-2\/plateaux\/taitu-dieta-mediterranea-plat-de-service-fines-herbes\/\"]}]},{\"@type\":\"ImageObject\",\"inLanguage\":\"fr-FR\",\"@id\":\"https:\/\/dev6.erresse-shop.it\/fr\/shop\/table-fr-2\/plateaux\/taitu-dieta-mediterranea-plat-de-service-fines-herbes\/#primaryimage\",\"url\":\"https:\/\/i1.wp.com\/interpim.erresse-shop.it\/img-catalogo\/taitu\/taitu-dieta-mediterranea-piatto-rettangolare-erbette-1.jpg?ssl=1\",\"contentUrl\":\"https:\/\/i1.wp.com\/interpim.erresse-shop.it\/img-catalogo\/taitu\/taitu-dieta-mediterranea-piatto-rettangolare-erbette-1.jpg?ssl=1\"},{\"@type\":\"BreadcrumbList\",\"@id\":\"https:\/\/dev6.erresse-shop.it\/fr\/shop\/table-fr-2\/plateaux\/taitu-dieta-mediterranea-plat-de-service-fines-herbes\/#breadcrumb\",\"itemListElement\":[{\"@type\":\"ListItem\",\"position\":1,\"name\":\"Home\",\"item\":\"https:\/\/dev6.erresse-shop.it\/\"},{\"@type\":\"ListItem\",\"position\":2,\"name\":\"Boutique\",\"item\":\"https:\/\/dev6.erresse-shop.it\/shop\/\"},{\"@type\":\"ListItem\",\"position\":3,\"name\":\"TAIT\u00d9 Dieta Mediterranea Plat de Service Fines Herbes\"}]},{\"@type\":\"WebSite\",\"@id\":\"https:\/\/dev6.erresse-shop.it\/#website\",\"url\":\"https:\/\/dev6.erresse-shop.it\/\",\"name\":\"Erresse Shop\",\"description\":\"\",\"publisher\":{\"@id\":\"https:\/\/dev6.erresse-shop.it\/#organization\"},\"potentialAction\":[{\"@type\":\"SearchAction\",\"target\":{\"@type\":\"EntryPoint\",\"urlTemplate\":\"https:\/\/dev6.erresse-shop.it\/?s={search_term_string}\"},\"query-input\":{\"@type\":\"PropertyValueSpecification\",\"valueRequired\":true,\"valueName\":\"search_term_string\"}}],\"inLanguage\":\"fr-FR\"},{\"@type\":\"Organization\",\"@id\":\"https:\/\/dev6.erresse-shop.it\/#organization\",\"name\":\"Erresse Shop\",\"url\":\"https:\/\/dev6.erresse-shop.it\/\",\"logo\":{\"@type\":\"ImageObject\",\"inLanguage\":\"fr-FR\",\"@id\":\"https:\/\/dev6.erresse-shop.it\/#\/schema\/logo\/image\/\",\"url\":\"https:\/\/dev6.erresse-shop.it\/wp-content\/uploads\/2025\/01\/LOGO-ERRESSE-CLASSICO.svg\",\"contentUrl\":\"https:\/\/dev6.erresse-shop.it\/wp-content\/uploads\/2025\/01\/LOGO-ERRESSE-CLASSICO.svg\",\"caption\":\"Erresse Shop\"},\"image\":{\"@id\":\"https:\/\/dev6.erresse-shop.it\/#\/schema\/logo\/image\/\"}}]}<\/script>\n<!-- \/ Yoast SEO plugin. -->","yoast_head_json":{"title":"TAIT\u00d9 Dieta Mediterranea Plat de Service Fines Herbes - dev6 Erresse","description":"Peint \u00e0 la main Mat\u00e9rial: Fine Porcelain CONCEPTS NOVATEURS Le concept TAIT\u00d9 exprime un sentiment de libert\u00e9 de composition et d\u2019utilisation dans un","robots":{"index":"noindex","follow":"follow","max-snippet":"max-snippet:-1","max-image-preview":"max-image-preview:large","max-video-preview":"max-video-preview:-1"},"og_locale":"fr_FR","og_type":"article","og_title":"TAIT\u00d9 Dieta Mediterranea Plat de Service Fines Herbes - dev6 Erresse","og_description":"Peint \u00e0 la main Mat\u00e9rial: Fine Porcelain CONCEPTS NOVATEURS Le concept TAIT\u00d9 exprime un sentiment de libert\u00e9 de composition et d\u2019utilisation dans un","og_url":"https:\/\/dev6.erresse-shop.it\/fr\/shop\/table-fr-2\/plateaux\/taitu-dieta-mediterranea-plat-de-service-fines-herbes\/","og_site_name":"dev6 Erresse","og_image":[{"url":"https:\/\/interpim.erresse-shop.it\/img-catalogo\/taitu\/taitu-dieta-mediterranea-piatto-rettangolare-erbette-1.jpg","type":"","width":"","height":""},{"url":"https:\/\/interpim.erresse-shop.it\/img-catalogo\/taitu\/taitu-dieta-mediterranea-piatto-rettangolare-erbette-1.jpg","width":1024,"height":1024,"type":"image\/jpeg"}],"twitter_card":"summary_large_image","twitter_image":"https:\/\/interpim.erresse-shop.it\/img-catalogo\/taitu\/taitu-dieta-mediterranea-piatto-rettangolare-erbette-1.jpg","schema":{"@context":"https:\/\/schema.org","@graph":[{"@type":"WebPage","@id":"https:\/\/dev6.erresse-shop.it\/fr\/shop\/table-fr-2\/plateaux\/taitu-dieta-mediterranea-plat-de-service-fines-herbes\/","url":"https:\/\/dev6.erresse-shop.it\/fr\/shop\/table-fr-2\/plateaux\/taitu-dieta-mediterranea-plat-de-service-fines-herbes\/","name":"TAIT\u00d9 Dieta Mediterranea Plat de Service Fines Herbes - dev6 Erresse","isPartOf":{"@id":"https:\/\/dev6.erresse-shop.it\/#website"},"primaryImageOfPage":{"@id":"https:\/\/dev6.erresse-shop.it\/fr\/shop\/table-fr-2\/plateaux\/taitu-dieta-mediterranea-plat-de-service-fines-herbes\/#primaryimage"},"image":{"@id":"https:\/\/dev6.erresse-shop.it\/fr\/shop\/table-fr-2\/plateaux\/taitu-dieta-mediterranea-plat-de-service-fines-herbes\/#primaryimage"},"thumbnailUrl":"https:\/\/i1.wp.com\/interpim.erresse-shop.it\/img-catalogo\/taitu\/taitu-dieta-mediterranea-piatto-rettangolare-erbette-1.jpg?ssl=1","datePublished":"2026-04-16T16:58:17+00:00","description":"Peint \u00e0 la main Mat\u00e9rial: Fine Porcelain CONCEPTS NOVATEURS Le concept TAIT\u00d9 exprime un sentiment de libert\u00e9 de composition et d\u2019utilisation dans un","breadcrumb":{"@id":"https:\/\/dev6.erresse-shop.it\/fr\/shop\/table-fr-2\/plateaux\/taitu-dieta-mediterranea-plat-de-service-fines-herbes\/#breadcrumb"},"inLanguage":"fr-FR","potentialAction":[{"@type":"ReadAction","target":["https:\/\/dev6.erresse-shop.it\/fr\/shop\/table-fr-2\/plateaux\/taitu-dieta-mediterranea-plat-de-service-fines-herbes\/"]}]},{"@type":"ImageObject","inLanguage":"fr-FR","@id":"https:\/\/dev6.erresse-shop.it\/fr\/shop\/table-fr-2\/plateaux\/taitu-dieta-mediterranea-plat-de-service-fines-herbes\/#primaryimage","url":"https:\/\/i1.wp.com\/interpim.erresse-shop.it\/img-catalogo\/taitu\/taitu-dieta-mediterranea-piatto-rettangolare-erbette-1.jpg?ssl=1","contentUrl":"https:\/\/i1.wp.com\/interpim.erresse-shop.it\/img-catalogo\/taitu\/taitu-dieta-mediterranea-piatto-rettangolare-erbette-1.jpg?ssl=1"},{"@type":"BreadcrumbList","@id":"https:\/\/dev6.erresse-shop.it\/fr\/shop\/table-fr-2\/plateaux\/taitu-dieta-mediterranea-plat-de-service-fines-herbes\/#breadcrumb","itemListElement":[{"@type":"ListItem","position":1,"name":"Home","item":"https:\/\/dev6.erresse-shop.it\/"},{"@type":"ListItem","position":2,"name":"Boutique","item":"https:\/\/dev6.erresse-shop.it\/shop\/"},{"@type":"ListItem","position":3,"name":"TAIT\u00d9 Dieta Mediterranea Plat de Service Fines Herbes"}]},{"@type":"WebSite","@id":"https:\/\/dev6.erresse-shop.it\/#website","url":"https:\/\/dev6.erresse-shop.it\/","name":"Erresse Shop","description":"","publisher":{"@id":"https:\/\/dev6.erresse-shop.it\/#organization"},"potentialAction":[{"@type":"SearchAction","target":{"@type":"EntryPoint","urlTemplate":"https:\/\/dev6.erresse-shop.it\/?s={search_term_string}"},"query-input":{"@type":"PropertyValueSpecification","valueRequired":true,"valueName":"search_term_string"}}],"inLanguage":"fr-FR"},{"@type":"Organization","@id":"https:\/\/dev6.erresse-shop.it\/#organization","name":"Erresse Shop","url":"https:\/\/dev6.erresse-shop.it\/","logo":{"@type":"ImageObject","inLanguage":"fr-FR","@id":"https:\/\/dev6.erresse-shop.it\/#\/schema\/logo\/image\/","url":"https:\/\/dev6.erresse-shop.it\/wp-content\/uploads\/2025\/01\/LOGO-ERRESSE-CLASSICO.svg","contentUrl":"https:\/\/dev6.erresse-shop.it\/wp-content\/uploads\/2025\/01\/LOGO-ERRESSE-CLASSICO.svg","caption":"Erresse Shop"},"image":{"@id":"https:\/\/dev6.erresse-shop.it\/#\/schema\/logo\/image\/"}}]}},"df_price":97.6,"df_sale_price":97.6,"df_regular_price":122,"df_image_link":"https:\/\/i1.wp.com\/interpim.erresse-shop.it\/img-catalogo\/taitu\/taitu-dieta-mediterranea-piatto-rettangolare-erbette-1.jpg?resize=300,300&ssl=1","fifu_image_url":"https:\/\/interpim.erresse-shop.it\/img-catalogo\/taitu\/taitu-dieta-mediterranea-piatto-rettangolare-erbette-1.jpg","_links":{"self":[{"href":"https:\/\/dev6.erresse-shop.it\/fr\/wp-json\/wp\/v2\/product\/58389","targetHints":{"allow":["GET"]}}],"collection":[{"href":"https:\/\/dev6.erresse-shop.it\/fr\/wp-json\/wp\/v2\/product"}],"about":[{"href":"https:\/\/dev6.erresse-shop.it\/fr\/wp-json\/wp\/v2\/types\/product"}],"wp:featuredmedia":[{"embeddable":true,"href":"https:\/\/dev6.erresse-shop.it\/fr\/wp-json\/wp\/v2\/media\/6487281"}],"wp:attachment":[{"href":"https:\/\/dev6.erresse-shop.it\/fr\/wp-json\/wp\/v2\/media?parent=58389"}],"wp:term":[{"taxonomy":"product_cat","embeddable":true,"href":"https:\/\/dev6.erresse-shop.it\/fr\/wp-json\/wp\/v2\/product_cat?post=58389"},{"taxonomy":"product_tag","embeddable":true,"href":"https:\/\/dev6.erresse-shop.it\/fr\/wp-json\/wp\/v2\/product_tag?post=58389"}],"curies":[{"name":"wp","href":"https:\/\/api.w.org\/{rel}","templated":true}]}}