{"id":58378,"date":"2026-04-16T18:58:17","date_gmt":"2026-04-16T16:58:17","guid":{"rendered":"https:\/\/dev6.erresse-shop.it\/shop\/non%20class\u00e9\/la-pavoni-moulin-a-cafe-kube-mill\/"},"modified":"2025-07-19T03:58:22","modified_gmt":"2025-07-19T01:58:22","slug":"la-pavoni-moulin-a-cafe-kube-mill","status":"publish","type":"product","link":"https:\/\/dev6.erresse-shop.it\/fr\/shop\/petits-electromenagers\/moulins-a-cafe\/la-pavoni-moulin-a-cafe-kube-mill\/","title":{"rendered":"LA PAVONI Moulin \u00e0 Caf\u00e9 Kube Mill"},"content":{"rendered":"<p>Le moulin \u00e0 caf\u00e9 est dot\u00e9 d\u2019un r\u00e9cipient pour le caf\u00e9 en grains dont la capacit\u00e9 est 300 gr, et permet une large r\u00e9gulation de la mouture du caf\u00e9.<br \/>\nMouture instantan\u00e9 pour obtenir toujours l\u2019arome et la fragrance constants.<br \/>\nCarrosserie en acier inox.<\/p>\n<p>Capacite du recipient 300 g<br \/>\nVoltage 230 V<br \/>\nPuissance moteur 100 W<br \/>\nDiametre meules 38 mm<\/p>\n","protected":false},"excerpt":{"rendered":"<p>Le moulin \u00e0 caf\u00e9 est dot\u00e9 d\u2019un r\u00e9cipient pour le caf\u00e9 en grains dont la capacit\u00e9 est 300 gr, et permet une large r\u00e9gulation de la mouture du caf\u00e9. Mouture instantan\u00e9 pour obtenir toujours l\u2019arome et la fragrance constants. Carrosserie en acier inox. Capacite du recipient 300 g Voltage 230 V Puissance moteur 100 W [&hellip;]<\/p>\n","protected":false},"featured_media":6487208,"template":"","meta":{"_acf_changed":false},"product_cat":[11668,11992,11765,12089,11998,12055],"product_tag":[],"class_list":{"0":"post-58378","1":"product","2":"type-product","3":"status-publish","4":"has-post-thumbnail","6":"product_cat-cucina","7":"product_cat-cuisine","8":"product_cat-macinacaffe","9":"product_cat-moulins-a-cafe","10":"product_cat-moulins-sel-poivre-epices","11":"product_cat-petits-electromenagers","13":"first","14":"outofstock","15":"sale","16":"taxable","17":"shipping-taxable","18":"purchasable","19":"product-type-simple","swatches":"rey-swatches","show_selected":"","stretch_labels":"rey-swatches--stretch-labels"},"acf":[],"yoast_head":"<!-- This site is optimized with the Yoast SEO plugin v25.4 - https:\/\/yoast.com\/wordpress\/plugins\/seo\/ -->\n<title>LA PAVONI Moulin \u00e0 Caf\u00e9 Kube Mill - dev6 Erresse<\/title>\n<meta name=\"description\" content=\"Le moulin \u00e0 caf\u00e9 est dot\u00e9 d\u2019un r\u00e9cipient pour le caf\u00e9 en grains dont la capacit\u00e9 est 300 gr, et permet une large r\u00e9gulation de la mouture du caf\u00e9. Mouture\" \/>\n<meta name=\"robots\" content=\"noindex, follow, max-snippet:-1, max-image-preview:large, max-video-preview:-1\" \/>\n<meta property=\"og:locale\" content=\"fr_FR\" \/>\n<meta property=\"og:type\" content=\"article\" \/>\n<meta property=\"og:title\" content=\"LA PAVONI Moulin \u00e0 Caf\u00e9 Kube Mill - dev6 Erresse\" \/>\n<meta property=\"og:description\" content=\"Le moulin \u00e0 caf\u00e9 est dot\u00e9 d\u2019un r\u00e9cipient pour le caf\u00e9 en grains dont la capacit\u00e9 est 300 gr, et permet une large r\u00e9gulation de la mouture du caf\u00e9. Mouture\" \/>\n<meta property=\"og:url\" content=\"https:\/\/dev6.erresse-shop.it\/fr\/shop\/petits-electromenagers\/moulins-a-cafe\/la-pavoni-moulin-a-cafe-kube-mill\/\" \/>\n<meta property=\"og:site_name\" content=\"dev6 Erresse\" \/>\n<meta property=\"og:image\" content=\"https:\/\/interpim.erresse-shop.it\/wp-content\/uploads\/2021\/03\/La-Pavoni-Macinacaff\u00e8-Kube-Mill.jpg\/la-pavoni-macinacaff-c3-a8-kube-mill.jpg\" \/><meta property=\"og:image\" content=\"https:\/\/interpim.erresse-shop.it\/wp-content\/uploads\/2021\/03\/La-Pavoni-Macinacaff\u00e8-Kube-Mill.jpg\/la-pavoni-macinacaff-c3-a8-kube-mill.jpg\" \/>\n\t<meta property=\"og:image:width\" content=\"1024\" \/>\n\t<meta property=\"og:image:height\" content=\"1024\" \/>\n\t<meta property=\"og:image:type\" content=\"image\/jpeg\" \/>\n<meta name=\"twitter:card\" content=\"summary_large_image\" \/>\n<meta name=\"twitter:image\" content=\"https:\/\/interpim.erresse-shop.it\/wp-content\/uploads\/2021\/03\/La-Pavoni-Macinacaff\u00e8-Kube-Mill.jpg\/la-pavoni-macinacaff-c3-a8-kube-mill.jpg\" \/>\n<script type=\"application\/ld+json\" class=\"yoast-schema-graph\">{\"@context\":\"https:\/\/schema.org\",\"@graph\":[{\"@type\":\"WebPage\",\"@id\":\"https:\/\/dev6.erresse-shop.it\/fr\/shop\/petits-electromenagers\/moulins-a-cafe\/la-pavoni-moulin-a-cafe-kube-mill\/\",\"url\":\"https:\/\/dev6.erresse-shop.it\/fr\/shop\/petits-electromenagers\/moulins-a-cafe\/la-pavoni-moulin-a-cafe-kube-mill\/\",\"name\":\"LA PAVONI Moulin \u00e0 Caf\u00e9 Kube Mill - dev6 Erresse\",\"isPartOf\":{\"@id\":\"https:\/\/dev6.erresse-shop.it\/#website\"},\"primaryImageOfPage\":{\"@id\":\"https:\/\/dev6.erresse-shop.it\/fr\/shop\/petits-electromenagers\/moulins-a-cafe\/la-pavoni-moulin-a-cafe-kube-mill\/#primaryimage\"},\"image\":{\"@id\":\"https:\/\/dev6.erresse-shop.it\/fr\/shop\/petits-electromenagers\/moulins-a-cafe\/la-pavoni-moulin-a-cafe-kube-mill\/#primaryimage\"},\"thumbnailUrl\":\"https:\/\/i1.wp.com\/interpim.erresse-shop.it\/wp-content\/uploads\/2021\/03\/La-Pavoni-Macinacaff\u00e8-Kube-Mill.jpg\/la-pavoni-macinacaff-c3-a8-kube-mill.jpg?ssl=1\",\"datePublished\":\"2026-04-16T16:58:17+00:00\",\"description\":\"Le moulin \u00e0 caf\u00e9 est dot\u00e9 d\u2019un r\u00e9cipient pour le caf\u00e9 en grains dont la capacit\u00e9 est 300 gr, et permet une large r\u00e9gulation de la mouture du caf\u00e9. Mouture\",\"breadcrumb\":{\"@id\":\"https:\/\/dev6.erresse-shop.it\/fr\/shop\/petits-electromenagers\/moulins-a-cafe\/la-pavoni-moulin-a-cafe-kube-mill\/#breadcrumb\"},\"inLanguage\":\"fr-FR\",\"potentialAction\":[{\"@type\":\"ReadAction\",\"target\":[\"https:\/\/dev6.erresse-shop.it\/fr\/shop\/petits-electromenagers\/moulins-a-cafe\/la-pavoni-moulin-a-cafe-kube-mill\/\"]}]},{\"@type\":\"ImageObject\",\"inLanguage\":\"fr-FR\",\"@id\":\"https:\/\/dev6.erresse-shop.it\/fr\/shop\/petits-electromenagers\/moulins-a-cafe\/la-pavoni-moulin-a-cafe-kube-mill\/#primaryimage\",\"url\":\"https:\/\/i1.wp.com\/interpim.erresse-shop.it\/wp-content\/uploads\/2021\/03\/La-Pavoni-Macinacaff\u00e8-Kube-Mill.jpg\/la-pavoni-macinacaff-c3-a8-kube-mill.jpg?ssl=1\",\"contentUrl\":\"https:\/\/i1.wp.com\/interpim.erresse-shop.it\/wp-content\/uploads\/2021\/03\/La-Pavoni-Macinacaff\u00e8-Kube-Mill.jpg\/la-pavoni-macinacaff-c3-a8-kube-mill.jpg?ssl=1\"},{\"@type\":\"BreadcrumbList\",\"@id\":\"https:\/\/dev6.erresse-shop.it\/fr\/shop\/petits-electromenagers\/moulins-a-cafe\/la-pavoni-moulin-a-cafe-kube-mill\/#breadcrumb\",\"itemListElement\":[{\"@type\":\"ListItem\",\"position\":1,\"name\":\"Home\",\"item\":\"https:\/\/dev6.erresse-shop.it\/\"},{\"@type\":\"ListItem\",\"position\":2,\"name\":\"Boutique\",\"item\":\"https:\/\/dev6.erresse-shop.it\/shop\/\"},{\"@type\":\"ListItem\",\"position\":3,\"name\":\"LA PAVONI Moulin \u00e0 Caf\u00e9 Kube Mill\"}]},{\"@type\":\"WebSite\",\"@id\":\"https:\/\/dev6.erresse-shop.it\/#website\",\"url\":\"https:\/\/dev6.erresse-shop.it\/\",\"name\":\"Erresse Shop\",\"description\":\"\",\"publisher\":{\"@id\":\"https:\/\/dev6.erresse-shop.it\/#organization\"},\"potentialAction\":[{\"@type\":\"SearchAction\",\"target\":{\"@type\":\"EntryPoint\",\"urlTemplate\":\"https:\/\/dev6.erresse-shop.it\/?s={search_term_string}\"},\"query-input\":{\"@type\":\"PropertyValueSpecification\",\"valueRequired\":true,\"valueName\":\"search_term_string\"}}],\"inLanguage\":\"fr-FR\"},{\"@type\":\"Organization\",\"@id\":\"https:\/\/dev6.erresse-shop.it\/#organization\",\"name\":\"Erresse Shop\",\"url\":\"https:\/\/dev6.erresse-shop.it\/\",\"logo\":{\"@type\":\"ImageObject\",\"inLanguage\":\"fr-FR\",\"@id\":\"https:\/\/dev6.erresse-shop.it\/#\/schema\/logo\/image\/\",\"url\":\"https:\/\/dev6.erresse-shop.it\/wp-content\/uploads\/2025\/01\/LOGO-ERRESSE-CLASSICO.svg\",\"contentUrl\":\"https:\/\/dev6.erresse-shop.it\/wp-content\/uploads\/2025\/01\/LOGO-ERRESSE-CLASSICO.svg\",\"caption\":\"Erresse Shop\"},\"image\":{\"@id\":\"https:\/\/dev6.erresse-shop.it\/#\/schema\/logo\/image\/\"}}]}<\/script>\n<!-- \/ Yoast SEO plugin. -->","yoast_head_json":{"title":"LA PAVONI Moulin \u00e0 Caf\u00e9 Kube Mill - dev6 Erresse","description":"Le moulin \u00e0 caf\u00e9 est dot\u00e9 d\u2019un r\u00e9cipient pour le caf\u00e9 en grains dont la capacit\u00e9 est 300 gr, et permet une large r\u00e9gulation de la mouture du caf\u00e9. Mouture","robots":{"index":"noindex","follow":"follow","max-snippet":"max-snippet:-1","max-image-preview":"max-image-preview:large","max-video-preview":"max-video-preview:-1"},"og_locale":"fr_FR","og_type":"article","og_title":"LA PAVONI Moulin \u00e0 Caf\u00e9 Kube Mill - dev6 Erresse","og_description":"Le moulin \u00e0 caf\u00e9 est dot\u00e9 d\u2019un r\u00e9cipient pour le caf\u00e9 en grains dont la capacit\u00e9 est 300 gr, et permet une large r\u00e9gulation de la mouture du caf\u00e9. Mouture","og_url":"https:\/\/dev6.erresse-shop.it\/fr\/shop\/petits-electromenagers\/moulins-a-cafe\/la-pavoni-moulin-a-cafe-kube-mill\/","og_site_name":"dev6 Erresse","og_image":[{"url":"https:\/\/interpim.erresse-shop.it\/wp-content\/uploads\/2021\/03\/La-Pavoni-Macinacaff\u00e8-Kube-Mill.jpg\/la-pavoni-macinacaff-c3-a8-kube-mill.jpg","type":"","width":"","height":""},{"url":"https:\/\/interpim.erresse-shop.it\/wp-content\/uploads\/2021\/03\/La-Pavoni-Macinacaff\u00e8-Kube-Mill.jpg\/la-pavoni-macinacaff-c3-a8-kube-mill.jpg","width":1024,"height":1024,"type":"image\/jpeg"}],"twitter_card":"summary_large_image","twitter_image":"https:\/\/interpim.erresse-shop.it\/wp-content\/uploads\/2021\/03\/La-Pavoni-Macinacaff\u00e8-Kube-Mill.jpg\/la-pavoni-macinacaff-c3-a8-kube-mill.jpg","schema":{"@context":"https:\/\/schema.org","@graph":[{"@type":"WebPage","@id":"https:\/\/dev6.erresse-shop.it\/fr\/shop\/petits-electromenagers\/moulins-a-cafe\/la-pavoni-moulin-a-cafe-kube-mill\/","url":"https:\/\/dev6.erresse-shop.it\/fr\/shop\/petits-electromenagers\/moulins-a-cafe\/la-pavoni-moulin-a-cafe-kube-mill\/","name":"LA PAVONI Moulin \u00e0 Caf\u00e9 Kube Mill - dev6 Erresse","isPartOf":{"@id":"https:\/\/dev6.erresse-shop.it\/#website"},"primaryImageOfPage":{"@id":"https:\/\/dev6.erresse-shop.it\/fr\/shop\/petits-electromenagers\/moulins-a-cafe\/la-pavoni-moulin-a-cafe-kube-mill\/#primaryimage"},"image":{"@id":"https:\/\/dev6.erresse-shop.it\/fr\/shop\/petits-electromenagers\/moulins-a-cafe\/la-pavoni-moulin-a-cafe-kube-mill\/#primaryimage"},"thumbnailUrl":"https:\/\/i1.wp.com\/interpim.erresse-shop.it\/wp-content\/uploads\/2021\/03\/La-Pavoni-Macinacaff\u00e8-Kube-Mill.jpg\/la-pavoni-macinacaff-c3-a8-kube-mill.jpg?ssl=1","datePublished":"2026-04-16T16:58:17+00:00","description":"Le moulin \u00e0 caf\u00e9 est dot\u00e9 d\u2019un r\u00e9cipient pour le caf\u00e9 en grains dont la capacit\u00e9 est 300 gr, et permet une large r\u00e9gulation de la mouture du caf\u00e9. Mouture","breadcrumb":{"@id":"https:\/\/dev6.erresse-shop.it\/fr\/shop\/petits-electromenagers\/moulins-a-cafe\/la-pavoni-moulin-a-cafe-kube-mill\/#breadcrumb"},"inLanguage":"fr-FR","potentialAction":[{"@type":"ReadAction","target":["https:\/\/dev6.erresse-shop.it\/fr\/shop\/petits-electromenagers\/moulins-a-cafe\/la-pavoni-moulin-a-cafe-kube-mill\/"]}]},{"@type":"ImageObject","inLanguage":"fr-FR","@id":"https:\/\/dev6.erresse-shop.it\/fr\/shop\/petits-electromenagers\/moulins-a-cafe\/la-pavoni-moulin-a-cafe-kube-mill\/#primaryimage","url":"https:\/\/i1.wp.com\/interpim.erresse-shop.it\/wp-content\/uploads\/2021\/03\/La-Pavoni-Macinacaff\u00e8-Kube-Mill.jpg\/la-pavoni-macinacaff-c3-a8-kube-mill.jpg?ssl=1","contentUrl":"https:\/\/i1.wp.com\/interpim.erresse-shop.it\/wp-content\/uploads\/2021\/03\/La-Pavoni-Macinacaff\u00e8-Kube-Mill.jpg\/la-pavoni-macinacaff-c3-a8-kube-mill.jpg?ssl=1"},{"@type":"BreadcrumbList","@id":"https:\/\/dev6.erresse-shop.it\/fr\/shop\/petits-electromenagers\/moulins-a-cafe\/la-pavoni-moulin-a-cafe-kube-mill\/#breadcrumb","itemListElement":[{"@type":"ListItem","position":1,"name":"Home","item":"https:\/\/dev6.erresse-shop.it\/"},{"@type":"ListItem","position":2,"name":"Boutique","item":"https:\/\/dev6.erresse-shop.it\/shop\/"},{"@type":"ListItem","position":3,"name":"LA PAVONI Moulin \u00e0 Caf\u00e9 Kube Mill"}]},{"@type":"WebSite","@id":"https:\/\/dev6.erresse-shop.it\/#website","url":"https:\/\/dev6.erresse-shop.it\/","name":"Erresse Shop","description":"","publisher":{"@id":"https:\/\/dev6.erresse-shop.it\/#organization"},"potentialAction":[{"@type":"SearchAction","target":{"@type":"EntryPoint","urlTemplate":"https:\/\/dev6.erresse-shop.it\/?s={search_term_string}"},"query-input":{"@type":"PropertyValueSpecification","valueRequired":true,"valueName":"search_term_string"}}],"inLanguage":"fr-FR"},{"@type":"Organization","@id":"https:\/\/dev6.erresse-shop.it\/#organization","name":"Erresse Shop","url":"https:\/\/dev6.erresse-shop.it\/","logo":{"@type":"ImageObject","inLanguage":"fr-FR","@id":"https:\/\/dev6.erresse-shop.it\/#\/schema\/logo\/image\/","url":"https:\/\/dev6.erresse-shop.it\/wp-content\/uploads\/2025\/01\/LOGO-ERRESSE-CLASSICO.svg","contentUrl":"https:\/\/dev6.erresse-shop.it\/wp-content\/uploads\/2025\/01\/LOGO-ERRESSE-CLASSICO.svg","caption":"Erresse Shop"},"image":{"@id":"https:\/\/dev6.erresse-shop.it\/#\/schema\/logo\/image\/"}}]}},"df_price":269,"df_sale_price":269,"df_regular_price":299,"df_image_link":"https:\/\/i1.wp.com\/interpim.erresse-shop.it\/wp-content\/uploads\/2021\/03\/La-Pavoni-Macinacaff\u00e8-Kube-Mill.jpg\/la-pavoni-macinacaff-c3-a8-kube-mill.jpg?resize=300,300&ssl=1","fifu_image_url":"https:\/\/interpim.erresse-shop.it\/wp-content\/uploads\/2021\/03\/La-Pavoni-Macinacaff\u00e8-Kube-Mill.jpg\/la-pavoni-macinacaff-c3-a8-kube-mill.jpg","_links":{"self":[{"href":"https:\/\/dev6.erresse-shop.it\/fr\/wp-json\/wp\/v2\/product\/58378","targetHints":{"allow":["GET"]}}],"collection":[{"href":"https:\/\/dev6.erresse-shop.it\/fr\/wp-json\/wp\/v2\/product"}],"about":[{"href":"https:\/\/dev6.erresse-shop.it\/fr\/wp-json\/wp\/v2\/types\/product"}],"wp:featuredmedia":[{"embeddable":true,"href":"https:\/\/dev6.erresse-shop.it\/fr\/wp-json\/wp\/v2\/media\/6487208"}],"wp:attachment":[{"href":"https:\/\/dev6.erresse-shop.it\/fr\/wp-json\/wp\/v2\/media?parent=58378"}],"wp:term":[{"taxonomy":"product_cat","embeddable":true,"href":"https:\/\/dev6.erresse-shop.it\/fr\/wp-json\/wp\/v2\/product_cat?post=58378"},{"taxonomy":"product_tag","embeddable":true,"href":"https:\/\/dev6.erresse-shop.it\/fr\/wp-json\/wp\/v2\/product_tag?post=58378"}],"curies":[{"name":"wp","href":"https:\/\/api.w.org\/{rel}","templated":true}]}}