{"id":58373,"date":"2026-04-12T08:24:00","date_gmt":"2026-04-12T06:24:00","guid":{"rendered":"https:\/\/dev6.erresse-shop.it\/shop\/non%20class\u00e9\/la-pavoni-machine-a-cafe-espresso-europiccola-lusso\/"},"modified":"2025-07-19T03:58:19","modified_gmt":"2025-07-19T01:58:19","slug":"la-pavoni-machine-a-cafe-espresso-europiccola-lusso","status":"publish","type":"product","link":"https:\/\/dev6.erresse-shop.it\/fr\/shop\/petits-electromenagers\/machines-cafe\/a-levier\/la-pavoni-machine-a-cafe-espresso-europiccola-lusso\/","title":{"rendered":"LA PAVONI Machine \u00e0 Caf\u00e9 Espresso Europiccola Lusso"},"content":{"rendered":"<p>Attention : pour un r\u00e9sultat optimal, utilisez UNIQUEMENT du caf\u00e9 moulu avec un bon moulin \u00e0 caf\u00e9 (Jolly, Kube Mill, Cylinder \u2013 La Pavoni s\u00e9rie) ou achet\u00e9 directement aupr\u00e8s d\u2019une entreprise de torr\u00e9faction. Dans le cas contraire, l\u2019utilisation de caf\u00e9 de \u201csupermarch\u00e9\u201d ne garantit pas un excellent r\u00e9sultat.<\/p>\n<p>Europiccola, projet\u00e9e en 1950, et Professional, en 1970, sont des produits qui refl\u00e8tent une partie de l\u2019histoire italienne du design.<br \/>\nUn point de rencontre parmi \u00e9l\u00e9gance, qualit\u00e9 et affidabilit\u00e9. Au \u2013 d\u00e9la d\u2019un espresso personnalis\u00e9, la machine permet d\u2019obtenir de mousseux cappuccinos. La machine \u00e0 levier qui ne connait pas les modes.<br \/>\nR\u00e9alis\u00e9e avec des materiaux de tr\u00e8s bonne qualit\u00e9, ne craigne pas le calcaire, en limitant donc les interventions d\u2019entretien ordinaires. Le mod\u00e8le Europiccola permet de distribuer 8 tasses de caf\u00e9 espresso cons\u00e9cutivement.<\/p>\n<p>Tous les mod\u00e8les \u00e0 levier La Pavoni 230V sont certifi\u00e9s par:\n<\/p>\n<p>Capacit\u00e9 de la chaudi\u00e8re litres 0,80<br \/>\nNombre de tasses de caf\u00e9 distribu\u00e9es 8<br \/>\nD\u00e9bit de vapeur 10 min<br \/>\nPression dans la chaudi\u00e8re 0,7-0,8 bar<br \/>\nTemps moyen de chauffage 5 min<br \/>\nSoupape de s\u00e9curit\u00e9<br \/>\nRobinet vapeur avec dispositif interchang\u00e9able tuyau vapeur \/ Cappuccino Automatic<br \/>\nIndicateur de niveau de l\u2019eau<br \/>\nInterrupteur on\/off<br \/>\nLampe t\u00e9moin d\u2019allumage<br \/>\nCappuccino Automatic<br \/>\nIndicateur de temp\u00e9rature<br \/>\nThermostat de s\u00e9curit\u00e9 qui peut \u00eatre r\u00e9tabli manuellement<br \/>\nPressostat pour garder une pression constante dans la chaudi\u00e8re<br \/>\nR\u00e9sistance 950 W<br \/>\nAlimentation \u00e9lectrique 220-240V 50\/60Hz \u2013 120V 60Hz<\/p>\n","protected":false},"excerpt":{"rendered":"<p>Attention : pour un r\u00e9sultat optimal, utilisez UNIQUEMENT du caf\u00e9 moulu avec un bon moulin \u00e0 caf\u00e9 (Jolly, Kube Mill, Cylinder \u2013 La Pavoni s\u00e9rie) ou achet\u00e9 directement aupr\u00e8s d\u2019une entreprise de torr\u00e9faction. Dans le cas contraire, l\u2019utilisation de caf\u00e9 de \u201csupermarch\u00e9\u201d ne garantit pas un excellent r\u00e9sultat. Europiccola, projet\u00e9e en 1950, et Professional, en [&hellip;]<\/p>\n","protected":false},"featured_media":6348161,"template":"","meta":{"_acf_changed":false},"product_cat":[11746,12070,12063,12055],"product_tag":[],"class_list":{"0":"post-58373","1":"product","2":"type-product","3":"status-publish","4":"has-post-thumbnail","6":"product_cat-aleva","7":"product_cat-a-levier","8":"product_cat-machines-cafe","9":"product_cat-petits-electromenagers","11":"first","12":"outofstock","13":"sale","14":"taxable","15":"shipping-taxable","16":"purchasable","17":"product-type-simple","swatches":"rey-swatches","show_selected":"","stretch_labels":"rey-swatches--stretch-labels"},"acf":[],"yoast_head":"<!-- This site is optimized with the Yoast SEO plugin v25.4 - https:\/\/yoast.com\/wordpress\/plugins\/seo\/ -->\n<title>LA PAVONI Machine \u00e0 Caf\u00e9 Espresso Europiccola Lusso - dev6 Erresse<\/title>\n<meta name=\"description\" content=\"Attention : pour un r\u00e9sultat optimal, utilisez UNIQUEMENT du caf\u00e9 moulu avec un bon moulin \u00e0 caf\u00e9 (Jolly, Kube Mill, Cylinder \u2013 La Pavoni s\u00e9rie) ou achet\u00e9\" \/>\n<meta name=\"robots\" content=\"noindex, follow, max-snippet:-1, max-image-preview:large, max-video-preview:-1\" \/>\n<meta property=\"og:locale\" content=\"fr_FR\" \/>\n<meta property=\"og:type\" content=\"article\" \/>\n<meta property=\"og:title\" content=\"LA PAVONI Machine \u00e0 Caf\u00e9 Espresso Europiccola Lusso - dev6 Erresse\" \/>\n<meta property=\"og:description\" content=\"Attention : pour un r\u00e9sultat optimal, utilisez UNIQUEMENT du caf\u00e9 moulu avec un bon moulin \u00e0 caf\u00e9 (Jolly, Kube Mill, Cylinder \u2013 La Pavoni s\u00e9rie) ou achet\u00e9\" \/>\n<meta property=\"og:url\" content=\"https:\/\/dev6.erresse-shop.it\/fr\/shop\/petits-electromenagers\/machines-cafe\/a-levier\/la-pavoni-machine-a-cafe-espresso-europiccola-lusso\/\" \/>\n<meta property=\"og:site_name\" content=\"dev6 Erresse\" \/>\n<meta property=\"og:image\" content=\"https:\/\/interpim.erresse-shop.it\/Import\/Prodotti\/la-pavoni-europiccola-lusso.jpg\" \/><meta property=\"og:image\" content=\"https:\/\/interpim.erresse-shop.it\/Import\/Prodotti\/la-pavoni-europiccola-lusso.jpg\" \/>\n\t<meta property=\"og:image:width\" content=\"1024\" \/>\n\t<meta property=\"og:image:height\" content=\"1024\" \/>\n\t<meta property=\"og:image:type\" content=\"image\/jpeg\" \/>\n<meta name=\"twitter:card\" content=\"summary_large_image\" \/>\n<meta name=\"twitter:image\" content=\"https:\/\/interpim.erresse-shop.it\/Import\/Prodotti\/la-pavoni-europiccola-lusso.jpg\" \/>\n<script type=\"application\/ld+json\" class=\"yoast-schema-graph\">{\"@context\":\"https:\/\/schema.org\",\"@graph\":[{\"@type\":\"WebPage\",\"@id\":\"https:\/\/dev6.erresse-shop.it\/fr\/shop\/petits-electromenagers\/machines-cafe\/a-levier\/la-pavoni-machine-a-cafe-espresso-europiccola-lusso\/\",\"url\":\"https:\/\/dev6.erresse-shop.it\/fr\/shop\/petits-electromenagers\/machines-cafe\/a-levier\/la-pavoni-machine-a-cafe-espresso-europiccola-lusso\/\",\"name\":\"LA PAVONI Machine \u00e0 Caf\u00e9 Espresso Europiccola Lusso - dev6 Erresse\",\"isPartOf\":{\"@id\":\"https:\/\/dev6.erresse-shop.it\/#website\"},\"primaryImageOfPage\":{\"@id\":\"https:\/\/dev6.erresse-shop.it\/fr\/shop\/petits-electromenagers\/machines-cafe\/a-levier\/la-pavoni-machine-a-cafe-espresso-europiccola-lusso\/#primaryimage\"},\"image\":{\"@id\":\"https:\/\/dev6.erresse-shop.it\/fr\/shop\/petits-electromenagers\/machines-cafe\/a-levier\/la-pavoni-machine-a-cafe-espresso-europiccola-lusso\/#primaryimage\"},\"thumbnailUrl\":\"https:\/\/i0.wp.com\/interpim.erresse-shop.it\/Import\/Prodotti\/la-pavoni-europiccola-lusso.jpg?ssl=1\",\"datePublished\":\"2026-04-12T06:24:00+00:00\",\"description\":\"Attention : pour un r\u00e9sultat optimal, utilisez UNIQUEMENT du caf\u00e9 moulu avec un bon moulin \u00e0 caf\u00e9 (Jolly, Kube Mill, Cylinder \u2013 La Pavoni s\u00e9rie) ou achet\u00e9\",\"breadcrumb\":{\"@id\":\"https:\/\/dev6.erresse-shop.it\/fr\/shop\/petits-electromenagers\/machines-cafe\/a-levier\/la-pavoni-machine-a-cafe-espresso-europiccola-lusso\/#breadcrumb\"},\"inLanguage\":\"fr-FR\",\"potentialAction\":[{\"@type\":\"ReadAction\",\"target\":[\"https:\/\/dev6.erresse-shop.it\/fr\/shop\/petits-electromenagers\/machines-cafe\/a-levier\/la-pavoni-machine-a-cafe-espresso-europiccola-lusso\/\"]}]},{\"@type\":\"ImageObject\",\"inLanguage\":\"fr-FR\",\"@id\":\"https:\/\/dev6.erresse-shop.it\/fr\/shop\/petits-electromenagers\/machines-cafe\/a-levier\/la-pavoni-machine-a-cafe-espresso-europiccola-lusso\/#primaryimage\",\"url\":\"https:\/\/i0.wp.com\/interpim.erresse-shop.it\/Import\/Prodotti\/la-pavoni-europiccola-lusso.jpg?ssl=1\",\"contentUrl\":\"https:\/\/i0.wp.com\/interpim.erresse-shop.it\/Import\/Prodotti\/la-pavoni-europiccola-lusso.jpg?ssl=1\"},{\"@type\":\"BreadcrumbList\",\"@id\":\"https:\/\/dev6.erresse-shop.it\/fr\/shop\/petits-electromenagers\/machines-cafe\/a-levier\/la-pavoni-machine-a-cafe-espresso-europiccola-lusso\/#breadcrumb\",\"itemListElement\":[{\"@type\":\"ListItem\",\"position\":1,\"name\":\"Home\",\"item\":\"https:\/\/dev6.erresse-shop.it\/\"},{\"@type\":\"ListItem\",\"position\":2,\"name\":\"Boutique\",\"item\":\"https:\/\/dev6.erresse-shop.it\/shop\/\"},{\"@type\":\"ListItem\",\"position\":3,\"name\":\"LA PAVONI Machine \u00e0 Caf\u00e9 Espresso Europiccola Lusso\"}]},{\"@type\":\"WebSite\",\"@id\":\"https:\/\/dev6.erresse-shop.it\/#website\",\"url\":\"https:\/\/dev6.erresse-shop.it\/\",\"name\":\"Erresse Shop\",\"description\":\"\",\"publisher\":{\"@id\":\"https:\/\/dev6.erresse-shop.it\/#organization\"},\"potentialAction\":[{\"@type\":\"SearchAction\",\"target\":{\"@type\":\"EntryPoint\",\"urlTemplate\":\"https:\/\/dev6.erresse-shop.it\/?s={search_term_string}\"},\"query-input\":{\"@type\":\"PropertyValueSpecification\",\"valueRequired\":true,\"valueName\":\"search_term_string\"}}],\"inLanguage\":\"fr-FR\"},{\"@type\":\"Organization\",\"@id\":\"https:\/\/dev6.erresse-shop.it\/#organization\",\"name\":\"Erresse Shop\",\"url\":\"https:\/\/dev6.erresse-shop.it\/\",\"logo\":{\"@type\":\"ImageObject\",\"inLanguage\":\"fr-FR\",\"@id\":\"https:\/\/dev6.erresse-shop.it\/#\/schema\/logo\/image\/\",\"url\":\"https:\/\/dev6.erresse-shop.it\/wp-content\/uploads\/2025\/01\/LOGO-ERRESSE-CLASSICO.svg\",\"contentUrl\":\"https:\/\/dev6.erresse-shop.it\/wp-content\/uploads\/2025\/01\/LOGO-ERRESSE-CLASSICO.svg\",\"caption\":\"Erresse Shop\"},\"image\":{\"@id\":\"https:\/\/dev6.erresse-shop.it\/#\/schema\/logo\/image\/\"}}]}<\/script>\n<!-- \/ Yoast SEO plugin. -->","yoast_head_json":{"title":"LA PAVONI Machine \u00e0 Caf\u00e9 Espresso Europiccola Lusso - dev6 Erresse","description":"Attention : pour un r\u00e9sultat optimal, utilisez UNIQUEMENT du caf\u00e9 moulu avec un bon moulin \u00e0 caf\u00e9 (Jolly, Kube Mill, Cylinder \u2013 La Pavoni s\u00e9rie) ou achet\u00e9","robots":{"index":"noindex","follow":"follow","max-snippet":"max-snippet:-1","max-image-preview":"max-image-preview:large","max-video-preview":"max-video-preview:-1"},"og_locale":"fr_FR","og_type":"article","og_title":"LA PAVONI Machine \u00e0 Caf\u00e9 Espresso Europiccola Lusso - dev6 Erresse","og_description":"Attention : pour un r\u00e9sultat optimal, utilisez UNIQUEMENT du caf\u00e9 moulu avec un bon moulin \u00e0 caf\u00e9 (Jolly, Kube Mill, Cylinder \u2013 La Pavoni s\u00e9rie) ou achet\u00e9","og_url":"https:\/\/dev6.erresse-shop.it\/fr\/shop\/petits-electromenagers\/machines-cafe\/a-levier\/la-pavoni-machine-a-cafe-espresso-europiccola-lusso\/","og_site_name":"dev6 Erresse","og_image":[{"url":"https:\/\/interpim.erresse-shop.it\/Import\/Prodotti\/la-pavoni-europiccola-lusso.jpg","type":"","width":"","height":""},{"url":"https:\/\/interpim.erresse-shop.it\/Import\/Prodotti\/la-pavoni-europiccola-lusso.jpg","width":1024,"height":1024,"type":"image\/jpeg"}],"twitter_card":"summary_large_image","twitter_image":"https:\/\/interpim.erresse-shop.it\/Import\/Prodotti\/la-pavoni-europiccola-lusso.jpg","schema":{"@context":"https:\/\/schema.org","@graph":[{"@type":"WebPage","@id":"https:\/\/dev6.erresse-shop.it\/fr\/shop\/petits-electromenagers\/machines-cafe\/a-levier\/la-pavoni-machine-a-cafe-espresso-europiccola-lusso\/","url":"https:\/\/dev6.erresse-shop.it\/fr\/shop\/petits-electromenagers\/machines-cafe\/a-levier\/la-pavoni-machine-a-cafe-espresso-europiccola-lusso\/","name":"LA PAVONI Machine \u00e0 Caf\u00e9 Espresso Europiccola Lusso - dev6 Erresse","isPartOf":{"@id":"https:\/\/dev6.erresse-shop.it\/#website"},"primaryImageOfPage":{"@id":"https:\/\/dev6.erresse-shop.it\/fr\/shop\/petits-electromenagers\/machines-cafe\/a-levier\/la-pavoni-machine-a-cafe-espresso-europiccola-lusso\/#primaryimage"},"image":{"@id":"https:\/\/dev6.erresse-shop.it\/fr\/shop\/petits-electromenagers\/machines-cafe\/a-levier\/la-pavoni-machine-a-cafe-espresso-europiccola-lusso\/#primaryimage"},"thumbnailUrl":"https:\/\/i0.wp.com\/interpim.erresse-shop.it\/Import\/Prodotti\/la-pavoni-europiccola-lusso.jpg?ssl=1","datePublished":"2026-04-12T06:24:00+00:00","description":"Attention : pour un r\u00e9sultat optimal, utilisez UNIQUEMENT du caf\u00e9 moulu avec un bon moulin \u00e0 caf\u00e9 (Jolly, Kube Mill, Cylinder \u2013 La Pavoni s\u00e9rie) ou achet\u00e9","breadcrumb":{"@id":"https:\/\/dev6.erresse-shop.it\/fr\/shop\/petits-electromenagers\/machines-cafe\/a-levier\/la-pavoni-machine-a-cafe-espresso-europiccola-lusso\/#breadcrumb"},"inLanguage":"fr-FR","potentialAction":[{"@type":"ReadAction","target":["https:\/\/dev6.erresse-shop.it\/fr\/shop\/petits-electromenagers\/machines-cafe\/a-levier\/la-pavoni-machine-a-cafe-espresso-europiccola-lusso\/"]}]},{"@type":"ImageObject","inLanguage":"fr-FR","@id":"https:\/\/dev6.erresse-shop.it\/fr\/shop\/petits-electromenagers\/machines-cafe\/a-levier\/la-pavoni-machine-a-cafe-espresso-europiccola-lusso\/#primaryimage","url":"https:\/\/i0.wp.com\/interpim.erresse-shop.it\/Import\/Prodotti\/la-pavoni-europiccola-lusso.jpg?ssl=1","contentUrl":"https:\/\/i0.wp.com\/interpim.erresse-shop.it\/Import\/Prodotti\/la-pavoni-europiccola-lusso.jpg?ssl=1"},{"@type":"BreadcrumbList","@id":"https:\/\/dev6.erresse-shop.it\/fr\/shop\/petits-electromenagers\/machines-cafe\/a-levier\/la-pavoni-machine-a-cafe-espresso-europiccola-lusso\/#breadcrumb","itemListElement":[{"@type":"ListItem","position":1,"name":"Home","item":"https:\/\/dev6.erresse-shop.it\/"},{"@type":"ListItem","position":2,"name":"Boutique","item":"https:\/\/dev6.erresse-shop.it\/shop\/"},{"@type":"ListItem","position":3,"name":"LA PAVONI Machine \u00e0 Caf\u00e9 Espresso Europiccola Lusso"}]},{"@type":"WebSite","@id":"https:\/\/dev6.erresse-shop.it\/#website","url":"https:\/\/dev6.erresse-shop.it\/","name":"Erresse Shop","description":"","publisher":{"@id":"https:\/\/dev6.erresse-shop.it\/#organization"},"potentialAction":[{"@type":"SearchAction","target":{"@type":"EntryPoint","urlTemplate":"https:\/\/dev6.erresse-shop.it\/?s={search_term_string}"},"query-input":{"@type":"PropertyValueSpecification","valueRequired":true,"valueName":"search_term_string"}}],"inLanguage":"fr-FR"},{"@type":"Organization","@id":"https:\/\/dev6.erresse-shop.it\/#organization","name":"Erresse Shop","url":"https:\/\/dev6.erresse-shop.it\/","logo":{"@type":"ImageObject","inLanguage":"fr-FR","@id":"https:\/\/dev6.erresse-shop.it\/#\/schema\/logo\/image\/","url":"https:\/\/dev6.erresse-shop.it\/wp-content\/uploads\/2025\/01\/LOGO-ERRESSE-CLASSICO.svg","contentUrl":"https:\/\/dev6.erresse-shop.it\/wp-content\/uploads\/2025\/01\/LOGO-ERRESSE-CLASSICO.svg","caption":"Erresse Shop"},"image":{"@id":"https:\/\/dev6.erresse-shop.it\/#\/schema\/logo\/image\/"}}]}},"df_price":609.95,"df_sale_price":609.95,"df_regular_price":699,"df_image_link":"https:\/\/i0.wp.com\/interpim.erresse-shop.it\/Import\/Prodotti\/la-pavoni-europiccola-lusso.jpg?resize=300,300&ssl=1","fifu_image_url":"https:\/\/interpim.erresse-shop.it\/Import\/Prodotti\/la-pavoni-europiccola-lusso.jpg","_links":{"self":[{"href":"https:\/\/dev6.erresse-shop.it\/fr\/wp-json\/wp\/v2\/product\/58373","targetHints":{"allow":["GET"]}}],"collection":[{"href":"https:\/\/dev6.erresse-shop.it\/fr\/wp-json\/wp\/v2\/product"}],"about":[{"href":"https:\/\/dev6.erresse-shop.it\/fr\/wp-json\/wp\/v2\/types\/product"}],"wp:featuredmedia":[{"embeddable":true,"href":"https:\/\/dev6.erresse-shop.it\/fr\/wp-json\/wp\/v2\/media\/6348161"}],"wp:attachment":[{"href":"https:\/\/dev6.erresse-shop.it\/fr\/wp-json\/wp\/v2\/media?parent=58373"}],"wp:term":[{"taxonomy":"product_cat","embeddable":true,"href":"https:\/\/dev6.erresse-shop.it\/fr\/wp-json\/wp\/v2\/product_cat?post=58373"},{"taxonomy":"product_tag","embeddable":true,"href":"https:\/\/dev6.erresse-shop.it\/fr\/wp-json\/wp\/v2\/product_tag?post=58373"}],"curies":[{"name":"wp","href":"https:\/\/api.w.org\/{rel}","templated":true}]}}