{"id":58367,"date":"2026-04-04T08:22:25","date_gmt":"2026-04-04T06:22:25","guid":{"rendered":"https:\/\/dev6.erresse-shop.it\/shop\/non%20class\u00e9\/la-pavoni-machine-a-cafe-espresso-professional-lusso-avec-poignes-en-bois\/"},"modified":"2025-07-19T03:58:15","modified_gmt":"2025-07-19T01:58:15","slug":"la-pavoni-machine-a-cafe-espresso-professional-lusso-avec-poignes-en-bois","status":"publish","type":"product","link":"https:\/\/dev6.erresse-shop.it\/fr\/shop\/petits-electromenagers\/machines-cafe\/a-levier\/la-pavoni-machine-a-cafe-espresso-professional-lusso-avec-poignes-en-bois\/","title":{"rendered":"LA PAVONI Machine \u00e0 Caf\u00e9 Espresso Professional Lusso avec Poignes en Bois"},"content":{"rendered":"<p>Attention : pour un r\u00e9sultat optimal, utilisez UNIQUEMENT du caf\u00e9 moulu avec un bon moulin \u00e0 caf\u00e9 (Jolly, Kube Mill, Cylinder \u2013 La Pavoni s\u00e9rie) ou achet\u00e9 directement aupr\u00e8s d\u2019une entreprise de torr\u00e9faction. Dans le cas contraire, l\u2019utilisation de caf\u00e9 de \u201csupermarch\u00e9\u201d ne garantit pas un excellent r\u00e9sultat.<\/p>\n<p>Les mod\u00e8les Europiccola et Professional repr\u00e9sentent l\u2019expression la plus haute de technologie combin\u00e9e avec des mat\u00e9riaux pr\u00e9cieux. Dor\u00e9s en or pur, ils sont une pr\u00e9cieuse pi\u00e8ce de d\u00e9coration pour des caf\u00e9s et cappuccinos cr\u00e9meux.<br \/>\nLe porte filtre est dou\u00e9 d\u2019une bague qui arr\u00eate et pr\u00e9vienne la chute du filtre pendant la phase d\u2019\u00e9jection des marcs de caf\u00e9. Tous les models \u00e0 levier sont \u00e9quip\u00e9s d\u2019un filtre 1 dose utilisable soit avec le caf\u00e9 moulu que avec les dosettes standard ESE.<br \/>\nEn soulevant le levier qui commande le piston \u00e0 l\u2019interieur du groupe, on obtient la pr\u00e9-infusion: le caf\u00e9 est d\u00e9bit\u00e9 en abaissant le levier; en dosant opportunement la pression de ce dernier, on a une exploitation optimale des poudres de caf\u00e9 et le d\u00e9bit de caf\u00e9s espresso personnalis\u00e9s selon tous les go\u00fbts.<br \/>\nLance vapeur: elle permet d\u2019obtenir un lait chaud, \u00e9mulsionn\u00e9, aussi que du th\u00e9 et toute autre boisson chaude; interchangeable avec le dispositif \u201cCappuccino Automatic\u201d.<br \/>\nLe sp\u00e9cial \u00ab Cappuccino Automatic \u00bb duquel la machine est dot\u00e9e, est compos\u00e9 par un dispositif qui, par une extr\u00e8me facilit\u00e9 et instantan\u00e9it\u00e9, aspire automatiquement le lait directement du r\u00e9cipient, le vaporise et le distribue chaud et parfaitement mousseux dans la tasse.<\/p>\n<p>Tous les mod\u00e8les \u00e0 levier La Pavoni 230V sont certifi\u00e9s par:\n<\/p>\n<p>Capacit\u00e9 de la chaudi\u00e8re litres 1,6<br \/>\nNombre de tasses de caf\u00e9 distribu\u00e9es 16<br \/>\nD\u00e9bit de vapeur 15 min<br \/>\nPression dans la chaudi\u00e8re 0,7-0,8 bar<br \/>\nTemps moyen de chauffage 5 min<br \/>\nSoupape de s\u00e9curit\u00e9<br \/>\nRobinet vapeur avec dispositif interchang\u00e9able tuyau vapeur \/ Cappuccino Automatic<br \/>\nIndicateur de niveau de l\u2019eau<br \/>\nInterrupteur on\/off<br \/>\nLampe t\u00e9moin d\u2019allumage<br \/>\nCappuccino Automatic<br \/>\nThermostat de s\u00e9curit\u00e9 qui peut \u00eatre r\u00e9tabli manuellement<br \/>\nPressostat pour garder une pression constante dans la chaudi\u00e8re<br \/>\nR\u00e9sistance 950 W<br \/>\nAlimentation \u00e9lectrique 220-240V 50\/60Hz \u2013 120V 60Hz<\/p>\n","protected":false},"excerpt":{"rendered":"<p>Attention : pour un r\u00e9sultat optimal, utilisez UNIQUEMENT du caf\u00e9 moulu avec un bon moulin \u00e0 caf\u00e9 (Jolly, Kube Mill, Cylinder \u2013 La Pavoni s\u00e9rie) ou achet\u00e9 directement aupr\u00e8s d\u2019une entreprise de torr\u00e9faction. Dans le cas contraire, l\u2019utilisation de caf\u00e9 de \u201csupermarch\u00e9\u201d ne garantit pas un excellent r\u00e9sultat. Les mod\u00e8les Europiccola et Professional repr\u00e9sentent l\u2019expression [&hellip;]<\/p>\n","protected":false},"featured_media":6264824,"template":"","meta":{"_acf_changed":false},"product_cat":[11746,12070,12063,12055],"product_tag":[],"class_list":{"0":"post-58367","1":"product","2":"type-product","3":"status-publish","4":"has-post-thumbnail","6":"product_cat-aleva","7":"product_cat-a-levier","8":"product_cat-machines-cafe","9":"product_cat-petits-electromenagers","11":"first","12":"outofstock","13":"sale","14":"taxable","15":"shipping-taxable","16":"purchasable","17":"product-type-simple","swatches":"rey-swatches","show_selected":"","stretch_labels":"rey-swatches--stretch-labels"},"acf":[],"yoast_head":"<!-- This site is optimized with the Yoast SEO plugin v25.4 - https:\/\/yoast.com\/wordpress\/plugins\/seo\/ -->\n<title>LA PAVONI Machine \u00e0 Caf\u00e9 Espresso Professional Lusso avec Poignes en Bois - dev6 Erresse<\/title>\n<meta name=\"description\" content=\"Attention : pour un r\u00e9sultat optimal, utilisez UNIQUEMENT du caf\u00e9 moulu avec un bon moulin \u00e0 caf\u00e9 (Jolly, Kube Mill, Cylinder \u2013 La Pavoni s\u00e9rie) ou achet\u00e9\" \/>\n<meta name=\"robots\" content=\"noindex, follow, max-snippet:-1, max-image-preview:large, max-video-preview:-1\" \/>\n<meta property=\"og:locale\" content=\"fr_FR\" \/>\n<meta property=\"og:type\" content=\"article\" \/>\n<meta property=\"og:title\" content=\"LA PAVONI Machine \u00e0 Caf\u00e9 Espresso Professional Lusso avec Poignes en Bois - dev6 Erresse\" \/>\n<meta property=\"og:description\" content=\"Attention : pour un r\u00e9sultat optimal, utilisez UNIQUEMENT du caf\u00e9 moulu avec un bon moulin \u00e0 caf\u00e9 (Jolly, Kube Mill, Cylinder \u2013 La Pavoni s\u00e9rie) ou achet\u00e9\" \/>\n<meta property=\"og:url\" content=\"https:\/\/dev6.erresse-shop.it\/fr\/shop\/petits-electromenagers\/machines-cafe\/a-levier\/la-pavoni-machine-a-cafe-espresso-professional-lusso-avec-poignes-en-bois\/\" \/>\n<meta property=\"og:site_name\" content=\"dev6 Erresse\" \/>\n<meta property=\"og:image\" content=\"https:\/\/interpim.erresse-shop.it\/Import\/Prodotti\/la-pavoni-professional-lusso-con-manici-in-legno.jpg\" \/><meta property=\"og:image\" content=\"https:\/\/interpim.erresse-shop.it\/Import\/Prodotti\/la-pavoni-professional-lusso-con-manici-in-legno.jpg\" \/>\n\t<meta property=\"og:image:width\" content=\"1024\" \/>\n\t<meta property=\"og:image:height\" content=\"1024\" \/>\n\t<meta property=\"og:image:type\" content=\"image\/jpeg\" \/>\n<meta name=\"twitter:card\" content=\"summary_large_image\" \/>\n<meta name=\"twitter:image\" content=\"https:\/\/interpim.erresse-shop.it\/Import\/Prodotti\/la-pavoni-professional-lusso-con-manici-in-legno.jpg\" \/>\n<script type=\"application\/ld+json\" class=\"yoast-schema-graph\">{\"@context\":\"https:\/\/schema.org\",\"@graph\":[{\"@type\":\"WebPage\",\"@id\":\"https:\/\/dev6.erresse-shop.it\/fr\/shop\/petits-electromenagers\/machines-cafe\/a-levier\/la-pavoni-machine-a-cafe-espresso-professional-lusso-avec-poignes-en-bois\/\",\"url\":\"https:\/\/dev6.erresse-shop.it\/fr\/shop\/petits-electromenagers\/machines-cafe\/a-levier\/la-pavoni-machine-a-cafe-espresso-professional-lusso-avec-poignes-en-bois\/\",\"name\":\"LA PAVONI Machine \u00e0 Caf\u00e9 Espresso Professional Lusso avec Poignes en Bois - dev6 Erresse\",\"isPartOf\":{\"@id\":\"https:\/\/dev6.erresse-shop.it\/#website\"},\"primaryImageOfPage\":{\"@id\":\"https:\/\/dev6.erresse-shop.it\/fr\/shop\/petits-electromenagers\/machines-cafe\/a-levier\/la-pavoni-machine-a-cafe-espresso-professional-lusso-avec-poignes-en-bois\/#primaryimage\"},\"image\":{\"@id\":\"https:\/\/dev6.erresse-shop.it\/fr\/shop\/petits-electromenagers\/machines-cafe\/a-levier\/la-pavoni-machine-a-cafe-espresso-professional-lusso-avec-poignes-en-bois\/#primaryimage\"},\"thumbnailUrl\":\"https:\/\/i2.wp.com\/interpim.erresse-shop.it\/Import\/Prodotti\/la-pavoni-professional-lusso-con-manici-in-legno.jpg?ssl=1\",\"datePublished\":\"2026-04-04T06:22:25+00:00\",\"description\":\"Attention : pour un r\u00e9sultat optimal, utilisez UNIQUEMENT du caf\u00e9 moulu avec un bon moulin \u00e0 caf\u00e9 (Jolly, Kube Mill, Cylinder \u2013 La Pavoni s\u00e9rie) ou achet\u00e9\",\"breadcrumb\":{\"@id\":\"https:\/\/dev6.erresse-shop.it\/fr\/shop\/petits-electromenagers\/machines-cafe\/a-levier\/la-pavoni-machine-a-cafe-espresso-professional-lusso-avec-poignes-en-bois\/#breadcrumb\"},\"inLanguage\":\"fr-FR\",\"potentialAction\":[{\"@type\":\"ReadAction\",\"target\":[\"https:\/\/dev6.erresse-shop.it\/fr\/shop\/petits-electromenagers\/machines-cafe\/a-levier\/la-pavoni-machine-a-cafe-espresso-professional-lusso-avec-poignes-en-bois\/\"]}]},{\"@type\":\"ImageObject\",\"inLanguage\":\"fr-FR\",\"@id\":\"https:\/\/dev6.erresse-shop.it\/fr\/shop\/petits-electromenagers\/machines-cafe\/a-levier\/la-pavoni-machine-a-cafe-espresso-professional-lusso-avec-poignes-en-bois\/#primaryimage\",\"url\":\"https:\/\/i2.wp.com\/interpim.erresse-shop.it\/Import\/Prodotti\/la-pavoni-professional-lusso-con-manici-in-legno.jpg?ssl=1\",\"contentUrl\":\"https:\/\/i2.wp.com\/interpim.erresse-shop.it\/Import\/Prodotti\/la-pavoni-professional-lusso-con-manici-in-legno.jpg?ssl=1\"},{\"@type\":\"BreadcrumbList\",\"@id\":\"https:\/\/dev6.erresse-shop.it\/fr\/shop\/petits-electromenagers\/machines-cafe\/a-levier\/la-pavoni-machine-a-cafe-espresso-professional-lusso-avec-poignes-en-bois\/#breadcrumb\",\"itemListElement\":[{\"@type\":\"ListItem\",\"position\":1,\"name\":\"Home\",\"item\":\"https:\/\/dev6.erresse-shop.it\/\"},{\"@type\":\"ListItem\",\"position\":2,\"name\":\"Boutique\",\"item\":\"https:\/\/dev6.erresse-shop.it\/shop\/\"},{\"@type\":\"ListItem\",\"position\":3,\"name\":\"LA PAVONI Machine \u00e0 Caf\u00e9 Espresso Professional Lusso avec Poignes en Bois\"}]},{\"@type\":\"WebSite\",\"@id\":\"https:\/\/dev6.erresse-shop.it\/#website\",\"url\":\"https:\/\/dev6.erresse-shop.it\/\",\"name\":\"Erresse Shop\",\"description\":\"\",\"publisher\":{\"@id\":\"https:\/\/dev6.erresse-shop.it\/#organization\"},\"potentialAction\":[{\"@type\":\"SearchAction\",\"target\":{\"@type\":\"EntryPoint\",\"urlTemplate\":\"https:\/\/dev6.erresse-shop.it\/?s={search_term_string}\"},\"query-input\":{\"@type\":\"PropertyValueSpecification\",\"valueRequired\":true,\"valueName\":\"search_term_string\"}}],\"inLanguage\":\"fr-FR\"},{\"@type\":\"Organization\",\"@id\":\"https:\/\/dev6.erresse-shop.it\/#organization\",\"name\":\"Erresse Shop\",\"url\":\"https:\/\/dev6.erresse-shop.it\/\",\"logo\":{\"@type\":\"ImageObject\",\"inLanguage\":\"fr-FR\",\"@id\":\"https:\/\/dev6.erresse-shop.it\/#\/schema\/logo\/image\/\",\"url\":\"https:\/\/dev6.erresse-shop.it\/wp-content\/uploads\/2025\/01\/LOGO-ERRESSE-CLASSICO.svg\",\"contentUrl\":\"https:\/\/dev6.erresse-shop.it\/wp-content\/uploads\/2025\/01\/LOGO-ERRESSE-CLASSICO.svg\",\"caption\":\"Erresse Shop\"},\"image\":{\"@id\":\"https:\/\/dev6.erresse-shop.it\/#\/schema\/logo\/image\/\"}}]}<\/script>\n<!-- \/ Yoast SEO plugin. -->","yoast_head_json":{"title":"LA PAVONI Machine \u00e0 Caf\u00e9 Espresso Professional Lusso avec Poignes en Bois - dev6 Erresse","description":"Attention : pour un r\u00e9sultat optimal, utilisez UNIQUEMENT du caf\u00e9 moulu avec un bon moulin \u00e0 caf\u00e9 (Jolly, Kube Mill, Cylinder \u2013 La Pavoni s\u00e9rie) ou achet\u00e9","robots":{"index":"noindex","follow":"follow","max-snippet":"max-snippet:-1","max-image-preview":"max-image-preview:large","max-video-preview":"max-video-preview:-1"},"og_locale":"fr_FR","og_type":"article","og_title":"LA PAVONI Machine \u00e0 Caf\u00e9 Espresso Professional Lusso avec Poignes en Bois - dev6 Erresse","og_description":"Attention : pour un r\u00e9sultat optimal, utilisez UNIQUEMENT du caf\u00e9 moulu avec un bon moulin \u00e0 caf\u00e9 (Jolly, Kube Mill, Cylinder \u2013 La Pavoni s\u00e9rie) ou achet\u00e9","og_url":"https:\/\/dev6.erresse-shop.it\/fr\/shop\/petits-electromenagers\/machines-cafe\/a-levier\/la-pavoni-machine-a-cafe-espresso-professional-lusso-avec-poignes-en-bois\/","og_site_name":"dev6 Erresse","og_image":[{"url":"https:\/\/interpim.erresse-shop.it\/Import\/Prodotti\/la-pavoni-professional-lusso-con-manici-in-legno.jpg","type":"","width":"","height":""},{"url":"https:\/\/interpim.erresse-shop.it\/Import\/Prodotti\/la-pavoni-professional-lusso-con-manici-in-legno.jpg","width":1024,"height":1024,"type":"image\/jpeg"}],"twitter_card":"summary_large_image","twitter_image":"https:\/\/interpim.erresse-shop.it\/Import\/Prodotti\/la-pavoni-professional-lusso-con-manici-in-legno.jpg","schema":{"@context":"https:\/\/schema.org","@graph":[{"@type":"WebPage","@id":"https:\/\/dev6.erresse-shop.it\/fr\/shop\/petits-electromenagers\/machines-cafe\/a-levier\/la-pavoni-machine-a-cafe-espresso-professional-lusso-avec-poignes-en-bois\/","url":"https:\/\/dev6.erresse-shop.it\/fr\/shop\/petits-electromenagers\/machines-cafe\/a-levier\/la-pavoni-machine-a-cafe-espresso-professional-lusso-avec-poignes-en-bois\/","name":"LA PAVONI Machine \u00e0 Caf\u00e9 Espresso Professional Lusso avec Poignes en Bois - dev6 Erresse","isPartOf":{"@id":"https:\/\/dev6.erresse-shop.it\/#website"},"primaryImageOfPage":{"@id":"https:\/\/dev6.erresse-shop.it\/fr\/shop\/petits-electromenagers\/machines-cafe\/a-levier\/la-pavoni-machine-a-cafe-espresso-professional-lusso-avec-poignes-en-bois\/#primaryimage"},"image":{"@id":"https:\/\/dev6.erresse-shop.it\/fr\/shop\/petits-electromenagers\/machines-cafe\/a-levier\/la-pavoni-machine-a-cafe-espresso-professional-lusso-avec-poignes-en-bois\/#primaryimage"},"thumbnailUrl":"https:\/\/i2.wp.com\/interpim.erresse-shop.it\/Import\/Prodotti\/la-pavoni-professional-lusso-con-manici-in-legno.jpg?ssl=1","datePublished":"2026-04-04T06:22:25+00:00","description":"Attention : pour un r\u00e9sultat optimal, utilisez UNIQUEMENT du caf\u00e9 moulu avec un bon moulin \u00e0 caf\u00e9 (Jolly, Kube Mill, Cylinder \u2013 La Pavoni s\u00e9rie) ou achet\u00e9","breadcrumb":{"@id":"https:\/\/dev6.erresse-shop.it\/fr\/shop\/petits-electromenagers\/machines-cafe\/a-levier\/la-pavoni-machine-a-cafe-espresso-professional-lusso-avec-poignes-en-bois\/#breadcrumb"},"inLanguage":"fr-FR","potentialAction":[{"@type":"ReadAction","target":["https:\/\/dev6.erresse-shop.it\/fr\/shop\/petits-electromenagers\/machines-cafe\/a-levier\/la-pavoni-machine-a-cafe-espresso-professional-lusso-avec-poignes-en-bois\/"]}]},{"@type":"ImageObject","inLanguage":"fr-FR","@id":"https:\/\/dev6.erresse-shop.it\/fr\/shop\/petits-electromenagers\/machines-cafe\/a-levier\/la-pavoni-machine-a-cafe-espresso-professional-lusso-avec-poignes-en-bois\/#primaryimage","url":"https:\/\/i2.wp.com\/interpim.erresse-shop.it\/Import\/Prodotti\/la-pavoni-professional-lusso-con-manici-in-legno.jpg?ssl=1","contentUrl":"https:\/\/i2.wp.com\/interpim.erresse-shop.it\/Import\/Prodotti\/la-pavoni-professional-lusso-con-manici-in-legno.jpg?ssl=1"},{"@type":"BreadcrumbList","@id":"https:\/\/dev6.erresse-shop.it\/fr\/shop\/petits-electromenagers\/machines-cafe\/a-levier\/la-pavoni-machine-a-cafe-espresso-professional-lusso-avec-poignes-en-bois\/#breadcrumb","itemListElement":[{"@type":"ListItem","position":1,"name":"Home","item":"https:\/\/dev6.erresse-shop.it\/"},{"@type":"ListItem","position":2,"name":"Boutique","item":"https:\/\/dev6.erresse-shop.it\/shop\/"},{"@type":"ListItem","position":3,"name":"LA PAVONI Machine \u00e0 Caf\u00e9 Espresso Professional Lusso avec Poignes en Bois"}]},{"@type":"WebSite","@id":"https:\/\/dev6.erresse-shop.it\/#website","url":"https:\/\/dev6.erresse-shop.it\/","name":"Erresse Shop","description":"","publisher":{"@id":"https:\/\/dev6.erresse-shop.it\/#organization"},"potentialAction":[{"@type":"SearchAction","target":{"@type":"EntryPoint","urlTemplate":"https:\/\/dev6.erresse-shop.it\/?s={search_term_string}"},"query-input":{"@type":"PropertyValueSpecification","valueRequired":true,"valueName":"search_term_string"}}],"inLanguage":"fr-FR"},{"@type":"Organization","@id":"https:\/\/dev6.erresse-shop.it\/#organization","name":"Erresse Shop","url":"https:\/\/dev6.erresse-shop.it\/","logo":{"@type":"ImageObject","inLanguage":"fr-FR","@id":"https:\/\/dev6.erresse-shop.it\/#\/schema\/logo\/image\/","url":"https:\/\/dev6.erresse-shop.it\/wp-content\/uploads\/2025\/01\/LOGO-ERRESSE-CLASSICO.svg","contentUrl":"https:\/\/dev6.erresse-shop.it\/wp-content\/uploads\/2025\/01\/LOGO-ERRESSE-CLASSICO.svg","caption":"Erresse Shop"},"image":{"@id":"https:\/\/dev6.erresse-shop.it\/#\/schema\/logo\/image\/"}}]}},"df_price":849,"df_sale_price":849,"df_regular_price":949,"df_image_link":"https:\/\/i2.wp.com\/interpim.erresse-shop.it\/Import\/Prodotti\/la-pavoni-professional-lusso-con-manici-in-legno.jpg?resize=300,300&ssl=1","fifu_image_url":"https:\/\/interpim.erresse-shop.it\/Import\/Prodotti\/la-pavoni-professional-lusso-con-manici-in-legno.jpg","_links":{"self":[{"href":"https:\/\/dev6.erresse-shop.it\/fr\/wp-json\/wp\/v2\/product\/58367","targetHints":{"allow":["GET"]}}],"collection":[{"href":"https:\/\/dev6.erresse-shop.it\/fr\/wp-json\/wp\/v2\/product"}],"about":[{"href":"https:\/\/dev6.erresse-shop.it\/fr\/wp-json\/wp\/v2\/types\/product"}],"wp:featuredmedia":[{"embeddable":true,"href":"https:\/\/dev6.erresse-shop.it\/fr\/wp-json\/wp\/v2\/media\/6264824"}],"wp:attachment":[{"href":"https:\/\/dev6.erresse-shop.it\/fr\/wp-json\/wp\/v2\/media?parent=58367"}],"wp:term":[{"taxonomy":"product_cat","embeddable":true,"href":"https:\/\/dev6.erresse-shop.it\/fr\/wp-json\/wp\/v2\/product_cat?post=58367"},{"taxonomy":"product_tag","embeddable":true,"href":"https:\/\/dev6.erresse-shop.it\/fr\/wp-json\/wp\/v2\/product_tag?post=58367"}],"curies":[{"name":"wp","href":"https:\/\/api.w.org\/{rel}","templated":true}]}}