{"id":58291,"date":"2026-04-16T18:57:28","date_gmt":"2026-04-16T16:57:28","guid":{"rendered":"https:\/\/dev6.erresse-shop.it\/shop\/non%20class\u00e9\/zafferano-goto-muranese-set-6-verres-feuille-dargent\/"},"modified":"2025-07-04T15:55:41","modified_gmt":"2025-07-04T13:55:41","slug":"zafferano-goto-muranese-set-6-verres-feuille-dargent","status":"publish","type":"product","link":"https:\/\/dev6.erresse-shop.it\/fr\/shop\/table-fr-2\/verres\/zafferano-goto-muranese-set-6-verres-feuille-dargent\/","title":{"rendered":"ZAFFERANO Goto Muranese Set 6 Verres Feuille d&#8217;Argent"},"content":{"rendered":"<p>Les verres peuvent \u00eatre achet\u00e9s en paquets de six pi\u00e8ces assorties par nos soins.<\/p>\n<p>Beaucoup de choses ont chang\u00e9 \u00e0 Murano au cours des 20 derni\u00e8res ann\u00e9es et cette collection relance le d\u00e9but de la production commerciale de gobelets pour le march\u00e9 mondial, aux c\u00f4t\u00e9s des collections sur mesure pour acheteurs priv\u00e9s, qui constituent le pilier de l\u2019usine depuis quelques ann\u00e9es.<\/p>\n<p>Des techniques traditionnelles de fabrication du verre sont utilis\u00e9es pour cr\u00e9er ces superbes pi\u00e8ces, avec l\u2019ajout de magnifiques \u00e9l\u00e9ments tels que de la murrine, des tiges de verre et des feuilles d\u2019argent, ce qui les rend uniques et hautement collectionnables !<\/p>\n<p>Chaque pi\u00e8ce est une \u0153uvre d\u2019art et a sa propre personnalit\u00e9\u2026<br \/>\nil n\u2019y aura jamais deux pi\u00e8ces identiques !<\/p>\n<p>Dimensions : CL : 44 D : 85 mm H : 105 mm (peut varier en raison de la technique de fabrication artisanale)<\/p>\n<p>\u00a0<\/p>\n","protected":false},"excerpt":{"rendered":"<p>Les verres peuvent \u00eatre achet\u00e9s en paquets de six pi\u00e8ces assorties par nos soins. Beaucoup de choses ont chang\u00e9 \u00e0 Murano au cours des 20 derni\u00e8res ann\u00e9es et cette collection relance le d\u00e9but de la production commerciale de gobelets pour le march\u00e9 mondial, aux c\u00f4t\u00e9s des collections sur mesure pour acheteurs priv\u00e9s, qui constituent le [&hellip;]<\/p>\n","protected":false},"featured_media":6487042,"template":"","meta":{"_acf_changed":false},"product_cat":[11995,11671,12009],"product_tag":[],"class_list":{"0":"post-58291","1":"product","2":"type-product","3":"status-publish","4":"has-post-thumbnail","6":"product_cat-table-fr-2","7":"product_cat-tavola","8":"product_cat-verres","10":"first","11":"outofstock","12":"taxable","13":"shipping-taxable","14":"product-type-simple","swatches":"rey-swatches","show_selected":"","stretch_labels":"rey-swatches--stretch-labels"},"acf":[],"yoast_head":"<!-- This site is optimized with the Yoast SEO plugin v25.4 - https:\/\/yoast.com\/wordpress\/plugins\/seo\/ -->\n<title>ZAFFERANO Goto Muranese Set 6 Verres Feuille d&#8217;Argent - dev6 Erresse<\/title>\n<meta name=\"description\" content=\"Les verres peuvent \u00eatre achet\u00e9s en paquets de six pi\u00e8ces assorties par nos soins. Beaucoup de choses ont chang\u00e9 \u00e0 Murano au cours des 20 derni\u00e8res ann\u00e9es\" \/>\n<meta name=\"robots\" content=\"noindex, follow, max-snippet:-1, max-image-preview:large, max-video-preview:-1\" \/>\n<meta property=\"og:locale\" content=\"fr_FR\" \/>\n<meta property=\"og:type\" content=\"article\" \/>\n<meta property=\"og:title\" content=\"ZAFFERANO Goto Muranese Set 6 Verres Feuille d&#8217;Argent - dev6 Erresse\" \/>\n<meta property=\"og:description\" content=\"Les verres peuvent \u00eatre achet\u00e9s en paquets de six pi\u00e8ces assorties par nos soins. Beaucoup de choses ont chang\u00e9 \u00e0 Murano au cours des 20 derni\u00e8res ann\u00e9es\" \/>\n<meta property=\"og:url\" content=\"https:\/\/dev6.erresse-shop.it\/fr\/shop\/table-fr-2\/verres\/zafferano-goto-muranese-set-6-verres-feuille-dargent\/\" \/>\n<meta property=\"og:site_name\" content=\"dev6 Erresse\" \/>\n<meta property=\"og:image\" content=\"https:\/\/interpim.erresse-shop.it\/img-catalogo\/zafferano\/zafferano-goto-muranese-set-6-bicchieri-foglia-argento.jpg\" \/><meta property=\"og:image\" content=\"https:\/\/interpim.erresse-shop.it\/img-catalogo\/zafferano\/zafferano-goto-muranese-set-6-bicchieri-foglia-argento.jpg\" \/>\n\t<meta property=\"og:image:width\" content=\"1024\" \/>\n\t<meta property=\"og:image:height\" content=\"1024\" \/>\n\t<meta property=\"og:image:type\" content=\"image\/jpeg\" \/>\n<meta name=\"twitter:card\" content=\"summary_large_image\" \/>\n<meta name=\"twitter:image\" content=\"https:\/\/interpim.erresse-shop.it\/img-catalogo\/zafferano\/zafferano-goto-muranese-set-6-bicchieri-foglia-argento.jpg\" \/>\n<script type=\"application\/ld+json\" class=\"yoast-schema-graph\">{\"@context\":\"https:\/\/schema.org\",\"@graph\":[{\"@type\":\"WebPage\",\"@id\":\"https:\/\/dev6.erresse-shop.it\/fr\/shop\/table-fr-2\/verres\/zafferano-goto-muranese-set-6-verres-feuille-dargent\/\",\"url\":\"https:\/\/dev6.erresse-shop.it\/fr\/shop\/table-fr-2\/verres\/zafferano-goto-muranese-set-6-verres-feuille-dargent\/\",\"name\":\"ZAFFERANO Goto Muranese Set 6 Verres Feuille d&#8217;Argent - dev6 Erresse\",\"isPartOf\":{\"@id\":\"https:\/\/dev6.erresse-shop.it\/#website\"},\"primaryImageOfPage\":{\"@id\":\"https:\/\/dev6.erresse-shop.it\/fr\/shop\/table-fr-2\/verres\/zafferano-goto-muranese-set-6-verres-feuille-dargent\/#primaryimage\"},\"image\":{\"@id\":\"https:\/\/dev6.erresse-shop.it\/fr\/shop\/table-fr-2\/verres\/zafferano-goto-muranese-set-6-verres-feuille-dargent\/#primaryimage\"},\"thumbnailUrl\":\"https:\/\/i2.wp.com\/interpim.erresse-shop.it\/img-catalogo\/zafferano\/zafferano-goto-muranese-set-6-bicchieri-foglia-argento.jpg?ssl=1\",\"datePublished\":\"2026-04-16T16:57:28+00:00\",\"description\":\"Les verres peuvent \u00eatre achet\u00e9s en paquets de six pi\u00e8ces assorties par nos soins. Beaucoup de choses ont chang\u00e9 \u00e0 Murano au cours des 20 derni\u00e8res ann\u00e9es\",\"breadcrumb\":{\"@id\":\"https:\/\/dev6.erresse-shop.it\/fr\/shop\/table-fr-2\/verres\/zafferano-goto-muranese-set-6-verres-feuille-dargent\/#breadcrumb\"},\"inLanguage\":\"fr-FR\",\"potentialAction\":[{\"@type\":\"ReadAction\",\"target\":[\"https:\/\/dev6.erresse-shop.it\/fr\/shop\/table-fr-2\/verres\/zafferano-goto-muranese-set-6-verres-feuille-dargent\/\"]}]},{\"@type\":\"ImageObject\",\"inLanguage\":\"fr-FR\",\"@id\":\"https:\/\/dev6.erresse-shop.it\/fr\/shop\/table-fr-2\/verres\/zafferano-goto-muranese-set-6-verres-feuille-dargent\/#primaryimage\",\"url\":\"https:\/\/i2.wp.com\/interpim.erresse-shop.it\/img-catalogo\/zafferano\/zafferano-goto-muranese-set-6-bicchieri-foglia-argento.jpg?ssl=1\",\"contentUrl\":\"https:\/\/i2.wp.com\/interpim.erresse-shop.it\/img-catalogo\/zafferano\/zafferano-goto-muranese-set-6-bicchieri-foglia-argento.jpg?ssl=1\"},{\"@type\":\"BreadcrumbList\",\"@id\":\"https:\/\/dev6.erresse-shop.it\/fr\/shop\/table-fr-2\/verres\/zafferano-goto-muranese-set-6-verres-feuille-dargent\/#breadcrumb\",\"itemListElement\":[{\"@type\":\"ListItem\",\"position\":1,\"name\":\"Home\",\"item\":\"https:\/\/dev6.erresse-shop.it\/\"},{\"@type\":\"ListItem\",\"position\":2,\"name\":\"Boutique\",\"item\":\"https:\/\/dev6.erresse-shop.it\/shop\/\"},{\"@type\":\"ListItem\",\"position\":3,\"name\":\"ZAFFERANO Goto Muranese Set 6 Verres Feuille d&#8217;Argent\"}]},{\"@type\":\"WebSite\",\"@id\":\"https:\/\/dev6.erresse-shop.it\/#website\",\"url\":\"https:\/\/dev6.erresse-shop.it\/\",\"name\":\"Erresse Shop\",\"description\":\"\",\"publisher\":{\"@id\":\"https:\/\/dev6.erresse-shop.it\/#organization\"},\"potentialAction\":[{\"@type\":\"SearchAction\",\"target\":{\"@type\":\"EntryPoint\",\"urlTemplate\":\"https:\/\/dev6.erresse-shop.it\/?s={search_term_string}\"},\"query-input\":{\"@type\":\"PropertyValueSpecification\",\"valueRequired\":true,\"valueName\":\"search_term_string\"}}],\"inLanguage\":\"fr-FR\"},{\"@type\":\"Organization\",\"@id\":\"https:\/\/dev6.erresse-shop.it\/#organization\",\"name\":\"Erresse Shop\",\"url\":\"https:\/\/dev6.erresse-shop.it\/\",\"logo\":{\"@type\":\"ImageObject\",\"inLanguage\":\"fr-FR\",\"@id\":\"https:\/\/dev6.erresse-shop.it\/#\/schema\/logo\/image\/\",\"url\":\"https:\/\/dev6.erresse-shop.it\/wp-content\/uploads\/2025\/01\/LOGO-ERRESSE-CLASSICO.svg\",\"contentUrl\":\"https:\/\/dev6.erresse-shop.it\/wp-content\/uploads\/2025\/01\/LOGO-ERRESSE-CLASSICO.svg\",\"caption\":\"Erresse Shop\"},\"image\":{\"@id\":\"https:\/\/dev6.erresse-shop.it\/#\/schema\/logo\/image\/\"}}]}<\/script>\n<!-- \/ Yoast SEO plugin. -->","yoast_head_json":{"title":"ZAFFERANO Goto Muranese Set 6 Verres Feuille d&#8217;Argent - dev6 Erresse","description":"Les verres peuvent \u00eatre achet\u00e9s en paquets de six pi\u00e8ces assorties par nos soins. Beaucoup de choses ont chang\u00e9 \u00e0 Murano au cours des 20 derni\u00e8res ann\u00e9es","robots":{"index":"noindex","follow":"follow","max-snippet":"max-snippet:-1","max-image-preview":"max-image-preview:large","max-video-preview":"max-video-preview:-1"},"og_locale":"fr_FR","og_type":"article","og_title":"ZAFFERANO Goto Muranese Set 6 Verres Feuille d&#8217;Argent - dev6 Erresse","og_description":"Les verres peuvent \u00eatre achet\u00e9s en paquets de six pi\u00e8ces assorties par nos soins. Beaucoup de choses ont chang\u00e9 \u00e0 Murano au cours des 20 derni\u00e8res ann\u00e9es","og_url":"https:\/\/dev6.erresse-shop.it\/fr\/shop\/table-fr-2\/verres\/zafferano-goto-muranese-set-6-verres-feuille-dargent\/","og_site_name":"dev6 Erresse","og_image":[{"url":"https:\/\/interpim.erresse-shop.it\/img-catalogo\/zafferano\/zafferano-goto-muranese-set-6-bicchieri-foglia-argento.jpg","type":"","width":"","height":""},{"url":"https:\/\/interpim.erresse-shop.it\/img-catalogo\/zafferano\/zafferano-goto-muranese-set-6-bicchieri-foglia-argento.jpg","width":1024,"height":1024,"type":"image\/jpeg"}],"twitter_card":"summary_large_image","twitter_image":"https:\/\/interpim.erresse-shop.it\/img-catalogo\/zafferano\/zafferano-goto-muranese-set-6-bicchieri-foglia-argento.jpg","schema":{"@context":"https:\/\/schema.org","@graph":[{"@type":"WebPage","@id":"https:\/\/dev6.erresse-shop.it\/fr\/shop\/table-fr-2\/verres\/zafferano-goto-muranese-set-6-verres-feuille-dargent\/","url":"https:\/\/dev6.erresse-shop.it\/fr\/shop\/table-fr-2\/verres\/zafferano-goto-muranese-set-6-verres-feuille-dargent\/","name":"ZAFFERANO Goto Muranese Set 6 Verres Feuille d&#8217;Argent - dev6 Erresse","isPartOf":{"@id":"https:\/\/dev6.erresse-shop.it\/#website"},"primaryImageOfPage":{"@id":"https:\/\/dev6.erresse-shop.it\/fr\/shop\/table-fr-2\/verres\/zafferano-goto-muranese-set-6-verres-feuille-dargent\/#primaryimage"},"image":{"@id":"https:\/\/dev6.erresse-shop.it\/fr\/shop\/table-fr-2\/verres\/zafferano-goto-muranese-set-6-verres-feuille-dargent\/#primaryimage"},"thumbnailUrl":"https:\/\/i2.wp.com\/interpim.erresse-shop.it\/img-catalogo\/zafferano\/zafferano-goto-muranese-set-6-bicchieri-foglia-argento.jpg?ssl=1","datePublished":"2026-04-16T16:57:28+00:00","description":"Les verres peuvent \u00eatre achet\u00e9s en paquets de six pi\u00e8ces assorties par nos soins. Beaucoup de choses ont chang\u00e9 \u00e0 Murano au cours des 20 derni\u00e8res ann\u00e9es","breadcrumb":{"@id":"https:\/\/dev6.erresse-shop.it\/fr\/shop\/table-fr-2\/verres\/zafferano-goto-muranese-set-6-verres-feuille-dargent\/#breadcrumb"},"inLanguage":"fr-FR","potentialAction":[{"@type":"ReadAction","target":["https:\/\/dev6.erresse-shop.it\/fr\/shop\/table-fr-2\/verres\/zafferano-goto-muranese-set-6-verres-feuille-dargent\/"]}]},{"@type":"ImageObject","inLanguage":"fr-FR","@id":"https:\/\/dev6.erresse-shop.it\/fr\/shop\/table-fr-2\/verres\/zafferano-goto-muranese-set-6-verres-feuille-dargent\/#primaryimage","url":"https:\/\/i2.wp.com\/interpim.erresse-shop.it\/img-catalogo\/zafferano\/zafferano-goto-muranese-set-6-bicchieri-foglia-argento.jpg?ssl=1","contentUrl":"https:\/\/i2.wp.com\/interpim.erresse-shop.it\/img-catalogo\/zafferano\/zafferano-goto-muranese-set-6-bicchieri-foglia-argento.jpg?ssl=1"},{"@type":"BreadcrumbList","@id":"https:\/\/dev6.erresse-shop.it\/fr\/shop\/table-fr-2\/verres\/zafferano-goto-muranese-set-6-verres-feuille-dargent\/#breadcrumb","itemListElement":[{"@type":"ListItem","position":1,"name":"Home","item":"https:\/\/dev6.erresse-shop.it\/"},{"@type":"ListItem","position":2,"name":"Boutique","item":"https:\/\/dev6.erresse-shop.it\/shop\/"},{"@type":"ListItem","position":3,"name":"ZAFFERANO Goto Muranese Set 6 Verres Feuille d&#8217;Argent"}]},{"@type":"WebSite","@id":"https:\/\/dev6.erresse-shop.it\/#website","url":"https:\/\/dev6.erresse-shop.it\/","name":"Erresse Shop","description":"","publisher":{"@id":"https:\/\/dev6.erresse-shop.it\/#organization"},"potentialAction":[{"@type":"SearchAction","target":{"@type":"EntryPoint","urlTemplate":"https:\/\/dev6.erresse-shop.it\/?s={search_term_string}"},"query-input":{"@type":"PropertyValueSpecification","valueRequired":true,"valueName":"search_term_string"}}],"inLanguage":"fr-FR"},{"@type":"Organization","@id":"https:\/\/dev6.erresse-shop.it\/#organization","name":"Erresse Shop","url":"https:\/\/dev6.erresse-shop.it\/","logo":{"@type":"ImageObject","inLanguage":"fr-FR","@id":"https:\/\/dev6.erresse-shop.it\/#\/schema\/logo\/image\/","url":"https:\/\/dev6.erresse-shop.it\/wp-content\/uploads\/2025\/01\/LOGO-ERRESSE-CLASSICO.svg","contentUrl":"https:\/\/dev6.erresse-shop.it\/wp-content\/uploads\/2025\/01\/LOGO-ERRESSE-CLASSICO.svg","caption":"Erresse Shop"},"image":{"@id":"https:\/\/dev6.erresse-shop.it\/#\/schema\/logo\/image\/"}}]}},"df_price":"","df_sale_price":"","df_regular_price":"","df_image_link":"https:\/\/i2.wp.com\/interpim.erresse-shop.it\/img-catalogo\/zafferano\/zafferano-goto-muranese-set-6-bicchieri-foglia-argento.jpg?resize=300,300&ssl=1","fifu_image_url":"https:\/\/interpim.erresse-shop.it\/img-catalogo\/zafferano\/zafferano-goto-muranese-set-6-bicchieri-foglia-argento.jpg","_links":{"self":[{"href":"https:\/\/dev6.erresse-shop.it\/fr\/wp-json\/wp\/v2\/product\/58291","targetHints":{"allow":["GET"]}}],"collection":[{"href":"https:\/\/dev6.erresse-shop.it\/fr\/wp-json\/wp\/v2\/product"}],"about":[{"href":"https:\/\/dev6.erresse-shop.it\/fr\/wp-json\/wp\/v2\/types\/product"}],"wp:featuredmedia":[{"embeddable":true,"href":"https:\/\/dev6.erresse-shop.it\/fr\/wp-json\/wp\/v2\/media\/6487042"}],"wp:attachment":[{"href":"https:\/\/dev6.erresse-shop.it\/fr\/wp-json\/wp\/v2\/media?parent=58291"}],"wp:term":[{"taxonomy":"product_cat","embeddable":true,"href":"https:\/\/dev6.erresse-shop.it\/fr\/wp-json\/wp\/v2\/product_cat?post=58291"},{"taxonomy":"product_tag","embeddable":true,"href":"https:\/\/dev6.erresse-shop.it\/fr\/wp-json\/wp\/v2\/product_tag?post=58291"}],"curies":[{"name":"wp","href":"https:\/\/api.w.org\/{rel}","templated":true}]}}