{"id":58273,"date":"2026-04-16T18:57:28","date_gmt":"2026-04-16T16:57:28","guid":{"rendered":"https:\/\/dev6.erresse-shop.it\/shop\/non%20class\u00e9\/staub-cocotte-ovale-37-cm-la-mer\/"},"modified":"2025-09-14T04:09:57","modified_gmt":"2025-09-14T02:09:57","slug":"staub-cocotte-ovale-37-cm-la-mer","status":"publish","type":"product","link":"https:\/\/dev6.erresse-shop.it\/fr\/shop\/poeles-pots\/marmites-et-cocottes-poeles-pots\/staub-cocotte-ovale-37-cm-la-mer\/","title":{"rendered":"STAUB Cocotte Ovale 37 cm La Mer"},"content":{"rendered":"<p>Les ustensiles de cuisine en fonte Staub sont la marque incontournable de nombreux chefs professionnels, dont Paul Bocuse. Ils conviennent \u00e0 tous les feux, y compris l\u2019induction, et peuvent \u00eatre amen\u00e9s directement \u00e0 table d\u00e8s leur retrait du feu. De cette fa\u00e7on, les plats restent chauds longtemps et peuvent \u00eatre servis avec style. Gr\u00e2ce \u00e0 la structure innovante de la partie inf\u00e9rieure du couvercle, de la condensation se forme pendant la cuisson qui s\u2019\u00e9coule ensuite uniform\u00e9ment avec les ar\u00f4mes sur le plat. Ce sont des casseroles con\u00e7ues pour les chefs professionnels et non professionnels, mais aussi pour les d\u00e9butants curieux qui souhaitent d\u00e9couvrir les m\u00e9rites d\u2019une cuisine saine et savoureuse.<\/p>\n<p>La fonte est un mat\u00e9riau sup\u00e9rieur qui retient la chaleur plus que tout autre mat\u00e9riau, la diffuse progressivement et la distribue de mani\u00e8re parfaitement homog\u00e8ne, permettant une cuisson parfaite. Staub offre tous les avantages d\u2019une cuisine moderne.<br \/>\nFabrication fran\u00e7aise : Artisanat fran\u00e7ais traditionnel et authentique avec un savoir-faire innovant en mati\u00e8re de couleurs.<br \/>\nInnovation : Gr\u00e2ce \u00e0 la fermeture parfaite du couvercle sur la cocotte, il y a moins de perte d\u2019humidit\u00e9 lors de la cuisson.<br \/>\nIl a \u00e9t\u00e9 v\u00e9rifi\u00e9 qu\u2019il reste 10 % d\u2019humidit\u00e9 en plus \u00e0 l\u2019int\u00e9rieur d\u2019une cocotte Staub apr\u00e8s 55 minutes de cuisson, par rapport aux produits concurrents.<br \/>\nDe plus, le syst\u00e8me de pulv\u00e9risation compos\u00e9 de nombreux h\u00e9misph\u00e8res r\u00e9partis sur la surface interne plane du couvercle, d\u00e9termine un effet de \u00ab gouttes d\u2019eau \u00bb qui tombent en continu sur les aliments contenus dans la cocotte. Le cycle de pulv\u00e9risation permet de conserver toutes les saveurs et valeurs nutritionnelles des ingr\u00e9dients.<br \/>\nMat\u00e9riau : Int\u00e9rieur en \u00e9mail noir mat pour braiser et r\u00f4tir sans coller. D\u2019autres avantages importants sont la facilit\u00e9 de nettoyage et l\u2019inalt\u00e9rabilit\u00e9 dans le temps, gr\u00e2ce \u00e0 la haute r\u00e9sistance aux rayures et aux temp\u00e9ratures \u00e9lev\u00e9es.<\/p>\n<p>Solution id\u00e9ale pour toutes les sources de chaleur : Parfait pour toutes les sources de chaleur. Chaque cocotte est recouverte d\u2019un \u00e9mail de qualit\u00e9 sup\u00e9rieure qui permet une plus grande r\u00e9sistance aux chocs thermiques et aux rayures.<\/p>\n","protected":false},"excerpt":{"rendered":"<p>Les ustensiles de cuisine en fonte Staub sont la marque incontournable de nombreux chefs professionnels, dont Paul Bocuse. Ils conviennent \u00e0 tous les feux, y compris l\u2019induction, et peuvent \u00eatre amen\u00e9s directement \u00e0 table d\u00e8s leur retrait du feu. De cette fa\u00e7on, les plats restent chauds longtemps et peuvent \u00eatre servis avec style. Gr\u00e2ce \u00e0 [&hellip;]<\/p>\n","protected":false},"featured_media":6486919,"template":"","meta":{"_acf_changed":false},"product_cat":[12000,11667,11991],"product_tag":[],"class_list":{"0":"post-58273","1":"product","2":"type-product","3":"status-publish","4":"has-post-thumbnail","6":"product_cat-marmites-et-cocottes-poeles-pots","7":"product_cat-padelle-pentole","8":"product_cat-poeles-pots","10":"first","11":"outofstock","12":"sale","13":"taxable","14":"shipping-taxable","15":"purchasable","16":"product-type-simple","swatches":"rey-swatches","show_selected":"","stretch_labels":"rey-swatches--stretch-labels"},"acf":[],"yoast_head":"<!-- This site is optimized with the Yoast SEO plugin v25.4 - https:\/\/yoast.com\/wordpress\/plugins\/seo\/ -->\n<title>STAUB Cocotte Ovale 37 cm La Mer - dev6 Erresse<\/title>\n<meta name=\"description\" content=\"Les ustensiles de cuisine en fonte Staub sont la marque incontournable de nombreux chefs professionnels, dont Paul Bocuse. Ils conviennent \u00e0 tous les\" \/>\n<meta name=\"robots\" content=\"noindex, follow, max-snippet:-1, max-image-preview:large, max-video-preview:-1\" \/>\n<meta property=\"og:locale\" content=\"fr_FR\" \/>\n<meta property=\"og:type\" content=\"article\" \/>\n<meta property=\"og:title\" content=\"STAUB Cocotte Ovale 37 cm La Mer - dev6 Erresse\" \/>\n<meta property=\"og:description\" content=\"Les ustensiles de cuisine en fonte Staub sont la marque incontournable de nombreux chefs professionnels, dont Paul Bocuse. Ils conviennent \u00e0 tous les\" \/>\n<meta property=\"og:url\" content=\"https:\/\/dev6.erresse-shop.it\/fr\/shop\/poeles-pots\/marmites-et-cocottes-poeles-pots\/staub-cocotte-ovale-37-cm-la-mer\/\" \/>\n<meta property=\"og:site_name\" content=\"dev6 Erresse\" \/>\n<meta property=\"og:image\" content=\"https:\/\/interpim.erresse-shop.it\/Import\/Prodotti\/37-blu-la-mer-2.jpg\" \/><meta property=\"og:image\" content=\"https:\/\/interpim.erresse-shop.it\/Import\/Prodotti\/37-blu-la-mer-2.jpg\" \/>\n\t<meta property=\"og:image:width\" content=\"1024\" \/>\n\t<meta property=\"og:image:height\" content=\"1024\" \/>\n\t<meta property=\"og:image:type\" content=\"image\/jpeg\" \/>\n<meta name=\"twitter:card\" content=\"summary_large_image\" \/>\n<meta name=\"twitter:image\" content=\"https:\/\/interpim.erresse-shop.it\/Import\/Prodotti\/37-blu-la-mer-2.jpg\" \/>\n<script type=\"application\/ld+json\" class=\"yoast-schema-graph\">{\"@context\":\"https:\/\/schema.org\",\"@graph\":[{\"@type\":\"WebPage\",\"@id\":\"https:\/\/dev6.erresse-shop.it\/fr\/shop\/poeles-pots\/marmites-et-cocottes-poeles-pots\/staub-cocotte-ovale-37-cm-la-mer\/\",\"url\":\"https:\/\/dev6.erresse-shop.it\/fr\/shop\/poeles-pots\/marmites-et-cocottes-poeles-pots\/staub-cocotte-ovale-37-cm-la-mer\/\",\"name\":\"STAUB Cocotte Ovale 37 cm La Mer - dev6 Erresse\",\"isPartOf\":{\"@id\":\"https:\/\/dev6.erresse-shop.it\/#website\"},\"primaryImageOfPage\":{\"@id\":\"https:\/\/dev6.erresse-shop.it\/fr\/shop\/poeles-pots\/marmites-et-cocottes-poeles-pots\/staub-cocotte-ovale-37-cm-la-mer\/#primaryimage\"},\"image\":{\"@id\":\"https:\/\/dev6.erresse-shop.it\/fr\/shop\/poeles-pots\/marmites-et-cocottes-poeles-pots\/staub-cocotte-ovale-37-cm-la-mer\/#primaryimage\"},\"thumbnailUrl\":\"https:\/\/i3.wp.com\/interpim.erresse-shop.it\/Import\/Prodotti\/37-blu-la-mer-2.jpg?ssl=1\",\"datePublished\":\"2026-04-16T16:57:28+00:00\",\"description\":\"Les ustensiles de cuisine en fonte Staub sont la marque incontournable de nombreux chefs professionnels, dont Paul Bocuse. Ils conviennent \u00e0 tous les\",\"breadcrumb\":{\"@id\":\"https:\/\/dev6.erresse-shop.it\/fr\/shop\/poeles-pots\/marmites-et-cocottes-poeles-pots\/staub-cocotte-ovale-37-cm-la-mer\/#breadcrumb\"},\"inLanguage\":\"fr-FR\",\"potentialAction\":[{\"@type\":\"ReadAction\",\"target\":[\"https:\/\/dev6.erresse-shop.it\/fr\/shop\/poeles-pots\/marmites-et-cocottes-poeles-pots\/staub-cocotte-ovale-37-cm-la-mer\/\"]}]},{\"@type\":\"ImageObject\",\"inLanguage\":\"fr-FR\",\"@id\":\"https:\/\/dev6.erresse-shop.it\/fr\/shop\/poeles-pots\/marmites-et-cocottes-poeles-pots\/staub-cocotte-ovale-37-cm-la-mer\/#primaryimage\",\"url\":\"https:\/\/i3.wp.com\/interpim.erresse-shop.it\/Import\/Prodotti\/37-blu-la-mer-2.jpg?ssl=1\",\"contentUrl\":\"https:\/\/i3.wp.com\/interpim.erresse-shop.it\/Import\/Prodotti\/37-blu-la-mer-2.jpg?ssl=1\"},{\"@type\":\"BreadcrumbList\",\"@id\":\"https:\/\/dev6.erresse-shop.it\/fr\/shop\/poeles-pots\/marmites-et-cocottes-poeles-pots\/staub-cocotte-ovale-37-cm-la-mer\/#breadcrumb\",\"itemListElement\":[{\"@type\":\"ListItem\",\"position\":1,\"name\":\"Home\",\"item\":\"https:\/\/dev6.erresse-shop.it\/\"},{\"@type\":\"ListItem\",\"position\":2,\"name\":\"Boutique\",\"item\":\"https:\/\/dev6.erresse-shop.it\/shop\/\"},{\"@type\":\"ListItem\",\"position\":3,\"name\":\"STAUB Cocotte Ovale 37 cm La Mer\"}]},{\"@type\":\"WebSite\",\"@id\":\"https:\/\/dev6.erresse-shop.it\/#website\",\"url\":\"https:\/\/dev6.erresse-shop.it\/\",\"name\":\"Erresse Shop\",\"description\":\"\",\"publisher\":{\"@id\":\"https:\/\/dev6.erresse-shop.it\/#organization\"},\"potentialAction\":[{\"@type\":\"SearchAction\",\"target\":{\"@type\":\"EntryPoint\",\"urlTemplate\":\"https:\/\/dev6.erresse-shop.it\/?s={search_term_string}\"},\"query-input\":{\"@type\":\"PropertyValueSpecification\",\"valueRequired\":true,\"valueName\":\"search_term_string\"}}],\"inLanguage\":\"fr-FR\"},{\"@type\":\"Organization\",\"@id\":\"https:\/\/dev6.erresse-shop.it\/#organization\",\"name\":\"Erresse Shop\",\"url\":\"https:\/\/dev6.erresse-shop.it\/\",\"logo\":{\"@type\":\"ImageObject\",\"inLanguage\":\"fr-FR\",\"@id\":\"https:\/\/dev6.erresse-shop.it\/#\/schema\/logo\/image\/\",\"url\":\"https:\/\/dev6.erresse-shop.it\/wp-content\/uploads\/2025\/01\/LOGO-ERRESSE-CLASSICO.svg\",\"contentUrl\":\"https:\/\/dev6.erresse-shop.it\/wp-content\/uploads\/2025\/01\/LOGO-ERRESSE-CLASSICO.svg\",\"caption\":\"Erresse Shop\"},\"image\":{\"@id\":\"https:\/\/dev6.erresse-shop.it\/#\/schema\/logo\/image\/\"}}]}<\/script>\n<!-- \/ Yoast SEO plugin. -->","yoast_head_json":{"title":"STAUB Cocotte Ovale 37 cm La Mer - dev6 Erresse","description":"Les ustensiles de cuisine en fonte Staub sont la marque incontournable de nombreux chefs professionnels, dont Paul Bocuse. Ils conviennent \u00e0 tous les","robots":{"index":"noindex","follow":"follow","max-snippet":"max-snippet:-1","max-image-preview":"max-image-preview:large","max-video-preview":"max-video-preview:-1"},"og_locale":"fr_FR","og_type":"article","og_title":"STAUB Cocotte Ovale 37 cm La Mer - dev6 Erresse","og_description":"Les ustensiles de cuisine en fonte Staub sont la marque incontournable de nombreux chefs professionnels, dont Paul Bocuse. Ils conviennent \u00e0 tous les","og_url":"https:\/\/dev6.erresse-shop.it\/fr\/shop\/poeles-pots\/marmites-et-cocottes-poeles-pots\/staub-cocotte-ovale-37-cm-la-mer\/","og_site_name":"dev6 Erresse","og_image":[{"url":"https:\/\/interpim.erresse-shop.it\/Import\/Prodotti\/37-blu-la-mer-2.jpg","type":"","width":"","height":""},{"url":"https:\/\/interpim.erresse-shop.it\/Import\/Prodotti\/37-blu-la-mer-2.jpg","width":1024,"height":1024,"type":"image\/jpeg"}],"twitter_card":"summary_large_image","twitter_image":"https:\/\/interpim.erresse-shop.it\/Import\/Prodotti\/37-blu-la-mer-2.jpg","schema":{"@context":"https:\/\/schema.org","@graph":[{"@type":"WebPage","@id":"https:\/\/dev6.erresse-shop.it\/fr\/shop\/poeles-pots\/marmites-et-cocottes-poeles-pots\/staub-cocotte-ovale-37-cm-la-mer\/","url":"https:\/\/dev6.erresse-shop.it\/fr\/shop\/poeles-pots\/marmites-et-cocottes-poeles-pots\/staub-cocotte-ovale-37-cm-la-mer\/","name":"STAUB Cocotte Ovale 37 cm La Mer - dev6 Erresse","isPartOf":{"@id":"https:\/\/dev6.erresse-shop.it\/#website"},"primaryImageOfPage":{"@id":"https:\/\/dev6.erresse-shop.it\/fr\/shop\/poeles-pots\/marmites-et-cocottes-poeles-pots\/staub-cocotte-ovale-37-cm-la-mer\/#primaryimage"},"image":{"@id":"https:\/\/dev6.erresse-shop.it\/fr\/shop\/poeles-pots\/marmites-et-cocottes-poeles-pots\/staub-cocotte-ovale-37-cm-la-mer\/#primaryimage"},"thumbnailUrl":"https:\/\/i3.wp.com\/interpim.erresse-shop.it\/Import\/Prodotti\/37-blu-la-mer-2.jpg?ssl=1","datePublished":"2026-04-16T16:57:28+00:00","description":"Les ustensiles de cuisine en fonte Staub sont la marque incontournable de nombreux chefs professionnels, dont Paul Bocuse. Ils conviennent \u00e0 tous les","breadcrumb":{"@id":"https:\/\/dev6.erresse-shop.it\/fr\/shop\/poeles-pots\/marmites-et-cocottes-poeles-pots\/staub-cocotte-ovale-37-cm-la-mer\/#breadcrumb"},"inLanguage":"fr-FR","potentialAction":[{"@type":"ReadAction","target":["https:\/\/dev6.erresse-shop.it\/fr\/shop\/poeles-pots\/marmites-et-cocottes-poeles-pots\/staub-cocotte-ovale-37-cm-la-mer\/"]}]},{"@type":"ImageObject","inLanguage":"fr-FR","@id":"https:\/\/dev6.erresse-shop.it\/fr\/shop\/poeles-pots\/marmites-et-cocottes-poeles-pots\/staub-cocotte-ovale-37-cm-la-mer\/#primaryimage","url":"https:\/\/i3.wp.com\/interpim.erresse-shop.it\/Import\/Prodotti\/37-blu-la-mer-2.jpg?ssl=1","contentUrl":"https:\/\/i3.wp.com\/interpim.erresse-shop.it\/Import\/Prodotti\/37-blu-la-mer-2.jpg?ssl=1"},{"@type":"BreadcrumbList","@id":"https:\/\/dev6.erresse-shop.it\/fr\/shop\/poeles-pots\/marmites-et-cocottes-poeles-pots\/staub-cocotte-ovale-37-cm-la-mer\/#breadcrumb","itemListElement":[{"@type":"ListItem","position":1,"name":"Home","item":"https:\/\/dev6.erresse-shop.it\/"},{"@type":"ListItem","position":2,"name":"Boutique","item":"https:\/\/dev6.erresse-shop.it\/shop\/"},{"@type":"ListItem","position":3,"name":"STAUB Cocotte Ovale 37 cm La Mer"}]},{"@type":"WebSite","@id":"https:\/\/dev6.erresse-shop.it\/#website","url":"https:\/\/dev6.erresse-shop.it\/","name":"Erresse Shop","description":"","publisher":{"@id":"https:\/\/dev6.erresse-shop.it\/#organization"},"potentialAction":[{"@type":"SearchAction","target":{"@type":"EntryPoint","urlTemplate":"https:\/\/dev6.erresse-shop.it\/?s={search_term_string}"},"query-input":{"@type":"PropertyValueSpecification","valueRequired":true,"valueName":"search_term_string"}}],"inLanguage":"fr-FR"},{"@type":"Organization","@id":"https:\/\/dev6.erresse-shop.it\/#organization","name":"Erresse Shop","url":"https:\/\/dev6.erresse-shop.it\/","logo":{"@type":"ImageObject","inLanguage":"fr-FR","@id":"https:\/\/dev6.erresse-shop.it\/#\/schema\/logo\/image\/","url":"https:\/\/dev6.erresse-shop.it\/wp-content\/uploads\/2025\/01\/LOGO-ERRESSE-CLASSICO.svg","contentUrl":"https:\/\/dev6.erresse-shop.it\/wp-content\/uploads\/2025\/01\/LOGO-ERRESSE-CLASSICO.svg","caption":"Erresse Shop"},"image":{"@id":"https:\/\/dev6.erresse-shop.it\/#\/schema\/logo\/image\/"}}]}},"df_price":229.95,"df_sale_price":229.95,"df_regular_price":359,"df_image_link":"https:\/\/i3.wp.com\/interpim.erresse-shop.it\/Import\/Prodotti\/37-blu-la-mer-2.jpg?resize=300,300&ssl=1","fifu_image_url":"https:\/\/interpim.erresse-shop.it\/Import\/Prodotti\/37-blu-la-mer-2.jpg","_links":{"self":[{"href":"https:\/\/dev6.erresse-shop.it\/fr\/wp-json\/wp\/v2\/product\/58273","targetHints":{"allow":["GET"]}}],"collection":[{"href":"https:\/\/dev6.erresse-shop.it\/fr\/wp-json\/wp\/v2\/product"}],"about":[{"href":"https:\/\/dev6.erresse-shop.it\/fr\/wp-json\/wp\/v2\/types\/product"}],"wp:featuredmedia":[{"embeddable":true,"href":"https:\/\/dev6.erresse-shop.it\/fr\/wp-json\/wp\/v2\/media\/6486919"}],"wp:attachment":[{"href":"https:\/\/dev6.erresse-shop.it\/fr\/wp-json\/wp\/v2\/media?parent=58273"}],"wp:term":[{"taxonomy":"product_cat","embeddable":true,"href":"https:\/\/dev6.erresse-shop.it\/fr\/wp-json\/wp\/v2\/product_cat?post=58273"},{"taxonomy":"product_tag","embeddable":true,"href":"https:\/\/dev6.erresse-shop.it\/fr\/wp-json\/wp\/v2\/product_tag?post=58273"}],"curies":[{"name":"wp","href":"https:\/\/api.w.org\/{rel}","templated":true}]}}