{"id":58265,"date":"2026-04-16T18:56:41","date_gmt":"2026-04-16T16:56:41","guid":{"rendered":"https:\/\/dev6.erresse-shop.it\/shop\/non%20class\u00e9\/zwilling-enfinigy-bouilloire-electrique\/"},"modified":"2025-07-04T15:55:18","modified_gmt":"2025-07-04T13:55:18","slug":"zwilling-enfinigy-bouilloire-electrique","status":"publish","type":"product","link":"https:\/\/dev6.erresse-shop.it\/fr\/shop\/petits-electromenagers\/bouilloires-electriques\/zwilling-enfinigy-bouilloire-electrique\/","title":{"rendered":"ZWILLING Enfinigy Bouilloire \u00c9lectrique"},"content":{"rendered":"<p>Une pi\u00e8ce de design pour un usage quotidien : la bouilloire \u00e9lectrique ENFINIGY avec isolation thermique se distingue par son design contemporain intemporel. La construction double paroi de la bouilloire garde votre eau bien au chaud plus longtemps et reste froide au toucher.<br \/>\nLe couvercle \u00e0 ouverture progressive jusqu\u2019\u00e0 70\u00b0 maximum emp\u00eache l\u2019\u00e9vacuation soudaine de la vapeur chaude.<br \/>\nLa cuve \u00e0 double paroi de 1,5 l, est en acier inoxydable sans soudure, particuli\u00e8rement facile \u00e0 nettoyer et le filtre anticalcaire int\u00e9gr\u00e9, pr\u00e9serve toutes les qualit\u00e9s de l\u2019eau.<br \/>\nPour une s\u00e9curit\u00e9 optimale, le filtre parfaitement ajust\u00e9 ferme le bec verseur de la bouilloire lorsque le couvercle est ferm\u00e9 \u2013 donc m\u00eame si la bouilloire \u00e9lectrique est accidentellement renvers\u00e9e, seules de tr\u00e8s petites quantit\u00e9s d\u2019eau s\u2019\u00e9chapperont. Sont \u00e9galement compris dans le dispositif de s\u00e9curit\u00e9 l\u2019arr\u00eat automatique de la bouilloire en cas d\u2019\u00e9bullition \u00e0 sec et de surchauffe.<br \/>\nPratique, sa base \u00e0 360\u00b0 avec connexion \u00e9lectrique et enrouleur de cordon int\u00e9gr\u00e9.<\/p>\n<p>\u2013 Conception monobloc en acier inoxydable avec graduation interne du niveau d\u2019eau<br \/>\n\u2013 La cuve double paroi garde votre eau bien au chaud plus longtemps et reste froide au toucher<br \/>\n\u2013 Dispositif de s\u00e9curit\u00e9 anti-\u00e9bullition \u00e0 sec et surchauffe avec arr\u00eat automatique<br \/>\n\u2013 Une ouverture \u00e0 70 degr\u00e9s emp\u00eache le contact direct avec la vapeur chaude<br \/>\n\u2013 Capacit\u00e9 totale de 1.5 l (6 tasses)<br \/>\n\u2013 Cuve en acier inoxydable sans soudure pour un nettoyage facile et sans r\u00e9sidus<br \/>\n\u2013 Filtre \u00e0 chaux partiellement en acier inoxydable pour un meilleur go\u00fbt et moins de d\u00e9p\u00f4ts de calcaire dans le th\u00e9 et le caf\u00e9<br \/>\n\u2013 Range-cordon int\u00e9gr\u00e9 pour un rangement pratique<br \/>\n\u2013 D\u00e9velopp\u00e9e par ZWILLING en Allemagne, con\u00e7ue \u00e0 Milan, Italie, par le Studio Matteo Thun &amp; Antonio Rodriguez<\/p>\n<p>Donn\u00e9es Techiniques<br \/>\n\u2013 Couleur: silver<br \/>\n\u2013 Mat\u00e9riau: Plastique<br \/>\n\u2013 Tension: 220-240 V<br \/>\n\u2013 Fr\u00e9quence: 50\/60 Hz<br \/>\n\u2013 Stockage du cordon: Oui<br \/>\n\u2013 Puissance: 1.850 W<\/p>\n<p>Dimensions<br \/>\n\u2013 Poids net: 1,30 kg<br \/>\n\u2013 Capacit\u00e9: 1,50 l<br \/>\n\u2013 Longueur totale du produit: 15,20 cm<br \/>\n\u2013 Longueur ou largeur du produit: 15,20 cm<br \/>\n\u2013 Hauteur du produit: 24,40 cm<\/p>\n<p>Not for sale outside from Europe<\/p>\n","protected":false},"excerpt":{"rendered":"<p>Une pi\u00e8ce de design pour un usage quotidien : la bouilloire \u00e9lectrique ENFINIGY avec isolation thermique se distingue par son design contemporain intemporel. La construction double paroi de la bouilloire garde votre eau bien au chaud plus longtemps et reste froide au toucher. Le couvercle \u00e0 ouverture progressive jusqu\u2019\u00e0 70\u00b0 maximum emp\u00eache l\u2019\u00e9vacuation soudaine de [&hellip;]<\/p>\n","protected":false},"featured_media":6486895,"template":"","meta":{"_acf_changed":false},"product_cat":[11734,12058,12055],"product_tag":[],"class_list":{"0":"post-58265","1":"product","2":"type-product","3":"status-publish","4":"has-post-thumbnail","6":"product_cat-bollitori-elettrici","7":"product_cat-bouilloires-electriques","8":"product_cat-petits-electromenagers","10":"first","11":"outofstock","12":"sale","13":"taxable","14":"shipping-taxable","15":"purchasable","16":"product-type-simple","swatches":"rey-swatches","show_selected":"","stretch_labels":"rey-swatches--stretch-labels"},"acf":[],"yoast_head":"<!-- This site is optimized with the Yoast SEO plugin v25.4 - https:\/\/yoast.com\/wordpress\/plugins\/seo\/ -->\n<title>ZWILLING Enfinigy Bouilloire \u00c9lectrique - dev6 Erresse<\/title>\n<meta name=\"description\" content=\"Une pi\u00e8ce de design pour un usage quotidien : la bouilloire \u00e9lectrique ENFINIGY avec isolation thermique se distingue par son design contemporain\" \/>\n<meta name=\"robots\" content=\"noindex, follow, max-snippet:-1, max-image-preview:large, max-video-preview:-1\" \/>\n<meta property=\"og:locale\" content=\"fr_FR\" \/>\n<meta property=\"og:type\" content=\"article\" \/>\n<meta property=\"og:title\" content=\"ZWILLING Enfinigy Bouilloire \u00c9lectrique - dev6 Erresse\" \/>\n<meta property=\"og:description\" content=\"Une pi\u00e8ce de design pour un usage quotidien : la bouilloire \u00e9lectrique ENFINIGY avec isolation thermique se distingue par son design contemporain\" \/>\n<meta property=\"og:url\" content=\"https:\/\/dev6.erresse-shop.it\/fr\/shop\/petits-electromenagers\/bouilloires-electriques\/zwilling-enfinigy-bouilloire-electrique\/\" \/>\n<meta property=\"og:site_name\" content=\"dev6 Erresse\" \/>\n<meta property=\"og:image\" content=\"https:\/\/interpim.erresse-shop.it\/Import\/Prodotti\/53005-000.jpg\" \/><meta property=\"og:image\" content=\"https:\/\/interpim.erresse-shop.it\/Import\/Prodotti\/53005-000.jpg\" \/>\n\t<meta property=\"og:image:width\" content=\"1024\" \/>\n\t<meta property=\"og:image:height\" content=\"1024\" \/>\n\t<meta property=\"og:image:type\" content=\"image\/jpeg\" \/>\n<meta name=\"twitter:card\" content=\"summary_large_image\" \/>\n<meta name=\"twitter:image\" content=\"https:\/\/interpim.erresse-shop.it\/Import\/Prodotti\/53005-000.jpg\" \/>\n<script type=\"application\/ld+json\" class=\"yoast-schema-graph\">{\"@context\":\"https:\/\/schema.org\",\"@graph\":[{\"@type\":\"WebPage\",\"@id\":\"https:\/\/dev6.erresse-shop.it\/fr\/shop\/petits-electromenagers\/bouilloires-electriques\/zwilling-enfinigy-bouilloire-electrique\/\",\"url\":\"https:\/\/dev6.erresse-shop.it\/fr\/shop\/petits-electromenagers\/bouilloires-electriques\/zwilling-enfinigy-bouilloire-electrique\/\",\"name\":\"ZWILLING Enfinigy Bouilloire \u00c9lectrique - dev6 Erresse\",\"isPartOf\":{\"@id\":\"https:\/\/dev6.erresse-shop.it\/#website\"},\"primaryImageOfPage\":{\"@id\":\"https:\/\/dev6.erresse-shop.it\/fr\/shop\/petits-electromenagers\/bouilloires-electriques\/zwilling-enfinigy-bouilloire-electrique\/#primaryimage\"},\"image\":{\"@id\":\"https:\/\/dev6.erresse-shop.it\/fr\/shop\/petits-electromenagers\/bouilloires-electriques\/zwilling-enfinigy-bouilloire-electrique\/#primaryimage\"},\"thumbnailUrl\":\"https:\/\/i2.wp.com\/interpim.erresse-shop.it\/Import\/Prodotti\/53005-000.jpg?ssl=1\",\"datePublished\":\"2026-04-16T16:56:41+00:00\",\"description\":\"Une pi\u00e8ce de design pour un usage quotidien : la bouilloire \u00e9lectrique ENFINIGY avec isolation thermique se distingue par son design contemporain\",\"breadcrumb\":{\"@id\":\"https:\/\/dev6.erresse-shop.it\/fr\/shop\/petits-electromenagers\/bouilloires-electriques\/zwilling-enfinigy-bouilloire-electrique\/#breadcrumb\"},\"inLanguage\":\"fr-FR\",\"potentialAction\":[{\"@type\":\"ReadAction\",\"target\":[\"https:\/\/dev6.erresse-shop.it\/fr\/shop\/petits-electromenagers\/bouilloires-electriques\/zwilling-enfinigy-bouilloire-electrique\/\"]}]},{\"@type\":\"ImageObject\",\"inLanguage\":\"fr-FR\",\"@id\":\"https:\/\/dev6.erresse-shop.it\/fr\/shop\/petits-electromenagers\/bouilloires-electriques\/zwilling-enfinigy-bouilloire-electrique\/#primaryimage\",\"url\":\"https:\/\/i2.wp.com\/interpim.erresse-shop.it\/Import\/Prodotti\/53005-000.jpg?ssl=1\",\"contentUrl\":\"https:\/\/i2.wp.com\/interpim.erresse-shop.it\/Import\/Prodotti\/53005-000.jpg?ssl=1\"},{\"@type\":\"BreadcrumbList\",\"@id\":\"https:\/\/dev6.erresse-shop.it\/fr\/shop\/petits-electromenagers\/bouilloires-electriques\/zwilling-enfinigy-bouilloire-electrique\/#breadcrumb\",\"itemListElement\":[{\"@type\":\"ListItem\",\"position\":1,\"name\":\"Home\",\"item\":\"https:\/\/dev6.erresse-shop.it\/\"},{\"@type\":\"ListItem\",\"position\":2,\"name\":\"Boutique\",\"item\":\"https:\/\/dev6.erresse-shop.it\/shop\/\"},{\"@type\":\"ListItem\",\"position\":3,\"name\":\"ZWILLING Enfinigy Bouilloire \u00c9lectrique\"}]},{\"@type\":\"WebSite\",\"@id\":\"https:\/\/dev6.erresse-shop.it\/#website\",\"url\":\"https:\/\/dev6.erresse-shop.it\/\",\"name\":\"Erresse Shop\",\"description\":\"\",\"publisher\":{\"@id\":\"https:\/\/dev6.erresse-shop.it\/#organization\"},\"potentialAction\":[{\"@type\":\"SearchAction\",\"target\":{\"@type\":\"EntryPoint\",\"urlTemplate\":\"https:\/\/dev6.erresse-shop.it\/?s={search_term_string}\"},\"query-input\":{\"@type\":\"PropertyValueSpecification\",\"valueRequired\":true,\"valueName\":\"search_term_string\"}}],\"inLanguage\":\"fr-FR\"},{\"@type\":\"Organization\",\"@id\":\"https:\/\/dev6.erresse-shop.it\/#organization\",\"name\":\"Erresse Shop\",\"url\":\"https:\/\/dev6.erresse-shop.it\/\",\"logo\":{\"@type\":\"ImageObject\",\"inLanguage\":\"fr-FR\",\"@id\":\"https:\/\/dev6.erresse-shop.it\/#\/schema\/logo\/image\/\",\"url\":\"https:\/\/dev6.erresse-shop.it\/wp-content\/uploads\/2025\/01\/LOGO-ERRESSE-CLASSICO.svg\",\"contentUrl\":\"https:\/\/dev6.erresse-shop.it\/wp-content\/uploads\/2025\/01\/LOGO-ERRESSE-CLASSICO.svg\",\"caption\":\"Erresse Shop\"},\"image\":{\"@id\":\"https:\/\/dev6.erresse-shop.it\/#\/schema\/logo\/image\/\"}}]}<\/script>\n<!-- \/ Yoast SEO plugin. -->","yoast_head_json":{"title":"ZWILLING Enfinigy Bouilloire \u00c9lectrique - dev6 Erresse","description":"Une pi\u00e8ce de design pour un usage quotidien : la bouilloire \u00e9lectrique ENFINIGY avec isolation thermique se distingue par son design contemporain","robots":{"index":"noindex","follow":"follow","max-snippet":"max-snippet:-1","max-image-preview":"max-image-preview:large","max-video-preview":"max-video-preview:-1"},"og_locale":"fr_FR","og_type":"article","og_title":"ZWILLING Enfinigy Bouilloire \u00c9lectrique - dev6 Erresse","og_description":"Une pi\u00e8ce de design pour un usage quotidien : la bouilloire \u00e9lectrique ENFINIGY avec isolation thermique se distingue par son design contemporain","og_url":"https:\/\/dev6.erresse-shop.it\/fr\/shop\/petits-electromenagers\/bouilloires-electriques\/zwilling-enfinigy-bouilloire-electrique\/","og_site_name":"dev6 Erresse","og_image":[{"url":"https:\/\/interpim.erresse-shop.it\/Import\/Prodotti\/53005-000.jpg","type":"","width":"","height":""},{"url":"https:\/\/interpim.erresse-shop.it\/Import\/Prodotti\/53005-000.jpg","width":1024,"height":1024,"type":"image\/jpeg"}],"twitter_card":"summary_large_image","twitter_image":"https:\/\/interpim.erresse-shop.it\/Import\/Prodotti\/53005-000.jpg","schema":{"@context":"https:\/\/schema.org","@graph":[{"@type":"WebPage","@id":"https:\/\/dev6.erresse-shop.it\/fr\/shop\/petits-electromenagers\/bouilloires-electriques\/zwilling-enfinigy-bouilloire-electrique\/","url":"https:\/\/dev6.erresse-shop.it\/fr\/shop\/petits-electromenagers\/bouilloires-electriques\/zwilling-enfinigy-bouilloire-electrique\/","name":"ZWILLING Enfinigy Bouilloire \u00c9lectrique - dev6 Erresse","isPartOf":{"@id":"https:\/\/dev6.erresse-shop.it\/#website"},"primaryImageOfPage":{"@id":"https:\/\/dev6.erresse-shop.it\/fr\/shop\/petits-electromenagers\/bouilloires-electriques\/zwilling-enfinigy-bouilloire-electrique\/#primaryimage"},"image":{"@id":"https:\/\/dev6.erresse-shop.it\/fr\/shop\/petits-electromenagers\/bouilloires-electriques\/zwilling-enfinigy-bouilloire-electrique\/#primaryimage"},"thumbnailUrl":"https:\/\/i2.wp.com\/interpim.erresse-shop.it\/Import\/Prodotti\/53005-000.jpg?ssl=1","datePublished":"2026-04-16T16:56:41+00:00","description":"Une pi\u00e8ce de design pour un usage quotidien : la bouilloire \u00e9lectrique ENFINIGY avec isolation thermique se distingue par son design contemporain","breadcrumb":{"@id":"https:\/\/dev6.erresse-shop.it\/fr\/shop\/petits-electromenagers\/bouilloires-electriques\/zwilling-enfinigy-bouilloire-electrique\/#breadcrumb"},"inLanguage":"fr-FR","potentialAction":[{"@type":"ReadAction","target":["https:\/\/dev6.erresse-shop.it\/fr\/shop\/petits-electromenagers\/bouilloires-electriques\/zwilling-enfinigy-bouilloire-electrique\/"]}]},{"@type":"ImageObject","inLanguage":"fr-FR","@id":"https:\/\/dev6.erresse-shop.it\/fr\/shop\/petits-electromenagers\/bouilloires-electriques\/zwilling-enfinigy-bouilloire-electrique\/#primaryimage","url":"https:\/\/i2.wp.com\/interpim.erresse-shop.it\/Import\/Prodotti\/53005-000.jpg?ssl=1","contentUrl":"https:\/\/i2.wp.com\/interpim.erresse-shop.it\/Import\/Prodotti\/53005-000.jpg?ssl=1"},{"@type":"BreadcrumbList","@id":"https:\/\/dev6.erresse-shop.it\/fr\/shop\/petits-electromenagers\/bouilloires-electriques\/zwilling-enfinigy-bouilloire-electrique\/#breadcrumb","itemListElement":[{"@type":"ListItem","position":1,"name":"Home","item":"https:\/\/dev6.erresse-shop.it\/"},{"@type":"ListItem","position":2,"name":"Boutique","item":"https:\/\/dev6.erresse-shop.it\/shop\/"},{"@type":"ListItem","position":3,"name":"ZWILLING Enfinigy Bouilloire \u00c9lectrique"}]},{"@type":"WebSite","@id":"https:\/\/dev6.erresse-shop.it\/#website","url":"https:\/\/dev6.erresse-shop.it\/","name":"Erresse Shop","description":"","publisher":{"@id":"https:\/\/dev6.erresse-shop.it\/#organization"},"potentialAction":[{"@type":"SearchAction","target":{"@type":"EntryPoint","urlTemplate":"https:\/\/dev6.erresse-shop.it\/?s={search_term_string}"},"query-input":{"@type":"PropertyValueSpecification","valueRequired":true,"valueName":"search_term_string"}}],"inLanguage":"fr-FR"},{"@type":"Organization","@id":"https:\/\/dev6.erresse-shop.it\/#organization","name":"Erresse Shop","url":"https:\/\/dev6.erresse-shop.it\/","logo":{"@type":"ImageObject","inLanguage":"fr-FR","@id":"https:\/\/dev6.erresse-shop.it\/#\/schema\/logo\/image\/","url":"https:\/\/dev6.erresse-shop.it\/wp-content\/uploads\/2025\/01\/LOGO-ERRESSE-CLASSICO.svg","contentUrl":"https:\/\/dev6.erresse-shop.it\/wp-content\/uploads\/2025\/01\/LOGO-ERRESSE-CLASSICO.svg","caption":"Erresse Shop"},"image":{"@id":"https:\/\/dev6.erresse-shop.it\/#\/schema\/logo\/image\/"}}]}},"df_price":79.95,"df_sale_price":79.95,"df_regular_price":89.95,"df_image_link":"https:\/\/i2.wp.com\/interpim.erresse-shop.it\/Import\/Prodotti\/53005-000.jpg?resize=300,300&ssl=1","fifu_image_url":"https:\/\/interpim.erresse-shop.it\/Import\/Prodotti\/53005-000.jpg","_links":{"self":[{"href":"https:\/\/dev6.erresse-shop.it\/fr\/wp-json\/wp\/v2\/product\/58265","targetHints":{"allow":["GET"]}}],"collection":[{"href":"https:\/\/dev6.erresse-shop.it\/fr\/wp-json\/wp\/v2\/product"}],"about":[{"href":"https:\/\/dev6.erresse-shop.it\/fr\/wp-json\/wp\/v2\/types\/product"}],"wp:featuredmedia":[{"embeddable":true,"href":"https:\/\/dev6.erresse-shop.it\/fr\/wp-json\/wp\/v2\/media\/6486895"}],"wp:attachment":[{"href":"https:\/\/dev6.erresse-shop.it\/fr\/wp-json\/wp\/v2\/media?parent=58265"}],"wp:term":[{"taxonomy":"product_cat","embeddable":true,"href":"https:\/\/dev6.erresse-shop.it\/fr\/wp-json\/wp\/v2\/product_cat?post=58265"},{"taxonomy":"product_tag","embeddable":true,"href":"https:\/\/dev6.erresse-shop.it\/fr\/wp-json\/wp\/v2\/product_tag?post=58265"}],"curies":[{"name":"wp","href":"https:\/\/api.w.org\/{rel}","templated":true}]}}