{"id":58263,"date":"2026-04-04T08:21:41","date_gmt":"2026-04-04T06:21:41","guid":{"rendered":"https:\/\/dev6.erresse-shop.it\/shop\/non%20class\u00e9\/le-creuset-gril-rectangulaire-en-fonte-emaillee-32-x-22-cm-meringue\/"},"modified":"2025-07-04T15:55:16","modified_gmt":"2025-07-04T13:55:16","slug":"le-creuset-gril-rectangulaire-en-fonte-emaillee-32-x-22-cm-meringue","status":"publish","type":"product","link":"https:\/\/dev6.erresse-shop.it\/fr\/shop\/poeles-pots\/grils-a-steak\/le-creuset-gril-rectangulaire-en-fonte-emaillee-32-x-22-cm-meringue\/","title":{"rendered":"LE CREUSET Gril Rectangulaire en fonte \u00e9maill\u00e9e 32 x 22 cm Meringue"},"content":{"rendered":"<p>Retrouvez toutes les d\u00e9licieuses saveurs d\u2019un gril ext\u00e9rieur dans votre cuisine. Cette plaque de gril en fonte \u00e9maill\u00e9e permet de cuire facilement du poulet, des steaks, du poisson, des l\u00e9gumes et bien plus encore. D\u00e9gustez des grillades tendres et savoureuses, marqu\u00e9es des lignes authentiques du gril. Compacte et fin, ce mod\u00e8le se range facilement !<\/p>\n<p>Caract\u00e9ristiques<br \/>\nUn nettoyage express : l\u2019int\u00e9rieur en fonte \u00e9maill\u00e9e rend le nettoyage plus facile.<br \/>\nUn ustensile ultra polyvalent : passe au four, sur les plaques de cuisson, y compris \u00e0 induction, et m\u00eame sous le gril.<br \/>\nDes plats savoureux : la conception en fonte \u00e9maill\u00e9e retient la chaleur pour une cuisson uniforme et dor\u00e9e. Vos plats gourmands resteront \u00e9galement plus longtemps au chaud \u00e0 table.<br \/>\nDes grillades de chef : servez vos grillades avec d\u2019authentiques lignes de BBQ.<br \/>\nContr\u00f4le de la temp\u00e9rature : cuisinez \u00e0 feu doux ou mod\u00e9r\u00e9 pour prendre soin de votre fonte \u00e9maill\u00e9e et obtenir des r\u00e9sultats sensationnels.<br \/>\nSe bonifie en vieillissant : la fonte \u00e9maill\u00e9e se patine naturellement avec le temps et agit comme un rev\u00eatement anti-adh\u00e9rent. Sa texture fait glisser vos pr\u00e9parations sans attacher, ce qui permet d\u2019utiliser peu de mati\u00e8re grasse. Ne lavez ce produit qu\u2019\u00e0 l\u2019eau (avec du liquide vaisselle) pour favoriser le d\u00e9veloppement de sa patine.<\/p>\n<p>Mat\u00e9riau: Fonte \u00e9maill\u00e9e<br \/>\nFabriqu\u00e9 en France<br \/>\nGarantie \u00e0 vie<\/p>\n","protected":false},"excerpt":{"rendered":"<p>Retrouvez toutes les d\u00e9licieuses saveurs d\u2019un gril ext\u00e9rieur dans votre cuisine. Cette plaque de gril en fonte \u00e9maill\u00e9e permet de cuire facilement du poulet, des steaks, du poisson, des l\u00e9gumes et bien plus encore. D\u00e9gustez des grillades tendres et savoureuses, marqu\u00e9es des lignes authentiques du gril. Compacte et fin, ce mod\u00e8le se range facilement ! [&hellip;]<\/p>\n","protected":false},"featured_media":6264534,"template":"","meta":{"_acf_changed":false},"product_cat":[12020,11667,11991],"product_tag":[],"class_list":{"0":"post-58263","1":"product","2":"type-product","3":"status-publish","4":"has-post-thumbnail","6":"product_cat-grils-a-steak","7":"product_cat-padelle-pentole","8":"product_cat-poeles-pots","10":"first","11":"instock","12":"sale","13":"taxable","14":"shipping-taxable","15":"purchasable","16":"product-type-simple","swatches":"rey-swatches","show_selected":"","stretch_labels":"rey-swatches--stretch-labels"},"acf":[],"yoast_head":"<!-- This site is optimized with the Yoast SEO plugin v25.4 - https:\/\/yoast.com\/wordpress\/plugins\/seo\/ -->\n<title>LE CREUSET Gril Rectangulaire en fonte \u00e9maill\u00e9e 32 x 22 cm Meringue - dev6 Erresse<\/title>\n<meta name=\"description\" content=\"Retrouvez toutes les d\u00e9licieuses saveurs d\u2019un gril ext\u00e9rieur dans votre cuisine. Cette plaque de gril en fonte \u00e9maill\u00e9e permet de cuire facilement du\" \/>\n<meta name=\"robots\" content=\"noindex, follow, max-snippet:-1, max-image-preview:large, max-video-preview:-1\" \/>\n<meta property=\"og:locale\" content=\"fr_FR\" \/>\n<meta property=\"og:type\" content=\"article\" \/>\n<meta property=\"og:title\" content=\"LE CREUSET Gril Rectangulaire en fonte \u00e9maill\u00e9e 32 x 22 cm Meringue - dev6 Erresse\" \/>\n<meta property=\"og:description\" content=\"Retrouvez toutes les d\u00e9licieuses saveurs d\u2019un gril ext\u00e9rieur dans votre cuisine. Cette plaque de gril en fonte \u00e9maill\u00e9e permet de cuire facilement du\" \/>\n<meta property=\"og:url\" content=\"https:\/\/dev6.erresse-shop.it\/fr\/shop\/poeles-pots\/grils-a-steak\/le-creuset-gril-rectangulaire-en-fonte-emaillee-32-x-22-cm-meringue\/\" \/>\n<meta property=\"og:site_name\" content=\"dev6 Erresse\" \/>\n<meta property=\"og:image\" content=\"https:\/\/interpim.erresse-shop.it\/Import\/Prodotti\/le-creuset-griglia-rettangolare-in-ghisa-32x22-cm-meringa.png\" \/><meta property=\"og:image\" content=\"https:\/\/interpim.erresse-shop.it\/Import\/Prodotti\/le-creuset-griglia-rettangolare-in-ghisa-32x22-cm-meringa.png\" \/>\n\t<meta property=\"og:image:width\" content=\"1024\" \/>\n\t<meta property=\"og:image:height\" content=\"1024\" \/>\n\t<meta property=\"og:image:type\" content=\"image\/jpeg\" \/>\n<meta name=\"twitter:card\" content=\"summary_large_image\" \/>\n<meta name=\"twitter:image\" content=\"https:\/\/interpim.erresse-shop.it\/Import\/Prodotti\/le-creuset-griglia-rettangolare-in-ghisa-32x22-cm-meringa.png\" \/>\n<script type=\"application\/ld+json\" class=\"yoast-schema-graph\">{\"@context\":\"https:\/\/schema.org\",\"@graph\":[{\"@type\":\"WebPage\",\"@id\":\"https:\/\/dev6.erresse-shop.it\/fr\/shop\/poeles-pots\/grils-a-steak\/le-creuset-gril-rectangulaire-en-fonte-emaillee-32-x-22-cm-meringue\/\",\"url\":\"https:\/\/dev6.erresse-shop.it\/fr\/shop\/poeles-pots\/grils-a-steak\/le-creuset-gril-rectangulaire-en-fonte-emaillee-32-x-22-cm-meringue\/\",\"name\":\"LE CREUSET Gril Rectangulaire en fonte \u00e9maill\u00e9e 32 x 22 cm Meringue - dev6 Erresse\",\"isPartOf\":{\"@id\":\"https:\/\/dev6.erresse-shop.it\/#website\"},\"primaryImageOfPage\":{\"@id\":\"https:\/\/dev6.erresse-shop.it\/fr\/shop\/poeles-pots\/grils-a-steak\/le-creuset-gril-rectangulaire-en-fonte-emaillee-32-x-22-cm-meringue\/#primaryimage\"},\"image\":{\"@id\":\"https:\/\/dev6.erresse-shop.it\/fr\/shop\/poeles-pots\/grils-a-steak\/le-creuset-gril-rectangulaire-en-fonte-emaillee-32-x-22-cm-meringue\/#primaryimage\"},\"thumbnailUrl\":\"https:\/\/i2.wp.com\/interpim.erresse-shop.it\/Import\/Prodotti\/le-creuset-griglia-rettangolare-in-ghisa-32x22-cm-meringa.png?ssl=1\",\"datePublished\":\"2026-04-04T06:21:41+00:00\",\"description\":\"Retrouvez toutes les d\u00e9licieuses saveurs d\u2019un gril ext\u00e9rieur dans votre cuisine. Cette plaque de gril en fonte \u00e9maill\u00e9e permet de cuire facilement du\",\"breadcrumb\":{\"@id\":\"https:\/\/dev6.erresse-shop.it\/fr\/shop\/poeles-pots\/grils-a-steak\/le-creuset-gril-rectangulaire-en-fonte-emaillee-32-x-22-cm-meringue\/#breadcrumb\"},\"inLanguage\":\"fr-FR\",\"potentialAction\":[{\"@type\":\"ReadAction\",\"target\":[\"https:\/\/dev6.erresse-shop.it\/fr\/shop\/poeles-pots\/grils-a-steak\/le-creuset-gril-rectangulaire-en-fonte-emaillee-32-x-22-cm-meringue\/\"]}]},{\"@type\":\"ImageObject\",\"inLanguage\":\"fr-FR\",\"@id\":\"https:\/\/dev6.erresse-shop.it\/fr\/shop\/poeles-pots\/grils-a-steak\/le-creuset-gril-rectangulaire-en-fonte-emaillee-32-x-22-cm-meringue\/#primaryimage\",\"url\":\"https:\/\/i2.wp.com\/interpim.erresse-shop.it\/Import\/Prodotti\/le-creuset-griglia-rettangolare-in-ghisa-32x22-cm-meringa.png?ssl=1\",\"contentUrl\":\"https:\/\/i2.wp.com\/interpim.erresse-shop.it\/Import\/Prodotti\/le-creuset-griglia-rettangolare-in-ghisa-32x22-cm-meringa.png?ssl=1\"},{\"@type\":\"BreadcrumbList\",\"@id\":\"https:\/\/dev6.erresse-shop.it\/fr\/shop\/poeles-pots\/grils-a-steak\/le-creuset-gril-rectangulaire-en-fonte-emaillee-32-x-22-cm-meringue\/#breadcrumb\",\"itemListElement\":[{\"@type\":\"ListItem\",\"position\":1,\"name\":\"Home\",\"item\":\"https:\/\/dev6.erresse-shop.it\/\"},{\"@type\":\"ListItem\",\"position\":2,\"name\":\"Boutique\",\"item\":\"https:\/\/dev6.erresse-shop.it\/shop\/\"},{\"@type\":\"ListItem\",\"position\":3,\"name\":\"LE CREUSET Gril Rectangulaire en fonte \u00e9maill\u00e9e 32 x 22 cm Meringue\"}]},{\"@type\":\"WebSite\",\"@id\":\"https:\/\/dev6.erresse-shop.it\/#website\",\"url\":\"https:\/\/dev6.erresse-shop.it\/\",\"name\":\"Erresse Shop\",\"description\":\"\",\"publisher\":{\"@id\":\"https:\/\/dev6.erresse-shop.it\/#organization\"},\"potentialAction\":[{\"@type\":\"SearchAction\",\"target\":{\"@type\":\"EntryPoint\",\"urlTemplate\":\"https:\/\/dev6.erresse-shop.it\/?s={search_term_string}\"},\"query-input\":{\"@type\":\"PropertyValueSpecification\",\"valueRequired\":true,\"valueName\":\"search_term_string\"}}],\"inLanguage\":\"fr-FR\"},{\"@type\":\"Organization\",\"@id\":\"https:\/\/dev6.erresse-shop.it\/#organization\",\"name\":\"Erresse Shop\",\"url\":\"https:\/\/dev6.erresse-shop.it\/\",\"logo\":{\"@type\":\"ImageObject\",\"inLanguage\":\"fr-FR\",\"@id\":\"https:\/\/dev6.erresse-shop.it\/#\/schema\/logo\/image\/\",\"url\":\"https:\/\/dev6.erresse-shop.it\/wp-content\/uploads\/2025\/01\/LOGO-ERRESSE-CLASSICO.svg\",\"contentUrl\":\"https:\/\/dev6.erresse-shop.it\/wp-content\/uploads\/2025\/01\/LOGO-ERRESSE-CLASSICO.svg\",\"caption\":\"Erresse Shop\"},\"image\":{\"@id\":\"https:\/\/dev6.erresse-shop.it\/#\/schema\/logo\/image\/\"}}]}<\/script>\n<!-- \/ Yoast SEO plugin. -->","yoast_head_json":{"title":"LE CREUSET Gril Rectangulaire en fonte \u00e9maill\u00e9e 32 x 22 cm Meringue - dev6 Erresse","description":"Retrouvez toutes les d\u00e9licieuses saveurs d\u2019un gril ext\u00e9rieur dans votre cuisine. Cette plaque de gril en fonte \u00e9maill\u00e9e permet de cuire facilement du","robots":{"index":"noindex","follow":"follow","max-snippet":"max-snippet:-1","max-image-preview":"max-image-preview:large","max-video-preview":"max-video-preview:-1"},"og_locale":"fr_FR","og_type":"article","og_title":"LE CREUSET Gril Rectangulaire en fonte \u00e9maill\u00e9e 32 x 22 cm Meringue - dev6 Erresse","og_description":"Retrouvez toutes les d\u00e9licieuses saveurs d\u2019un gril ext\u00e9rieur dans votre cuisine. Cette plaque de gril en fonte \u00e9maill\u00e9e permet de cuire facilement du","og_url":"https:\/\/dev6.erresse-shop.it\/fr\/shop\/poeles-pots\/grils-a-steak\/le-creuset-gril-rectangulaire-en-fonte-emaillee-32-x-22-cm-meringue\/","og_site_name":"dev6 Erresse","og_image":[{"url":"https:\/\/interpim.erresse-shop.it\/Import\/Prodotti\/le-creuset-griglia-rettangolare-in-ghisa-32x22-cm-meringa.png","type":"","width":"","height":""},{"url":"https:\/\/interpim.erresse-shop.it\/Import\/Prodotti\/le-creuset-griglia-rettangolare-in-ghisa-32x22-cm-meringa.png","width":1024,"height":1024,"type":"image\/jpeg"}],"twitter_card":"summary_large_image","twitter_image":"https:\/\/interpim.erresse-shop.it\/Import\/Prodotti\/le-creuset-griglia-rettangolare-in-ghisa-32x22-cm-meringa.png","schema":{"@context":"https:\/\/schema.org","@graph":[{"@type":"WebPage","@id":"https:\/\/dev6.erresse-shop.it\/fr\/shop\/poeles-pots\/grils-a-steak\/le-creuset-gril-rectangulaire-en-fonte-emaillee-32-x-22-cm-meringue\/","url":"https:\/\/dev6.erresse-shop.it\/fr\/shop\/poeles-pots\/grils-a-steak\/le-creuset-gril-rectangulaire-en-fonte-emaillee-32-x-22-cm-meringue\/","name":"LE CREUSET Gril Rectangulaire en fonte \u00e9maill\u00e9e 32 x 22 cm Meringue - dev6 Erresse","isPartOf":{"@id":"https:\/\/dev6.erresse-shop.it\/#website"},"primaryImageOfPage":{"@id":"https:\/\/dev6.erresse-shop.it\/fr\/shop\/poeles-pots\/grils-a-steak\/le-creuset-gril-rectangulaire-en-fonte-emaillee-32-x-22-cm-meringue\/#primaryimage"},"image":{"@id":"https:\/\/dev6.erresse-shop.it\/fr\/shop\/poeles-pots\/grils-a-steak\/le-creuset-gril-rectangulaire-en-fonte-emaillee-32-x-22-cm-meringue\/#primaryimage"},"thumbnailUrl":"https:\/\/i2.wp.com\/interpim.erresse-shop.it\/Import\/Prodotti\/le-creuset-griglia-rettangolare-in-ghisa-32x22-cm-meringa.png?ssl=1","datePublished":"2026-04-04T06:21:41+00:00","description":"Retrouvez toutes les d\u00e9licieuses saveurs d\u2019un gril ext\u00e9rieur dans votre cuisine. Cette plaque de gril en fonte \u00e9maill\u00e9e permet de cuire facilement du","breadcrumb":{"@id":"https:\/\/dev6.erresse-shop.it\/fr\/shop\/poeles-pots\/grils-a-steak\/le-creuset-gril-rectangulaire-en-fonte-emaillee-32-x-22-cm-meringue\/#breadcrumb"},"inLanguage":"fr-FR","potentialAction":[{"@type":"ReadAction","target":["https:\/\/dev6.erresse-shop.it\/fr\/shop\/poeles-pots\/grils-a-steak\/le-creuset-gril-rectangulaire-en-fonte-emaillee-32-x-22-cm-meringue\/"]}]},{"@type":"ImageObject","inLanguage":"fr-FR","@id":"https:\/\/dev6.erresse-shop.it\/fr\/shop\/poeles-pots\/grils-a-steak\/le-creuset-gril-rectangulaire-en-fonte-emaillee-32-x-22-cm-meringue\/#primaryimage","url":"https:\/\/i2.wp.com\/interpim.erresse-shop.it\/Import\/Prodotti\/le-creuset-griglia-rettangolare-in-ghisa-32x22-cm-meringa.png?ssl=1","contentUrl":"https:\/\/i2.wp.com\/interpim.erresse-shop.it\/Import\/Prodotti\/le-creuset-griglia-rettangolare-in-ghisa-32x22-cm-meringa.png?ssl=1"},{"@type":"BreadcrumbList","@id":"https:\/\/dev6.erresse-shop.it\/fr\/shop\/poeles-pots\/grils-a-steak\/le-creuset-gril-rectangulaire-en-fonte-emaillee-32-x-22-cm-meringue\/#breadcrumb","itemListElement":[{"@type":"ListItem","position":1,"name":"Home","item":"https:\/\/dev6.erresse-shop.it\/"},{"@type":"ListItem","position":2,"name":"Boutique","item":"https:\/\/dev6.erresse-shop.it\/shop\/"},{"@type":"ListItem","position":3,"name":"LE CREUSET Gril Rectangulaire en fonte \u00e9maill\u00e9e 32 x 22 cm Meringue"}]},{"@type":"WebSite","@id":"https:\/\/dev6.erresse-shop.it\/#website","url":"https:\/\/dev6.erresse-shop.it\/","name":"Erresse Shop","description":"","publisher":{"@id":"https:\/\/dev6.erresse-shop.it\/#organization"},"potentialAction":[{"@type":"SearchAction","target":{"@type":"EntryPoint","urlTemplate":"https:\/\/dev6.erresse-shop.it\/?s={search_term_string}"},"query-input":{"@type":"PropertyValueSpecification","valueRequired":true,"valueName":"search_term_string"}}],"inLanguage":"fr-FR"},{"@type":"Organization","@id":"https:\/\/dev6.erresse-shop.it\/#organization","name":"Erresse Shop","url":"https:\/\/dev6.erresse-shop.it\/","logo":{"@type":"ImageObject","inLanguage":"fr-FR","@id":"https:\/\/dev6.erresse-shop.it\/#\/schema\/logo\/image\/","url":"https:\/\/dev6.erresse-shop.it\/wp-content\/uploads\/2025\/01\/LOGO-ERRESSE-CLASSICO.svg","contentUrl":"https:\/\/dev6.erresse-shop.it\/wp-content\/uploads\/2025\/01\/LOGO-ERRESSE-CLASSICO.svg","caption":"Erresse Shop"},"image":{"@id":"https:\/\/dev6.erresse-shop.it\/#\/schema\/logo\/image\/"}}]}},"df_price":114.95,"df_sale_price":114.95,"df_regular_price":129,"df_image_link":"https:\/\/i2.wp.com\/interpim.erresse-shop.it\/Import\/Prodotti\/le-creuset-griglia-rettangolare-in-ghisa-32x22-cm-meringa.png?resize=300,300&ssl=1","fifu_image_url":"https:\/\/interpim.erresse-shop.it\/Import\/Prodotti\/le-creuset-griglia-rettangolare-in-ghisa-32x22-cm-meringa.png","_links":{"self":[{"href":"https:\/\/dev6.erresse-shop.it\/fr\/wp-json\/wp\/v2\/product\/58263","targetHints":{"allow":["GET"]}}],"collection":[{"href":"https:\/\/dev6.erresse-shop.it\/fr\/wp-json\/wp\/v2\/product"}],"about":[{"href":"https:\/\/dev6.erresse-shop.it\/fr\/wp-json\/wp\/v2\/types\/product"}],"wp:featuredmedia":[{"embeddable":true,"href":"https:\/\/dev6.erresse-shop.it\/fr\/wp-json\/wp\/v2\/media\/6264534"}],"wp:attachment":[{"href":"https:\/\/dev6.erresse-shop.it\/fr\/wp-json\/wp\/v2\/media?parent=58263"}],"wp:term":[{"taxonomy":"product_cat","embeddable":true,"href":"https:\/\/dev6.erresse-shop.it\/fr\/wp-json\/wp\/v2\/product_cat?post=58263"},{"taxonomy":"product_tag","embeddable":true,"href":"https:\/\/dev6.erresse-shop.it\/fr\/wp-json\/wp\/v2\/product_tag?post=58263"}],"curies":[{"name":"wp","href":"https:\/\/api.w.org\/{rel}","templated":true}]}}