{"id":58259,"date":"2026-04-16T18:56:41","date_gmt":"2026-04-16T16:56:41","guid":{"rendered":"https:\/\/dev6.erresse-shop.it\/shop\/non%20class\u00e9\/le-creuset-tagine-en-fonte-emaillee-31-cm-meringue\/"},"modified":"2025-09-14T04:09:52","modified_gmt":"2025-09-14T02:09:52","slug":"le-creuset-tagine-en-fonte-emaillee-31-cm-meringue","status":"publish","type":"product","link":"https:\/\/dev6.erresse-shop.it\/fr\/shop\/poeles-pots\/tajine\/le-creuset-tagine-en-fonte-emaillee-31-cm-meringue\/","title":{"rendered":"LE CREUSET Tagine en Fonte Emaillee 31 cm Meringue"},"content":{"rendered":"<p>Notre tajine en fonte \u00e9maill\u00e9e est id\u00e9al pour pr\u00e9parer un authentique festin marocain et cache bien d\u2019autres atouts. Utilisez-le pour faire cuire \u00e0 l\u2019\u00e9touff\u00e9e, en cuisson lente, de la viande ou des l\u00e9gumes, avec un fond de sauce. La base en fonte \u00e9maill\u00e9e offre une cuisson uniforme, alors que le couvercle en c\u00e9ramique contient la vapeur de cuisson \u00e0 l\u2019int\u00e9rieur et la redistribue sous forme de gouttelettes d\u2019eau froide qui retombent sur les ingr\u00e9dients pour intensifier la gourmandise et les saveurs du plat mijot\u00e9.<\/p>\n<p>Caract\u00e9ristiques<br \/>\nUn nettoyage express : l\u2019int\u00e9rieur en fonte \u00e9maill\u00e9e rend le nettoyage plus facile.<br \/>\nDes plats savoureux : la conception en fonte \u00e9maill\u00e9e retient la chaleur pour une cuisson uniforme et dor\u00e9e. Vos plats gourmands resteront \u00e9galement plus longtemps au chaud \u00e0 table.<br \/>\nUne cuisson en vase clos : notre couvercle herm\u00e9tique amplifie la condensation des vapeurs de cuisson qui \u00e0 leur tour rehaussent les saveurs de vos pr\u00e9parations, pour un r\u00e9sultat sensationnel.<br \/>\nContr\u00f4le de la temp\u00e9rature : cuisinez \u00e0 feu doux ou mod\u00e9r\u00e9 pour prendre soin de votre fonte \u00e9maill\u00e9e et obtenir des r\u00e9sultats sensationnels.<br \/>\nFaites votre choix : diff\u00e9rentes tailles sont disponibles pour r\u00e9pondre \u00e0 tous vos besoins culinaires.<\/p>\n<p>Mat\u00e9riau: Fonte \u00e9maill\u00e9e<br \/>\nFabriqu\u00e9 en France<br \/>\nGarantie \u00e0 vie<\/p>\n","protected":false},"excerpt":{"rendered":"<p>Notre tajine en fonte \u00e9maill\u00e9e est id\u00e9al pour pr\u00e9parer un authentique festin marocain et cache bien d\u2019autres atouts. Utilisez-le pour faire cuire \u00e0 l\u2019\u00e9touff\u00e9e, en cuisson lente, de la viande ou des l\u00e9gumes, avec un fond de sauce. La base en fonte \u00e9maill\u00e9e offre une cuisson uniforme, alors que le couvercle en c\u00e9ramique contient la [&hellip;]<\/p>\n","protected":false},"featured_media":6486804,"template":"","meta":{"_acf_changed":false},"product_cat":[11667,11991,11701,12025],"product_tag":[],"class_list":{"0":"post-58259","1":"product","2":"type-product","3":"status-publish","4":"has-post-thumbnail","6":"product_cat-padelle-pentole","7":"product_cat-poeles-pots","8":"product_cat-tajine","11":"first","12":"outofstock","13":"sale","14":"taxable","15":"shipping-taxable","16":"purchasable","17":"product-type-simple","swatches":"rey-swatches","show_selected":"","stretch_labels":"rey-swatches--stretch-labels"},"acf":[],"yoast_head":"<!-- This site is optimized with the Yoast SEO plugin v25.4 - https:\/\/yoast.com\/wordpress\/plugins\/seo\/ -->\n<title>LE CREUSET Tagine en Fonte Emaillee 31 cm Meringue - dev6 Erresse<\/title>\n<meta name=\"description\" content=\"Notre tajine en fonte \u00e9maill\u00e9e est id\u00e9al pour pr\u00e9parer un authentique festin marocain et cache bien d\u2019autres atouts. Utilisez-le pour faire cuire \u00e0\" \/>\n<meta name=\"robots\" content=\"noindex, follow, max-snippet:-1, max-image-preview:large, max-video-preview:-1\" \/>\n<meta property=\"og:locale\" content=\"fr_FR\" \/>\n<meta property=\"og:type\" content=\"article\" \/>\n<meta property=\"og:title\" content=\"LE CREUSET Tagine en Fonte Emaillee 31 cm Meringue - dev6 Erresse\" \/>\n<meta property=\"og:description\" content=\"Notre tajine en fonte \u00e9maill\u00e9e est id\u00e9al pour pr\u00e9parer un authentique festin marocain et cache bien d\u2019autres atouts. Utilisez-le pour faire cuire \u00e0\" \/>\n<meta property=\"og:url\" content=\"https:\/\/dev6.erresse-shop.it\/fr\/shop\/poeles-pots\/tajine\/le-creuset-tagine-en-fonte-emaillee-31-cm-meringue\/\" \/>\n<meta property=\"og:site_name\" content=\"dev6 Erresse\" \/>\n<meta property=\"og:image\" content=\"https:\/\/interpim.erresse-shop.it\/Import\/Prodotti\/le-creuset-tajine-in-ghisa-31-cm-meringa.png\" \/><meta property=\"og:image\" content=\"https:\/\/interpim.erresse-shop.it\/Import\/Prodotti\/le-creuset-tajine-in-ghisa-31-cm-meringa.png\" \/>\n\t<meta property=\"og:image:width\" content=\"1024\" \/>\n\t<meta property=\"og:image:height\" content=\"1024\" \/>\n\t<meta property=\"og:image:type\" content=\"image\/jpeg\" \/>\n<meta name=\"twitter:card\" content=\"summary_large_image\" \/>\n<meta name=\"twitter:image\" content=\"https:\/\/interpim.erresse-shop.it\/Import\/Prodotti\/le-creuset-tajine-in-ghisa-31-cm-meringa.png\" \/>\n<script type=\"application\/ld+json\" class=\"yoast-schema-graph\">{\"@context\":\"https:\/\/schema.org\",\"@graph\":[{\"@type\":\"WebPage\",\"@id\":\"https:\/\/dev6.erresse-shop.it\/fr\/shop\/poeles-pots\/tajine\/le-creuset-tagine-en-fonte-emaillee-31-cm-meringue\/\",\"url\":\"https:\/\/dev6.erresse-shop.it\/fr\/shop\/poeles-pots\/tajine\/le-creuset-tagine-en-fonte-emaillee-31-cm-meringue\/\",\"name\":\"LE CREUSET Tagine en Fonte Emaillee 31 cm Meringue - dev6 Erresse\",\"isPartOf\":{\"@id\":\"https:\/\/dev6.erresse-shop.it\/#website\"},\"primaryImageOfPage\":{\"@id\":\"https:\/\/dev6.erresse-shop.it\/fr\/shop\/poeles-pots\/tajine\/le-creuset-tagine-en-fonte-emaillee-31-cm-meringue\/#primaryimage\"},\"image\":{\"@id\":\"https:\/\/dev6.erresse-shop.it\/fr\/shop\/poeles-pots\/tajine\/le-creuset-tagine-en-fonte-emaillee-31-cm-meringue\/#primaryimage\"},\"thumbnailUrl\":\"https:\/\/i3.wp.com\/interpim.erresse-shop.it\/Import\/Prodotti\/le-creuset-tajine-in-ghisa-31-cm-meringa.png?ssl=1\",\"datePublished\":\"2026-04-16T16:56:41+00:00\",\"description\":\"Notre tajine en fonte \u00e9maill\u00e9e est id\u00e9al pour pr\u00e9parer un authentique festin marocain et cache bien d\u2019autres atouts. Utilisez-le pour faire cuire \u00e0\",\"breadcrumb\":{\"@id\":\"https:\/\/dev6.erresse-shop.it\/fr\/shop\/poeles-pots\/tajine\/le-creuset-tagine-en-fonte-emaillee-31-cm-meringue\/#breadcrumb\"},\"inLanguage\":\"fr-FR\",\"potentialAction\":[{\"@type\":\"ReadAction\",\"target\":[\"https:\/\/dev6.erresse-shop.it\/fr\/shop\/poeles-pots\/tajine\/le-creuset-tagine-en-fonte-emaillee-31-cm-meringue\/\"]}]},{\"@type\":\"ImageObject\",\"inLanguage\":\"fr-FR\",\"@id\":\"https:\/\/dev6.erresse-shop.it\/fr\/shop\/poeles-pots\/tajine\/le-creuset-tagine-en-fonte-emaillee-31-cm-meringue\/#primaryimage\",\"url\":\"https:\/\/i3.wp.com\/interpim.erresse-shop.it\/Import\/Prodotti\/le-creuset-tajine-in-ghisa-31-cm-meringa.png?ssl=1\",\"contentUrl\":\"https:\/\/i3.wp.com\/interpim.erresse-shop.it\/Import\/Prodotti\/le-creuset-tajine-in-ghisa-31-cm-meringa.png?ssl=1\"},{\"@type\":\"BreadcrumbList\",\"@id\":\"https:\/\/dev6.erresse-shop.it\/fr\/shop\/poeles-pots\/tajine\/le-creuset-tagine-en-fonte-emaillee-31-cm-meringue\/#breadcrumb\",\"itemListElement\":[{\"@type\":\"ListItem\",\"position\":1,\"name\":\"Home\",\"item\":\"https:\/\/dev6.erresse-shop.it\/\"},{\"@type\":\"ListItem\",\"position\":2,\"name\":\"Boutique\",\"item\":\"https:\/\/dev6.erresse-shop.it\/shop\/\"},{\"@type\":\"ListItem\",\"position\":3,\"name\":\"LE CREUSET Tagine en Fonte Emaillee 31 cm Meringue\"}]},{\"@type\":\"WebSite\",\"@id\":\"https:\/\/dev6.erresse-shop.it\/#website\",\"url\":\"https:\/\/dev6.erresse-shop.it\/\",\"name\":\"Erresse Shop\",\"description\":\"\",\"publisher\":{\"@id\":\"https:\/\/dev6.erresse-shop.it\/#organization\"},\"potentialAction\":[{\"@type\":\"SearchAction\",\"target\":{\"@type\":\"EntryPoint\",\"urlTemplate\":\"https:\/\/dev6.erresse-shop.it\/?s={search_term_string}\"},\"query-input\":{\"@type\":\"PropertyValueSpecification\",\"valueRequired\":true,\"valueName\":\"search_term_string\"}}],\"inLanguage\":\"fr-FR\"},{\"@type\":\"Organization\",\"@id\":\"https:\/\/dev6.erresse-shop.it\/#organization\",\"name\":\"Erresse Shop\",\"url\":\"https:\/\/dev6.erresse-shop.it\/\",\"logo\":{\"@type\":\"ImageObject\",\"inLanguage\":\"fr-FR\",\"@id\":\"https:\/\/dev6.erresse-shop.it\/#\/schema\/logo\/image\/\",\"url\":\"https:\/\/dev6.erresse-shop.it\/wp-content\/uploads\/2025\/01\/LOGO-ERRESSE-CLASSICO.svg\",\"contentUrl\":\"https:\/\/dev6.erresse-shop.it\/wp-content\/uploads\/2025\/01\/LOGO-ERRESSE-CLASSICO.svg\",\"caption\":\"Erresse Shop\"},\"image\":{\"@id\":\"https:\/\/dev6.erresse-shop.it\/#\/schema\/logo\/image\/\"}}]}<\/script>\n<!-- \/ Yoast SEO plugin. -->","yoast_head_json":{"title":"LE CREUSET Tagine en Fonte Emaillee 31 cm Meringue - dev6 Erresse","description":"Notre tajine en fonte \u00e9maill\u00e9e est id\u00e9al pour pr\u00e9parer un authentique festin marocain et cache bien d\u2019autres atouts. Utilisez-le pour faire cuire \u00e0","robots":{"index":"noindex","follow":"follow","max-snippet":"max-snippet:-1","max-image-preview":"max-image-preview:large","max-video-preview":"max-video-preview:-1"},"og_locale":"fr_FR","og_type":"article","og_title":"LE CREUSET Tagine en Fonte Emaillee 31 cm Meringue - dev6 Erresse","og_description":"Notre tajine en fonte \u00e9maill\u00e9e est id\u00e9al pour pr\u00e9parer un authentique festin marocain et cache bien d\u2019autres atouts. Utilisez-le pour faire cuire \u00e0","og_url":"https:\/\/dev6.erresse-shop.it\/fr\/shop\/poeles-pots\/tajine\/le-creuset-tagine-en-fonte-emaillee-31-cm-meringue\/","og_site_name":"dev6 Erresse","og_image":[{"url":"https:\/\/interpim.erresse-shop.it\/Import\/Prodotti\/le-creuset-tajine-in-ghisa-31-cm-meringa.png","type":"","width":"","height":""},{"url":"https:\/\/interpim.erresse-shop.it\/Import\/Prodotti\/le-creuset-tajine-in-ghisa-31-cm-meringa.png","width":1024,"height":1024,"type":"image\/jpeg"}],"twitter_card":"summary_large_image","twitter_image":"https:\/\/interpim.erresse-shop.it\/Import\/Prodotti\/le-creuset-tajine-in-ghisa-31-cm-meringa.png","schema":{"@context":"https:\/\/schema.org","@graph":[{"@type":"WebPage","@id":"https:\/\/dev6.erresse-shop.it\/fr\/shop\/poeles-pots\/tajine\/le-creuset-tagine-en-fonte-emaillee-31-cm-meringue\/","url":"https:\/\/dev6.erresse-shop.it\/fr\/shop\/poeles-pots\/tajine\/le-creuset-tagine-en-fonte-emaillee-31-cm-meringue\/","name":"LE CREUSET Tagine en Fonte Emaillee 31 cm Meringue - dev6 Erresse","isPartOf":{"@id":"https:\/\/dev6.erresse-shop.it\/#website"},"primaryImageOfPage":{"@id":"https:\/\/dev6.erresse-shop.it\/fr\/shop\/poeles-pots\/tajine\/le-creuset-tagine-en-fonte-emaillee-31-cm-meringue\/#primaryimage"},"image":{"@id":"https:\/\/dev6.erresse-shop.it\/fr\/shop\/poeles-pots\/tajine\/le-creuset-tagine-en-fonte-emaillee-31-cm-meringue\/#primaryimage"},"thumbnailUrl":"https:\/\/i3.wp.com\/interpim.erresse-shop.it\/Import\/Prodotti\/le-creuset-tajine-in-ghisa-31-cm-meringa.png?ssl=1","datePublished":"2026-04-16T16:56:41+00:00","description":"Notre tajine en fonte \u00e9maill\u00e9e est id\u00e9al pour pr\u00e9parer un authentique festin marocain et cache bien d\u2019autres atouts. Utilisez-le pour faire cuire \u00e0","breadcrumb":{"@id":"https:\/\/dev6.erresse-shop.it\/fr\/shop\/poeles-pots\/tajine\/le-creuset-tagine-en-fonte-emaillee-31-cm-meringue\/#breadcrumb"},"inLanguage":"fr-FR","potentialAction":[{"@type":"ReadAction","target":["https:\/\/dev6.erresse-shop.it\/fr\/shop\/poeles-pots\/tajine\/le-creuset-tagine-en-fonte-emaillee-31-cm-meringue\/"]}]},{"@type":"ImageObject","inLanguage":"fr-FR","@id":"https:\/\/dev6.erresse-shop.it\/fr\/shop\/poeles-pots\/tajine\/le-creuset-tagine-en-fonte-emaillee-31-cm-meringue\/#primaryimage","url":"https:\/\/i3.wp.com\/interpim.erresse-shop.it\/Import\/Prodotti\/le-creuset-tajine-in-ghisa-31-cm-meringa.png?ssl=1","contentUrl":"https:\/\/i3.wp.com\/interpim.erresse-shop.it\/Import\/Prodotti\/le-creuset-tajine-in-ghisa-31-cm-meringa.png?ssl=1"},{"@type":"BreadcrumbList","@id":"https:\/\/dev6.erresse-shop.it\/fr\/shop\/poeles-pots\/tajine\/le-creuset-tagine-en-fonte-emaillee-31-cm-meringue\/#breadcrumb","itemListElement":[{"@type":"ListItem","position":1,"name":"Home","item":"https:\/\/dev6.erresse-shop.it\/"},{"@type":"ListItem","position":2,"name":"Boutique","item":"https:\/\/dev6.erresse-shop.it\/shop\/"},{"@type":"ListItem","position":3,"name":"LE CREUSET Tagine en Fonte Emaillee 31 cm Meringue"}]},{"@type":"WebSite","@id":"https:\/\/dev6.erresse-shop.it\/#website","url":"https:\/\/dev6.erresse-shop.it\/","name":"Erresse Shop","description":"","publisher":{"@id":"https:\/\/dev6.erresse-shop.it\/#organization"},"potentialAction":[{"@type":"SearchAction","target":{"@type":"EntryPoint","urlTemplate":"https:\/\/dev6.erresse-shop.it\/?s={search_term_string}"},"query-input":{"@type":"PropertyValueSpecification","valueRequired":true,"valueName":"search_term_string"}}],"inLanguage":"fr-FR"},{"@type":"Organization","@id":"https:\/\/dev6.erresse-shop.it\/#organization","name":"Erresse Shop","url":"https:\/\/dev6.erresse-shop.it\/","logo":{"@type":"ImageObject","inLanguage":"fr-FR","@id":"https:\/\/dev6.erresse-shop.it\/#\/schema\/logo\/image\/","url":"https:\/\/dev6.erresse-shop.it\/wp-content\/uploads\/2025\/01\/LOGO-ERRESSE-CLASSICO.svg","contentUrl":"https:\/\/dev6.erresse-shop.it\/wp-content\/uploads\/2025\/01\/LOGO-ERRESSE-CLASSICO.svg","caption":"Erresse Shop"},"image":{"@id":"https:\/\/dev6.erresse-shop.it\/#\/schema\/logo\/image\/"}}]}},"df_price":239.95,"df_sale_price":239.95,"df_regular_price":345,"df_image_link":"https:\/\/i3.wp.com\/interpim.erresse-shop.it\/Import\/Prodotti\/le-creuset-tajine-in-ghisa-31-cm-meringa.png?resize=300,300&ssl=1","fifu_image_url":"https:\/\/interpim.erresse-shop.it\/Import\/Prodotti\/le-creuset-tajine-in-ghisa-31-cm-meringa.png","_links":{"self":[{"href":"https:\/\/dev6.erresse-shop.it\/fr\/wp-json\/wp\/v2\/product\/58259","targetHints":{"allow":["GET"]}}],"collection":[{"href":"https:\/\/dev6.erresse-shop.it\/fr\/wp-json\/wp\/v2\/product"}],"about":[{"href":"https:\/\/dev6.erresse-shop.it\/fr\/wp-json\/wp\/v2\/types\/product"}],"wp:featuredmedia":[{"embeddable":true,"href":"https:\/\/dev6.erresse-shop.it\/fr\/wp-json\/wp\/v2\/media\/6486804"}],"wp:attachment":[{"href":"https:\/\/dev6.erresse-shop.it\/fr\/wp-json\/wp\/v2\/media?parent=58259"}],"wp:term":[{"taxonomy":"product_cat","embeddable":true,"href":"https:\/\/dev6.erresse-shop.it\/fr\/wp-json\/wp\/v2\/product_cat?post=58259"},{"taxonomy":"product_tag","embeddable":true,"href":"https:\/\/dev6.erresse-shop.it\/fr\/wp-json\/wp\/v2\/product_tag?post=58259"}],"curies":[{"name":"wp","href":"https:\/\/api.w.org\/{rel}","templated":true}]}}