{"id":58257,"date":"2026-04-04T08:21:41","date_gmt":"2026-04-04T06:21:41","guid":{"rendered":"https:\/\/dev6.erresse-shop.it\/shop\/non%20class\u00e9\/le-creuset-poele-basse-en-fonte-28-cm-meringue\/"},"modified":"2025-09-14T04:09:49","modified_gmt":"2025-09-14T02:09:49","slug":"le-creuset-poele-basse-en-fonte-28-cm-meringue","status":"publish","type":"product","link":"https:\/\/dev6.erresse-shop.it\/fr\/shop\/poeles-pots\/le-creuset-poele-basse-en-fonte-28-cm-meringue\/","title":{"rendered":"LE CREUSET Po\u00eale basse en fonte 28 cm Meringue"},"content":{"rendered":"<p>Frire et sauter deviennent un plaisir avec notre po\u00eale haute Evolution en fonte vitrifi\u00e9e, parfaite pour cr\u00e9er de nombreux plats d\u00e9licieux. Avec des parois lat\u00e9rales plus hautes pour cuire tous les aliments, son look \u00e9l\u00e9gant et moderne comprend une poign\u00e9e en bois qui ne chauffe pas et une grande poign\u00e9e pour faciliter la prise et le d\u00e9placement de la po\u00eale. Utilisez cette po\u00eale sur n\u2019importe quelle source de chaleur sauf le four. Ne le mettez pas au lave-vaisselle, afin de prot\u00e9ger \u00e9galement la poign\u00e9e.<\/p>\n<p>Des aliments savoureux\u00a0: la fonte vitrifi\u00e9e retient la chaleur pour une cuisson et une saisie uniformes. Vos d\u00e9licieuses cr\u00e9ations resteront chaudes plus longtemps m\u00eame \u00e0 table.<br \/>\nUne aide pr\u00e9cieuse\u00a0: la poign\u00e9e pratique permet de soulever facilement le produit et de le d\u00e9placer de la plaque de cuisson, au four et \u00e0 la table.<br \/>\nPas trop chaud\u00a0: cuisinez \u00e0 une chaleur constante, faible \u00e0 moyenne, pour prendre soin de votre produit en fonte vitrifi\u00e9e et obtenir de d\u00e9licieux r\u00e9sultats.<br \/>\nIl s\u2019am\u00e9liore avec le temps : l\u2019int\u00e9rieur vitrifi\u00e9 d\u00e9veloppe une patine naturelle qui se comporte presque comme une surface antiadh\u00e9sive. Sa finition poss\u00e8de des propri\u00e9t\u00e9s qui emp\u00eachent les aliments de coller m\u00eame avec de petites quantit\u00e9s d\u2019huile. Laver le produit uniquement avec de l\u2019eau pour permettre \u00e0 la patine de se d\u00e9velopper.<br \/>\nNos produits sont fabriqu\u00e9s avec les meilleurs mat\u00e9riaux dans des usines situ\u00e9es dans le monde entier pour garantir la qualit\u00e9 que vous attendez de Le Creuset.<br \/>\nAvec un look moderne\u00a0: le manche en bois a un design \u00e9l\u00e9gant et ne surchauffe pas.<\/p>\n<p>Mat\u00e9riau : fonte vitrifi\u00e9e<br \/>\nFabriqu\u00e9 en France<br \/>\nGarantie : \u00e0 vie<\/p>\n<p>Source de chaleur\u00a0:<\/p>\n<p>Plaque \u00e9lectrique<br \/>\nVerre c\u00e9ramique<br \/>\nCuisson \u00e0 gaz<br \/>\nPlaque \u00e0 induction<\/p>\n<p>Nettoyage et entretien\u00a0:<\/p>\n<p>Attendez que le produit refroidisse avant de commencer \u00e0 le nettoyer.<br \/>\nNettoyez tous les restes de la base et des c\u00f4t\u00e9s du produit. S\u2019il y a des aliments coinc\u00e9s, remplissez le produit avec de l\u2019eau ti\u00e8de savonneuse et laissez-le tremper pendant 15 \u00e0 20 minutes avant de le laver comme d\u2019habitude.<br \/>\nN\u2019utilisez pas de nettoyants abrasifs ni d\u2019\u00e9ponges ou de brosses m\u00e9talliques, abrasives ou tr\u00e8s rigides sur aucune des surfaces.<br \/>\nBien s\u00e9cher apr\u00e8s le lavage et conserver dans un endroit sec.<\/p>\n","protected":false},"excerpt":{"rendered":"<p>Frire et sauter deviennent un plaisir avec notre po\u00eale haute Evolution en fonte vitrifi\u00e9e, parfaite pour cr\u00e9er de nombreux plats d\u00e9licieux. Avec des parois lat\u00e9rales plus hautes pour cuire tous les aliments, son look \u00e9l\u00e9gant et moderne comprend une poign\u00e9e en bois qui ne chauffe pas et une grande poign\u00e9e pour faciliter la prise et [&hellip;]<\/p>\n","protected":false},"featured_media":6264428,"template":"","meta":{"_acf_changed":false},"product_cat":[11991],"product_tag":[],"class_list":{"0":"post-58257","1":"product","2":"type-product","3":"status-publish","4":"has-post-thumbnail","6":"product_cat-poeles-pots","8":"first","9":"outofstock","10":"sale","11":"taxable","12":"shipping-taxable","13":"purchasable","14":"product-type-simple","swatches":"rey-swatches","show_selected":"","stretch_labels":"rey-swatches--stretch-labels"},"acf":[],"yoast_head":"<!-- This site is optimized with the Yoast SEO plugin v25.4 - https:\/\/yoast.com\/wordpress\/plugins\/seo\/ -->\n<title>LE CREUSET Po\u00eale basse en fonte 28 cm Meringue - dev6 Erresse<\/title>\n<meta name=\"description\" content=\"Frire et sauter deviennent un plaisir avec notre po\u00eale haute Evolution en fonte vitrifi\u00e9e, parfaite pour cr\u00e9er de nombreux plats d\u00e9licieux. Avec des\" \/>\n<meta name=\"robots\" content=\"noindex, follow, max-snippet:-1, max-image-preview:large, max-video-preview:-1\" \/>\n<meta property=\"og:locale\" content=\"fr_FR\" \/>\n<meta property=\"og:type\" content=\"article\" \/>\n<meta property=\"og:title\" content=\"LE CREUSET Po\u00eale basse en fonte 28 cm Meringue - dev6 Erresse\" \/>\n<meta property=\"og:description\" content=\"Frire et sauter deviennent un plaisir avec notre po\u00eale haute Evolution en fonte vitrifi\u00e9e, parfaite pour cr\u00e9er de nombreux plats d\u00e9licieux. Avec des\" \/>\n<meta property=\"og:url\" content=\"https:\/\/dev6.erresse-shop.it\/fr\/shop\/poeles-pots\/le-creuset-poele-basse-en-fonte-28-cm-meringue\/\" \/>\n<meta property=\"og:site_name\" content=\"dev6 Erresse\" \/>\n<meta property=\"og:image\" content=\"https:\/\/interpim.erresse-shop.it\/wp-content\/uploads\/2020\/10\/LE-CREUSET-Padella-Bassa-in-Ghisa-28-cm-Meringa.jpg\/le-creuset-padella-bassa-in-ghisa-28-cm-meringa.jpg\" \/><meta property=\"og:image\" content=\"https:\/\/interpim.erresse-shop.it\/wp-content\/uploads\/2020\/10\/LE-CREUSET-Padella-Bassa-in-Ghisa-28-cm-Meringa.jpg\/le-creuset-padella-bassa-in-ghisa-28-cm-meringa.jpg\" \/>\n\t<meta property=\"og:image:width\" content=\"1024\" \/>\n\t<meta property=\"og:image:height\" content=\"1024\" \/>\n\t<meta property=\"og:image:type\" content=\"image\/jpeg\" \/>\n<meta name=\"twitter:card\" content=\"summary_large_image\" \/>\n<meta name=\"twitter:image\" content=\"https:\/\/interpim.erresse-shop.it\/wp-content\/uploads\/2020\/10\/LE-CREUSET-Padella-Bassa-in-Ghisa-28-cm-Meringa.jpg\/le-creuset-padella-bassa-in-ghisa-28-cm-meringa.jpg\" \/>\n<script type=\"application\/ld+json\" class=\"yoast-schema-graph\">{\"@context\":\"https:\/\/schema.org\",\"@graph\":[{\"@type\":\"WebPage\",\"@id\":\"https:\/\/dev6.erresse-shop.it\/fr\/shop\/poeles-pots\/le-creuset-poele-basse-en-fonte-28-cm-meringue\/\",\"url\":\"https:\/\/dev6.erresse-shop.it\/fr\/shop\/poeles-pots\/le-creuset-poele-basse-en-fonte-28-cm-meringue\/\",\"name\":\"LE CREUSET Po\u00eale basse en fonte 28 cm Meringue - dev6 Erresse\",\"isPartOf\":{\"@id\":\"https:\/\/dev6.erresse-shop.it\/#website\"},\"primaryImageOfPage\":{\"@id\":\"https:\/\/dev6.erresse-shop.it\/fr\/shop\/poeles-pots\/le-creuset-poele-basse-en-fonte-28-cm-meringue\/#primaryimage\"},\"image\":{\"@id\":\"https:\/\/dev6.erresse-shop.it\/fr\/shop\/poeles-pots\/le-creuset-poele-basse-en-fonte-28-cm-meringue\/#primaryimage\"},\"thumbnailUrl\":\"https:\/\/i3.wp.com\/interpim.erresse-shop.it\/wp-content\/uploads\/2020\/10\/LE-CREUSET-Padella-Bassa-in-Ghisa-28-cm-Meringa.jpg\/le-creuset-padella-bassa-in-ghisa-28-cm-meringa.jpg?ssl=1\",\"datePublished\":\"2026-04-04T06:21:41+00:00\",\"description\":\"Frire et sauter deviennent un plaisir avec notre po\u00eale haute Evolution en fonte vitrifi\u00e9e, parfaite pour cr\u00e9er de nombreux plats d\u00e9licieux. Avec des\",\"breadcrumb\":{\"@id\":\"https:\/\/dev6.erresse-shop.it\/fr\/shop\/poeles-pots\/le-creuset-poele-basse-en-fonte-28-cm-meringue\/#breadcrumb\"},\"inLanguage\":\"fr-FR\",\"potentialAction\":[{\"@type\":\"ReadAction\",\"target\":[\"https:\/\/dev6.erresse-shop.it\/fr\/shop\/poeles-pots\/le-creuset-poele-basse-en-fonte-28-cm-meringue\/\"]}]},{\"@type\":\"ImageObject\",\"inLanguage\":\"fr-FR\",\"@id\":\"https:\/\/dev6.erresse-shop.it\/fr\/shop\/poeles-pots\/le-creuset-poele-basse-en-fonte-28-cm-meringue\/#primaryimage\",\"url\":\"https:\/\/i3.wp.com\/interpim.erresse-shop.it\/wp-content\/uploads\/2020\/10\/LE-CREUSET-Padella-Bassa-in-Ghisa-28-cm-Meringa.jpg\/le-creuset-padella-bassa-in-ghisa-28-cm-meringa.jpg?ssl=1\",\"contentUrl\":\"https:\/\/i3.wp.com\/interpim.erresse-shop.it\/wp-content\/uploads\/2020\/10\/LE-CREUSET-Padella-Bassa-in-Ghisa-28-cm-Meringa.jpg\/le-creuset-padella-bassa-in-ghisa-28-cm-meringa.jpg?ssl=1\"},{\"@type\":\"BreadcrumbList\",\"@id\":\"https:\/\/dev6.erresse-shop.it\/fr\/shop\/poeles-pots\/le-creuset-poele-basse-en-fonte-28-cm-meringue\/#breadcrumb\",\"itemListElement\":[{\"@type\":\"ListItem\",\"position\":1,\"name\":\"Home\",\"item\":\"https:\/\/dev6.erresse-shop.it\/\"},{\"@type\":\"ListItem\",\"position\":2,\"name\":\"Boutique\",\"item\":\"https:\/\/dev6.erresse-shop.it\/shop\/\"},{\"@type\":\"ListItem\",\"position\":3,\"name\":\"LE CREUSET Po\u00eale basse en fonte 28 cm Meringue\"}]},{\"@type\":\"WebSite\",\"@id\":\"https:\/\/dev6.erresse-shop.it\/#website\",\"url\":\"https:\/\/dev6.erresse-shop.it\/\",\"name\":\"Erresse Shop\",\"description\":\"\",\"publisher\":{\"@id\":\"https:\/\/dev6.erresse-shop.it\/#organization\"},\"potentialAction\":[{\"@type\":\"SearchAction\",\"target\":{\"@type\":\"EntryPoint\",\"urlTemplate\":\"https:\/\/dev6.erresse-shop.it\/?s={search_term_string}\"},\"query-input\":{\"@type\":\"PropertyValueSpecification\",\"valueRequired\":true,\"valueName\":\"search_term_string\"}}],\"inLanguage\":\"fr-FR\"},{\"@type\":\"Organization\",\"@id\":\"https:\/\/dev6.erresse-shop.it\/#organization\",\"name\":\"Erresse Shop\",\"url\":\"https:\/\/dev6.erresse-shop.it\/\",\"logo\":{\"@type\":\"ImageObject\",\"inLanguage\":\"fr-FR\",\"@id\":\"https:\/\/dev6.erresse-shop.it\/#\/schema\/logo\/image\/\",\"url\":\"https:\/\/dev6.erresse-shop.it\/wp-content\/uploads\/2025\/01\/LOGO-ERRESSE-CLASSICO.svg\",\"contentUrl\":\"https:\/\/dev6.erresse-shop.it\/wp-content\/uploads\/2025\/01\/LOGO-ERRESSE-CLASSICO.svg\",\"caption\":\"Erresse Shop\"},\"image\":{\"@id\":\"https:\/\/dev6.erresse-shop.it\/#\/schema\/logo\/image\/\"}}]}<\/script>\n<!-- \/ Yoast SEO plugin. -->","yoast_head_json":{"title":"LE CREUSET Po\u00eale basse en fonte 28 cm Meringue - dev6 Erresse","description":"Frire et sauter deviennent un plaisir avec notre po\u00eale haute Evolution en fonte vitrifi\u00e9e, parfaite pour cr\u00e9er de nombreux plats d\u00e9licieux. Avec des","robots":{"index":"noindex","follow":"follow","max-snippet":"max-snippet:-1","max-image-preview":"max-image-preview:large","max-video-preview":"max-video-preview:-1"},"og_locale":"fr_FR","og_type":"article","og_title":"LE CREUSET Po\u00eale basse en fonte 28 cm Meringue - dev6 Erresse","og_description":"Frire et sauter deviennent un plaisir avec notre po\u00eale haute Evolution en fonte vitrifi\u00e9e, parfaite pour cr\u00e9er de nombreux plats d\u00e9licieux. Avec des","og_url":"https:\/\/dev6.erresse-shop.it\/fr\/shop\/poeles-pots\/le-creuset-poele-basse-en-fonte-28-cm-meringue\/","og_site_name":"dev6 Erresse","og_image":[{"url":"https:\/\/interpim.erresse-shop.it\/wp-content\/uploads\/2020\/10\/LE-CREUSET-Padella-Bassa-in-Ghisa-28-cm-Meringa.jpg\/le-creuset-padella-bassa-in-ghisa-28-cm-meringa.jpg","type":"","width":"","height":""},{"url":"https:\/\/interpim.erresse-shop.it\/wp-content\/uploads\/2020\/10\/LE-CREUSET-Padella-Bassa-in-Ghisa-28-cm-Meringa.jpg\/le-creuset-padella-bassa-in-ghisa-28-cm-meringa.jpg","width":1024,"height":1024,"type":"image\/jpeg"}],"twitter_card":"summary_large_image","twitter_image":"https:\/\/interpim.erresse-shop.it\/wp-content\/uploads\/2020\/10\/LE-CREUSET-Padella-Bassa-in-Ghisa-28-cm-Meringa.jpg\/le-creuset-padella-bassa-in-ghisa-28-cm-meringa.jpg","schema":{"@context":"https:\/\/schema.org","@graph":[{"@type":"WebPage","@id":"https:\/\/dev6.erresse-shop.it\/fr\/shop\/poeles-pots\/le-creuset-poele-basse-en-fonte-28-cm-meringue\/","url":"https:\/\/dev6.erresse-shop.it\/fr\/shop\/poeles-pots\/le-creuset-poele-basse-en-fonte-28-cm-meringue\/","name":"LE CREUSET Po\u00eale basse en fonte 28 cm Meringue - dev6 Erresse","isPartOf":{"@id":"https:\/\/dev6.erresse-shop.it\/#website"},"primaryImageOfPage":{"@id":"https:\/\/dev6.erresse-shop.it\/fr\/shop\/poeles-pots\/le-creuset-poele-basse-en-fonte-28-cm-meringue\/#primaryimage"},"image":{"@id":"https:\/\/dev6.erresse-shop.it\/fr\/shop\/poeles-pots\/le-creuset-poele-basse-en-fonte-28-cm-meringue\/#primaryimage"},"thumbnailUrl":"https:\/\/i3.wp.com\/interpim.erresse-shop.it\/wp-content\/uploads\/2020\/10\/LE-CREUSET-Padella-Bassa-in-Ghisa-28-cm-Meringa.jpg\/le-creuset-padella-bassa-in-ghisa-28-cm-meringa.jpg?ssl=1","datePublished":"2026-04-04T06:21:41+00:00","description":"Frire et sauter deviennent un plaisir avec notre po\u00eale haute Evolution en fonte vitrifi\u00e9e, parfaite pour cr\u00e9er de nombreux plats d\u00e9licieux. Avec des","breadcrumb":{"@id":"https:\/\/dev6.erresse-shop.it\/fr\/shop\/poeles-pots\/le-creuset-poele-basse-en-fonte-28-cm-meringue\/#breadcrumb"},"inLanguage":"fr-FR","potentialAction":[{"@type":"ReadAction","target":["https:\/\/dev6.erresse-shop.it\/fr\/shop\/poeles-pots\/le-creuset-poele-basse-en-fonte-28-cm-meringue\/"]}]},{"@type":"ImageObject","inLanguage":"fr-FR","@id":"https:\/\/dev6.erresse-shop.it\/fr\/shop\/poeles-pots\/le-creuset-poele-basse-en-fonte-28-cm-meringue\/#primaryimage","url":"https:\/\/i3.wp.com\/interpim.erresse-shop.it\/wp-content\/uploads\/2020\/10\/LE-CREUSET-Padella-Bassa-in-Ghisa-28-cm-Meringa.jpg\/le-creuset-padella-bassa-in-ghisa-28-cm-meringa.jpg?ssl=1","contentUrl":"https:\/\/i3.wp.com\/interpim.erresse-shop.it\/wp-content\/uploads\/2020\/10\/LE-CREUSET-Padella-Bassa-in-Ghisa-28-cm-Meringa.jpg\/le-creuset-padella-bassa-in-ghisa-28-cm-meringa.jpg?ssl=1"},{"@type":"BreadcrumbList","@id":"https:\/\/dev6.erresse-shop.it\/fr\/shop\/poeles-pots\/le-creuset-poele-basse-en-fonte-28-cm-meringue\/#breadcrumb","itemListElement":[{"@type":"ListItem","position":1,"name":"Home","item":"https:\/\/dev6.erresse-shop.it\/"},{"@type":"ListItem","position":2,"name":"Boutique","item":"https:\/\/dev6.erresse-shop.it\/shop\/"},{"@type":"ListItem","position":3,"name":"LE CREUSET Po\u00eale basse en fonte 28 cm Meringue"}]},{"@type":"WebSite","@id":"https:\/\/dev6.erresse-shop.it\/#website","url":"https:\/\/dev6.erresse-shop.it\/","name":"Erresse Shop","description":"","publisher":{"@id":"https:\/\/dev6.erresse-shop.it\/#organization"},"potentialAction":[{"@type":"SearchAction","target":{"@type":"EntryPoint","urlTemplate":"https:\/\/dev6.erresse-shop.it\/?s={search_term_string}"},"query-input":{"@type":"PropertyValueSpecification","valueRequired":true,"valueName":"search_term_string"}}],"inLanguage":"fr-FR"},{"@type":"Organization","@id":"https:\/\/dev6.erresse-shop.it\/#organization","name":"Erresse Shop","url":"https:\/\/dev6.erresse-shop.it\/","logo":{"@type":"ImageObject","inLanguage":"fr-FR","@id":"https:\/\/dev6.erresse-shop.it\/#\/schema\/logo\/image\/","url":"https:\/\/dev6.erresse-shop.it\/wp-content\/uploads\/2025\/01\/LOGO-ERRESSE-CLASSICO.svg","contentUrl":"https:\/\/dev6.erresse-shop.it\/wp-content\/uploads\/2025\/01\/LOGO-ERRESSE-CLASSICO.svg","caption":"Erresse Shop"},"image":{"@id":"https:\/\/dev6.erresse-shop.it\/#\/schema\/logo\/image\/"}}]}},"df_price":169.95,"df_sale_price":169.95,"df_regular_price":245,"df_image_link":"https:\/\/i3.wp.com\/interpim.erresse-shop.it\/wp-content\/uploads\/2020\/10\/LE-CREUSET-Padella-Bassa-in-Ghisa-28-cm-Meringa.jpg\/le-creuset-padella-bassa-in-ghisa-28-cm-meringa.jpg?resize=300,300&ssl=1","fifu_image_url":"https:\/\/interpim.erresse-shop.it\/wp-content\/uploads\/2020\/10\/LE-CREUSET-Padella-Bassa-in-Ghisa-28-cm-Meringa.jpg\/le-creuset-padella-bassa-in-ghisa-28-cm-meringa.jpg","_links":{"self":[{"href":"https:\/\/dev6.erresse-shop.it\/fr\/wp-json\/wp\/v2\/product\/58257","targetHints":{"allow":["GET"]}}],"collection":[{"href":"https:\/\/dev6.erresse-shop.it\/fr\/wp-json\/wp\/v2\/product"}],"about":[{"href":"https:\/\/dev6.erresse-shop.it\/fr\/wp-json\/wp\/v2\/types\/product"}],"wp:featuredmedia":[{"embeddable":true,"href":"https:\/\/dev6.erresse-shop.it\/fr\/wp-json\/wp\/v2\/media\/6264428"}],"wp:attachment":[{"href":"https:\/\/dev6.erresse-shop.it\/fr\/wp-json\/wp\/v2\/media?parent=58257"}],"wp:term":[{"taxonomy":"product_cat","embeddable":true,"href":"https:\/\/dev6.erresse-shop.it\/fr\/wp-json\/wp\/v2\/product_cat?post=58257"},{"taxonomy":"product_tag","embeddable":true,"href":"https:\/\/dev6.erresse-shop.it\/fr\/wp-json\/wp\/v2\/product_tag?post=58257"}],"curies":[{"name":"wp","href":"https:\/\/api.w.org\/{rel}","templated":true}]}}