{"id":58255,"date":"2026-04-16T18:56:41","date_gmt":"2026-04-16T16:56:41","guid":{"rendered":"https:\/\/dev6.erresse-shop.it\/shop\/non%20class\u00e9\/zwilling-enfinigy-bouilloire-electrique-pro\/"},"modified":"2026-01-16T22:14:44","modified_gmt":"2026-01-16T21:14:44","slug":"zwilling-enfinigy-bouilloire-electrique-pro","status":"publish","type":"product","link":"https:\/\/dev6.erresse-shop.it\/fr\/shop\/petits-electromenagers\/bouilloires-electriques\/zwilling-enfinigy-bouilloire-electrique-pro\/","title":{"rendered":"ZWILLING Enfinigy Bouilloire \u00c9lectrique Pro"},"content":{"rendered":"<p>La bouilloire \u00e9lectrique PRO ENFINIGY va vous s\u00e9duire par son design unique et intemporel et ses multiples fonctionnalit\u00e9s.<br \/>\nVotre bouilloire vous permet de r\u00e9gler votre temp\u00e9rature parmi 7 programmes qui peuvent \u00eatre s\u00e9lectionn\u00e9s via l\u2019\u00e9cran tactile de la base rotative de 360\u00b0.<br \/>\nAjustez ainsi la temp\u00e9rature selon vos pr\u00e9parations : le caf\u00e9 et les diff\u00e9rentes vari\u00e9t\u00e9s de th\u00e9, pour r\u00e9chauffer les biberons de b\u00e9b\u00e9 et plus encore. Gr\u00e2ce \u00e0 sa fonction de maintien au chaud int\u00e9gr\u00e9e, l\u2019eau reste \u00e0 la temp\u00e9rature souhait\u00e9e jusqu\u2019\u00e0 30 minutes.<br \/>\nLa construction double paroi de la bouilloire garde votre eau bien au chaud plus longtemps et reste froide au toucher. Le r\u00e9cipient en acier inoxydable de 1,5 l sans soudure est particuli\u00e8rement facile \u00e0 nettoyer et le filtre anticalcaire int\u00e9gr\u00e9 pr\u00e9serve toutes les qualit\u00e9s de l\u2019eau.<br \/>\nPour une s\u00e9curit\u00e9 optimale, le filtre parfaitement ajust\u00e9 ferme le bec verseur de la bouilloire lorsque le couvercle est ferm\u00e9 \u2013 donc m\u00eame si celle-ci est accidentellement renvers\u00e9e, seules de tr\u00e8s petites quantit\u00e9s d\u2019eau s\u2019\u00e9chapperont. De plus le couvercle \u00e0 ouverture progressive emp\u00eache l\u2019\u00e9vacuation soudaine de la vapeur chaude.<\/p>\n<p>\u2013 7 niveaux de temp\u00e9ratures adapt\u00e9es pour le caf\u00e9, le th\u00e9 ou les aliments pour b\u00e9b\u00e9s<br \/>\n\u2013 Fonction de maintien au chaud qui garde l\u2019eau \u00e0 la temp\u00e9rature souhait\u00e9e jusqu\u2019\u00e0 30 minutes<br \/>\n\u2013 Le maintien au chaud \u00e0 100 \u00b0 C permet la st\u00e9rilisation des biberons<br \/>\n\u2013 Conception monobloc en acier inoxydable avec graduation interne du niveau d\u2019eau<br \/>\n\u2013 La cuve double paroi garde votre eau bien au chaud plus longtemps et reste froide au toucher<br \/>\n\u2013 Une ouverture \u00e0 70 degr\u00e9s emp\u00eache le contact direct avec la vapeur chaude<br \/>\n\u2013 Capacit\u00e9 totale de 1.5 l (6 tasses)<br \/>\n\u2013 Cuve en acier inoxydable sans soudure pour un nettoyage facile et sans r\u00e9sidus<br \/>\n\u2013 Filtre \u00e0 chaux partiellement en acier inoxydable pour un meilleur go\u00fbt et moins de d\u00e9p\u00f4ts de calcaire dans le th\u00e9 et le caf\u00e9<br \/>\n\u2013 Range-cordon int\u00e9gr\u00e9 pour un rangement pratique<br \/>\n\u2013 D\u00e9velopp\u00e9e par ZWILLING en Allemagne, con\u00e7ue \u00e0 Milan, Italie, par le Studio Matteo Thun &amp; Antonio Rodriguez<\/p>\n<p>Donn\u00e9es Techniques<br \/>\n\u2013 Couleur: Silver<br \/>\n\u2013 Mat\u00e9riau: Plastique<br \/>\n\u2013 Tension: 220-240 V<br \/>\n\u2013 R\u00e9gulation de la temp\u00e9rature: Oui<br \/>\n\u2013 Fr\u00e9quence: 50\/60 Hz<br \/>\n\u2013 Stockage du cordon: Oui<br \/>\n\u2013 \u00c9cran LCD: Oui<br \/>\n\u2013 Puissance: 1.850 W<\/p>\n<p>Dimensions<br \/>\n\u2013 Poids net: 1,70 kg<br \/>\n\u2013 Capacit\u00e9: 1,50 l<br \/>\n\u2013 Longueur totale du produit: 22,30 cm<br \/>\n\u2013 Longueur ou largeur du produit: 15,20 cm<br \/>\n\u2013 Hauteur du produit: 24,40 cm<\/p>\n<p>Not for sale outside from Europe<\/p>\n","protected":false},"excerpt":{"rendered":"<p>La bouilloire \u00e9lectrique PRO ENFINIGY va vous s\u00e9duire par son design unique et intemporel et ses multiples fonctionnalit\u00e9s. Votre bouilloire vous permet de r\u00e9gler votre temp\u00e9rature parmi 7 programmes qui peuvent \u00eatre s\u00e9lectionn\u00e9s via l\u2019\u00e9cran tactile de la base rotative de 360\u00b0. Ajustez ainsi la temp\u00e9rature selon vos pr\u00e9parations : le caf\u00e9 et les diff\u00e9rentes [&hellip;]<\/p>\n","protected":false},"featured_media":6486763,"template":"","meta":{"_acf_changed":false},"product_cat":[11734,12058,12055],"product_tag":[],"class_list":{"0":"post-58255","1":"product","2":"type-product","3":"status-publish","4":"has-post-thumbnail","6":"product_cat-bollitori-elettrici","7":"product_cat-bouilloires-electriques","8":"product_cat-petits-electromenagers","10":"first","11":"outofstock","12":"sale","13":"taxable","14":"shipping-taxable","15":"purchasable","16":"product-type-simple","swatches":"rey-swatches","show_selected":"","stretch_labels":"rey-swatches--stretch-labels"},"acf":[],"yoast_head":"<!-- This site is optimized with the Yoast SEO plugin v25.4 - https:\/\/yoast.com\/wordpress\/plugins\/seo\/ -->\n<title>ZWILLING Enfinigy Bouilloire \u00c9lectrique Pro - dev6 Erresse<\/title>\n<meta name=\"description\" content=\"La bouilloire \u00e9lectrique PRO ENFINIGY va vous s\u00e9duire par son design unique et intemporel et ses multiples fonctionnalit\u00e9s. Votre bouilloire vous permet\" \/>\n<meta name=\"robots\" content=\"noindex, follow, max-snippet:-1, max-image-preview:large, max-video-preview:-1\" \/>\n<meta property=\"og:locale\" content=\"fr_FR\" \/>\n<meta property=\"og:type\" content=\"article\" \/>\n<meta property=\"og:title\" content=\"ZWILLING Enfinigy Bouilloire \u00c9lectrique Pro - dev6 Erresse\" \/>\n<meta property=\"og:description\" content=\"La bouilloire \u00e9lectrique PRO ENFINIGY va vous s\u00e9duire par son design unique et intemporel et ses multiples fonctionnalit\u00e9s. Votre bouilloire vous permet\" \/>\n<meta property=\"og:url\" content=\"https:\/\/dev6.erresse-shop.it\/fr\/shop\/petits-electromenagers\/bouilloires-electriques\/zwilling-enfinigy-bouilloire-electrique-pro\/\" \/>\n<meta property=\"og:site_name\" content=\"dev6 Erresse\" \/>\n<meta property=\"og:image\" content=\"https:\/\/interpim.erresse-shop.it\/Import\/Prodotti\/53006-000.jpg\" \/><meta property=\"og:image\" content=\"https:\/\/interpim.erresse-shop.it\/Import\/Prodotti\/53006-000.jpg\" \/>\n\t<meta property=\"og:image:width\" content=\"1024\" \/>\n\t<meta property=\"og:image:height\" content=\"1024\" \/>\n\t<meta property=\"og:image:type\" content=\"image\/jpeg\" \/>\n<meta name=\"twitter:card\" content=\"summary_large_image\" \/>\n<meta name=\"twitter:image\" content=\"https:\/\/interpim.erresse-shop.it\/Import\/Prodotti\/53006-000.jpg\" \/>\n<script type=\"application\/ld+json\" class=\"yoast-schema-graph\">{\"@context\":\"https:\/\/schema.org\",\"@graph\":[{\"@type\":\"WebPage\",\"@id\":\"https:\/\/dev6.erresse-shop.it\/fr\/shop\/petits-electromenagers\/bouilloires-electriques\/zwilling-enfinigy-bouilloire-electrique-pro\/\",\"url\":\"https:\/\/dev6.erresse-shop.it\/fr\/shop\/petits-electromenagers\/bouilloires-electriques\/zwilling-enfinigy-bouilloire-electrique-pro\/\",\"name\":\"ZWILLING Enfinigy Bouilloire \u00c9lectrique Pro - dev6 Erresse\",\"isPartOf\":{\"@id\":\"https:\/\/dev6.erresse-shop.it\/#website\"},\"primaryImageOfPage\":{\"@id\":\"https:\/\/dev6.erresse-shop.it\/fr\/shop\/petits-electromenagers\/bouilloires-electriques\/zwilling-enfinigy-bouilloire-electrique-pro\/#primaryimage\"},\"image\":{\"@id\":\"https:\/\/dev6.erresse-shop.it\/fr\/shop\/petits-electromenagers\/bouilloires-electriques\/zwilling-enfinigy-bouilloire-electrique-pro\/#primaryimage\"},\"thumbnailUrl\":\"https:\/\/i3.wp.com\/interpim.erresse-shop.it\/Import\/Prodotti\/53006-000.jpg?ssl=1\",\"datePublished\":\"2026-04-16T16:56:41+00:00\",\"description\":\"La bouilloire \u00e9lectrique PRO ENFINIGY va vous s\u00e9duire par son design unique et intemporel et ses multiples fonctionnalit\u00e9s. Votre bouilloire vous permet\",\"breadcrumb\":{\"@id\":\"https:\/\/dev6.erresse-shop.it\/fr\/shop\/petits-electromenagers\/bouilloires-electriques\/zwilling-enfinigy-bouilloire-electrique-pro\/#breadcrumb\"},\"inLanguage\":\"fr-FR\",\"potentialAction\":[{\"@type\":\"ReadAction\",\"target\":[\"https:\/\/dev6.erresse-shop.it\/fr\/shop\/petits-electromenagers\/bouilloires-electriques\/zwilling-enfinigy-bouilloire-electrique-pro\/\"]}]},{\"@type\":\"ImageObject\",\"inLanguage\":\"fr-FR\",\"@id\":\"https:\/\/dev6.erresse-shop.it\/fr\/shop\/petits-electromenagers\/bouilloires-electriques\/zwilling-enfinigy-bouilloire-electrique-pro\/#primaryimage\",\"url\":\"https:\/\/i3.wp.com\/interpim.erresse-shop.it\/Import\/Prodotti\/53006-000.jpg?ssl=1\",\"contentUrl\":\"https:\/\/i3.wp.com\/interpim.erresse-shop.it\/Import\/Prodotti\/53006-000.jpg?ssl=1\"},{\"@type\":\"BreadcrumbList\",\"@id\":\"https:\/\/dev6.erresse-shop.it\/fr\/shop\/petits-electromenagers\/bouilloires-electriques\/zwilling-enfinigy-bouilloire-electrique-pro\/#breadcrumb\",\"itemListElement\":[{\"@type\":\"ListItem\",\"position\":1,\"name\":\"Home\",\"item\":\"https:\/\/dev6.erresse-shop.it\/\"},{\"@type\":\"ListItem\",\"position\":2,\"name\":\"Boutique\",\"item\":\"https:\/\/dev6.erresse-shop.it\/shop\/\"},{\"@type\":\"ListItem\",\"position\":3,\"name\":\"ZWILLING Enfinigy Bouilloire \u00c9lectrique Pro\"}]},{\"@type\":\"WebSite\",\"@id\":\"https:\/\/dev6.erresse-shop.it\/#website\",\"url\":\"https:\/\/dev6.erresse-shop.it\/\",\"name\":\"Erresse Shop\",\"description\":\"\",\"publisher\":{\"@id\":\"https:\/\/dev6.erresse-shop.it\/#organization\"},\"potentialAction\":[{\"@type\":\"SearchAction\",\"target\":{\"@type\":\"EntryPoint\",\"urlTemplate\":\"https:\/\/dev6.erresse-shop.it\/?s={search_term_string}\"},\"query-input\":{\"@type\":\"PropertyValueSpecification\",\"valueRequired\":true,\"valueName\":\"search_term_string\"}}],\"inLanguage\":\"fr-FR\"},{\"@type\":\"Organization\",\"@id\":\"https:\/\/dev6.erresse-shop.it\/#organization\",\"name\":\"Erresse Shop\",\"url\":\"https:\/\/dev6.erresse-shop.it\/\",\"logo\":{\"@type\":\"ImageObject\",\"inLanguage\":\"fr-FR\",\"@id\":\"https:\/\/dev6.erresse-shop.it\/#\/schema\/logo\/image\/\",\"url\":\"https:\/\/dev6.erresse-shop.it\/wp-content\/uploads\/2025\/01\/LOGO-ERRESSE-CLASSICO.svg\",\"contentUrl\":\"https:\/\/dev6.erresse-shop.it\/wp-content\/uploads\/2025\/01\/LOGO-ERRESSE-CLASSICO.svg\",\"caption\":\"Erresse Shop\"},\"image\":{\"@id\":\"https:\/\/dev6.erresse-shop.it\/#\/schema\/logo\/image\/\"}}]}<\/script>\n<!-- \/ Yoast SEO plugin. -->","yoast_head_json":{"title":"ZWILLING Enfinigy Bouilloire \u00c9lectrique Pro - dev6 Erresse","description":"La bouilloire \u00e9lectrique PRO ENFINIGY va vous s\u00e9duire par son design unique et intemporel et ses multiples fonctionnalit\u00e9s. Votre bouilloire vous permet","robots":{"index":"noindex","follow":"follow","max-snippet":"max-snippet:-1","max-image-preview":"max-image-preview:large","max-video-preview":"max-video-preview:-1"},"og_locale":"fr_FR","og_type":"article","og_title":"ZWILLING Enfinigy Bouilloire \u00c9lectrique Pro - dev6 Erresse","og_description":"La bouilloire \u00e9lectrique PRO ENFINIGY va vous s\u00e9duire par son design unique et intemporel et ses multiples fonctionnalit\u00e9s. Votre bouilloire vous permet","og_url":"https:\/\/dev6.erresse-shop.it\/fr\/shop\/petits-electromenagers\/bouilloires-electriques\/zwilling-enfinigy-bouilloire-electrique-pro\/","og_site_name":"dev6 Erresse","og_image":[{"url":"https:\/\/interpim.erresse-shop.it\/Import\/Prodotti\/53006-000.jpg","type":"","width":"","height":""},{"url":"https:\/\/interpim.erresse-shop.it\/Import\/Prodotti\/53006-000.jpg","width":1024,"height":1024,"type":"image\/jpeg"}],"twitter_card":"summary_large_image","twitter_image":"https:\/\/interpim.erresse-shop.it\/Import\/Prodotti\/53006-000.jpg","schema":{"@context":"https:\/\/schema.org","@graph":[{"@type":"WebPage","@id":"https:\/\/dev6.erresse-shop.it\/fr\/shop\/petits-electromenagers\/bouilloires-electriques\/zwilling-enfinigy-bouilloire-electrique-pro\/","url":"https:\/\/dev6.erresse-shop.it\/fr\/shop\/petits-electromenagers\/bouilloires-electriques\/zwilling-enfinigy-bouilloire-electrique-pro\/","name":"ZWILLING Enfinigy Bouilloire \u00c9lectrique Pro - dev6 Erresse","isPartOf":{"@id":"https:\/\/dev6.erresse-shop.it\/#website"},"primaryImageOfPage":{"@id":"https:\/\/dev6.erresse-shop.it\/fr\/shop\/petits-electromenagers\/bouilloires-electriques\/zwilling-enfinigy-bouilloire-electrique-pro\/#primaryimage"},"image":{"@id":"https:\/\/dev6.erresse-shop.it\/fr\/shop\/petits-electromenagers\/bouilloires-electriques\/zwilling-enfinigy-bouilloire-electrique-pro\/#primaryimage"},"thumbnailUrl":"https:\/\/i3.wp.com\/interpim.erresse-shop.it\/Import\/Prodotti\/53006-000.jpg?ssl=1","datePublished":"2026-04-16T16:56:41+00:00","description":"La bouilloire \u00e9lectrique PRO ENFINIGY va vous s\u00e9duire par son design unique et intemporel et ses multiples fonctionnalit\u00e9s. Votre bouilloire vous permet","breadcrumb":{"@id":"https:\/\/dev6.erresse-shop.it\/fr\/shop\/petits-electromenagers\/bouilloires-electriques\/zwilling-enfinigy-bouilloire-electrique-pro\/#breadcrumb"},"inLanguage":"fr-FR","potentialAction":[{"@type":"ReadAction","target":["https:\/\/dev6.erresse-shop.it\/fr\/shop\/petits-electromenagers\/bouilloires-electriques\/zwilling-enfinigy-bouilloire-electrique-pro\/"]}]},{"@type":"ImageObject","inLanguage":"fr-FR","@id":"https:\/\/dev6.erresse-shop.it\/fr\/shop\/petits-electromenagers\/bouilloires-electriques\/zwilling-enfinigy-bouilloire-electrique-pro\/#primaryimage","url":"https:\/\/i3.wp.com\/interpim.erresse-shop.it\/Import\/Prodotti\/53006-000.jpg?ssl=1","contentUrl":"https:\/\/i3.wp.com\/interpim.erresse-shop.it\/Import\/Prodotti\/53006-000.jpg?ssl=1"},{"@type":"BreadcrumbList","@id":"https:\/\/dev6.erresse-shop.it\/fr\/shop\/petits-electromenagers\/bouilloires-electriques\/zwilling-enfinigy-bouilloire-electrique-pro\/#breadcrumb","itemListElement":[{"@type":"ListItem","position":1,"name":"Home","item":"https:\/\/dev6.erresse-shop.it\/"},{"@type":"ListItem","position":2,"name":"Boutique","item":"https:\/\/dev6.erresse-shop.it\/shop\/"},{"@type":"ListItem","position":3,"name":"ZWILLING Enfinigy Bouilloire \u00c9lectrique Pro"}]},{"@type":"WebSite","@id":"https:\/\/dev6.erresse-shop.it\/#website","url":"https:\/\/dev6.erresse-shop.it\/","name":"Erresse Shop","description":"","publisher":{"@id":"https:\/\/dev6.erresse-shop.it\/#organization"},"potentialAction":[{"@type":"SearchAction","target":{"@type":"EntryPoint","urlTemplate":"https:\/\/dev6.erresse-shop.it\/?s={search_term_string}"},"query-input":{"@type":"PropertyValueSpecification","valueRequired":true,"valueName":"search_term_string"}}],"inLanguage":"fr-FR"},{"@type":"Organization","@id":"https:\/\/dev6.erresse-shop.it\/#organization","name":"Erresse Shop","url":"https:\/\/dev6.erresse-shop.it\/","logo":{"@type":"ImageObject","inLanguage":"fr-FR","@id":"https:\/\/dev6.erresse-shop.it\/#\/schema\/logo\/image\/","url":"https:\/\/dev6.erresse-shop.it\/wp-content\/uploads\/2025\/01\/LOGO-ERRESSE-CLASSICO.svg","contentUrl":"https:\/\/dev6.erresse-shop.it\/wp-content\/uploads\/2025\/01\/LOGO-ERRESSE-CLASSICO.svg","caption":"Erresse Shop"},"image":{"@id":"https:\/\/dev6.erresse-shop.it\/#\/schema\/logo\/image\/"}}]}},"df_price":99.98,"df_sale_price":99.98,"df_regular_price":139,"df_image_link":"https:\/\/i3.wp.com\/interpim.erresse-shop.it\/Import\/Prodotti\/53006-000.jpg?resize=300,300&ssl=1","fifu_image_url":"https:\/\/interpim.erresse-shop.it\/Import\/Prodotti\/53006-000.jpg","_links":{"self":[{"href":"https:\/\/dev6.erresse-shop.it\/fr\/wp-json\/wp\/v2\/product\/58255","targetHints":{"allow":["GET"]}}],"collection":[{"href":"https:\/\/dev6.erresse-shop.it\/fr\/wp-json\/wp\/v2\/product"}],"about":[{"href":"https:\/\/dev6.erresse-shop.it\/fr\/wp-json\/wp\/v2\/types\/product"}],"wp:featuredmedia":[{"embeddable":true,"href":"https:\/\/dev6.erresse-shop.it\/fr\/wp-json\/wp\/v2\/media\/6486763"}],"wp:attachment":[{"href":"https:\/\/dev6.erresse-shop.it\/fr\/wp-json\/wp\/v2\/media?parent=58255"}],"wp:term":[{"taxonomy":"product_cat","embeddable":true,"href":"https:\/\/dev6.erresse-shop.it\/fr\/wp-json\/wp\/v2\/product_cat?post=58255"},{"taxonomy":"product_tag","embeddable":true,"href":"https:\/\/dev6.erresse-shop.it\/fr\/wp-json\/wp\/v2\/product_tag?post=58255"}],"curies":[{"name":"wp","href":"https:\/\/api.w.org\/{rel}","templated":true}]}}