{"id":58251,"date":"2026-04-16T18:56:41","date_gmt":"2026-04-16T16:56:41","guid":{"rendered":"https:\/\/dev6.erresse-shop.it\/shop\/non%20class\u00e9\/zwilling-enfinigy-blender-universel\/"},"modified":"2025-07-04T15:55:04","modified_gmt":"2025-07-04T13:55:04","slug":"zwilling-enfinigy-blender-universel","status":"publish","type":"product","link":"https:\/\/dev6.erresse-shop.it\/fr\/shop\/petits-electromenagers\/mixeurs\/zwilling-enfinigy-blender-universel\/","title":{"rendered":"ZWILLING Enfinigy Blender Universel"},"content":{"rendered":"<p>Si le couteau est le premier outil en cuisine, votre blender universel ENFINIGY va devenir votre alli\u00e9 indispensable pour toutes vos recettes. ZWILLING a mis toute son expertise couteli\u00e8re dans le d\u00e9veloppement d\u2019une nouvelle forme de lames: la dentelure sp\u00e9ciale en forme de dents de piranha assure en effet un mixage rapide, homog\u00e8ne et sans effort.<br \/>\nLe moteur de 1200 watts est particuli\u00e8rement puissant. Combin\u00e9 \u00e0 une double lame en acier inoxydable ZWILLING et au design ergonomique de son bol, vous obtiendrez ainsi des r\u00e9sultats de mixage parfaits.<br \/>\nLe bol de 1,4 litre du mixeur est fabriqu\u00e9 en Tritan sans BPA (Bisph\u00e9nol A), incassable et r\u00e9sistant \u00e0 la fois \u00e0 la chaleur et au froid. Il est recommand\u00e9 de le nettoyer \u00e0 la main ou simplement avec le programme de nettoyage int\u00e9gr\u00e9.<br \/>\nSon design \u00e9pur\u00e9 et monobloc avec un seul bouton \u00e0 affichage int\u00e9gr\u00e9 rend le nettoyage de la base ais\u00e9. Le dispositif de s\u00e9curit\u00e9 int\u00e9gr\u00e9 emp\u00eache le mixeur de fonctionner lorsque le couvercle n\u2019est pas ferm\u00e9, ce qui \u00e9vite tout risque de blessure. Un syst\u00e8me de s\u00e9curit\u00e9 emp\u00eache \u00e9galement le d\u00e9marrage du blender si le bol est mal fix\u00e9 \u00e0 sa base<br \/>\nLe bouton de commande vous permet de choisir intuitivement parmi 5 programmes pr\u00e9d\u00e9finis (smoothie, cocktail, glace pil\u00e9e, mode Pulse pour une texture plus lisse, et nettoyage) et 12 r\u00e9glages de vitesse. Vous pouvez \u00e9galement pr\u00e9parer des milk-shakes, des dips, des sauces et bien d\u2019autres choses encore \u00e0 la vitesse optimale.<br \/>\nDe plus, il est livr\u00e9 avec les accessoires suivants : un gobelet doseur et un poussoir.<\/p>\n<p>\u2013 Puissance du moteur de 1200 watts pour m\u00e9langer sans perte de performance<br \/>\n\u2013 Lame en croix \u00e0 angles multiples en acier inoxydable formule sp\u00e9ciale Zwilling, avec dentelure Piranha pour une coupe parfaite<br \/>\n\u2013 5 programmes automatiques : Pulse, smoothie, cocktail, glace pill\u00e9e et nettoyage<br \/>\n\u2013 R\u00e9cipient en Tritan sans BPA (Bisph\u00e9nol A) et r\u00e9sistant anti-rayure \u2013 lavage \u00e0 la main recommand\u00e9\/ ou fonction auto-nettoyage<br \/>\n\u2013 Capacit\u00e9 : 1,4 l<br \/>\n\u2013 Syst\u00e8me de verrouillage s\u00e9curis\u00e9 de la lame (le moteur ne fonctionne pas sans le r\u00e9cipient ni sans couvercle)<br \/>\n\u2013 D\u00e9velopp\u00e9 par ZWILLING en Allemagne, con\u00e7u \u00e0 Milan, Italie, par le Studio Matteo Thun &amp; Antonio Rodriguez<\/p>\n<p>Donn\u00e9es Techniques<br \/>\n\u2013 Couleur: Silver<br \/>\n\u2013 Mat\u00e9riau: Plastique<br \/>\n\u2013 Tension: 220-240 V<br \/>\n\u2013 Bol Tritan: 1400 ml<br \/>\n\u2013 Syst\u00e8me de verrouillage: Oui<br \/>\n\u2013 Type de moteur: AC Motor<br \/>\n\u2013 Stockage du cordon: Oui<br \/>\n\u2013 Programmes: 5<br \/>\n\u2013 Type de lame: Cross blade<br \/>\n\u2013 R\u00e9glage de la vitesse: 12<br \/>\n\u2013 Puissance: 1.200 W<\/p>\n<p>Dimensions<br \/>\n\u2013 Poids net: 3,90 kg<br \/>\n\u2013 Capacit\u00e9: 1,40 l<br \/>\n\u2013 Longueur totale du produit: 16,50 cm<br \/>\n\u2013 Longueur ou largeur du produit: 16,50 cm<br \/>\n\u2013 Hauteur du produit: 39,90 cm<\/p>\n<p>Not for sale outside from Europe<\/p>\n","protected":false},"excerpt":{"rendered":"<p>Si le couteau est le premier outil en cuisine, votre blender universel ENFINIGY va devenir votre alli\u00e9 indispensable pour toutes vos recettes. ZWILLING a mis toute son expertise couteli\u00e8re dans le d\u00e9veloppement d\u2019une nouvelle forme de lames: la dentelure sp\u00e9ciale en forme de dents de piranha assure en effet un mixage rapide, homog\u00e8ne et sans [&hellip;]<\/p>\n","protected":false},"featured_media":6486729,"template":"","meta":{"_acf_changed":false},"product_cat":[11737,12061,12055],"product_tag":[],"class_list":{"0":"post-58251","1":"product","2":"type-product","3":"status-publish","4":"has-post-thumbnail","6":"product_cat-frullatori","7":"product_cat-mixeurs","8":"product_cat-petits-electromenagers","10":"first","11":"outofstock","12":"sale","13":"taxable","14":"shipping-taxable","15":"purchasable","16":"product-type-simple","swatches":"rey-swatches","show_selected":"","stretch_labels":"rey-swatches--stretch-labels"},"acf":[],"yoast_head":"<!-- This site is optimized with the Yoast SEO plugin v25.4 - https:\/\/yoast.com\/wordpress\/plugins\/seo\/ -->\n<title>ZWILLING Enfinigy Blender Universel - dev6 Erresse<\/title>\n<meta name=\"description\" content=\"Si le couteau est le premier outil en cuisine, votre blender universel ENFINIGY va devenir votre alli\u00e9 indispensable pour toutes vos recettes. ZWILLING a\" \/>\n<meta name=\"robots\" content=\"noindex, follow, max-snippet:-1, max-image-preview:large, max-video-preview:-1\" \/>\n<meta property=\"og:locale\" content=\"fr_FR\" \/>\n<meta property=\"og:type\" content=\"article\" \/>\n<meta property=\"og:title\" content=\"ZWILLING Enfinigy Blender Universel - dev6 Erresse\" \/>\n<meta property=\"og:description\" content=\"Si le couteau est le premier outil en cuisine, votre blender universel ENFINIGY va devenir votre alli\u00e9 indispensable pour toutes vos recettes. ZWILLING a\" \/>\n<meta property=\"og:url\" content=\"https:\/\/dev6.erresse-shop.it\/fr\/shop\/petits-electromenagers\/mixeurs\/zwilling-enfinigy-blender-universel\/\" \/>\n<meta property=\"og:site_name\" content=\"dev6 Erresse\" \/>\n<meta property=\"og:image\" content=\"https:\/\/interpim.erresse-shop.it\/Import\/Prodotti\/53001-000.jpg\" \/><meta property=\"og:image\" content=\"https:\/\/interpim.erresse-shop.it\/Import\/Prodotti\/53001-000.jpg\" \/>\n\t<meta property=\"og:image:width\" content=\"1024\" \/>\n\t<meta property=\"og:image:height\" content=\"1024\" \/>\n\t<meta property=\"og:image:type\" content=\"image\/jpeg\" \/>\n<meta name=\"twitter:card\" content=\"summary_large_image\" \/>\n<meta name=\"twitter:image\" content=\"https:\/\/interpim.erresse-shop.it\/Import\/Prodotti\/53001-000.jpg\" \/>\n<script type=\"application\/ld+json\" class=\"yoast-schema-graph\">{\"@context\":\"https:\/\/schema.org\",\"@graph\":[{\"@type\":\"WebPage\",\"@id\":\"https:\/\/dev6.erresse-shop.it\/fr\/shop\/petits-electromenagers\/mixeurs\/zwilling-enfinigy-blender-universel\/\",\"url\":\"https:\/\/dev6.erresse-shop.it\/fr\/shop\/petits-electromenagers\/mixeurs\/zwilling-enfinigy-blender-universel\/\",\"name\":\"ZWILLING Enfinigy Blender Universel - dev6 Erresse\",\"isPartOf\":{\"@id\":\"https:\/\/dev6.erresse-shop.it\/#website\"},\"primaryImageOfPage\":{\"@id\":\"https:\/\/dev6.erresse-shop.it\/fr\/shop\/petits-electromenagers\/mixeurs\/zwilling-enfinigy-blender-universel\/#primaryimage\"},\"image\":{\"@id\":\"https:\/\/dev6.erresse-shop.it\/fr\/shop\/petits-electromenagers\/mixeurs\/zwilling-enfinigy-blender-universel\/#primaryimage\"},\"thumbnailUrl\":\"https:\/\/i2.wp.com\/interpim.erresse-shop.it\/Import\/Prodotti\/53001-000.jpg?ssl=1\",\"datePublished\":\"2026-04-16T16:56:41+00:00\",\"description\":\"Si le couteau est le premier outil en cuisine, votre blender universel ENFINIGY va devenir votre alli\u00e9 indispensable pour toutes vos recettes. ZWILLING a\",\"breadcrumb\":{\"@id\":\"https:\/\/dev6.erresse-shop.it\/fr\/shop\/petits-electromenagers\/mixeurs\/zwilling-enfinigy-blender-universel\/#breadcrumb\"},\"inLanguage\":\"fr-FR\",\"potentialAction\":[{\"@type\":\"ReadAction\",\"target\":[\"https:\/\/dev6.erresse-shop.it\/fr\/shop\/petits-electromenagers\/mixeurs\/zwilling-enfinigy-blender-universel\/\"]}]},{\"@type\":\"ImageObject\",\"inLanguage\":\"fr-FR\",\"@id\":\"https:\/\/dev6.erresse-shop.it\/fr\/shop\/petits-electromenagers\/mixeurs\/zwilling-enfinigy-blender-universel\/#primaryimage\",\"url\":\"https:\/\/i2.wp.com\/interpim.erresse-shop.it\/Import\/Prodotti\/53001-000.jpg?ssl=1\",\"contentUrl\":\"https:\/\/i2.wp.com\/interpim.erresse-shop.it\/Import\/Prodotti\/53001-000.jpg?ssl=1\"},{\"@type\":\"BreadcrumbList\",\"@id\":\"https:\/\/dev6.erresse-shop.it\/fr\/shop\/petits-electromenagers\/mixeurs\/zwilling-enfinigy-blender-universel\/#breadcrumb\",\"itemListElement\":[{\"@type\":\"ListItem\",\"position\":1,\"name\":\"Home\",\"item\":\"https:\/\/dev6.erresse-shop.it\/\"},{\"@type\":\"ListItem\",\"position\":2,\"name\":\"Boutique\",\"item\":\"https:\/\/dev6.erresse-shop.it\/shop\/\"},{\"@type\":\"ListItem\",\"position\":3,\"name\":\"ZWILLING Enfinigy Blender Universel\"}]},{\"@type\":\"WebSite\",\"@id\":\"https:\/\/dev6.erresse-shop.it\/#website\",\"url\":\"https:\/\/dev6.erresse-shop.it\/\",\"name\":\"Erresse Shop\",\"description\":\"\",\"publisher\":{\"@id\":\"https:\/\/dev6.erresse-shop.it\/#organization\"},\"potentialAction\":[{\"@type\":\"SearchAction\",\"target\":{\"@type\":\"EntryPoint\",\"urlTemplate\":\"https:\/\/dev6.erresse-shop.it\/?s={search_term_string}\"},\"query-input\":{\"@type\":\"PropertyValueSpecification\",\"valueRequired\":true,\"valueName\":\"search_term_string\"}}],\"inLanguage\":\"fr-FR\"},{\"@type\":\"Organization\",\"@id\":\"https:\/\/dev6.erresse-shop.it\/#organization\",\"name\":\"Erresse Shop\",\"url\":\"https:\/\/dev6.erresse-shop.it\/\",\"logo\":{\"@type\":\"ImageObject\",\"inLanguage\":\"fr-FR\",\"@id\":\"https:\/\/dev6.erresse-shop.it\/#\/schema\/logo\/image\/\",\"url\":\"https:\/\/dev6.erresse-shop.it\/wp-content\/uploads\/2025\/01\/LOGO-ERRESSE-CLASSICO.svg\",\"contentUrl\":\"https:\/\/dev6.erresse-shop.it\/wp-content\/uploads\/2025\/01\/LOGO-ERRESSE-CLASSICO.svg\",\"caption\":\"Erresse Shop\"},\"image\":{\"@id\":\"https:\/\/dev6.erresse-shop.it\/#\/schema\/logo\/image\/\"}}]}<\/script>\n<!-- \/ Yoast SEO plugin. -->","yoast_head_json":{"title":"ZWILLING Enfinigy Blender Universel - dev6 Erresse","description":"Si le couteau est le premier outil en cuisine, votre blender universel ENFINIGY va devenir votre alli\u00e9 indispensable pour toutes vos recettes. ZWILLING a","robots":{"index":"noindex","follow":"follow","max-snippet":"max-snippet:-1","max-image-preview":"max-image-preview:large","max-video-preview":"max-video-preview:-1"},"og_locale":"fr_FR","og_type":"article","og_title":"ZWILLING Enfinigy Blender Universel - dev6 Erresse","og_description":"Si le couteau est le premier outil en cuisine, votre blender universel ENFINIGY va devenir votre alli\u00e9 indispensable pour toutes vos recettes. ZWILLING a","og_url":"https:\/\/dev6.erresse-shop.it\/fr\/shop\/petits-electromenagers\/mixeurs\/zwilling-enfinigy-blender-universel\/","og_site_name":"dev6 Erresse","og_image":[{"url":"https:\/\/interpim.erresse-shop.it\/Import\/Prodotti\/53001-000.jpg","type":"","width":"","height":""},{"url":"https:\/\/interpim.erresse-shop.it\/Import\/Prodotti\/53001-000.jpg","width":1024,"height":1024,"type":"image\/jpeg"}],"twitter_card":"summary_large_image","twitter_image":"https:\/\/interpim.erresse-shop.it\/Import\/Prodotti\/53001-000.jpg","schema":{"@context":"https:\/\/schema.org","@graph":[{"@type":"WebPage","@id":"https:\/\/dev6.erresse-shop.it\/fr\/shop\/petits-electromenagers\/mixeurs\/zwilling-enfinigy-blender-universel\/","url":"https:\/\/dev6.erresse-shop.it\/fr\/shop\/petits-electromenagers\/mixeurs\/zwilling-enfinigy-blender-universel\/","name":"ZWILLING Enfinigy Blender Universel - dev6 Erresse","isPartOf":{"@id":"https:\/\/dev6.erresse-shop.it\/#website"},"primaryImageOfPage":{"@id":"https:\/\/dev6.erresse-shop.it\/fr\/shop\/petits-electromenagers\/mixeurs\/zwilling-enfinigy-blender-universel\/#primaryimage"},"image":{"@id":"https:\/\/dev6.erresse-shop.it\/fr\/shop\/petits-electromenagers\/mixeurs\/zwilling-enfinigy-blender-universel\/#primaryimage"},"thumbnailUrl":"https:\/\/i2.wp.com\/interpim.erresse-shop.it\/Import\/Prodotti\/53001-000.jpg?ssl=1","datePublished":"2026-04-16T16:56:41+00:00","description":"Si le couteau est le premier outil en cuisine, votre blender universel ENFINIGY va devenir votre alli\u00e9 indispensable pour toutes vos recettes. ZWILLING a","breadcrumb":{"@id":"https:\/\/dev6.erresse-shop.it\/fr\/shop\/petits-electromenagers\/mixeurs\/zwilling-enfinigy-blender-universel\/#breadcrumb"},"inLanguage":"fr-FR","potentialAction":[{"@type":"ReadAction","target":["https:\/\/dev6.erresse-shop.it\/fr\/shop\/petits-electromenagers\/mixeurs\/zwilling-enfinigy-blender-universel\/"]}]},{"@type":"ImageObject","inLanguage":"fr-FR","@id":"https:\/\/dev6.erresse-shop.it\/fr\/shop\/petits-electromenagers\/mixeurs\/zwilling-enfinigy-blender-universel\/#primaryimage","url":"https:\/\/i2.wp.com\/interpim.erresse-shop.it\/Import\/Prodotti\/53001-000.jpg?ssl=1","contentUrl":"https:\/\/i2.wp.com\/interpim.erresse-shop.it\/Import\/Prodotti\/53001-000.jpg?ssl=1"},{"@type":"BreadcrumbList","@id":"https:\/\/dev6.erresse-shop.it\/fr\/shop\/petits-electromenagers\/mixeurs\/zwilling-enfinigy-blender-universel\/#breadcrumb","itemListElement":[{"@type":"ListItem","position":1,"name":"Home","item":"https:\/\/dev6.erresse-shop.it\/"},{"@type":"ListItem","position":2,"name":"Boutique","item":"https:\/\/dev6.erresse-shop.it\/shop\/"},{"@type":"ListItem","position":3,"name":"ZWILLING Enfinigy Blender Universel"}]},{"@type":"WebSite","@id":"https:\/\/dev6.erresse-shop.it\/#website","url":"https:\/\/dev6.erresse-shop.it\/","name":"Erresse Shop","description":"","publisher":{"@id":"https:\/\/dev6.erresse-shop.it\/#organization"},"potentialAction":[{"@type":"SearchAction","target":{"@type":"EntryPoint","urlTemplate":"https:\/\/dev6.erresse-shop.it\/?s={search_term_string}"},"query-input":{"@type":"PropertyValueSpecification","valueRequired":true,"valueName":"search_term_string"}}],"inLanguage":"fr-FR"},{"@type":"Organization","@id":"https:\/\/dev6.erresse-shop.it\/#organization","name":"Erresse Shop","url":"https:\/\/dev6.erresse-shop.it\/","logo":{"@type":"ImageObject","inLanguage":"fr-FR","@id":"https:\/\/dev6.erresse-shop.it\/#\/schema\/logo\/image\/","url":"https:\/\/dev6.erresse-shop.it\/wp-content\/uploads\/2025\/01\/LOGO-ERRESSE-CLASSICO.svg","contentUrl":"https:\/\/dev6.erresse-shop.it\/wp-content\/uploads\/2025\/01\/LOGO-ERRESSE-CLASSICO.svg","caption":"Erresse Shop"},"image":{"@id":"https:\/\/dev6.erresse-shop.it\/#\/schema\/logo\/image\/"}}]}},"df_price":159,"df_sale_price":159,"df_regular_price":199,"df_image_link":"https:\/\/i2.wp.com\/interpim.erresse-shop.it\/Import\/Prodotti\/53001-000.jpg?resize=300,300&ssl=1","fifu_image_url":"https:\/\/interpim.erresse-shop.it\/Import\/Prodotti\/53001-000.jpg","_links":{"self":[{"href":"https:\/\/dev6.erresse-shop.it\/fr\/wp-json\/wp\/v2\/product\/58251","targetHints":{"allow":["GET"]}}],"collection":[{"href":"https:\/\/dev6.erresse-shop.it\/fr\/wp-json\/wp\/v2\/product"}],"about":[{"href":"https:\/\/dev6.erresse-shop.it\/fr\/wp-json\/wp\/v2\/types\/product"}],"wp:featuredmedia":[{"embeddable":true,"href":"https:\/\/dev6.erresse-shop.it\/fr\/wp-json\/wp\/v2\/media\/6486729"}],"wp:attachment":[{"href":"https:\/\/dev6.erresse-shop.it\/fr\/wp-json\/wp\/v2\/media?parent=58251"}],"wp:term":[{"taxonomy":"product_cat","embeddable":true,"href":"https:\/\/dev6.erresse-shop.it\/fr\/wp-json\/wp\/v2\/product_cat?post=58251"},{"taxonomy":"product_tag","embeddable":true,"href":"https:\/\/dev6.erresse-shop.it\/fr\/wp-json\/wp\/v2\/product_tag?post=58251"}],"curies":[{"name":"wp","href":"https:\/\/api.w.org\/{rel}","templated":true}]}}