{"id":58241,"date":"2026-04-12T08:22:29","date_gmt":"2026-04-12T06:22:29","guid":{"rendered":"https:\/\/dev6.erresse-shop.it\/shop\/non%20class\u00e9\/zwilling-enfinigy-grille-pain-4-slots\/"},"modified":"2025-07-04T15:54:54","modified_gmt":"2025-07-04T13:54:54","slug":"zwilling-enfinigy-grille-pain-4-slots","status":"publish","type":"product","link":"https:\/\/dev6.erresse-shop.it\/fr\/shop\/petits-electromenagers\/grille-pains\/zwilling-enfinigy-grille-pain-4-slots\/","title":{"rendered":"ZWILLING Enfinigy Grille Pain 4 Slots"},"content":{"rendered":"<p>Le grille-pain \u00e0 fentes longues ENFINIGY est votre meilleur alli\u00e9 pour des tartines parfaitement grill\u00e9es en un rien de temps. Ses fentes permettent de faire griller quatre tranches \u00e0 la fois et s\u2019il y a plusieurs toasts, le temps de brunissement en est raccourci automatiquement.<br \/>\nSes 4 chambres de grillage variables associ\u00e9es \u00e0 une puissance de 1800 W vous permettent d\u2019obtenir toasts et baguettes grill\u00e9s uniform\u00e9ment de chaque c\u00f4t\u00e9 tout en vous garantissant chaque tranche croustillante \u00e0 l\u2019ext\u00e9rieur et moelleuse \u00e0 l\u2019int\u00e9rieur.<br \/>\nUne fois les toasts dor\u00e9s, la fonction \u201cSoft-lift\u201d les fait remonter progressivement et votre toaster ENFINIGY dispose d\u2019une remont\u00e9e extra haute de la tartine, qui permet de r\u00e9cup\u00e9rer votre pain grill\u00e9 \u2013 m\u00eame les plus petites tranches \u2013 sans vous br\u00fbler.<br \/>\nAvec son thermostat 7 positions et ses 3 programmes automatiques, vous avez le choix d\u2019une tartine plus ou moins grill\u00e9e selon votre souhait.<br \/>\nImpossible aussi de bruler vos tartines gr\u00e2ce \u00e0 la touche Stop permettant d\u2019interrompre le dorage \u00e0 tout moment. Le tiroir ramasse-miettes, quant \u00e0 lui, vous garantit une utilisation en toute propret\u00e9.<br \/>\nGr\u00e2ce \u00e0 la fonction R\u00e9chauffage, il est possible de r\u00e9chauffer ses toasts ou tranches de pain ou bien de continuer le brunissement si le r\u00e9sultat n\u2019est pas satisfaisant. La fonction D\u00e9cong\u00e9lation d\u00e9cong\u00e8le doucement et grille votre pain congel\u00e9. Et la fonction Bagel est parfaite pour les petits pains ronds et les pains hamburger : bien centr\u00e9s, croustillants \u00e0 l\u2019ext\u00e9rieur et chauds \u00e0 l\u2019int\u00e9rieur.<br \/>\nGr\u00e2ce \u00e0 son plateau amovible, 2 petits pains suppl\u00e9mentaires peuvent \u00eatre r\u00e9chauff\u00e9s ou grill\u00e9s.<\/p>\n<p>\u2013 Grille-pain \u00e0 fentes longues pour 4 toasts ou 2 longues tranches de pain<br \/>\n\u2013 R\u00e9glage automatique de la dur\u00e9e de chauffe pour un brunissement uniforme m\u00eame avec plusieurs toasts<br \/>\n\u2013 4 unit\u00e9s de chauffage s\u00e9par\u00e9es pour un brunissement uniforme des deux c\u00f4t\u00e9s du pain grill\u00e9<br \/>\n\u2013 3 programmes automatiques : fonctions D\u00e9cong\u00e9lation, R\u00e9chauffage et Bagel<br \/>\n\u2013 Remont\u00e9e progressive des tranches avec la fonction \u00ab Soft-lift \u00bb<br \/>\n\u2013 Fonction de s\u00e9curit\u00e9 avec arr\u00eat automatique pour emp\u00eacher les toasts de br\u00fbler<br \/>\n\u2013 Grille pour r\u00e9chauffer les paninis, fougaces ou viennoiseries et les servir chauds, directement \u00e0 table<br \/>\n\u2013 Range-cordon int\u00e9gr\u00e9 pour un rangement pratique<br \/>\n\u2013 D\u00e9velopp\u00e9 par ZWILLING en Allemagne, con\u00e7u \u00e0 Milan, Italie, par le Studio Matteo Thun &amp; Antonio Rodriguez<\/p>\n<p>Donn\u00e9es Techniques<br \/>\n\u2013 Couleur: Silver<br \/>\n\u2013 Mat\u00e9riau: Acier inoxydable<br \/>\n\u2013 Tension: 220-240 V<br \/>\n\u2013 Fr\u00e9quence: 50\/60 Hz<br \/>\n\u2013 Stockage du cordon: Oui<br \/>\n\u2013 Puissance: 1.800 W<\/p>\n<p>Dimensions<br \/>\n\u2013 Poids net: 2,80 kg<br \/>\n\u2013 Longueur totale du produit: 40,70 cm<br \/>\n\u2013 Longueur ou largeur du produit: 16,80 cm<br \/>\n\u2013 Hauteur du produit: 20,60 cm<\/p>\n","protected":false},"excerpt":{"rendered":"<p>Le grille-pain \u00e0 fentes longues ENFINIGY est votre meilleur alli\u00e9 pour des tartines parfaitement grill\u00e9es en un rien de temps. Ses fentes permettent de faire griller quatre tranches \u00e0 la fois et s\u2019il y a plusieurs toasts, le temps de brunissement en est raccourci automatiquement. Ses 4 chambres de grillage variables associ\u00e9es \u00e0 une puissance [&hellip;]<\/p>\n","protected":false},"featured_media":6347602,"template":"","meta":{"_acf_changed":false},"product_cat":[12068,12055,11744],"product_tag":[],"class_list":{"0":"post-58241","1":"product","2":"type-product","3":"status-publish","4":"has-post-thumbnail","6":"product_cat-grille-pains","7":"product_cat-petits-electromenagers","8":"product_cat-tostapane-toaster","10":"first","11":"outofstock","12":"sale","13":"taxable","14":"shipping-taxable","15":"purchasable","16":"product-type-simple","swatches":"rey-swatches","show_selected":"","stretch_labels":"rey-swatches--stretch-labels"},"acf":[],"yoast_head":"<!-- This site is optimized with the Yoast SEO plugin v25.4 - https:\/\/yoast.com\/wordpress\/plugins\/seo\/ -->\n<title>ZWILLING Enfinigy Grille Pain 4 Slots - dev6 Erresse<\/title>\n<meta name=\"description\" content=\"Le grille-pain \u00e0 fentes longues ENFINIGY est votre meilleur alli\u00e9 pour des tartines parfaitement grill\u00e9es en un rien de temps. Ses fentes permettent de\" \/>\n<meta name=\"robots\" content=\"noindex, follow, max-snippet:-1, max-image-preview:large, max-video-preview:-1\" \/>\n<meta property=\"og:locale\" content=\"fr_FR\" \/>\n<meta property=\"og:type\" content=\"article\" \/>\n<meta property=\"og:title\" content=\"ZWILLING Enfinigy Grille Pain 4 Slots - dev6 Erresse\" \/>\n<meta property=\"og:description\" content=\"Le grille-pain \u00e0 fentes longues ENFINIGY est votre meilleur alli\u00e9 pour des tartines parfaitement grill\u00e9es en un rien de temps. Ses fentes permettent de\" \/>\n<meta property=\"og:url\" content=\"https:\/\/dev6.erresse-shop.it\/fr\/shop\/petits-electromenagers\/grille-pains\/zwilling-enfinigy-grille-pain-4-slots\/\" \/>\n<meta property=\"og:site_name\" content=\"dev6 Erresse\" \/>\n<meta property=\"og:image\" content=\"https:\/\/interpim.erresse-shop.it\/Import\/Prodotti\/53009-001.jpg\" \/><meta property=\"og:image\" content=\"https:\/\/interpim.erresse-shop.it\/Import\/Prodotti\/53009-001.jpg\" \/>\n\t<meta property=\"og:image:width\" content=\"1024\" \/>\n\t<meta property=\"og:image:height\" content=\"1024\" \/>\n\t<meta property=\"og:image:type\" content=\"image\/jpeg\" \/>\n<meta name=\"twitter:card\" content=\"summary_large_image\" \/>\n<meta name=\"twitter:image\" content=\"https:\/\/interpim.erresse-shop.it\/Import\/Prodotti\/53009-001.jpg\" \/>\n<script type=\"application\/ld+json\" class=\"yoast-schema-graph\">{\"@context\":\"https:\/\/schema.org\",\"@graph\":[{\"@type\":\"WebPage\",\"@id\":\"https:\/\/dev6.erresse-shop.it\/fr\/shop\/petits-electromenagers\/grille-pains\/zwilling-enfinigy-grille-pain-4-slots\/\",\"url\":\"https:\/\/dev6.erresse-shop.it\/fr\/shop\/petits-electromenagers\/grille-pains\/zwilling-enfinigy-grille-pain-4-slots\/\",\"name\":\"ZWILLING Enfinigy Grille Pain 4 Slots - dev6 Erresse\",\"isPartOf\":{\"@id\":\"https:\/\/dev6.erresse-shop.it\/#website\"},\"primaryImageOfPage\":{\"@id\":\"https:\/\/dev6.erresse-shop.it\/fr\/shop\/petits-electromenagers\/grille-pains\/zwilling-enfinigy-grille-pain-4-slots\/#primaryimage\"},\"image\":{\"@id\":\"https:\/\/dev6.erresse-shop.it\/fr\/shop\/petits-electromenagers\/grille-pains\/zwilling-enfinigy-grille-pain-4-slots\/#primaryimage\"},\"thumbnailUrl\":\"https:\/\/i2.wp.com\/interpim.erresse-shop.it\/Import\/Prodotti\/53009-001.jpg?ssl=1\",\"datePublished\":\"2026-04-12T06:22:29+00:00\",\"description\":\"Le grille-pain \u00e0 fentes longues ENFINIGY est votre meilleur alli\u00e9 pour des tartines parfaitement grill\u00e9es en un rien de temps. Ses fentes permettent de\",\"breadcrumb\":{\"@id\":\"https:\/\/dev6.erresse-shop.it\/fr\/shop\/petits-electromenagers\/grille-pains\/zwilling-enfinigy-grille-pain-4-slots\/#breadcrumb\"},\"inLanguage\":\"fr-FR\",\"potentialAction\":[{\"@type\":\"ReadAction\",\"target\":[\"https:\/\/dev6.erresse-shop.it\/fr\/shop\/petits-electromenagers\/grille-pains\/zwilling-enfinigy-grille-pain-4-slots\/\"]}]},{\"@type\":\"ImageObject\",\"inLanguage\":\"fr-FR\",\"@id\":\"https:\/\/dev6.erresse-shop.it\/fr\/shop\/petits-electromenagers\/grille-pains\/zwilling-enfinigy-grille-pain-4-slots\/#primaryimage\",\"url\":\"https:\/\/i2.wp.com\/interpim.erresse-shop.it\/Import\/Prodotti\/53009-001.jpg?ssl=1\",\"contentUrl\":\"https:\/\/i2.wp.com\/interpim.erresse-shop.it\/Import\/Prodotti\/53009-001.jpg?ssl=1\"},{\"@type\":\"BreadcrumbList\",\"@id\":\"https:\/\/dev6.erresse-shop.it\/fr\/shop\/petits-electromenagers\/grille-pains\/zwilling-enfinigy-grille-pain-4-slots\/#breadcrumb\",\"itemListElement\":[{\"@type\":\"ListItem\",\"position\":1,\"name\":\"Home\",\"item\":\"https:\/\/dev6.erresse-shop.it\/\"},{\"@type\":\"ListItem\",\"position\":2,\"name\":\"Boutique\",\"item\":\"https:\/\/dev6.erresse-shop.it\/shop\/\"},{\"@type\":\"ListItem\",\"position\":3,\"name\":\"ZWILLING Enfinigy Grille Pain 4 Slots\"}]},{\"@type\":\"WebSite\",\"@id\":\"https:\/\/dev6.erresse-shop.it\/#website\",\"url\":\"https:\/\/dev6.erresse-shop.it\/\",\"name\":\"Erresse Shop\",\"description\":\"\",\"publisher\":{\"@id\":\"https:\/\/dev6.erresse-shop.it\/#organization\"},\"potentialAction\":[{\"@type\":\"SearchAction\",\"target\":{\"@type\":\"EntryPoint\",\"urlTemplate\":\"https:\/\/dev6.erresse-shop.it\/?s={search_term_string}\"},\"query-input\":{\"@type\":\"PropertyValueSpecification\",\"valueRequired\":true,\"valueName\":\"search_term_string\"}}],\"inLanguage\":\"fr-FR\"},{\"@type\":\"Organization\",\"@id\":\"https:\/\/dev6.erresse-shop.it\/#organization\",\"name\":\"Erresse Shop\",\"url\":\"https:\/\/dev6.erresse-shop.it\/\",\"logo\":{\"@type\":\"ImageObject\",\"inLanguage\":\"fr-FR\",\"@id\":\"https:\/\/dev6.erresse-shop.it\/#\/schema\/logo\/image\/\",\"url\":\"https:\/\/dev6.erresse-shop.it\/wp-content\/uploads\/2025\/01\/LOGO-ERRESSE-CLASSICO.svg\",\"contentUrl\":\"https:\/\/dev6.erresse-shop.it\/wp-content\/uploads\/2025\/01\/LOGO-ERRESSE-CLASSICO.svg\",\"caption\":\"Erresse Shop\"},\"image\":{\"@id\":\"https:\/\/dev6.erresse-shop.it\/#\/schema\/logo\/image\/\"}}]}<\/script>\n<!-- \/ Yoast SEO plugin. -->","yoast_head_json":{"title":"ZWILLING Enfinigy Grille Pain 4 Slots - dev6 Erresse","description":"Le grille-pain \u00e0 fentes longues ENFINIGY est votre meilleur alli\u00e9 pour des tartines parfaitement grill\u00e9es en un rien de temps. Ses fentes permettent de","robots":{"index":"noindex","follow":"follow","max-snippet":"max-snippet:-1","max-image-preview":"max-image-preview:large","max-video-preview":"max-video-preview:-1"},"og_locale":"fr_FR","og_type":"article","og_title":"ZWILLING Enfinigy Grille Pain 4 Slots - dev6 Erresse","og_description":"Le grille-pain \u00e0 fentes longues ENFINIGY est votre meilleur alli\u00e9 pour des tartines parfaitement grill\u00e9es en un rien de temps. Ses fentes permettent de","og_url":"https:\/\/dev6.erresse-shop.it\/fr\/shop\/petits-electromenagers\/grille-pains\/zwilling-enfinigy-grille-pain-4-slots\/","og_site_name":"dev6 Erresse","og_image":[{"url":"https:\/\/interpim.erresse-shop.it\/Import\/Prodotti\/53009-001.jpg","type":"","width":"","height":""},{"url":"https:\/\/interpim.erresse-shop.it\/Import\/Prodotti\/53009-001.jpg","width":1024,"height":1024,"type":"image\/jpeg"}],"twitter_card":"summary_large_image","twitter_image":"https:\/\/interpim.erresse-shop.it\/Import\/Prodotti\/53009-001.jpg","schema":{"@context":"https:\/\/schema.org","@graph":[{"@type":"WebPage","@id":"https:\/\/dev6.erresse-shop.it\/fr\/shop\/petits-electromenagers\/grille-pains\/zwilling-enfinigy-grille-pain-4-slots\/","url":"https:\/\/dev6.erresse-shop.it\/fr\/shop\/petits-electromenagers\/grille-pains\/zwilling-enfinigy-grille-pain-4-slots\/","name":"ZWILLING Enfinigy Grille Pain 4 Slots - dev6 Erresse","isPartOf":{"@id":"https:\/\/dev6.erresse-shop.it\/#website"},"primaryImageOfPage":{"@id":"https:\/\/dev6.erresse-shop.it\/fr\/shop\/petits-electromenagers\/grille-pains\/zwilling-enfinigy-grille-pain-4-slots\/#primaryimage"},"image":{"@id":"https:\/\/dev6.erresse-shop.it\/fr\/shop\/petits-electromenagers\/grille-pains\/zwilling-enfinigy-grille-pain-4-slots\/#primaryimage"},"thumbnailUrl":"https:\/\/i2.wp.com\/interpim.erresse-shop.it\/Import\/Prodotti\/53009-001.jpg?ssl=1","datePublished":"2026-04-12T06:22:29+00:00","description":"Le grille-pain \u00e0 fentes longues ENFINIGY est votre meilleur alli\u00e9 pour des tartines parfaitement grill\u00e9es en un rien de temps. Ses fentes permettent de","breadcrumb":{"@id":"https:\/\/dev6.erresse-shop.it\/fr\/shop\/petits-electromenagers\/grille-pains\/zwilling-enfinigy-grille-pain-4-slots\/#breadcrumb"},"inLanguage":"fr-FR","potentialAction":[{"@type":"ReadAction","target":["https:\/\/dev6.erresse-shop.it\/fr\/shop\/petits-electromenagers\/grille-pains\/zwilling-enfinigy-grille-pain-4-slots\/"]}]},{"@type":"ImageObject","inLanguage":"fr-FR","@id":"https:\/\/dev6.erresse-shop.it\/fr\/shop\/petits-electromenagers\/grille-pains\/zwilling-enfinigy-grille-pain-4-slots\/#primaryimage","url":"https:\/\/i2.wp.com\/interpim.erresse-shop.it\/Import\/Prodotti\/53009-001.jpg?ssl=1","contentUrl":"https:\/\/i2.wp.com\/interpim.erresse-shop.it\/Import\/Prodotti\/53009-001.jpg?ssl=1"},{"@type":"BreadcrumbList","@id":"https:\/\/dev6.erresse-shop.it\/fr\/shop\/petits-electromenagers\/grille-pains\/zwilling-enfinigy-grille-pain-4-slots\/#breadcrumb","itemListElement":[{"@type":"ListItem","position":1,"name":"Home","item":"https:\/\/dev6.erresse-shop.it\/"},{"@type":"ListItem","position":2,"name":"Boutique","item":"https:\/\/dev6.erresse-shop.it\/shop\/"},{"@type":"ListItem","position":3,"name":"ZWILLING Enfinigy Grille Pain 4 Slots"}]},{"@type":"WebSite","@id":"https:\/\/dev6.erresse-shop.it\/#website","url":"https:\/\/dev6.erresse-shop.it\/","name":"Erresse Shop","description":"","publisher":{"@id":"https:\/\/dev6.erresse-shop.it\/#organization"},"potentialAction":[{"@type":"SearchAction","target":{"@type":"EntryPoint","urlTemplate":"https:\/\/dev6.erresse-shop.it\/?s={search_term_string}"},"query-input":{"@type":"PropertyValueSpecification","valueRequired":true,"valueName":"search_term_string"}}],"inLanguage":"fr-FR"},{"@type":"Organization","@id":"https:\/\/dev6.erresse-shop.it\/#organization","name":"Erresse Shop","url":"https:\/\/dev6.erresse-shop.it\/","logo":{"@type":"ImageObject","inLanguage":"fr-FR","@id":"https:\/\/dev6.erresse-shop.it\/#\/schema\/logo\/image\/","url":"https:\/\/dev6.erresse-shop.it\/wp-content\/uploads\/2025\/01\/LOGO-ERRESSE-CLASSICO.svg","contentUrl":"https:\/\/dev6.erresse-shop.it\/wp-content\/uploads\/2025\/01\/LOGO-ERRESSE-CLASSICO.svg","caption":"Erresse Shop"},"image":{"@id":"https:\/\/dev6.erresse-shop.it\/#\/schema\/logo\/image\/"}}]}},"df_price":99.95,"df_sale_price":99.95,"df_regular_price":119,"df_image_link":"https:\/\/i2.wp.com\/interpim.erresse-shop.it\/Import\/Prodotti\/53009-001.jpg?resize=300,300&ssl=1","fifu_image_url":"https:\/\/interpim.erresse-shop.it\/Import\/Prodotti\/53009-001.jpg","_links":{"self":[{"href":"https:\/\/dev6.erresse-shop.it\/fr\/wp-json\/wp\/v2\/product\/58241","targetHints":{"allow":["GET"]}}],"collection":[{"href":"https:\/\/dev6.erresse-shop.it\/fr\/wp-json\/wp\/v2\/product"}],"about":[{"href":"https:\/\/dev6.erresse-shop.it\/fr\/wp-json\/wp\/v2\/types\/product"}],"wp:featuredmedia":[{"embeddable":true,"href":"https:\/\/dev6.erresse-shop.it\/fr\/wp-json\/wp\/v2\/media\/6347602"}],"wp:attachment":[{"href":"https:\/\/dev6.erresse-shop.it\/fr\/wp-json\/wp\/v2\/media?parent=58241"}],"wp:term":[{"taxonomy":"product_cat","embeddable":true,"href":"https:\/\/dev6.erresse-shop.it\/fr\/wp-json\/wp\/v2\/product_cat?post=58241"},{"taxonomy":"product_tag","embeddable":true,"href":"https:\/\/dev6.erresse-shop.it\/fr\/wp-json\/wp\/v2\/product_tag?post=58241"}],"curies":[{"name":"wp","href":"https:\/\/api.w.org\/{rel}","templated":true}]}}