{"id":58233,"date":"2026-04-12T08:22:29","date_gmt":"2026-04-12T06:22:29","guid":{"rendered":"https:\/\/dev6.erresse-shop.it\/shop\/non%20class\u00e9\/le-creuset-faitout-en-fonte-emaillee-26-cm-shell-pink\/"},"modified":"2025-09-14T04:09:32","modified_gmt":"2025-09-14T02:09:32","slug":"le-creuset-faitout-en-fonte-emaillee-26-cm-shell-pink","status":"publish","type":"product","link":"https:\/\/dev6.erresse-shop.it\/fr\/shop\/poeles-pots\/sauteuses-et-faitout\/le-creuset-faitout-en-fonte-emaillee-26-cm-shell-pink\/","title":{"rendered":"LE CREUSET Faitout en Fonte \u00c9maill\u00e9e 26 cm Shell Pink"},"content":{"rendered":"<p>Les faitouts en fonte \u00e9maill\u00e9e Le Creuset emmagasinent lentement une tr\u00e8s grande quantit\u00e9 de chaleur et la restituent peu \u00e0 peu. Gr\u00e2ce \u00e0 leurs parois basses et \u00e0 leur large surface de cuisson, ils permettent de r\u00e9aliser de succulents mijot\u00e9s de viandes, des saut\u00e9s de l\u00e9gumes, des crustac\u00e9s, voire des desserts gourmands.<\/p>\n<p>\u00a0<\/p>\n<p>See Movie 1<br \/>\nSee Movie 2<\/p>\n","protected":false},"excerpt":{"rendered":"<p>Les faitouts en fonte \u00e9maill\u00e9e Le Creuset emmagasinent lentement une tr\u00e8s grande quantit\u00e9 de chaleur et la restituent peu \u00e0 peu. Gr\u00e2ce \u00e0 leurs parois basses et \u00e0 leur large surface de cuisson, ils permettent de r\u00e9aliser de succulents mijot\u00e9s de viandes, des saut\u00e9s de l\u00e9gumes, des crustac\u00e9s, voire des desserts gourmands. \u00a0 See Movie [&hellip;]<\/p>\n","protected":false},"featured_media":6347522,"template":"","meta":{"_acf_changed":false},"product_cat":[11667,11991,12012],"product_tag":[],"class_list":{"0":"post-58233","1":"product","2":"type-product","3":"status-publish","4":"has-post-thumbnail","6":"product_cat-padelle-pentole","7":"product_cat-poeles-pots","8":"product_cat-sauteuses-et-faitout","10":"first","11":"outofstock","12":"sale","13":"taxable","14":"shipping-taxable","15":"purchasable","16":"product-type-simple","swatches":"rey-swatches","show_selected":"","stretch_labels":"rey-swatches--stretch-labels"},"acf":[],"yoast_head":"<!-- This site is optimized with the Yoast SEO plugin v25.4 - https:\/\/yoast.com\/wordpress\/plugins\/seo\/ -->\n<title>LE CREUSET Faitout en Fonte \u00c9maill\u00e9e 26 cm Shell Pink - dev6 Erresse<\/title>\n<meta name=\"description\" content=\"Les faitouts en fonte \u00e9maill\u00e9e Le Creuset emmagasinent lentement une tr\u00e8s grande quantit\u00e9 de chaleur et la restituent peu \u00e0 peu. Gr\u00e2ce \u00e0 leurs parois\" \/>\n<meta name=\"robots\" content=\"noindex, follow, max-snippet:-1, max-image-preview:large, max-video-preview:-1\" \/>\n<meta property=\"og:locale\" content=\"fr_FR\" \/>\n<meta property=\"og:type\" content=\"article\" \/>\n<meta property=\"og:title\" content=\"LE CREUSET Faitout en Fonte \u00c9maill\u00e9e 26 cm Shell Pink - dev6 Erresse\" \/>\n<meta property=\"og:description\" content=\"Les faitouts en fonte \u00e9maill\u00e9e Le Creuset emmagasinent lentement une tr\u00e8s grande quantit\u00e9 de chaleur et la restituent peu \u00e0 peu. Gr\u00e2ce \u00e0 leurs parois\" \/>\n<meta property=\"og:url\" content=\"https:\/\/dev6.erresse-shop.it\/fr\/shop\/poeles-pots\/sauteuses-et-faitout\/le-creuset-faitout-en-fonte-emaillee-26-cm-shell-pink\/\" \/>\n<meta property=\"og:site_name\" content=\"dev6 Erresse\" \/>\n<meta property=\"og:image\" content=\"https:\/\/interpim.erresse-shop.it\/Import\/Prodotti\/le-creuset-tegame-basso-evolution-in-ghisa-26-cm-shell-pink.png\" \/><meta property=\"og:image\" content=\"https:\/\/interpim.erresse-shop.it\/Import\/Prodotti\/le-creuset-tegame-basso-evolution-in-ghisa-26-cm-shell-pink.png\" \/>\n\t<meta property=\"og:image:width\" content=\"1024\" \/>\n\t<meta property=\"og:image:height\" content=\"1024\" \/>\n\t<meta property=\"og:image:type\" content=\"image\/jpeg\" \/>\n<meta name=\"twitter:card\" content=\"summary_large_image\" \/>\n<meta name=\"twitter:image\" content=\"https:\/\/interpim.erresse-shop.it\/Import\/Prodotti\/le-creuset-tegame-basso-evolution-in-ghisa-26-cm-shell-pink.png\" \/>\n<script type=\"application\/ld+json\" class=\"yoast-schema-graph\">{\"@context\":\"https:\/\/schema.org\",\"@graph\":[{\"@type\":\"WebPage\",\"@id\":\"https:\/\/dev6.erresse-shop.it\/fr\/shop\/poeles-pots\/sauteuses-et-faitout\/le-creuset-faitout-en-fonte-emaillee-26-cm-shell-pink\/\",\"url\":\"https:\/\/dev6.erresse-shop.it\/fr\/shop\/poeles-pots\/sauteuses-et-faitout\/le-creuset-faitout-en-fonte-emaillee-26-cm-shell-pink\/\",\"name\":\"LE CREUSET Faitout en Fonte \u00c9maill\u00e9e 26 cm Shell Pink - dev6 Erresse\",\"isPartOf\":{\"@id\":\"https:\/\/dev6.erresse-shop.it\/#website\"},\"primaryImageOfPage\":{\"@id\":\"https:\/\/dev6.erresse-shop.it\/fr\/shop\/poeles-pots\/sauteuses-et-faitout\/le-creuset-faitout-en-fonte-emaillee-26-cm-shell-pink\/#primaryimage\"},\"image\":{\"@id\":\"https:\/\/dev6.erresse-shop.it\/fr\/shop\/poeles-pots\/sauteuses-et-faitout\/le-creuset-faitout-en-fonte-emaillee-26-cm-shell-pink\/#primaryimage\"},\"thumbnailUrl\":\"https:\/\/i2.wp.com\/interpim.erresse-shop.it\/Import\/Prodotti\/le-creuset-tegame-basso-evolution-in-ghisa-26-cm-shell-pink.png?ssl=1\",\"datePublished\":\"2026-04-12T06:22:29+00:00\",\"description\":\"Les faitouts en fonte \u00e9maill\u00e9e Le Creuset emmagasinent lentement une tr\u00e8s grande quantit\u00e9 de chaleur et la restituent peu \u00e0 peu. Gr\u00e2ce \u00e0 leurs parois\",\"breadcrumb\":{\"@id\":\"https:\/\/dev6.erresse-shop.it\/fr\/shop\/poeles-pots\/sauteuses-et-faitout\/le-creuset-faitout-en-fonte-emaillee-26-cm-shell-pink\/#breadcrumb\"},\"inLanguage\":\"fr-FR\",\"potentialAction\":[{\"@type\":\"ReadAction\",\"target\":[\"https:\/\/dev6.erresse-shop.it\/fr\/shop\/poeles-pots\/sauteuses-et-faitout\/le-creuset-faitout-en-fonte-emaillee-26-cm-shell-pink\/\"]}]},{\"@type\":\"ImageObject\",\"inLanguage\":\"fr-FR\",\"@id\":\"https:\/\/dev6.erresse-shop.it\/fr\/shop\/poeles-pots\/sauteuses-et-faitout\/le-creuset-faitout-en-fonte-emaillee-26-cm-shell-pink\/#primaryimage\",\"url\":\"https:\/\/i2.wp.com\/interpim.erresse-shop.it\/Import\/Prodotti\/le-creuset-tegame-basso-evolution-in-ghisa-26-cm-shell-pink.png?ssl=1\",\"contentUrl\":\"https:\/\/i2.wp.com\/interpim.erresse-shop.it\/Import\/Prodotti\/le-creuset-tegame-basso-evolution-in-ghisa-26-cm-shell-pink.png?ssl=1\"},{\"@type\":\"BreadcrumbList\",\"@id\":\"https:\/\/dev6.erresse-shop.it\/fr\/shop\/poeles-pots\/sauteuses-et-faitout\/le-creuset-faitout-en-fonte-emaillee-26-cm-shell-pink\/#breadcrumb\",\"itemListElement\":[{\"@type\":\"ListItem\",\"position\":1,\"name\":\"Home\",\"item\":\"https:\/\/dev6.erresse-shop.it\/\"},{\"@type\":\"ListItem\",\"position\":2,\"name\":\"Boutique\",\"item\":\"https:\/\/dev6.erresse-shop.it\/shop\/\"},{\"@type\":\"ListItem\",\"position\":3,\"name\":\"LE CREUSET Faitout en Fonte \u00c9maill\u00e9e 26 cm Shell Pink\"}]},{\"@type\":\"WebSite\",\"@id\":\"https:\/\/dev6.erresse-shop.it\/#website\",\"url\":\"https:\/\/dev6.erresse-shop.it\/\",\"name\":\"Erresse Shop\",\"description\":\"\",\"publisher\":{\"@id\":\"https:\/\/dev6.erresse-shop.it\/#organization\"},\"potentialAction\":[{\"@type\":\"SearchAction\",\"target\":{\"@type\":\"EntryPoint\",\"urlTemplate\":\"https:\/\/dev6.erresse-shop.it\/?s={search_term_string}\"},\"query-input\":{\"@type\":\"PropertyValueSpecification\",\"valueRequired\":true,\"valueName\":\"search_term_string\"}}],\"inLanguage\":\"fr-FR\"},{\"@type\":\"Organization\",\"@id\":\"https:\/\/dev6.erresse-shop.it\/#organization\",\"name\":\"Erresse Shop\",\"url\":\"https:\/\/dev6.erresse-shop.it\/\",\"logo\":{\"@type\":\"ImageObject\",\"inLanguage\":\"fr-FR\",\"@id\":\"https:\/\/dev6.erresse-shop.it\/#\/schema\/logo\/image\/\",\"url\":\"https:\/\/dev6.erresse-shop.it\/wp-content\/uploads\/2025\/01\/LOGO-ERRESSE-CLASSICO.svg\",\"contentUrl\":\"https:\/\/dev6.erresse-shop.it\/wp-content\/uploads\/2025\/01\/LOGO-ERRESSE-CLASSICO.svg\",\"caption\":\"Erresse Shop\"},\"image\":{\"@id\":\"https:\/\/dev6.erresse-shop.it\/#\/schema\/logo\/image\/\"}}]}<\/script>\n<!-- \/ Yoast SEO plugin. -->","yoast_head_json":{"title":"LE CREUSET Faitout en Fonte \u00c9maill\u00e9e 26 cm Shell Pink - dev6 Erresse","description":"Les faitouts en fonte \u00e9maill\u00e9e Le Creuset emmagasinent lentement une tr\u00e8s grande quantit\u00e9 de chaleur et la restituent peu \u00e0 peu. Gr\u00e2ce \u00e0 leurs parois","robots":{"index":"noindex","follow":"follow","max-snippet":"max-snippet:-1","max-image-preview":"max-image-preview:large","max-video-preview":"max-video-preview:-1"},"og_locale":"fr_FR","og_type":"article","og_title":"LE CREUSET Faitout en Fonte \u00c9maill\u00e9e 26 cm Shell Pink - dev6 Erresse","og_description":"Les faitouts en fonte \u00e9maill\u00e9e Le Creuset emmagasinent lentement une tr\u00e8s grande quantit\u00e9 de chaleur et la restituent peu \u00e0 peu. Gr\u00e2ce \u00e0 leurs parois","og_url":"https:\/\/dev6.erresse-shop.it\/fr\/shop\/poeles-pots\/sauteuses-et-faitout\/le-creuset-faitout-en-fonte-emaillee-26-cm-shell-pink\/","og_site_name":"dev6 Erresse","og_image":[{"url":"https:\/\/interpim.erresse-shop.it\/Import\/Prodotti\/le-creuset-tegame-basso-evolution-in-ghisa-26-cm-shell-pink.png","type":"","width":"","height":""},{"url":"https:\/\/interpim.erresse-shop.it\/Import\/Prodotti\/le-creuset-tegame-basso-evolution-in-ghisa-26-cm-shell-pink.png","width":1024,"height":1024,"type":"image\/jpeg"}],"twitter_card":"summary_large_image","twitter_image":"https:\/\/interpim.erresse-shop.it\/Import\/Prodotti\/le-creuset-tegame-basso-evolution-in-ghisa-26-cm-shell-pink.png","schema":{"@context":"https:\/\/schema.org","@graph":[{"@type":"WebPage","@id":"https:\/\/dev6.erresse-shop.it\/fr\/shop\/poeles-pots\/sauteuses-et-faitout\/le-creuset-faitout-en-fonte-emaillee-26-cm-shell-pink\/","url":"https:\/\/dev6.erresse-shop.it\/fr\/shop\/poeles-pots\/sauteuses-et-faitout\/le-creuset-faitout-en-fonte-emaillee-26-cm-shell-pink\/","name":"LE CREUSET Faitout en Fonte \u00c9maill\u00e9e 26 cm Shell Pink - dev6 Erresse","isPartOf":{"@id":"https:\/\/dev6.erresse-shop.it\/#website"},"primaryImageOfPage":{"@id":"https:\/\/dev6.erresse-shop.it\/fr\/shop\/poeles-pots\/sauteuses-et-faitout\/le-creuset-faitout-en-fonte-emaillee-26-cm-shell-pink\/#primaryimage"},"image":{"@id":"https:\/\/dev6.erresse-shop.it\/fr\/shop\/poeles-pots\/sauteuses-et-faitout\/le-creuset-faitout-en-fonte-emaillee-26-cm-shell-pink\/#primaryimage"},"thumbnailUrl":"https:\/\/i2.wp.com\/interpim.erresse-shop.it\/Import\/Prodotti\/le-creuset-tegame-basso-evolution-in-ghisa-26-cm-shell-pink.png?ssl=1","datePublished":"2026-04-12T06:22:29+00:00","description":"Les faitouts en fonte \u00e9maill\u00e9e Le Creuset emmagasinent lentement une tr\u00e8s grande quantit\u00e9 de chaleur et la restituent peu \u00e0 peu. Gr\u00e2ce \u00e0 leurs parois","breadcrumb":{"@id":"https:\/\/dev6.erresse-shop.it\/fr\/shop\/poeles-pots\/sauteuses-et-faitout\/le-creuset-faitout-en-fonte-emaillee-26-cm-shell-pink\/#breadcrumb"},"inLanguage":"fr-FR","potentialAction":[{"@type":"ReadAction","target":["https:\/\/dev6.erresse-shop.it\/fr\/shop\/poeles-pots\/sauteuses-et-faitout\/le-creuset-faitout-en-fonte-emaillee-26-cm-shell-pink\/"]}]},{"@type":"ImageObject","inLanguage":"fr-FR","@id":"https:\/\/dev6.erresse-shop.it\/fr\/shop\/poeles-pots\/sauteuses-et-faitout\/le-creuset-faitout-en-fonte-emaillee-26-cm-shell-pink\/#primaryimage","url":"https:\/\/i2.wp.com\/interpim.erresse-shop.it\/Import\/Prodotti\/le-creuset-tegame-basso-evolution-in-ghisa-26-cm-shell-pink.png?ssl=1","contentUrl":"https:\/\/i2.wp.com\/interpim.erresse-shop.it\/Import\/Prodotti\/le-creuset-tegame-basso-evolution-in-ghisa-26-cm-shell-pink.png?ssl=1"},{"@type":"BreadcrumbList","@id":"https:\/\/dev6.erresse-shop.it\/fr\/shop\/poeles-pots\/sauteuses-et-faitout\/le-creuset-faitout-en-fonte-emaillee-26-cm-shell-pink\/#breadcrumb","itemListElement":[{"@type":"ListItem","position":1,"name":"Home","item":"https:\/\/dev6.erresse-shop.it\/"},{"@type":"ListItem","position":2,"name":"Boutique","item":"https:\/\/dev6.erresse-shop.it\/shop\/"},{"@type":"ListItem","position":3,"name":"LE CREUSET Faitout en Fonte \u00c9maill\u00e9e 26 cm Shell Pink"}]},{"@type":"WebSite","@id":"https:\/\/dev6.erresse-shop.it\/#website","url":"https:\/\/dev6.erresse-shop.it\/","name":"Erresse Shop","description":"","publisher":{"@id":"https:\/\/dev6.erresse-shop.it\/#organization"},"potentialAction":[{"@type":"SearchAction","target":{"@type":"EntryPoint","urlTemplate":"https:\/\/dev6.erresse-shop.it\/?s={search_term_string}"},"query-input":{"@type":"PropertyValueSpecification","valueRequired":true,"valueName":"search_term_string"}}],"inLanguage":"fr-FR"},{"@type":"Organization","@id":"https:\/\/dev6.erresse-shop.it\/#organization","name":"Erresse Shop","url":"https:\/\/dev6.erresse-shop.it\/","logo":{"@type":"ImageObject","inLanguage":"fr-FR","@id":"https:\/\/dev6.erresse-shop.it\/#\/schema\/logo\/image\/","url":"https:\/\/dev6.erresse-shop.it\/wp-content\/uploads\/2025\/01\/LOGO-ERRESSE-CLASSICO.svg","contentUrl":"https:\/\/dev6.erresse-shop.it\/wp-content\/uploads\/2025\/01\/LOGO-ERRESSE-CLASSICO.svg","caption":"Erresse Shop"},"image":{"@id":"https:\/\/dev6.erresse-shop.it\/#\/schema\/logo\/image\/"}}]}},"df_price":209.95,"df_sale_price":209.95,"df_regular_price":299,"df_image_link":"https:\/\/i2.wp.com\/interpim.erresse-shop.it\/Import\/Prodotti\/le-creuset-tegame-basso-evolution-in-ghisa-26-cm-shell-pink.png?resize=300,300&ssl=1","fifu_image_url":"https:\/\/interpim.erresse-shop.it\/Import\/Prodotti\/le-creuset-tegame-basso-evolution-in-ghisa-26-cm-shell-pink.png","_links":{"self":[{"href":"https:\/\/dev6.erresse-shop.it\/fr\/wp-json\/wp\/v2\/product\/58233","targetHints":{"allow":["GET"]}}],"collection":[{"href":"https:\/\/dev6.erresse-shop.it\/fr\/wp-json\/wp\/v2\/product"}],"about":[{"href":"https:\/\/dev6.erresse-shop.it\/fr\/wp-json\/wp\/v2\/types\/product"}],"wp:featuredmedia":[{"embeddable":true,"href":"https:\/\/dev6.erresse-shop.it\/fr\/wp-json\/wp\/v2\/media\/6347522"}],"wp:attachment":[{"href":"https:\/\/dev6.erresse-shop.it\/fr\/wp-json\/wp\/v2\/media?parent=58233"}],"wp:term":[{"taxonomy":"product_cat","embeddable":true,"href":"https:\/\/dev6.erresse-shop.it\/fr\/wp-json\/wp\/v2\/product_cat?post=58233"},{"taxonomy":"product_tag","embeddable":true,"href":"https:\/\/dev6.erresse-shop.it\/fr\/wp-json\/wp\/v2\/product_tag?post=58233"}],"curies":[{"name":"wp","href":"https:\/\/api.w.org\/{rel}","templated":true}]}}