{"id":58215,"date":"2026-04-04T08:21:00","date_gmt":"2026-04-04T06:21:00","guid":{"rendered":"https:\/\/dev6.erresse-shop.it\/shop\/non%20class\u00e9\/le-creuset-marmite-26-cm-bleu-caraibes\/"},"modified":"2025-09-14T04:09:12","modified_gmt":"2025-09-14T02:09:12","slug":"le-creuset-marmite-26-cm-bleu-caraibes","status":"publish","type":"product","link":"https:\/\/dev6.erresse-shop.it\/fr\/shop\/poeles-pots\/marmites-et-cocottes-poeles-pots\/le-creuset-marmite-26-cm-bleu-caraibes\/","title":{"rendered":"LE CREUSET Marmite 26 cm Bleu Caraibes"},"content":{"rendered":"<p>Id\u00e9ale pour les mijot\u00e9s et les \u00e9minc\u00e9s. V\u00e9ritable objet de d\u00e9coration ! Con\u00e7ue pour une saisie parfaite des aliments !<\/p>\n<p>\u2013 Fonte \u00c9maill\u00e9e<br \/>\n\u2013 Int\u00e9rieur \u00e9maill\u00e9 Noir Mat<br \/>\n\u2013 Bouton en Acier inoxydable r\u00e9sistant \u00e0 la chaleur<br \/>\n\u2013 Excellente r\u00e9partition de la chaleur pour une cuisson douce et homog\u00e8ne<br \/>\n\u2013 Garde les aliments chauds longtemps<br \/>\n\u2013 Durabilit\u00e9 exceptionnelle<br \/>\n\u2013 Fond ultra lisse compatible avec toutes les sources de chaleur, y compris l\u2019induction<br \/>\n\u2013 Fini lisse pour un entretien facile<br \/>\n\u2013 Garantie \u00e0 vie<\/p>\n<p>\u00a0<\/p>\n<p>See Movie 1<br \/>\nSee Movie 2<\/p>\n","protected":false},"excerpt":{"rendered":"<p>Id\u00e9ale pour les mijot\u00e9s et les \u00e9minc\u00e9s. V\u00e9ritable objet de d\u00e9coration ! Con\u00e7ue pour une saisie parfaite des aliments ! \u2013 Fonte \u00c9maill\u00e9e \u2013 Int\u00e9rieur \u00e9maill\u00e9 Noir Mat \u2013 Bouton en Acier inoxydable r\u00e9sistant \u00e0 la chaleur \u2013 Excellente r\u00e9partition de la chaleur pour une cuisson douce et homog\u00e8ne \u2013 Garde les aliments chauds longtemps [&hellip;]<\/p>\n","protected":false},"featured_media":6264057,"template":"","meta":{"_acf_changed":false},"product_cat":[12000,11667,11991],"product_tag":[],"class_list":{"0":"post-58215","1":"product","2":"type-product","3":"status-publish","4":"has-post-thumbnail","6":"product_cat-marmites-et-cocottes-poeles-pots","7":"product_cat-padelle-pentole","8":"product_cat-poeles-pots","10":"first","11":"outofstock","12":"sale","13":"taxable","14":"shipping-taxable","15":"purchasable","16":"product-type-simple","swatches":"rey-swatches","show_selected":"","stretch_labels":"rey-swatches--stretch-labels"},"acf":[],"yoast_head":"<!-- This site is optimized with the Yoast SEO plugin v25.4 - https:\/\/yoast.com\/wordpress\/plugins\/seo\/ -->\n<title>LE CREUSET Marmite 26 cm Bleu Caraibes - dev6 Erresse<\/title>\n<meta name=\"description\" content=\"Id\u00e9ale pour les mijot\u00e9s et les \u00e9minc\u00e9s. V\u00e9ritable objet de d\u00e9coration ! Con\u00e7ue pour une saisie parfaite des aliments ! \u2013 Fonte \u00c9maill\u00e9e \u2013 Int\u00e9rieur\" \/>\n<meta name=\"robots\" content=\"noindex, follow, max-snippet:-1, max-image-preview:large, max-video-preview:-1\" \/>\n<meta property=\"og:locale\" content=\"fr_FR\" \/>\n<meta property=\"og:type\" content=\"article\" \/>\n<meta property=\"og:title\" content=\"LE CREUSET Marmite 26 cm Bleu Caraibes - dev6 Erresse\" \/>\n<meta property=\"og:description\" content=\"Id\u00e9ale pour les mijot\u00e9s et les \u00e9minc\u00e9s. V\u00e9ritable objet de d\u00e9coration ! Con\u00e7ue pour une saisie parfaite des aliments ! \u2013 Fonte \u00c9maill\u00e9e \u2013 Int\u00e9rieur\" \/>\n<meta property=\"og:url\" content=\"https:\/\/dev6.erresse-shop.it\/fr\/shop\/poeles-pots\/marmites-et-cocottes-poeles-pots\/le-creuset-marmite-26-cm-bleu-caraibes\/\" \/>\n<meta property=\"og:site_name\" content=\"dev6 Erresse\" \/>\n<meta property=\"og:image\" content=\"https:\/\/interpim.erresse-shop.it\/Import\/Prodotti\/le-creuset-marmitta-26-cm-blu-caribe.jpg\" \/><meta property=\"og:image\" content=\"https:\/\/interpim.erresse-shop.it\/Import\/Prodotti\/le-creuset-marmitta-26-cm-blu-caribe.jpg\" \/>\n\t<meta property=\"og:image:width\" content=\"1024\" \/>\n\t<meta property=\"og:image:height\" content=\"1024\" \/>\n\t<meta property=\"og:image:type\" content=\"image\/jpeg\" \/>\n<meta name=\"twitter:card\" content=\"summary_large_image\" \/>\n<meta name=\"twitter:image\" content=\"https:\/\/interpim.erresse-shop.it\/Import\/Prodotti\/le-creuset-marmitta-26-cm-blu-caribe.jpg\" \/>\n<script type=\"application\/ld+json\" class=\"yoast-schema-graph\">{\"@context\":\"https:\/\/schema.org\",\"@graph\":[{\"@type\":\"WebPage\",\"@id\":\"https:\/\/dev6.erresse-shop.it\/fr\/shop\/poeles-pots\/marmites-et-cocottes-poeles-pots\/le-creuset-marmite-26-cm-bleu-caraibes\/\",\"url\":\"https:\/\/dev6.erresse-shop.it\/fr\/shop\/poeles-pots\/marmites-et-cocottes-poeles-pots\/le-creuset-marmite-26-cm-bleu-caraibes\/\",\"name\":\"LE CREUSET Marmite 26 cm Bleu Caraibes - dev6 Erresse\",\"isPartOf\":{\"@id\":\"https:\/\/dev6.erresse-shop.it\/#website\"},\"primaryImageOfPage\":{\"@id\":\"https:\/\/dev6.erresse-shop.it\/fr\/shop\/poeles-pots\/marmites-et-cocottes-poeles-pots\/le-creuset-marmite-26-cm-bleu-caraibes\/#primaryimage\"},\"image\":{\"@id\":\"https:\/\/dev6.erresse-shop.it\/fr\/shop\/poeles-pots\/marmites-et-cocottes-poeles-pots\/le-creuset-marmite-26-cm-bleu-caraibes\/#primaryimage\"},\"thumbnailUrl\":\"https:\/\/i0.wp.com\/interpim.erresse-shop.it\/Import\/Prodotti\/le-creuset-marmitta-26-cm-blu-caribe.jpg?ssl=1\",\"datePublished\":\"2026-04-04T06:21:00+00:00\",\"description\":\"Id\u00e9ale pour les mijot\u00e9s et les \u00e9minc\u00e9s. V\u00e9ritable objet de d\u00e9coration ! Con\u00e7ue pour une saisie parfaite des aliments ! \u2013 Fonte \u00c9maill\u00e9e \u2013 Int\u00e9rieur\",\"breadcrumb\":{\"@id\":\"https:\/\/dev6.erresse-shop.it\/fr\/shop\/poeles-pots\/marmites-et-cocottes-poeles-pots\/le-creuset-marmite-26-cm-bleu-caraibes\/#breadcrumb\"},\"inLanguage\":\"fr-FR\",\"potentialAction\":[{\"@type\":\"ReadAction\",\"target\":[\"https:\/\/dev6.erresse-shop.it\/fr\/shop\/poeles-pots\/marmites-et-cocottes-poeles-pots\/le-creuset-marmite-26-cm-bleu-caraibes\/\"]}]},{\"@type\":\"ImageObject\",\"inLanguage\":\"fr-FR\",\"@id\":\"https:\/\/dev6.erresse-shop.it\/fr\/shop\/poeles-pots\/marmites-et-cocottes-poeles-pots\/le-creuset-marmite-26-cm-bleu-caraibes\/#primaryimage\",\"url\":\"https:\/\/i0.wp.com\/interpim.erresse-shop.it\/Import\/Prodotti\/le-creuset-marmitta-26-cm-blu-caribe.jpg?ssl=1\",\"contentUrl\":\"https:\/\/i0.wp.com\/interpim.erresse-shop.it\/Import\/Prodotti\/le-creuset-marmitta-26-cm-blu-caribe.jpg?ssl=1\"},{\"@type\":\"BreadcrumbList\",\"@id\":\"https:\/\/dev6.erresse-shop.it\/fr\/shop\/poeles-pots\/marmites-et-cocottes-poeles-pots\/le-creuset-marmite-26-cm-bleu-caraibes\/#breadcrumb\",\"itemListElement\":[{\"@type\":\"ListItem\",\"position\":1,\"name\":\"Home\",\"item\":\"https:\/\/dev6.erresse-shop.it\/\"},{\"@type\":\"ListItem\",\"position\":2,\"name\":\"Boutique\",\"item\":\"https:\/\/dev6.erresse-shop.it\/shop\/\"},{\"@type\":\"ListItem\",\"position\":3,\"name\":\"LE CREUSET Marmite 26 cm Bleu Caraibes\"}]},{\"@type\":\"WebSite\",\"@id\":\"https:\/\/dev6.erresse-shop.it\/#website\",\"url\":\"https:\/\/dev6.erresse-shop.it\/\",\"name\":\"Erresse Shop\",\"description\":\"\",\"publisher\":{\"@id\":\"https:\/\/dev6.erresse-shop.it\/#organization\"},\"potentialAction\":[{\"@type\":\"SearchAction\",\"target\":{\"@type\":\"EntryPoint\",\"urlTemplate\":\"https:\/\/dev6.erresse-shop.it\/?s={search_term_string}\"},\"query-input\":{\"@type\":\"PropertyValueSpecification\",\"valueRequired\":true,\"valueName\":\"search_term_string\"}}],\"inLanguage\":\"fr-FR\"},{\"@type\":\"Organization\",\"@id\":\"https:\/\/dev6.erresse-shop.it\/#organization\",\"name\":\"Erresse Shop\",\"url\":\"https:\/\/dev6.erresse-shop.it\/\",\"logo\":{\"@type\":\"ImageObject\",\"inLanguage\":\"fr-FR\",\"@id\":\"https:\/\/dev6.erresse-shop.it\/#\/schema\/logo\/image\/\",\"url\":\"https:\/\/dev6.erresse-shop.it\/wp-content\/uploads\/2025\/01\/LOGO-ERRESSE-CLASSICO.svg\",\"contentUrl\":\"https:\/\/dev6.erresse-shop.it\/wp-content\/uploads\/2025\/01\/LOGO-ERRESSE-CLASSICO.svg\",\"caption\":\"Erresse Shop\"},\"image\":{\"@id\":\"https:\/\/dev6.erresse-shop.it\/#\/schema\/logo\/image\/\"}}]}<\/script>\n<!-- \/ Yoast SEO plugin. -->","yoast_head_json":{"title":"LE CREUSET Marmite 26 cm Bleu Caraibes - dev6 Erresse","description":"Id\u00e9ale pour les mijot\u00e9s et les \u00e9minc\u00e9s. V\u00e9ritable objet de d\u00e9coration ! Con\u00e7ue pour une saisie parfaite des aliments ! \u2013 Fonte \u00c9maill\u00e9e \u2013 Int\u00e9rieur","robots":{"index":"noindex","follow":"follow","max-snippet":"max-snippet:-1","max-image-preview":"max-image-preview:large","max-video-preview":"max-video-preview:-1"},"og_locale":"fr_FR","og_type":"article","og_title":"LE CREUSET Marmite 26 cm Bleu Caraibes - dev6 Erresse","og_description":"Id\u00e9ale pour les mijot\u00e9s et les \u00e9minc\u00e9s. V\u00e9ritable objet de d\u00e9coration ! Con\u00e7ue pour une saisie parfaite des aliments ! \u2013 Fonte \u00c9maill\u00e9e \u2013 Int\u00e9rieur","og_url":"https:\/\/dev6.erresse-shop.it\/fr\/shop\/poeles-pots\/marmites-et-cocottes-poeles-pots\/le-creuset-marmite-26-cm-bleu-caraibes\/","og_site_name":"dev6 Erresse","og_image":[{"url":"https:\/\/interpim.erresse-shop.it\/Import\/Prodotti\/le-creuset-marmitta-26-cm-blu-caribe.jpg","type":"","width":"","height":""},{"url":"https:\/\/interpim.erresse-shop.it\/Import\/Prodotti\/le-creuset-marmitta-26-cm-blu-caribe.jpg","width":1024,"height":1024,"type":"image\/jpeg"}],"twitter_card":"summary_large_image","twitter_image":"https:\/\/interpim.erresse-shop.it\/Import\/Prodotti\/le-creuset-marmitta-26-cm-blu-caribe.jpg","schema":{"@context":"https:\/\/schema.org","@graph":[{"@type":"WebPage","@id":"https:\/\/dev6.erresse-shop.it\/fr\/shop\/poeles-pots\/marmites-et-cocottes-poeles-pots\/le-creuset-marmite-26-cm-bleu-caraibes\/","url":"https:\/\/dev6.erresse-shop.it\/fr\/shop\/poeles-pots\/marmites-et-cocottes-poeles-pots\/le-creuset-marmite-26-cm-bleu-caraibes\/","name":"LE CREUSET Marmite 26 cm Bleu Caraibes - dev6 Erresse","isPartOf":{"@id":"https:\/\/dev6.erresse-shop.it\/#website"},"primaryImageOfPage":{"@id":"https:\/\/dev6.erresse-shop.it\/fr\/shop\/poeles-pots\/marmites-et-cocottes-poeles-pots\/le-creuset-marmite-26-cm-bleu-caraibes\/#primaryimage"},"image":{"@id":"https:\/\/dev6.erresse-shop.it\/fr\/shop\/poeles-pots\/marmites-et-cocottes-poeles-pots\/le-creuset-marmite-26-cm-bleu-caraibes\/#primaryimage"},"thumbnailUrl":"https:\/\/i0.wp.com\/interpim.erresse-shop.it\/Import\/Prodotti\/le-creuset-marmitta-26-cm-blu-caribe.jpg?ssl=1","datePublished":"2026-04-04T06:21:00+00:00","description":"Id\u00e9ale pour les mijot\u00e9s et les \u00e9minc\u00e9s. V\u00e9ritable objet de d\u00e9coration ! Con\u00e7ue pour une saisie parfaite des aliments ! \u2013 Fonte \u00c9maill\u00e9e \u2013 Int\u00e9rieur","breadcrumb":{"@id":"https:\/\/dev6.erresse-shop.it\/fr\/shop\/poeles-pots\/marmites-et-cocottes-poeles-pots\/le-creuset-marmite-26-cm-bleu-caraibes\/#breadcrumb"},"inLanguage":"fr-FR","potentialAction":[{"@type":"ReadAction","target":["https:\/\/dev6.erresse-shop.it\/fr\/shop\/poeles-pots\/marmites-et-cocottes-poeles-pots\/le-creuset-marmite-26-cm-bleu-caraibes\/"]}]},{"@type":"ImageObject","inLanguage":"fr-FR","@id":"https:\/\/dev6.erresse-shop.it\/fr\/shop\/poeles-pots\/marmites-et-cocottes-poeles-pots\/le-creuset-marmite-26-cm-bleu-caraibes\/#primaryimage","url":"https:\/\/i0.wp.com\/interpim.erresse-shop.it\/Import\/Prodotti\/le-creuset-marmitta-26-cm-blu-caribe.jpg?ssl=1","contentUrl":"https:\/\/i0.wp.com\/interpim.erresse-shop.it\/Import\/Prodotti\/le-creuset-marmitta-26-cm-blu-caribe.jpg?ssl=1"},{"@type":"BreadcrumbList","@id":"https:\/\/dev6.erresse-shop.it\/fr\/shop\/poeles-pots\/marmites-et-cocottes-poeles-pots\/le-creuset-marmite-26-cm-bleu-caraibes\/#breadcrumb","itemListElement":[{"@type":"ListItem","position":1,"name":"Home","item":"https:\/\/dev6.erresse-shop.it\/"},{"@type":"ListItem","position":2,"name":"Boutique","item":"https:\/\/dev6.erresse-shop.it\/shop\/"},{"@type":"ListItem","position":3,"name":"LE CREUSET Marmite 26 cm Bleu Caraibes"}]},{"@type":"WebSite","@id":"https:\/\/dev6.erresse-shop.it\/#website","url":"https:\/\/dev6.erresse-shop.it\/","name":"Erresse Shop","description":"","publisher":{"@id":"https:\/\/dev6.erresse-shop.it\/#organization"},"potentialAction":[{"@type":"SearchAction","target":{"@type":"EntryPoint","urlTemplate":"https:\/\/dev6.erresse-shop.it\/?s={search_term_string}"},"query-input":{"@type":"PropertyValueSpecification","valueRequired":true,"valueName":"search_term_string"}}],"inLanguage":"fr-FR"},{"@type":"Organization","@id":"https:\/\/dev6.erresse-shop.it\/#organization","name":"Erresse Shop","url":"https:\/\/dev6.erresse-shop.it\/","logo":{"@type":"ImageObject","inLanguage":"fr-FR","@id":"https:\/\/dev6.erresse-shop.it\/#\/schema\/logo\/image\/","url":"https:\/\/dev6.erresse-shop.it\/wp-content\/uploads\/2025\/01\/LOGO-ERRESSE-CLASSICO.svg","contentUrl":"https:\/\/dev6.erresse-shop.it\/wp-content\/uploads\/2025\/01\/LOGO-ERRESSE-CLASSICO.svg","caption":"Erresse Shop"},"image":{"@id":"https:\/\/dev6.erresse-shop.it\/#\/schema\/logo\/image\/"}}]}},"df_price":229.95,"df_sale_price":229.95,"df_regular_price":329,"df_image_link":"https:\/\/i0.wp.com\/interpim.erresse-shop.it\/Import\/Prodotti\/le-creuset-marmitta-26-cm-blu-caribe.jpg?resize=300,300&ssl=1","fifu_image_url":"https:\/\/interpim.erresse-shop.it\/Import\/Prodotti\/le-creuset-marmitta-26-cm-blu-caribe.jpg","_links":{"self":[{"href":"https:\/\/dev6.erresse-shop.it\/fr\/wp-json\/wp\/v2\/product\/58215","targetHints":{"allow":["GET"]}}],"collection":[{"href":"https:\/\/dev6.erresse-shop.it\/fr\/wp-json\/wp\/v2\/product"}],"about":[{"href":"https:\/\/dev6.erresse-shop.it\/fr\/wp-json\/wp\/v2\/types\/product"}],"wp:featuredmedia":[{"embeddable":true,"href":"https:\/\/dev6.erresse-shop.it\/fr\/wp-json\/wp\/v2\/media\/6264057"}],"wp:attachment":[{"href":"https:\/\/dev6.erresse-shop.it\/fr\/wp-json\/wp\/v2\/media?parent=58215"}],"wp:term":[{"taxonomy":"product_cat","embeddable":true,"href":"https:\/\/dev6.erresse-shop.it\/fr\/wp-json\/wp\/v2\/product_cat?post=58215"},{"taxonomy":"product_tag","embeddable":true,"href":"https:\/\/dev6.erresse-shop.it\/fr\/wp-json\/wp\/v2\/product_tag?post=58215"}],"curies":[{"name":"wp","href":"https:\/\/api.w.org\/{rel}","templated":true}]}}