{"id":58177,"date":"2026-04-04T08:20:22","date_gmt":"2026-04-04T06:20:22","guid":{"rendered":"https:\/\/dev6.erresse-shop.it\/shop\/non%20class\u00e9\/staub-sauteuse-chistera-28-cm-grenadine\/"},"modified":"2025-09-14T04:08:25","modified_gmt":"2025-09-14T02:08:25","slug":"staub-sauteuse-chistera-28-cm-grenadine","status":"publish","type":"product","link":"https:\/\/dev6.erresse-shop.it\/fr\/shop\/poeles-pots\/sauteuses-et-faitout\/staub-sauteuse-chistera-28-cm-grenadine\/","title":{"rendered":"STAUB Sauteuse Chistera 28 cm Grenadine"},"content":{"rendered":"<p>Cette sauteuse Chistera en fonte \u00e9maill\u00e9e STAUB Grenadine de 28 cm, allie la polyvalence d\u2019une sauteuse avec la qualit\u00e9 de cuisson de la fonte STAUB. Son secret : un couvercle garni d\u2019\u00e9l\u00e9ments d\u2019une forme unique inspir\u00e9e du chistera de la pelote basque, assurant un arrosage continu pendant la cuisson. Compatible, tous feux et four, elle s\u2019utilise \u00e9galement sur induction. D\u2019une capacit\u00e9 de 3,7l, elle peut convenir pour 5 \u00e0 6 personnes et plus suivant la pr\u00e9paration. La couleur Grenadine de l\u2019\u00e9mail est obtenue avec la finition sp\u00e9ciale \u201cMajolique\u201d, une technique particuli\u00e8re appliqu\u00e9e \u00e0 l\u2019\u00e9mail permet d\u2019obtenir une brillance unique et une teinte d\u2019une profonde intensit\u00e9. V\u00e9ritable savoir-faire authentique de cr\u00e9ation fran\u00e7aise, cette sauteuse est une pi\u00e8ce unique, issue d\u2019un processus de fabrication traditionnel. Avec son design \u00e9labor\u00e9 et son poids optimis\u00e9, elle passe de la cuisine \u00e0 la table en toute simplicit\u00e9. Son couvercle bomb\u00e9 associ\u00e9 au Chistera Drop-Structure, pr\u00e9sente d\u2019excellentes propri\u00e9t\u00e9s de r\u00e9tention de l\u2019humidit\u00e9 et assure un arrosage homog\u00e8ne en cuisson, pour des plats qui mijotent longtemps. L\u2019int\u00e9rieur de cette sauteuse est \u00e9maill\u00e9 noir mat, la marque de fabrique STAUB. Cet \u00e9mail de qualit\u00e9 sup\u00e9rieure permet d\u2019obtenir une meilleure r\u00e9sistance aux rayures et facilite l\u2019entretien. Il poss\u00e8de des propri\u00e9t\u00e9s id\u00e9ales pour saisir, r\u00f4tir et caram\u00e9liser les aliments. Compos\u00e9e de fonte, un alliage de fer riche en carbone, un des mat\u00e9riaux qui retiennent le mieux la chaleur. Une fois, la sauteuse suffisamment chaude, ses propri\u00e9t\u00e9s de r\u00e9tention de la chaleur permettent de r\u00e9duire le feu au minimum, afin de laisser mijoter doucement les plats.<\/p>\n<p>\u2013 Id\u00e9al pour saisir, cuire ou laisser mijoter de la viande, du poisson ou des l\u00e9gumes<br \/>\n\u2013 R\u00e9sultats une cuisson juteuse et tendre cuisson gr\u00e2ce \u00e0 sa structure sp\u00e9ciale Chistera sous le couvercle<br \/>\n\u2013 L\u2019\u00e9maillage int\u00e9rieur noir mat tr\u00e8s r\u00e9sistant \u00e0 l\u2019usure, convient particuli\u00e8rement pour saisir, r\u00f4tir et caram\u00e9liser les aliments<br \/>\n\u2013 Adapt\u00e9 pour toutes les sources de chaleur y compris induction, peut \u00eatre utilis\u00e9 aussi au four<\/p>\n<p>Donn\u00e9es Techniques<br \/>\n\u2013 Couleur: Grenadine-Red<br \/>\n\u2013 Mat\u00e9riau: Fonte<br \/>\n\u2013 Induction: Oui<br \/>\n\u2013 Compatible four: Oui<br \/>\n\u2013 Compatible tous feux: Oui<br \/>\n\u2013 Compatible lave-vaisselle: Oui<\/p>\n<p>Dimensions<br \/>\n\u2013 Poids net: 5,40 kg<br \/>\n\u2013 Capacit\u00e9: 3,70 l<br \/>\n\u2013 Longueur totale du produit: 36,10 cm<br \/>\n\u2013 Longueur ou largeur du produit: 28,00 cm<br \/>\n\u2013 Hauteur du produit: 12,60 cm<br \/>\n\u2013 Hauteur sans couvercle: 7,60 cm<br \/>\n\u2013 \u00c9paisseur du fond: 0,40 cm<br \/>\n\u2013 Diam\u00e8tre ou longueur: 28,00 cm<br \/>\n\u2013 Diam\u00e8tre ou largeur: 22,20 cm<\/p>\n","protected":false},"excerpt":{"rendered":"<p>Cette sauteuse Chistera en fonte \u00e9maill\u00e9e STAUB Grenadine de 28 cm, allie la polyvalence d\u2019une sauteuse avec la qualit\u00e9 de cuisson de la fonte STAUB. Son secret : un couvercle garni d\u2019\u00e9l\u00e9ments d\u2019une forme unique inspir\u00e9e du chistera de la pelote basque, assurant un arrosage continu pendant la cuisson. Compatible, tous feux et four, elle [&hellip;]<\/p>\n","protected":false},"featured_media":6263897,"template":"","meta":{"_acf_changed":false},"product_cat":[11667,11991,12012],"product_tag":[],"class_list":{"0":"post-58177","1":"product","2":"type-product","3":"status-publish","4":"has-post-thumbnail","6":"product_cat-padelle-pentole","7":"product_cat-poeles-pots","8":"product_cat-sauteuses-et-faitout","10":"first","11":"outofstock","12":"sale","13":"taxable","14":"shipping-taxable","15":"purchasable","16":"product-type-simple","swatches":"rey-swatches","show_selected":"","stretch_labels":"rey-swatches--stretch-labels"},"acf":[],"yoast_head":"<!-- This site is optimized with the Yoast SEO plugin v25.4 - https:\/\/yoast.com\/wordpress\/plugins\/seo\/ -->\n<title>STAUB Sauteuse Chistera 28 cm Grenadine - dev6 Erresse<\/title>\n<meta name=\"description\" content=\"Cette sauteuse Chistera en fonte \u00e9maill\u00e9e STAUB Grenadine de 28 cm, allie la polyvalence d\u2019une sauteuse avec la qualit\u00e9 de cuisson de la fonte STAUB. Son\" \/>\n<meta name=\"robots\" content=\"noindex, follow, max-snippet:-1, max-image-preview:large, max-video-preview:-1\" \/>\n<meta property=\"og:locale\" content=\"fr_FR\" \/>\n<meta property=\"og:type\" content=\"article\" \/>\n<meta property=\"og:title\" content=\"STAUB Sauteuse Chistera 28 cm Grenadine - dev6 Erresse\" \/>\n<meta property=\"og:description\" content=\"Cette sauteuse Chistera en fonte \u00e9maill\u00e9e STAUB Grenadine de 28 cm, allie la polyvalence d\u2019une sauteuse avec la qualit\u00e9 de cuisson de la fonte STAUB. Son\" \/>\n<meta property=\"og:url\" content=\"https:\/\/dev6.erresse-shop.it\/fr\/shop\/poeles-pots\/sauteuses-et-faitout\/staub-sauteuse-chistera-28-cm-grenadine\/\" \/>\n<meta property=\"og:site_name\" content=\"dev6 Erresse\" \/>\n<meta property=\"og:image\" content=\"https:\/\/interpim.erresse-shop.it\/img-catalogo\/staub\/tegame-granata-40511-513.jpg\" \/><meta property=\"og:image\" content=\"https:\/\/interpim.erresse-shop.it\/img-catalogo\/staub\/tegame-granata-40511-513.jpg\" \/>\n\t<meta property=\"og:image:width\" content=\"1024\" \/>\n\t<meta property=\"og:image:height\" content=\"1024\" \/>\n\t<meta property=\"og:image:type\" content=\"image\/jpeg\" \/>\n<meta name=\"twitter:card\" content=\"summary_large_image\" \/>\n<meta name=\"twitter:image\" content=\"https:\/\/interpim.erresse-shop.it\/img-catalogo\/staub\/tegame-granata-40511-513.jpg\" \/>\n<script type=\"application\/ld+json\" class=\"yoast-schema-graph\">{\"@context\":\"https:\/\/schema.org\",\"@graph\":[{\"@type\":\"WebPage\",\"@id\":\"https:\/\/dev6.erresse-shop.it\/fr\/shop\/poeles-pots\/sauteuses-et-faitout\/staub-sauteuse-chistera-28-cm-grenadine\/\",\"url\":\"https:\/\/dev6.erresse-shop.it\/fr\/shop\/poeles-pots\/sauteuses-et-faitout\/staub-sauteuse-chistera-28-cm-grenadine\/\",\"name\":\"STAUB Sauteuse Chistera 28 cm Grenadine - dev6 Erresse\",\"isPartOf\":{\"@id\":\"https:\/\/dev6.erresse-shop.it\/#website\"},\"primaryImageOfPage\":{\"@id\":\"https:\/\/dev6.erresse-shop.it\/fr\/shop\/poeles-pots\/sauteuses-et-faitout\/staub-sauteuse-chistera-28-cm-grenadine\/#primaryimage\"},\"image\":{\"@id\":\"https:\/\/dev6.erresse-shop.it\/fr\/shop\/poeles-pots\/sauteuses-et-faitout\/staub-sauteuse-chistera-28-cm-grenadine\/#primaryimage\"},\"thumbnailUrl\":\"https:\/\/i1.wp.com\/interpim.erresse-shop.it\/img-catalogo\/staub\/tegame-granata-40511-513.jpg?ssl=1\",\"datePublished\":\"2026-04-04T06:20:22+00:00\",\"description\":\"Cette sauteuse Chistera en fonte \u00e9maill\u00e9e STAUB Grenadine de 28 cm, allie la polyvalence d\u2019une sauteuse avec la qualit\u00e9 de cuisson de la fonte STAUB. Son\",\"breadcrumb\":{\"@id\":\"https:\/\/dev6.erresse-shop.it\/fr\/shop\/poeles-pots\/sauteuses-et-faitout\/staub-sauteuse-chistera-28-cm-grenadine\/#breadcrumb\"},\"inLanguage\":\"fr-FR\",\"potentialAction\":[{\"@type\":\"ReadAction\",\"target\":[\"https:\/\/dev6.erresse-shop.it\/fr\/shop\/poeles-pots\/sauteuses-et-faitout\/staub-sauteuse-chistera-28-cm-grenadine\/\"]}]},{\"@type\":\"ImageObject\",\"inLanguage\":\"fr-FR\",\"@id\":\"https:\/\/dev6.erresse-shop.it\/fr\/shop\/poeles-pots\/sauteuses-et-faitout\/staub-sauteuse-chistera-28-cm-grenadine\/#primaryimage\",\"url\":\"https:\/\/i1.wp.com\/interpim.erresse-shop.it\/img-catalogo\/staub\/tegame-granata-40511-513.jpg?ssl=1\",\"contentUrl\":\"https:\/\/i1.wp.com\/interpim.erresse-shop.it\/img-catalogo\/staub\/tegame-granata-40511-513.jpg?ssl=1\"},{\"@type\":\"BreadcrumbList\",\"@id\":\"https:\/\/dev6.erresse-shop.it\/fr\/shop\/poeles-pots\/sauteuses-et-faitout\/staub-sauteuse-chistera-28-cm-grenadine\/#breadcrumb\",\"itemListElement\":[{\"@type\":\"ListItem\",\"position\":1,\"name\":\"Home\",\"item\":\"https:\/\/dev6.erresse-shop.it\/\"},{\"@type\":\"ListItem\",\"position\":2,\"name\":\"Boutique\",\"item\":\"https:\/\/dev6.erresse-shop.it\/shop\/\"},{\"@type\":\"ListItem\",\"position\":3,\"name\":\"STAUB Sauteuse Chistera 28 cm Grenadine\"}]},{\"@type\":\"WebSite\",\"@id\":\"https:\/\/dev6.erresse-shop.it\/#website\",\"url\":\"https:\/\/dev6.erresse-shop.it\/\",\"name\":\"Erresse Shop\",\"description\":\"\",\"publisher\":{\"@id\":\"https:\/\/dev6.erresse-shop.it\/#organization\"},\"potentialAction\":[{\"@type\":\"SearchAction\",\"target\":{\"@type\":\"EntryPoint\",\"urlTemplate\":\"https:\/\/dev6.erresse-shop.it\/?s={search_term_string}\"},\"query-input\":{\"@type\":\"PropertyValueSpecification\",\"valueRequired\":true,\"valueName\":\"search_term_string\"}}],\"inLanguage\":\"fr-FR\"},{\"@type\":\"Organization\",\"@id\":\"https:\/\/dev6.erresse-shop.it\/#organization\",\"name\":\"Erresse Shop\",\"url\":\"https:\/\/dev6.erresse-shop.it\/\",\"logo\":{\"@type\":\"ImageObject\",\"inLanguage\":\"fr-FR\",\"@id\":\"https:\/\/dev6.erresse-shop.it\/#\/schema\/logo\/image\/\",\"url\":\"https:\/\/dev6.erresse-shop.it\/wp-content\/uploads\/2025\/01\/LOGO-ERRESSE-CLASSICO.svg\",\"contentUrl\":\"https:\/\/dev6.erresse-shop.it\/wp-content\/uploads\/2025\/01\/LOGO-ERRESSE-CLASSICO.svg\",\"caption\":\"Erresse Shop\"},\"image\":{\"@id\":\"https:\/\/dev6.erresse-shop.it\/#\/schema\/logo\/image\/\"}}]}<\/script>\n<!-- \/ Yoast SEO plugin. -->","yoast_head_json":{"title":"STAUB Sauteuse Chistera 28 cm Grenadine - dev6 Erresse","description":"Cette sauteuse Chistera en fonte \u00e9maill\u00e9e STAUB Grenadine de 28 cm, allie la polyvalence d\u2019une sauteuse avec la qualit\u00e9 de cuisson de la fonte STAUB. Son","robots":{"index":"noindex","follow":"follow","max-snippet":"max-snippet:-1","max-image-preview":"max-image-preview:large","max-video-preview":"max-video-preview:-1"},"og_locale":"fr_FR","og_type":"article","og_title":"STAUB Sauteuse Chistera 28 cm Grenadine - dev6 Erresse","og_description":"Cette sauteuse Chistera en fonte \u00e9maill\u00e9e STAUB Grenadine de 28 cm, allie la polyvalence d\u2019une sauteuse avec la qualit\u00e9 de cuisson de la fonte STAUB. Son","og_url":"https:\/\/dev6.erresse-shop.it\/fr\/shop\/poeles-pots\/sauteuses-et-faitout\/staub-sauteuse-chistera-28-cm-grenadine\/","og_site_name":"dev6 Erresse","og_image":[{"url":"https:\/\/interpim.erresse-shop.it\/img-catalogo\/staub\/tegame-granata-40511-513.jpg","type":"","width":"","height":""},{"url":"https:\/\/interpim.erresse-shop.it\/img-catalogo\/staub\/tegame-granata-40511-513.jpg","width":1024,"height":1024,"type":"image\/jpeg"}],"twitter_card":"summary_large_image","twitter_image":"https:\/\/interpim.erresse-shop.it\/img-catalogo\/staub\/tegame-granata-40511-513.jpg","schema":{"@context":"https:\/\/schema.org","@graph":[{"@type":"WebPage","@id":"https:\/\/dev6.erresse-shop.it\/fr\/shop\/poeles-pots\/sauteuses-et-faitout\/staub-sauteuse-chistera-28-cm-grenadine\/","url":"https:\/\/dev6.erresse-shop.it\/fr\/shop\/poeles-pots\/sauteuses-et-faitout\/staub-sauteuse-chistera-28-cm-grenadine\/","name":"STAUB Sauteuse Chistera 28 cm Grenadine - dev6 Erresse","isPartOf":{"@id":"https:\/\/dev6.erresse-shop.it\/#website"},"primaryImageOfPage":{"@id":"https:\/\/dev6.erresse-shop.it\/fr\/shop\/poeles-pots\/sauteuses-et-faitout\/staub-sauteuse-chistera-28-cm-grenadine\/#primaryimage"},"image":{"@id":"https:\/\/dev6.erresse-shop.it\/fr\/shop\/poeles-pots\/sauteuses-et-faitout\/staub-sauteuse-chistera-28-cm-grenadine\/#primaryimage"},"thumbnailUrl":"https:\/\/i1.wp.com\/interpim.erresse-shop.it\/img-catalogo\/staub\/tegame-granata-40511-513.jpg?ssl=1","datePublished":"2026-04-04T06:20:22+00:00","description":"Cette sauteuse Chistera en fonte \u00e9maill\u00e9e STAUB Grenadine de 28 cm, allie la polyvalence d\u2019une sauteuse avec la qualit\u00e9 de cuisson de la fonte STAUB. Son","breadcrumb":{"@id":"https:\/\/dev6.erresse-shop.it\/fr\/shop\/poeles-pots\/sauteuses-et-faitout\/staub-sauteuse-chistera-28-cm-grenadine\/#breadcrumb"},"inLanguage":"fr-FR","potentialAction":[{"@type":"ReadAction","target":["https:\/\/dev6.erresse-shop.it\/fr\/shop\/poeles-pots\/sauteuses-et-faitout\/staub-sauteuse-chistera-28-cm-grenadine\/"]}]},{"@type":"ImageObject","inLanguage":"fr-FR","@id":"https:\/\/dev6.erresse-shop.it\/fr\/shop\/poeles-pots\/sauteuses-et-faitout\/staub-sauteuse-chistera-28-cm-grenadine\/#primaryimage","url":"https:\/\/i1.wp.com\/interpim.erresse-shop.it\/img-catalogo\/staub\/tegame-granata-40511-513.jpg?ssl=1","contentUrl":"https:\/\/i1.wp.com\/interpim.erresse-shop.it\/img-catalogo\/staub\/tegame-granata-40511-513.jpg?ssl=1"},{"@type":"BreadcrumbList","@id":"https:\/\/dev6.erresse-shop.it\/fr\/shop\/poeles-pots\/sauteuses-et-faitout\/staub-sauteuse-chistera-28-cm-grenadine\/#breadcrumb","itemListElement":[{"@type":"ListItem","position":1,"name":"Home","item":"https:\/\/dev6.erresse-shop.it\/"},{"@type":"ListItem","position":2,"name":"Boutique","item":"https:\/\/dev6.erresse-shop.it\/shop\/"},{"@type":"ListItem","position":3,"name":"STAUB Sauteuse Chistera 28 cm Grenadine"}]},{"@type":"WebSite","@id":"https:\/\/dev6.erresse-shop.it\/#website","url":"https:\/\/dev6.erresse-shop.it\/","name":"Erresse Shop","description":"","publisher":{"@id":"https:\/\/dev6.erresse-shop.it\/#organization"},"potentialAction":[{"@type":"SearchAction","target":{"@type":"EntryPoint","urlTemplate":"https:\/\/dev6.erresse-shop.it\/?s={search_term_string}"},"query-input":{"@type":"PropertyValueSpecification","valueRequired":true,"valueName":"search_term_string"}}],"inLanguage":"fr-FR"},{"@type":"Organization","@id":"https:\/\/dev6.erresse-shop.it\/#organization","name":"Erresse Shop","url":"https:\/\/dev6.erresse-shop.it\/","logo":{"@type":"ImageObject","inLanguage":"fr-FR","@id":"https:\/\/dev6.erresse-shop.it\/#\/schema\/logo\/image\/","url":"https:\/\/dev6.erresse-shop.it\/wp-content\/uploads\/2025\/01\/LOGO-ERRESSE-CLASSICO.svg","contentUrl":"https:\/\/dev6.erresse-shop.it\/wp-content\/uploads\/2025\/01\/LOGO-ERRESSE-CLASSICO.svg","caption":"Erresse Shop"},"image":{"@id":"https:\/\/dev6.erresse-shop.it\/#\/schema\/logo\/image\/"}}]}},"df_price":169.95,"df_sale_price":169.95,"df_regular_price":269,"df_image_link":"https:\/\/i1.wp.com\/interpim.erresse-shop.it\/img-catalogo\/staub\/tegame-granata-40511-513.jpg?resize=300,300&ssl=1","fifu_image_url":"https:\/\/interpim.erresse-shop.it\/img-catalogo\/staub\/tegame-granata-40511-513.jpg","_links":{"self":[{"href":"https:\/\/dev6.erresse-shop.it\/fr\/wp-json\/wp\/v2\/product\/58177","targetHints":{"allow":["GET"]}}],"collection":[{"href":"https:\/\/dev6.erresse-shop.it\/fr\/wp-json\/wp\/v2\/product"}],"about":[{"href":"https:\/\/dev6.erresse-shop.it\/fr\/wp-json\/wp\/v2\/types\/product"}],"wp:featuredmedia":[{"embeddable":true,"href":"https:\/\/dev6.erresse-shop.it\/fr\/wp-json\/wp\/v2\/media\/6263897"}],"wp:attachment":[{"href":"https:\/\/dev6.erresse-shop.it\/fr\/wp-json\/wp\/v2\/media?parent=58177"}],"wp:term":[{"taxonomy":"product_cat","embeddable":true,"href":"https:\/\/dev6.erresse-shop.it\/fr\/wp-json\/wp\/v2\/product_cat?post=58177"},{"taxonomy":"product_tag","embeddable":true,"href":"https:\/\/dev6.erresse-shop.it\/fr\/wp-json\/wp\/v2\/product_tag?post=58177"}],"curies":[{"name":"wp","href":"https:\/\/api.w.org\/{rel}","templated":true}]}}