{"id":58161,"date":"2026-04-04T08:20:22","date_gmt":"2026-04-04T06:20:22","guid":{"rendered":"https:\/\/dev6.erresse-shop.it\/shop\/non%20class\u00e9\/zwilling-couteau-universel-twin-pollux-13cm\/"},"modified":"2026-01-16T22:14:38","modified_gmt":"2026-01-16T21:14:38","slug":"zwilling-couteau-universel-twin-pollux-13cm","status":"publish","type":"product","link":"https:\/\/dev6.erresse-shop.it\/fr\/shop\/cuisine\/couteaux\/couteaux-de-cuisine\/zwilling-couteau-universel-twin-pollux-13cm\/","title":{"rendered":"ZWILLING Couteau universel  Twin\u00ae Pollux 13cm"},"content":{"rendered":"<p>TWIN\u00ae Pollux<\/p>\n<p>DESCRIPTION<\/p>\n<p>Le couteau \u00e0 viande \u00e0 manche ergonomique est un ustensile de cuisine polyvalent. Avec sa longue lame tranchante, il convient pour pr\u00e9parer et couper de la viande crue et pour d\u00e9couper de la viande ou de la volaille r\u00f4tie. Gr\u00e2ce \u00e0 sa forme bien pens\u00e9e et \u00e0 sa poign\u00e9e \u00e0 trois rivets, il est facile \u00e0 manipuler et a \u00e9galement un aspect attrayant. Gr\u00e2ce \u00e0 la fonte sp\u00e9ciale raffin\u00e9e de ZWILLING, l\u2019acier inoxydable de la lame du couteau est particuli\u00e8rement r\u00e9sistant \u00e0 la corrosion. La lame FRIODUR\u00ae de 20 cm de long a \u00e9t\u00e9 stabilis\u00e9e par un proc\u00e9d\u00e9 de durcissement \u00e0 la glace et garantit des coupes pr\u00e9cises. Les propri\u00e9t\u00e9s de coupe ainsi que la durabilit\u00e9 de l\u2019acier inoxydable sp\u00e9cial sont encore optimis\u00e9es par la poign\u00e9e confort, qui est orn\u00e9e d\u2019un petit logo ZWILLING en rouge. Avec le couteau \u00e0 viande TWIN\u00ae Pollux de haute qualit\u00e9 et flexible, vous pouvez \u00e9galement couper de la viande ferme avec une cro\u00fbte en tranches r\u00e9guli\u00e8res ou d\u00e9couper de la volaille.Lame FRIODUR\u00ae tremp\u00e9e dans la glace pour une dur\u00e9e de vie particuli\u00e8rement longue et une r\u00e9sistance \u00e0 la corrosion.Acier sp\u00e9cial inoxydable, fonte sp\u00e9ciale ZWILLING : Ces couteaux sont \u00e0 la fois stables, r\u00e9sistants \u00e0 la corrosion et flexibles.Design classique \u00e0 trois rivetsPoign\u00e9e confortable avec logo ZWILLING incrust\u00e9 pour une meilleure manipulation.Poids r\u00e9duit pour un travail sans fatigue.<\/p>\n","protected":false},"excerpt":{"rendered":"<p>TWIN\u00ae Pollux DESCRIPTION Le couteau \u00e0 viande \u00e0 manche ergonomique est un ustensile de cuisine polyvalent. Avec sa longue lame tranchante, il convient pour pr\u00e9parer et couper de la viande crue et pour d\u00e9couper de la viande ou de la volaille r\u00f4tie. Gr\u00e2ce \u00e0 sa forme bien pens\u00e9e et \u00e0 sa poign\u00e9e \u00e0 trois rivets, [&hellip;]<\/p>\n","protected":false},"featured_media":6263847,"template":"","meta":{"_acf_changed":false},"product_cat":[11997],"product_tag":[],"class_list":{"0":"post-58161","1":"product","2":"type-product","3":"status-publish","4":"has-post-thumbnail","6":"product_cat-couteaux-de-cuisine","8":"first","9":"outofstock","10":"sale","11":"taxable","12":"shipping-taxable","13":"purchasable","14":"product-type-simple","swatches":"rey-swatches","show_selected":"","stretch_labels":"rey-swatches--stretch-labels"},"acf":[],"yoast_head":"<!-- This site is optimized with the Yoast SEO plugin v25.4 - https:\/\/yoast.com\/wordpress\/plugins\/seo\/ -->\n<title>ZWILLING Couteau universel Twin\u00ae Pollux 13cm - dev6 Erresse<\/title>\n<meta name=\"description\" content=\"TWIN\u00ae Pollux DESCRIPTION Le couteau \u00e0 viande \u00e0 manche ergonomique est un ustensile de cuisine polyvalent. Avec sa longue lame tranchante, il convient pour\" \/>\n<meta name=\"robots\" content=\"noindex, follow, max-snippet:-1, max-image-preview:large, max-video-preview:-1\" \/>\n<meta property=\"og:locale\" content=\"fr_FR\" \/>\n<meta property=\"og:type\" content=\"article\" \/>\n<meta property=\"og:title\" content=\"ZWILLING Couteau universel Twin\u00ae Pollux 13cm - dev6 Erresse\" \/>\n<meta property=\"og:description\" content=\"TWIN\u00ae Pollux DESCRIPTION Le couteau \u00e0 viande \u00e0 manche ergonomique est un ustensile de cuisine polyvalent. Avec sa longue lame tranchante, il convient pour\" \/>\n<meta property=\"og:url\" content=\"https:\/\/dev6.erresse-shop.it\/fr\/shop\/cuisine\/couteaux\/couteaux-de-cuisine\/zwilling-couteau-universel-twin-pollux-13cm\/\" \/>\n<meta property=\"og:site_name\" content=\"dev6 Erresse\" \/>\n<meta property=\"og:image\" content=\"https:\/\/interpim.erresse-shop.it\/Import\/Prodotti\/30720-132-0_1-e1597760725880.jpg\" \/><meta property=\"og:image\" content=\"https:\/\/interpim.erresse-shop.it\/Import\/Prodotti\/30720-132-0_1-e1597760725880.jpg\" \/>\n\t<meta property=\"og:image:width\" content=\"1024\" \/>\n\t<meta property=\"og:image:height\" content=\"1024\" \/>\n\t<meta property=\"og:image:type\" content=\"image\/jpeg\" \/>\n<meta name=\"twitter:card\" content=\"summary_large_image\" \/>\n<meta name=\"twitter:image\" content=\"https:\/\/interpim.erresse-shop.it\/Import\/Prodotti\/30720-132-0_1-e1597760725880.jpg\" \/>\n<script type=\"application\/ld+json\" class=\"yoast-schema-graph\">{\"@context\":\"https:\/\/schema.org\",\"@graph\":[{\"@type\":\"WebPage\",\"@id\":\"https:\/\/dev6.erresse-shop.it\/fr\/shop\/cuisine\/couteaux\/couteaux-de-cuisine\/zwilling-couteau-universel-twin-pollux-13cm\/\",\"url\":\"https:\/\/dev6.erresse-shop.it\/fr\/shop\/cuisine\/couteaux\/couteaux-de-cuisine\/zwilling-couteau-universel-twin-pollux-13cm\/\",\"name\":\"ZWILLING Couteau universel Twin\u00ae Pollux 13cm - dev6 Erresse\",\"isPartOf\":{\"@id\":\"https:\/\/dev6.erresse-shop.it\/#website\"},\"primaryImageOfPage\":{\"@id\":\"https:\/\/dev6.erresse-shop.it\/fr\/shop\/cuisine\/couteaux\/couteaux-de-cuisine\/zwilling-couteau-universel-twin-pollux-13cm\/#primaryimage\"},\"image\":{\"@id\":\"https:\/\/dev6.erresse-shop.it\/fr\/shop\/cuisine\/couteaux\/couteaux-de-cuisine\/zwilling-couteau-universel-twin-pollux-13cm\/#primaryimage\"},\"thumbnailUrl\":\"https:\/\/i1.wp.com\/interpim.erresse-shop.it\/Import\/Prodotti\/30720-132-0_1-e1597760725880.jpg?ssl=1\",\"datePublished\":\"2026-04-04T06:20:22+00:00\",\"description\":\"TWIN\u00ae Pollux DESCRIPTION Le couteau \u00e0 viande \u00e0 manche ergonomique est un ustensile de cuisine polyvalent. Avec sa longue lame tranchante, il convient pour\",\"breadcrumb\":{\"@id\":\"https:\/\/dev6.erresse-shop.it\/fr\/shop\/cuisine\/couteaux\/couteaux-de-cuisine\/zwilling-couteau-universel-twin-pollux-13cm\/#breadcrumb\"},\"inLanguage\":\"fr-FR\",\"potentialAction\":[{\"@type\":\"ReadAction\",\"target\":[\"https:\/\/dev6.erresse-shop.it\/fr\/shop\/cuisine\/couteaux\/couteaux-de-cuisine\/zwilling-couteau-universel-twin-pollux-13cm\/\"]}]},{\"@type\":\"ImageObject\",\"inLanguage\":\"fr-FR\",\"@id\":\"https:\/\/dev6.erresse-shop.it\/fr\/shop\/cuisine\/couteaux\/couteaux-de-cuisine\/zwilling-couteau-universel-twin-pollux-13cm\/#primaryimage\",\"url\":\"https:\/\/i1.wp.com\/interpim.erresse-shop.it\/Import\/Prodotti\/30720-132-0_1-e1597760725880.jpg?ssl=1\",\"contentUrl\":\"https:\/\/i1.wp.com\/interpim.erresse-shop.it\/Import\/Prodotti\/30720-132-0_1-e1597760725880.jpg?ssl=1\"},{\"@type\":\"BreadcrumbList\",\"@id\":\"https:\/\/dev6.erresse-shop.it\/fr\/shop\/cuisine\/couteaux\/couteaux-de-cuisine\/zwilling-couteau-universel-twin-pollux-13cm\/#breadcrumb\",\"itemListElement\":[{\"@type\":\"ListItem\",\"position\":1,\"name\":\"Home\",\"item\":\"https:\/\/dev6.erresse-shop.it\/\"},{\"@type\":\"ListItem\",\"position\":2,\"name\":\"Boutique\",\"item\":\"https:\/\/dev6.erresse-shop.it\/shop\/\"},{\"@type\":\"ListItem\",\"position\":3,\"name\":\"ZWILLING Couteau universel Twin\u00ae Pollux 13cm\"}]},{\"@type\":\"WebSite\",\"@id\":\"https:\/\/dev6.erresse-shop.it\/#website\",\"url\":\"https:\/\/dev6.erresse-shop.it\/\",\"name\":\"Erresse Shop\",\"description\":\"\",\"publisher\":{\"@id\":\"https:\/\/dev6.erresse-shop.it\/#organization\"},\"potentialAction\":[{\"@type\":\"SearchAction\",\"target\":{\"@type\":\"EntryPoint\",\"urlTemplate\":\"https:\/\/dev6.erresse-shop.it\/?s={search_term_string}\"},\"query-input\":{\"@type\":\"PropertyValueSpecification\",\"valueRequired\":true,\"valueName\":\"search_term_string\"}}],\"inLanguage\":\"fr-FR\"},{\"@type\":\"Organization\",\"@id\":\"https:\/\/dev6.erresse-shop.it\/#organization\",\"name\":\"Erresse Shop\",\"url\":\"https:\/\/dev6.erresse-shop.it\/\",\"logo\":{\"@type\":\"ImageObject\",\"inLanguage\":\"fr-FR\",\"@id\":\"https:\/\/dev6.erresse-shop.it\/#\/schema\/logo\/image\/\",\"url\":\"https:\/\/dev6.erresse-shop.it\/wp-content\/uploads\/2025\/01\/LOGO-ERRESSE-CLASSICO.svg\",\"contentUrl\":\"https:\/\/dev6.erresse-shop.it\/wp-content\/uploads\/2025\/01\/LOGO-ERRESSE-CLASSICO.svg\",\"caption\":\"Erresse Shop\"},\"image\":{\"@id\":\"https:\/\/dev6.erresse-shop.it\/#\/schema\/logo\/image\/\"}}]}<\/script>\n<!-- \/ Yoast SEO plugin. -->","yoast_head_json":{"title":"ZWILLING Couteau universel Twin\u00ae Pollux 13cm - dev6 Erresse","description":"TWIN\u00ae Pollux DESCRIPTION Le couteau \u00e0 viande \u00e0 manche ergonomique est un ustensile de cuisine polyvalent. Avec sa longue lame tranchante, il convient pour","robots":{"index":"noindex","follow":"follow","max-snippet":"max-snippet:-1","max-image-preview":"max-image-preview:large","max-video-preview":"max-video-preview:-1"},"og_locale":"fr_FR","og_type":"article","og_title":"ZWILLING Couteau universel Twin\u00ae Pollux 13cm - dev6 Erresse","og_description":"TWIN\u00ae Pollux DESCRIPTION Le couteau \u00e0 viande \u00e0 manche ergonomique est un ustensile de cuisine polyvalent. Avec sa longue lame tranchante, il convient pour","og_url":"https:\/\/dev6.erresse-shop.it\/fr\/shop\/cuisine\/couteaux\/couteaux-de-cuisine\/zwilling-couteau-universel-twin-pollux-13cm\/","og_site_name":"dev6 Erresse","og_image":[{"url":"https:\/\/interpim.erresse-shop.it\/Import\/Prodotti\/30720-132-0_1-e1597760725880.jpg","type":"","width":"","height":""},{"url":"https:\/\/interpim.erresse-shop.it\/Import\/Prodotti\/30720-132-0_1-e1597760725880.jpg","width":1024,"height":1024,"type":"image\/jpeg"}],"twitter_card":"summary_large_image","twitter_image":"https:\/\/interpim.erresse-shop.it\/Import\/Prodotti\/30720-132-0_1-e1597760725880.jpg","schema":{"@context":"https:\/\/schema.org","@graph":[{"@type":"WebPage","@id":"https:\/\/dev6.erresse-shop.it\/fr\/shop\/cuisine\/couteaux\/couteaux-de-cuisine\/zwilling-couteau-universel-twin-pollux-13cm\/","url":"https:\/\/dev6.erresse-shop.it\/fr\/shop\/cuisine\/couteaux\/couteaux-de-cuisine\/zwilling-couteau-universel-twin-pollux-13cm\/","name":"ZWILLING Couteau universel Twin\u00ae Pollux 13cm - dev6 Erresse","isPartOf":{"@id":"https:\/\/dev6.erresse-shop.it\/#website"},"primaryImageOfPage":{"@id":"https:\/\/dev6.erresse-shop.it\/fr\/shop\/cuisine\/couteaux\/couteaux-de-cuisine\/zwilling-couteau-universel-twin-pollux-13cm\/#primaryimage"},"image":{"@id":"https:\/\/dev6.erresse-shop.it\/fr\/shop\/cuisine\/couteaux\/couteaux-de-cuisine\/zwilling-couteau-universel-twin-pollux-13cm\/#primaryimage"},"thumbnailUrl":"https:\/\/i1.wp.com\/interpim.erresse-shop.it\/Import\/Prodotti\/30720-132-0_1-e1597760725880.jpg?ssl=1","datePublished":"2026-04-04T06:20:22+00:00","description":"TWIN\u00ae Pollux DESCRIPTION Le couteau \u00e0 viande \u00e0 manche ergonomique est un ustensile de cuisine polyvalent. Avec sa longue lame tranchante, il convient pour","breadcrumb":{"@id":"https:\/\/dev6.erresse-shop.it\/fr\/shop\/cuisine\/couteaux\/couteaux-de-cuisine\/zwilling-couteau-universel-twin-pollux-13cm\/#breadcrumb"},"inLanguage":"fr-FR","potentialAction":[{"@type":"ReadAction","target":["https:\/\/dev6.erresse-shop.it\/fr\/shop\/cuisine\/couteaux\/couteaux-de-cuisine\/zwilling-couteau-universel-twin-pollux-13cm\/"]}]},{"@type":"ImageObject","inLanguage":"fr-FR","@id":"https:\/\/dev6.erresse-shop.it\/fr\/shop\/cuisine\/couteaux\/couteaux-de-cuisine\/zwilling-couteau-universel-twin-pollux-13cm\/#primaryimage","url":"https:\/\/i1.wp.com\/interpim.erresse-shop.it\/Import\/Prodotti\/30720-132-0_1-e1597760725880.jpg?ssl=1","contentUrl":"https:\/\/i1.wp.com\/interpim.erresse-shop.it\/Import\/Prodotti\/30720-132-0_1-e1597760725880.jpg?ssl=1"},{"@type":"BreadcrumbList","@id":"https:\/\/dev6.erresse-shop.it\/fr\/shop\/cuisine\/couteaux\/couteaux-de-cuisine\/zwilling-couteau-universel-twin-pollux-13cm\/#breadcrumb","itemListElement":[{"@type":"ListItem","position":1,"name":"Home","item":"https:\/\/dev6.erresse-shop.it\/"},{"@type":"ListItem","position":2,"name":"Boutique","item":"https:\/\/dev6.erresse-shop.it\/shop\/"},{"@type":"ListItem","position":3,"name":"ZWILLING Couteau universel Twin\u00ae Pollux 13cm"}]},{"@type":"WebSite","@id":"https:\/\/dev6.erresse-shop.it\/#website","url":"https:\/\/dev6.erresse-shop.it\/","name":"Erresse Shop","description":"","publisher":{"@id":"https:\/\/dev6.erresse-shop.it\/#organization"},"potentialAction":[{"@type":"SearchAction","target":{"@type":"EntryPoint","urlTemplate":"https:\/\/dev6.erresse-shop.it\/?s={search_term_string}"},"query-input":{"@type":"PropertyValueSpecification","valueRequired":true,"valueName":"search_term_string"}}],"inLanguage":"fr-FR"},{"@type":"Organization","@id":"https:\/\/dev6.erresse-shop.it\/#organization","name":"Erresse Shop","url":"https:\/\/dev6.erresse-shop.it\/","logo":{"@type":"ImageObject","inLanguage":"fr-FR","@id":"https:\/\/dev6.erresse-shop.it\/#\/schema\/logo\/image\/","url":"https:\/\/dev6.erresse-shop.it\/wp-content\/uploads\/2025\/01\/LOGO-ERRESSE-CLASSICO.svg","contentUrl":"https:\/\/dev6.erresse-shop.it\/wp-content\/uploads\/2025\/01\/LOGO-ERRESSE-CLASSICO.svg","caption":"Erresse Shop"},"image":{"@id":"https:\/\/dev6.erresse-shop.it\/#\/schema\/logo\/image\/"}}]}},"df_price":36.9,"df_sale_price":36.9,"df_regular_price":43.95,"df_image_link":"https:\/\/i1.wp.com\/interpim.erresse-shop.it\/Import\/Prodotti\/30720-132-0_1-e1597760725880.jpg?resize=300,300&ssl=1","fifu_image_url":"https:\/\/interpim.erresse-shop.it\/Import\/Prodotti\/30720-132-0_1-e1597760725880.jpg","_links":{"self":[{"href":"https:\/\/dev6.erresse-shop.it\/fr\/wp-json\/wp\/v2\/product\/58161","targetHints":{"allow":["GET"]}}],"collection":[{"href":"https:\/\/dev6.erresse-shop.it\/fr\/wp-json\/wp\/v2\/product"}],"about":[{"href":"https:\/\/dev6.erresse-shop.it\/fr\/wp-json\/wp\/v2\/types\/product"}],"wp:featuredmedia":[{"embeddable":true,"href":"https:\/\/dev6.erresse-shop.it\/fr\/wp-json\/wp\/v2\/media\/6263847"}],"wp:attachment":[{"href":"https:\/\/dev6.erresse-shop.it\/fr\/wp-json\/wp\/v2\/media?parent=58161"}],"wp:term":[{"taxonomy":"product_cat","embeddable":true,"href":"https:\/\/dev6.erresse-shop.it\/fr\/wp-json\/wp\/v2\/product_cat?post=58161"},{"taxonomy":"product_tag","embeddable":true,"href":"https:\/\/dev6.erresse-shop.it\/fr\/wp-json\/wp\/v2\/product_tag?post=58161"}],"curies":[{"name":"wp","href":"https:\/\/api.w.org\/{rel}","templated":true}]}}