{"id":58143,"date":"2026-04-04T08:19:43","date_gmt":"2026-04-04T06:19:43","guid":{"rendered":"https:\/\/dev6.erresse-shop.it\/shop\/non%20class\u00e9\/le-creuset-skillet-carre-en-fonte-emaillee-26-x-26-cm-bleu-caraibes\/"},"modified":"2025-11-30T17:50:48","modified_gmt":"2025-11-30T16:50:48","slug":"le-creuset-skillet-carre-en-fonte-emaillee-26-x-26-cm-bleu-caraibes","status":"publish","type":"product","link":"https:\/\/dev6.erresse-shop.it\/fr\/shop\/poeles-pots\/grils-a-steak\/le-creuset-skillet-carre-en-fonte-emaillee-26-x-26-cm-bleu-caraibes\/","title":{"rendered":"LE CREUSET Skillet carr\u00e9 en fonte \u00e9maill\u00e9e 26 x 26 cm Bleu Caraibes"},"content":{"rendered":"<p>\u2013 Fonte \u00e9maill\u00e9e<br \/>\n\u2013 Manche gain de place &amp; Cuisson au four<br \/>\n\u2013 Skillet de forme ergonomique muni d\u2019un manche en fonte qui passe de la plaque au four et de la cuisine \u00e0 la table sans complexe.<br \/>\n\u2013 Parois hautes et bords incurv\u00e9s pour m\u00e9langer ais\u00e9ment et limiter les projections<br \/>\n\u2013 2 becs verseurs<br \/>\n\u2013 Poign\u00e9e d\u2019assistance pour une manipulation ais\u00e9e.<br \/>\n\u2013 R\u00e9partition uniforme de la chaleur<br \/>\n\u2013 Compatible avec toutes les sources de chaleur y compris l\u2019induction.<br \/>\n\u2013 Durabilit\u00e9 exceptionnelle<br \/>\n\u2013 Garantie \u00e0 vie<\/p>\n<p>See Movie 1<br \/>\nSee Movie 2<\/p>\n","protected":false},"excerpt":{"rendered":"<p>\u2013 Fonte \u00e9maill\u00e9e \u2013 Manche gain de place &amp; Cuisson au four \u2013 Skillet de forme ergonomique muni d\u2019un manche en fonte qui passe de la plaque au four et de la cuisine \u00e0 la table sans complexe. \u2013 Parois hautes et bords incurv\u00e9s pour m\u00e9langer ais\u00e9ment et limiter les projections \u2013 2 becs verseurs [&hellip;]<\/p>\n","protected":false},"featured_media":6263716,"template":"","meta":{"_acf_changed":false},"product_cat":[12020,11667,11991],"product_tag":[],"class_list":{"0":"post-58143","1":"product","2":"type-product","3":"status-publish","4":"has-post-thumbnail","6":"product_cat-grils-a-steak","7":"product_cat-padelle-pentole","8":"product_cat-poeles-pots","10":"first","11":"instock","12":"sale","13":"taxable","14":"shipping-taxable","15":"purchasable","16":"product-type-simple","swatches":"rey-swatches","show_selected":"","stretch_labels":"rey-swatches--stretch-labels"},"acf":[],"yoast_head":"<!-- This site is optimized with the Yoast SEO plugin v25.4 - https:\/\/yoast.com\/wordpress\/plugins\/seo\/ -->\n<title>LE CREUSET Skillet carr\u00e9 en fonte \u00e9maill\u00e9e 26 x 26 cm Bleu Caraibes - dev6 Erresse<\/title>\n<meta name=\"description\" content=\"\u2013 Fonte \u00e9maill\u00e9e \u2013 Manche gain de place &amp; Cuisson au four \u2013 Skillet de forme ergonomique muni d\u2019un manche en fonte qui passe de la plaque au four et\" \/>\n<meta name=\"robots\" content=\"noindex, follow, max-snippet:-1, max-image-preview:large, max-video-preview:-1\" \/>\n<meta property=\"og:locale\" content=\"fr_FR\" \/>\n<meta property=\"og:type\" content=\"article\" \/>\n<meta property=\"og:title\" content=\"LE CREUSET Skillet carr\u00e9 en fonte \u00e9maill\u00e9e 26 x 26 cm Bleu Caraibes - dev6 Erresse\" \/>\n<meta property=\"og:description\" content=\"\u2013 Fonte \u00e9maill\u00e9e \u2013 Manche gain de place &amp; Cuisson au four \u2013 Skillet de forme ergonomique muni d\u2019un manche en fonte qui passe de la plaque au four et\" \/>\n<meta property=\"og:url\" content=\"https:\/\/dev6.erresse-shop.it\/fr\/shop\/poeles-pots\/grils-a-steak\/le-creuset-skillet-carre-en-fonte-emaillee-26-x-26-cm-bleu-caraibes\/\" \/>\n<meta property=\"og:site_name\" content=\"dev6 Erresse\" \/>\n<meta property=\"og:image\" content=\"https:\/\/interpim.erresse-shop.it\/Import\/Prodotti\/le-creuset-bistecchiera-skillet-quadrata-evolution-26x26-cm-blu-caribe.png\" \/><meta property=\"og:image\" content=\"https:\/\/interpim.erresse-shop.it\/Import\/Prodotti\/le-creuset-bistecchiera-skillet-quadrata-evolution-26x26-cm-blu-caribe.png\" \/>\n\t<meta property=\"og:image:width\" content=\"1024\" \/>\n\t<meta property=\"og:image:height\" content=\"1024\" \/>\n\t<meta property=\"og:image:type\" content=\"image\/jpeg\" \/>\n<meta name=\"twitter:card\" content=\"summary_large_image\" \/>\n<meta name=\"twitter:image\" content=\"https:\/\/interpim.erresse-shop.it\/Import\/Prodotti\/le-creuset-bistecchiera-skillet-quadrata-evolution-26x26-cm-blu-caribe.png\" \/>\n<script type=\"application\/ld+json\" class=\"yoast-schema-graph\">{\"@context\":\"https:\/\/schema.org\",\"@graph\":[{\"@type\":\"WebPage\",\"@id\":\"https:\/\/dev6.erresse-shop.it\/fr\/shop\/poeles-pots\/grils-a-steak\/le-creuset-skillet-carre-en-fonte-emaillee-26-x-26-cm-bleu-caraibes\/\",\"url\":\"https:\/\/dev6.erresse-shop.it\/fr\/shop\/poeles-pots\/grils-a-steak\/le-creuset-skillet-carre-en-fonte-emaillee-26-x-26-cm-bleu-caraibes\/\",\"name\":\"LE CREUSET Skillet carr\u00e9 en fonte \u00e9maill\u00e9e 26 x 26 cm Bleu Caraibes - dev6 Erresse\",\"isPartOf\":{\"@id\":\"https:\/\/dev6.erresse-shop.it\/#website\"},\"primaryImageOfPage\":{\"@id\":\"https:\/\/dev6.erresse-shop.it\/fr\/shop\/poeles-pots\/grils-a-steak\/le-creuset-skillet-carre-en-fonte-emaillee-26-x-26-cm-bleu-caraibes\/#primaryimage\"},\"image\":{\"@id\":\"https:\/\/dev6.erresse-shop.it\/fr\/shop\/poeles-pots\/grils-a-steak\/le-creuset-skillet-carre-en-fonte-emaillee-26-x-26-cm-bleu-caraibes\/#primaryimage\"},\"thumbnailUrl\":\"https:\/\/i1.wp.com\/interpim.erresse-shop.it\/Import\/Prodotti\/le-creuset-bistecchiera-skillet-quadrata-evolution-26x26-cm-blu-caribe.png?ssl=1\",\"datePublished\":\"2026-04-04T06:19:43+00:00\",\"description\":\"\u2013 Fonte \u00e9maill\u00e9e \u2013 Manche gain de place &amp; Cuisson au four \u2013 Skillet de forme ergonomique muni d\u2019un manche en fonte qui passe de la plaque au four et\",\"breadcrumb\":{\"@id\":\"https:\/\/dev6.erresse-shop.it\/fr\/shop\/poeles-pots\/grils-a-steak\/le-creuset-skillet-carre-en-fonte-emaillee-26-x-26-cm-bleu-caraibes\/#breadcrumb\"},\"inLanguage\":\"fr-FR\",\"potentialAction\":[{\"@type\":\"ReadAction\",\"target\":[\"https:\/\/dev6.erresse-shop.it\/fr\/shop\/poeles-pots\/grils-a-steak\/le-creuset-skillet-carre-en-fonte-emaillee-26-x-26-cm-bleu-caraibes\/\"]}]},{\"@type\":\"ImageObject\",\"inLanguage\":\"fr-FR\",\"@id\":\"https:\/\/dev6.erresse-shop.it\/fr\/shop\/poeles-pots\/grils-a-steak\/le-creuset-skillet-carre-en-fonte-emaillee-26-x-26-cm-bleu-caraibes\/#primaryimage\",\"url\":\"https:\/\/i1.wp.com\/interpim.erresse-shop.it\/Import\/Prodotti\/le-creuset-bistecchiera-skillet-quadrata-evolution-26x26-cm-blu-caribe.png?ssl=1\",\"contentUrl\":\"https:\/\/i1.wp.com\/interpim.erresse-shop.it\/Import\/Prodotti\/le-creuset-bistecchiera-skillet-quadrata-evolution-26x26-cm-blu-caribe.png?ssl=1\"},{\"@type\":\"BreadcrumbList\",\"@id\":\"https:\/\/dev6.erresse-shop.it\/fr\/shop\/poeles-pots\/grils-a-steak\/le-creuset-skillet-carre-en-fonte-emaillee-26-x-26-cm-bleu-caraibes\/#breadcrumb\",\"itemListElement\":[{\"@type\":\"ListItem\",\"position\":1,\"name\":\"Home\",\"item\":\"https:\/\/dev6.erresse-shop.it\/\"},{\"@type\":\"ListItem\",\"position\":2,\"name\":\"Boutique\",\"item\":\"https:\/\/dev6.erresse-shop.it\/shop\/\"},{\"@type\":\"ListItem\",\"position\":3,\"name\":\"LE CREUSET Skillet carr\u00e9 en fonte \u00e9maill\u00e9e 26 x 26 cm Bleu Caraibes\"}]},{\"@type\":\"WebSite\",\"@id\":\"https:\/\/dev6.erresse-shop.it\/#website\",\"url\":\"https:\/\/dev6.erresse-shop.it\/\",\"name\":\"Erresse Shop\",\"description\":\"\",\"publisher\":{\"@id\":\"https:\/\/dev6.erresse-shop.it\/#organization\"},\"potentialAction\":[{\"@type\":\"SearchAction\",\"target\":{\"@type\":\"EntryPoint\",\"urlTemplate\":\"https:\/\/dev6.erresse-shop.it\/?s={search_term_string}\"},\"query-input\":{\"@type\":\"PropertyValueSpecification\",\"valueRequired\":true,\"valueName\":\"search_term_string\"}}],\"inLanguage\":\"fr-FR\"},{\"@type\":\"Organization\",\"@id\":\"https:\/\/dev6.erresse-shop.it\/#organization\",\"name\":\"Erresse Shop\",\"url\":\"https:\/\/dev6.erresse-shop.it\/\",\"logo\":{\"@type\":\"ImageObject\",\"inLanguage\":\"fr-FR\",\"@id\":\"https:\/\/dev6.erresse-shop.it\/#\/schema\/logo\/image\/\",\"url\":\"https:\/\/dev6.erresse-shop.it\/wp-content\/uploads\/2025\/01\/LOGO-ERRESSE-CLASSICO.svg\",\"contentUrl\":\"https:\/\/dev6.erresse-shop.it\/wp-content\/uploads\/2025\/01\/LOGO-ERRESSE-CLASSICO.svg\",\"caption\":\"Erresse Shop\"},\"image\":{\"@id\":\"https:\/\/dev6.erresse-shop.it\/#\/schema\/logo\/image\/\"}}]}<\/script>\n<!-- \/ Yoast SEO plugin. -->","yoast_head_json":{"title":"LE CREUSET Skillet carr\u00e9 en fonte \u00e9maill\u00e9e 26 x 26 cm Bleu Caraibes - dev6 Erresse","description":"\u2013 Fonte \u00e9maill\u00e9e \u2013 Manche gain de place &amp; Cuisson au four \u2013 Skillet de forme ergonomique muni d\u2019un manche en fonte qui passe de la plaque au four et","robots":{"index":"noindex","follow":"follow","max-snippet":"max-snippet:-1","max-image-preview":"max-image-preview:large","max-video-preview":"max-video-preview:-1"},"og_locale":"fr_FR","og_type":"article","og_title":"LE CREUSET Skillet carr\u00e9 en fonte \u00e9maill\u00e9e 26 x 26 cm Bleu Caraibes - dev6 Erresse","og_description":"\u2013 Fonte \u00e9maill\u00e9e \u2013 Manche gain de place &amp; Cuisson au four \u2013 Skillet de forme ergonomique muni d\u2019un manche en fonte qui passe de la plaque au four et","og_url":"https:\/\/dev6.erresse-shop.it\/fr\/shop\/poeles-pots\/grils-a-steak\/le-creuset-skillet-carre-en-fonte-emaillee-26-x-26-cm-bleu-caraibes\/","og_site_name":"dev6 Erresse","og_image":[{"url":"https:\/\/interpim.erresse-shop.it\/Import\/Prodotti\/le-creuset-bistecchiera-skillet-quadrata-evolution-26x26-cm-blu-caribe.png","type":"","width":"","height":""},{"url":"https:\/\/interpim.erresse-shop.it\/Import\/Prodotti\/le-creuset-bistecchiera-skillet-quadrata-evolution-26x26-cm-blu-caribe.png","width":1024,"height":1024,"type":"image\/jpeg"}],"twitter_card":"summary_large_image","twitter_image":"https:\/\/interpim.erresse-shop.it\/Import\/Prodotti\/le-creuset-bistecchiera-skillet-quadrata-evolution-26x26-cm-blu-caribe.png","schema":{"@context":"https:\/\/schema.org","@graph":[{"@type":"WebPage","@id":"https:\/\/dev6.erresse-shop.it\/fr\/shop\/poeles-pots\/grils-a-steak\/le-creuset-skillet-carre-en-fonte-emaillee-26-x-26-cm-bleu-caraibes\/","url":"https:\/\/dev6.erresse-shop.it\/fr\/shop\/poeles-pots\/grils-a-steak\/le-creuset-skillet-carre-en-fonte-emaillee-26-x-26-cm-bleu-caraibes\/","name":"LE CREUSET Skillet carr\u00e9 en fonte \u00e9maill\u00e9e 26 x 26 cm Bleu Caraibes - dev6 Erresse","isPartOf":{"@id":"https:\/\/dev6.erresse-shop.it\/#website"},"primaryImageOfPage":{"@id":"https:\/\/dev6.erresse-shop.it\/fr\/shop\/poeles-pots\/grils-a-steak\/le-creuset-skillet-carre-en-fonte-emaillee-26-x-26-cm-bleu-caraibes\/#primaryimage"},"image":{"@id":"https:\/\/dev6.erresse-shop.it\/fr\/shop\/poeles-pots\/grils-a-steak\/le-creuset-skillet-carre-en-fonte-emaillee-26-x-26-cm-bleu-caraibes\/#primaryimage"},"thumbnailUrl":"https:\/\/i1.wp.com\/interpim.erresse-shop.it\/Import\/Prodotti\/le-creuset-bistecchiera-skillet-quadrata-evolution-26x26-cm-blu-caribe.png?ssl=1","datePublished":"2026-04-04T06:19:43+00:00","description":"\u2013 Fonte \u00e9maill\u00e9e \u2013 Manche gain de place &amp; Cuisson au four \u2013 Skillet de forme ergonomique muni d\u2019un manche en fonte qui passe de la plaque au four et","breadcrumb":{"@id":"https:\/\/dev6.erresse-shop.it\/fr\/shop\/poeles-pots\/grils-a-steak\/le-creuset-skillet-carre-en-fonte-emaillee-26-x-26-cm-bleu-caraibes\/#breadcrumb"},"inLanguage":"fr-FR","potentialAction":[{"@type":"ReadAction","target":["https:\/\/dev6.erresse-shop.it\/fr\/shop\/poeles-pots\/grils-a-steak\/le-creuset-skillet-carre-en-fonte-emaillee-26-x-26-cm-bleu-caraibes\/"]}]},{"@type":"ImageObject","inLanguage":"fr-FR","@id":"https:\/\/dev6.erresse-shop.it\/fr\/shop\/poeles-pots\/grils-a-steak\/le-creuset-skillet-carre-en-fonte-emaillee-26-x-26-cm-bleu-caraibes\/#primaryimage","url":"https:\/\/i1.wp.com\/interpim.erresse-shop.it\/Import\/Prodotti\/le-creuset-bistecchiera-skillet-quadrata-evolution-26x26-cm-blu-caribe.png?ssl=1","contentUrl":"https:\/\/i1.wp.com\/interpim.erresse-shop.it\/Import\/Prodotti\/le-creuset-bistecchiera-skillet-quadrata-evolution-26x26-cm-blu-caribe.png?ssl=1"},{"@type":"BreadcrumbList","@id":"https:\/\/dev6.erresse-shop.it\/fr\/shop\/poeles-pots\/grils-a-steak\/le-creuset-skillet-carre-en-fonte-emaillee-26-x-26-cm-bleu-caraibes\/#breadcrumb","itemListElement":[{"@type":"ListItem","position":1,"name":"Home","item":"https:\/\/dev6.erresse-shop.it\/"},{"@type":"ListItem","position":2,"name":"Boutique","item":"https:\/\/dev6.erresse-shop.it\/shop\/"},{"@type":"ListItem","position":3,"name":"LE CREUSET Skillet carr\u00e9 en fonte \u00e9maill\u00e9e 26 x 26 cm Bleu Caraibes"}]},{"@type":"WebSite","@id":"https:\/\/dev6.erresse-shop.it\/#website","url":"https:\/\/dev6.erresse-shop.it\/","name":"Erresse Shop","description":"","publisher":{"@id":"https:\/\/dev6.erresse-shop.it\/#organization"},"potentialAction":[{"@type":"SearchAction","target":{"@type":"EntryPoint","urlTemplate":"https:\/\/dev6.erresse-shop.it\/?s={search_term_string}"},"query-input":{"@type":"PropertyValueSpecification","valueRequired":true,"valueName":"search_term_string"}}],"inLanguage":"fr-FR"},{"@type":"Organization","@id":"https:\/\/dev6.erresse-shop.it\/#organization","name":"Erresse Shop","url":"https:\/\/dev6.erresse-shop.it\/","logo":{"@type":"ImageObject","inLanguage":"fr-FR","@id":"https:\/\/dev6.erresse-shop.it\/#\/schema\/logo\/image\/","url":"https:\/\/dev6.erresse-shop.it\/wp-content\/uploads\/2025\/01\/LOGO-ERRESSE-CLASSICO.svg","contentUrl":"https:\/\/dev6.erresse-shop.it\/wp-content\/uploads\/2025\/01\/LOGO-ERRESSE-CLASSICO.svg","caption":"Erresse Shop"},"image":{"@id":"https:\/\/dev6.erresse-shop.it\/#\/schema\/logo\/image\/"}}]}},"df_price":154.9,"df_sale_price":154.9,"df_regular_price":185,"df_image_link":"https:\/\/i1.wp.com\/interpim.erresse-shop.it\/Import\/Prodotti\/le-creuset-bistecchiera-skillet-quadrata-evolution-26x26-cm-blu-caribe.png?resize=300,300&ssl=1","fifu_image_url":"https:\/\/interpim.erresse-shop.it\/Import\/Prodotti\/le-creuset-bistecchiera-skillet-quadrata-evolution-26x26-cm-blu-caribe.png","_links":{"self":[{"href":"https:\/\/dev6.erresse-shop.it\/fr\/wp-json\/wp\/v2\/product\/58143","targetHints":{"allow":["GET"]}}],"collection":[{"href":"https:\/\/dev6.erresse-shop.it\/fr\/wp-json\/wp\/v2\/product"}],"about":[{"href":"https:\/\/dev6.erresse-shop.it\/fr\/wp-json\/wp\/v2\/types\/product"}],"wp:featuredmedia":[{"embeddable":true,"href":"https:\/\/dev6.erresse-shop.it\/fr\/wp-json\/wp\/v2\/media\/6263716"}],"wp:attachment":[{"href":"https:\/\/dev6.erresse-shop.it\/fr\/wp-json\/wp\/v2\/media?parent=58143"}],"wp:term":[{"taxonomy":"product_cat","embeddable":true,"href":"https:\/\/dev6.erresse-shop.it\/fr\/wp-json\/wp\/v2\/product_cat?post=58143"},{"taxonomy":"product_tag","embeddable":true,"href":"https:\/\/dev6.erresse-shop.it\/fr\/wp-json\/wp\/v2\/product_tag?post=58143"}],"curies":[{"name":"wp","href":"https:\/\/api.w.org\/{rel}","templated":true}]}}