{"id":58117,"date":"2026-04-21T01:36:49","date_gmt":"2026-04-20T23:36:49","guid":{"rendered":"https:\/\/dev6.erresse-shop.it\/shop\/non%20class\u00e9\/marcato-machine-pates-fraiches\/"},"modified":"2025-09-14T04:07:19","modified_gmt":"2025-09-14T02:07:19","slug":"marcato-machine-pates-fraiches","status":"publish","type":"product","link":"https:\/\/dev6.erresse-shop.it\/fr\/shop\/cuisine\/machines-pour-pates\/marcato-machine-pates-fraiches\/","title":{"rendered":"MARCATO Machine P\u00e2tes Fra\u00eeches"},"content":{"rendered":"<p>P\u00e9trit le pain, la pizza et les p\u00e2tes en 3 minutes. Le seul batteur qui p\u00e9trit comme \u00e0 la main. P\u00e9trit jusqu\u2019\u00e0 750 g. Raccord \u00e0 ba\u00efonnette compatible avec les accessoires marqu\u00e9s pour les p\u00e2tes fra\u00eeches.<\/p>\n<p>Rapide, compact et multifonctionnel. Pasta Fresca est l\u2019extraordinaire m\u00e9langeur Marcato con\u00e7u pour faire la p\u00e2te parfaite pour les p\u00e2tes, le pain, la pizza \u00e0 la maison.<br \/>\nEn seulement 3 minutes, Pasta Mixer est capable de p\u00e9trir 500g de farine (750g de p\u00e2te totale avec l\u2019ajout de tous les ingr\u00e9dients) avec le m\u00eame r\u00e9sultat qui serait obtenu \u00e0 la main: une p\u00e2te compacte, \u00e9lastique et homog\u00e8ne.<br \/>\nLa polyvalence du Pasta Fresca est exceptionnelle, gr\u00e2ce \u00e0 l\u2019accouplement \u00e0 ba\u00efonnette compatible avec les accessoires Marcato pour p\u00e2tes fra\u00eeches inclus dans le paquet.<br \/>\nLe manuel d\u2019instructions pratiques et le livre de recettes pour les p\u00e2tes, le pain, la pizza et les biscuits sont inclus dans l\u2019emballage. Pasta Fresca est un produit original Marcato, enti\u00e8rement fabriqu\u00e9 en Italie.Depuis 1930, les produits Marcato sont pr\u00e9sents dans les cuisines de tous ceux qui ont red\u00e9couvert le plaisir d\u2019une alimentation saine et authentique.<br \/>\nUn authentique \u201cMade in Italy\u201d qui se distingue par son style dans la conception, la qualit\u00e9 des d\u00e9tails et la durabilit\u00e9.<\/p>\n<p>Contenu de l\u2019emballage M\u00e9langeur \u00e0 p\u00e2tes:<\/p>\n<p>AE-150-SFO: accessoire de feuille de p\u00e2tisserie<br \/>\nAE-150-TAG: accessoire pour nouilles<br \/>\nAE-150-FET: accessoire pour fettuccine<br \/>\nCordon d\u2019alimentation; Manuel avec livre de recettes<\/p>\n<p>Pas \u00e0 vendre hors EUROPE<\/p>\n","protected":false},"excerpt":{"rendered":"<p>P\u00e9trit le pain, la pizza et les p\u00e2tes en 3 minutes. Le seul batteur qui p\u00e9trit comme \u00e0 la main. P\u00e9trit jusqu\u2019\u00e0 750 g. Raccord \u00e0 ba\u00efonnette compatible avec les accessoires marqu\u00e9s pour les p\u00e2tes fra\u00eeches. Rapide, compact et multifonctionnel. Pasta Fresca est l\u2019extraordinaire m\u00e9langeur Marcato con\u00e7u pour faire la p\u00e2te parfaite pour les p\u00e2tes, [&hellip;]<\/p>\n","protected":false},"featured_media":6485838,"template":"","meta":{"_acf_changed":false},"product_cat":[11668,11992,12052],"product_tag":[],"class_list":{"0":"post-58117","1":"product","2":"type-product","3":"status-publish","4":"has-post-thumbnail","6":"product_cat-cucina","7":"product_cat-cuisine","8":"product_cat-machines-pour-pates","10":"first","11":"outofstock","12":"sale","13":"taxable","14":"shipping-taxable","15":"purchasable","16":"product-type-simple","swatches":"rey-swatches","show_selected":"","stretch_labels":"rey-swatches--stretch-labels"},"acf":[],"yoast_head":"<!-- This site is optimized with the Yoast SEO plugin v25.4 - https:\/\/yoast.com\/wordpress\/plugins\/seo\/ -->\n<title>MARCATO Machine P\u00e2tes Fra\u00eeches - dev6 Erresse<\/title>\n<meta name=\"description\" content=\"P\u00e9trit le pain, la pizza et les p\u00e2tes en 3 minutes. Le seul batteur qui p\u00e9trit comme \u00e0 la main. P\u00e9trit jusqu\u2019\u00e0 750 g. Raccord \u00e0 ba\u00efonnette compatible avec\" \/>\n<meta name=\"robots\" content=\"noindex, follow, max-snippet:-1, max-image-preview:large, max-video-preview:-1\" \/>\n<meta property=\"og:locale\" content=\"fr_FR\" \/>\n<meta property=\"og:type\" content=\"article\" \/>\n<meta property=\"og:title\" content=\"MARCATO Machine P\u00e2tes Fra\u00eeches - dev6 Erresse\" \/>\n<meta property=\"og:description\" content=\"P\u00e9trit le pain, la pizza et les p\u00e2tes en 3 minutes. Le seul batteur qui p\u00e9trit comme \u00e0 la main. P\u00e9trit jusqu\u2019\u00e0 750 g. Raccord \u00e0 ba\u00efonnette compatible avec\" \/>\n<meta property=\"og:url\" content=\"https:\/\/dev6.erresse-shop.it\/fr\/shop\/cuisine\/machines-pour-pates\/marcato-machine-pates-fraiches\/\" \/>\n<meta property=\"og:site_name\" content=\"dev6 Erresse\" \/>\n<meta property=\"og:image\" content=\"https:\/\/interpim.erresse-shop.it\/Import\/Prodotti\/marcato-macchina-per-pasta-elettrica.jpg\" \/><meta property=\"og:image\" content=\"https:\/\/interpim.erresse-shop.it\/Import\/Prodotti\/marcato-macchina-per-pasta-elettrica.jpg\" \/>\n\t<meta property=\"og:image:width\" content=\"1024\" \/>\n\t<meta property=\"og:image:height\" content=\"1024\" \/>\n\t<meta property=\"og:image:type\" content=\"image\/jpeg\" \/>\n<meta name=\"twitter:card\" content=\"summary_large_image\" \/>\n<meta name=\"twitter:image\" content=\"https:\/\/interpim.erresse-shop.it\/Import\/Prodotti\/marcato-macchina-per-pasta-elettrica.jpg\" \/>\n<script type=\"application\/ld+json\" class=\"yoast-schema-graph\">{\"@context\":\"https:\/\/schema.org\",\"@graph\":[{\"@type\":\"WebPage\",\"@id\":\"https:\/\/dev6.erresse-shop.it\/fr\/shop\/cuisine\/machines-pour-pates\/marcato-machine-pates-fraiches\/\",\"url\":\"https:\/\/dev6.erresse-shop.it\/fr\/shop\/cuisine\/machines-pour-pates\/marcato-machine-pates-fraiches\/\",\"name\":\"MARCATO Machine P\u00e2tes Fra\u00eeches - dev6 Erresse\",\"isPartOf\":{\"@id\":\"https:\/\/dev6.erresse-shop.it\/#website\"},\"primaryImageOfPage\":{\"@id\":\"https:\/\/dev6.erresse-shop.it\/fr\/shop\/cuisine\/machines-pour-pates\/marcato-machine-pates-fraiches\/#primaryimage\"},\"image\":{\"@id\":\"https:\/\/dev6.erresse-shop.it\/fr\/shop\/cuisine\/machines-pour-pates\/marcato-machine-pates-fraiches\/#primaryimage\"},\"thumbnailUrl\":\"https:\/\/i0.wp.com\/interpim.erresse-shop.it\/Import\/Prodotti\/marcato-macchina-per-pasta-elettrica.jpg?ssl=1\",\"datePublished\":\"2026-04-20T23:36:49+00:00\",\"description\":\"P\u00e9trit le pain, la pizza et les p\u00e2tes en 3 minutes. Le seul batteur qui p\u00e9trit comme \u00e0 la main. P\u00e9trit jusqu\u2019\u00e0 750 g. Raccord \u00e0 ba\u00efonnette compatible avec\",\"breadcrumb\":{\"@id\":\"https:\/\/dev6.erresse-shop.it\/fr\/shop\/cuisine\/machines-pour-pates\/marcato-machine-pates-fraiches\/#breadcrumb\"},\"inLanguage\":\"fr-FR\",\"potentialAction\":[{\"@type\":\"ReadAction\",\"target\":[\"https:\/\/dev6.erresse-shop.it\/fr\/shop\/cuisine\/machines-pour-pates\/marcato-machine-pates-fraiches\/\"]}]},{\"@type\":\"ImageObject\",\"inLanguage\":\"fr-FR\",\"@id\":\"https:\/\/dev6.erresse-shop.it\/fr\/shop\/cuisine\/machines-pour-pates\/marcato-machine-pates-fraiches\/#primaryimage\",\"url\":\"https:\/\/i0.wp.com\/interpim.erresse-shop.it\/Import\/Prodotti\/marcato-macchina-per-pasta-elettrica.jpg?ssl=1\",\"contentUrl\":\"https:\/\/i0.wp.com\/interpim.erresse-shop.it\/Import\/Prodotti\/marcato-macchina-per-pasta-elettrica.jpg?ssl=1\"},{\"@type\":\"BreadcrumbList\",\"@id\":\"https:\/\/dev6.erresse-shop.it\/fr\/shop\/cuisine\/machines-pour-pates\/marcato-machine-pates-fraiches\/#breadcrumb\",\"itemListElement\":[{\"@type\":\"ListItem\",\"position\":1,\"name\":\"Home\",\"item\":\"https:\/\/dev6.erresse-shop.it\/\"},{\"@type\":\"ListItem\",\"position\":2,\"name\":\"Boutique\",\"item\":\"https:\/\/dev6.erresse-shop.it\/shop\/\"},{\"@type\":\"ListItem\",\"position\":3,\"name\":\"MARCATO Machine P\u00e2tes Fra\u00eeches\"}]},{\"@type\":\"WebSite\",\"@id\":\"https:\/\/dev6.erresse-shop.it\/#website\",\"url\":\"https:\/\/dev6.erresse-shop.it\/\",\"name\":\"Erresse Shop\",\"description\":\"\",\"publisher\":{\"@id\":\"https:\/\/dev6.erresse-shop.it\/#organization\"},\"potentialAction\":[{\"@type\":\"SearchAction\",\"target\":{\"@type\":\"EntryPoint\",\"urlTemplate\":\"https:\/\/dev6.erresse-shop.it\/?s={search_term_string}\"},\"query-input\":{\"@type\":\"PropertyValueSpecification\",\"valueRequired\":true,\"valueName\":\"search_term_string\"}}],\"inLanguage\":\"fr-FR\"},{\"@type\":\"Organization\",\"@id\":\"https:\/\/dev6.erresse-shop.it\/#organization\",\"name\":\"Erresse Shop\",\"url\":\"https:\/\/dev6.erresse-shop.it\/\",\"logo\":{\"@type\":\"ImageObject\",\"inLanguage\":\"fr-FR\",\"@id\":\"https:\/\/dev6.erresse-shop.it\/#\/schema\/logo\/image\/\",\"url\":\"https:\/\/dev6.erresse-shop.it\/wp-content\/uploads\/2025\/01\/LOGO-ERRESSE-CLASSICO.svg\",\"contentUrl\":\"https:\/\/dev6.erresse-shop.it\/wp-content\/uploads\/2025\/01\/LOGO-ERRESSE-CLASSICO.svg\",\"caption\":\"Erresse Shop\"},\"image\":{\"@id\":\"https:\/\/dev6.erresse-shop.it\/#\/schema\/logo\/image\/\"}}]}<\/script>\n<!-- \/ Yoast SEO plugin. -->","yoast_head_json":{"title":"MARCATO Machine P\u00e2tes Fra\u00eeches - dev6 Erresse","description":"P\u00e9trit le pain, la pizza et les p\u00e2tes en 3 minutes. Le seul batteur qui p\u00e9trit comme \u00e0 la main. P\u00e9trit jusqu\u2019\u00e0 750 g. Raccord \u00e0 ba\u00efonnette compatible avec","robots":{"index":"noindex","follow":"follow","max-snippet":"max-snippet:-1","max-image-preview":"max-image-preview:large","max-video-preview":"max-video-preview:-1"},"og_locale":"fr_FR","og_type":"article","og_title":"MARCATO Machine P\u00e2tes Fra\u00eeches - dev6 Erresse","og_description":"P\u00e9trit le pain, la pizza et les p\u00e2tes en 3 minutes. Le seul batteur qui p\u00e9trit comme \u00e0 la main. P\u00e9trit jusqu\u2019\u00e0 750 g. Raccord \u00e0 ba\u00efonnette compatible avec","og_url":"https:\/\/dev6.erresse-shop.it\/fr\/shop\/cuisine\/machines-pour-pates\/marcato-machine-pates-fraiches\/","og_site_name":"dev6 Erresse","og_image":[{"url":"https:\/\/interpim.erresse-shop.it\/Import\/Prodotti\/marcato-macchina-per-pasta-elettrica.jpg","type":"","width":"","height":""},{"url":"https:\/\/interpim.erresse-shop.it\/Import\/Prodotti\/marcato-macchina-per-pasta-elettrica.jpg","width":1024,"height":1024,"type":"image\/jpeg"}],"twitter_card":"summary_large_image","twitter_image":"https:\/\/interpim.erresse-shop.it\/Import\/Prodotti\/marcato-macchina-per-pasta-elettrica.jpg","schema":{"@context":"https:\/\/schema.org","@graph":[{"@type":"WebPage","@id":"https:\/\/dev6.erresse-shop.it\/fr\/shop\/cuisine\/machines-pour-pates\/marcato-machine-pates-fraiches\/","url":"https:\/\/dev6.erresse-shop.it\/fr\/shop\/cuisine\/machines-pour-pates\/marcato-machine-pates-fraiches\/","name":"MARCATO Machine P\u00e2tes Fra\u00eeches - dev6 Erresse","isPartOf":{"@id":"https:\/\/dev6.erresse-shop.it\/#website"},"primaryImageOfPage":{"@id":"https:\/\/dev6.erresse-shop.it\/fr\/shop\/cuisine\/machines-pour-pates\/marcato-machine-pates-fraiches\/#primaryimage"},"image":{"@id":"https:\/\/dev6.erresse-shop.it\/fr\/shop\/cuisine\/machines-pour-pates\/marcato-machine-pates-fraiches\/#primaryimage"},"thumbnailUrl":"https:\/\/i0.wp.com\/interpim.erresse-shop.it\/Import\/Prodotti\/marcato-macchina-per-pasta-elettrica.jpg?ssl=1","datePublished":"2026-04-20T23:36:49+00:00","description":"P\u00e9trit le pain, la pizza et les p\u00e2tes en 3 minutes. Le seul batteur qui p\u00e9trit comme \u00e0 la main. P\u00e9trit jusqu\u2019\u00e0 750 g. Raccord \u00e0 ba\u00efonnette compatible avec","breadcrumb":{"@id":"https:\/\/dev6.erresse-shop.it\/fr\/shop\/cuisine\/machines-pour-pates\/marcato-machine-pates-fraiches\/#breadcrumb"},"inLanguage":"fr-FR","potentialAction":[{"@type":"ReadAction","target":["https:\/\/dev6.erresse-shop.it\/fr\/shop\/cuisine\/machines-pour-pates\/marcato-machine-pates-fraiches\/"]}]},{"@type":"ImageObject","inLanguage":"fr-FR","@id":"https:\/\/dev6.erresse-shop.it\/fr\/shop\/cuisine\/machines-pour-pates\/marcato-machine-pates-fraiches\/#primaryimage","url":"https:\/\/i0.wp.com\/interpim.erresse-shop.it\/Import\/Prodotti\/marcato-macchina-per-pasta-elettrica.jpg?ssl=1","contentUrl":"https:\/\/i0.wp.com\/interpim.erresse-shop.it\/Import\/Prodotti\/marcato-macchina-per-pasta-elettrica.jpg?ssl=1"},{"@type":"BreadcrumbList","@id":"https:\/\/dev6.erresse-shop.it\/fr\/shop\/cuisine\/machines-pour-pates\/marcato-machine-pates-fraiches\/#breadcrumb","itemListElement":[{"@type":"ListItem","position":1,"name":"Home","item":"https:\/\/dev6.erresse-shop.it\/"},{"@type":"ListItem","position":2,"name":"Boutique","item":"https:\/\/dev6.erresse-shop.it\/shop\/"},{"@type":"ListItem","position":3,"name":"MARCATO Machine P\u00e2tes Fra\u00eeches"}]},{"@type":"WebSite","@id":"https:\/\/dev6.erresse-shop.it\/#website","url":"https:\/\/dev6.erresse-shop.it\/","name":"Erresse Shop","description":"","publisher":{"@id":"https:\/\/dev6.erresse-shop.it\/#organization"},"potentialAction":[{"@type":"SearchAction","target":{"@type":"EntryPoint","urlTemplate":"https:\/\/dev6.erresse-shop.it\/?s={search_term_string}"},"query-input":{"@type":"PropertyValueSpecification","valueRequired":true,"valueName":"search_term_string"}}],"inLanguage":"fr-FR"},{"@type":"Organization","@id":"https:\/\/dev6.erresse-shop.it\/#organization","name":"Erresse Shop","url":"https:\/\/dev6.erresse-shop.it\/","logo":{"@type":"ImageObject","inLanguage":"fr-FR","@id":"https:\/\/dev6.erresse-shop.it\/#\/schema\/logo\/image\/","url":"https:\/\/dev6.erresse-shop.it\/wp-content\/uploads\/2025\/01\/LOGO-ERRESSE-CLASSICO.svg","contentUrl":"https:\/\/dev6.erresse-shop.it\/wp-content\/uploads\/2025\/01\/LOGO-ERRESSE-CLASSICO.svg","caption":"Erresse Shop"},"image":{"@id":"https:\/\/dev6.erresse-shop.it\/#\/schema\/logo\/image\/"}}]}},"df_price":299.95,"df_sale_price":299.95,"df_regular_price":492.9,"df_image_link":"https:\/\/i0.wp.com\/interpim.erresse-shop.it\/Import\/Prodotti\/marcato-macchina-per-pasta-elettrica.jpg?resize=300,300&ssl=1","fifu_image_url":"https:\/\/interpim.erresse-shop.it\/Import\/Prodotti\/marcato-macchina-per-pasta-elettrica.jpg","_links":{"self":[{"href":"https:\/\/dev6.erresse-shop.it\/fr\/wp-json\/wp\/v2\/product\/58117","targetHints":{"allow":["GET"]}}],"collection":[{"href":"https:\/\/dev6.erresse-shop.it\/fr\/wp-json\/wp\/v2\/product"}],"about":[{"href":"https:\/\/dev6.erresse-shop.it\/fr\/wp-json\/wp\/v2\/types\/product"}],"wp:featuredmedia":[{"embeddable":true,"href":"https:\/\/dev6.erresse-shop.it\/fr\/wp-json\/wp\/v2\/media\/6485838"}],"wp:attachment":[{"href":"https:\/\/dev6.erresse-shop.it\/fr\/wp-json\/wp\/v2\/media?parent=58117"}],"wp:term":[{"taxonomy":"product_cat","embeddable":true,"href":"https:\/\/dev6.erresse-shop.it\/fr\/wp-json\/wp\/v2\/product_cat?post=58117"},{"taxonomy":"product_tag","embeddable":true,"href":"https:\/\/dev6.erresse-shop.it\/fr\/wp-json\/wp\/v2\/product_tag?post=58117"}],"curies":[{"name":"wp","href":"https:\/\/api.w.org\/{rel}","templated":true}]}}