{"id":58101,"date":"2026-04-04T08:18:59","date_gmt":"2026-04-04T06:18:59","guid":{"rendered":"https:\/\/dev6.erresse-shop.it\/shop\/non%20class\u00e9\/smeg-machine-a-cafe-esthetique-annees-50-inox-brosse\/"},"modified":"2025-07-04T15:52:37","modified_gmt":"2025-07-04T13:52:37","slug":"smeg-machine-a-cafe-esthetique-annees-50-inox-brosse","status":"publish","type":"product","link":"https:\/\/dev6.erresse-shop.it\/fr\/shop\/petits-electromenagers\/machines-cafe\/a-filtre\/smeg-machine-a-cafe-esthetique-annees-50-inox-brosse\/","title":{"rendered":"SMEG Machine \u00e0 caf\u00e9 Esth\u00e9tique Ann\u00e9es &#8217;50 Inox bross\u00e9"},"content":{"rendered":"<p>TYPE<br \/>\nType: Filtre<br \/>\nPuissance: 1050 W<\/p>\n<p>ESTH\u00c9TIQUE<br \/>\nEsth\u00e9tique: Ann\u00e9es 50<br \/>\nMat\u00e9riau du corps: Inox \/plastique<br \/>\nMat\u00e9riau carafe: Verre<br \/>\nMat\u00e9riau de la poign\u00e9e de la carafe: Plastique<br \/>\nMat\u00e9riau du couvercle de la carafe: Plastique<br \/>\nCouleur Poign\u00e9e carafe: Gris \/ Chrom\u00e9<br \/>\nCouleur couvercle carafe: Gris<br \/>\nCouleur de la base: Chrom\u00e9 brillant<br \/>\nMat\u00e9riau de la base: Plastique<br \/>\nMat\u00e9riau support filtre: Plastique<br \/>\nMat\u00e9riau base chauffante: Inox<br \/>\nMat\u00e9riau du filtre permanent: Inox \/ Plastique<br \/>\nCouleur du filtre permanent: Gris<br \/>\nMat\u00e9riau levier vapeur \/ eau chaude: Alliage de zinc<\/p>\n<p>COMMANDES<br \/>\nType de commandes: Touches, Levier<br \/>\nAfficheur: Oui<br \/>\nNombre touches: 4<br \/>\nCouleur touches: Silver<br \/>\nMat\u00e9riau touches: Plastique<\/p>\n<p>PROGRAMMES \/ FONCTIONS<br \/>\nIntensit\u00e9 de caf\u00e9 r\u00e9glable: 2 niveaux(L\u00e9ger ou intense)<br \/>\nFonction 4 tasses: Oui<br \/>\nMode maintien au chaud: Oui, automatique<br \/>\nDur\u00e9e maintien au chaud: 40 minutes<br \/>\nProgrammation d\u2019allumage automatique: Oui<br \/>\nAlarme sonore \u00e0 la fin de l\u2019\u00e9rogation: En option<br \/>\nDuret\u00e9 de l\u2019eau programmable: l\u00e9g\u00e8re\/moyenne\/dure<br \/>\nIndicateur D\u00e9tartrage: Oui<\/p>\n<p>CARACT\u00c9RISTIQUES TECHNIQUES<br \/>\nCapacit\u00e9 du r\u00e9servoir d\u2019eau: 1.4 l<br \/>\nCapacit\u00e9 carafe: 1.25 l<br \/>\nCapacit\u00e9: 10 tasses<br \/>\nIndicateur du niveau de l\u2019eau: Oui<br \/>\nSyst\u00e8me de chauffe: R\u00e9sistance \u00e9lectrique<br \/>\nBase antid\u00e9rapante: Oui<br \/>\nSyst\u00e8me ant-gouttes: Oui<\/p>\n<p>RACCORDEMENT \u00c9LECTRIQUE<br \/>\nType de prise: Schuko<br \/>\nTension: 220-240 V<br \/>\nFr\u00e9quence: 50\/60 Hz<br \/>\nLongueur du c\u00e2ble: 1 m<\/p>\n<p>INFORMATIONS LOGISTIQUES<br \/>\nDimensions externes (H x L x P): 361x245x256 mm<br \/>\nPoids net: 3.400 kg<br \/>\nPoids brut: 5.400 kg<br \/>\nProfondeur du produit emball\u00e9: 291 mm<br \/>\nLargeur du produit emball\u00e9: 325 mm<br \/>\nHauteur du produit emball\u00e9: 437 mm<\/p>\n<p>ACCESSOIRES FOURNIS<br \/>\nCuill\u00e8re doseuse: Oui<\/p>\n","protected":false},"excerpt":{"rendered":"<p>TYPE Type: Filtre Puissance: 1050 W ESTH\u00c9TIQUE Esth\u00e9tique: Ann\u00e9es 50 Mat\u00e9riau du corps: Inox \/plastique Mat\u00e9riau carafe: Verre Mat\u00e9riau de la poign\u00e9e de la carafe: Plastique Mat\u00e9riau du couvercle de la carafe: Plastique Couleur Poign\u00e9e carafe: Gris \/ Chrom\u00e9 Couleur couvercle carafe: Gris Couleur de la base: Chrom\u00e9 brillant Mat\u00e9riau de la base: Plastique Mat\u00e9riau [&hellip;]<\/p>\n","protected":false},"featured_media":6263336,"template":"","meta":{"_acf_changed":false},"product_cat":[12082,11758,12063,12055],"product_tag":[],"class_list":{"0":"post-58101","1":"product","2":"type-product","3":"status-publish","4":"has-post-thumbnail","6":"product_cat-a-filtre","7":"product_cat-con-filtro","8":"product_cat-machines-cafe","9":"product_cat-petits-electromenagers","11":"first","12":"outofstock","13":"sale","14":"taxable","15":"shipping-taxable","16":"purchasable","17":"product-type-simple","swatches":"rey-swatches","show_selected":"","stretch_labels":"rey-swatches--stretch-labels"},"acf":[],"yoast_head":"<!-- This site is optimized with the Yoast SEO plugin v25.4 - https:\/\/yoast.com\/wordpress\/plugins\/seo\/ -->\n<title>SMEG Machine \u00e0 caf\u00e9 Esth\u00e9tique Ann\u00e9es &#8217;50 Inox bross\u00e9 - dev6 Erresse<\/title>\n<meta name=\"description\" content=\"TYPE Type: Filtre Puissance: 1050 W ESTH\u00c9TIQUE Esth\u00e9tique: Ann\u00e9es 50 Mat\u00e9riau du corps: Inox \/plastique Mat\u00e9riau carafe: Verre Mat\u00e9riau de la poign\u00e9e de\" \/>\n<meta name=\"robots\" content=\"noindex, follow, max-snippet:-1, max-image-preview:large, max-video-preview:-1\" \/>\n<meta property=\"og:locale\" content=\"fr_FR\" \/>\n<meta property=\"og:type\" content=\"article\" \/>\n<meta property=\"og:title\" content=\"SMEG Machine \u00e0 caf\u00e9 Esth\u00e9tique Ann\u00e9es &#8217;50 Inox bross\u00e9 - dev6 Erresse\" \/>\n<meta property=\"og:description\" content=\"TYPE Type: Filtre Puissance: 1050 W ESTH\u00c9TIQUE Esth\u00e9tique: Ann\u00e9es 50 Mat\u00e9riau du corps: Inox \/plastique Mat\u00e9riau carafe: Verre Mat\u00e9riau de la poign\u00e9e de\" \/>\n<meta property=\"og:url\" content=\"https:\/\/dev6.erresse-shop.it\/fr\/shop\/petits-electromenagers\/machines-cafe\/a-filtre\/smeg-machine-a-cafe-esthetique-annees-50-inox-brosse\/\" \/>\n<meta property=\"og:site_name\" content=\"dev6 Erresse\" \/>\n<meta property=\"og:image\" content=\"https:\/\/interpim.erresse-shop.it\/Import\/Prodotti\/smeg-estetica-anni-50-macchina-da-caffe-filtro-acciaio-inox.jpg\" \/><meta property=\"og:image\" content=\"https:\/\/interpim.erresse-shop.it\/Import\/Prodotti\/smeg-estetica-anni-50-macchina-da-caffe-filtro-acciaio-inox.jpg\" \/>\n\t<meta property=\"og:image:width\" content=\"1024\" \/>\n\t<meta property=\"og:image:height\" content=\"1024\" \/>\n\t<meta property=\"og:image:type\" content=\"image\/jpeg\" \/>\n<meta name=\"twitter:card\" content=\"summary_large_image\" \/>\n<meta name=\"twitter:image\" content=\"https:\/\/interpim.erresse-shop.it\/Import\/Prodotti\/smeg-estetica-anni-50-macchina-da-caffe-filtro-acciaio-inox.jpg\" \/>\n<script type=\"application\/ld+json\" class=\"yoast-schema-graph\">{\"@context\":\"https:\/\/schema.org\",\"@graph\":[{\"@type\":\"WebPage\",\"@id\":\"https:\/\/dev6.erresse-shop.it\/fr\/shop\/petits-electromenagers\/machines-cafe\/a-filtre\/smeg-machine-a-cafe-esthetique-annees-50-inox-brosse\/\",\"url\":\"https:\/\/dev6.erresse-shop.it\/fr\/shop\/petits-electromenagers\/machines-cafe\/a-filtre\/smeg-machine-a-cafe-esthetique-annees-50-inox-brosse\/\",\"name\":\"SMEG Machine \u00e0 caf\u00e9 Esth\u00e9tique Ann\u00e9es &#8217;50 Inox bross\u00e9 - dev6 Erresse\",\"isPartOf\":{\"@id\":\"https:\/\/dev6.erresse-shop.it\/#website\"},\"primaryImageOfPage\":{\"@id\":\"https:\/\/dev6.erresse-shop.it\/fr\/shop\/petits-electromenagers\/machines-cafe\/a-filtre\/smeg-machine-a-cafe-esthetique-annees-50-inox-brosse\/#primaryimage\"},\"image\":{\"@id\":\"https:\/\/dev6.erresse-shop.it\/fr\/shop\/petits-electromenagers\/machines-cafe\/a-filtre\/smeg-machine-a-cafe-esthetique-annees-50-inox-brosse\/#primaryimage\"},\"thumbnailUrl\":\"https:\/\/i1.wp.com\/interpim.erresse-shop.it\/Import\/Prodotti\/smeg-estetica-anni-50-macchina-da-caffe-filtro-acciaio-inox.jpg?ssl=1\",\"datePublished\":\"2026-04-04T06:18:59+00:00\",\"description\":\"TYPE Type: Filtre Puissance: 1050 W ESTH\u00c9TIQUE Esth\u00e9tique: Ann\u00e9es 50 Mat\u00e9riau du corps: Inox \/plastique Mat\u00e9riau carafe: Verre Mat\u00e9riau de la poign\u00e9e de\",\"breadcrumb\":{\"@id\":\"https:\/\/dev6.erresse-shop.it\/fr\/shop\/petits-electromenagers\/machines-cafe\/a-filtre\/smeg-machine-a-cafe-esthetique-annees-50-inox-brosse\/#breadcrumb\"},\"inLanguage\":\"fr-FR\",\"potentialAction\":[{\"@type\":\"ReadAction\",\"target\":[\"https:\/\/dev6.erresse-shop.it\/fr\/shop\/petits-electromenagers\/machines-cafe\/a-filtre\/smeg-machine-a-cafe-esthetique-annees-50-inox-brosse\/\"]}]},{\"@type\":\"ImageObject\",\"inLanguage\":\"fr-FR\",\"@id\":\"https:\/\/dev6.erresse-shop.it\/fr\/shop\/petits-electromenagers\/machines-cafe\/a-filtre\/smeg-machine-a-cafe-esthetique-annees-50-inox-brosse\/#primaryimage\",\"url\":\"https:\/\/i1.wp.com\/interpim.erresse-shop.it\/Import\/Prodotti\/smeg-estetica-anni-50-macchina-da-caffe-filtro-acciaio-inox.jpg?ssl=1\",\"contentUrl\":\"https:\/\/i1.wp.com\/interpim.erresse-shop.it\/Import\/Prodotti\/smeg-estetica-anni-50-macchina-da-caffe-filtro-acciaio-inox.jpg?ssl=1\"},{\"@type\":\"BreadcrumbList\",\"@id\":\"https:\/\/dev6.erresse-shop.it\/fr\/shop\/petits-electromenagers\/machines-cafe\/a-filtre\/smeg-machine-a-cafe-esthetique-annees-50-inox-brosse\/#breadcrumb\",\"itemListElement\":[{\"@type\":\"ListItem\",\"position\":1,\"name\":\"Home\",\"item\":\"https:\/\/dev6.erresse-shop.it\/\"},{\"@type\":\"ListItem\",\"position\":2,\"name\":\"Boutique\",\"item\":\"https:\/\/dev6.erresse-shop.it\/shop\/\"},{\"@type\":\"ListItem\",\"position\":3,\"name\":\"SMEG Machine \u00e0 caf\u00e9 Esth\u00e9tique Ann\u00e9es &#8217;50 Inox bross\u00e9\"}]},{\"@type\":\"WebSite\",\"@id\":\"https:\/\/dev6.erresse-shop.it\/#website\",\"url\":\"https:\/\/dev6.erresse-shop.it\/\",\"name\":\"Erresse Shop\",\"description\":\"\",\"publisher\":{\"@id\":\"https:\/\/dev6.erresse-shop.it\/#organization\"},\"potentialAction\":[{\"@type\":\"SearchAction\",\"target\":{\"@type\":\"EntryPoint\",\"urlTemplate\":\"https:\/\/dev6.erresse-shop.it\/?s={search_term_string}\"},\"query-input\":{\"@type\":\"PropertyValueSpecification\",\"valueRequired\":true,\"valueName\":\"search_term_string\"}}],\"inLanguage\":\"fr-FR\"},{\"@type\":\"Organization\",\"@id\":\"https:\/\/dev6.erresse-shop.it\/#organization\",\"name\":\"Erresse Shop\",\"url\":\"https:\/\/dev6.erresse-shop.it\/\",\"logo\":{\"@type\":\"ImageObject\",\"inLanguage\":\"fr-FR\",\"@id\":\"https:\/\/dev6.erresse-shop.it\/#\/schema\/logo\/image\/\",\"url\":\"https:\/\/dev6.erresse-shop.it\/wp-content\/uploads\/2025\/01\/LOGO-ERRESSE-CLASSICO.svg\",\"contentUrl\":\"https:\/\/dev6.erresse-shop.it\/wp-content\/uploads\/2025\/01\/LOGO-ERRESSE-CLASSICO.svg\",\"caption\":\"Erresse Shop\"},\"image\":{\"@id\":\"https:\/\/dev6.erresse-shop.it\/#\/schema\/logo\/image\/\"}}]}<\/script>\n<!-- \/ Yoast SEO plugin. -->","yoast_head_json":{"title":"SMEG Machine \u00e0 caf\u00e9 Esth\u00e9tique Ann\u00e9es &#8217;50 Inox bross\u00e9 - dev6 Erresse","description":"TYPE Type: Filtre Puissance: 1050 W ESTH\u00c9TIQUE Esth\u00e9tique: Ann\u00e9es 50 Mat\u00e9riau du corps: Inox \/plastique Mat\u00e9riau carafe: Verre Mat\u00e9riau de la poign\u00e9e de","robots":{"index":"noindex","follow":"follow","max-snippet":"max-snippet:-1","max-image-preview":"max-image-preview:large","max-video-preview":"max-video-preview:-1"},"og_locale":"fr_FR","og_type":"article","og_title":"SMEG Machine \u00e0 caf\u00e9 Esth\u00e9tique Ann\u00e9es &#8217;50 Inox bross\u00e9 - dev6 Erresse","og_description":"TYPE Type: Filtre Puissance: 1050 W ESTH\u00c9TIQUE Esth\u00e9tique: Ann\u00e9es 50 Mat\u00e9riau du corps: Inox \/plastique Mat\u00e9riau carafe: Verre Mat\u00e9riau de la poign\u00e9e de","og_url":"https:\/\/dev6.erresse-shop.it\/fr\/shop\/petits-electromenagers\/machines-cafe\/a-filtre\/smeg-machine-a-cafe-esthetique-annees-50-inox-brosse\/","og_site_name":"dev6 Erresse","og_image":[{"url":"https:\/\/interpim.erresse-shop.it\/Import\/Prodotti\/smeg-estetica-anni-50-macchina-da-caffe-filtro-acciaio-inox.jpg","type":"","width":"","height":""},{"url":"https:\/\/interpim.erresse-shop.it\/Import\/Prodotti\/smeg-estetica-anni-50-macchina-da-caffe-filtro-acciaio-inox.jpg","width":1024,"height":1024,"type":"image\/jpeg"}],"twitter_card":"summary_large_image","twitter_image":"https:\/\/interpim.erresse-shop.it\/Import\/Prodotti\/smeg-estetica-anni-50-macchina-da-caffe-filtro-acciaio-inox.jpg","schema":{"@context":"https:\/\/schema.org","@graph":[{"@type":"WebPage","@id":"https:\/\/dev6.erresse-shop.it\/fr\/shop\/petits-electromenagers\/machines-cafe\/a-filtre\/smeg-machine-a-cafe-esthetique-annees-50-inox-brosse\/","url":"https:\/\/dev6.erresse-shop.it\/fr\/shop\/petits-electromenagers\/machines-cafe\/a-filtre\/smeg-machine-a-cafe-esthetique-annees-50-inox-brosse\/","name":"SMEG Machine \u00e0 caf\u00e9 Esth\u00e9tique Ann\u00e9es &#8217;50 Inox bross\u00e9 - dev6 Erresse","isPartOf":{"@id":"https:\/\/dev6.erresse-shop.it\/#website"},"primaryImageOfPage":{"@id":"https:\/\/dev6.erresse-shop.it\/fr\/shop\/petits-electromenagers\/machines-cafe\/a-filtre\/smeg-machine-a-cafe-esthetique-annees-50-inox-brosse\/#primaryimage"},"image":{"@id":"https:\/\/dev6.erresse-shop.it\/fr\/shop\/petits-electromenagers\/machines-cafe\/a-filtre\/smeg-machine-a-cafe-esthetique-annees-50-inox-brosse\/#primaryimage"},"thumbnailUrl":"https:\/\/i1.wp.com\/interpim.erresse-shop.it\/Import\/Prodotti\/smeg-estetica-anni-50-macchina-da-caffe-filtro-acciaio-inox.jpg?ssl=1","datePublished":"2026-04-04T06:18:59+00:00","description":"TYPE Type: Filtre Puissance: 1050 W ESTH\u00c9TIQUE Esth\u00e9tique: Ann\u00e9es 50 Mat\u00e9riau du corps: Inox \/plastique Mat\u00e9riau carafe: Verre Mat\u00e9riau de la poign\u00e9e de","breadcrumb":{"@id":"https:\/\/dev6.erresse-shop.it\/fr\/shop\/petits-electromenagers\/machines-cafe\/a-filtre\/smeg-machine-a-cafe-esthetique-annees-50-inox-brosse\/#breadcrumb"},"inLanguage":"fr-FR","potentialAction":[{"@type":"ReadAction","target":["https:\/\/dev6.erresse-shop.it\/fr\/shop\/petits-electromenagers\/machines-cafe\/a-filtre\/smeg-machine-a-cafe-esthetique-annees-50-inox-brosse\/"]}]},{"@type":"ImageObject","inLanguage":"fr-FR","@id":"https:\/\/dev6.erresse-shop.it\/fr\/shop\/petits-electromenagers\/machines-cafe\/a-filtre\/smeg-machine-a-cafe-esthetique-annees-50-inox-brosse\/#primaryimage","url":"https:\/\/i1.wp.com\/interpim.erresse-shop.it\/Import\/Prodotti\/smeg-estetica-anni-50-macchina-da-caffe-filtro-acciaio-inox.jpg?ssl=1","contentUrl":"https:\/\/i1.wp.com\/interpim.erresse-shop.it\/Import\/Prodotti\/smeg-estetica-anni-50-macchina-da-caffe-filtro-acciaio-inox.jpg?ssl=1"},{"@type":"BreadcrumbList","@id":"https:\/\/dev6.erresse-shop.it\/fr\/shop\/petits-electromenagers\/machines-cafe\/a-filtre\/smeg-machine-a-cafe-esthetique-annees-50-inox-brosse\/#breadcrumb","itemListElement":[{"@type":"ListItem","position":1,"name":"Home","item":"https:\/\/dev6.erresse-shop.it\/"},{"@type":"ListItem","position":2,"name":"Boutique","item":"https:\/\/dev6.erresse-shop.it\/shop\/"},{"@type":"ListItem","position":3,"name":"SMEG Machine \u00e0 caf\u00e9 Esth\u00e9tique Ann\u00e9es &#8217;50 Inox bross\u00e9"}]},{"@type":"WebSite","@id":"https:\/\/dev6.erresse-shop.it\/#website","url":"https:\/\/dev6.erresse-shop.it\/","name":"Erresse Shop","description":"","publisher":{"@id":"https:\/\/dev6.erresse-shop.it\/#organization"},"potentialAction":[{"@type":"SearchAction","target":{"@type":"EntryPoint","urlTemplate":"https:\/\/dev6.erresse-shop.it\/?s={search_term_string}"},"query-input":{"@type":"PropertyValueSpecification","valueRequired":true,"valueName":"search_term_string"}}],"inLanguage":"fr-FR"},{"@type":"Organization","@id":"https:\/\/dev6.erresse-shop.it\/#organization","name":"Erresse Shop","url":"https:\/\/dev6.erresse-shop.it\/","logo":{"@type":"ImageObject","inLanguage":"fr-FR","@id":"https:\/\/dev6.erresse-shop.it\/#\/schema\/logo\/image\/","url":"https:\/\/dev6.erresse-shop.it\/wp-content\/uploads\/2025\/01\/LOGO-ERRESSE-CLASSICO.svg","contentUrl":"https:\/\/dev6.erresse-shop.it\/wp-content\/uploads\/2025\/01\/LOGO-ERRESSE-CLASSICO.svg","caption":"Erresse Shop"},"image":{"@id":"https:\/\/dev6.erresse-shop.it\/#\/schema\/logo\/image\/"}}]}},"df_price":209,"df_sale_price":209,"df_regular_price":229,"df_image_link":"https:\/\/i1.wp.com\/interpim.erresse-shop.it\/Import\/Prodotti\/smeg-estetica-anni-50-macchina-da-caffe-filtro-acciaio-inox.jpg?resize=300,300&ssl=1","fifu_image_url":"https:\/\/interpim.erresse-shop.it\/Import\/Prodotti\/smeg-estetica-anni-50-macchina-da-caffe-filtro-acciaio-inox.jpg","_links":{"self":[{"href":"https:\/\/dev6.erresse-shop.it\/fr\/wp-json\/wp\/v2\/product\/58101","targetHints":{"allow":["GET"]}}],"collection":[{"href":"https:\/\/dev6.erresse-shop.it\/fr\/wp-json\/wp\/v2\/product"}],"about":[{"href":"https:\/\/dev6.erresse-shop.it\/fr\/wp-json\/wp\/v2\/types\/product"}],"wp:featuredmedia":[{"embeddable":true,"href":"https:\/\/dev6.erresse-shop.it\/fr\/wp-json\/wp\/v2\/media\/6263336"}],"wp:attachment":[{"href":"https:\/\/dev6.erresse-shop.it\/fr\/wp-json\/wp\/v2\/media?parent=58101"}],"wp:term":[{"taxonomy":"product_cat","embeddable":true,"href":"https:\/\/dev6.erresse-shop.it\/fr\/wp-json\/wp\/v2\/product_cat?post=58101"},{"taxonomy":"product_tag","embeddable":true,"href":"https:\/\/dev6.erresse-shop.it\/fr\/wp-json\/wp\/v2\/product_tag?post=58101"}],"curies":[{"name":"wp","href":"https:\/\/api.w.org\/{rel}","templated":true}]}}