{"id":58095,"date":"2026-04-12T08:19:51","date_gmt":"2026-04-12T06:19:51","guid":{"rendered":"https:\/\/dev6.erresse-shop.it\/shop\/non%20class\u00e9\/le-creuset-aluminium-poele-a-poisson-anti-adherente\/"},"modified":"2025-09-14T04:07:00","modified_gmt":"2025-09-14T02:07:00","slug":"le-creuset-aluminium-poele-a-poisson-anti-adherente","status":"publish","type":"product","link":"https:\/\/dev6.erresse-shop.it\/fr\/shop\/poeles-pots\/sauteuses-et-faitout\/le-creuset-aluminium-poele-a-poisson-anti-adherente\/","title":{"rendered":"LE CREUSET Aluminium Poele a Poisson Anti-Adh\u00e9rente"},"content":{"rendered":"<p>L\u2019indispensable pour la cuisson de poissons entiers ou g\u00e9n\u00e9reux !<\/p>\n<p>\u2013 Diam\u00e8tre: 25,5\u00d740 cm<br \/>\n\u2013 Mat\u00e9riau: Fonte d\u2019Aluminium<br \/>\n\u2013 Rev\u00eatement Anti-adh\u00e9rent haute qualit\u00e9 sans PFOA<br \/>\n\u2013 Syst\u00e8me d\u2019induction brevet\u00e9 (Disque Inox) : Performance excellente sur l\u2019induction<br \/>\n\u2013 Excellente diffusion de la chaleur &amp; cuisson homog\u00e8ne<br \/>\n\u2013 Passe au four \u00e0 260\u00b0c &amp; au lave-vaisselle<br \/>\n\u2013 Compatible tous feux y compris l\u2019Induction<br \/>\n\u2013 Durabilit\u00e9 exceptionnelle<br \/>\n\u2013 Garantie 10ans<br \/>\n\u2013 Poign\u00e9es inox<\/p>\n","protected":false},"excerpt":{"rendered":"<p>L\u2019indispensable pour la cuisson de poissons entiers ou g\u00e9n\u00e9reux ! \u2013 Diam\u00e8tre: 25,5\u00d740 cm \u2013 Mat\u00e9riau: Fonte d\u2019Aluminium \u2013 Rev\u00eatement Anti-adh\u00e9rent haute qualit\u00e9 sans PFOA \u2013 Syst\u00e8me d\u2019induction brevet\u00e9 (Disque Inox) : Performance excellente sur l\u2019induction \u2013 Excellente diffusion de la chaleur &amp; cuisson homog\u00e8ne \u2013 Passe au four \u00e0 260\u00b0c &amp; au lave-vaisselle \u2013 [&hellip;]<\/p>\n","protected":false},"featured_media":6346628,"template":"","meta":{"_acf_changed":false},"product_cat":[11699,12023,11991,12012],"product_tag":[],"class_list":{"0":"post-58095","1":"product","2":"type-product","3":"status-publish","4":"has-post-thumbnail","6":"product_cat-pesciere","7":"product_cat-poeles-a-poisson","8":"product_cat-poeles-pots","9":"product_cat-sauteuses-et-faitout","11":"first","12":"outofstock","13":"sale","14":"taxable","15":"shipping-taxable","16":"purchasable","17":"product-type-simple","swatches":"rey-swatches","show_selected":"","stretch_labels":"rey-swatches--stretch-labels"},"acf":[],"yoast_head":"<!-- This site is optimized with the Yoast SEO plugin v25.4 - https:\/\/yoast.com\/wordpress\/plugins\/seo\/ -->\n<title>LE CREUSET Aluminium Poele a Poisson Anti-Adh\u00e9rente - dev6 Erresse<\/title>\n<meta name=\"description\" content=\"L\u2019indispensable pour la cuisson de poissons entiers ou g\u00e9n\u00e9reux ! \u2013 Diam\u00e8tre: 25,5\u00d740 cm \u2013 Mat\u00e9riau: Fonte d\u2019Aluminium \u2013 Rev\u00eatement Anti-adh\u00e9rent haute\" \/>\n<meta name=\"robots\" content=\"noindex, follow, max-snippet:-1, max-image-preview:large, max-video-preview:-1\" \/>\n<meta property=\"og:locale\" content=\"fr_FR\" \/>\n<meta property=\"og:type\" content=\"article\" \/>\n<meta property=\"og:title\" content=\"LE CREUSET Aluminium Poele a Poisson Anti-Adh\u00e9rente - dev6 Erresse\" \/>\n<meta property=\"og:description\" content=\"L\u2019indispensable pour la cuisson de poissons entiers ou g\u00e9n\u00e9reux ! \u2013 Diam\u00e8tre: 25,5\u00d740 cm \u2013 Mat\u00e9riau: Fonte d\u2019Aluminium \u2013 Rev\u00eatement Anti-adh\u00e9rent haute\" \/>\n<meta property=\"og:url\" content=\"https:\/\/dev6.erresse-shop.it\/fr\/shop\/poeles-pots\/sauteuses-et-faitout\/le-creuset-aluminium-poele-a-poisson-anti-adherente\/\" \/>\n<meta property=\"og:site_name\" content=\"dev6 Erresse\" \/>\n<meta property=\"og:image\" content=\"https:\/\/interpim.erresse-shop.it\/Import\/Prodotti\/le-creuset-pesciera-41cm-3.jpg\" \/><meta property=\"og:image\" content=\"https:\/\/interpim.erresse-shop.it\/Import\/Prodotti\/le-creuset-pesciera-41cm-3.jpg\" \/>\n\t<meta property=\"og:image:width\" content=\"1024\" \/>\n\t<meta property=\"og:image:height\" content=\"1024\" \/>\n\t<meta property=\"og:image:type\" content=\"image\/jpeg\" \/>\n<meta name=\"twitter:card\" content=\"summary_large_image\" \/>\n<meta name=\"twitter:image\" content=\"https:\/\/interpim.erresse-shop.it\/Import\/Prodotti\/le-creuset-pesciera-41cm-3.jpg\" \/>\n<script type=\"application\/ld+json\" class=\"yoast-schema-graph\">{\"@context\":\"https:\/\/schema.org\",\"@graph\":[{\"@type\":\"WebPage\",\"@id\":\"https:\/\/dev6.erresse-shop.it\/fr\/shop\/poeles-pots\/sauteuses-et-faitout\/le-creuset-aluminium-poele-a-poisson-anti-adherente\/\",\"url\":\"https:\/\/dev6.erresse-shop.it\/fr\/shop\/poeles-pots\/sauteuses-et-faitout\/le-creuset-aluminium-poele-a-poisson-anti-adherente\/\",\"name\":\"LE CREUSET Aluminium Poele a Poisson Anti-Adh\u00e9rente - dev6 Erresse\",\"isPartOf\":{\"@id\":\"https:\/\/dev6.erresse-shop.it\/#website\"},\"primaryImageOfPage\":{\"@id\":\"https:\/\/dev6.erresse-shop.it\/fr\/shop\/poeles-pots\/sauteuses-et-faitout\/le-creuset-aluminium-poele-a-poisson-anti-adherente\/#primaryimage\"},\"image\":{\"@id\":\"https:\/\/dev6.erresse-shop.it\/fr\/shop\/poeles-pots\/sauteuses-et-faitout\/le-creuset-aluminium-poele-a-poisson-anti-adherente\/#primaryimage\"},\"thumbnailUrl\":\"https:\/\/i0.wp.com\/interpim.erresse-shop.it\/Import\/Prodotti\/le-creuset-pesciera-41cm-3.jpg?ssl=1\",\"datePublished\":\"2026-04-12T06:19:51+00:00\",\"description\":\"L\u2019indispensable pour la cuisson de poissons entiers ou g\u00e9n\u00e9reux ! \u2013 Diam\u00e8tre: 25,5\u00d740 cm \u2013 Mat\u00e9riau: Fonte d\u2019Aluminium \u2013 Rev\u00eatement Anti-adh\u00e9rent haute\",\"breadcrumb\":{\"@id\":\"https:\/\/dev6.erresse-shop.it\/fr\/shop\/poeles-pots\/sauteuses-et-faitout\/le-creuset-aluminium-poele-a-poisson-anti-adherente\/#breadcrumb\"},\"inLanguage\":\"fr-FR\",\"potentialAction\":[{\"@type\":\"ReadAction\",\"target\":[\"https:\/\/dev6.erresse-shop.it\/fr\/shop\/poeles-pots\/sauteuses-et-faitout\/le-creuset-aluminium-poele-a-poisson-anti-adherente\/\"]}]},{\"@type\":\"ImageObject\",\"inLanguage\":\"fr-FR\",\"@id\":\"https:\/\/dev6.erresse-shop.it\/fr\/shop\/poeles-pots\/sauteuses-et-faitout\/le-creuset-aluminium-poele-a-poisson-anti-adherente\/#primaryimage\",\"url\":\"https:\/\/i0.wp.com\/interpim.erresse-shop.it\/Import\/Prodotti\/le-creuset-pesciera-41cm-3.jpg?ssl=1\",\"contentUrl\":\"https:\/\/i0.wp.com\/interpim.erresse-shop.it\/Import\/Prodotti\/le-creuset-pesciera-41cm-3.jpg?ssl=1\"},{\"@type\":\"BreadcrumbList\",\"@id\":\"https:\/\/dev6.erresse-shop.it\/fr\/shop\/poeles-pots\/sauteuses-et-faitout\/le-creuset-aluminium-poele-a-poisson-anti-adherente\/#breadcrumb\",\"itemListElement\":[{\"@type\":\"ListItem\",\"position\":1,\"name\":\"Home\",\"item\":\"https:\/\/dev6.erresse-shop.it\/\"},{\"@type\":\"ListItem\",\"position\":2,\"name\":\"Boutique\",\"item\":\"https:\/\/dev6.erresse-shop.it\/shop\/\"},{\"@type\":\"ListItem\",\"position\":3,\"name\":\"LE CREUSET Aluminium Poele a Poisson Anti-Adh\u00e9rente\"}]},{\"@type\":\"WebSite\",\"@id\":\"https:\/\/dev6.erresse-shop.it\/#website\",\"url\":\"https:\/\/dev6.erresse-shop.it\/\",\"name\":\"Erresse Shop\",\"description\":\"\",\"publisher\":{\"@id\":\"https:\/\/dev6.erresse-shop.it\/#organization\"},\"potentialAction\":[{\"@type\":\"SearchAction\",\"target\":{\"@type\":\"EntryPoint\",\"urlTemplate\":\"https:\/\/dev6.erresse-shop.it\/?s={search_term_string}\"},\"query-input\":{\"@type\":\"PropertyValueSpecification\",\"valueRequired\":true,\"valueName\":\"search_term_string\"}}],\"inLanguage\":\"fr-FR\"},{\"@type\":\"Organization\",\"@id\":\"https:\/\/dev6.erresse-shop.it\/#organization\",\"name\":\"Erresse Shop\",\"url\":\"https:\/\/dev6.erresse-shop.it\/\",\"logo\":{\"@type\":\"ImageObject\",\"inLanguage\":\"fr-FR\",\"@id\":\"https:\/\/dev6.erresse-shop.it\/#\/schema\/logo\/image\/\",\"url\":\"https:\/\/dev6.erresse-shop.it\/wp-content\/uploads\/2025\/01\/LOGO-ERRESSE-CLASSICO.svg\",\"contentUrl\":\"https:\/\/dev6.erresse-shop.it\/wp-content\/uploads\/2025\/01\/LOGO-ERRESSE-CLASSICO.svg\",\"caption\":\"Erresse Shop\"},\"image\":{\"@id\":\"https:\/\/dev6.erresse-shop.it\/#\/schema\/logo\/image\/\"}}]}<\/script>\n<!-- \/ Yoast SEO plugin. -->","yoast_head_json":{"title":"LE CREUSET Aluminium Poele a Poisson Anti-Adh\u00e9rente - dev6 Erresse","description":"L\u2019indispensable pour la cuisson de poissons entiers ou g\u00e9n\u00e9reux ! \u2013 Diam\u00e8tre: 25,5\u00d740 cm \u2013 Mat\u00e9riau: Fonte d\u2019Aluminium \u2013 Rev\u00eatement Anti-adh\u00e9rent haute","robots":{"index":"noindex","follow":"follow","max-snippet":"max-snippet:-1","max-image-preview":"max-image-preview:large","max-video-preview":"max-video-preview:-1"},"og_locale":"fr_FR","og_type":"article","og_title":"LE CREUSET Aluminium Poele a Poisson Anti-Adh\u00e9rente - dev6 Erresse","og_description":"L\u2019indispensable pour la cuisson de poissons entiers ou g\u00e9n\u00e9reux ! \u2013 Diam\u00e8tre: 25,5\u00d740 cm \u2013 Mat\u00e9riau: Fonte d\u2019Aluminium \u2013 Rev\u00eatement Anti-adh\u00e9rent haute","og_url":"https:\/\/dev6.erresse-shop.it\/fr\/shop\/poeles-pots\/sauteuses-et-faitout\/le-creuset-aluminium-poele-a-poisson-anti-adherente\/","og_site_name":"dev6 Erresse","og_image":[{"url":"https:\/\/interpim.erresse-shop.it\/Import\/Prodotti\/le-creuset-pesciera-41cm-3.jpg","type":"","width":"","height":""},{"url":"https:\/\/interpim.erresse-shop.it\/Import\/Prodotti\/le-creuset-pesciera-41cm-3.jpg","width":1024,"height":1024,"type":"image\/jpeg"}],"twitter_card":"summary_large_image","twitter_image":"https:\/\/interpim.erresse-shop.it\/Import\/Prodotti\/le-creuset-pesciera-41cm-3.jpg","schema":{"@context":"https:\/\/schema.org","@graph":[{"@type":"WebPage","@id":"https:\/\/dev6.erresse-shop.it\/fr\/shop\/poeles-pots\/sauteuses-et-faitout\/le-creuset-aluminium-poele-a-poisson-anti-adherente\/","url":"https:\/\/dev6.erresse-shop.it\/fr\/shop\/poeles-pots\/sauteuses-et-faitout\/le-creuset-aluminium-poele-a-poisson-anti-adherente\/","name":"LE CREUSET Aluminium Poele a Poisson Anti-Adh\u00e9rente - dev6 Erresse","isPartOf":{"@id":"https:\/\/dev6.erresse-shop.it\/#website"},"primaryImageOfPage":{"@id":"https:\/\/dev6.erresse-shop.it\/fr\/shop\/poeles-pots\/sauteuses-et-faitout\/le-creuset-aluminium-poele-a-poisson-anti-adherente\/#primaryimage"},"image":{"@id":"https:\/\/dev6.erresse-shop.it\/fr\/shop\/poeles-pots\/sauteuses-et-faitout\/le-creuset-aluminium-poele-a-poisson-anti-adherente\/#primaryimage"},"thumbnailUrl":"https:\/\/i0.wp.com\/interpim.erresse-shop.it\/Import\/Prodotti\/le-creuset-pesciera-41cm-3.jpg?ssl=1","datePublished":"2026-04-12T06:19:51+00:00","description":"L\u2019indispensable pour la cuisson de poissons entiers ou g\u00e9n\u00e9reux ! \u2013 Diam\u00e8tre: 25,5\u00d740 cm \u2013 Mat\u00e9riau: Fonte d\u2019Aluminium \u2013 Rev\u00eatement Anti-adh\u00e9rent haute","breadcrumb":{"@id":"https:\/\/dev6.erresse-shop.it\/fr\/shop\/poeles-pots\/sauteuses-et-faitout\/le-creuset-aluminium-poele-a-poisson-anti-adherente\/#breadcrumb"},"inLanguage":"fr-FR","potentialAction":[{"@type":"ReadAction","target":["https:\/\/dev6.erresse-shop.it\/fr\/shop\/poeles-pots\/sauteuses-et-faitout\/le-creuset-aluminium-poele-a-poisson-anti-adherente\/"]}]},{"@type":"ImageObject","inLanguage":"fr-FR","@id":"https:\/\/dev6.erresse-shop.it\/fr\/shop\/poeles-pots\/sauteuses-et-faitout\/le-creuset-aluminium-poele-a-poisson-anti-adherente\/#primaryimage","url":"https:\/\/i0.wp.com\/interpim.erresse-shop.it\/Import\/Prodotti\/le-creuset-pesciera-41cm-3.jpg?ssl=1","contentUrl":"https:\/\/i0.wp.com\/interpim.erresse-shop.it\/Import\/Prodotti\/le-creuset-pesciera-41cm-3.jpg?ssl=1"},{"@type":"BreadcrumbList","@id":"https:\/\/dev6.erresse-shop.it\/fr\/shop\/poeles-pots\/sauteuses-et-faitout\/le-creuset-aluminium-poele-a-poisson-anti-adherente\/#breadcrumb","itemListElement":[{"@type":"ListItem","position":1,"name":"Home","item":"https:\/\/dev6.erresse-shop.it\/"},{"@type":"ListItem","position":2,"name":"Boutique","item":"https:\/\/dev6.erresse-shop.it\/shop\/"},{"@type":"ListItem","position":3,"name":"LE CREUSET Aluminium Poele a Poisson Anti-Adh\u00e9rente"}]},{"@type":"WebSite","@id":"https:\/\/dev6.erresse-shop.it\/#website","url":"https:\/\/dev6.erresse-shop.it\/","name":"Erresse Shop","description":"","publisher":{"@id":"https:\/\/dev6.erresse-shop.it\/#organization"},"potentialAction":[{"@type":"SearchAction","target":{"@type":"EntryPoint","urlTemplate":"https:\/\/dev6.erresse-shop.it\/?s={search_term_string}"},"query-input":{"@type":"PropertyValueSpecification","valueRequired":true,"valueName":"search_term_string"}}],"inLanguage":"fr-FR"},{"@type":"Organization","@id":"https:\/\/dev6.erresse-shop.it\/#organization","name":"Erresse Shop","url":"https:\/\/dev6.erresse-shop.it\/","logo":{"@type":"ImageObject","inLanguage":"fr-FR","@id":"https:\/\/dev6.erresse-shop.it\/#\/schema\/logo\/image\/","url":"https:\/\/dev6.erresse-shop.it\/wp-content\/uploads\/2025\/01\/LOGO-ERRESSE-CLASSICO.svg","contentUrl":"https:\/\/dev6.erresse-shop.it\/wp-content\/uploads\/2025\/01\/LOGO-ERRESSE-CLASSICO.svg","caption":"Erresse Shop"},"image":{"@id":"https:\/\/dev6.erresse-shop.it\/#\/schema\/logo\/image\/"}}]}},"df_price":129.95,"df_sale_price":129.95,"df_regular_price":169,"df_image_link":"https:\/\/i0.wp.com\/interpim.erresse-shop.it\/Import\/Prodotti\/le-creuset-pesciera-41cm-3.jpg?resize=300,300&ssl=1","fifu_image_url":"https:\/\/interpim.erresse-shop.it\/Import\/Prodotti\/le-creuset-pesciera-41cm-3.jpg","_links":{"self":[{"href":"https:\/\/dev6.erresse-shop.it\/fr\/wp-json\/wp\/v2\/product\/58095","targetHints":{"allow":["GET"]}}],"collection":[{"href":"https:\/\/dev6.erresse-shop.it\/fr\/wp-json\/wp\/v2\/product"}],"about":[{"href":"https:\/\/dev6.erresse-shop.it\/fr\/wp-json\/wp\/v2\/types\/product"}],"wp:featuredmedia":[{"embeddable":true,"href":"https:\/\/dev6.erresse-shop.it\/fr\/wp-json\/wp\/v2\/media\/6346628"}],"wp:attachment":[{"href":"https:\/\/dev6.erresse-shop.it\/fr\/wp-json\/wp\/v2\/media?parent=58095"}],"wp:term":[{"taxonomy":"product_cat","embeddable":true,"href":"https:\/\/dev6.erresse-shop.it\/fr\/wp-json\/wp\/v2\/product_cat?post=58095"},{"taxonomy":"product_tag","embeddable":true,"href":"https:\/\/dev6.erresse-shop.it\/fr\/wp-json\/wp\/v2\/product_tag?post=58095"}],"curies":[{"name":"wp","href":"https:\/\/api.w.org\/{rel}","templated":true}]}}