{"id":58087,"date":"2026-04-21T01:36:03","date_gmt":"2026-04-20T23:36:03","guid":{"rendered":"https:\/\/dev6.erresse-shop.it\/shop\/non%20class\u00e9\/le-creuset-gril-bistro-en-fonte-emaillee-32-cm-noir-mat\/"},"modified":"2025-07-04T15:52:23","modified_gmt":"2025-07-04T13:52:23","slug":"le-creuset-gril-bistro-en-fonte-emaillee-32-cm-noir-mat","status":"publish","type":"product","link":"https:\/\/dev6.erresse-shop.it\/fr\/shop\/poeles-pots\/grils-a-steak\/le-creuset-gril-bistro-en-fonte-emaillee-32-cm-noir-mat\/","title":{"rendered":"LE CREUSET Gril Bistro en fonte \u00e9maill\u00e9e 32 cm Noir Mat"},"content":{"rendered":"<p>La bonne taille pour toute la famille ! Avec le grill rond, vous pr\u00e9parerez rapidement et surtout sainement de la viande et du poisson pour tout le monde. Profitez d\u2019un barbecue quand vous voulez et sur n\u2019importe quelle source de chaleur !<br \/>\nCreuset offre une vaste gamme de plaques en fonte, la plus vaste du march\u00e9. Optez pour une cuisine saine et peu grasse : cette po\u00eale n\u2019a besoin que d\u2019un peu d\u2019huile ! Les po\u00eales \u00e0 frire Le Creuset sont parfaites pour r\u00f4tir la viande, le poulet et les l\u00e9gumes, en pr\u00e9servant toute leur saveur. Extr\u00eamement pratiques, ils peuvent \u00eatre utilis\u00e9s au four et au barbecue. Notre c\u00e9l\u00e8bre gamme de fonte \u00e9maill\u00e9e permet une distribution et une r\u00e9tention parfaites de la chaleur. La doublure en \u00e9mail noir est durable, hygi\u00e9nique et facile \u00e0 nettoyer. Essayez-le et les r\u00e9sultats vous surprendront.<\/p>\n<p>Caract\u00e9ristiques de la fonte \u00e9maill\u00e9e :<\/p>\n<p>\u2013 Distribution uniforme de la chaleur sans zones de surchauffe.<br \/>\n\u2013 Excellente r\u00e9tention de la chaleur.<br \/>\n\u2013 Poign\u00e9es con\u00e7ues pour une bonne prise en main.<br \/>\n\u2013 Surface vitr\u00e9e int\u00e9rieure et ext\u00e9rieure. Il n\u2019absorbe pas l\u2019humidit\u00e9, le go\u00fbt ou l\u2019odeur des aliments.<br \/>\n\u2013 Compatible avec toutes les sources de chaleur, y compris l\u2019induction.<br \/>\n\u2013 Facile \u00e0 nettoyer.<br \/>\n\u2013 Une durabilit\u00e9 exceptionnelle.<br \/>\n\u2013 Garantie \u00e0 vie.<\/p>\n<p>Voir le film 1<br \/>\nVoir le film 2<\/p>\n","protected":false},"excerpt":{"rendered":"<p>La bonne taille pour toute la famille ! Avec le grill rond, vous pr\u00e9parerez rapidement et surtout sainement de la viande et du poisson pour tout le monde. Profitez d\u2019un barbecue quand vous voulez et sur n\u2019importe quelle source de chaleur ! Creuset offre une vaste gamme de plaques en fonte, la plus vaste du [&hellip;]<\/p>\n","protected":false},"featured_media":6707668,"template":"","meta":{"_acf_changed":false},"product_cat":[12020,11667,11991],"product_tag":[],"class_list":{"0":"post-58087","1":"product","2":"type-product","3":"status-publish","4":"has-post-thumbnail","6":"product_cat-grils-a-steak","7":"product_cat-padelle-pentole","8":"product_cat-poeles-pots","10":"first","11":"instock","12":"sale","13":"taxable","14":"shipping-taxable","15":"purchasable","16":"product-type-simple","swatches":"rey-swatches","show_selected":"","stretch_labels":"rey-swatches--stretch-labels"},"acf":[],"yoast_head":"<!-- This site is optimized with the Yoast SEO plugin v25.4 - https:\/\/yoast.com\/wordpress\/plugins\/seo\/ -->\n<title>LE CREUSET Gril Bistro en fonte \u00e9maill\u00e9e 32 cm Noir Mat - dev6 Erresse<\/title>\n<meta name=\"description\" content=\"La bonne taille pour toute la famille ! Avec le grill rond, vous pr\u00e9parerez rapidement et surtout sainement de la viande et du poisson pour tout le monde.\" \/>\n<meta name=\"robots\" content=\"noindex, follow, max-snippet:-1, max-image-preview:large, max-video-preview:-1\" \/>\n<meta property=\"og:locale\" content=\"fr_FR\" \/>\n<meta property=\"og:type\" content=\"article\" \/>\n<meta property=\"og:title\" content=\"LE CREUSET Gril Bistro en fonte \u00e9maill\u00e9e 32 cm Noir Mat - dev6 Erresse\" \/>\n<meta property=\"og:description\" content=\"La bonne taille pour toute la famille ! Avec le grill rond, vous pr\u00e9parerez rapidement et surtout sainement de la viande et du poisson pour tout le monde.\" \/>\n<meta property=\"og:url\" content=\"https:\/\/dev6.erresse-shop.it\/fr\/shop\/poeles-pots\/grils-a-steak\/le-creuset-gril-bistro-en-fonte-emaillee-32-cm-noir-mat\/\" \/>\n<meta property=\"og:site_name\" content=\"dev6 Erresse\" \/>\n<meta property=\"og:image\" content=\"https:\/\/interpim.erresse-shop.it\/Import\/Prodotti\/le-creuset-grill-rotondo-extralarge-32-cm-nero.png\" \/><meta property=\"og:image\" content=\"https:\/\/interpim.erresse-shop.it\/Import\/Prodotti\/le-creuset-grill-rotondo-extralarge-32-cm-nero.png\" \/>\n\t<meta property=\"og:image:width\" content=\"1024\" \/>\n\t<meta property=\"og:image:height\" content=\"1024\" \/>\n\t<meta property=\"og:image:type\" content=\"image\/jpeg\" \/>\n<meta name=\"twitter:card\" content=\"summary_large_image\" \/>\n<meta name=\"twitter:image\" content=\"https:\/\/interpim.erresse-shop.it\/Import\/Prodotti\/le-creuset-grill-rotondo-extralarge-32-cm-nero.png\" \/>\n<script type=\"application\/ld+json\" class=\"yoast-schema-graph\">{\"@context\":\"https:\/\/schema.org\",\"@graph\":[{\"@type\":\"WebPage\",\"@id\":\"https:\/\/dev6.erresse-shop.it\/fr\/shop\/poeles-pots\/grils-a-steak\/le-creuset-gril-bistro-en-fonte-emaillee-32-cm-noir-mat\/\",\"url\":\"https:\/\/dev6.erresse-shop.it\/fr\/shop\/poeles-pots\/grils-a-steak\/le-creuset-gril-bistro-en-fonte-emaillee-32-cm-noir-mat\/\",\"name\":\"LE CREUSET Gril Bistro en fonte \u00e9maill\u00e9e 32 cm Noir Mat - dev6 Erresse\",\"isPartOf\":{\"@id\":\"https:\/\/dev6.erresse-shop.it\/#website\"},\"primaryImageOfPage\":{\"@id\":\"https:\/\/dev6.erresse-shop.it\/fr\/shop\/poeles-pots\/grils-a-steak\/le-creuset-gril-bistro-en-fonte-emaillee-32-cm-noir-mat\/#primaryimage\"},\"image\":{\"@id\":\"https:\/\/dev6.erresse-shop.it\/fr\/shop\/poeles-pots\/grils-a-steak\/le-creuset-gril-bistro-en-fonte-emaillee-32-cm-noir-mat\/#primaryimage\"},\"thumbnailUrl\":\"https:\/\/i2.wp.com\/interpim.erresse-shop.it\/Import\/Prodotti\/le-creuset-grill-rotondo-extralarge-32-cm-nero.png?ssl=1\",\"datePublished\":\"2026-04-20T23:36:03+00:00\",\"description\":\"La bonne taille pour toute la famille ! Avec le grill rond, vous pr\u00e9parerez rapidement et surtout sainement de la viande et du poisson pour tout le monde.\",\"breadcrumb\":{\"@id\":\"https:\/\/dev6.erresse-shop.it\/fr\/shop\/poeles-pots\/grils-a-steak\/le-creuset-gril-bistro-en-fonte-emaillee-32-cm-noir-mat\/#breadcrumb\"},\"inLanguage\":\"fr-FR\",\"potentialAction\":[{\"@type\":\"ReadAction\",\"target\":[\"https:\/\/dev6.erresse-shop.it\/fr\/shop\/poeles-pots\/grils-a-steak\/le-creuset-gril-bistro-en-fonte-emaillee-32-cm-noir-mat\/\"]}]},{\"@type\":\"ImageObject\",\"inLanguage\":\"fr-FR\",\"@id\":\"https:\/\/dev6.erresse-shop.it\/fr\/shop\/poeles-pots\/grils-a-steak\/le-creuset-gril-bistro-en-fonte-emaillee-32-cm-noir-mat\/#primaryimage\",\"url\":\"https:\/\/i2.wp.com\/interpim.erresse-shop.it\/Import\/Prodotti\/le-creuset-grill-rotondo-extralarge-32-cm-nero.png?ssl=1\",\"contentUrl\":\"https:\/\/i2.wp.com\/interpim.erresse-shop.it\/Import\/Prodotti\/le-creuset-grill-rotondo-extralarge-32-cm-nero.png?ssl=1\"},{\"@type\":\"BreadcrumbList\",\"@id\":\"https:\/\/dev6.erresse-shop.it\/fr\/shop\/poeles-pots\/grils-a-steak\/le-creuset-gril-bistro-en-fonte-emaillee-32-cm-noir-mat\/#breadcrumb\",\"itemListElement\":[{\"@type\":\"ListItem\",\"position\":1,\"name\":\"Home\",\"item\":\"https:\/\/dev6.erresse-shop.it\/\"},{\"@type\":\"ListItem\",\"position\":2,\"name\":\"Boutique\",\"item\":\"https:\/\/dev6.erresse-shop.it\/shop\/\"},{\"@type\":\"ListItem\",\"position\":3,\"name\":\"LE CREUSET Gril Bistro en fonte \u00e9maill\u00e9e 32 cm Noir Mat\"}]},{\"@type\":\"WebSite\",\"@id\":\"https:\/\/dev6.erresse-shop.it\/#website\",\"url\":\"https:\/\/dev6.erresse-shop.it\/\",\"name\":\"Erresse Shop\",\"description\":\"\",\"publisher\":{\"@id\":\"https:\/\/dev6.erresse-shop.it\/#organization\"},\"potentialAction\":[{\"@type\":\"SearchAction\",\"target\":{\"@type\":\"EntryPoint\",\"urlTemplate\":\"https:\/\/dev6.erresse-shop.it\/?s={search_term_string}\"},\"query-input\":{\"@type\":\"PropertyValueSpecification\",\"valueRequired\":true,\"valueName\":\"search_term_string\"}}],\"inLanguage\":\"fr-FR\"},{\"@type\":\"Organization\",\"@id\":\"https:\/\/dev6.erresse-shop.it\/#organization\",\"name\":\"Erresse Shop\",\"url\":\"https:\/\/dev6.erresse-shop.it\/\",\"logo\":{\"@type\":\"ImageObject\",\"inLanguage\":\"fr-FR\",\"@id\":\"https:\/\/dev6.erresse-shop.it\/#\/schema\/logo\/image\/\",\"url\":\"https:\/\/dev6.erresse-shop.it\/wp-content\/uploads\/2025\/01\/LOGO-ERRESSE-CLASSICO.svg\",\"contentUrl\":\"https:\/\/dev6.erresse-shop.it\/wp-content\/uploads\/2025\/01\/LOGO-ERRESSE-CLASSICO.svg\",\"caption\":\"Erresse Shop\"},\"image\":{\"@id\":\"https:\/\/dev6.erresse-shop.it\/#\/schema\/logo\/image\/\"}}]}<\/script>\n<!-- \/ Yoast SEO plugin. -->","yoast_head_json":{"title":"LE CREUSET Gril Bistro en fonte \u00e9maill\u00e9e 32 cm Noir Mat - dev6 Erresse","description":"La bonne taille pour toute la famille ! Avec le grill rond, vous pr\u00e9parerez rapidement et surtout sainement de la viande et du poisson pour tout le monde.","robots":{"index":"noindex","follow":"follow","max-snippet":"max-snippet:-1","max-image-preview":"max-image-preview:large","max-video-preview":"max-video-preview:-1"},"og_locale":"fr_FR","og_type":"article","og_title":"LE CREUSET Gril Bistro en fonte \u00e9maill\u00e9e 32 cm Noir Mat - dev6 Erresse","og_description":"La bonne taille pour toute la famille ! Avec le grill rond, vous pr\u00e9parerez rapidement et surtout sainement de la viande et du poisson pour tout le monde.","og_url":"https:\/\/dev6.erresse-shop.it\/fr\/shop\/poeles-pots\/grils-a-steak\/le-creuset-gril-bistro-en-fonte-emaillee-32-cm-noir-mat\/","og_site_name":"dev6 Erresse","og_image":[{"url":"https:\/\/interpim.erresse-shop.it\/Import\/Prodotti\/le-creuset-grill-rotondo-extralarge-32-cm-nero.png","type":"","width":"","height":""},{"url":"https:\/\/interpim.erresse-shop.it\/Import\/Prodotti\/le-creuset-grill-rotondo-extralarge-32-cm-nero.png","width":1024,"height":1024,"type":"image\/jpeg"}],"twitter_card":"summary_large_image","twitter_image":"https:\/\/interpim.erresse-shop.it\/Import\/Prodotti\/le-creuset-grill-rotondo-extralarge-32-cm-nero.png","schema":{"@context":"https:\/\/schema.org","@graph":[{"@type":"WebPage","@id":"https:\/\/dev6.erresse-shop.it\/fr\/shop\/poeles-pots\/grils-a-steak\/le-creuset-gril-bistro-en-fonte-emaillee-32-cm-noir-mat\/","url":"https:\/\/dev6.erresse-shop.it\/fr\/shop\/poeles-pots\/grils-a-steak\/le-creuset-gril-bistro-en-fonte-emaillee-32-cm-noir-mat\/","name":"LE CREUSET Gril Bistro en fonte \u00e9maill\u00e9e 32 cm Noir Mat - dev6 Erresse","isPartOf":{"@id":"https:\/\/dev6.erresse-shop.it\/#website"},"primaryImageOfPage":{"@id":"https:\/\/dev6.erresse-shop.it\/fr\/shop\/poeles-pots\/grils-a-steak\/le-creuset-gril-bistro-en-fonte-emaillee-32-cm-noir-mat\/#primaryimage"},"image":{"@id":"https:\/\/dev6.erresse-shop.it\/fr\/shop\/poeles-pots\/grils-a-steak\/le-creuset-gril-bistro-en-fonte-emaillee-32-cm-noir-mat\/#primaryimage"},"thumbnailUrl":"https:\/\/i2.wp.com\/interpim.erresse-shop.it\/Import\/Prodotti\/le-creuset-grill-rotondo-extralarge-32-cm-nero.png?ssl=1","datePublished":"2026-04-20T23:36:03+00:00","description":"La bonne taille pour toute la famille ! Avec le grill rond, vous pr\u00e9parerez rapidement et surtout sainement de la viande et du poisson pour tout le monde.","breadcrumb":{"@id":"https:\/\/dev6.erresse-shop.it\/fr\/shop\/poeles-pots\/grils-a-steak\/le-creuset-gril-bistro-en-fonte-emaillee-32-cm-noir-mat\/#breadcrumb"},"inLanguage":"fr-FR","potentialAction":[{"@type":"ReadAction","target":["https:\/\/dev6.erresse-shop.it\/fr\/shop\/poeles-pots\/grils-a-steak\/le-creuset-gril-bistro-en-fonte-emaillee-32-cm-noir-mat\/"]}]},{"@type":"ImageObject","inLanguage":"fr-FR","@id":"https:\/\/dev6.erresse-shop.it\/fr\/shop\/poeles-pots\/grils-a-steak\/le-creuset-gril-bistro-en-fonte-emaillee-32-cm-noir-mat\/#primaryimage","url":"https:\/\/i2.wp.com\/interpim.erresse-shop.it\/Import\/Prodotti\/le-creuset-grill-rotondo-extralarge-32-cm-nero.png?ssl=1","contentUrl":"https:\/\/i2.wp.com\/interpim.erresse-shop.it\/Import\/Prodotti\/le-creuset-grill-rotondo-extralarge-32-cm-nero.png?ssl=1"},{"@type":"BreadcrumbList","@id":"https:\/\/dev6.erresse-shop.it\/fr\/shop\/poeles-pots\/grils-a-steak\/le-creuset-gril-bistro-en-fonte-emaillee-32-cm-noir-mat\/#breadcrumb","itemListElement":[{"@type":"ListItem","position":1,"name":"Home","item":"https:\/\/dev6.erresse-shop.it\/"},{"@type":"ListItem","position":2,"name":"Boutique","item":"https:\/\/dev6.erresse-shop.it\/shop\/"},{"@type":"ListItem","position":3,"name":"LE CREUSET Gril Bistro en fonte \u00e9maill\u00e9e 32 cm Noir Mat"}]},{"@type":"WebSite","@id":"https:\/\/dev6.erresse-shop.it\/#website","url":"https:\/\/dev6.erresse-shop.it\/","name":"Erresse Shop","description":"","publisher":{"@id":"https:\/\/dev6.erresse-shop.it\/#organization"},"potentialAction":[{"@type":"SearchAction","target":{"@type":"EntryPoint","urlTemplate":"https:\/\/dev6.erresse-shop.it\/?s={search_term_string}"},"query-input":{"@type":"PropertyValueSpecification","valueRequired":true,"valueName":"search_term_string"}}],"inLanguage":"fr-FR"},{"@type":"Organization","@id":"https:\/\/dev6.erresse-shop.it\/#organization","name":"Erresse Shop","url":"https:\/\/dev6.erresse-shop.it\/","logo":{"@type":"ImageObject","inLanguage":"fr-FR","@id":"https:\/\/dev6.erresse-shop.it\/#\/schema\/logo\/image\/","url":"https:\/\/dev6.erresse-shop.it\/wp-content\/uploads\/2025\/01\/LOGO-ERRESSE-CLASSICO.svg","contentUrl":"https:\/\/dev6.erresse-shop.it\/wp-content\/uploads\/2025\/01\/LOGO-ERRESSE-CLASSICO.svg","caption":"Erresse Shop"},"image":{"@id":"https:\/\/dev6.erresse-shop.it\/#\/schema\/logo\/image\/"}}]}},"df_price":144.4,"df_sale_price":144.4,"df_regular_price":169,"df_image_link":"https:\/\/i2.wp.com\/interpim.erresse-shop.it\/Import\/Prodotti\/le-creuset-grill-rotondo-extralarge-32-cm-nero.png?resize=300,300&ssl=1","fifu_image_url":"https:\/\/interpim.erresse-shop.it\/Import\/Prodotti\/le-creuset-grill-rotondo-extralarge-32-cm-nero.png","_links":{"self":[{"href":"https:\/\/dev6.erresse-shop.it\/fr\/wp-json\/wp\/v2\/product\/58087","targetHints":{"allow":["GET"]}}],"collection":[{"href":"https:\/\/dev6.erresse-shop.it\/fr\/wp-json\/wp\/v2\/product"}],"about":[{"href":"https:\/\/dev6.erresse-shop.it\/fr\/wp-json\/wp\/v2\/types\/product"}],"wp:featuredmedia":[{"embeddable":true,"href":"https:\/\/dev6.erresse-shop.it\/fr\/wp-json\/wp\/v2\/media\/6707668"}],"wp:attachment":[{"href":"https:\/\/dev6.erresse-shop.it\/fr\/wp-json\/wp\/v2\/media?parent=58087"}],"wp:term":[{"taxonomy":"product_cat","embeddable":true,"href":"https:\/\/dev6.erresse-shop.it\/fr\/wp-json\/wp\/v2\/product_cat?post=58087"},{"taxonomy":"product_tag","embeddable":true,"href":"https:\/\/dev6.erresse-shop.it\/fr\/wp-json\/wp\/v2\/product_tag?post=58087"}],"curies":[{"name":"wp","href":"https:\/\/api.w.org\/{rel}","templated":true}]}}