{"id":58039,"date":"2026-04-04T08:18:18","date_gmt":"2026-04-04T06:18:18","guid":{"rendered":"https:\/\/dev6.erresse-shop.it\/shop\/non%20class\u00e9\/le-creuset-sauteuse-anti-adherente-les-forgees-avec-poignee-dassistance-30-cm\/"},"modified":"2025-11-27T16:56:47","modified_gmt":"2025-11-27T15:56:47","slug":"le-creuset-sauteuse-anti-adherente-les-forgees-avec-poignee-dassistance-30-cm","status":"publish","type":"product","link":"https:\/\/dev6.erresse-shop.it\/fr\/shop\/poeles-pots\/le-creuset-sauteuse-anti-adherente-les-forgees-avec-poignee-dassistance-30-cm\/","title":{"rendered":"LE CREUSET Sauteuse Anti-Adh\u00e9rente Les Forg\u00e9es avec Poign\u00e9e d&#8217;Assistance 30 cm"},"content":{"rendered":"<p>Pr\u00e9parez de bons petits plats avec notre gamme Les Forg\u00e9es, cette po\u00eale \u00e0 rissoler profonde est propos\u00e9e avec notre rev\u00eatement anti-adh\u00e9rent le plus performant. Sa grande taille en fait le choix id\u00e9al pour pr\u00e9parer de d\u00e9licieuses recettes, que vous fassiez mijoter un plat en sauce ou saisir une pi\u00e8ce de viande. Un plaisir \u00e0 utiliser, un bonheur \u00e0 nettoyer.<\/p>\n<p>D\u00e9tails du Produit<br \/>\n\u2013 Caract\u00e9ristiques: \u00c9l\u00e9ments hautement compl\u00e9mentaires : couvrez vos cuissons pour d\u00e9multiplier les saveurs de vos plats en utilisant un couvercle en verre thermor\u00e9sistant sur votre po\u00eale pr\u00e9f\u00e9r\u00e9e. Articles vendus s\u00e9par\u00e9ment.<br \/>\nNettoyage en un clin d\u2019\u0153il : notre collection Les Forg\u00e9es est enduite d\u2019un rev\u00eatement anti-adh\u00e9rent, ainsi vos pr\u00e9parations n\u2019attachent pas et le nettoyage est une simple formalit\u00e9.<br \/>\nNotre meilleur rev\u00eatement anti-adh\u00e9rent : test\u00e9, fiable, garanti \u00e0 vie, et quatre fois plus r\u00e9sistant. (Il a \u00e9t\u00e9 test\u00e9 par un laboratoire ind\u00e9pendant sur la r\u00e9sistance \u00e0 l\u2019abrasion des ustensiles m\u00e9talliques.)<br \/>\nRobuste et solide : la conception anodis\u00e9e le rend plus r\u00e9sistant et permet une conduction et une r\u00e9partition efficace de la chaleur pour une cuisson uniforme.<br \/>\nCon\u00e7ues pour durer : vous cuisinerez avec nos po\u00eales r\u00e9sistantes \u00e0 l\u2019abrasion pendant de nombreuses ann\u00e9es.<br \/>\nDes cuissons plus saines : notre rev\u00eatement anti-adh\u00e9rent et sans PFOA permet de faire rissoler, dorer, blondir et sauter vos pr\u00e9parations, sans l\u2019ombre d\u2019une goutte d\u2019huile ou de toute mati\u00e8re grasse en g\u00e9n\u00e9ral.<br \/>\n\u2013 Mat\u00e9riau: Aluminium forg\u00e9 anodis\u00e9<br \/>\n\u2013 Garantie: Garantie \u00e0 vie<\/p>\n<p>Source de Chaleur<br \/>\n\u2013 Four<br \/>\n\u2013 Gril<br \/>\n\u2013 Plaque \u00e9lectrique<br \/>\n\u2013 Plaque de cuisson en vitroc\u00e9ramique<br \/>\n\u2013 Gaz<br \/>\n\u2013 Induction<\/p>\n<p>Dimensions<br \/>\n\u2013 Capacit\u00e9: 3.7 L<br \/>\n\u2013 Longueur: 55 cm<br \/>\n\u2013 Largeur: 31.1 cm<br \/>\n\u2013 Hauteur: 9.6 cm<\/p>\n<p>Entretien et Utilisation<br \/>\n\u2013 Conservation: Compatible Cong\u00e9lateur<br \/>\n\u2013 Entretien: Compatible lave-vaisselle<br \/>\n\u2013 Avant la premi\u00e8re utilisation: Prenez plaisir \u00e0 d\u00e9baller votre nouvel achat ! (Avant toute chose, veillez \u00e0 retirer les \u00e9tiquettes et l\u2019emballage.)<br \/>\nLavez votre produit Le Creuset \u00e0 l\u2019eau chaude avec du liquide vaisselle, puis rincez-le et s\u00e9chez-le soigneusement.<br \/>\n\u00c0 l\u2019aide d\u2019un essuie-tout, appliquez sur le rev\u00eatement anti-adh\u00e9rent de la surface int\u00e9rieure un peu d\u2019huile v\u00e9g\u00e9tale ou de ma\u00efs. Lorsque vous avez termin\u00e9, rincez votre produit \u00e0 l\u2019eau chaude, puis s\u00e9chez-le soigneusement.<br \/>\nN\u2019appliquez PAS d\u2019huile v\u00e9g\u00e9tale sur la paroi ext\u00e9rieure noire.<br \/>\n\u2013 Cuisine: Prot\u00e9gez-vous \u2013 toujours utiliser des gants de cuisine lors de la manipulation de vos ustensiles de cuisine chauds.<br \/>\nPour cuisiner, nous vous recommandons de n\u2019utiliser que les accessoires Le Creuset en silicone, en bois ou en plastique thermor\u00e9sistant. Les accessoires en m\u00e9tal doivent \u00eatre utiliser avec prudence. Ils ne doivent pas \u00eatre utilis\u00e9s de mani\u00e8re brutale ou incisive sur la surface du rev\u00eatement anti-adh\u00e9rent. Faites attention \u00e0 ne pas cogner vos accessoires en m\u00e9tal sur le rebord sup\u00e9rieur des produits enduits d\u2019un rev\u00eatement anti-adh\u00e9rent afin d\u2019\u00e9viter de les endommager. N\u2019utilisez PAS de batteur ou de mixeur \u00e9lectrique (secteur ou batterie), de lames de couteaux ou d\u2019accessoires et d\u2019instruments tranchants \u00e0 l\u2019int\u00e9rieur des po\u00eales et ustensiles de cuisine enduits d\u2019un rev\u00eatement anti-adh\u00e9rent afin d\u2019\u00e9viter d\u2019endommager ce dernier.<br \/>\nUtilisez le feu de cuisson de la taille la plus appropri\u00e9e \u00e0 votre produit. Cela vous permettra d\u2019obtenir des cuissons plus uniformes et d\u2019\u00e9viter d\u2019endommager les poign\u00e9es et les parois. Cette remarque s\u2019adresse tout particuli\u00e8rement aux plaques \u00e0 induction : si vous utilisez le mauvais feu de cuisson, la plaque risque de ne pas \u00ab reconna\u00eetre \u00bb le produit.<br \/>\nLa cuisson \u00e0 feu mod\u00e9r\u00e9 ou doux donne de meilleurs r\u00e9sultats, m\u00eame pour faire rissoler ou saisir vos ingr\u00e9dients. Laissez la po\u00eale monter progressivement en temp\u00e9rature pour intensifier les saveurs et obtenir des cuissons uniformes. Si vous devez utiliser un feu vif, baissez le r\u00e9glage d\u00e8s que la chaleur souhait\u00e9e sera atteinte.<br \/>\nPour une cuisson sans mati\u00e8re grasse, pr\u00e9chauffer votre produit \u00e0 feu mod\u00e9r\u00e9 environ 2 minutes. Puis ajoutez vos ingr\u00e9dients. N\u2019abandonnez pas votre produit sans surveillance et ne laissez pas le rev\u00eatement anti-adh\u00e9rent chauffer trop fort \u00e0 vide. Cela pourrait l\u2019endommager.<br \/>\nLa cuisson de mati\u00e8res grasses \u00e0 point de fum\u00e9e bas (l\u2019huile d\u2019olive par exemple) \u00e0 des temp\u00e9ratures sup\u00e9rieures peut endommager d\u00e9finitivement la surface anti-adh\u00e9rente, voire entra\u00eener une d\u00e9coloration. N\u2019utilisez pas d\u2019huiles en a\u00e9rosol en raison de leur point de fum\u00e9e relativement bas.<br \/>\nPour les cuissons sur plaque \u00e0 induction, \u00e9vitez d\u2019utiliser la fonction \u00ab boost \u00bb, car elle ne doit \u00eatre utilis\u00e9e que pour chauffer rapidement de grands volumes d\u2019eau.<br \/>\nNe faites jamais glisser le produit sur une plaque de cuisson\/plan de travail en verre, car cela pourrait endommager la base de l\u2019ustensile et rayer le verre. Il est pr\u00e9f\u00e9rable de toujours soulever votre ustensile pour le poser, l\u2019enlever ou le d\u00e9placer.<br \/>\nPour une utilisation sous le gril, laissez toujours un espace d\u2019au moins 6,5 cm entre la source de chaleur et la partie sup\u00e9rieure de votre produit.<br \/>\nPour obtenir de meilleurs r\u00e9sultats, placez votre produit sur une grille ou une plaque de cuisson. Ne placez jamais votre produit sur la base inf\u00e9rieure de votre four, cela entra\u00eenerait une cuisson plus rapide et incontr\u00f4l\u00e9e qui pourrait engendrer des dommages.<br \/>\n\u2013 Nettoyage: Laissez toujours refroidir le produit quelques minutes avant de le nettoyer. Lorsque le produit est chaud, ne l\u2019immergez pas dans de l\u2019eau froide et ne le remplissez pas d\u2019eau froide non plus, car la diff\u00e9rence extr\u00eame de temp\u00e9rature en surface cr\u00e9erait un choc thermique qui pourrait l\u2019endommager.<br \/>\nPour prolonger la dur\u00e9e de vie du rev\u00eatement anti-adh\u00e9rent, il est conseill\u00e9 de nettoyer votre ustensile \u00e0 la main avec du liquide vaisselle et de l\u2019eau chaude au lieu de le mettre au lave-vaisselle.<br \/>\nN\u2019utilisez pas de d\u00e9tergent d\u00e9capant, d\u2019\u00e9ponge avec rev\u00eatement abrasif ou en m\u00e9tal ou encore de brosse \u00e0 r\u00e9curer \u00e0 poils durs et agressifs, sur toutes les surfaces.<\/p>\n","protected":false},"excerpt":{"rendered":"<p>Pr\u00e9parez de bons petits plats avec notre gamme Les Forg\u00e9es, cette po\u00eale \u00e0 rissoler profonde est propos\u00e9e avec notre rev\u00eatement anti-adh\u00e9rent le plus performant. Sa grande taille en fait le choix id\u00e9al pour pr\u00e9parer de d\u00e9licieuses recettes, que vous fassiez mijoter un plat en sauce ou saisir une pi\u00e8ce de viande. Un plaisir \u00e0 utiliser, [&hellip;]<\/p>\n","protected":false},"featured_media":6262897,"template":"","meta":{"_acf_changed":false},"product_cat":[11991],"product_tag":[],"class_list":{"0":"post-58039","1":"product","2":"type-product","3":"status-publish","4":"has-post-thumbnail","6":"product_cat-poeles-pots","8":"first","9":"instock","10":"sale","11":"taxable","12":"shipping-taxable","13":"purchasable","14":"product-type-simple","swatches":"rey-swatches","show_selected":"","stretch_labels":"rey-swatches--stretch-labels"},"acf":[],"yoast_head":"<!-- This site is optimized with the Yoast SEO plugin v25.4 - https:\/\/yoast.com\/wordpress\/plugins\/seo\/ -->\n<title>LE CREUSET Sauteuse Anti-Adh\u00e9rente Les Forg\u00e9es avec Poign\u00e9e d&#8217;Assistance 30 cm - dev6 Erresse<\/title>\n<meta name=\"description\" content=\"Pr\u00e9parez de bons petits plats avec notre gamme Les Forg\u00e9es, cette po\u00eale \u00e0 rissoler profonde est propos\u00e9e avec notre rev\u00eatement anti-adh\u00e9rent le plus\" \/>\n<meta name=\"robots\" content=\"noindex, follow, max-snippet:-1, max-image-preview:large, max-video-preview:-1\" \/>\n<meta property=\"og:locale\" content=\"fr_FR\" \/>\n<meta property=\"og:type\" content=\"article\" \/>\n<meta property=\"og:title\" content=\"LE CREUSET Sauteuse Anti-Adh\u00e9rente Les Forg\u00e9es avec Poign\u00e9e d&#8217;Assistance 30 cm - dev6 Erresse\" \/>\n<meta property=\"og:description\" content=\"Pr\u00e9parez de bons petits plats avec notre gamme Les Forg\u00e9es, cette po\u00eale \u00e0 rissoler profonde est propos\u00e9e avec notre rev\u00eatement anti-adh\u00e9rent le plus\" \/>\n<meta property=\"og:url\" content=\"https:\/\/dev6.erresse-shop.it\/fr\/shop\/poeles-pots\/le-creuset-sauteuse-anti-adherente-les-forgees-avec-poignee-dassistance-30-cm\/\" \/>\n<meta property=\"og:site_name\" content=\"dev6 Erresse\" \/>\n<meta property=\"og:image\" content=\"https:\/\/interpim.erresse-shop.it\/Import\/Prodotti\/le-creuset-padella.alta_.maniglia.alluminio.jpg\" \/><meta property=\"og:image\" content=\"https:\/\/interpim.erresse-shop.it\/Import\/Prodotti\/le-creuset-padella.alta_.maniglia.alluminio.jpg\" \/>\n\t<meta property=\"og:image:width\" content=\"1024\" \/>\n\t<meta property=\"og:image:height\" content=\"1024\" \/>\n\t<meta property=\"og:image:type\" content=\"image\/jpeg\" \/>\n<meta name=\"twitter:card\" content=\"summary_large_image\" \/>\n<meta name=\"twitter:image\" content=\"https:\/\/interpim.erresse-shop.it\/Import\/Prodotti\/le-creuset-padella.alta_.maniglia.alluminio.jpg\" \/>\n<script type=\"application\/ld+json\" class=\"yoast-schema-graph\">{\"@context\":\"https:\/\/schema.org\",\"@graph\":[{\"@type\":\"WebPage\",\"@id\":\"https:\/\/dev6.erresse-shop.it\/fr\/shop\/poeles-pots\/le-creuset-sauteuse-anti-adherente-les-forgees-avec-poignee-dassistance-30-cm\/\",\"url\":\"https:\/\/dev6.erresse-shop.it\/fr\/shop\/poeles-pots\/le-creuset-sauteuse-anti-adherente-les-forgees-avec-poignee-dassistance-30-cm\/\",\"name\":\"LE CREUSET Sauteuse Anti-Adh\u00e9rente Les Forg\u00e9es avec Poign\u00e9e d&#8217;Assistance 30 cm - dev6 Erresse\",\"isPartOf\":{\"@id\":\"https:\/\/dev6.erresse-shop.it\/#website\"},\"primaryImageOfPage\":{\"@id\":\"https:\/\/dev6.erresse-shop.it\/fr\/shop\/poeles-pots\/le-creuset-sauteuse-anti-adherente-les-forgees-avec-poignee-dassistance-30-cm\/#primaryimage\"},\"image\":{\"@id\":\"https:\/\/dev6.erresse-shop.it\/fr\/shop\/poeles-pots\/le-creuset-sauteuse-anti-adherente-les-forgees-avec-poignee-dassistance-30-cm\/#primaryimage\"},\"thumbnailUrl\":\"https:\/\/i3.wp.com\/interpim.erresse-shop.it\/Import\/Prodotti\/le-creuset-padella.alta_.maniglia.alluminio.jpg?ssl=1\",\"datePublished\":\"2026-04-04T06:18:18+00:00\",\"description\":\"Pr\u00e9parez de bons petits plats avec notre gamme Les Forg\u00e9es, cette po\u00eale \u00e0 rissoler profonde est propos\u00e9e avec notre rev\u00eatement anti-adh\u00e9rent le plus\",\"breadcrumb\":{\"@id\":\"https:\/\/dev6.erresse-shop.it\/fr\/shop\/poeles-pots\/le-creuset-sauteuse-anti-adherente-les-forgees-avec-poignee-dassistance-30-cm\/#breadcrumb\"},\"inLanguage\":\"fr-FR\",\"potentialAction\":[{\"@type\":\"ReadAction\",\"target\":[\"https:\/\/dev6.erresse-shop.it\/fr\/shop\/poeles-pots\/le-creuset-sauteuse-anti-adherente-les-forgees-avec-poignee-dassistance-30-cm\/\"]}]},{\"@type\":\"ImageObject\",\"inLanguage\":\"fr-FR\",\"@id\":\"https:\/\/dev6.erresse-shop.it\/fr\/shop\/poeles-pots\/le-creuset-sauteuse-anti-adherente-les-forgees-avec-poignee-dassistance-30-cm\/#primaryimage\",\"url\":\"https:\/\/i3.wp.com\/interpim.erresse-shop.it\/Import\/Prodotti\/le-creuset-padella.alta_.maniglia.alluminio.jpg?ssl=1\",\"contentUrl\":\"https:\/\/i3.wp.com\/interpim.erresse-shop.it\/Import\/Prodotti\/le-creuset-padella.alta_.maniglia.alluminio.jpg?ssl=1\"},{\"@type\":\"BreadcrumbList\",\"@id\":\"https:\/\/dev6.erresse-shop.it\/fr\/shop\/poeles-pots\/le-creuset-sauteuse-anti-adherente-les-forgees-avec-poignee-dassistance-30-cm\/#breadcrumb\",\"itemListElement\":[{\"@type\":\"ListItem\",\"position\":1,\"name\":\"Home\",\"item\":\"https:\/\/dev6.erresse-shop.it\/\"},{\"@type\":\"ListItem\",\"position\":2,\"name\":\"Boutique\",\"item\":\"https:\/\/dev6.erresse-shop.it\/shop\/\"},{\"@type\":\"ListItem\",\"position\":3,\"name\":\"LE CREUSET Sauteuse Anti-Adh\u00e9rente Les Forg\u00e9es avec Poign\u00e9e d&#8217;Assistance 30 cm\"}]},{\"@type\":\"WebSite\",\"@id\":\"https:\/\/dev6.erresse-shop.it\/#website\",\"url\":\"https:\/\/dev6.erresse-shop.it\/\",\"name\":\"Erresse Shop\",\"description\":\"\",\"publisher\":{\"@id\":\"https:\/\/dev6.erresse-shop.it\/#organization\"},\"potentialAction\":[{\"@type\":\"SearchAction\",\"target\":{\"@type\":\"EntryPoint\",\"urlTemplate\":\"https:\/\/dev6.erresse-shop.it\/?s={search_term_string}\"},\"query-input\":{\"@type\":\"PropertyValueSpecification\",\"valueRequired\":true,\"valueName\":\"search_term_string\"}}],\"inLanguage\":\"fr-FR\"},{\"@type\":\"Organization\",\"@id\":\"https:\/\/dev6.erresse-shop.it\/#organization\",\"name\":\"Erresse Shop\",\"url\":\"https:\/\/dev6.erresse-shop.it\/\",\"logo\":{\"@type\":\"ImageObject\",\"inLanguage\":\"fr-FR\",\"@id\":\"https:\/\/dev6.erresse-shop.it\/#\/schema\/logo\/image\/\",\"url\":\"https:\/\/dev6.erresse-shop.it\/wp-content\/uploads\/2025\/01\/LOGO-ERRESSE-CLASSICO.svg\",\"contentUrl\":\"https:\/\/dev6.erresse-shop.it\/wp-content\/uploads\/2025\/01\/LOGO-ERRESSE-CLASSICO.svg\",\"caption\":\"Erresse Shop\"},\"image\":{\"@id\":\"https:\/\/dev6.erresse-shop.it\/#\/schema\/logo\/image\/\"}}]}<\/script>\n<!-- \/ Yoast SEO plugin. -->","yoast_head_json":{"title":"LE CREUSET Sauteuse Anti-Adh\u00e9rente Les Forg\u00e9es avec Poign\u00e9e d&#8217;Assistance 30 cm - dev6 Erresse","description":"Pr\u00e9parez de bons petits plats avec notre gamme Les Forg\u00e9es, cette po\u00eale \u00e0 rissoler profonde est propos\u00e9e avec notre rev\u00eatement anti-adh\u00e9rent le plus","robots":{"index":"noindex","follow":"follow","max-snippet":"max-snippet:-1","max-image-preview":"max-image-preview:large","max-video-preview":"max-video-preview:-1"},"og_locale":"fr_FR","og_type":"article","og_title":"LE CREUSET Sauteuse Anti-Adh\u00e9rente Les Forg\u00e9es avec Poign\u00e9e d&#8217;Assistance 30 cm - dev6 Erresse","og_description":"Pr\u00e9parez de bons petits plats avec notre gamme Les Forg\u00e9es, cette po\u00eale \u00e0 rissoler profonde est propos\u00e9e avec notre rev\u00eatement anti-adh\u00e9rent le plus","og_url":"https:\/\/dev6.erresse-shop.it\/fr\/shop\/poeles-pots\/le-creuset-sauteuse-anti-adherente-les-forgees-avec-poignee-dassistance-30-cm\/","og_site_name":"dev6 Erresse","og_image":[{"url":"https:\/\/interpim.erresse-shop.it\/Import\/Prodotti\/le-creuset-padella.alta_.maniglia.alluminio.jpg","type":"","width":"","height":""},{"url":"https:\/\/interpim.erresse-shop.it\/Import\/Prodotti\/le-creuset-padella.alta_.maniglia.alluminio.jpg","width":1024,"height":1024,"type":"image\/jpeg"}],"twitter_card":"summary_large_image","twitter_image":"https:\/\/interpim.erresse-shop.it\/Import\/Prodotti\/le-creuset-padella.alta_.maniglia.alluminio.jpg","schema":{"@context":"https:\/\/schema.org","@graph":[{"@type":"WebPage","@id":"https:\/\/dev6.erresse-shop.it\/fr\/shop\/poeles-pots\/le-creuset-sauteuse-anti-adherente-les-forgees-avec-poignee-dassistance-30-cm\/","url":"https:\/\/dev6.erresse-shop.it\/fr\/shop\/poeles-pots\/le-creuset-sauteuse-anti-adherente-les-forgees-avec-poignee-dassistance-30-cm\/","name":"LE CREUSET Sauteuse Anti-Adh\u00e9rente Les Forg\u00e9es avec Poign\u00e9e d&#8217;Assistance 30 cm - dev6 Erresse","isPartOf":{"@id":"https:\/\/dev6.erresse-shop.it\/#website"},"primaryImageOfPage":{"@id":"https:\/\/dev6.erresse-shop.it\/fr\/shop\/poeles-pots\/le-creuset-sauteuse-anti-adherente-les-forgees-avec-poignee-dassistance-30-cm\/#primaryimage"},"image":{"@id":"https:\/\/dev6.erresse-shop.it\/fr\/shop\/poeles-pots\/le-creuset-sauteuse-anti-adherente-les-forgees-avec-poignee-dassistance-30-cm\/#primaryimage"},"thumbnailUrl":"https:\/\/i3.wp.com\/interpim.erresse-shop.it\/Import\/Prodotti\/le-creuset-padella.alta_.maniglia.alluminio.jpg?ssl=1","datePublished":"2026-04-04T06:18:18+00:00","description":"Pr\u00e9parez de bons petits plats avec notre gamme Les Forg\u00e9es, cette po\u00eale \u00e0 rissoler profonde est propos\u00e9e avec notre rev\u00eatement anti-adh\u00e9rent le plus","breadcrumb":{"@id":"https:\/\/dev6.erresse-shop.it\/fr\/shop\/poeles-pots\/le-creuset-sauteuse-anti-adherente-les-forgees-avec-poignee-dassistance-30-cm\/#breadcrumb"},"inLanguage":"fr-FR","potentialAction":[{"@type":"ReadAction","target":["https:\/\/dev6.erresse-shop.it\/fr\/shop\/poeles-pots\/le-creuset-sauteuse-anti-adherente-les-forgees-avec-poignee-dassistance-30-cm\/"]}]},{"@type":"ImageObject","inLanguage":"fr-FR","@id":"https:\/\/dev6.erresse-shop.it\/fr\/shop\/poeles-pots\/le-creuset-sauteuse-anti-adherente-les-forgees-avec-poignee-dassistance-30-cm\/#primaryimage","url":"https:\/\/i3.wp.com\/interpim.erresse-shop.it\/Import\/Prodotti\/le-creuset-padella.alta_.maniglia.alluminio.jpg?ssl=1","contentUrl":"https:\/\/i3.wp.com\/interpim.erresse-shop.it\/Import\/Prodotti\/le-creuset-padella.alta_.maniglia.alluminio.jpg?ssl=1"},{"@type":"BreadcrumbList","@id":"https:\/\/dev6.erresse-shop.it\/fr\/shop\/poeles-pots\/le-creuset-sauteuse-anti-adherente-les-forgees-avec-poignee-dassistance-30-cm\/#breadcrumb","itemListElement":[{"@type":"ListItem","position":1,"name":"Home","item":"https:\/\/dev6.erresse-shop.it\/"},{"@type":"ListItem","position":2,"name":"Boutique","item":"https:\/\/dev6.erresse-shop.it\/shop\/"},{"@type":"ListItem","position":3,"name":"LE CREUSET Sauteuse Anti-Adh\u00e9rente Les Forg\u00e9es avec Poign\u00e9e d&#8217;Assistance 30 cm"}]},{"@type":"WebSite","@id":"https:\/\/dev6.erresse-shop.it\/#website","url":"https:\/\/dev6.erresse-shop.it\/","name":"Erresse Shop","description":"","publisher":{"@id":"https:\/\/dev6.erresse-shop.it\/#organization"},"potentialAction":[{"@type":"SearchAction","target":{"@type":"EntryPoint","urlTemplate":"https:\/\/dev6.erresse-shop.it\/?s={search_term_string}"},"query-input":{"@type":"PropertyValueSpecification","valueRequired":true,"valueName":"search_term_string"}}],"inLanguage":"fr-FR"},{"@type":"Organization","@id":"https:\/\/dev6.erresse-shop.it\/#organization","name":"Erresse Shop","url":"https:\/\/dev6.erresse-shop.it\/","logo":{"@type":"ImageObject","inLanguage":"fr-FR","@id":"https:\/\/dev6.erresse-shop.it\/#\/schema\/logo\/image\/","url":"https:\/\/dev6.erresse-shop.it\/wp-content\/uploads\/2025\/01\/LOGO-ERRESSE-CLASSICO.svg","contentUrl":"https:\/\/dev6.erresse-shop.it\/wp-content\/uploads\/2025\/01\/LOGO-ERRESSE-CLASSICO.svg","caption":"Erresse Shop"},"image":{"@id":"https:\/\/dev6.erresse-shop.it\/#\/schema\/logo\/image\/"}}]}},"df_price":149.95,"df_sale_price":149.95,"df_regular_price":215,"df_image_link":"https:\/\/i3.wp.com\/interpim.erresse-shop.it\/Import\/Prodotti\/le-creuset-padella.alta_.maniglia.alluminio.jpg?resize=300,300&ssl=1","fifu_image_url":"https:\/\/interpim.erresse-shop.it\/Import\/Prodotti\/le-creuset-padella.alta_.maniglia.alluminio.jpg","_links":{"self":[{"href":"https:\/\/dev6.erresse-shop.it\/fr\/wp-json\/wp\/v2\/product\/58039","targetHints":{"allow":["GET"]}}],"collection":[{"href":"https:\/\/dev6.erresse-shop.it\/fr\/wp-json\/wp\/v2\/product"}],"about":[{"href":"https:\/\/dev6.erresse-shop.it\/fr\/wp-json\/wp\/v2\/types\/product"}],"wp:featuredmedia":[{"embeddable":true,"href":"https:\/\/dev6.erresse-shop.it\/fr\/wp-json\/wp\/v2\/media\/6262897"}],"wp:attachment":[{"href":"https:\/\/dev6.erresse-shop.it\/fr\/wp-json\/wp\/v2\/media?parent=58039"}],"wp:term":[{"taxonomy":"product_cat","embeddable":true,"href":"https:\/\/dev6.erresse-shop.it\/fr\/wp-json\/wp\/v2\/product_cat?post=58039"},{"taxonomy":"product_tag","embeddable":true,"href":"https:\/\/dev6.erresse-shop.it\/fr\/wp-json\/wp\/v2\/product_tag?post=58039"}],"curies":[{"name":"wp","href":"https:\/\/api.w.org\/{rel}","templated":true}]}}