{"id":58015,"date":"2026-04-21T01:34:34","date_gmt":"2026-04-20T23:34:34","guid":{"rendered":"https:\/\/dev6.erresse-shop.it\/shop\/non%20class\u00e9\/le-creuset-lm-250-modele-a-levier-en-aluminium-brosse-avec-coupe-capsule\/"},"modified":"2025-09-14T04:05:47","modified_gmt":"2025-09-14T02:05:47","slug":"le-creuset-lm-250-modele-a-levier-en-aluminium-brosse-avec-coupe-capsule","status":"publish","type":"product","link":"https:\/\/dev6.erresse-shop.it\/fr\/shop\/table-fr-2\/vin\/tire-bouchons\/le-creuset-lm-250-modele-a-levier-en-aluminium-brosse-avec-coupe-capsule\/","title":{"rendered":"LE CREUSET LM-250 Mod\u00e8le \u00e0 Levier en Aluminium Bross\u00e9 avec Coupe Capsule"},"content":{"rendered":"<p>Performance in\u00e9gal\u00e9e. Rigoureusement test\u00e9. Hautement appr\u00e9ci\u00e9. Ouvrez une bouteille de vin en un tour de main avec cette merveille de technologie. Les courbes du tire-bouchon \u00e0 levier original de Herbert Allen ont \u00e9t\u00e9 redessin\u00e9es avec un design contemporain. Aucun bouchon ne r\u00e9sistera \u00e0 sa technologie de rotation innovante.<\/p>\n<p>D\u00e9tails du Produit<br \/>\n\u2013 Mat\u00e9riau: Thermoplastique<br \/>\n\u2013 Garantie: 10 Ans<\/p>\n<p>Dimensions<br \/>\n\u2013 Longueur: 20.5 cm<br \/>\n\u2013 Largeur: 14 cm<br \/>\n\u2013 Hauteur: 6 cm<\/p>\n<p>Entretien et Utilisation<br \/>\n\u2013 Avant la premi\u00e8re utilisation: Avant d\u2019utiliser pour la premi\u00e8re fois votre accessoire pour le vin, prenez le temps de lire les consignes d\u2019utilisation adapt\u00e9es aux sp\u00e9cificit\u00e9s de votre mod\u00e8le.<br \/>\n\u2013 Nettoyage: Prudence en le nettoyant, la pointe du tire-bouchon est tranchante !<br \/>\nNettoyez votre tire-bouchon de temps en temps, \u00e0 l\u2019aide d\u2019un chiffon humide ou d\u2019eau chaude avec du liquide vaisselle.<br \/>\nS\u00e9chez-le bien ensuite et rangez-le dans un endroit sec.<br \/>\n\u2013 Utilisation: D\u00e9coupez la capsule recouvrant le bouchon et v\u00e9rifiez que le goulot et le bord de la bouteille sont exempts d\u2019\u00e9clats et de fissures.<br \/>\nMaintenez la bouteille sur une surface solide et plane lorsque vous l\u2019ouvrez.<br \/>\nPrudence \u00e0 l\u2019ouverture, la pointe du tire-bouchon est tranchante ! Assurez-vous que le tire-bouchon est toujours bien en place sur le goulot de la bouteille avant de l\u2019ouvrir.<br \/>\nBesoin de changer une vis us\u00e9e ? D\u00e9vissez le cache protecteur en chrome, retirez l\u2019ancienne vis puis ins\u00e9rez votre nouvelle vis et remettez le cache protecteur en place. Consultez toujours en premier lieu les consignes d\u2019utilisation adapt\u00e9es aux sp\u00e9cificit\u00e9s de votre mod\u00e8le.<\/p>\n","protected":false},"excerpt":{"rendered":"<p>Performance in\u00e9gal\u00e9e. Rigoureusement test\u00e9. Hautement appr\u00e9ci\u00e9. Ouvrez une bouteille de vin en un tour de main avec cette merveille de technologie. Les courbes du tire-bouchon \u00e0 levier original de Herbert Allen ont \u00e9t\u00e9 redessin\u00e9es avec un design contemporain. Aucun bouchon ne r\u00e9sistera \u00e0 sa technologie de rotation innovante. D\u00e9tails du Produit \u2013 Mat\u00e9riau: Thermoplastique \u2013 [&hellip;]<\/p>\n","protected":false},"featured_media":6707107,"template":"","meta":{"_acf_changed":false},"product_cat":[11995,12080,12069,11745],"product_tag":[],"class_list":{"0":"post-58015","1":"product","2":"type-product","3":"status-publish","4":"has-post-thumbnail","6":"product_cat-table-fr-2","7":"product_cat-tire-bouchons","8":"product_cat-vin","9":"product_cat-enoteca-bar-cavatappi-vino","11":"first","12":"instock","13":"sale","14":"taxable","15":"shipping-taxable","16":"purchasable","17":"product-type-simple","swatches":"rey-swatches","show_selected":"","stretch_labels":"rey-swatches--stretch-labels"},"acf":[],"yoast_head":"<!-- This site is optimized with the Yoast SEO plugin v25.4 - https:\/\/yoast.com\/wordpress\/plugins\/seo\/ -->\n<title>LE CREUSET LM-250 Mod\u00e8le \u00e0 Levier en Aluminium Bross\u00e9 avec Coupe Capsule - dev6 Erresse<\/title>\n<meta name=\"description\" content=\"Performance in\u00e9gal\u00e9e. Rigoureusement test\u00e9. Hautement appr\u00e9ci\u00e9. Ouvrez une bouteille de vin en un tour de main avec cette merveille de technologie. Les\" \/>\n<meta name=\"robots\" content=\"noindex, follow, max-snippet:-1, max-image-preview:large, max-video-preview:-1\" \/>\n<meta property=\"og:locale\" content=\"fr_FR\" \/>\n<meta property=\"og:type\" content=\"article\" \/>\n<meta property=\"og:title\" content=\"LE CREUSET LM-250 Mod\u00e8le \u00e0 Levier en Aluminium Bross\u00e9 avec Coupe Capsule - dev6 Erresse\" \/>\n<meta property=\"og:description\" content=\"Performance in\u00e9gal\u00e9e. Rigoureusement test\u00e9. Hautement appr\u00e9ci\u00e9. Ouvrez une bouteille de vin en un tour de main avec cette merveille de technologie. Les\" \/>\n<meta property=\"og:url\" content=\"https:\/\/dev6.erresse-shop.it\/fr\/shop\/table-fr-2\/vin\/tire-bouchons\/le-creuset-lm-250-modele-a-levier-en-aluminium-brosse-avec-coupe-capsule\/\" \/>\n<meta property=\"og:site_name\" content=\"dev6 Erresse\" \/>\n<meta property=\"og:image\" content=\"https:\/\/interpim.erresse-shop.it\/Import\/Prodotti\/le-creuset-cavatappi-lm250-acciaio-5.jpg\" \/><meta property=\"og:image\" content=\"https:\/\/interpim.erresse-shop.it\/Import\/Prodotti\/le-creuset-cavatappi-lm250-acciaio-5.jpg\" \/>\n\t<meta property=\"og:image:width\" content=\"1024\" \/>\n\t<meta property=\"og:image:height\" content=\"1024\" \/>\n\t<meta property=\"og:image:type\" content=\"image\/jpeg\" \/>\n<meta name=\"twitter:card\" content=\"summary_large_image\" \/>\n<meta name=\"twitter:image\" content=\"https:\/\/interpim.erresse-shop.it\/Import\/Prodotti\/le-creuset-cavatappi-lm250-acciaio-5.jpg\" \/>\n<script type=\"application\/ld+json\" class=\"yoast-schema-graph\">{\"@context\":\"https:\/\/schema.org\",\"@graph\":[{\"@type\":\"WebPage\",\"@id\":\"https:\/\/dev6.erresse-shop.it\/fr\/shop\/table-fr-2\/vin\/tire-bouchons\/le-creuset-lm-250-modele-a-levier-en-aluminium-brosse-avec-coupe-capsule\/\",\"url\":\"https:\/\/dev6.erresse-shop.it\/fr\/shop\/table-fr-2\/vin\/tire-bouchons\/le-creuset-lm-250-modele-a-levier-en-aluminium-brosse-avec-coupe-capsule\/\",\"name\":\"LE CREUSET LM-250 Mod\u00e8le \u00e0 Levier en Aluminium Bross\u00e9 avec Coupe Capsule - dev6 Erresse\",\"isPartOf\":{\"@id\":\"https:\/\/dev6.erresse-shop.it\/#website\"},\"primaryImageOfPage\":{\"@id\":\"https:\/\/dev6.erresse-shop.it\/fr\/shop\/table-fr-2\/vin\/tire-bouchons\/le-creuset-lm-250-modele-a-levier-en-aluminium-brosse-avec-coupe-capsule\/#primaryimage\"},\"image\":{\"@id\":\"https:\/\/dev6.erresse-shop.it\/fr\/shop\/table-fr-2\/vin\/tire-bouchons\/le-creuset-lm-250-modele-a-levier-en-aluminium-brosse-avec-coupe-capsule\/#primaryimage\"},\"thumbnailUrl\":\"https:\/\/i1.wp.com\/interpim.erresse-shop.it\/Import\/Prodotti\/le-creuset-cavatappi-lm250-acciaio-5.jpg?ssl=1\",\"datePublished\":\"2026-04-20T23:34:34+00:00\",\"description\":\"Performance in\u00e9gal\u00e9e. Rigoureusement test\u00e9. Hautement appr\u00e9ci\u00e9. Ouvrez une bouteille de vin en un tour de main avec cette merveille de technologie. Les\",\"breadcrumb\":{\"@id\":\"https:\/\/dev6.erresse-shop.it\/fr\/shop\/table-fr-2\/vin\/tire-bouchons\/le-creuset-lm-250-modele-a-levier-en-aluminium-brosse-avec-coupe-capsule\/#breadcrumb\"},\"inLanguage\":\"fr-FR\",\"potentialAction\":[{\"@type\":\"ReadAction\",\"target\":[\"https:\/\/dev6.erresse-shop.it\/fr\/shop\/table-fr-2\/vin\/tire-bouchons\/le-creuset-lm-250-modele-a-levier-en-aluminium-brosse-avec-coupe-capsule\/\"]}]},{\"@type\":\"ImageObject\",\"inLanguage\":\"fr-FR\",\"@id\":\"https:\/\/dev6.erresse-shop.it\/fr\/shop\/table-fr-2\/vin\/tire-bouchons\/le-creuset-lm-250-modele-a-levier-en-aluminium-brosse-avec-coupe-capsule\/#primaryimage\",\"url\":\"https:\/\/i1.wp.com\/interpim.erresse-shop.it\/Import\/Prodotti\/le-creuset-cavatappi-lm250-acciaio-5.jpg?ssl=1\",\"contentUrl\":\"https:\/\/i1.wp.com\/interpim.erresse-shop.it\/Import\/Prodotti\/le-creuset-cavatappi-lm250-acciaio-5.jpg?ssl=1\"},{\"@type\":\"BreadcrumbList\",\"@id\":\"https:\/\/dev6.erresse-shop.it\/fr\/shop\/table-fr-2\/vin\/tire-bouchons\/le-creuset-lm-250-modele-a-levier-en-aluminium-brosse-avec-coupe-capsule\/#breadcrumb\",\"itemListElement\":[{\"@type\":\"ListItem\",\"position\":1,\"name\":\"Home\",\"item\":\"https:\/\/dev6.erresse-shop.it\/\"},{\"@type\":\"ListItem\",\"position\":2,\"name\":\"Boutique\",\"item\":\"https:\/\/dev6.erresse-shop.it\/shop\/\"},{\"@type\":\"ListItem\",\"position\":3,\"name\":\"LE CREUSET LM-250 Mod\u00e8le \u00e0 Levier en Aluminium Bross\u00e9 avec Coupe Capsule\"}]},{\"@type\":\"WebSite\",\"@id\":\"https:\/\/dev6.erresse-shop.it\/#website\",\"url\":\"https:\/\/dev6.erresse-shop.it\/\",\"name\":\"Erresse Shop\",\"description\":\"\",\"publisher\":{\"@id\":\"https:\/\/dev6.erresse-shop.it\/#organization\"},\"potentialAction\":[{\"@type\":\"SearchAction\",\"target\":{\"@type\":\"EntryPoint\",\"urlTemplate\":\"https:\/\/dev6.erresse-shop.it\/?s={search_term_string}\"},\"query-input\":{\"@type\":\"PropertyValueSpecification\",\"valueRequired\":true,\"valueName\":\"search_term_string\"}}],\"inLanguage\":\"fr-FR\"},{\"@type\":\"Organization\",\"@id\":\"https:\/\/dev6.erresse-shop.it\/#organization\",\"name\":\"Erresse Shop\",\"url\":\"https:\/\/dev6.erresse-shop.it\/\",\"logo\":{\"@type\":\"ImageObject\",\"inLanguage\":\"fr-FR\",\"@id\":\"https:\/\/dev6.erresse-shop.it\/#\/schema\/logo\/image\/\",\"url\":\"https:\/\/dev6.erresse-shop.it\/wp-content\/uploads\/2025\/01\/LOGO-ERRESSE-CLASSICO.svg\",\"contentUrl\":\"https:\/\/dev6.erresse-shop.it\/wp-content\/uploads\/2025\/01\/LOGO-ERRESSE-CLASSICO.svg\",\"caption\":\"Erresse Shop\"},\"image\":{\"@id\":\"https:\/\/dev6.erresse-shop.it\/#\/schema\/logo\/image\/\"}}]}<\/script>\n<!-- \/ Yoast SEO plugin. -->","yoast_head_json":{"title":"LE CREUSET LM-250 Mod\u00e8le \u00e0 Levier en Aluminium Bross\u00e9 avec Coupe Capsule - dev6 Erresse","description":"Performance in\u00e9gal\u00e9e. Rigoureusement test\u00e9. Hautement appr\u00e9ci\u00e9. Ouvrez une bouteille de vin en un tour de main avec cette merveille de technologie. Les","robots":{"index":"noindex","follow":"follow","max-snippet":"max-snippet:-1","max-image-preview":"max-image-preview:large","max-video-preview":"max-video-preview:-1"},"og_locale":"fr_FR","og_type":"article","og_title":"LE CREUSET LM-250 Mod\u00e8le \u00e0 Levier en Aluminium Bross\u00e9 avec Coupe Capsule - dev6 Erresse","og_description":"Performance in\u00e9gal\u00e9e. Rigoureusement test\u00e9. Hautement appr\u00e9ci\u00e9. Ouvrez une bouteille de vin en un tour de main avec cette merveille de technologie. Les","og_url":"https:\/\/dev6.erresse-shop.it\/fr\/shop\/table-fr-2\/vin\/tire-bouchons\/le-creuset-lm-250-modele-a-levier-en-aluminium-brosse-avec-coupe-capsule\/","og_site_name":"dev6 Erresse","og_image":[{"url":"https:\/\/interpim.erresse-shop.it\/Import\/Prodotti\/le-creuset-cavatappi-lm250-acciaio-5.jpg","type":"","width":"","height":""},{"url":"https:\/\/interpim.erresse-shop.it\/Import\/Prodotti\/le-creuset-cavatappi-lm250-acciaio-5.jpg","width":1024,"height":1024,"type":"image\/jpeg"}],"twitter_card":"summary_large_image","twitter_image":"https:\/\/interpim.erresse-shop.it\/Import\/Prodotti\/le-creuset-cavatappi-lm250-acciaio-5.jpg","schema":{"@context":"https:\/\/schema.org","@graph":[{"@type":"WebPage","@id":"https:\/\/dev6.erresse-shop.it\/fr\/shop\/table-fr-2\/vin\/tire-bouchons\/le-creuset-lm-250-modele-a-levier-en-aluminium-brosse-avec-coupe-capsule\/","url":"https:\/\/dev6.erresse-shop.it\/fr\/shop\/table-fr-2\/vin\/tire-bouchons\/le-creuset-lm-250-modele-a-levier-en-aluminium-brosse-avec-coupe-capsule\/","name":"LE CREUSET LM-250 Mod\u00e8le \u00e0 Levier en Aluminium Bross\u00e9 avec Coupe Capsule - dev6 Erresse","isPartOf":{"@id":"https:\/\/dev6.erresse-shop.it\/#website"},"primaryImageOfPage":{"@id":"https:\/\/dev6.erresse-shop.it\/fr\/shop\/table-fr-2\/vin\/tire-bouchons\/le-creuset-lm-250-modele-a-levier-en-aluminium-brosse-avec-coupe-capsule\/#primaryimage"},"image":{"@id":"https:\/\/dev6.erresse-shop.it\/fr\/shop\/table-fr-2\/vin\/tire-bouchons\/le-creuset-lm-250-modele-a-levier-en-aluminium-brosse-avec-coupe-capsule\/#primaryimage"},"thumbnailUrl":"https:\/\/i1.wp.com\/interpim.erresse-shop.it\/Import\/Prodotti\/le-creuset-cavatappi-lm250-acciaio-5.jpg?ssl=1","datePublished":"2026-04-20T23:34:34+00:00","description":"Performance in\u00e9gal\u00e9e. Rigoureusement test\u00e9. Hautement appr\u00e9ci\u00e9. Ouvrez une bouteille de vin en un tour de main avec cette merveille de technologie. Les","breadcrumb":{"@id":"https:\/\/dev6.erresse-shop.it\/fr\/shop\/table-fr-2\/vin\/tire-bouchons\/le-creuset-lm-250-modele-a-levier-en-aluminium-brosse-avec-coupe-capsule\/#breadcrumb"},"inLanguage":"fr-FR","potentialAction":[{"@type":"ReadAction","target":["https:\/\/dev6.erresse-shop.it\/fr\/shop\/table-fr-2\/vin\/tire-bouchons\/le-creuset-lm-250-modele-a-levier-en-aluminium-brosse-avec-coupe-capsule\/"]}]},{"@type":"ImageObject","inLanguage":"fr-FR","@id":"https:\/\/dev6.erresse-shop.it\/fr\/shop\/table-fr-2\/vin\/tire-bouchons\/le-creuset-lm-250-modele-a-levier-en-aluminium-brosse-avec-coupe-capsule\/#primaryimage","url":"https:\/\/i1.wp.com\/interpim.erresse-shop.it\/Import\/Prodotti\/le-creuset-cavatappi-lm250-acciaio-5.jpg?ssl=1","contentUrl":"https:\/\/i1.wp.com\/interpim.erresse-shop.it\/Import\/Prodotti\/le-creuset-cavatappi-lm250-acciaio-5.jpg?ssl=1"},{"@type":"BreadcrumbList","@id":"https:\/\/dev6.erresse-shop.it\/fr\/shop\/table-fr-2\/vin\/tire-bouchons\/le-creuset-lm-250-modele-a-levier-en-aluminium-brosse-avec-coupe-capsule\/#breadcrumb","itemListElement":[{"@type":"ListItem","position":1,"name":"Home","item":"https:\/\/dev6.erresse-shop.it\/"},{"@type":"ListItem","position":2,"name":"Boutique","item":"https:\/\/dev6.erresse-shop.it\/shop\/"},{"@type":"ListItem","position":3,"name":"LE CREUSET LM-250 Mod\u00e8le \u00e0 Levier en Aluminium Bross\u00e9 avec Coupe Capsule"}]},{"@type":"WebSite","@id":"https:\/\/dev6.erresse-shop.it\/#website","url":"https:\/\/dev6.erresse-shop.it\/","name":"Erresse Shop","description":"","publisher":{"@id":"https:\/\/dev6.erresse-shop.it\/#organization"},"potentialAction":[{"@type":"SearchAction","target":{"@type":"EntryPoint","urlTemplate":"https:\/\/dev6.erresse-shop.it\/?s={search_term_string}"},"query-input":{"@type":"PropertyValueSpecification","valueRequired":true,"valueName":"search_term_string"}}],"inLanguage":"fr-FR"},{"@type":"Organization","@id":"https:\/\/dev6.erresse-shop.it\/#organization","name":"Erresse Shop","url":"https:\/\/dev6.erresse-shop.it\/","logo":{"@type":"ImageObject","inLanguage":"fr-FR","@id":"https:\/\/dev6.erresse-shop.it\/#\/schema\/logo\/image\/","url":"https:\/\/dev6.erresse-shop.it\/wp-content\/uploads\/2025\/01\/LOGO-ERRESSE-CLASSICO.svg","contentUrl":"https:\/\/dev6.erresse-shop.it\/wp-content\/uploads\/2025\/01\/LOGO-ERRESSE-CLASSICO.svg","caption":"Erresse Shop"},"image":{"@id":"https:\/\/dev6.erresse-shop.it\/#\/schema\/logo\/image\/"}}]}},"df_price":149.95,"df_sale_price":149.95,"df_regular_price":215,"df_image_link":"https:\/\/i1.wp.com\/interpim.erresse-shop.it\/Import\/Prodotti\/le-creuset-cavatappi-lm250-acciaio-5.jpg?resize=300,300&ssl=1","fifu_image_url":"https:\/\/interpim.erresse-shop.it\/Import\/Prodotti\/le-creuset-cavatappi-lm250-acciaio-5.jpg","_links":{"self":[{"href":"https:\/\/dev6.erresse-shop.it\/fr\/wp-json\/wp\/v2\/product\/58015","targetHints":{"allow":["GET"]}}],"collection":[{"href":"https:\/\/dev6.erresse-shop.it\/fr\/wp-json\/wp\/v2\/product"}],"about":[{"href":"https:\/\/dev6.erresse-shop.it\/fr\/wp-json\/wp\/v2\/types\/product"}],"wp:featuredmedia":[{"embeddable":true,"href":"https:\/\/dev6.erresse-shop.it\/fr\/wp-json\/wp\/v2\/media\/6707107"}],"wp:attachment":[{"href":"https:\/\/dev6.erresse-shop.it\/fr\/wp-json\/wp\/v2\/media?parent=58015"}],"wp:term":[{"taxonomy":"product_cat","embeddable":true,"href":"https:\/\/dev6.erresse-shop.it\/fr\/wp-json\/wp\/v2\/product_cat?post=58015"},{"taxonomy":"product_tag","embeddable":true,"href":"https:\/\/dev6.erresse-shop.it\/fr\/wp-json\/wp\/v2\/product_tag?post=58015"}],"curies":[{"name":"wp","href":"https:\/\/api.w.org\/{rel}","templated":true}]}}