{"id":57975,"date":"2026-04-16T18:51:51","date_gmt":"2026-04-16T16:51:51","guid":{"rendered":"https:\/\/dev6.erresse-shop.it\/shop\/non%20class\u00e9\/marcato-machine-pour-pates-atlas150-bleu\/"},"modified":"2025-09-14T04:05:08","modified_gmt":"2025-09-14T02:05:08","slug":"marcato-machine-pour-pates-atlas150-bleu","status":"publish","type":"product","link":"https:\/\/dev6.erresse-shop.it\/fr\/shop\/cuisine\/machines-pour-pates\/marcato-machine-pour-pates-atlas150-bleu\/","title":{"rendered":"MARCATO Machine pour P\u00e2tes Atlas150 Bleu"},"content":{"rendered":"<p style=\"text-align: justify;\">La machine pour p\u00e2tes la plus populaire de la maison. Ic\u00f4ne du design Made in Italy.<br \/>\nAvec l\u2019Atlas 150, vous pouvez facilement faire des lasagnes, des fettucine, des tagliolini et 13 autres formes de p\u00e2tes gr\u00e2ce \u00e0 une large gamme d\u2019accessoires.<br \/>\nL\u2019Atlas 150 est disponible en acier chrom\u00e9 ou en 7 couleurs diff\u00e9rentes en aluminium anodis\u00e9.<\/p>\n<p style=\"text-align: justify;\">Pour les amoureux du design et du style italien<br \/>\nLe choix de votre nouvelle machine \u00e0 p\u00e2tes est un moment particulier, c\u2019est pourquoi nous avons cr\u00e9\u00e9 diff\u00e9rentes finitions pour s\u2019adapter \u00e0 votre style.<\/p>\n<p style=\"text-align: justify;\">Le moderne en aluminium color\u00e9<br \/>\nNous avons choisi l\u2019aluminium anodis\u00e9 pour vous garantir un produit color\u00e9 de la plus haute qualit\u00e9 et sans danger pour votre sant\u00e9. Une caract\u00e9ristique importante qui fait de l\u2019Atlas 150 la seule machine enti\u00e8rement anodis\u00e9e pouvant \u00eatre utilis\u00e9e en contact avec les aliments.<\/p>\n<p style=\"text-align: justify;\">ON VA PR\u00c9PARER LA P\u00c2TE<\/p>\n<p style=\"text-align: justify;\">250g de farine de bl\u00e9 tendre de type \u201d 00 \u201c.<br \/>\n250g de farine de bl\u00e9 dur (semoule)<br \/>\n5 \u0153ufs entiers et de l\u2019eau jusqu\u2019\u00e0 un total de 250g<\/p>\n<p style=\"text-align: justify;\">Versez la farine dans un bol ; ajoutez les \u0153ufs et l\u2019eau entre les deux. Remuez les \u0153ufs et l\u2019eau avec une fourchette pour les m\u00e9langer compl\u00e8tement \u00e0 la farine. N\u2019ajoutez pas de sel !<br \/>\nTravaillez la p\u00e2te avec vos mains jusqu\u2019\u00e0 ce qu\u2019elle soit compl\u00e8tement homog\u00e8ne et consistante. Si la p\u00e2te est trop s\u00e8che, ajoutez de l\u2019eau, si elle est trop molle, ajoutez de la farine. Une bonne p\u00e2te ne doit jamais coller \u00e0 vos doigts. Retirez la p\u00e2te du bol et placez-la sur une table l\u00e9g\u00e8rement farin\u00e9e. Continuez, si n\u00e9cessaire, \u00e0 travailler la p\u00e2te avec vos mains et \u00e0 la couper en petits morceaux.<\/p>\n","protected":false},"excerpt":{"rendered":"<p>La machine pour p\u00e2tes la plus populaire de la maison. Ic\u00f4ne du design Made in Italy. Avec l\u2019Atlas 150, vous pouvez facilement faire des lasagnes, des fettucine, des tagliolini et 13 autres formes de p\u00e2tes gr\u00e2ce \u00e0 une large gamme d\u2019accessoires. L\u2019Atlas 150 est disponible en acier chrom\u00e9 ou en 7 couleurs diff\u00e9rentes en aluminium [&hellip;]<\/p>\n","protected":false},"featured_media":6484760,"template":"","meta":{"_acf_changed":false},"product_cat":[11668,11992,12052],"product_tag":[],"class_list":{"0":"post-57975","1":"product","2":"type-product","3":"status-publish","4":"has-post-thumbnail","6":"product_cat-cucina","7":"product_cat-cuisine","8":"product_cat-machines-pour-pates","10":"first","11":"outofstock","12":"sale","13":"taxable","14":"shipping-taxable","15":"purchasable","16":"product-type-simple","swatches":"rey-swatches","show_selected":"","stretch_labels":"rey-swatches--stretch-labels"},"acf":[],"yoast_head":"<!-- This site is optimized with the Yoast SEO plugin v25.4 - https:\/\/yoast.com\/wordpress\/plugins\/seo\/ -->\n<title>MARCATO Machine pour P\u00e2tes Atlas150 Bleu - dev6 Erresse<\/title>\n<meta name=\"description\" content=\"La machine pour p\u00e2tes la plus populaire de la maison. Ic\u00f4ne du design Made in Italy. Avec l\u2019Atlas 150, vous pouvez facilement faire des lasagnes, des\" \/>\n<meta name=\"robots\" content=\"noindex, follow, max-snippet:-1, max-image-preview:large, max-video-preview:-1\" \/>\n<meta property=\"og:locale\" content=\"fr_FR\" \/>\n<meta property=\"og:type\" content=\"article\" \/>\n<meta property=\"og:title\" content=\"MARCATO Machine pour P\u00e2tes Atlas150 Bleu - dev6 Erresse\" \/>\n<meta property=\"og:description\" content=\"La machine pour p\u00e2tes la plus populaire de la maison. Ic\u00f4ne du design Made in Italy. Avec l\u2019Atlas 150, vous pouvez facilement faire des lasagnes, des\" \/>\n<meta property=\"og:url\" content=\"https:\/\/dev6.erresse-shop.it\/fr\/shop\/cuisine\/machines-pour-pates\/marcato-machine-pour-pates-atlas150-bleu\/\" \/>\n<meta property=\"og:site_name\" content=\"dev6 Erresse\" \/>\n<meta property=\"og:image\" content=\"https:\/\/interpim.erresse-shop.it\/Import\/Prodotti\/marcato-macchina-per-pasta-atlas-150-blu.jpg\" \/><meta property=\"og:image\" content=\"https:\/\/interpim.erresse-shop.it\/Import\/Prodotti\/marcato-macchina-per-pasta-atlas-150-blu.jpg\" \/>\n\t<meta property=\"og:image:width\" content=\"1024\" \/>\n\t<meta property=\"og:image:height\" content=\"1024\" \/>\n\t<meta property=\"og:image:type\" content=\"image\/jpeg\" \/>\n<meta name=\"twitter:card\" content=\"summary_large_image\" \/>\n<meta name=\"twitter:image\" content=\"https:\/\/interpim.erresse-shop.it\/Import\/Prodotti\/marcato-macchina-per-pasta-atlas-150-blu.jpg\" \/>\n<script type=\"application\/ld+json\" class=\"yoast-schema-graph\">{\"@context\":\"https:\/\/schema.org\",\"@graph\":[{\"@type\":\"WebPage\",\"@id\":\"https:\/\/dev6.erresse-shop.it\/fr\/shop\/cuisine\/machines-pour-pates\/marcato-machine-pour-pates-atlas150-bleu\/\",\"url\":\"https:\/\/dev6.erresse-shop.it\/fr\/shop\/cuisine\/machines-pour-pates\/marcato-machine-pour-pates-atlas150-bleu\/\",\"name\":\"MARCATO Machine pour P\u00e2tes Atlas150 Bleu - dev6 Erresse\",\"isPartOf\":{\"@id\":\"https:\/\/dev6.erresse-shop.it\/#website\"},\"primaryImageOfPage\":{\"@id\":\"https:\/\/dev6.erresse-shop.it\/fr\/shop\/cuisine\/machines-pour-pates\/marcato-machine-pour-pates-atlas150-bleu\/#primaryimage\"},\"image\":{\"@id\":\"https:\/\/dev6.erresse-shop.it\/fr\/shop\/cuisine\/machines-pour-pates\/marcato-machine-pour-pates-atlas150-bleu\/#primaryimage\"},\"thumbnailUrl\":\"https:\/\/i2.wp.com\/interpim.erresse-shop.it\/Import\/Prodotti\/marcato-macchina-per-pasta-atlas-150-blu.jpg?ssl=1\",\"datePublished\":\"2026-04-16T16:51:51+00:00\",\"description\":\"La machine pour p\u00e2tes la plus populaire de la maison. Ic\u00f4ne du design Made in Italy. Avec l\u2019Atlas 150, vous pouvez facilement faire des lasagnes, des\",\"breadcrumb\":{\"@id\":\"https:\/\/dev6.erresse-shop.it\/fr\/shop\/cuisine\/machines-pour-pates\/marcato-machine-pour-pates-atlas150-bleu\/#breadcrumb\"},\"inLanguage\":\"fr-FR\",\"potentialAction\":[{\"@type\":\"ReadAction\",\"target\":[\"https:\/\/dev6.erresse-shop.it\/fr\/shop\/cuisine\/machines-pour-pates\/marcato-machine-pour-pates-atlas150-bleu\/\"]}]},{\"@type\":\"ImageObject\",\"inLanguage\":\"fr-FR\",\"@id\":\"https:\/\/dev6.erresse-shop.it\/fr\/shop\/cuisine\/machines-pour-pates\/marcato-machine-pour-pates-atlas150-bleu\/#primaryimage\",\"url\":\"https:\/\/i2.wp.com\/interpim.erresse-shop.it\/Import\/Prodotti\/marcato-macchina-per-pasta-atlas-150-blu.jpg?ssl=1\",\"contentUrl\":\"https:\/\/i2.wp.com\/interpim.erresse-shop.it\/Import\/Prodotti\/marcato-macchina-per-pasta-atlas-150-blu.jpg?ssl=1\"},{\"@type\":\"BreadcrumbList\",\"@id\":\"https:\/\/dev6.erresse-shop.it\/fr\/shop\/cuisine\/machines-pour-pates\/marcato-machine-pour-pates-atlas150-bleu\/#breadcrumb\",\"itemListElement\":[{\"@type\":\"ListItem\",\"position\":1,\"name\":\"Home\",\"item\":\"https:\/\/dev6.erresse-shop.it\/\"},{\"@type\":\"ListItem\",\"position\":2,\"name\":\"Boutique\",\"item\":\"https:\/\/dev6.erresse-shop.it\/shop\/\"},{\"@type\":\"ListItem\",\"position\":3,\"name\":\"MARCATO Machine pour P\u00e2tes Atlas150 Bleu\"}]},{\"@type\":\"WebSite\",\"@id\":\"https:\/\/dev6.erresse-shop.it\/#website\",\"url\":\"https:\/\/dev6.erresse-shop.it\/\",\"name\":\"Erresse Shop\",\"description\":\"\",\"publisher\":{\"@id\":\"https:\/\/dev6.erresse-shop.it\/#organization\"},\"potentialAction\":[{\"@type\":\"SearchAction\",\"target\":{\"@type\":\"EntryPoint\",\"urlTemplate\":\"https:\/\/dev6.erresse-shop.it\/?s={search_term_string}\"},\"query-input\":{\"@type\":\"PropertyValueSpecification\",\"valueRequired\":true,\"valueName\":\"search_term_string\"}}],\"inLanguage\":\"fr-FR\"},{\"@type\":\"Organization\",\"@id\":\"https:\/\/dev6.erresse-shop.it\/#organization\",\"name\":\"Erresse Shop\",\"url\":\"https:\/\/dev6.erresse-shop.it\/\",\"logo\":{\"@type\":\"ImageObject\",\"inLanguage\":\"fr-FR\",\"@id\":\"https:\/\/dev6.erresse-shop.it\/#\/schema\/logo\/image\/\",\"url\":\"https:\/\/dev6.erresse-shop.it\/wp-content\/uploads\/2025\/01\/LOGO-ERRESSE-CLASSICO.svg\",\"contentUrl\":\"https:\/\/dev6.erresse-shop.it\/wp-content\/uploads\/2025\/01\/LOGO-ERRESSE-CLASSICO.svg\",\"caption\":\"Erresse Shop\"},\"image\":{\"@id\":\"https:\/\/dev6.erresse-shop.it\/#\/schema\/logo\/image\/\"}}]}<\/script>\n<!-- \/ Yoast SEO plugin. -->","yoast_head_json":{"title":"MARCATO Machine pour P\u00e2tes Atlas150 Bleu - dev6 Erresse","description":"La machine pour p\u00e2tes la plus populaire de la maison. Ic\u00f4ne du design Made in Italy. Avec l\u2019Atlas 150, vous pouvez facilement faire des lasagnes, des","robots":{"index":"noindex","follow":"follow","max-snippet":"max-snippet:-1","max-image-preview":"max-image-preview:large","max-video-preview":"max-video-preview:-1"},"og_locale":"fr_FR","og_type":"article","og_title":"MARCATO Machine pour P\u00e2tes Atlas150 Bleu - dev6 Erresse","og_description":"La machine pour p\u00e2tes la plus populaire de la maison. Ic\u00f4ne du design Made in Italy. Avec l\u2019Atlas 150, vous pouvez facilement faire des lasagnes, des","og_url":"https:\/\/dev6.erresse-shop.it\/fr\/shop\/cuisine\/machines-pour-pates\/marcato-machine-pour-pates-atlas150-bleu\/","og_site_name":"dev6 Erresse","og_image":[{"url":"https:\/\/interpim.erresse-shop.it\/Import\/Prodotti\/marcato-macchina-per-pasta-atlas-150-blu.jpg","type":"","width":"","height":""},{"url":"https:\/\/interpim.erresse-shop.it\/Import\/Prodotti\/marcato-macchina-per-pasta-atlas-150-blu.jpg","width":1024,"height":1024,"type":"image\/jpeg"}],"twitter_card":"summary_large_image","twitter_image":"https:\/\/interpim.erresse-shop.it\/Import\/Prodotti\/marcato-macchina-per-pasta-atlas-150-blu.jpg","schema":{"@context":"https:\/\/schema.org","@graph":[{"@type":"WebPage","@id":"https:\/\/dev6.erresse-shop.it\/fr\/shop\/cuisine\/machines-pour-pates\/marcato-machine-pour-pates-atlas150-bleu\/","url":"https:\/\/dev6.erresse-shop.it\/fr\/shop\/cuisine\/machines-pour-pates\/marcato-machine-pour-pates-atlas150-bleu\/","name":"MARCATO Machine pour P\u00e2tes Atlas150 Bleu - dev6 Erresse","isPartOf":{"@id":"https:\/\/dev6.erresse-shop.it\/#website"},"primaryImageOfPage":{"@id":"https:\/\/dev6.erresse-shop.it\/fr\/shop\/cuisine\/machines-pour-pates\/marcato-machine-pour-pates-atlas150-bleu\/#primaryimage"},"image":{"@id":"https:\/\/dev6.erresse-shop.it\/fr\/shop\/cuisine\/machines-pour-pates\/marcato-machine-pour-pates-atlas150-bleu\/#primaryimage"},"thumbnailUrl":"https:\/\/i2.wp.com\/interpim.erresse-shop.it\/Import\/Prodotti\/marcato-macchina-per-pasta-atlas-150-blu.jpg?ssl=1","datePublished":"2026-04-16T16:51:51+00:00","description":"La machine pour p\u00e2tes la plus populaire de la maison. Ic\u00f4ne du design Made in Italy. Avec l\u2019Atlas 150, vous pouvez facilement faire des lasagnes, des","breadcrumb":{"@id":"https:\/\/dev6.erresse-shop.it\/fr\/shop\/cuisine\/machines-pour-pates\/marcato-machine-pour-pates-atlas150-bleu\/#breadcrumb"},"inLanguage":"fr-FR","potentialAction":[{"@type":"ReadAction","target":["https:\/\/dev6.erresse-shop.it\/fr\/shop\/cuisine\/machines-pour-pates\/marcato-machine-pour-pates-atlas150-bleu\/"]}]},{"@type":"ImageObject","inLanguage":"fr-FR","@id":"https:\/\/dev6.erresse-shop.it\/fr\/shop\/cuisine\/machines-pour-pates\/marcato-machine-pour-pates-atlas150-bleu\/#primaryimage","url":"https:\/\/i2.wp.com\/interpim.erresse-shop.it\/Import\/Prodotti\/marcato-macchina-per-pasta-atlas-150-blu.jpg?ssl=1","contentUrl":"https:\/\/i2.wp.com\/interpim.erresse-shop.it\/Import\/Prodotti\/marcato-macchina-per-pasta-atlas-150-blu.jpg?ssl=1"},{"@type":"BreadcrumbList","@id":"https:\/\/dev6.erresse-shop.it\/fr\/shop\/cuisine\/machines-pour-pates\/marcato-machine-pour-pates-atlas150-bleu\/#breadcrumb","itemListElement":[{"@type":"ListItem","position":1,"name":"Home","item":"https:\/\/dev6.erresse-shop.it\/"},{"@type":"ListItem","position":2,"name":"Boutique","item":"https:\/\/dev6.erresse-shop.it\/shop\/"},{"@type":"ListItem","position":3,"name":"MARCATO Machine pour P\u00e2tes Atlas150 Bleu"}]},{"@type":"WebSite","@id":"https:\/\/dev6.erresse-shop.it\/#website","url":"https:\/\/dev6.erresse-shop.it\/","name":"Erresse Shop","description":"","publisher":{"@id":"https:\/\/dev6.erresse-shop.it\/#organization"},"potentialAction":[{"@type":"SearchAction","target":{"@type":"EntryPoint","urlTemplate":"https:\/\/dev6.erresse-shop.it\/?s={search_term_string}"},"query-input":{"@type":"PropertyValueSpecification","valueRequired":true,"valueName":"search_term_string"}}],"inLanguage":"fr-FR"},{"@type":"Organization","@id":"https:\/\/dev6.erresse-shop.it\/#organization","name":"Erresse Shop","url":"https:\/\/dev6.erresse-shop.it\/","logo":{"@type":"ImageObject","inLanguage":"fr-FR","@id":"https:\/\/dev6.erresse-shop.it\/#\/schema\/logo\/image\/","url":"https:\/\/dev6.erresse-shop.it\/wp-content\/uploads\/2025\/01\/LOGO-ERRESSE-CLASSICO.svg","contentUrl":"https:\/\/dev6.erresse-shop.it\/wp-content\/uploads\/2025\/01\/LOGO-ERRESSE-CLASSICO.svg","caption":"Erresse Shop"},"image":{"@id":"https:\/\/dev6.erresse-shop.it\/#\/schema\/logo\/image\/"}}]}},"df_price":86.95,"df_sale_price":86.95,"df_regular_price":130.5,"df_image_link":"https:\/\/i2.wp.com\/interpim.erresse-shop.it\/Import\/Prodotti\/marcato-macchina-per-pasta-atlas-150-blu.jpg?resize=300,300&ssl=1","fifu_image_url":"https:\/\/interpim.erresse-shop.it\/Import\/Prodotti\/marcato-macchina-per-pasta-atlas-150-blu.jpg","_links":{"self":[{"href":"https:\/\/dev6.erresse-shop.it\/fr\/wp-json\/wp\/v2\/product\/57975","targetHints":{"allow":["GET"]}}],"collection":[{"href":"https:\/\/dev6.erresse-shop.it\/fr\/wp-json\/wp\/v2\/product"}],"about":[{"href":"https:\/\/dev6.erresse-shop.it\/fr\/wp-json\/wp\/v2\/types\/product"}],"wp:featuredmedia":[{"embeddable":true,"href":"https:\/\/dev6.erresse-shop.it\/fr\/wp-json\/wp\/v2\/media\/6484760"}],"wp:attachment":[{"href":"https:\/\/dev6.erresse-shop.it\/fr\/wp-json\/wp\/v2\/media?parent=57975"}],"wp:term":[{"taxonomy":"product_cat","embeddable":true,"href":"https:\/\/dev6.erresse-shop.it\/fr\/wp-json\/wp\/v2\/product_cat?post=57975"},{"taxonomy":"product_tag","embeddable":true,"href":"https:\/\/dev6.erresse-shop.it\/fr\/wp-json\/wp\/v2\/product_tag?post=57975"}],"curies":[{"name":"wp","href":"https:\/\/api.w.org\/{rel}","templated":true}]}}