{"id":57953,"date":"2026-04-04T08:16:50","date_gmt":"2026-04-04T06:16:50","guid":{"rendered":"https:\/\/dev6.erresse-shop.it\/shop\/non%20class\u00e9\/le-creuset-tarte-tatin-tarte-aux-gateaux-28-cm-cerise\/"},"modified":"2025-09-14T04:04:44","modified_gmt":"2025-09-14T02:04:44","slug":"le-creuset-tarte-tatin-tarte-aux-gateaux-28-cm-cerise","status":"publish","type":"product","link":"https:\/\/dev6.erresse-shop.it\/fr\/shop\/poeles-pots\/moules-a-gateau-et-crepieres\/le-creuset-tarte-tatin-tarte-aux-gateaux-28-cm-cerise\/","title":{"rendered":"LE CREUSET Tarte Tatin tarte aux g\u00e2teaux 28 cm Cerise"},"content":{"rendered":"<p>Le moule \u00e0 g\u00e2teau Tatin est indispensable dans la cuisine pour pr\u00e9parer des g\u00e2teaux sucr\u00e9s ou sal\u00e9s. Il est \u00e9galement parfait pour mariner et pr\u00e9parer des viandes et des l\u00e9gumes.<\/p>\n<p>Notre c\u00e9l\u00e8bre gamme vitrifi\u00e9e en fonte Le Creuset permet une distribution et une r\u00e9tention parfaites de chaleur. C\u2019est le mat\u00e9riau le plus durable et hygi\u00e9nique sur le march\u00e9. Essayez-le et les r\u00e9sultats vous surprendront.<\/p>\n<p>Caract\u00e9ristiques de la fonte fusionn\u00e9e:<\/p>\n<p>\u2013 R\u00e9partition uniforme de la chaleur sans points de surchauffe.<br \/>\nExcellente r\u00e9tention de chaleur.<br \/>\n\u2013 Poign\u00e9es con\u00e7ues pour une bonne adh\u00e9rence.<br \/>\nSuperficie interna ed esterna vetrificata. Il n\u2019absorbe pas l\u2019humidit\u00e9, le go\u00fbt ou l\u2019odeur des aliments.<br \/>\n\u2013 Compatible avec toutes les sources de chaleur, y compris l\u2019induction.<br \/>\nFacilit\u00e9 de nettoyage.<br \/>\nDur\u00e9e exceptionnelle.<br \/>\nGarantie \u00e0 vie.<\/p>\n<p>Voir le film 1<br \/>\nVoir le film 2<\/p>\n","protected":false},"excerpt":{"rendered":"<p>Le moule \u00e0 g\u00e2teau Tatin est indispensable dans la cuisine pour pr\u00e9parer des g\u00e2teaux sucr\u00e9s ou sal\u00e9s. Il est \u00e9galement parfait pour mariner et pr\u00e9parer des viandes et des l\u00e9gumes. Notre c\u00e9l\u00e8bre gamme vitrifi\u00e9e en fonte Le Creuset permet une distribution et une r\u00e9tention parfaites de chaleur. C\u2019est le mat\u00e9riau le plus durable et hygi\u00e9nique [&hellip;]<\/p>\n","protected":false},"featured_media":6262301,"template":"","meta":{"_acf_changed":false},"product_cat":[12027,12050,11991,11703],"product_tag":[],"class_list":{"0":"post-57953","1":"product","2":"type-product","3":"status-publish","4":"has-post-thumbnail","6":"product_cat-moules-a-gateau-et-crepieres","7":"product_cat-plats-et-casseroles-a-four","8":"product_cat-poeles-pots","9":"product_cat-altri-prodotti","11":"first","12":"instock","13":"sale","14":"taxable","15":"shipping-taxable","16":"purchasable","17":"product-type-simple","swatches":"rey-swatches","show_selected":"","stretch_labels":"rey-swatches--stretch-labels"},"acf":[],"yoast_head":"<!-- This site is optimized with the Yoast SEO plugin v25.4 - https:\/\/yoast.com\/wordpress\/plugins\/seo\/ -->\n<title>LE CREUSET Tarte Tatin tarte aux g\u00e2teaux 28 cm Cerise - dev6 Erresse<\/title>\n<meta name=\"description\" content=\"Le moule \u00e0 g\u00e2teau Tatin est indispensable dans la cuisine pour pr\u00e9parer des g\u00e2teaux sucr\u00e9s ou sal\u00e9s. Il est \u00e9galement parfait pour mariner et pr\u00e9parer des\" \/>\n<meta name=\"robots\" content=\"noindex, follow, max-snippet:-1, max-image-preview:large, max-video-preview:-1\" \/>\n<meta property=\"og:locale\" content=\"fr_FR\" \/>\n<meta property=\"og:type\" content=\"article\" \/>\n<meta property=\"og:title\" content=\"LE CREUSET Tarte Tatin tarte aux g\u00e2teaux 28 cm Cerise - dev6 Erresse\" \/>\n<meta property=\"og:description\" content=\"Le moule \u00e0 g\u00e2teau Tatin est indispensable dans la cuisine pour pr\u00e9parer des g\u00e2teaux sucr\u00e9s ou sal\u00e9s. Il est \u00e9galement parfait pour mariner et pr\u00e9parer des\" \/>\n<meta property=\"og:url\" content=\"https:\/\/dev6.erresse-shop.it\/fr\/shop\/poeles-pots\/moules-a-gateau-et-crepieres\/le-creuset-tarte-tatin-tarte-aux-gateaux-28-cm-cerise\/\" \/>\n<meta property=\"og:site_name\" content=\"dev6 Erresse\" \/>\n<meta property=\"og:image\" content=\"https:\/\/interpim.erresse-shop.it\/Import\/Prodotti\/le-creuset-tortiera-tarte-tatin-in-ghisa-25-cm-ciliegia-2.png\" \/><meta property=\"og:image\" content=\"https:\/\/interpim.erresse-shop.it\/Import\/Prodotti\/le-creuset-tortiera-tarte-tatin-in-ghisa-25-cm-ciliegia-2.png\" \/>\n\t<meta property=\"og:image:width\" content=\"1024\" \/>\n\t<meta property=\"og:image:height\" content=\"1024\" \/>\n\t<meta property=\"og:image:type\" content=\"image\/jpeg\" \/>\n<meta name=\"twitter:card\" content=\"summary_large_image\" \/>\n<meta name=\"twitter:image\" content=\"https:\/\/interpim.erresse-shop.it\/Import\/Prodotti\/le-creuset-tortiera-tarte-tatin-in-ghisa-25-cm-ciliegia-2.png\" \/>\n<script type=\"application\/ld+json\" class=\"yoast-schema-graph\">{\"@context\":\"https:\/\/schema.org\",\"@graph\":[{\"@type\":\"WebPage\",\"@id\":\"https:\/\/dev6.erresse-shop.it\/fr\/shop\/poeles-pots\/moules-a-gateau-et-crepieres\/le-creuset-tarte-tatin-tarte-aux-gateaux-28-cm-cerise\/\",\"url\":\"https:\/\/dev6.erresse-shop.it\/fr\/shop\/poeles-pots\/moules-a-gateau-et-crepieres\/le-creuset-tarte-tatin-tarte-aux-gateaux-28-cm-cerise\/\",\"name\":\"LE CREUSET Tarte Tatin tarte aux g\u00e2teaux 28 cm Cerise - dev6 Erresse\",\"isPartOf\":{\"@id\":\"https:\/\/dev6.erresse-shop.it\/#website\"},\"primaryImageOfPage\":{\"@id\":\"https:\/\/dev6.erresse-shop.it\/fr\/shop\/poeles-pots\/moules-a-gateau-et-crepieres\/le-creuset-tarte-tatin-tarte-aux-gateaux-28-cm-cerise\/#primaryimage\"},\"image\":{\"@id\":\"https:\/\/dev6.erresse-shop.it\/fr\/shop\/poeles-pots\/moules-a-gateau-et-crepieres\/le-creuset-tarte-tatin-tarte-aux-gateaux-28-cm-cerise\/#primaryimage\"},\"thumbnailUrl\":\"https:\/\/i2.wp.com\/interpim.erresse-shop.it\/Import\/Prodotti\/le-creuset-tortiera-tarte-tatin-in-ghisa-25-cm-ciliegia-2.png?ssl=1\",\"datePublished\":\"2026-04-04T06:16:50+00:00\",\"description\":\"Le moule \u00e0 g\u00e2teau Tatin est indispensable dans la cuisine pour pr\u00e9parer des g\u00e2teaux sucr\u00e9s ou sal\u00e9s. Il est \u00e9galement parfait pour mariner et pr\u00e9parer des\",\"breadcrumb\":{\"@id\":\"https:\/\/dev6.erresse-shop.it\/fr\/shop\/poeles-pots\/moules-a-gateau-et-crepieres\/le-creuset-tarte-tatin-tarte-aux-gateaux-28-cm-cerise\/#breadcrumb\"},\"inLanguage\":\"fr-FR\",\"potentialAction\":[{\"@type\":\"ReadAction\",\"target\":[\"https:\/\/dev6.erresse-shop.it\/fr\/shop\/poeles-pots\/moules-a-gateau-et-crepieres\/le-creuset-tarte-tatin-tarte-aux-gateaux-28-cm-cerise\/\"]}]},{\"@type\":\"ImageObject\",\"inLanguage\":\"fr-FR\",\"@id\":\"https:\/\/dev6.erresse-shop.it\/fr\/shop\/poeles-pots\/moules-a-gateau-et-crepieres\/le-creuset-tarte-tatin-tarte-aux-gateaux-28-cm-cerise\/#primaryimage\",\"url\":\"https:\/\/i2.wp.com\/interpim.erresse-shop.it\/Import\/Prodotti\/le-creuset-tortiera-tarte-tatin-in-ghisa-25-cm-ciliegia-2.png?ssl=1\",\"contentUrl\":\"https:\/\/i2.wp.com\/interpim.erresse-shop.it\/Import\/Prodotti\/le-creuset-tortiera-tarte-tatin-in-ghisa-25-cm-ciliegia-2.png?ssl=1\"},{\"@type\":\"BreadcrumbList\",\"@id\":\"https:\/\/dev6.erresse-shop.it\/fr\/shop\/poeles-pots\/moules-a-gateau-et-crepieres\/le-creuset-tarte-tatin-tarte-aux-gateaux-28-cm-cerise\/#breadcrumb\",\"itemListElement\":[{\"@type\":\"ListItem\",\"position\":1,\"name\":\"Home\",\"item\":\"https:\/\/dev6.erresse-shop.it\/\"},{\"@type\":\"ListItem\",\"position\":2,\"name\":\"Boutique\",\"item\":\"https:\/\/dev6.erresse-shop.it\/shop\/\"},{\"@type\":\"ListItem\",\"position\":3,\"name\":\"LE CREUSET Tarte Tatin tarte aux g\u00e2teaux 28 cm Cerise\"}]},{\"@type\":\"WebSite\",\"@id\":\"https:\/\/dev6.erresse-shop.it\/#website\",\"url\":\"https:\/\/dev6.erresse-shop.it\/\",\"name\":\"Erresse Shop\",\"description\":\"\",\"publisher\":{\"@id\":\"https:\/\/dev6.erresse-shop.it\/#organization\"},\"potentialAction\":[{\"@type\":\"SearchAction\",\"target\":{\"@type\":\"EntryPoint\",\"urlTemplate\":\"https:\/\/dev6.erresse-shop.it\/?s={search_term_string}\"},\"query-input\":{\"@type\":\"PropertyValueSpecification\",\"valueRequired\":true,\"valueName\":\"search_term_string\"}}],\"inLanguage\":\"fr-FR\"},{\"@type\":\"Organization\",\"@id\":\"https:\/\/dev6.erresse-shop.it\/#organization\",\"name\":\"Erresse Shop\",\"url\":\"https:\/\/dev6.erresse-shop.it\/\",\"logo\":{\"@type\":\"ImageObject\",\"inLanguage\":\"fr-FR\",\"@id\":\"https:\/\/dev6.erresse-shop.it\/#\/schema\/logo\/image\/\",\"url\":\"https:\/\/dev6.erresse-shop.it\/wp-content\/uploads\/2025\/01\/LOGO-ERRESSE-CLASSICO.svg\",\"contentUrl\":\"https:\/\/dev6.erresse-shop.it\/wp-content\/uploads\/2025\/01\/LOGO-ERRESSE-CLASSICO.svg\",\"caption\":\"Erresse Shop\"},\"image\":{\"@id\":\"https:\/\/dev6.erresse-shop.it\/#\/schema\/logo\/image\/\"}}]}<\/script>\n<!-- \/ Yoast SEO plugin. -->","yoast_head_json":{"title":"LE CREUSET Tarte Tatin tarte aux g\u00e2teaux 28 cm Cerise - dev6 Erresse","description":"Le moule \u00e0 g\u00e2teau Tatin est indispensable dans la cuisine pour pr\u00e9parer des g\u00e2teaux sucr\u00e9s ou sal\u00e9s. Il est \u00e9galement parfait pour mariner et pr\u00e9parer des","robots":{"index":"noindex","follow":"follow","max-snippet":"max-snippet:-1","max-image-preview":"max-image-preview:large","max-video-preview":"max-video-preview:-1"},"og_locale":"fr_FR","og_type":"article","og_title":"LE CREUSET Tarte Tatin tarte aux g\u00e2teaux 28 cm Cerise - dev6 Erresse","og_description":"Le moule \u00e0 g\u00e2teau Tatin est indispensable dans la cuisine pour pr\u00e9parer des g\u00e2teaux sucr\u00e9s ou sal\u00e9s. Il est \u00e9galement parfait pour mariner et pr\u00e9parer des","og_url":"https:\/\/dev6.erresse-shop.it\/fr\/shop\/poeles-pots\/moules-a-gateau-et-crepieres\/le-creuset-tarte-tatin-tarte-aux-gateaux-28-cm-cerise\/","og_site_name":"dev6 Erresse","og_image":[{"url":"https:\/\/interpim.erresse-shop.it\/Import\/Prodotti\/le-creuset-tortiera-tarte-tatin-in-ghisa-25-cm-ciliegia-2.png","type":"","width":"","height":""},{"url":"https:\/\/interpim.erresse-shop.it\/Import\/Prodotti\/le-creuset-tortiera-tarte-tatin-in-ghisa-25-cm-ciliegia-2.png","width":1024,"height":1024,"type":"image\/jpeg"}],"twitter_card":"summary_large_image","twitter_image":"https:\/\/interpim.erresse-shop.it\/Import\/Prodotti\/le-creuset-tortiera-tarte-tatin-in-ghisa-25-cm-ciliegia-2.png","schema":{"@context":"https:\/\/schema.org","@graph":[{"@type":"WebPage","@id":"https:\/\/dev6.erresse-shop.it\/fr\/shop\/poeles-pots\/moules-a-gateau-et-crepieres\/le-creuset-tarte-tatin-tarte-aux-gateaux-28-cm-cerise\/","url":"https:\/\/dev6.erresse-shop.it\/fr\/shop\/poeles-pots\/moules-a-gateau-et-crepieres\/le-creuset-tarte-tatin-tarte-aux-gateaux-28-cm-cerise\/","name":"LE CREUSET Tarte Tatin tarte aux g\u00e2teaux 28 cm Cerise - dev6 Erresse","isPartOf":{"@id":"https:\/\/dev6.erresse-shop.it\/#website"},"primaryImageOfPage":{"@id":"https:\/\/dev6.erresse-shop.it\/fr\/shop\/poeles-pots\/moules-a-gateau-et-crepieres\/le-creuset-tarte-tatin-tarte-aux-gateaux-28-cm-cerise\/#primaryimage"},"image":{"@id":"https:\/\/dev6.erresse-shop.it\/fr\/shop\/poeles-pots\/moules-a-gateau-et-crepieres\/le-creuset-tarte-tatin-tarte-aux-gateaux-28-cm-cerise\/#primaryimage"},"thumbnailUrl":"https:\/\/i2.wp.com\/interpim.erresse-shop.it\/Import\/Prodotti\/le-creuset-tortiera-tarte-tatin-in-ghisa-25-cm-ciliegia-2.png?ssl=1","datePublished":"2026-04-04T06:16:50+00:00","description":"Le moule \u00e0 g\u00e2teau Tatin est indispensable dans la cuisine pour pr\u00e9parer des g\u00e2teaux sucr\u00e9s ou sal\u00e9s. Il est \u00e9galement parfait pour mariner et pr\u00e9parer des","breadcrumb":{"@id":"https:\/\/dev6.erresse-shop.it\/fr\/shop\/poeles-pots\/moules-a-gateau-et-crepieres\/le-creuset-tarte-tatin-tarte-aux-gateaux-28-cm-cerise\/#breadcrumb"},"inLanguage":"fr-FR","potentialAction":[{"@type":"ReadAction","target":["https:\/\/dev6.erresse-shop.it\/fr\/shop\/poeles-pots\/moules-a-gateau-et-crepieres\/le-creuset-tarte-tatin-tarte-aux-gateaux-28-cm-cerise\/"]}]},{"@type":"ImageObject","inLanguage":"fr-FR","@id":"https:\/\/dev6.erresse-shop.it\/fr\/shop\/poeles-pots\/moules-a-gateau-et-crepieres\/le-creuset-tarte-tatin-tarte-aux-gateaux-28-cm-cerise\/#primaryimage","url":"https:\/\/i2.wp.com\/interpim.erresse-shop.it\/Import\/Prodotti\/le-creuset-tortiera-tarte-tatin-in-ghisa-25-cm-ciliegia-2.png?ssl=1","contentUrl":"https:\/\/i2.wp.com\/interpim.erresse-shop.it\/Import\/Prodotti\/le-creuset-tortiera-tarte-tatin-in-ghisa-25-cm-ciliegia-2.png?ssl=1"},{"@type":"BreadcrumbList","@id":"https:\/\/dev6.erresse-shop.it\/fr\/shop\/poeles-pots\/moules-a-gateau-et-crepieres\/le-creuset-tarte-tatin-tarte-aux-gateaux-28-cm-cerise\/#breadcrumb","itemListElement":[{"@type":"ListItem","position":1,"name":"Home","item":"https:\/\/dev6.erresse-shop.it\/"},{"@type":"ListItem","position":2,"name":"Boutique","item":"https:\/\/dev6.erresse-shop.it\/shop\/"},{"@type":"ListItem","position":3,"name":"LE CREUSET Tarte Tatin tarte aux g\u00e2teaux 28 cm Cerise"}]},{"@type":"WebSite","@id":"https:\/\/dev6.erresse-shop.it\/#website","url":"https:\/\/dev6.erresse-shop.it\/","name":"Erresse Shop","description":"","publisher":{"@id":"https:\/\/dev6.erresse-shop.it\/#organization"},"potentialAction":[{"@type":"SearchAction","target":{"@type":"EntryPoint","urlTemplate":"https:\/\/dev6.erresse-shop.it\/?s={search_term_string}"},"query-input":{"@type":"PropertyValueSpecification","valueRequired":true,"valueName":"search_term_string"}}],"inLanguage":"fr-FR"},{"@type":"Organization","@id":"https:\/\/dev6.erresse-shop.it\/#organization","name":"Erresse Shop","url":"https:\/\/dev6.erresse-shop.it\/","logo":{"@type":"ImageObject","inLanguage":"fr-FR","@id":"https:\/\/dev6.erresse-shop.it\/#\/schema\/logo\/image\/","url":"https:\/\/dev6.erresse-shop.it\/wp-content\/uploads\/2025\/01\/LOGO-ERRESSE-CLASSICO.svg","contentUrl":"https:\/\/dev6.erresse-shop.it\/wp-content\/uploads\/2025\/01\/LOGO-ERRESSE-CLASSICO.svg","caption":"Erresse Shop"},"image":{"@id":"https:\/\/dev6.erresse-shop.it\/#\/schema\/logo\/image\/"}}]}},"df_price":129.95,"df_sale_price":129.95,"df_regular_price":179,"df_image_link":"https:\/\/i2.wp.com\/interpim.erresse-shop.it\/Import\/Prodotti\/le-creuset-tortiera-tarte-tatin-in-ghisa-25-cm-ciliegia-2.png?resize=300,300&ssl=1","fifu_image_url":"https:\/\/interpim.erresse-shop.it\/Import\/Prodotti\/le-creuset-tortiera-tarte-tatin-in-ghisa-25-cm-ciliegia-2.png","_links":{"self":[{"href":"https:\/\/dev6.erresse-shop.it\/fr\/wp-json\/wp\/v2\/product\/57953","targetHints":{"allow":["GET"]}}],"collection":[{"href":"https:\/\/dev6.erresse-shop.it\/fr\/wp-json\/wp\/v2\/product"}],"about":[{"href":"https:\/\/dev6.erresse-shop.it\/fr\/wp-json\/wp\/v2\/types\/product"}],"wp:featuredmedia":[{"embeddable":true,"href":"https:\/\/dev6.erresse-shop.it\/fr\/wp-json\/wp\/v2\/media\/6262301"}],"wp:attachment":[{"href":"https:\/\/dev6.erresse-shop.it\/fr\/wp-json\/wp\/v2\/media?parent=57953"}],"wp:term":[{"taxonomy":"product_cat","embeddable":true,"href":"https:\/\/dev6.erresse-shop.it\/fr\/wp-json\/wp\/v2\/product_cat?post=57953"},{"taxonomy":"product_tag","embeddable":true,"href":"https:\/\/dev6.erresse-shop.it\/fr\/wp-json\/wp\/v2\/product_tag?post=57953"}],"curies":[{"name":"wp","href":"https:\/\/api.w.org\/{rel}","templated":true}]}}