{"id":57945,"date":"2026-04-16T18:51:51","date_gmt":"2026-04-16T16:51:51","guid":{"rendered":"https:\/\/dev6.erresse-shop.it\/shop\/non%20class\u00e9\/le-creuset-cocotte-oblongue-en-fonte-emaillee-31-cm-cerise\/"},"modified":"2025-09-14T04:04:35","modified_gmt":"2025-09-14T02:04:35","slug":"le-creuset-cocotte-oblongue-en-fonte-emaillee-31-cm-cerise","status":"publish","type":"product","link":"https:\/\/dev6.erresse-shop.it\/fr\/shop\/poeles-pots\/casseroles\/le-creuset-cocotte-oblongue-en-fonte-emaillee-31-cm-cerise\/","title":{"rendered":"LE CREUSET Cocotte Oblongue en Fonte \u00e9maill\u00e9e 31 cm Cerise"},"content":{"rendered":"<p>Avec sa forme allong\u00e9e et peu profonde, cette cocotte est id\u00e9ale pour la cuisson au four et vous assurera une pr\u00e9sentation \u00e9l\u00e9gante !<\/p>\n<p>\u2013 Fonte Emaill\u00e9e<br \/>\n\u2013 Dimensions : 31 cm<br \/>\n\u2013 Capacit\u00e9 : 3,40L<br \/>\n\u2013 Excellente r\u00e9partition de la chaleur pour une cuisson douce et homog\u00e8ne<br \/>\n\u2013 Garde les aliments chauds longtemps<br \/>\n\u2013 Compatible avec toutes les sources de chaleur, y compris l\u2019induction.<br \/>\n\u2013 Durabilit\u00e9 exceptionnelle<br \/>\n\u2013 Garantie \u00e0 vie<\/p>\n","protected":false},"excerpt":{"rendered":"<p>Avec sa forme allong\u00e9e et peu profonde, cette cocotte est id\u00e9ale pour la cuisson au four et vous assurera une pr\u00e9sentation \u00e9l\u00e9gante ! \u2013 Fonte Emaill\u00e9e \u2013 Dimensions : 31 cm \u2013 Capacit\u00e9 : 3,40L \u2013 Excellente r\u00e9partition de la chaleur pour une cuisson douce et homog\u00e8ne \u2013 Garde les aliments chauds longtemps \u2013 Compatible [&hellip;]<\/p>\n","protected":false},"featured_media":6484582,"template":"","meta":{"_acf_changed":false},"product_cat":[12001,11667,11991],"product_tag":[],"class_list":{"0":"post-57945","1":"product","2":"type-product","3":"status-publish","4":"has-post-thumbnail","6":"product_cat-casseroles","7":"product_cat-padelle-pentole","8":"product_cat-poeles-pots","10":"first","11":"instock","12":"sale","13":"taxable","14":"shipping-taxable","15":"purchasable","16":"product-type-simple","swatches":"rey-swatches","show_selected":"","stretch_labels":"rey-swatches--stretch-labels"},"acf":[],"yoast_head":"<!-- This site is optimized with the Yoast SEO plugin v25.4 - https:\/\/yoast.com\/wordpress\/plugins\/seo\/ -->\n<title>LE CREUSET Cocotte Oblongue en Fonte \u00e9maill\u00e9e 31 cm Cerise - dev6 Erresse<\/title>\n<meta name=\"description\" content=\"Avec sa forme allong\u00e9e et peu profonde, cette cocotte est id\u00e9ale pour la cuisson au four et vous assurera une pr\u00e9sentation \u00e9l\u00e9gante ! \u2013 Fonte Emaill\u00e9e \u2013\" \/>\n<meta name=\"robots\" content=\"noindex, follow, max-snippet:-1, max-image-preview:large, max-video-preview:-1\" \/>\n<meta property=\"og:locale\" content=\"fr_FR\" \/>\n<meta property=\"og:type\" content=\"article\" \/>\n<meta property=\"og:title\" content=\"LE CREUSET Cocotte Oblongue en Fonte \u00e9maill\u00e9e 31 cm Cerise - dev6 Erresse\" \/>\n<meta property=\"og:description\" content=\"Avec sa forme allong\u00e9e et peu profonde, cette cocotte est id\u00e9ale pour la cuisson au four et vous assurera une pr\u00e9sentation \u00e9l\u00e9gante ! \u2013 Fonte Emaill\u00e9e \u2013\" \/>\n<meta property=\"og:url\" content=\"https:\/\/dev6.erresse-shop.it\/fr\/shop\/poeles-pots\/casseroles\/le-creuset-cocotte-oblongue-en-fonte-emaillee-31-cm-cerise\/\" \/>\n<meta property=\"og:site_name\" content=\"dev6 Erresse\" \/>\n<meta property=\"og:image\" content=\"https:\/\/interpim.erresse-shop.it\/Import\/Prodotti\/le-creuset-casseruola-oblong-evolution-in-ghisa-31-cm-ciliegia.png\" \/><meta property=\"og:image\" content=\"https:\/\/interpim.erresse-shop.it\/Import\/Prodotti\/le-creuset-casseruola-oblong-evolution-in-ghisa-31-cm-ciliegia.png\" \/>\n\t<meta property=\"og:image:width\" content=\"1024\" \/>\n\t<meta property=\"og:image:height\" content=\"1024\" \/>\n\t<meta property=\"og:image:type\" content=\"image\/jpeg\" \/>\n<meta name=\"twitter:card\" content=\"summary_large_image\" \/>\n<meta name=\"twitter:image\" content=\"https:\/\/interpim.erresse-shop.it\/Import\/Prodotti\/le-creuset-casseruola-oblong-evolution-in-ghisa-31-cm-ciliegia.png\" \/>\n<script type=\"application\/ld+json\" class=\"yoast-schema-graph\">{\"@context\":\"https:\/\/schema.org\",\"@graph\":[{\"@type\":\"WebPage\",\"@id\":\"https:\/\/dev6.erresse-shop.it\/fr\/shop\/poeles-pots\/casseroles\/le-creuset-cocotte-oblongue-en-fonte-emaillee-31-cm-cerise\/\",\"url\":\"https:\/\/dev6.erresse-shop.it\/fr\/shop\/poeles-pots\/casseroles\/le-creuset-cocotte-oblongue-en-fonte-emaillee-31-cm-cerise\/\",\"name\":\"LE CREUSET Cocotte Oblongue en Fonte \u00e9maill\u00e9e 31 cm Cerise - dev6 Erresse\",\"isPartOf\":{\"@id\":\"https:\/\/dev6.erresse-shop.it\/#website\"},\"primaryImageOfPage\":{\"@id\":\"https:\/\/dev6.erresse-shop.it\/fr\/shop\/poeles-pots\/casseroles\/le-creuset-cocotte-oblongue-en-fonte-emaillee-31-cm-cerise\/#primaryimage\"},\"image\":{\"@id\":\"https:\/\/dev6.erresse-shop.it\/fr\/shop\/poeles-pots\/casseroles\/le-creuset-cocotte-oblongue-en-fonte-emaillee-31-cm-cerise\/#primaryimage\"},\"thumbnailUrl\":\"https:\/\/i3.wp.com\/interpim.erresse-shop.it\/Import\/Prodotti\/le-creuset-casseruola-oblong-evolution-in-ghisa-31-cm-ciliegia.png?ssl=1\",\"datePublished\":\"2026-04-16T16:51:51+00:00\",\"description\":\"Avec sa forme allong\u00e9e et peu profonde, cette cocotte est id\u00e9ale pour la cuisson au four et vous assurera une pr\u00e9sentation \u00e9l\u00e9gante ! \u2013 Fonte Emaill\u00e9e \u2013\",\"breadcrumb\":{\"@id\":\"https:\/\/dev6.erresse-shop.it\/fr\/shop\/poeles-pots\/casseroles\/le-creuset-cocotte-oblongue-en-fonte-emaillee-31-cm-cerise\/#breadcrumb\"},\"inLanguage\":\"fr-FR\",\"potentialAction\":[{\"@type\":\"ReadAction\",\"target\":[\"https:\/\/dev6.erresse-shop.it\/fr\/shop\/poeles-pots\/casseroles\/le-creuset-cocotte-oblongue-en-fonte-emaillee-31-cm-cerise\/\"]}]},{\"@type\":\"ImageObject\",\"inLanguage\":\"fr-FR\",\"@id\":\"https:\/\/dev6.erresse-shop.it\/fr\/shop\/poeles-pots\/casseroles\/le-creuset-cocotte-oblongue-en-fonte-emaillee-31-cm-cerise\/#primaryimage\",\"url\":\"https:\/\/i3.wp.com\/interpim.erresse-shop.it\/Import\/Prodotti\/le-creuset-casseruola-oblong-evolution-in-ghisa-31-cm-ciliegia.png?ssl=1\",\"contentUrl\":\"https:\/\/i3.wp.com\/interpim.erresse-shop.it\/Import\/Prodotti\/le-creuset-casseruola-oblong-evolution-in-ghisa-31-cm-ciliegia.png?ssl=1\"},{\"@type\":\"BreadcrumbList\",\"@id\":\"https:\/\/dev6.erresse-shop.it\/fr\/shop\/poeles-pots\/casseroles\/le-creuset-cocotte-oblongue-en-fonte-emaillee-31-cm-cerise\/#breadcrumb\",\"itemListElement\":[{\"@type\":\"ListItem\",\"position\":1,\"name\":\"Home\",\"item\":\"https:\/\/dev6.erresse-shop.it\/\"},{\"@type\":\"ListItem\",\"position\":2,\"name\":\"Boutique\",\"item\":\"https:\/\/dev6.erresse-shop.it\/shop\/\"},{\"@type\":\"ListItem\",\"position\":3,\"name\":\"LE CREUSET Cocotte Oblongue en Fonte \u00e9maill\u00e9e 31 cm Cerise\"}]},{\"@type\":\"WebSite\",\"@id\":\"https:\/\/dev6.erresse-shop.it\/#website\",\"url\":\"https:\/\/dev6.erresse-shop.it\/\",\"name\":\"Erresse Shop\",\"description\":\"\",\"publisher\":{\"@id\":\"https:\/\/dev6.erresse-shop.it\/#organization\"},\"potentialAction\":[{\"@type\":\"SearchAction\",\"target\":{\"@type\":\"EntryPoint\",\"urlTemplate\":\"https:\/\/dev6.erresse-shop.it\/?s={search_term_string}\"},\"query-input\":{\"@type\":\"PropertyValueSpecification\",\"valueRequired\":true,\"valueName\":\"search_term_string\"}}],\"inLanguage\":\"fr-FR\"},{\"@type\":\"Organization\",\"@id\":\"https:\/\/dev6.erresse-shop.it\/#organization\",\"name\":\"Erresse Shop\",\"url\":\"https:\/\/dev6.erresse-shop.it\/\",\"logo\":{\"@type\":\"ImageObject\",\"inLanguage\":\"fr-FR\",\"@id\":\"https:\/\/dev6.erresse-shop.it\/#\/schema\/logo\/image\/\",\"url\":\"https:\/\/dev6.erresse-shop.it\/wp-content\/uploads\/2025\/01\/LOGO-ERRESSE-CLASSICO.svg\",\"contentUrl\":\"https:\/\/dev6.erresse-shop.it\/wp-content\/uploads\/2025\/01\/LOGO-ERRESSE-CLASSICO.svg\",\"caption\":\"Erresse Shop\"},\"image\":{\"@id\":\"https:\/\/dev6.erresse-shop.it\/#\/schema\/logo\/image\/\"}}]}<\/script>\n<!-- \/ Yoast SEO plugin. -->","yoast_head_json":{"title":"LE CREUSET Cocotte Oblongue en Fonte \u00e9maill\u00e9e 31 cm Cerise - dev6 Erresse","description":"Avec sa forme allong\u00e9e et peu profonde, cette cocotte est id\u00e9ale pour la cuisson au four et vous assurera une pr\u00e9sentation \u00e9l\u00e9gante ! \u2013 Fonte Emaill\u00e9e \u2013","robots":{"index":"noindex","follow":"follow","max-snippet":"max-snippet:-1","max-image-preview":"max-image-preview:large","max-video-preview":"max-video-preview:-1"},"og_locale":"fr_FR","og_type":"article","og_title":"LE CREUSET Cocotte Oblongue en Fonte \u00e9maill\u00e9e 31 cm Cerise - dev6 Erresse","og_description":"Avec sa forme allong\u00e9e et peu profonde, cette cocotte est id\u00e9ale pour la cuisson au four et vous assurera une pr\u00e9sentation \u00e9l\u00e9gante ! \u2013 Fonte Emaill\u00e9e \u2013","og_url":"https:\/\/dev6.erresse-shop.it\/fr\/shop\/poeles-pots\/casseroles\/le-creuset-cocotte-oblongue-en-fonte-emaillee-31-cm-cerise\/","og_site_name":"dev6 Erresse","og_image":[{"url":"https:\/\/interpim.erresse-shop.it\/Import\/Prodotti\/le-creuset-casseruola-oblong-evolution-in-ghisa-31-cm-ciliegia.png","type":"","width":"","height":""},{"url":"https:\/\/interpim.erresse-shop.it\/Import\/Prodotti\/le-creuset-casseruola-oblong-evolution-in-ghisa-31-cm-ciliegia.png","width":1024,"height":1024,"type":"image\/jpeg"}],"twitter_card":"summary_large_image","twitter_image":"https:\/\/interpim.erresse-shop.it\/Import\/Prodotti\/le-creuset-casseruola-oblong-evolution-in-ghisa-31-cm-ciliegia.png","schema":{"@context":"https:\/\/schema.org","@graph":[{"@type":"WebPage","@id":"https:\/\/dev6.erresse-shop.it\/fr\/shop\/poeles-pots\/casseroles\/le-creuset-cocotte-oblongue-en-fonte-emaillee-31-cm-cerise\/","url":"https:\/\/dev6.erresse-shop.it\/fr\/shop\/poeles-pots\/casseroles\/le-creuset-cocotte-oblongue-en-fonte-emaillee-31-cm-cerise\/","name":"LE CREUSET Cocotte Oblongue en Fonte \u00e9maill\u00e9e 31 cm Cerise - dev6 Erresse","isPartOf":{"@id":"https:\/\/dev6.erresse-shop.it\/#website"},"primaryImageOfPage":{"@id":"https:\/\/dev6.erresse-shop.it\/fr\/shop\/poeles-pots\/casseroles\/le-creuset-cocotte-oblongue-en-fonte-emaillee-31-cm-cerise\/#primaryimage"},"image":{"@id":"https:\/\/dev6.erresse-shop.it\/fr\/shop\/poeles-pots\/casseroles\/le-creuset-cocotte-oblongue-en-fonte-emaillee-31-cm-cerise\/#primaryimage"},"thumbnailUrl":"https:\/\/i3.wp.com\/interpim.erresse-shop.it\/Import\/Prodotti\/le-creuset-casseruola-oblong-evolution-in-ghisa-31-cm-ciliegia.png?ssl=1","datePublished":"2026-04-16T16:51:51+00:00","description":"Avec sa forme allong\u00e9e et peu profonde, cette cocotte est id\u00e9ale pour la cuisson au four et vous assurera une pr\u00e9sentation \u00e9l\u00e9gante ! \u2013 Fonte Emaill\u00e9e \u2013","breadcrumb":{"@id":"https:\/\/dev6.erresse-shop.it\/fr\/shop\/poeles-pots\/casseroles\/le-creuset-cocotte-oblongue-en-fonte-emaillee-31-cm-cerise\/#breadcrumb"},"inLanguage":"fr-FR","potentialAction":[{"@type":"ReadAction","target":["https:\/\/dev6.erresse-shop.it\/fr\/shop\/poeles-pots\/casseroles\/le-creuset-cocotte-oblongue-en-fonte-emaillee-31-cm-cerise\/"]}]},{"@type":"ImageObject","inLanguage":"fr-FR","@id":"https:\/\/dev6.erresse-shop.it\/fr\/shop\/poeles-pots\/casseroles\/le-creuset-cocotte-oblongue-en-fonte-emaillee-31-cm-cerise\/#primaryimage","url":"https:\/\/i3.wp.com\/interpim.erresse-shop.it\/Import\/Prodotti\/le-creuset-casseruola-oblong-evolution-in-ghisa-31-cm-ciliegia.png?ssl=1","contentUrl":"https:\/\/i3.wp.com\/interpim.erresse-shop.it\/Import\/Prodotti\/le-creuset-casseruola-oblong-evolution-in-ghisa-31-cm-ciliegia.png?ssl=1"},{"@type":"BreadcrumbList","@id":"https:\/\/dev6.erresse-shop.it\/fr\/shop\/poeles-pots\/casseroles\/le-creuset-cocotte-oblongue-en-fonte-emaillee-31-cm-cerise\/#breadcrumb","itemListElement":[{"@type":"ListItem","position":1,"name":"Home","item":"https:\/\/dev6.erresse-shop.it\/"},{"@type":"ListItem","position":2,"name":"Boutique","item":"https:\/\/dev6.erresse-shop.it\/shop\/"},{"@type":"ListItem","position":3,"name":"LE CREUSET Cocotte Oblongue en Fonte \u00e9maill\u00e9e 31 cm Cerise"}]},{"@type":"WebSite","@id":"https:\/\/dev6.erresse-shop.it\/#website","url":"https:\/\/dev6.erresse-shop.it\/","name":"Erresse Shop","description":"","publisher":{"@id":"https:\/\/dev6.erresse-shop.it\/#organization"},"potentialAction":[{"@type":"SearchAction","target":{"@type":"EntryPoint","urlTemplate":"https:\/\/dev6.erresse-shop.it\/?s={search_term_string}"},"query-input":{"@type":"PropertyValueSpecification","valueRequired":true,"valueName":"search_term_string"}}],"inLanguage":"fr-FR"},{"@type":"Organization","@id":"https:\/\/dev6.erresse-shop.it\/#organization","name":"Erresse Shop","url":"https:\/\/dev6.erresse-shop.it\/","logo":{"@type":"ImageObject","inLanguage":"fr-FR","@id":"https:\/\/dev6.erresse-shop.it\/#\/schema\/logo\/image\/","url":"https:\/\/dev6.erresse-shop.it\/wp-content\/uploads\/2025\/01\/LOGO-ERRESSE-CLASSICO.svg","contentUrl":"https:\/\/dev6.erresse-shop.it\/wp-content\/uploads\/2025\/01\/LOGO-ERRESSE-CLASSICO.svg","caption":"Erresse Shop"},"image":{"@id":"https:\/\/dev6.erresse-shop.it\/#\/schema\/logo\/image\/"}}]}},"df_price":199.95,"df_sale_price":199.95,"df_regular_price":299,"df_image_link":"https:\/\/i3.wp.com\/interpim.erresse-shop.it\/Import\/Prodotti\/le-creuset-casseruola-oblong-evolution-in-ghisa-31-cm-ciliegia.png?resize=300,300&ssl=1","fifu_image_url":"https:\/\/interpim.erresse-shop.it\/Import\/Prodotti\/le-creuset-casseruola-oblong-evolution-in-ghisa-31-cm-ciliegia.png","_links":{"self":[{"href":"https:\/\/dev6.erresse-shop.it\/fr\/wp-json\/wp\/v2\/product\/57945","targetHints":{"allow":["GET"]}}],"collection":[{"href":"https:\/\/dev6.erresse-shop.it\/fr\/wp-json\/wp\/v2\/product"}],"about":[{"href":"https:\/\/dev6.erresse-shop.it\/fr\/wp-json\/wp\/v2\/types\/product"}],"wp:featuredmedia":[{"embeddable":true,"href":"https:\/\/dev6.erresse-shop.it\/fr\/wp-json\/wp\/v2\/media\/6484582"}],"wp:attachment":[{"href":"https:\/\/dev6.erresse-shop.it\/fr\/wp-json\/wp\/v2\/media?parent=57945"}],"wp:term":[{"taxonomy":"product_cat","embeddable":true,"href":"https:\/\/dev6.erresse-shop.it\/fr\/wp-json\/wp\/v2\/product_cat?post=57945"},{"taxonomy":"product_tag","embeddable":true,"href":"https:\/\/dev6.erresse-shop.it\/fr\/wp-json\/wp\/v2\/product_tag?post=57945"}],"curies":[{"name":"wp","href":"https:\/\/api.w.org\/{rel}","templated":true}]}}