{"id":57905,"date":"2026-04-04T08:16:09","date_gmt":"2026-04-04T06:16:09","guid":{"rendered":"https:\/\/dev6.erresse-shop.it\/shop\/non%20class\u00e9\/smeg-chocolatiere-esthetique-annees-50-noir\/"},"modified":"2025-07-04T15:49:36","modified_gmt":"2025-07-04T13:49:36","slug":"smeg-chocolatiere-esthetique-annees-50-noir","status":"publish","type":"product","link":"https:\/\/dev6.erresse-shop.it\/fr\/shop\/petits-electromenagers\/mousseurs-a-lait\/smeg-chocolatiere-esthetique-annees-50-noir\/","title":{"rendered":"SMEG Chocolati\u00e8re Esth\u00e9tique Ann\u00e9es &#8217;50 Noir"},"content":{"rendered":"<p>ESTH\u00c9TIQUE<br \/>\nEsth\u00e9tique: Ann\u00e9es 50<br \/>\nMat\u00e9riau du corps: Inox<br \/>\nMat\u00e9riau couvercle: Tritan\u2122 \u2013 transparent<br \/>\nMat\u00e9riau bouchon doseur: Tritan\u2122 \u2013 transparent<br \/>\nMat\u00e9riau carafe: Inox<br \/>\nCouleur de la poign\u00e9e: Int\u00e9rieur gris \/ Ext\u00e9rieur Chrom\u00e9<br \/>\nMat\u00e9riau de la poign\u00e9e: Plastique<br \/>\nMat\u00e9riau du cercle: Plastique<br \/>\nCouleur base: Chrom\u00e9 brillant<br \/>\nCouleur cercle: Chrom\u00e9 brillant<br \/>\nMat\u00e9riau base: Plastique<br \/>\nType de logo: Appliqu\u00e9<br \/>\nCouleur du c\u00e2ble d\u2019alimentation: Gris<\/p>\n<p>COMMANDES<br \/>\nType de commandes: Touches, Manette<br \/>\nMat\u00e9riau de la poign\u00e9e: Plastique<br \/>\nMat\u00e9riau touches: Plastique<\/p>\n<p>PROGRAMMES \/ FONCTIONS<br \/>\nFonction chocolat chaud: Oui<br \/>\nFonction lait chaud: Oui<br \/>\nFonction Lait chaud avec mousse fine: Oui<br \/>\nFonction lait chaud avec mousse \u00e9paisse: Oui<br \/>\nFonction Lait froid avec mousse fine: Oui<br \/>\nFonction Lait froid avec mousse \u00e9paisse: Oui<br \/>\nFonction manuelle: Oui<br \/>\nFonction manuelle lait froid: Oui<\/p>\n<p>CARACT\u00c9RISTIQUES TECHNIQUES<br \/>\nSyst\u00e8me \u00e0 induction avec arr\u00eat automatique: Oui<br \/>\nBouchon doseur: Oui<br \/>\nCarafe amovible: Oui<br \/>\nCapacit\u00e9 carafe pour monter le lait: 250 ml \/ 1 tasse<br \/>\nCapacit\u00e9 carafe pour la chauffe du lait et le chocolat: 600 ml \/ 2,5 tasses<br \/>\nPieds antid\u00e9rapants: Oui<br \/>\nRange-cordon int\u00e9gr\u00e9: Oui<\/p>\n<p>RACCORDEMENT \u00c9LECTRIQUE<br \/>\nTension: 220-240 V<br \/>\nFr\u00e9quence: 50\/60 Hz<br \/>\nType de prise: Schuko<br \/>\nPuissance: 500 W<br \/>\nLongueur du c\u00e2ble d\u2019alimentation: 1 m<\/p>\n<p>INFORMATIONS LOGISTIQUES<br \/>\nDimensions du produit (HxLxP): 251 x 184 x 142 mm<br \/>\nLargeur du produit: 197 mm<br \/>\nPoids net: 1.780 kg<br \/>\nPoids brut: 3.030 kg<br \/>\nProfondeur du produit: 142 mm<br \/>\nHauteur du produit: 251 mm<br \/>\nLargeur du produit emball\u00e9: 233 mm<br \/>\nProfondeur du produit emball\u00e9: 233 mm<br \/>\nHauteur du produit emball\u00e9: 337 mm<\/p>\n<p>ACCESSOIRES FOURNIS<br \/>\nFouet plat pour fonction lait chaud et manuelle: Oui<br \/>\nFouet crant\u00e9 pour fonction \u00e9mulsionneur de lait et manuelle: Oui<br \/>\nMat\u00e9riau fouets: Plastique<br \/>\nCouleur fouets: Gris<\/p>\n","protected":false},"excerpt":{"rendered":"<p>ESTH\u00c9TIQUE Esth\u00e9tique: Ann\u00e9es 50 Mat\u00e9riau du corps: Inox Mat\u00e9riau couvercle: Tritan\u2122 \u2013 transparent Mat\u00e9riau bouchon doseur: Tritan\u2122 \u2013 transparent Mat\u00e9riau carafe: Inox Couleur de la poign\u00e9e: Int\u00e9rieur gris \/ Ext\u00e9rieur Chrom\u00e9 Mat\u00e9riau de la poign\u00e9e: Plastique Mat\u00e9riau du cercle: Plastique Couleur base: Chrom\u00e9 brillant Couleur cercle: Chrom\u00e9 brillant Mat\u00e9riau base: Plastique Type de logo: Appliqu\u00e9 [&hellip;]<\/p>\n","protected":false},"featured_media":6261918,"template":"","meta":{"_acf_changed":false},"product_cat":[11767,12091,12055],"product_tag":[],"class_list":{"0":"post-57905","1":"product","2":"type-product","3":"status-publish","4":"has-post-thumbnail","6":"product_cat-montalatte","7":"product_cat-mousseurs-a-lait","8":"product_cat-petits-electromenagers","10":"first","11":"outofstock","12":"sale","13":"taxable","14":"shipping-taxable","15":"purchasable","16":"product-type-simple","swatches":"rey-swatches","show_selected":"","stretch_labels":"rey-swatches--stretch-labels"},"acf":[],"yoast_head":"<!-- This site is optimized with the Yoast SEO plugin v25.4 - https:\/\/yoast.com\/wordpress\/plugins\/seo\/ -->\n<title>SMEG Chocolati\u00e8re Esth\u00e9tique Ann\u00e9es &#8217;50 Noir - dev6 Erresse<\/title>\n<meta name=\"description\" content=\"ESTH\u00c9TIQUE Esth\u00e9tique: Ann\u00e9es 50 Mat\u00e9riau du corps: Inox Mat\u00e9riau couvercle: Tritan\u2122 \u2013 transparent Mat\u00e9riau bouchon doseur: Tritan\u2122 \u2013 transparent Mat\u00e9riau\" \/>\n<meta name=\"robots\" content=\"noindex, follow, max-snippet:-1, max-image-preview:large, max-video-preview:-1\" \/>\n<meta property=\"og:locale\" content=\"fr_FR\" \/>\n<meta property=\"og:type\" content=\"article\" \/>\n<meta property=\"og:title\" content=\"SMEG Chocolati\u00e8re Esth\u00e9tique Ann\u00e9es &#8217;50 Noir - dev6 Erresse\" \/>\n<meta property=\"og:description\" content=\"ESTH\u00c9TIQUE Esth\u00e9tique: Ann\u00e9es 50 Mat\u00e9riau du corps: Inox Mat\u00e9riau couvercle: Tritan\u2122 \u2013 transparent Mat\u00e9riau bouchon doseur: Tritan\u2122 \u2013 transparent Mat\u00e9riau\" \/>\n<meta property=\"og:url\" content=\"https:\/\/dev6.erresse-shop.it\/fr\/shop\/petits-electromenagers\/mousseurs-a-lait\/smeg-chocolatiere-esthetique-annees-50-noir\/\" \/>\n<meta property=\"og:site_name\" content=\"dev6 Erresse\" \/>\n<meta property=\"og:image\" content=\"https:\/\/interpim.erresse-shop.it\/wp-content\/uploads\/2019\/11\/SMEG-Estetica-Anni-50-Montalatte-Nero.jpg\/smeg-estetica-anni-50-montalatte-nero.jpg\" \/><meta property=\"og:image\" content=\"https:\/\/interpim.erresse-shop.it\/wp-content\/uploads\/2019\/11\/SMEG-Estetica-Anni-50-Montalatte-Nero.jpg\/smeg-estetica-anni-50-montalatte-nero.jpg\" \/>\n\t<meta property=\"og:image:width\" content=\"1024\" \/>\n\t<meta property=\"og:image:height\" content=\"1024\" \/>\n\t<meta property=\"og:image:type\" content=\"image\/jpeg\" \/>\n<meta name=\"twitter:card\" content=\"summary_large_image\" \/>\n<meta name=\"twitter:image\" content=\"https:\/\/interpim.erresse-shop.it\/wp-content\/uploads\/2019\/11\/SMEG-Estetica-Anni-50-Montalatte-Nero.jpg\/smeg-estetica-anni-50-montalatte-nero.jpg\" \/>\n<script type=\"application\/ld+json\" class=\"yoast-schema-graph\">{\"@context\":\"https:\/\/schema.org\",\"@graph\":[{\"@type\":\"WebPage\",\"@id\":\"https:\/\/dev6.erresse-shop.it\/fr\/shop\/petits-electromenagers\/mousseurs-a-lait\/smeg-chocolatiere-esthetique-annees-50-noir\/\",\"url\":\"https:\/\/dev6.erresse-shop.it\/fr\/shop\/petits-electromenagers\/mousseurs-a-lait\/smeg-chocolatiere-esthetique-annees-50-noir\/\",\"name\":\"SMEG Chocolati\u00e8re Esth\u00e9tique Ann\u00e9es &#8217;50 Noir - dev6 Erresse\",\"isPartOf\":{\"@id\":\"https:\/\/dev6.erresse-shop.it\/#website\"},\"primaryImageOfPage\":{\"@id\":\"https:\/\/dev6.erresse-shop.it\/fr\/shop\/petits-electromenagers\/mousseurs-a-lait\/smeg-chocolatiere-esthetique-annees-50-noir\/#primaryimage\"},\"image\":{\"@id\":\"https:\/\/dev6.erresse-shop.it\/fr\/shop\/petits-electromenagers\/mousseurs-a-lait\/smeg-chocolatiere-esthetique-annees-50-noir\/#primaryimage\"},\"thumbnailUrl\":\"https:\/\/i2.wp.com\/interpim.erresse-shop.it\/wp-content\/uploads\/2019\/11\/SMEG-Estetica-Anni-50-Montalatte-Nero.jpg\/smeg-estetica-anni-50-montalatte-nero.jpg?ssl=1\",\"datePublished\":\"2026-04-04T06:16:09+00:00\",\"description\":\"ESTH\u00c9TIQUE Esth\u00e9tique: Ann\u00e9es 50 Mat\u00e9riau du corps: Inox Mat\u00e9riau couvercle: Tritan\u2122 \u2013 transparent Mat\u00e9riau bouchon doseur: Tritan\u2122 \u2013 transparent Mat\u00e9riau\",\"breadcrumb\":{\"@id\":\"https:\/\/dev6.erresse-shop.it\/fr\/shop\/petits-electromenagers\/mousseurs-a-lait\/smeg-chocolatiere-esthetique-annees-50-noir\/#breadcrumb\"},\"inLanguage\":\"fr-FR\",\"potentialAction\":[{\"@type\":\"ReadAction\",\"target\":[\"https:\/\/dev6.erresse-shop.it\/fr\/shop\/petits-electromenagers\/mousseurs-a-lait\/smeg-chocolatiere-esthetique-annees-50-noir\/\"]}]},{\"@type\":\"ImageObject\",\"inLanguage\":\"fr-FR\",\"@id\":\"https:\/\/dev6.erresse-shop.it\/fr\/shop\/petits-electromenagers\/mousseurs-a-lait\/smeg-chocolatiere-esthetique-annees-50-noir\/#primaryimage\",\"url\":\"https:\/\/i2.wp.com\/interpim.erresse-shop.it\/wp-content\/uploads\/2019\/11\/SMEG-Estetica-Anni-50-Montalatte-Nero.jpg\/smeg-estetica-anni-50-montalatte-nero.jpg?ssl=1\",\"contentUrl\":\"https:\/\/i2.wp.com\/interpim.erresse-shop.it\/wp-content\/uploads\/2019\/11\/SMEG-Estetica-Anni-50-Montalatte-Nero.jpg\/smeg-estetica-anni-50-montalatte-nero.jpg?ssl=1\"},{\"@type\":\"BreadcrumbList\",\"@id\":\"https:\/\/dev6.erresse-shop.it\/fr\/shop\/petits-electromenagers\/mousseurs-a-lait\/smeg-chocolatiere-esthetique-annees-50-noir\/#breadcrumb\",\"itemListElement\":[{\"@type\":\"ListItem\",\"position\":1,\"name\":\"Home\",\"item\":\"https:\/\/dev6.erresse-shop.it\/\"},{\"@type\":\"ListItem\",\"position\":2,\"name\":\"Boutique\",\"item\":\"https:\/\/dev6.erresse-shop.it\/shop\/\"},{\"@type\":\"ListItem\",\"position\":3,\"name\":\"SMEG Chocolati\u00e8re Esth\u00e9tique Ann\u00e9es &#8217;50 Noir\"}]},{\"@type\":\"WebSite\",\"@id\":\"https:\/\/dev6.erresse-shop.it\/#website\",\"url\":\"https:\/\/dev6.erresse-shop.it\/\",\"name\":\"Erresse Shop\",\"description\":\"\",\"publisher\":{\"@id\":\"https:\/\/dev6.erresse-shop.it\/#organization\"},\"potentialAction\":[{\"@type\":\"SearchAction\",\"target\":{\"@type\":\"EntryPoint\",\"urlTemplate\":\"https:\/\/dev6.erresse-shop.it\/?s={search_term_string}\"},\"query-input\":{\"@type\":\"PropertyValueSpecification\",\"valueRequired\":true,\"valueName\":\"search_term_string\"}}],\"inLanguage\":\"fr-FR\"},{\"@type\":\"Organization\",\"@id\":\"https:\/\/dev6.erresse-shop.it\/#organization\",\"name\":\"Erresse Shop\",\"url\":\"https:\/\/dev6.erresse-shop.it\/\",\"logo\":{\"@type\":\"ImageObject\",\"inLanguage\":\"fr-FR\",\"@id\":\"https:\/\/dev6.erresse-shop.it\/#\/schema\/logo\/image\/\",\"url\":\"https:\/\/dev6.erresse-shop.it\/wp-content\/uploads\/2025\/01\/LOGO-ERRESSE-CLASSICO.svg\",\"contentUrl\":\"https:\/\/dev6.erresse-shop.it\/wp-content\/uploads\/2025\/01\/LOGO-ERRESSE-CLASSICO.svg\",\"caption\":\"Erresse Shop\"},\"image\":{\"@id\":\"https:\/\/dev6.erresse-shop.it\/#\/schema\/logo\/image\/\"}}]}<\/script>\n<!-- \/ Yoast SEO plugin. -->","yoast_head_json":{"title":"SMEG Chocolati\u00e8re Esth\u00e9tique Ann\u00e9es &#8217;50 Noir - dev6 Erresse","description":"ESTH\u00c9TIQUE Esth\u00e9tique: Ann\u00e9es 50 Mat\u00e9riau du corps: Inox Mat\u00e9riau couvercle: Tritan\u2122 \u2013 transparent Mat\u00e9riau bouchon doseur: Tritan\u2122 \u2013 transparent Mat\u00e9riau","robots":{"index":"noindex","follow":"follow","max-snippet":"max-snippet:-1","max-image-preview":"max-image-preview:large","max-video-preview":"max-video-preview:-1"},"og_locale":"fr_FR","og_type":"article","og_title":"SMEG Chocolati\u00e8re Esth\u00e9tique Ann\u00e9es &#8217;50 Noir - dev6 Erresse","og_description":"ESTH\u00c9TIQUE Esth\u00e9tique: Ann\u00e9es 50 Mat\u00e9riau du corps: Inox Mat\u00e9riau couvercle: Tritan\u2122 \u2013 transparent Mat\u00e9riau bouchon doseur: Tritan\u2122 \u2013 transparent Mat\u00e9riau","og_url":"https:\/\/dev6.erresse-shop.it\/fr\/shop\/petits-electromenagers\/mousseurs-a-lait\/smeg-chocolatiere-esthetique-annees-50-noir\/","og_site_name":"dev6 Erresse","og_image":[{"url":"https:\/\/interpim.erresse-shop.it\/wp-content\/uploads\/2019\/11\/SMEG-Estetica-Anni-50-Montalatte-Nero.jpg\/smeg-estetica-anni-50-montalatte-nero.jpg","type":"","width":"","height":""},{"url":"https:\/\/interpim.erresse-shop.it\/wp-content\/uploads\/2019\/11\/SMEG-Estetica-Anni-50-Montalatte-Nero.jpg\/smeg-estetica-anni-50-montalatte-nero.jpg","width":1024,"height":1024,"type":"image\/jpeg"}],"twitter_card":"summary_large_image","twitter_image":"https:\/\/interpim.erresse-shop.it\/wp-content\/uploads\/2019\/11\/SMEG-Estetica-Anni-50-Montalatte-Nero.jpg\/smeg-estetica-anni-50-montalatte-nero.jpg","schema":{"@context":"https:\/\/schema.org","@graph":[{"@type":"WebPage","@id":"https:\/\/dev6.erresse-shop.it\/fr\/shop\/petits-electromenagers\/mousseurs-a-lait\/smeg-chocolatiere-esthetique-annees-50-noir\/","url":"https:\/\/dev6.erresse-shop.it\/fr\/shop\/petits-electromenagers\/mousseurs-a-lait\/smeg-chocolatiere-esthetique-annees-50-noir\/","name":"SMEG Chocolati\u00e8re Esth\u00e9tique Ann\u00e9es &#8217;50 Noir - dev6 Erresse","isPartOf":{"@id":"https:\/\/dev6.erresse-shop.it\/#website"},"primaryImageOfPage":{"@id":"https:\/\/dev6.erresse-shop.it\/fr\/shop\/petits-electromenagers\/mousseurs-a-lait\/smeg-chocolatiere-esthetique-annees-50-noir\/#primaryimage"},"image":{"@id":"https:\/\/dev6.erresse-shop.it\/fr\/shop\/petits-electromenagers\/mousseurs-a-lait\/smeg-chocolatiere-esthetique-annees-50-noir\/#primaryimage"},"thumbnailUrl":"https:\/\/i2.wp.com\/interpim.erresse-shop.it\/wp-content\/uploads\/2019\/11\/SMEG-Estetica-Anni-50-Montalatte-Nero.jpg\/smeg-estetica-anni-50-montalatte-nero.jpg?ssl=1","datePublished":"2026-04-04T06:16:09+00:00","description":"ESTH\u00c9TIQUE Esth\u00e9tique: Ann\u00e9es 50 Mat\u00e9riau du corps: Inox Mat\u00e9riau couvercle: Tritan\u2122 \u2013 transparent Mat\u00e9riau bouchon doseur: Tritan\u2122 \u2013 transparent Mat\u00e9riau","breadcrumb":{"@id":"https:\/\/dev6.erresse-shop.it\/fr\/shop\/petits-electromenagers\/mousseurs-a-lait\/smeg-chocolatiere-esthetique-annees-50-noir\/#breadcrumb"},"inLanguage":"fr-FR","potentialAction":[{"@type":"ReadAction","target":["https:\/\/dev6.erresse-shop.it\/fr\/shop\/petits-electromenagers\/mousseurs-a-lait\/smeg-chocolatiere-esthetique-annees-50-noir\/"]}]},{"@type":"ImageObject","inLanguage":"fr-FR","@id":"https:\/\/dev6.erresse-shop.it\/fr\/shop\/petits-electromenagers\/mousseurs-a-lait\/smeg-chocolatiere-esthetique-annees-50-noir\/#primaryimage","url":"https:\/\/i2.wp.com\/interpim.erresse-shop.it\/wp-content\/uploads\/2019\/11\/SMEG-Estetica-Anni-50-Montalatte-Nero.jpg\/smeg-estetica-anni-50-montalatte-nero.jpg?ssl=1","contentUrl":"https:\/\/i2.wp.com\/interpim.erresse-shop.it\/wp-content\/uploads\/2019\/11\/SMEG-Estetica-Anni-50-Montalatte-Nero.jpg\/smeg-estetica-anni-50-montalatte-nero.jpg?ssl=1"},{"@type":"BreadcrumbList","@id":"https:\/\/dev6.erresse-shop.it\/fr\/shop\/petits-electromenagers\/mousseurs-a-lait\/smeg-chocolatiere-esthetique-annees-50-noir\/#breadcrumb","itemListElement":[{"@type":"ListItem","position":1,"name":"Home","item":"https:\/\/dev6.erresse-shop.it\/"},{"@type":"ListItem","position":2,"name":"Boutique","item":"https:\/\/dev6.erresse-shop.it\/shop\/"},{"@type":"ListItem","position":3,"name":"SMEG Chocolati\u00e8re Esth\u00e9tique Ann\u00e9es &#8217;50 Noir"}]},{"@type":"WebSite","@id":"https:\/\/dev6.erresse-shop.it\/#website","url":"https:\/\/dev6.erresse-shop.it\/","name":"Erresse Shop","description":"","publisher":{"@id":"https:\/\/dev6.erresse-shop.it\/#organization"},"potentialAction":[{"@type":"SearchAction","target":{"@type":"EntryPoint","urlTemplate":"https:\/\/dev6.erresse-shop.it\/?s={search_term_string}"},"query-input":{"@type":"PropertyValueSpecification","valueRequired":true,"valueName":"search_term_string"}}],"inLanguage":"fr-FR"},{"@type":"Organization","@id":"https:\/\/dev6.erresse-shop.it\/#organization","name":"Erresse Shop","url":"https:\/\/dev6.erresse-shop.it\/","logo":{"@type":"ImageObject","inLanguage":"fr-FR","@id":"https:\/\/dev6.erresse-shop.it\/#\/schema\/logo\/image\/","url":"https:\/\/dev6.erresse-shop.it\/wp-content\/uploads\/2025\/01\/LOGO-ERRESSE-CLASSICO.svg","contentUrl":"https:\/\/dev6.erresse-shop.it\/wp-content\/uploads\/2025\/01\/LOGO-ERRESSE-CLASSICO.svg","caption":"Erresse Shop"},"image":{"@id":"https:\/\/dev6.erresse-shop.it\/#\/schema\/logo\/image\/"}}]}},"df_price":189,"df_sale_price":189,"df_regular_price":199,"df_image_link":"https:\/\/i2.wp.com\/interpim.erresse-shop.it\/wp-content\/uploads\/2019\/11\/SMEG-Estetica-Anni-50-Montalatte-Nero.jpg\/smeg-estetica-anni-50-montalatte-nero.jpg?resize=300,300&ssl=1","fifu_image_url":"https:\/\/interpim.erresse-shop.it\/wp-content\/uploads\/2019\/11\/SMEG-Estetica-Anni-50-Montalatte-Nero.jpg\/smeg-estetica-anni-50-montalatte-nero.jpg","_links":{"self":[{"href":"https:\/\/dev6.erresse-shop.it\/fr\/wp-json\/wp\/v2\/product\/57905","targetHints":{"allow":["GET"]}}],"collection":[{"href":"https:\/\/dev6.erresse-shop.it\/fr\/wp-json\/wp\/v2\/product"}],"about":[{"href":"https:\/\/dev6.erresse-shop.it\/fr\/wp-json\/wp\/v2\/types\/product"}],"wp:featuredmedia":[{"embeddable":true,"href":"https:\/\/dev6.erresse-shop.it\/fr\/wp-json\/wp\/v2\/media\/6261918"}],"wp:attachment":[{"href":"https:\/\/dev6.erresse-shop.it\/fr\/wp-json\/wp\/v2\/media?parent=57905"}],"wp:term":[{"taxonomy":"product_cat","embeddable":true,"href":"https:\/\/dev6.erresse-shop.it\/fr\/wp-json\/wp\/v2\/product_cat?post=57905"},{"taxonomy":"product_tag","embeddable":true,"href":"https:\/\/dev6.erresse-shop.it\/fr\/wp-json\/wp\/v2\/product_tag?post=57905"}],"curies":[{"name":"wp","href":"https:\/\/api.w.org\/{rel}","templated":true}]}}