{"id":57897,"date":"2026-04-12T08:17:07","date_gmt":"2026-04-12T06:17:07","guid":{"rendered":"https:\/\/dev6.erresse-shop.it\/shop\/non%20class\u00e9\/smeg-broyeur-a-cafe-esthetique-annees-50-rouge\/"},"modified":"2026-01-16T22:14:31","modified_gmt":"2026-01-16T21:14:31","slug":"smeg-broyeur-a-cafe-esthetique-annees-50-rouge","status":"publish","type":"product","link":"https:\/\/dev6.erresse-shop.it\/fr\/shop\/petits-electromenagers\/moulins-a-cafe\/smeg-broyeur-a-cafe-esthetique-annees-50-rouge\/","title":{"rendered":"SMEG Broyeur \u00e0 caf\u00e9 Esth\u00e9tique Ann\u00e9es &#8217;50 Rouge"},"content":{"rendered":"<p>Good Design Awards<\/p>\n<p>ESTH\u00c9TIQUE<br \/>\nEsth\u00e9tique: Ann\u00e9es 50<br \/>\nMat\u00e9riau du corps: Aluminium coul\u00e9<br \/>\nCouleur de la base: Chrom\u00e9 brillant<br \/>\nMat\u00e9riau r\u00e9cipient \u00e0 grains: Tritan\u2122<br \/>\nMat\u00e9riau couvercle r\u00e9cipient caf\u00e9 en grains: Tritan\u2122<br \/>\nMat\u00e9riau broyeur: Inox<br \/>\nType de broyeur: Conique<br \/>\nMat\u00e9riau du couvercle du r\u00e9cipient \u00e0 caf\u00e9 moulu: Plastique et silicone<br \/>\nMat\u00e9riau r\u00e9cipient \u00e0 caf\u00e9 en poudre: Tritan\u2122<br \/>\nMat\u00e9riau de la base: Plastic<br \/>\nMat\u00e9riau lever de r\u00e9glable broyeur: SUS 304<\/p>\n<p>COMMANDES<br \/>\nType de commandes: Manette &#43; Touche &#43; Levier<br \/>\nMat\u00e9riau brosses de nettoyage: Plastique<br \/>\nMat\u00e9riau unit\u00e9 de centrage du filtre: Plastique<br \/>\nMat\u00e9riau de la manette: Plastique<br \/>\nMat\u00e9riau petite assiette support: Acier<br \/>\nMat\u00e9riau manettes: Plastique<\/p>\n<p>PROGRAMMES \/ FONCTIONS<br \/>\nQuantit\u00e9 de caf\u00e9 r\u00e9glable: Oui<br \/>\nR\u00e9servoir \u00e0 grain avec syst\u00e8me de verrouillage rotatif: Oui<br \/>\nNiveau de broyage r\u00e9glable: Oui<br \/>\nNiveau de broyage disponibles: 30<br \/>\nPossibilit\u00e9s de broyage disponibles: FIN, MOYEN, GROSSIER<br \/>\nFonction caf\u00e9 Expresso: 2<br \/>\nFonction caf\u00e9 am\u00e9ricain: 6<br \/>\nFonction manuelle: Oui<\/p>\n<p>CARACT\u00c9RISTIQUES TECHNIQUES<br \/>\nPieds antid\u00e9rapants: Oui\u00f9<br \/>\nSyst\u00e8me antistatique: Oui<br \/>\nCapacit\u00e9 du r\u00e9cipient \u00e0 caf\u00e9 en grains: 350 gr<br \/>\nCapacit\u00e9 r\u00e9cipient \u00e0 caf\u00e9 moulu: 130 gr<br \/>\nBroyeur sup\u00e9rieur amovible: Oui<br \/>\nBase amovible: Oui<br \/>\nRPM: 450<br \/>\nRange-cordon int\u00e9gr\u00e9: Oui<\/p>\n<p>RACCORDEMENT \u00c9LECTRIQUE<br \/>\nPuissance: 150 W<br \/>\nType de prise: Schuko<br \/>\nTension (V): 220-240<br \/>\nFr\u00e9quence (Hz): 50-60<br \/>\nLongueur du c\u00e2ble d\u2019alimentation (m): 1<\/p>\n<p>INFORMATIONS LOGISTIQUES<br \/>\nDimensions du produit (L x H x P): 250 x 460 x 170 mm<br \/>\nPoids net (kg): 3.100<br \/>\nPoids brut (kg): 4.780<br \/>\nProfondeur du produit emball\u00e9: 204<br \/>\nLargeur du produit emball\u00e9: 288<br \/>\nHauteur du produit emball\u00e9: 506<\/p>\n","protected":false},"excerpt":{"rendered":"<p>Good Design Awards ESTH\u00c9TIQUE Esth\u00e9tique: Ann\u00e9es 50 Mat\u00e9riau du corps: Aluminium coul\u00e9 Couleur de la base: Chrom\u00e9 brillant Mat\u00e9riau r\u00e9cipient \u00e0 grains: Tritan\u2122 Mat\u00e9riau couvercle r\u00e9cipient caf\u00e9 en grains: Tritan\u2122 Mat\u00e9riau broyeur: Inox Type de broyeur: Conique Mat\u00e9riau du couvercle du r\u00e9cipient \u00e0 caf\u00e9 moulu: Plastique et silicone Mat\u00e9riau r\u00e9cipient \u00e0 caf\u00e9 en poudre: Tritan\u2122 [&hellip;]<\/p>\n","protected":false},"featured_media":6345221,"template":"","meta":{"_acf_changed":false},"product_cat":[11765,12089,12055],"product_tag":[],"class_list":{"0":"post-57897","1":"product","2":"type-product","3":"status-publish","4":"has-post-thumbnail","6":"product_cat-macinacaffe","7":"product_cat-moulins-a-cafe","8":"product_cat-petits-electromenagers","10":"first","11":"outofstock","12":"sale","13":"taxable","14":"shipping-taxable","15":"purchasable","16":"product-type-simple","swatches":"rey-swatches","show_selected":"","stretch_labels":"rey-swatches--stretch-labels"},"acf":[],"yoast_head":"<!-- This site is optimized with the Yoast SEO plugin v25.4 - https:\/\/yoast.com\/wordpress\/plugins\/seo\/ -->\n<title>SMEG Broyeur \u00e0 caf\u00e9 Esth\u00e9tique Ann\u00e9es &#8217;50 Rouge - dev6 Erresse<\/title>\n<meta name=\"description\" content=\"Good Design Awards ESTH\u00c9TIQUE Esth\u00e9tique: Ann\u00e9es 50 Mat\u00e9riau du corps: Aluminium coul\u00e9 Couleur de la base: Chrom\u00e9 brillant Mat\u00e9riau r\u00e9cipient \u00e0 grains:\" \/>\n<meta name=\"robots\" content=\"noindex, follow, max-snippet:-1, max-image-preview:large, max-video-preview:-1\" \/>\n<meta property=\"og:locale\" content=\"fr_FR\" \/>\n<meta property=\"og:type\" content=\"article\" \/>\n<meta property=\"og:title\" content=\"SMEG Broyeur \u00e0 caf\u00e9 Esth\u00e9tique Ann\u00e9es &#8217;50 Rouge - dev6 Erresse\" \/>\n<meta property=\"og:description\" content=\"Good Design Awards ESTH\u00c9TIQUE Esth\u00e9tique: Ann\u00e9es 50 Mat\u00e9riau du corps: Aluminium coul\u00e9 Couleur de la base: Chrom\u00e9 brillant Mat\u00e9riau r\u00e9cipient \u00e0 grains:\" \/>\n<meta property=\"og:url\" content=\"https:\/\/dev6.erresse-shop.it\/fr\/shop\/petits-electromenagers\/moulins-a-cafe\/smeg-broyeur-a-cafe-esthetique-annees-50-rouge\/\" \/>\n<meta property=\"og:site_name\" content=\"dev6 Erresse\" \/>\n<meta property=\"og:image\" content=\"https:\/\/interpim.erresse-shop.it\/Import\/Prodotti\/smeg-estetica-anni-50-macinacaffe-rosso.jpg\" \/><meta property=\"og:image\" content=\"https:\/\/interpim.erresse-shop.it\/Import\/Prodotti\/smeg-estetica-anni-50-macinacaffe-rosso.jpg\" \/>\n\t<meta property=\"og:image:width\" content=\"1024\" \/>\n\t<meta property=\"og:image:height\" content=\"1024\" \/>\n\t<meta property=\"og:image:type\" content=\"image\/jpeg\" \/>\n<meta name=\"twitter:card\" content=\"summary_large_image\" \/>\n<meta name=\"twitter:image\" content=\"https:\/\/interpim.erresse-shop.it\/Import\/Prodotti\/smeg-estetica-anni-50-macinacaffe-rosso.jpg\" \/>\n<script type=\"application\/ld+json\" class=\"yoast-schema-graph\">{\"@context\":\"https:\/\/schema.org\",\"@graph\":[{\"@type\":\"WebPage\",\"@id\":\"https:\/\/dev6.erresse-shop.it\/fr\/shop\/petits-electromenagers\/moulins-a-cafe\/smeg-broyeur-a-cafe-esthetique-annees-50-rouge\/\",\"url\":\"https:\/\/dev6.erresse-shop.it\/fr\/shop\/petits-electromenagers\/moulins-a-cafe\/smeg-broyeur-a-cafe-esthetique-annees-50-rouge\/\",\"name\":\"SMEG Broyeur \u00e0 caf\u00e9 Esth\u00e9tique Ann\u00e9es &#8217;50 Rouge - dev6 Erresse\",\"isPartOf\":{\"@id\":\"https:\/\/dev6.erresse-shop.it\/#website\"},\"primaryImageOfPage\":{\"@id\":\"https:\/\/dev6.erresse-shop.it\/fr\/shop\/petits-electromenagers\/moulins-a-cafe\/smeg-broyeur-a-cafe-esthetique-annees-50-rouge\/#primaryimage\"},\"image\":{\"@id\":\"https:\/\/dev6.erresse-shop.it\/fr\/shop\/petits-electromenagers\/moulins-a-cafe\/smeg-broyeur-a-cafe-esthetique-annees-50-rouge\/#primaryimage\"},\"thumbnailUrl\":\"https:\/\/i3.wp.com\/interpim.erresse-shop.it\/Import\/Prodotti\/smeg-estetica-anni-50-macinacaffe-rosso.jpg?ssl=1\",\"datePublished\":\"2026-04-12T06:17:07+00:00\",\"description\":\"Good Design Awards ESTH\u00c9TIQUE Esth\u00e9tique: Ann\u00e9es 50 Mat\u00e9riau du corps: Aluminium coul\u00e9 Couleur de la base: Chrom\u00e9 brillant Mat\u00e9riau r\u00e9cipient \u00e0 grains:\",\"breadcrumb\":{\"@id\":\"https:\/\/dev6.erresse-shop.it\/fr\/shop\/petits-electromenagers\/moulins-a-cafe\/smeg-broyeur-a-cafe-esthetique-annees-50-rouge\/#breadcrumb\"},\"inLanguage\":\"fr-FR\",\"potentialAction\":[{\"@type\":\"ReadAction\",\"target\":[\"https:\/\/dev6.erresse-shop.it\/fr\/shop\/petits-electromenagers\/moulins-a-cafe\/smeg-broyeur-a-cafe-esthetique-annees-50-rouge\/\"]}]},{\"@type\":\"ImageObject\",\"inLanguage\":\"fr-FR\",\"@id\":\"https:\/\/dev6.erresse-shop.it\/fr\/shop\/petits-electromenagers\/moulins-a-cafe\/smeg-broyeur-a-cafe-esthetique-annees-50-rouge\/#primaryimage\",\"url\":\"https:\/\/i3.wp.com\/interpim.erresse-shop.it\/Import\/Prodotti\/smeg-estetica-anni-50-macinacaffe-rosso.jpg?ssl=1\",\"contentUrl\":\"https:\/\/i3.wp.com\/interpim.erresse-shop.it\/Import\/Prodotti\/smeg-estetica-anni-50-macinacaffe-rosso.jpg?ssl=1\"},{\"@type\":\"BreadcrumbList\",\"@id\":\"https:\/\/dev6.erresse-shop.it\/fr\/shop\/petits-electromenagers\/moulins-a-cafe\/smeg-broyeur-a-cafe-esthetique-annees-50-rouge\/#breadcrumb\",\"itemListElement\":[{\"@type\":\"ListItem\",\"position\":1,\"name\":\"Home\",\"item\":\"https:\/\/dev6.erresse-shop.it\/\"},{\"@type\":\"ListItem\",\"position\":2,\"name\":\"Boutique\",\"item\":\"https:\/\/dev6.erresse-shop.it\/shop\/\"},{\"@type\":\"ListItem\",\"position\":3,\"name\":\"SMEG Broyeur \u00e0 caf\u00e9 Esth\u00e9tique Ann\u00e9es &#8217;50 Rouge\"}]},{\"@type\":\"WebSite\",\"@id\":\"https:\/\/dev6.erresse-shop.it\/#website\",\"url\":\"https:\/\/dev6.erresse-shop.it\/\",\"name\":\"Erresse Shop\",\"description\":\"\",\"publisher\":{\"@id\":\"https:\/\/dev6.erresse-shop.it\/#organization\"},\"potentialAction\":[{\"@type\":\"SearchAction\",\"target\":{\"@type\":\"EntryPoint\",\"urlTemplate\":\"https:\/\/dev6.erresse-shop.it\/?s={search_term_string}\"},\"query-input\":{\"@type\":\"PropertyValueSpecification\",\"valueRequired\":true,\"valueName\":\"search_term_string\"}}],\"inLanguage\":\"fr-FR\"},{\"@type\":\"Organization\",\"@id\":\"https:\/\/dev6.erresse-shop.it\/#organization\",\"name\":\"Erresse Shop\",\"url\":\"https:\/\/dev6.erresse-shop.it\/\",\"logo\":{\"@type\":\"ImageObject\",\"inLanguage\":\"fr-FR\",\"@id\":\"https:\/\/dev6.erresse-shop.it\/#\/schema\/logo\/image\/\",\"url\":\"https:\/\/dev6.erresse-shop.it\/wp-content\/uploads\/2025\/01\/LOGO-ERRESSE-CLASSICO.svg\",\"contentUrl\":\"https:\/\/dev6.erresse-shop.it\/wp-content\/uploads\/2025\/01\/LOGO-ERRESSE-CLASSICO.svg\",\"caption\":\"Erresse Shop\"},\"image\":{\"@id\":\"https:\/\/dev6.erresse-shop.it\/#\/schema\/logo\/image\/\"}}]}<\/script>\n<!-- \/ Yoast SEO plugin. -->","yoast_head_json":{"title":"SMEG Broyeur \u00e0 caf\u00e9 Esth\u00e9tique Ann\u00e9es &#8217;50 Rouge - dev6 Erresse","description":"Good Design Awards ESTH\u00c9TIQUE Esth\u00e9tique: Ann\u00e9es 50 Mat\u00e9riau du corps: Aluminium coul\u00e9 Couleur de la base: Chrom\u00e9 brillant Mat\u00e9riau r\u00e9cipient \u00e0 grains:","robots":{"index":"noindex","follow":"follow","max-snippet":"max-snippet:-1","max-image-preview":"max-image-preview:large","max-video-preview":"max-video-preview:-1"},"og_locale":"fr_FR","og_type":"article","og_title":"SMEG Broyeur \u00e0 caf\u00e9 Esth\u00e9tique Ann\u00e9es &#8217;50 Rouge - dev6 Erresse","og_description":"Good Design Awards ESTH\u00c9TIQUE Esth\u00e9tique: Ann\u00e9es 50 Mat\u00e9riau du corps: Aluminium coul\u00e9 Couleur de la base: Chrom\u00e9 brillant Mat\u00e9riau r\u00e9cipient \u00e0 grains:","og_url":"https:\/\/dev6.erresse-shop.it\/fr\/shop\/petits-electromenagers\/moulins-a-cafe\/smeg-broyeur-a-cafe-esthetique-annees-50-rouge\/","og_site_name":"dev6 Erresse","og_image":[{"url":"https:\/\/interpim.erresse-shop.it\/Import\/Prodotti\/smeg-estetica-anni-50-macinacaffe-rosso.jpg","type":"","width":"","height":""},{"url":"https:\/\/interpim.erresse-shop.it\/Import\/Prodotti\/smeg-estetica-anni-50-macinacaffe-rosso.jpg","width":1024,"height":1024,"type":"image\/jpeg"}],"twitter_card":"summary_large_image","twitter_image":"https:\/\/interpim.erresse-shop.it\/Import\/Prodotti\/smeg-estetica-anni-50-macinacaffe-rosso.jpg","schema":{"@context":"https:\/\/schema.org","@graph":[{"@type":"WebPage","@id":"https:\/\/dev6.erresse-shop.it\/fr\/shop\/petits-electromenagers\/moulins-a-cafe\/smeg-broyeur-a-cafe-esthetique-annees-50-rouge\/","url":"https:\/\/dev6.erresse-shop.it\/fr\/shop\/petits-electromenagers\/moulins-a-cafe\/smeg-broyeur-a-cafe-esthetique-annees-50-rouge\/","name":"SMEG Broyeur \u00e0 caf\u00e9 Esth\u00e9tique Ann\u00e9es &#8217;50 Rouge - dev6 Erresse","isPartOf":{"@id":"https:\/\/dev6.erresse-shop.it\/#website"},"primaryImageOfPage":{"@id":"https:\/\/dev6.erresse-shop.it\/fr\/shop\/petits-electromenagers\/moulins-a-cafe\/smeg-broyeur-a-cafe-esthetique-annees-50-rouge\/#primaryimage"},"image":{"@id":"https:\/\/dev6.erresse-shop.it\/fr\/shop\/petits-electromenagers\/moulins-a-cafe\/smeg-broyeur-a-cafe-esthetique-annees-50-rouge\/#primaryimage"},"thumbnailUrl":"https:\/\/i3.wp.com\/interpim.erresse-shop.it\/Import\/Prodotti\/smeg-estetica-anni-50-macinacaffe-rosso.jpg?ssl=1","datePublished":"2026-04-12T06:17:07+00:00","description":"Good Design Awards ESTH\u00c9TIQUE Esth\u00e9tique: Ann\u00e9es 50 Mat\u00e9riau du corps: Aluminium coul\u00e9 Couleur de la base: Chrom\u00e9 brillant Mat\u00e9riau r\u00e9cipient \u00e0 grains:","breadcrumb":{"@id":"https:\/\/dev6.erresse-shop.it\/fr\/shop\/petits-electromenagers\/moulins-a-cafe\/smeg-broyeur-a-cafe-esthetique-annees-50-rouge\/#breadcrumb"},"inLanguage":"fr-FR","potentialAction":[{"@type":"ReadAction","target":["https:\/\/dev6.erresse-shop.it\/fr\/shop\/petits-electromenagers\/moulins-a-cafe\/smeg-broyeur-a-cafe-esthetique-annees-50-rouge\/"]}]},{"@type":"ImageObject","inLanguage":"fr-FR","@id":"https:\/\/dev6.erresse-shop.it\/fr\/shop\/petits-electromenagers\/moulins-a-cafe\/smeg-broyeur-a-cafe-esthetique-annees-50-rouge\/#primaryimage","url":"https:\/\/i3.wp.com\/interpim.erresse-shop.it\/Import\/Prodotti\/smeg-estetica-anni-50-macinacaffe-rosso.jpg?ssl=1","contentUrl":"https:\/\/i3.wp.com\/interpim.erresse-shop.it\/Import\/Prodotti\/smeg-estetica-anni-50-macinacaffe-rosso.jpg?ssl=1"},{"@type":"BreadcrumbList","@id":"https:\/\/dev6.erresse-shop.it\/fr\/shop\/petits-electromenagers\/moulins-a-cafe\/smeg-broyeur-a-cafe-esthetique-annees-50-rouge\/#breadcrumb","itemListElement":[{"@type":"ListItem","position":1,"name":"Home","item":"https:\/\/dev6.erresse-shop.it\/"},{"@type":"ListItem","position":2,"name":"Boutique","item":"https:\/\/dev6.erresse-shop.it\/shop\/"},{"@type":"ListItem","position":3,"name":"SMEG Broyeur \u00e0 caf\u00e9 Esth\u00e9tique Ann\u00e9es &#8217;50 Rouge"}]},{"@type":"WebSite","@id":"https:\/\/dev6.erresse-shop.it\/#website","url":"https:\/\/dev6.erresse-shop.it\/","name":"Erresse Shop","description":"","publisher":{"@id":"https:\/\/dev6.erresse-shop.it\/#organization"},"potentialAction":[{"@type":"SearchAction","target":{"@type":"EntryPoint","urlTemplate":"https:\/\/dev6.erresse-shop.it\/?s={search_term_string}"},"query-input":{"@type":"PropertyValueSpecification","valueRequired":true,"valueName":"search_term_string"}}],"inLanguage":"fr-FR"},{"@type":"Organization","@id":"https:\/\/dev6.erresse-shop.it\/#organization","name":"Erresse Shop","url":"https:\/\/dev6.erresse-shop.it\/","logo":{"@type":"ImageObject","inLanguage":"fr-FR","@id":"https:\/\/dev6.erresse-shop.it\/#\/schema\/logo\/image\/","url":"https:\/\/dev6.erresse-shop.it\/wp-content\/uploads\/2025\/01\/LOGO-ERRESSE-CLASSICO.svg","contentUrl":"https:\/\/dev6.erresse-shop.it\/wp-content\/uploads\/2025\/01\/LOGO-ERRESSE-CLASSICO.svg","caption":"Erresse Shop"},"image":{"@id":"https:\/\/dev6.erresse-shop.it\/#\/schema\/logo\/image\/"}}]}},"df_price":219.95,"df_sale_price":219.95,"df_regular_price":269,"df_image_link":"https:\/\/i3.wp.com\/interpim.erresse-shop.it\/Import\/Prodotti\/smeg-estetica-anni-50-macinacaffe-rosso.jpg?resize=300,300&ssl=1","fifu_image_url":"https:\/\/interpim.erresse-shop.it\/Import\/Prodotti\/smeg-estetica-anni-50-macinacaffe-rosso.jpg","_links":{"self":[{"href":"https:\/\/dev6.erresse-shop.it\/fr\/wp-json\/wp\/v2\/product\/57897","targetHints":{"allow":["GET"]}}],"collection":[{"href":"https:\/\/dev6.erresse-shop.it\/fr\/wp-json\/wp\/v2\/product"}],"about":[{"href":"https:\/\/dev6.erresse-shop.it\/fr\/wp-json\/wp\/v2\/types\/product"}],"wp:featuredmedia":[{"embeddable":true,"href":"https:\/\/dev6.erresse-shop.it\/fr\/wp-json\/wp\/v2\/media\/6345221"}],"wp:attachment":[{"href":"https:\/\/dev6.erresse-shop.it\/fr\/wp-json\/wp\/v2\/media?parent=57897"}],"wp:term":[{"taxonomy":"product_cat","embeddable":true,"href":"https:\/\/dev6.erresse-shop.it\/fr\/wp-json\/wp\/v2\/product_cat?post=57897"},{"taxonomy":"product_tag","embeddable":true,"href":"https:\/\/dev6.erresse-shop.it\/fr\/wp-json\/wp\/v2\/product_tag?post=57897"}],"curies":[{"name":"wp","href":"https:\/\/api.w.org\/{rel}","templated":true}]}}