{"id":57841,"date":"2026-04-21T01:31:32","date_gmt":"2026-04-20T23:31:32","guid":{"rendered":"https:\/\/dev6.erresse-shop.it\/shop\/non%20class\u00e9\/seletti-diesel-wunderkrammer-bone\/"},"modified":"2026-04-21T23:42:26","modified_gmt":"2026-04-21T21:42:26","slug":"seletti-diesel-wunderkrammer-bone","status":"publish","type":"product","link":"https:\/\/dev6.erresse-shop.it\/fr\/shop\/ameublement-maison\/objets-de-decoration\/seletti-diesel-wunderkrammer-bone\/","title":{"rendered":"SELETTI DIESEL Wunderkrammer Bone"},"content":{"rendered":"<p>Seletti, une histoire d\u2019entreprise faite de vision et d\u2019\u00e9volution. Une histoire qui a commenc\u00e9 en 1964 \u00e0 Cicognara (Mantoue). Aujourd\u2019hui, Seletti collabore avec de jeunes designers italiens et internationaux, des jeunes qui se font rapidement un nom, l\u2019envie est de cr\u00e9er un groupe pour grandir et \u00e9voluer ensemble, un d\u00e9fi qui donne de grands r\u00e9sultats : \u201d Je collabore \u00e9galement avec des personnes et des personnalit\u00e9s qui ne font pas partie du monde du design au sens strict du terme : des artistes, des visionnaires, avec lesquels je voudrais d\u00e9passer certaines \u201d barri\u00e8res \u201c. Mon parcours atypique et non acad\u00e9mique m\u2019am\u00e8ne naturellement \u00e0 \u00eatre \u201ctransversal\u201d, un voyage dans l\u2019id\u00e9e d\u2019une \u201cnouvelle beaut\u00e9\u201d. C\u2019est la (r)\u00e9volution pour nous\u201d.<\/p>\n<p>Cr\u00e2nes de loups, serpents poseurs, ossements d\u2019animaux myst\u00e9rieux \u2026 le tout en m\u00e9tal pr\u00e9cieux de couleur or. Wunderkammer est une collection d\u2019objets rares qui voyagent d\u2019une salle des merveilles de la Renaissance \u00e0 nos jours.<\/p>\n<p>Mat\u00e9riau : Aluminium<br \/>\nTaille : Cm 37\u00d712,5\u00d712,5<\/p>\n","protected":false},"excerpt":{"rendered":"<p>Seletti, une histoire d\u2019entreprise faite de vision et d\u2019\u00e9volution. Une histoire qui a commenc\u00e9 en 1964 \u00e0 Cicognara (Mantoue). Aujourd\u2019hui, Seletti collabore avec de jeunes designers italiens et internationaux, des jeunes qui se font rapidement un nom, l\u2019envie est de cr\u00e9er un groupe pour grandir et \u00e9voluer ensemble, un d\u00e9fi qui donne de grands r\u00e9sultats [&hellip;]<\/p>\n","protected":false},"featured_media":6706071,"template":"","meta":{"_acf_changed":false},"product_cat":[11990,11666,12021],"product_tag":[],"class_list":{"0":"post-57841","1":"product","2":"type-product","3":"status-publish","4":"has-post-thumbnail","6":"product_cat-ameublement-maison","7":"product_cat-arredamento-casa","8":"product_cat-objets-de-decoration","10":"first","11":"outofstock","12":"sale","13":"taxable","14":"shipping-taxable","15":"purchasable","16":"product-type-simple","swatches":"rey-swatches","show_selected":"","stretch_labels":"rey-swatches--stretch-labels"},"acf":[],"yoast_head":"<!-- This site is optimized with the Yoast SEO plugin v25.4 - https:\/\/yoast.com\/wordpress\/plugins\/seo\/ -->\n<title>SELETTI DIESEL Wunderkrammer Bone - dev6 Erresse<\/title>\n<meta name=\"description\" content=\"Seletti, une histoire d\u2019entreprise faite de vision et d\u2019\u00e9volution. Une histoire qui a commenc\u00e9 en 1964 \u00e0 Cicognara (Mantoue). Aujourd\u2019hui, Seletti\" \/>\n<meta name=\"robots\" content=\"noindex, follow, max-snippet:-1, max-image-preview:large, max-video-preview:-1\" \/>\n<meta property=\"og:locale\" content=\"fr_FR\" \/>\n<meta property=\"og:type\" content=\"article\" \/>\n<meta property=\"og:title\" content=\"SELETTI DIESEL Wunderkrammer Bone - dev6 Erresse\" \/>\n<meta property=\"og:description\" content=\"Seletti, une histoire d\u2019entreprise faite de vision et d\u2019\u00e9volution. Une histoire qui a commenc\u00e9 en 1964 \u00e0 Cicognara (Mantoue). Aujourd\u2019hui, Seletti\" \/>\n<meta property=\"og:url\" content=\"https:\/\/dev6.erresse-shop.it\/fr\/shop\/ameublement-maison\/objets-de-decoration\/seletti-diesel-wunderkrammer-bone\/\" \/>\n<meta property=\"og:site_name\" content=\"dev6 Erresse\" \/>\n<meta property=\"article:modified_time\" content=\"2026-04-21T21:42:26+00:00\" \/>\n<meta property=\"og:image\" content=\"https:\/\/interpim.erresse-shop.it\/Import\/Prodotti\/products-10890.jpg\" \/><meta property=\"og:image\" content=\"https:\/\/interpim.erresse-shop.it\/Import\/Prodotti\/products-10890.jpg\" \/>\n\t<meta property=\"og:image:width\" content=\"1024\" \/>\n\t<meta property=\"og:image:height\" content=\"1024\" \/>\n\t<meta property=\"og:image:type\" content=\"image\/jpeg\" \/>\n<meta name=\"twitter:card\" content=\"summary_large_image\" \/>\n<meta name=\"twitter:image\" content=\"https:\/\/interpim.erresse-shop.it\/Import\/Prodotti\/products-10890.jpg\" \/>\n<script type=\"application\/ld+json\" class=\"yoast-schema-graph\">{\"@context\":\"https:\/\/schema.org\",\"@graph\":[{\"@type\":\"WebPage\",\"@id\":\"https:\/\/dev6.erresse-shop.it\/fr\/shop\/ameublement-maison\/objets-de-decoration\/seletti-diesel-wunderkrammer-bone\/\",\"url\":\"https:\/\/dev6.erresse-shop.it\/fr\/shop\/ameublement-maison\/objets-de-decoration\/seletti-diesel-wunderkrammer-bone\/\",\"name\":\"SELETTI DIESEL Wunderkrammer Bone - dev6 Erresse\",\"isPartOf\":{\"@id\":\"https:\/\/dev6.erresse-shop.it\/#website\"},\"primaryImageOfPage\":{\"@id\":\"https:\/\/dev6.erresse-shop.it\/fr\/shop\/ameublement-maison\/objets-de-decoration\/seletti-diesel-wunderkrammer-bone\/#primaryimage\"},\"image\":{\"@id\":\"https:\/\/dev6.erresse-shop.it\/fr\/shop\/ameublement-maison\/objets-de-decoration\/seletti-diesel-wunderkrammer-bone\/#primaryimage\"},\"thumbnailUrl\":\"https:\/\/i3.wp.com\/interpim.erresse-shop.it\/Import\/Prodotti\/products-10890.jpg?ssl=1\",\"datePublished\":\"2026-04-20T23:31:32+00:00\",\"dateModified\":\"2026-04-21T21:42:26+00:00\",\"description\":\"Seletti, une histoire d\u2019entreprise faite de vision et d\u2019\u00e9volution. Une histoire qui a commenc\u00e9 en 1964 \u00e0 Cicognara (Mantoue). Aujourd\u2019hui, Seletti\",\"breadcrumb\":{\"@id\":\"https:\/\/dev6.erresse-shop.it\/fr\/shop\/ameublement-maison\/objets-de-decoration\/seletti-diesel-wunderkrammer-bone\/#breadcrumb\"},\"inLanguage\":\"fr-FR\",\"potentialAction\":[{\"@type\":\"ReadAction\",\"target\":[\"https:\/\/dev6.erresse-shop.it\/fr\/shop\/ameublement-maison\/objets-de-decoration\/seletti-diesel-wunderkrammer-bone\/\"]}]},{\"@type\":\"ImageObject\",\"inLanguage\":\"fr-FR\",\"@id\":\"https:\/\/dev6.erresse-shop.it\/fr\/shop\/ameublement-maison\/objets-de-decoration\/seletti-diesel-wunderkrammer-bone\/#primaryimage\",\"url\":\"https:\/\/i3.wp.com\/interpim.erresse-shop.it\/Import\/Prodotti\/products-10890.jpg?ssl=1\",\"contentUrl\":\"https:\/\/i3.wp.com\/interpim.erresse-shop.it\/Import\/Prodotti\/products-10890.jpg?ssl=1\"},{\"@type\":\"BreadcrumbList\",\"@id\":\"https:\/\/dev6.erresse-shop.it\/fr\/shop\/ameublement-maison\/objets-de-decoration\/seletti-diesel-wunderkrammer-bone\/#breadcrumb\",\"itemListElement\":[{\"@type\":\"ListItem\",\"position\":1,\"name\":\"Home\",\"item\":\"https:\/\/dev6.erresse-shop.it\/\"},{\"@type\":\"ListItem\",\"position\":2,\"name\":\"Boutique\",\"item\":\"https:\/\/dev6.erresse-shop.it\/shop\/\"},{\"@type\":\"ListItem\",\"position\":3,\"name\":\"SELETTI DIESEL Wunderkrammer Bone\"}]},{\"@type\":\"WebSite\",\"@id\":\"https:\/\/dev6.erresse-shop.it\/#website\",\"url\":\"https:\/\/dev6.erresse-shop.it\/\",\"name\":\"Erresse Shop\",\"description\":\"\",\"publisher\":{\"@id\":\"https:\/\/dev6.erresse-shop.it\/#organization\"},\"potentialAction\":[{\"@type\":\"SearchAction\",\"target\":{\"@type\":\"EntryPoint\",\"urlTemplate\":\"https:\/\/dev6.erresse-shop.it\/?s={search_term_string}\"},\"query-input\":{\"@type\":\"PropertyValueSpecification\",\"valueRequired\":true,\"valueName\":\"search_term_string\"}}],\"inLanguage\":\"fr-FR\"},{\"@type\":\"Organization\",\"@id\":\"https:\/\/dev6.erresse-shop.it\/#organization\",\"name\":\"Erresse Shop\",\"url\":\"https:\/\/dev6.erresse-shop.it\/\",\"logo\":{\"@type\":\"ImageObject\",\"inLanguage\":\"fr-FR\",\"@id\":\"https:\/\/dev6.erresse-shop.it\/#\/schema\/logo\/image\/\",\"url\":\"https:\/\/dev6.erresse-shop.it\/wp-content\/uploads\/2025\/01\/LOGO-ERRESSE-CLASSICO.svg\",\"contentUrl\":\"https:\/\/dev6.erresse-shop.it\/wp-content\/uploads\/2025\/01\/LOGO-ERRESSE-CLASSICO.svg\",\"caption\":\"Erresse Shop\"},\"image\":{\"@id\":\"https:\/\/dev6.erresse-shop.it\/#\/schema\/logo\/image\/\"}}]}<\/script>\n<!-- \/ Yoast SEO plugin. -->","yoast_head_json":{"title":"SELETTI DIESEL Wunderkrammer Bone - dev6 Erresse","description":"Seletti, une histoire d\u2019entreprise faite de vision et d\u2019\u00e9volution. Une histoire qui a commenc\u00e9 en 1964 \u00e0 Cicognara (Mantoue). Aujourd\u2019hui, Seletti","robots":{"index":"noindex","follow":"follow","max-snippet":"max-snippet:-1","max-image-preview":"max-image-preview:large","max-video-preview":"max-video-preview:-1"},"og_locale":"fr_FR","og_type":"article","og_title":"SELETTI DIESEL Wunderkrammer Bone - dev6 Erresse","og_description":"Seletti, une histoire d\u2019entreprise faite de vision et d\u2019\u00e9volution. Une histoire qui a commenc\u00e9 en 1964 \u00e0 Cicognara (Mantoue). Aujourd\u2019hui, Seletti","og_url":"https:\/\/dev6.erresse-shop.it\/fr\/shop\/ameublement-maison\/objets-de-decoration\/seletti-diesel-wunderkrammer-bone\/","og_site_name":"dev6 Erresse","article_modified_time":"2026-04-21T21:42:26+00:00","og_image":[{"url":"https:\/\/interpim.erresse-shop.it\/Import\/Prodotti\/products-10890.jpg","type":"","width":"","height":""},{"url":"https:\/\/interpim.erresse-shop.it\/Import\/Prodotti\/products-10890.jpg","width":1024,"height":1024,"type":"image\/jpeg"}],"twitter_card":"summary_large_image","twitter_image":"https:\/\/interpim.erresse-shop.it\/Import\/Prodotti\/products-10890.jpg","schema":{"@context":"https:\/\/schema.org","@graph":[{"@type":"WebPage","@id":"https:\/\/dev6.erresse-shop.it\/fr\/shop\/ameublement-maison\/objets-de-decoration\/seletti-diesel-wunderkrammer-bone\/","url":"https:\/\/dev6.erresse-shop.it\/fr\/shop\/ameublement-maison\/objets-de-decoration\/seletti-diesel-wunderkrammer-bone\/","name":"SELETTI DIESEL Wunderkrammer Bone - dev6 Erresse","isPartOf":{"@id":"https:\/\/dev6.erresse-shop.it\/#website"},"primaryImageOfPage":{"@id":"https:\/\/dev6.erresse-shop.it\/fr\/shop\/ameublement-maison\/objets-de-decoration\/seletti-diesel-wunderkrammer-bone\/#primaryimage"},"image":{"@id":"https:\/\/dev6.erresse-shop.it\/fr\/shop\/ameublement-maison\/objets-de-decoration\/seletti-diesel-wunderkrammer-bone\/#primaryimage"},"thumbnailUrl":"https:\/\/i3.wp.com\/interpim.erresse-shop.it\/Import\/Prodotti\/products-10890.jpg?ssl=1","datePublished":"2026-04-20T23:31:32+00:00","dateModified":"2026-04-21T21:42:26+00:00","description":"Seletti, une histoire d\u2019entreprise faite de vision et d\u2019\u00e9volution. Une histoire qui a commenc\u00e9 en 1964 \u00e0 Cicognara (Mantoue). Aujourd\u2019hui, Seletti","breadcrumb":{"@id":"https:\/\/dev6.erresse-shop.it\/fr\/shop\/ameublement-maison\/objets-de-decoration\/seletti-diesel-wunderkrammer-bone\/#breadcrumb"},"inLanguage":"fr-FR","potentialAction":[{"@type":"ReadAction","target":["https:\/\/dev6.erresse-shop.it\/fr\/shop\/ameublement-maison\/objets-de-decoration\/seletti-diesel-wunderkrammer-bone\/"]}]},{"@type":"ImageObject","inLanguage":"fr-FR","@id":"https:\/\/dev6.erresse-shop.it\/fr\/shop\/ameublement-maison\/objets-de-decoration\/seletti-diesel-wunderkrammer-bone\/#primaryimage","url":"https:\/\/i3.wp.com\/interpim.erresse-shop.it\/Import\/Prodotti\/products-10890.jpg?ssl=1","contentUrl":"https:\/\/i3.wp.com\/interpim.erresse-shop.it\/Import\/Prodotti\/products-10890.jpg?ssl=1"},{"@type":"BreadcrumbList","@id":"https:\/\/dev6.erresse-shop.it\/fr\/shop\/ameublement-maison\/objets-de-decoration\/seletti-diesel-wunderkrammer-bone\/#breadcrumb","itemListElement":[{"@type":"ListItem","position":1,"name":"Home","item":"https:\/\/dev6.erresse-shop.it\/"},{"@type":"ListItem","position":2,"name":"Boutique","item":"https:\/\/dev6.erresse-shop.it\/shop\/"},{"@type":"ListItem","position":3,"name":"SELETTI DIESEL Wunderkrammer Bone"}]},{"@type":"WebSite","@id":"https:\/\/dev6.erresse-shop.it\/#website","url":"https:\/\/dev6.erresse-shop.it\/","name":"Erresse Shop","description":"","publisher":{"@id":"https:\/\/dev6.erresse-shop.it\/#organization"},"potentialAction":[{"@type":"SearchAction","target":{"@type":"EntryPoint","urlTemplate":"https:\/\/dev6.erresse-shop.it\/?s={search_term_string}"},"query-input":{"@type":"PropertyValueSpecification","valueRequired":true,"valueName":"search_term_string"}}],"inLanguage":"fr-FR"},{"@type":"Organization","@id":"https:\/\/dev6.erresse-shop.it\/#organization","name":"Erresse Shop","url":"https:\/\/dev6.erresse-shop.it\/","logo":{"@type":"ImageObject","inLanguage":"fr-FR","@id":"https:\/\/dev6.erresse-shop.it\/#\/schema\/logo\/image\/","url":"https:\/\/dev6.erresse-shop.it\/wp-content\/uploads\/2025\/01\/LOGO-ERRESSE-CLASSICO.svg","contentUrl":"https:\/\/dev6.erresse-shop.it\/wp-content\/uploads\/2025\/01\/LOGO-ERRESSE-CLASSICO.svg","caption":"Erresse Shop"},"image":{"@id":"https:\/\/dev6.erresse-shop.it\/#\/schema\/logo\/image\/"}}]}},"df_price":149.95,"df_sale_price":149.95,"df_regular_price":188,"df_image_link":"https:\/\/i3.wp.com\/interpim.erresse-shop.it\/Import\/Prodotti\/products-10890.jpg?resize=300,300&ssl=1","fifu_image_url":"https:\/\/interpim.erresse-shop.it\/Import\/Prodotti\/products-10890.jpg","_links":{"self":[{"href":"https:\/\/dev6.erresse-shop.it\/fr\/wp-json\/wp\/v2\/product\/57841","targetHints":{"allow":["GET"]}}],"collection":[{"href":"https:\/\/dev6.erresse-shop.it\/fr\/wp-json\/wp\/v2\/product"}],"about":[{"href":"https:\/\/dev6.erresse-shop.it\/fr\/wp-json\/wp\/v2\/types\/product"}],"wp:featuredmedia":[{"embeddable":true,"href":"https:\/\/dev6.erresse-shop.it\/fr\/wp-json\/wp\/v2\/media\/6706071"}],"wp:attachment":[{"href":"https:\/\/dev6.erresse-shop.it\/fr\/wp-json\/wp\/v2\/media?parent=57841"}],"wp:term":[{"taxonomy":"product_cat","embeddable":true,"href":"https:\/\/dev6.erresse-shop.it\/fr\/wp-json\/wp\/v2\/product_cat?post=57841"},{"taxonomy":"product_tag","embeddable":true,"href":"https:\/\/dev6.erresse-shop.it\/fr\/wp-json\/wp\/v2\/product_tag?post=57841"}],"curies":[{"name":"wp","href":"https:\/\/api.w.org\/{rel}","templated":true}]}}