{"id":57811,"date":"2026-04-10T08:54:20","date_gmt":"2026-04-10T06:54:20","guid":{"rendered":"https:\/\/dev6.erresse-shop.it\/shop\/non%20class\u00e9\/le-creuset-wok-en-fonte-emaillee-avec-couvercle-en-verre-36-cm-cerise\/"},"modified":"2025-09-14T04:03:18","modified_gmt":"2025-09-14T02:03:18","slug":"le-creuset-wok-en-fonte-emaillee-avec-couvercle-en-verre-36-cm-cerise","status":"publish","type":"product","link":"https:\/\/dev6.erresse-shop.it\/fr\/shop\/poeles-pots\/wok\/le-creuset-wok-en-fonte-emaillee-avec-couvercle-en-verre-36-cm-cerise\/","title":{"rendered":"LE CREUSET Wok en fonte \u00e9maill\u00e9e avec couvercle en verre 36 cm Cerise"},"content":{"rendered":"<p>Un wok polyvalent con\u00e7u dans la fonte \u00e9maill\u00e9e embl\u00e9matique Le Creuset, avec un couvercle en acier. Cet accessoire essentiel est id\u00e9al pour cuisiner toutes sortes de plats asiatiques, gr\u00e2ce \u00e0 la surface plane de son fond et ses bords incurv\u00e9s. Cependant, il pourra aussi \u00eatre utile pour r\u00e9aliser bien d\u2019autres plats. N\u2019h\u00e9sitez pas \u00e0 l\u2019utiliser pour braiser, cuire \u00e0 la vapeur, pocher et bien plus encore.<\/p>\n<p>Caract\u00e9ristiques<br \/>\nUn nettoyage express : l\u2019int\u00e9rieur en fonte \u00e9maill\u00e9e rend le nettoyage plus facile.<br \/>\nUn ustensile ultra polyvalent : passe au four, sur les plaques de cuisson, y compris \u00e0 induction, et m\u00eame sous le gril.<br \/>\nDes plats savoureux : la conception en fonte \u00e9maill\u00e9e retient la chaleur pour une cuisson uniforme et dor\u00e9e. Vos plats gourmands resteront \u00e9galement plus longtemps au chaud \u00e0 table.<br \/>\nUne cuisson en vase clos : notre couvercle herm\u00e9tique amplifie la condensation des vapeurs de cuisson qui \u00e0 leur tour rehaussent les saveurs de vos pr\u00e9parations, pour un r\u00e9sultat sensationnel.<br \/>\nUne polyvalence ultime : avec son couvercle en acier \u00e9maill\u00e9, cet ustensile indispensable de la cuisine d\u00e9montre ses qualit\u00e9s pour braiser, cuire \u00e0 la vapeur et pocher.<br \/>\nContr\u00f4le de la temp\u00e9rature : cuisinez \u00e0 feu doux ou mod\u00e9r\u00e9 pour prendre soin de votre fonte \u00e9maill\u00e9e et obtenir des r\u00e9sultats sensationnels.<br \/>\nSe bonifie en vieillissant : la fonte \u00e9maill\u00e9e se patine naturellement avec le temps et agit comme un rev\u00eatement anti-adh\u00e9rent. Sa texture fait glisser vos pr\u00e9parations sans attacher, ce qui permet d\u2019utiliser peu de mati\u00e8re grasse. Ne lavez ce produit qu\u2019\u00e0 l\u2019eau (avec du liquide vaisselle) pour favoriser le d\u00e9veloppement de sa patine.<\/p>\n<p>Mat\u00e9riau: Fonte \u00e9maill\u00e9e<br \/>\nFabriqu\u00e9 en France<br \/>\nGarantie \u00e0 vie<\/p>\n","protected":false},"excerpt":{"rendered":"<p>Un wok polyvalent con\u00e7u dans la fonte \u00e9maill\u00e9e embl\u00e9matique Le Creuset, avec un couvercle en acier. Cet accessoire essentiel est id\u00e9al pour cuisiner toutes sortes de plats asiatiques, gr\u00e2ce \u00e0 la surface plane de son fond et ses bords incurv\u00e9s. Cependant, il pourra aussi \u00eatre utile pour r\u00e9aliser bien d\u2019autres plats. N\u2019h\u00e9sitez pas \u00e0 l\u2019utiliser [&hellip;]<\/p>\n","protected":false},"featured_media":6303195,"template":"","meta":{"_acf_changed":false},"product_cat":[11667,11991,11679,12003],"product_tag":[],"class_list":{"0":"post-57811","1":"product","2":"type-product","3":"status-publish","4":"has-post-thumbnail","6":"product_cat-padelle-pentole","7":"product_cat-poeles-pots","8":"product_cat-wok","11":"first","12":"instock","13":"sale","14":"taxable","15":"shipping-taxable","16":"purchasable","17":"product-type-simple","swatches":"rey-swatches","show_selected":"","stretch_labels":"rey-swatches--stretch-labels"},"acf":[],"yoast_head":"<!-- This site is optimized with the Yoast SEO plugin v25.4 - https:\/\/yoast.com\/wordpress\/plugins\/seo\/ -->\n<title>LE CREUSET Wok en fonte \u00e9maill\u00e9e avec couvercle en verre 36 cm Cerise - dev6 Erresse<\/title>\n<meta name=\"description\" content=\"Un wok polyvalent con\u00e7u dans la fonte \u00e9maill\u00e9e embl\u00e9matique Le Creuset, avec un couvercle en acier. Cet accessoire essentiel est id\u00e9al pour cuisiner\" \/>\n<meta name=\"robots\" content=\"noindex, follow, max-snippet:-1, max-image-preview:large, max-video-preview:-1\" \/>\n<meta property=\"og:locale\" content=\"fr_FR\" \/>\n<meta property=\"og:type\" content=\"article\" \/>\n<meta property=\"og:title\" content=\"LE CREUSET Wok en fonte \u00e9maill\u00e9e avec couvercle en verre 36 cm Cerise - dev6 Erresse\" \/>\n<meta property=\"og:description\" content=\"Un wok polyvalent con\u00e7u dans la fonte \u00e9maill\u00e9e embl\u00e9matique Le Creuset, avec un couvercle en acier. Cet accessoire essentiel est id\u00e9al pour cuisiner\" \/>\n<meta property=\"og:url\" content=\"https:\/\/dev6.erresse-shop.it\/fr\/shop\/poeles-pots\/wok\/le-creuset-wok-en-fonte-emaillee-avec-couvercle-en-verre-36-cm-cerise\/\" \/>\n<meta property=\"og:site_name\" content=\"dev6 Erresse\" \/>\n<meta property=\"og:image\" content=\"https:\/\/interpim.erresse-shop.it\/Import\/Prodotti\/le-creuset-wok-con-coperchio-in-vetro-36-cm-ciliegia.png\" \/><meta property=\"og:image\" content=\"https:\/\/interpim.erresse-shop.it\/Import\/Prodotti\/le-creuset-wok-con-coperchio-in-vetro-36-cm-ciliegia.png\" \/>\n\t<meta property=\"og:image:width\" content=\"1024\" \/>\n\t<meta property=\"og:image:height\" content=\"1024\" \/>\n\t<meta property=\"og:image:type\" content=\"image\/jpeg\" \/>\n<meta name=\"twitter:card\" content=\"summary_large_image\" \/>\n<meta name=\"twitter:image\" content=\"https:\/\/interpim.erresse-shop.it\/Import\/Prodotti\/le-creuset-wok-con-coperchio-in-vetro-36-cm-ciliegia.png\" \/>\n<script type=\"application\/ld+json\" class=\"yoast-schema-graph\">{\"@context\":\"https:\/\/schema.org\",\"@graph\":[{\"@type\":\"WebPage\",\"@id\":\"https:\/\/dev6.erresse-shop.it\/fr\/shop\/poeles-pots\/wok\/le-creuset-wok-en-fonte-emaillee-avec-couvercle-en-verre-36-cm-cerise\/\",\"url\":\"https:\/\/dev6.erresse-shop.it\/fr\/shop\/poeles-pots\/wok\/le-creuset-wok-en-fonte-emaillee-avec-couvercle-en-verre-36-cm-cerise\/\",\"name\":\"LE CREUSET Wok en fonte \u00e9maill\u00e9e avec couvercle en verre 36 cm Cerise - dev6 Erresse\",\"isPartOf\":{\"@id\":\"https:\/\/dev6.erresse-shop.it\/#website\"},\"primaryImageOfPage\":{\"@id\":\"https:\/\/dev6.erresse-shop.it\/fr\/shop\/poeles-pots\/wok\/le-creuset-wok-en-fonte-emaillee-avec-couvercle-en-verre-36-cm-cerise\/#primaryimage\"},\"image\":{\"@id\":\"https:\/\/dev6.erresse-shop.it\/fr\/shop\/poeles-pots\/wok\/le-creuset-wok-en-fonte-emaillee-avec-couvercle-en-verre-36-cm-cerise\/#primaryimage\"},\"thumbnailUrl\":\"https:\/\/i0.wp.com\/interpim.erresse-shop.it\/Import\/Prodotti\/le-creuset-wok-con-coperchio-in-vetro-36-cm-ciliegia.png?ssl=1\",\"datePublished\":\"2026-04-10T06:54:20+00:00\",\"description\":\"Un wok polyvalent con\u00e7u dans la fonte \u00e9maill\u00e9e embl\u00e9matique Le Creuset, avec un couvercle en acier. Cet accessoire essentiel est id\u00e9al pour cuisiner\",\"breadcrumb\":{\"@id\":\"https:\/\/dev6.erresse-shop.it\/fr\/shop\/poeles-pots\/wok\/le-creuset-wok-en-fonte-emaillee-avec-couvercle-en-verre-36-cm-cerise\/#breadcrumb\"},\"inLanguage\":\"fr-FR\",\"potentialAction\":[{\"@type\":\"ReadAction\",\"target\":[\"https:\/\/dev6.erresse-shop.it\/fr\/shop\/poeles-pots\/wok\/le-creuset-wok-en-fonte-emaillee-avec-couvercle-en-verre-36-cm-cerise\/\"]}]},{\"@type\":\"ImageObject\",\"inLanguage\":\"fr-FR\",\"@id\":\"https:\/\/dev6.erresse-shop.it\/fr\/shop\/poeles-pots\/wok\/le-creuset-wok-en-fonte-emaillee-avec-couvercle-en-verre-36-cm-cerise\/#primaryimage\",\"url\":\"https:\/\/i0.wp.com\/interpim.erresse-shop.it\/Import\/Prodotti\/le-creuset-wok-con-coperchio-in-vetro-36-cm-ciliegia.png?ssl=1\",\"contentUrl\":\"https:\/\/i0.wp.com\/interpim.erresse-shop.it\/Import\/Prodotti\/le-creuset-wok-con-coperchio-in-vetro-36-cm-ciliegia.png?ssl=1\"},{\"@type\":\"BreadcrumbList\",\"@id\":\"https:\/\/dev6.erresse-shop.it\/fr\/shop\/poeles-pots\/wok\/le-creuset-wok-en-fonte-emaillee-avec-couvercle-en-verre-36-cm-cerise\/#breadcrumb\",\"itemListElement\":[{\"@type\":\"ListItem\",\"position\":1,\"name\":\"Home\",\"item\":\"https:\/\/dev6.erresse-shop.it\/\"},{\"@type\":\"ListItem\",\"position\":2,\"name\":\"Boutique\",\"item\":\"https:\/\/dev6.erresse-shop.it\/shop\/\"},{\"@type\":\"ListItem\",\"position\":3,\"name\":\"LE CREUSET Wok en fonte \u00e9maill\u00e9e avec couvercle en verre 36 cm Cerise\"}]},{\"@type\":\"WebSite\",\"@id\":\"https:\/\/dev6.erresse-shop.it\/#website\",\"url\":\"https:\/\/dev6.erresse-shop.it\/\",\"name\":\"Erresse Shop\",\"description\":\"\",\"publisher\":{\"@id\":\"https:\/\/dev6.erresse-shop.it\/#organization\"},\"potentialAction\":[{\"@type\":\"SearchAction\",\"target\":{\"@type\":\"EntryPoint\",\"urlTemplate\":\"https:\/\/dev6.erresse-shop.it\/?s={search_term_string}\"},\"query-input\":{\"@type\":\"PropertyValueSpecification\",\"valueRequired\":true,\"valueName\":\"search_term_string\"}}],\"inLanguage\":\"fr-FR\"},{\"@type\":\"Organization\",\"@id\":\"https:\/\/dev6.erresse-shop.it\/#organization\",\"name\":\"Erresse Shop\",\"url\":\"https:\/\/dev6.erresse-shop.it\/\",\"logo\":{\"@type\":\"ImageObject\",\"inLanguage\":\"fr-FR\",\"@id\":\"https:\/\/dev6.erresse-shop.it\/#\/schema\/logo\/image\/\",\"url\":\"https:\/\/dev6.erresse-shop.it\/wp-content\/uploads\/2025\/01\/LOGO-ERRESSE-CLASSICO.svg\",\"contentUrl\":\"https:\/\/dev6.erresse-shop.it\/wp-content\/uploads\/2025\/01\/LOGO-ERRESSE-CLASSICO.svg\",\"caption\":\"Erresse Shop\"},\"image\":{\"@id\":\"https:\/\/dev6.erresse-shop.it\/#\/schema\/logo\/image\/\"}}]}<\/script>\n<!-- \/ Yoast SEO plugin. -->","yoast_head_json":{"title":"LE CREUSET Wok en fonte \u00e9maill\u00e9e avec couvercle en verre 36 cm Cerise - dev6 Erresse","description":"Un wok polyvalent con\u00e7u dans la fonte \u00e9maill\u00e9e embl\u00e9matique Le Creuset, avec un couvercle en acier. Cet accessoire essentiel est id\u00e9al pour cuisiner","robots":{"index":"noindex","follow":"follow","max-snippet":"max-snippet:-1","max-image-preview":"max-image-preview:large","max-video-preview":"max-video-preview:-1"},"og_locale":"fr_FR","og_type":"article","og_title":"LE CREUSET Wok en fonte \u00e9maill\u00e9e avec couvercle en verre 36 cm Cerise - dev6 Erresse","og_description":"Un wok polyvalent con\u00e7u dans la fonte \u00e9maill\u00e9e embl\u00e9matique Le Creuset, avec un couvercle en acier. Cet accessoire essentiel est id\u00e9al pour cuisiner","og_url":"https:\/\/dev6.erresse-shop.it\/fr\/shop\/poeles-pots\/wok\/le-creuset-wok-en-fonte-emaillee-avec-couvercle-en-verre-36-cm-cerise\/","og_site_name":"dev6 Erresse","og_image":[{"url":"https:\/\/interpim.erresse-shop.it\/Import\/Prodotti\/le-creuset-wok-con-coperchio-in-vetro-36-cm-ciliegia.png","type":"","width":"","height":""},{"url":"https:\/\/interpim.erresse-shop.it\/Import\/Prodotti\/le-creuset-wok-con-coperchio-in-vetro-36-cm-ciliegia.png","width":1024,"height":1024,"type":"image\/jpeg"}],"twitter_card":"summary_large_image","twitter_image":"https:\/\/interpim.erresse-shop.it\/Import\/Prodotti\/le-creuset-wok-con-coperchio-in-vetro-36-cm-ciliegia.png","schema":{"@context":"https:\/\/schema.org","@graph":[{"@type":"WebPage","@id":"https:\/\/dev6.erresse-shop.it\/fr\/shop\/poeles-pots\/wok\/le-creuset-wok-en-fonte-emaillee-avec-couvercle-en-verre-36-cm-cerise\/","url":"https:\/\/dev6.erresse-shop.it\/fr\/shop\/poeles-pots\/wok\/le-creuset-wok-en-fonte-emaillee-avec-couvercle-en-verre-36-cm-cerise\/","name":"LE CREUSET Wok en fonte \u00e9maill\u00e9e avec couvercle en verre 36 cm Cerise - dev6 Erresse","isPartOf":{"@id":"https:\/\/dev6.erresse-shop.it\/#website"},"primaryImageOfPage":{"@id":"https:\/\/dev6.erresse-shop.it\/fr\/shop\/poeles-pots\/wok\/le-creuset-wok-en-fonte-emaillee-avec-couvercle-en-verre-36-cm-cerise\/#primaryimage"},"image":{"@id":"https:\/\/dev6.erresse-shop.it\/fr\/shop\/poeles-pots\/wok\/le-creuset-wok-en-fonte-emaillee-avec-couvercle-en-verre-36-cm-cerise\/#primaryimage"},"thumbnailUrl":"https:\/\/i0.wp.com\/interpim.erresse-shop.it\/Import\/Prodotti\/le-creuset-wok-con-coperchio-in-vetro-36-cm-ciliegia.png?ssl=1","datePublished":"2026-04-10T06:54:20+00:00","description":"Un wok polyvalent con\u00e7u dans la fonte \u00e9maill\u00e9e embl\u00e9matique Le Creuset, avec un couvercle en acier. Cet accessoire essentiel est id\u00e9al pour cuisiner","breadcrumb":{"@id":"https:\/\/dev6.erresse-shop.it\/fr\/shop\/poeles-pots\/wok\/le-creuset-wok-en-fonte-emaillee-avec-couvercle-en-verre-36-cm-cerise\/#breadcrumb"},"inLanguage":"fr-FR","potentialAction":[{"@type":"ReadAction","target":["https:\/\/dev6.erresse-shop.it\/fr\/shop\/poeles-pots\/wok\/le-creuset-wok-en-fonte-emaillee-avec-couvercle-en-verre-36-cm-cerise\/"]}]},{"@type":"ImageObject","inLanguage":"fr-FR","@id":"https:\/\/dev6.erresse-shop.it\/fr\/shop\/poeles-pots\/wok\/le-creuset-wok-en-fonte-emaillee-avec-couvercle-en-verre-36-cm-cerise\/#primaryimage","url":"https:\/\/i0.wp.com\/interpim.erresse-shop.it\/Import\/Prodotti\/le-creuset-wok-con-coperchio-in-vetro-36-cm-ciliegia.png?ssl=1","contentUrl":"https:\/\/i0.wp.com\/interpim.erresse-shop.it\/Import\/Prodotti\/le-creuset-wok-con-coperchio-in-vetro-36-cm-ciliegia.png?ssl=1"},{"@type":"BreadcrumbList","@id":"https:\/\/dev6.erresse-shop.it\/fr\/shop\/poeles-pots\/wok\/le-creuset-wok-en-fonte-emaillee-avec-couvercle-en-verre-36-cm-cerise\/#breadcrumb","itemListElement":[{"@type":"ListItem","position":1,"name":"Home","item":"https:\/\/dev6.erresse-shop.it\/"},{"@type":"ListItem","position":2,"name":"Boutique","item":"https:\/\/dev6.erresse-shop.it\/shop\/"},{"@type":"ListItem","position":3,"name":"LE CREUSET Wok en fonte \u00e9maill\u00e9e avec couvercle en verre 36 cm Cerise"}]},{"@type":"WebSite","@id":"https:\/\/dev6.erresse-shop.it\/#website","url":"https:\/\/dev6.erresse-shop.it\/","name":"Erresse Shop","description":"","publisher":{"@id":"https:\/\/dev6.erresse-shop.it\/#organization"},"potentialAction":[{"@type":"SearchAction","target":{"@type":"EntryPoint","urlTemplate":"https:\/\/dev6.erresse-shop.it\/?s={search_term_string}"},"query-input":{"@type":"PropertyValueSpecification","valueRequired":true,"valueName":"search_term_string"}}],"inLanguage":"fr-FR"},{"@type":"Organization","@id":"https:\/\/dev6.erresse-shop.it\/#organization","name":"Erresse Shop","url":"https:\/\/dev6.erresse-shop.it\/","logo":{"@type":"ImageObject","inLanguage":"fr-FR","@id":"https:\/\/dev6.erresse-shop.it\/#\/schema\/logo\/image\/","url":"https:\/\/dev6.erresse-shop.it\/wp-content\/uploads\/2025\/01\/LOGO-ERRESSE-CLASSICO.svg","contentUrl":"https:\/\/dev6.erresse-shop.it\/wp-content\/uploads\/2025\/01\/LOGO-ERRESSE-CLASSICO.svg","caption":"Erresse Shop"},"image":{"@id":"https:\/\/dev6.erresse-shop.it\/#\/schema\/logo\/image\/"}}]}},"df_price":219.95,"df_sale_price":219.95,"df_regular_price":309,"df_image_link":"https:\/\/i0.wp.com\/interpim.erresse-shop.it\/Import\/Prodotti\/le-creuset-wok-con-coperchio-in-vetro-36-cm-ciliegia.png?resize=300,300&ssl=1","fifu_image_url":"https:\/\/interpim.erresse-shop.it\/Import\/Prodotti\/le-creuset-wok-con-coperchio-in-vetro-36-cm-ciliegia.png","_links":{"self":[{"href":"https:\/\/dev6.erresse-shop.it\/fr\/wp-json\/wp\/v2\/product\/57811","targetHints":{"allow":["GET"]}}],"collection":[{"href":"https:\/\/dev6.erresse-shop.it\/fr\/wp-json\/wp\/v2\/product"}],"about":[{"href":"https:\/\/dev6.erresse-shop.it\/fr\/wp-json\/wp\/v2\/types\/product"}],"wp:featuredmedia":[{"embeddable":true,"href":"https:\/\/dev6.erresse-shop.it\/fr\/wp-json\/wp\/v2\/media\/6303195"}],"wp:attachment":[{"href":"https:\/\/dev6.erresse-shop.it\/fr\/wp-json\/wp\/v2\/media?parent=57811"}],"wp:term":[{"taxonomy":"product_cat","embeddable":true,"href":"https:\/\/dev6.erresse-shop.it\/fr\/wp-json\/wp\/v2\/product_cat?post=57811"},{"taxonomy":"product_tag","embeddable":true,"href":"https:\/\/dev6.erresse-shop.it\/fr\/wp-json\/wp\/v2\/product_tag?post=57811"}],"curies":[{"name":"wp","href":"https:\/\/api.w.org\/{rel}","templated":true}]}}